{"id":13696,"date":"2023-01-05T14:18:42","date_gmt":"2023-01-05T14:18:42","guid":{"rendered":"https:\/\/www.novotek.ch\/?page_id=13696"},"modified":"2025-12-17T14:55:40","modified_gmt":"2025-12-17T14:55:40","slug":"ueber-uns","status":"publish","type":"page","link":"https:\/\/www.novotek.com\/at\/ueber-uns\/","title":{"rendered":"\u00dcber uns"},"content":{"rendered":"  <div class=\"hero\">\n    <div class=\"carousel hero-slider small\" data-flickity data-flickity-options='{\"prevNextButtons\": false}'>\n              <div class=\"carousel-cell\">\n          <div class=\"container\">\n            <div class=\"hero-content\">\n                              <h1>\u00dcber uns<\/h1>\n<p>Novotek Austria ist ein spezialisiertes Unternehmen f\u00fcr fortschrittliche industrielle Digitalisierungs- und Automatisierungsl\u00f6sungen. Seit 1995 unterst\u00fctzen wir erfolgreich Produzenten und Maschinenbauer mit erstklassigen und innovativen Hard- und Softwarel\u00f6sungen sowie Dienstleistungen.<\/p>\n              \n                          <\/div>\n          <\/div>\n\n          <img decoding=\"async\" width=\"1024\" height=\"320\" src=\"https:\/\/www.novotek.com\/at\/wp-content\/uploads\/sites\/13\/Careers_Novotek_1920x600-1024x320.jpg.webp\" class=\"hero-bg\" alt=\"Hero Img\" fetchpriority=\"high\" srcset=\"https:\/\/www.novotek.com\/at\/wp-content\/uploads\/sites\/13\/Careers_Novotek_1920x600-1024x320.jpg.webp 1024w, https:\/\/www.novotek.com\/at\/wp-content\/uploads\/sites\/13\/Careers_Novotek_1920x600-300x94.jpg.webp 300w, https:\/\/www.novotek.com\/at\/wp-content\/uploads\/sites\/13\/Careers_Novotek_1920x600-768x240.jpg.webp 768w, https:\/\/www.novotek.com\/at\/wp-content\/uploads\/sites\/13\/Careers_Novotek_1920x600-1536x480.jpg.webp 1536w, https:\/\/www.novotek.com\/at\/wp-content\/uploads\/sites\/13\/Careers_Novotek_1920x600.jpg.webp 1920w\" sizes=\"(max-width: 1024px) 100vw, 1024px\" \/>                  <\/div>\n          <\/div>\n\n      <\/div>\n\n   \n\n\n<div class=\"container-md spacer  \">\n<div style=\"height:30px\" aria-hidden=\"true\" class=\"wp-block-spacer\"><\/div>\n<\/div>\n\n<div class=\"posts-columns \">\n  <div class=\"container\">\n  <div class=\"row\">\n    <div class=\"col-12 col-md-4\">\n<article class=\"basic \">\n    <div class=\"image\">\n      <a href=\"https:\/\/www.novotek.com\/at\/novotek-austria\/\">\n                  <img loading=\"lazy\" decoding=\"async\" width=\"392\" height=\"281\" src=\"https:\/\/www.novotek.com\/at\/wp-content\/uploads\/sites\/13\/Ueber-uns.jpg.webp\" class=\"attachment-post-thumbnail size-post-thumbnail wp-post-image\" alt=\"\" srcset=\"https:\/\/www.novotek.com\/at\/wp-content\/uploads\/sites\/13\/Ueber-uns.jpg.webp 392w, https:\/\/www.novotek.com\/at\/wp-content\/uploads\/sites\/13\/Ueber-uns-300x215.jpg.webp 300w, https:\/\/www.novotek.com\/at\/wp-content\/uploads\/sites\/13\/Ueber-uns-86x62.jpg.webp 86w, https:\/\/www.novotek.com\/at\/wp-content\/uploads\/sites\/13\/Ueber-uns-306x219.jpg.webp 306w\" sizes=\"auto, (max-width: 392px) 100vw, 392px\" \/>              <\/a>\n    <\/div>\n\n    <div>\n              <h4>Novotek Austria<\/h4>\n      \n              <p>Unser Antrieb ist es, unseren Kunden dabei zu helfen, innovative Produkte und L\u00f6sungen einzusetzen, um ihre industriellen Prozesse zu verbinden, zu digitalisieren und zu optimieren.<\/p>\n      \n      <div>\n        <a href=\"https:\/\/www.novotek.com\/at\/novotek-austria\/\">\n          Weiterlesen        <\/a>\n      <\/div>\n    <\/div>\n<\/article>\n<\/div><div class=\"col-12 col-md-4\">\n<article class=\"basic \">\n    <div class=\"image\">\n      <a href=\"https:\/\/www.novotek.com\/at\/?page_id=2856\">\n                  <img loading=\"lazy\" decoding=\"async\" width=\"1921\" height=\"721\" src=\"https:\/\/www.novotek.com\/at\/wp-content\/uploads\/sites\/13\/2021\/Novotek_UK\/About_Novotek\/novotek-news-header-duplex-cyan.jpg.webp\" class=\"attachment-post-thumbnail size-post-thumbnail wp-post-image\" alt=\"Novotek NEWS\" srcset=\"https:\/\/www.novotek.com\/at\/wp-content\/uploads\/sites\/13\/2021\/Novotek_UK\/About_Novotek\/novotek-news-header-duplex-cyan.jpg.webp 1921w, https:\/\/www.novotek.com\/at\/wp-content\/uploads\/sites\/13\/2021\/Novotek_UK\/About_Novotek\/novotek-news-header-duplex-cyan-300x113.jpg.webp 300w, https:\/\/www.novotek.com\/at\/wp-content\/uploads\/sites\/13\/2021\/Novotek_UK\/About_Novotek\/novotek-news-header-duplex-cyan-1024x384.jpg.webp 1024w, https:\/\/www.novotek.com\/at\/wp-content\/uploads\/sites\/13\/2021\/Novotek_UK\/About_Novotek\/novotek-news-header-duplex-cyan-768x288.jpg.webp 768w, https:\/\/www.novotek.com\/at\/wp-content\/uploads\/sites\/13\/2021\/Novotek_UK\/About_Novotek\/novotek-news-header-duplex-cyan-1536x576.jpg.webp 1536w\" sizes=\"auto, (max-width: 1921px) 100vw, 1921px\" \/>              <\/a>\n    <\/div>\n\n    <div>\n              <h4>News<\/h4>\n      \n              <p>Bleiben Sie informiert und erfahren Sie in unseren News mehr \u00fcber Produktaktualisierungen, anstehende Veranstaltungen und Ereignisse.<\/p>\n      \n      <div>\n        <a href=\"https:\/\/www.novotek.com\/at\/?page_id=2856\">\n          Weiterlesen        <\/a>\n      <\/div>\n    <\/div>\n<\/article>\n<\/div><div class=\"col-12 col-md-4\">\n<article class=\"basic \">\n    <div class=\"image\">\n      <a href=\"https:\/\/www.novotek.com\/at\/novotek-austria\/unsere-partner\/\">\n                  <img loading=\"lazy\" decoding=\"async\" width=\"1920\" height=\"800\" src=\"https:\/\/www.novotek.com\/at\/wp-content\/uploads\/sites\/13\/novotek-partner-lieferanten.jpg.webp\" class=\"attachment-post-thumbnail size-post-thumbnail wp-post-image\" alt=\"\" srcset=\"https:\/\/www.novotek.com\/at\/wp-content\/uploads\/sites\/13\/novotek-partner-lieferanten.jpg.webp 1920w, https:\/\/www.novotek.com\/at\/wp-content\/uploads\/sites\/13\/novotek-partner-lieferanten-300x125.jpg.webp 300w, https:\/\/www.novotek.com\/at\/wp-content\/uploads\/sites\/13\/novotek-partner-lieferanten-1024x427.jpg.webp 1024w, https:\/\/www.novotek.com\/at\/wp-content\/uploads\/sites\/13\/novotek-partner-lieferanten-768x320.jpg.webp 768w, https:\/\/www.novotek.com\/at\/wp-content\/uploads\/sites\/13\/novotek-partner-lieferanten-1536x640.jpg.webp 1536w\" sizes=\"auto, (max-width: 1920px) 100vw, 1920px\" \/>              <\/a>\n    <\/div>\n\n    <div>\n              <h4>Unsere Partner<\/h4>\n      \n              <p>Gemeinsam mit unseren Partnern liefern wir industrielle L\u00f6sungen auf der Grundlage von Standardprodukten und -komponenten, mit denen wir den Herausforderungen des Marktes begegnen.<\/p>\n      \n      <div>\n        <a href=\"https:\/\/www.novotek.com\/at\/novotek-austria\/unsere-partner\/\">\n          Weiterlesen        <\/a>\n      <\/div>\n    <\/div>\n<\/article>\n<\/div><div class=\"col-12 col-md-4\">\n<article class=\"basic \">\n    <div class=\"image\">\n      <a href=\"https:\/\/www.novotek.com\/at\/novotek-austria\/arbeite-mit-uns\/\">\n                  <img loading=\"lazy\" decoding=\"async\" width=\"392\" height=\"261\" src=\"https:\/\/www.novotek.com\/at\/wp-content\/uploads\/sites\/13\/Offene-Stellen.jpg.webp\" class=\"attachment-post-thumbnail size-post-thumbnail wp-post-image\" alt=\"\" srcset=\"https:\/\/www.novotek.com\/at\/wp-content\/uploads\/sites\/13\/Offene-Stellen.jpg.webp 392w, https:\/\/www.novotek.com\/at\/wp-content\/uploads\/sites\/13\/Offene-Stellen-300x200.jpg.webp 300w, https:\/\/www.novotek.com\/at\/wp-content\/uploads\/sites\/13\/Offene-Stellen-86x57.jpg.webp 86w, https:\/\/www.novotek.com\/at\/wp-content\/uploads\/sites\/13\/Offene-Stellen-306x204.jpg.webp 306w\" sizes=\"auto, (max-width: 392px) 100vw, 392px\" \/>              <\/a>\n    <\/div>\n\n    <div>\n              <h4>Arbeite bei uns<\/h4>\n      \n              <p>Das Engagement und die Loyalit\u00e4t unserer Mitarbeiter sind f\u00fcr die Novotek seit jeher von zentraler Bedeutung und eine Voraussetzung f\u00fcr unseren Erfolg.\u00a0<\/p>\n      \n      <div>\n        <a href=\"https:\/\/www.novotek.com\/at\/novotek-austria\/arbeite-mit-uns\/\">\n          Weiterlesen        <\/a>\n      <\/div>\n    <\/div>\n<\/article>\n<\/div><div class=\"col-12 col-md-4\">\n<article class=\"basic \">\n    <div class=\"image\">\n      <a href=\"https:\/\/www.novotek.com\/at\/kontakt\/\">\n                  <img loading=\"lazy\" decoding=\"async\" width=\"1920\" height=\"800\" src=\"https:\/\/www.novotek.com\/at\/wp-content\/uploads\/sites\/13\/Kontakt_oss_office_1920x800.jpg.webp\" class=\"attachment-post-thumbnail size-post-thumbnail wp-post-image\" alt=\"\" srcset=\"https:\/\/www.novotek.com\/at\/wp-content\/uploads\/sites\/13\/Kontakt_oss_office_1920x800.jpg.webp 1920w, https:\/\/www.novotek.com\/at\/wp-content\/uploads\/sites\/13\/Kontakt_oss_office_1920x800-300x125.jpg.webp 300w, https:\/\/www.novotek.com\/at\/wp-content\/uploads\/sites\/13\/Kontakt_oss_office_1920x800-1024x427.jpg.webp 1024w, https:\/\/www.novotek.com\/at\/wp-content\/uploads\/sites\/13\/Kontakt_oss_office_1920x800-768x320.jpg.webp 768w, https:\/\/www.novotek.com\/at\/wp-content\/uploads\/sites\/13\/Kontakt_oss_office_1920x800-1536x640.jpg.webp 1536w\" sizes=\"auto, (max-width: 1920px) 100vw, 1920px\" \/>              <\/a>\n    <\/div>\n\n    <div>\n              <h4>Kontaktieren Sie uns<\/h4>\n      \n              <p>Wir k\u00fcmmern uns um Ihr Anliegen! Unsere Vertriebsmitarbeiter und Techniker sind Spezialisten f\u00fcr industrielle L\u00f6sungen und stehen Ihnen zur Seite, wenn es um die Optimierung Ihrer Produktion geht.<\/p>\n      \n      <div>\n        <a href=\"https:\/\/www.novotek.com\/at\/kontakt\/\">\n          Weiterlesen        <\/a>\n      <\/div>\n    <\/div>\n<\/article>\n<\/div>  <\/div>\n\n  <\/div><\/div>\n","protected":false},"excerpt":{"rendered":"<p>Novotek ist ein Unternehmen f\u00fcr fortschrittliche industrielle IT- und Automatisierungsl\u00f6sungen, das seit mehr als 35 Jahren erstklassige Hardware und Software f\u00fcr eine Reihe von Fertigungs-, Prozess- und Produktionssektoren anbietet.<\/p>\n","protected":false},"author":35,"featured_media":13909,"parent":0,"menu_order":6,"comment_status":"closed","ping_status":"closed","template":"","meta":{"_acf_changed":false,"_relevanssi_hide_post":"","_relevanssi_pin_for_all":"","_relevanssi_pin_keywords":"","_relevanssi_unpin_keywords":"","_relevanssi_related_keywords":"","_relevanssi_related_include_ids":"","_relevanssi_related_exclude_ids":"","_relevanssi_related_no_append":"","_relevanssi_related_not_related":"","_relevanssi_related_posts":"3195,3220,3208,3208,3200,3195","_relevanssi_noindex_reason":"","footnotes":""},"class_list":["post-13696","page","type-page","status-publish","has-post-thumbnail","hentry"],"acf":[],"yoast_head":"<!-- This site is optimized with the Yoast SEO plugin v27.4 - https:\/\/yoast.com\/product\/yoast-seo-wordpress\/ -->\n<title>Novotek Austria GmbH<\/title>\n<meta name=\"description\" content=\"Novotek steht f\u00fcr fortschrittliche industrielle IT- und Automatisierungsl\u00f6sungen - wir bieten sowohl Hard- wie auch Software.\" \/>\n<meta name=\"robots\" content=\"index, follow, max-snippet:-1, max-image-preview:large, max-video-preview:-1\" \/>\n<link rel=\"canonical\" href=\"https:\/\/www.novotek.com\/at\/ueber-uns\/\" \/>\n<meta property=\"og:locale\" content=\"de_DE\" \/>\n<meta property=\"og:type\" content=\"article\" \/>\n<meta property=\"og:title\" content=\"Novotek Austria GmbH\" \/>\n<meta property=\"og:description\" content=\"Novotek steht f\u00fcr fortschrittliche industrielle IT- und Automatisierungsl\u00f6sungen - wir bieten sowohl Hard- wie auch Software.\" \/>\n<meta property=\"og:url\" content=\"https:\/\/www.novotek.com\/at\/ueber-uns\/\" \/>\n<meta property=\"og:site_name\" content=\"Novotek Austria\" \/>\n<meta property=\"article:modified_time\" content=\"2025-12-17T14:55:40+00:00\" \/>\n<meta property=\"og:image\" content=\"https:\/\/www.novotek.com\/at\/wp-content\/uploads\/sites\/13\/Careers_Novotek_1920x600.jpg.webp\" \/>\n\t<meta property=\"og:image:width\" content=\"1920\" \/>\n\t<meta property=\"og:image:height\" content=\"600\" \/>\n\t<meta property=\"og:image:type\" content=\"image\/jpeg\" \/>\n<meta name=\"twitter:card\" content=\"summary_large_image\" \/>\n<meta name=\"twitter:label1\" content=\"Gesch\u00e4tzte Lesezeit\" \/>\n\t<meta name=\"twitter:data1\" content=\"1\u00a0Minute\" \/>\n<script type=\"application\/ld+json\" class=\"yoast-schema-graph\">{\"@context\":\"https:\\\/\\\/schema.org\",\"@graph\":[{\"@type\":\"WebPage\",\"@id\":\"https:\\\/\\\/www.novotek.com\\\/at\\\/ueber-uns\\\/\",\"url\":\"https:\\\/\\\/www.novotek.com\\\/at\\\/ueber-uns\\\/\",\"name\":\"Novotek Austria GmbH\",\"isPartOf\":{\"@id\":\"https:\\\/\\\/www.novotek.com\\\/at\\\/#website\"},\"primaryImageOfPage\":{\"@id\":\"https:\\\/\\\/www.novotek.com\\\/at\\\/ueber-uns\\\/#primaryimage\"},\"image\":{\"@id\":\"https:\\\/\\\/www.novotek.com\\\/at\\\/ueber-uns\\\/#primaryimage\"},\"thumbnailUrl\":\"https:\\\/\\\/www.novotek.com\\\/at\\\/wp-content\\\/uploads\\\/sites\\\/13\\\/Careers_Novotek_1920x600.jpg.webp\",\"datePublished\":\"2023-01-05T14:18:42+00:00\",\"dateModified\":\"2025-12-17T14:55:40+00:00\",\"description\":\"Novotek steht f\u00fcr fortschrittliche industrielle IT- und Automatisierungsl\u00f6sungen - wir bieten sowohl Hard- wie auch Software.\",\"breadcrumb\":{\"@id\":\"https:\\\/\\\/www.novotek.com\\\/at\\\/ueber-uns\\\/#breadcrumb\"},\"inLanguage\":\"de-CH\",\"potentialAction\":[{\"@type\":\"ReadAction\",\"target\":[\"https:\\\/\\\/www.novotek.com\\\/at\\\/ueber-uns\\\/\"]}]},{\"@type\":\"ImageObject\",\"inLanguage\":\"de-CH\",\"@id\":\"https:\\\/\\\/www.novotek.com\\\/at\\\/ueber-uns\\\/#primaryimage\",\"url\":\"https:\\\/\\\/www.novotek.com\\\/at\\\/wp-content\\\/uploads\\\/sites\\\/13\\\/Careers_Novotek_1920x600.jpg.webp\",\"contentUrl\":\"https:\\\/\\\/www.novotek.com\\\/at\\\/wp-content\\\/uploads\\\/sites\\\/13\\\/Careers_Novotek_1920x600.jpg.webp\",\"width\":1920,\"height\":600},{\"@type\":\"BreadcrumbList\",\"@id\":\"https:\\\/\\\/www.novotek.com\\\/at\\\/ueber-uns\\\/#breadcrumb\",\"itemListElement\":[{\"@type\":\"ListItem\",\"position\":1,\"name\":\"Home\",\"item\":\"https:\\\/\\\/www.novotek.com\\\/at\\\/\"},{\"@type\":\"ListItem\",\"position\":2,\"name\":\"\u00dcber uns\"}]},{\"@type\":\"WebSite\",\"@id\":\"https:\\\/\\\/www.novotek.com\\\/at\\\/#website\",\"url\":\"https:\\\/\\\/www.novotek.com\\\/at\\\/\",\"name\":\"Novotek Switzerland\",\"description\":\"Connect - Digitalize - Optimize\",\"potentialAction\":[{\"@type\":\"SearchAction\",\"target\":{\"@type\":\"EntryPoint\",\"urlTemplate\":\"https:\\\/\\\/www.novotek.com\\\/at\\\/?s={search_term_string}\"},\"query-input\":{\"@type\":\"PropertyValueSpecification\",\"valueRequired\":true,\"valueName\":\"search_term_string\"}}],\"inLanguage\":\"de-CH\"}]}<\/script>\n<!-- \/ Yoast SEO plugin. -->","yoast_head_json":{"title":"Novotek Austria GmbH","description":"Novotek steht f\u00fcr fortschrittliche industrielle IT- und Automatisierungsl\u00f6sungen - wir bieten sowohl Hard- wie auch Software.","robots":{"index":"index","follow":"follow","max-snippet":"max-snippet:-1","max-image-preview":"max-image-preview:large","max-video-preview":"max-video-preview:-1"},"canonical":"https:\/\/www.novotek.com\/at\/ueber-uns\/","og_locale":"de_DE","og_type":"article","og_title":"Novotek Austria GmbH","og_description":"Novotek steht f\u00fcr fortschrittliche industrielle IT- und Automatisierungsl\u00f6sungen - wir bieten sowohl Hard- wie auch Software.","og_url":"https:\/\/www.novotek.com\/at\/ueber-uns\/","og_site_name":"Novotek Austria","article_modified_time":"2025-12-17T14:55:40+00:00","og_image":[{"width":1920,"height":600,"url":"https:\/\/www.novotek.com\/at\/wp-content\/uploads\/sites\/13\/Careers_Novotek_1920x600.jpg.webp","type":"image\/jpeg"}],"twitter_card":"summary_large_image","twitter_misc":{"Gesch\u00e4tzte Lesezeit":"1\u00a0Minute"},"schema":{"@context":"https:\/\/schema.org","@graph":[{"@type":"WebPage","@id":"https:\/\/www.novotek.com\/at\/ueber-uns\/","url":"https:\/\/www.novotek.com\/at\/ueber-uns\/","name":"Novotek Austria GmbH","isPartOf":{"@id":"https:\/\/www.novotek.com\/at\/#website"},"primaryImageOfPage":{"@id":"https:\/\/www.novotek.com\/at\/ueber-uns\/#primaryimage"},"image":{"@id":"https:\/\/www.novotek.com\/at\/ueber-uns\/#primaryimage"},"thumbnailUrl":"https:\/\/www.novotek.com\/at\/wp-content\/uploads\/sites\/13\/Careers_Novotek_1920x600.jpg.webp","datePublished":"2023-01-05T14:18:42+00:00","dateModified":"2025-12-17T14:55:40+00:00","description":"Novotek steht f\u00fcr fortschrittliche industrielle IT- und Automatisierungsl\u00f6sungen - wir bieten sowohl Hard- wie auch Software.","breadcrumb":{"@id":"https:\/\/www.novotek.com\/at\/ueber-uns\/#breadcrumb"},"inLanguage":"de-CH","potentialAction":[{"@type":"ReadAction","target":["https:\/\/www.novotek.com\/at\/ueber-uns\/"]}]},{"@type":"ImageObject","inLanguage":"de-CH","@id":"https:\/\/www.novotek.com\/at\/ueber-uns\/#primaryimage","url":"https:\/\/www.novotek.com\/at\/wp-content\/uploads\/sites\/13\/Careers_Novotek_1920x600.jpg.webp","contentUrl":"https:\/\/www.novotek.com\/at\/wp-content\/uploads\/sites\/13\/Careers_Novotek_1920x600.jpg.webp","width":1920,"height":600},{"@type":"BreadcrumbList","@id":"https:\/\/www.novotek.com\/at\/ueber-uns\/#breadcrumb","itemListElement":[{"@type":"ListItem","position":1,"name":"Home","item":"https:\/\/www.novotek.com\/at\/"},{"@type":"ListItem","position":2,"name":"\u00dcber uns"}]},{"@type":"WebSite","@id":"https:\/\/www.novotek.com\/at\/#website","url":"https:\/\/www.novotek.com\/at\/","name":"Novotek Switzerland","description":"Connect - Digitalize - Optimize","potentialAction":[{"@type":"SearchAction","target":{"@type":"EntryPoint","urlTemplate":"https:\/\/www.novotek.com\/at\/?s={search_term_string}"},"query-input":{"@type":"PropertyValueSpecification","valueRequired":true,"valueName":"search_term_string"}}],"inLanguage":"de-CH"}]}},"_links":{"self":[{"href":"https:\/\/www.novotek.com\/at\/wp-json\/wp\/v2\/pages\/13696","targetHints":{"allow":["GET"]}}],"collection":[{"href":"https:\/\/www.novotek.com\/at\/wp-json\/wp\/v2\/pages"}],"about":[{"href":"https:\/\/www.novotek.com\/at\/wp-json\/wp\/v2\/types\/page"}],"author":[{"embeddable":true,"href":"https:\/\/www.novotek.com\/at\/wp-json\/wp\/v2\/users\/35"}],"replies":[{"embeddable":true,"href":"https:\/\/www.novotek.com\/at\/wp-json\/wp\/v2\/comments?post=13696"}],"version-history":[{"count":36,"href":"https:\/\/www.novotek.com\/at\/wp-json\/wp\/v2\/pages\/13696\/revisions"}],"predecessor-version":[{"id":27323,"href":"https:\/\/www.novotek.com\/at\/wp-json\/wp\/v2\/pages\/13696\/revisions\/27323"}],"wp:featuredmedia":[{"embeddable":true,"href":"https:\/\/www.novotek.com\/at\/wp-json\/wp\/v2\/media\/13909"}],"wp:attachment":[{"href":"https:\/\/www.novotek.com\/at\/wp-json\/wp\/v2\/media?parent=13696"}],"curies":[{"name":"wp","href":"https:\/\/api.w.org\/{rel}","templated":true}]}}