{"id":13791,"date":"2023-01-06T14:20:17","date_gmt":"2023-01-06T14:20:17","guid":{"rendered":"https:\/\/www.novotek.ch\/?page_id=13791"},"modified":"2025-10-02T09:36:40","modified_gmt":"2025-10-02T09:36:40","slug":"arbeite-mit-uns","status":"publish","type":"page","link":"https:\/\/www.novotek.com\/at\/novotek-austria\/arbeite-mit-uns\/","title":{"rendered":"Arbeite bei uns"},"content":{"rendered":"  <div class=\"hero\">\n    <div class=\"carousel hero-slider small\" data-flickity data-flickity-options='{\"prevNextButtons\": false}'>\n              <div class=\"carousel-cell\">\n          <div class=\"container\">\n            <div class=\"hero-content\">\n                              <h1>Arbeite bei uns<\/h1>\n<p>Erfahre die faszinierende Welt der Digitalisierung und Industrie 4.0 hautnah im t\u00e4glichen Austausch mit unseren Kunden und hilf mit, industrielle Betriebe effizienter zu machen.<\/p>\n              \n                          <\/div>\n          <\/div>\n\n          <img decoding=\"async\" width=\"1024\" height=\"427\" src=\"https:\/\/www.novotek.com\/at\/wp-content\/uploads\/sites\/13\/Banner-Offene-Stellen-1024x427.jpg.webp\" class=\"hero-bg\" alt=\"Hero Img\" fetchpriority=\"high\" srcset=\"https:\/\/www.novotek.com\/at\/wp-content\/uploads\/sites\/13\/Banner-Offene-Stellen-1024x427.jpg.webp 1024w, https:\/\/www.novotek.com\/at\/wp-content\/uploads\/sites\/13\/Banner-Offene-Stellen-300x125.jpg.webp 300w, https:\/\/www.novotek.com\/at\/wp-content\/uploads\/sites\/13\/Banner-Offene-Stellen-768x320.jpg.webp 768w, https:\/\/www.novotek.com\/at\/wp-content\/uploads\/sites\/13\/Banner-Offene-Stellen-1536x640.jpg.webp 1536w, https:\/\/www.novotek.com\/at\/wp-content\/uploads\/sites\/13\/Banner-Offene-Stellen-86x36.jpg.webp 86w, https:\/\/www.novotek.com\/at\/wp-content\/uploads\/sites\/13\/Banner-Offene-Stellen-306x128.jpg.webp 306w, https:\/\/www.novotek.com\/at\/wp-content\/uploads\/sites\/13\/Banner-Offene-Stellen-636x265.jpg.webp 636w, https:\/\/www.novotek.com\/at\/wp-content\/uploads\/sites\/13\/Banner-Offene-Stellen-1632x680.jpg.webp 1632w, https:\/\/www.novotek.com\/at\/wp-content\/uploads\/sites\/13\/Banner-Offene-Stellen.jpg.webp 1920w\" sizes=\"(max-width: 1024px) 100vw, 1024px\" \/>                  <\/div>\n          <\/div>\n\n      <\/div>\n\n   \n\n\n<div class=\"container-md group  \">\n<div class=\"wp-block-group\"><div class=\"wp-block-group__inner-container is-layout-constrained wp-block-group-is-layout-constrained\"><div class=\"container-md paragraph  \">\n<p><strong>Seit 1995 liefern wir innovative L\u00f6sungen und preisgekr\u00f6nte Produkte an produzierende Unternehmen<\/strong> und erm\u00f6glichen ihnen, ihre Produktionsprozesse zu vernetzen, zu digitalisieren und zu optimieren. Um dies zu erreichen, arbeiten wir mit f\u00fchrenden internationalen Herstellern zusammen. <strong>Du m\u00f6chtest Teil dieser Entwicklung sein? Arbeite bei uns und gestalte die Zukunft der industriellen Digitalisierung aktiv mit.<\/strong><\/p>\n<\/div>\n\n<div class=\"container-md paragraph  \">\n<p><strong><a href=\"https:\/\/www.novotek.com\/at\/ueber-uns\/\">Novotek Austria<\/a><\/strong> besch\u00e4ftigt 14 Mitarbeiter und hat ihren Hauptsitz in Gro\u00dfpetersdorf. Unser zweites B\u00fcro befindet sich in Graz. Von hier aus betreuen wir Kunden in ganz \u00d6sterreich \u2013 pers\u00f6nlich, kompetent und l\u00f6sungsorientiert.<\/p>\n<\/div>\n\n<div class=\"container-md spacer  \">\n<div style=\"height:20px\" aria-hidden=\"true\" class=\"wp-block-spacer\"><\/div>\n<\/div>\n\n<div class=\"container-md heading  \">\n<h3 class=\"wp-block-heading\">Unser Herz schl\u00e4gt f\u00fcr industrielle Daten<\/h3>\n<\/div>\n\n<div class=\"container-md paragraph  \">\n<p>Themen wie <strong>Smart Factory<\/strong>, <strong>Industrial DataOps<\/strong>, <strong>Connectivity<\/strong> und <strong>Versionierung<\/strong> sind unsere Spezialgebiete. Unsere Kunden stehen t\u00e4glich vor den Herausforderungen im Umgang mit ihren gesammelten Daten, und wir lieben es, ihnen ma\u00dfgeschneiderte L\u00f6sungen anzubieten. Egal, wo sich unsere Kunden in ihrem Digitalisierungsprozess befinden \u2013 bei uns finden sie die passende L\u00f6sung f\u00fcr ihren n\u00e4chsten Schritt.<\/p>\n<\/div>\n\n<div class=\"container-md paragraph  \">\n<p>Wir bringen Daten aus unterschiedlichsten Quellen zusammen, strukturieren sie sinnvoll und machen sie nutzbar \u2013 f\u00fcr mehr Effizienz, Transparenz und Entscheidungsfreude im Produktionsalltag. Dabei setzen wir auf moderne Technologien, stabile Architekturen und langj\u00e4hrige Erfahrung.<\/p>\n<\/div>\n\n<div class=\"container-md spacer  \">\n<div style=\"height:30px\" aria-hidden=\"true\" class=\"wp-block-spacer\"><\/div>\n<\/div>\n\n<div class=\"container-md heading  \">\n<h3 class=\"wp-block-heading\">Teilst du unsere Begeisterung f\u00fcr Technologie und Automatisierung in der Industrie?<\/h3>\n<\/div>\n\n<div class=\"container-md paragraph  \">\n<p>In unserem spannenden Arbeitsumfeld haben Mitarbeiter die M\u00f6glichkeit, ihre F\u00e4higkeiten praxisorientiert einzusetzen und innovative Ideen umzusetzen. Wir bieten ihnen die Chance, ihre Potenziale auszusch\u00f6pfen und sich kontinuierlich weiterzuentwickeln.<\/p>\n<\/div>\n\n<div class=\"container-md paragraph  \">\n<p>Neben einer offenen Unternehmenskultur mit flachen Hierarchien erwarten dich abwechslungsreiche Projekte, direkter Kundenkontakt und viel Raum f\u00fcr Eigeninitiative. Bei uns arbeitest du mit modernen Tools, in einem dynamischen Team \u2013 und an L\u00f6sungen, die wirklich einen Unterschied machen.<\/p>\n<\/div>\n\n<div class=\"container-md paragraph  \">\n<p><strong>Arbeite bei uns, werde Teil unseres Teams und gestalte aktiv die Zukunft der industriellen Fertigung mit.<\/strong><\/p>\n<\/div><\/div>\n<\/div><\/div>\n\n<div class=\"container-md spacer  \">\n<div style=\"height:50px\" aria-hidden=\"true\" id=\"Stellen\" class=\"wp-block-spacer\"><\/div>\n<\/div>\n\n<div class=\"container-md heading  \">\n<h2 class=\"wp-block-heading\" id=\"h-aktuelle-stellen\">Offene Stellen<\/h2>\n<\/div>\n\n<div class=\"container-md spacer  \">\n<div style=\"height:30px\" aria-hidden=\"true\" class=\"wp-block-spacer\"><\/div>\n<\/div>\n\n<div class=\"posts-columns \">\n  <div class=\"container\">\n  <div class=\"row\">\n    <div class=\"col-12 col-md-4\">\n<article class=\"basic \">\n    <div class=\"image\">\n      <a href=\"https:\/\/www.novotek.com\/at\/dienstleistungen\/junior-pre-sales-consultant-m-w-d\/\">\n                  <img loading=\"lazy\" decoding=\"async\" width=\"677\" height=\"477\" src=\"https:\/\/www.novotek.com\/at\/wp-content\/uploads\/sites\/13\/Vorschau-Junior-Pre-Sales-Consultant.png.webp\" class=\"attachment-post-thumbnail size-post-thumbnail wp-post-image\" alt=\"\" srcset=\"https:\/\/www.novotek.com\/at\/wp-content\/uploads\/sites\/13\/Vorschau-Junior-Pre-Sales-Consultant.png.webp 677w, https:\/\/www.novotek.com\/at\/wp-content\/uploads\/sites\/13\/Vorschau-Junior-Pre-Sales-Consultant-300x211.png.webp 300w, https:\/\/www.novotek.com\/at\/wp-content\/uploads\/sites\/13\/Vorschau-Junior-Pre-Sales-Consultant-86x61.png.webp 86w, https:\/\/www.novotek.com\/at\/wp-content\/uploads\/sites\/13\/Vorschau-Junior-Pre-Sales-Consultant-306x216.png.webp 306w, https:\/\/www.novotek.com\/at\/wp-content\/uploads\/sites\/13\/Vorschau-Junior-Pre-Sales-Consultant-636x448.png.webp 636w\" sizes=\"auto, (max-width: 677px) 100vw, 677px\" \/>              <\/a>\n    <\/div>\n\n    <div>\n              <h4>Junior Pre-Sales Consultant (m\/w\/d)<\/h4>\n      \n              <p>Starte jetzt durch in unserem Vertriebsteam und werde Teil eines innovativen Unternehmens, das Digitalisierungsl\u00f6sungen in der Industrie vorantreibt!<\/p>\n      \n      <div>\n        <a href=\"https:\/\/www.novotek.com\/at\/dienstleistungen\/junior-pre-sales-consultant-m-w-d\/\">\n          Weiterlesen        <\/a>\n      <\/div>\n    <\/div>\n<\/article>\n<\/div>  <\/div>\n\n  <\/div><\/div>\n\n\n<div class=\"container-md spacer  \">\n<div style=\"height:50px\" aria-hidden=\"true\" class=\"wp-block-spacer\"><\/div>\n<\/div>\n\n<div class=\"container-md heading  \">\n<h3 class=\"wp-block-heading\">Nichts passendes dabei?<\/h3>\n<\/div>\n\n<div class=\"container-md paragraph  \">\n<p>Gerne kannst du dich jederzeit initiativ bewerben oder dich als Studierende\/r auf ein Praktikum bewerben. Schick uns einfach deine Spontanbewerbung.<\/p>\n<\/div>\n\n<div class=\"container-md paragraph  \">\n<p><strong>Anja Taschek<\/strong><br>Head of Finance &amp; HR<\/p>\n<\/div>\n\n<div class=\"container-md paragraph  \">\n<p><a href=\"mailto:anja.taschek@novotek.com\">anja.taschek@novotek.com<\/a><\/p>\n<\/div>\n\n<div class=\"container-md spacer  \">\n<div style=\"height:50px\" aria-hidden=\"true\" class=\"wp-block-spacer\"><\/div>\n<\/div>","protected":false},"excerpt":{"rendered":"<p>Das Engagement und die Loyalit\u00e4t unserer Mitarbeiter sind f\u00fcr die Novotek seit jeher von zentraler Bedeutung und eine Voraussetzung f\u00fcr unseren Erfolg.\u00a0<\/p>\n","protected":false},"author":35,"featured_media":24191,"parent":3145,"menu_order":4,"comment_status":"closed","ping_status":"closed","template":"","meta":{"_acf_changed":false,"_relevanssi_hide_post":"","_relevanssi_pin_for_all":"","_relevanssi_pin_keywords":"","_relevanssi_unpin_keywords":"","_relevanssi_related_keywords":"","_relevanssi_related_include_ids":"","_relevanssi_related_exclude_ids":"","_relevanssi_related_no_append":"","_relevanssi_related_not_related":"","_relevanssi_related_posts":"4907,12096,12307,11774,10065,6214","_relevanssi_noindex_reason":"","footnotes":""},"class_list":["post-13791","page","type-page","status-publish","has-post-thumbnail","hentry"],"acf":[],"yoast_head":"<!-- This site is optimized with the Yoast SEO plugin v27.4 - https:\/\/yoast.com\/product\/yoast-seo-wordpress\/ -->\n<title>Arbeite bei uns - Novotek Austria<\/title>\n<meta name=\"description\" content=\"Arbeite bei uns, denn das Engagement und die Loyalit\u00e4t unserer Mitarbeiter stehen im Mittelpunkt und sind Voraussetzung f\u00fcr unseren Erfolg.\" \/>\n<meta name=\"robots\" content=\"index, follow, max-snippet:-1, max-image-preview:large, max-video-preview:-1\" \/>\n<link rel=\"canonical\" href=\"https:\/\/www.novotek.com\/at\/novotek-austria\/arbeite-mit-uns\/\" \/>\n<meta property=\"og:locale\" content=\"de_DE\" \/>\n<meta property=\"og:type\" content=\"article\" \/>\n<meta property=\"og:title\" content=\"Arbeite bei uns - Novotek Austria\" \/>\n<meta property=\"og:description\" content=\"Arbeite bei uns, denn das Engagement und die Loyalit\u00e4t unserer Mitarbeiter stehen im Mittelpunkt und sind Voraussetzung f\u00fcr unseren Erfolg.\" \/>\n<meta property=\"og:url\" content=\"https:\/\/www.novotek.com\/at\/novotek-austria\/arbeite-mit-uns\/\" \/>\n<meta property=\"og:site_name\" content=\"Novotek Austria\" \/>\n<meta property=\"article:modified_time\" content=\"2025-10-02T09:36:40+00:00\" \/>\n<meta property=\"og:image\" content=\"https:\/\/www.novotek.com\/at\/wp-content\/uploads\/sites\/13\/Offene-Stellen.jpg.webp\" \/>\n\t<meta property=\"og:image:width\" content=\"392\" \/>\n\t<meta property=\"og:image:height\" content=\"261\" \/>\n\t<meta property=\"og:image:type\" content=\"image\/jpeg\" \/>\n<meta name=\"twitter:card\" content=\"summary_large_image\" \/>\n<meta name=\"twitter:label1\" content=\"Gesch\u00e4tzte Lesezeit\" \/>\n\t<meta name=\"twitter:data1\" content=\"2\u00a0Minuten\" \/>\n<script type=\"application\/ld+json\" class=\"yoast-schema-graph\">{\"@context\":\"https:\\\/\\\/schema.org\",\"@graph\":[{\"@type\":\"WebPage\",\"@id\":\"https:\\\/\\\/www.novotek.com\\\/at\\\/novotek-austria\\\/arbeite-mit-uns\\\/\",\"url\":\"https:\\\/\\\/www.novotek.com\\\/at\\\/novotek-austria\\\/arbeite-mit-uns\\\/\",\"name\":\"Arbeite bei uns - Novotek Austria\",\"isPartOf\":{\"@id\":\"https:\\\/\\\/www.novotek.com\\\/at\\\/#website\"},\"primaryImageOfPage\":{\"@id\":\"https:\\\/\\\/www.novotek.com\\\/at\\\/novotek-austria\\\/arbeite-mit-uns\\\/#primaryimage\"},\"image\":{\"@id\":\"https:\\\/\\\/www.novotek.com\\\/at\\\/novotek-austria\\\/arbeite-mit-uns\\\/#primaryimage\"},\"thumbnailUrl\":\"https:\\\/\\\/www.novotek.com\\\/at\\\/wp-content\\\/uploads\\\/sites\\\/13\\\/Offene-Stellen.jpg.webp\",\"datePublished\":\"2023-01-06T14:20:17+00:00\",\"dateModified\":\"2025-10-02T09:36:40+00:00\",\"description\":\"Arbeite bei uns, denn das Engagement und die Loyalit\u00e4t unserer Mitarbeiter stehen im Mittelpunkt und sind Voraussetzung f\u00fcr unseren Erfolg.\",\"breadcrumb\":{\"@id\":\"https:\\\/\\\/www.novotek.com\\\/at\\\/novotek-austria\\\/arbeite-mit-uns\\\/#breadcrumb\"},\"inLanguage\":\"de-CH\",\"potentialAction\":[{\"@type\":\"ReadAction\",\"target\":[\"https:\\\/\\\/www.novotek.com\\\/at\\\/novotek-austria\\\/arbeite-mit-uns\\\/\"]}]},{\"@type\":\"ImageObject\",\"inLanguage\":\"de-CH\",\"@id\":\"https:\\\/\\\/www.novotek.com\\\/at\\\/novotek-austria\\\/arbeite-mit-uns\\\/#primaryimage\",\"url\":\"https:\\\/\\\/www.novotek.com\\\/at\\\/wp-content\\\/uploads\\\/sites\\\/13\\\/Offene-Stellen.jpg.webp\",\"contentUrl\":\"https:\\\/\\\/www.novotek.com\\\/at\\\/wp-content\\\/uploads\\\/sites\\\/13\\\/Offene-Stellen.jpg.webp\",\"width\":392,\"height\":261},{\"@type\":\"BreadcrumbList\",\"@id\":\"https:\\\/\\\/www.novotek.com\\\/at\\\/novotek-austria\\\/arbeite-mit-uns\\\/#breadcrumb\",\"itemListElement\":[{\"@type\":\"ListItem\",\"position\":1,\"name\":\"Home\",\"item\":\"https:\\\/\\\/www.novotek.com\\\/at\\\/\"},{\"@type\":\"ListItem\",\"position\":2,\"name\":\"Novotek Austria\",\"item\":\"https:\\\/\\\/www.novotek.com\\\/at\\\/novotek-austria\\\/\"},{\"@type\":\"ListItem\",\"position\":3,\"name\":\"Arbeite bei uns\"}]},{\"@type\":\"WebSite\",\"@id\":\"https:\\\/\\\/www.novotek.com\\\/at\\\/#website\",\"url\":\"https:\\\/\\\/www.novotek.com\\\/at\\\/\",\"name\":\"Novotek Switzerland\",\"description\":\"Connect - Digitalize - Optimize\",\"potentialAction\":[{\"@type\":\"SearchAction\",\"target\":{\"@type\":\"EntryPoint\",\"urlTemplate\":\"https:\\\/\\\/www.novotek.com\\\/at\\\/?s={search_term_string}\"},\"query-input\":{\"@type\":\"PropertyValueSpecification\",\"valueRequired\":true,\"valueName\":\"search_term_string\"}}],\"inLanguage\":\"de-CH\"}]}<\/script>\n<!-- \/ Yoast SEO plugin. -->","yoast_head_json":{"title":"Arbeite bei uns - Novotek Austria","description":"Arbeite bei uns, denn das Engagement und die Loyalit\u00e4t unserer Mitarbeiter stehen im Mittelpunkt und sind Voraussetzung f\u00fcr unseren Erfolg.","robots":{"index":"index","follow":"follow","max-snippet":"max-snippet:-1","max-image-preview":"max-image-preview:large","max-video-preview":"max-video-preview:-1"},"canonical":"https:\/\/www.novotek.com\/at\/novotek-austria\/arbeite-mit-uns\/","og_locale":"de_DE","og_type":"article","og_title":"Arbeite bei uns - Novotek Austria","og_description":"Arbeite bei uns, denn das Engagement und die Loyalit\u00e4t unserer Mitarbeiter stehen im Mittelpunkt und sind Voraussetzung f\u00fcr unseren Erfolg.","og_url":"https:\/\/www.novotek.com\/at\/novotek-austria\/arbeite-mit-uns\/","og_site_name":"Novotek Austria","article_modified_time":"2025-10-02T09:36:40+00:00","og_image":[{"width":392,"height":261,"url":"https:\/\/www.novotek.com\/at\/wp-content\/uploads\/sites\/13\/Offene-Stellen.jpg.webp","type":"image\/jpeg"}],"twitter_card":"summary_large_image","twitter_misc":{"Gesch\u00e4tzte Lesezeit":"2\u00a0Minuten"},"schema":{"@context":"https:\/\/schema.org","@graph":[{"@type":"WebPage","@id":"https:\/\/www.novotek.com\/at\/novotek-austria\/arbeite-mit-uns\/","url":"https:\/\/www.novotek.com\/at\/novotek-austria\/arbeite-mit-uns\/","name":"Arbeite bei uns - Novotek Austria","isPartOf":{"@id":"https:\/\/www.novotek.com\/at\/#website"},"primaryImageOfPage":{"@id":"https:\/\/www.novotek.com\/at\/novotek-austria\/arbeite-mit-uns\/#primaryimage"},"image":{"@id":"https:\/\/www.novotek.com\/at\/novotek-austria\/arbeite-mit-uns\/#primaryimage"},"thumbnailUrl":"https:\/\/www.novotek.com\/at\/wp-content\/uploads\/sites\/13\/Offene-Stellen.jpg.webp","datePublished":"2023-01-06T14:20:17+00:00","dateModified":"2025-10-02T09:36:40+00:00","description":"Arbeite bei uns, denn das Engagement und die Loyalit\u00e4t unserer Mitarbeiter stehen im Mittelpunkt und sind Voraussetzung f\u00fcr unseren Erfolg.","breadcrumb":{"@id":"https:\/\/www.novotek.com\/at\/novotek-austria\/arbeite-mit-uns\/#breadcrumb"},"inLanguage":"de-CH","potentialAction":[{"@type":"ReadAction","target":["https:\/\/www.novotek.com\/at\/novotek-austria\/arbeite-mit-uns\/"]}]},{"@type":"ImageObject","inLanguage":"de-CH","@id":"https:\/\/www.novotek.com\/at\/novotek-austria\/arbeite-mit-uns\/#primaryimage","url":"https:\/\/www.novotek.com\/at\/wp-content\/uploads\/sites\/13\/Offene-Stellen.jpg.webp","contentUrl":"https:\/\/www.novotek.com\/at\/wp-content\/uploads\/sites\/13\/Offene-Stellen.jpg.webp","width":392,"height":261},{"@type":"BreadcrumbList","@id":"https:\/\/www.novotek.com\/at\/novotek-austria\/arbeite-mit-uns\/#breadcrumb","itemListElement":[{"@type":"ListItem","position":1,"name":"Home","item":"https:\/\/www.novotek.com\/at\/"},{"@type":"ListItem","position":2,"name":"Novotek Austria","item":"https:\/\/www.novotek.com\/at\/novotek-austria\/"},{"@type":"ListItem","position":3,"name":"Arbeite bei uns"}]},{"@type":"WebSite","@id":"https:\/\/www.novotek.com\/at\/#website","url":"https:\/\/www.novotek.com\/at\/","name":"Novotek Switzerland","description":"Connect - Digitalize - Optimize","potentialAction":[{"@type":"SearchAction","target":{"@type":"EntryPoint","urlTemplate":"https:\/\/www.novotek.com\/at\/?s={search_term_string}"},"query-input":{"@type":"PropertyValueSpecification","valueRequired":true,"valueName":"search_term_string"}}],"inLanguage":"de-CH"}]}},"_links":{"self":[{"href":"https:\/\/www.novotek.com\/at\/wp-json\/wp\/v2\/pages\/13791","targetHints":{"allow":["GET"]}}],"collection":[{"href":"https:\/\/www.novotek.com\/at\/wp-json\/wp\/v2\/pages"}],"about":[{"href":"https:\/\/www.novotek.com\/at\/wp-json\/wp\/v2\/types\/page"}],"author":[{"embeddable":true,"href":"https:\/\/www.novotek.com\/at\/wp-json\/wp\/v2\/users\/35"}],"replies":[{"embeddable":true,"href":"https:\/\/www.novotek.com\/at\/wp-json\/wp\/v2\/comments?post=13791"}],"version-history":[{"count":213,"href":"https:\/\/www.novotek.com\/at\/wp-json\/wp\/v2\/pages\/13791\/revisions"}],"predecessor-version":[{"id":25994,"href":"https:\/\/www.novotek.com\/at\/wp-json\/wp\/v2\/pages\/13791\/revisions\/25994"}],"up":[{"embeddable":true,"href":"https:\/\/www.novotek.com\/at\/wp-json\/wp\/v2\/pages\/3145"}],"wp:featuredmedia":[{"embeddable":true,"href":"https:\/\/www.novotek.com\/at\/wp-json\/wp\/v2\/media\/24191"}],"wp:attachment":[{"href":"https:\/\/www.novotek.com\/at\/wp-json\/wp\/v2\/media?parent=13791"}],"curies":[{"name":"wp","href":"https:\/\/api.w.org\/{rel}","templated":true}]}}