{"id":177,"date":"2021-07-16T08:52:18","date_gmt":"2021-07-16T08:52:18","guid":{"rendered":"http:\/\/ch.novotek-multi.dev4.mildmedia-dev.eu\/?page_id=177"},"modified":"2025-04-02T12:19:31","modified_gmt":"2025-04-02T12:19:31","slug":"industrie","status":"publish","type":"page","link":"https:\/\/www.novotek.com\/at\/industrie\/","title":{"rendered":"Industrie"},"content":{"rendered":"  <div class=\"hero\">\n    <div class=\"carousel hero-slider small\" data-flickity data-flickity-options='{\"prevNextButtons\": false}'>\n              <div class=\"carousel-cell\">\n          <div class=\"container\">\n            <div class=\"hero-content\">\n                              <h1>L\u00f6sungen f\u00fcr Ihre Industrie<\/h1>\n<p>Wir liefern Produkte, Digitalisierungsl\u00f6sungen und Dienstleistungen, die auf die Bed\u00fcrfnisse unserer Kunden aus verschiedenen industriellen Sektoren zugeschnitten sind.<\/p>\n              \n                          <\/div>\n          <\/div>\n\n          <img decoding=\"async\" width=\"1024\" height=\"427\" src=\"https:\/\/www.novotek.com\/at\/wp-content\/uploads\/sites\/13\/Industries_header_NEW-1024x427.jpg.webp\" class=\"hero-bg\" alt=\"Hero Img\" fetchpriority=\"high\" srcset=\"https:\/\/www.novotek.com\/at\/wp-content\/uploads\/sites\/13\/Industries_header_NEW-1024x427.jpg.webp 1024w, https:\/\/www.novotek.com\/at\/wp-content\/uploads\/sites\/13\/Industries_header_NEW-300x125.jpg.webp 300w, https:\/\/www.novotek.com\/at\/wp-content\/uploads\/sites\/13\/Industries_header_NEW-768x320.jpg.webp 768w, https:\/\/www.novotek.com\/at\/wp-content\/uploads\/sites\/13\/Industries_header_NEW-1536x640.jpg.webp 1536w, https:\/\/www.novotek.com\/at\/wp-content\/uploads\/sites\/13\/Industries_header_NEW.jpg.webp 1920w\" sizes=\"(max-width: 1024px) 100vw, 1024px\" \/>                  <\/div>\n          <\/div>\n\n      <\/div>\n\n   \n\n\n<div class=\"container-md spacer  \">\n<div style=\"height:30px\" aria-hidden=\"true\" class=\"wp-block-spacer\"><\/div>\n<\/div>\n\n<div class=\"posts-columns \">\n  <div class=\"container\">\n  <div class=\"row\">\n    <div class=\"col-12 col-md-4\">\n<article class=\"basic \">\n    <div class=\"image\">\n      <a href=\"https:\/\/www.novotek.com\/at\/industrie\/automotive\/\">\n                  <img loading=\"lazy\" decoding=\"async\" width=\"1920\" height=\"1080\" src=\"https:\/\/www.novotek.com\/at\/wp-content\/uploads\/sites\/13\/Automotive.jpg.webp\" class=\"attachment-post-thumbnail size-post-thumbnail wp-post-image\" alt=\"\" srcset=\"https:\/\/www.novotek.com\/at\/wp-content\/uploads\/sites\/13\/Automotive.jpg.webp 1920w, https:\/\/www.novotek.com\/at\/wp-content\/uploads\/sites\/13\/Automotive-300x169.jpg.webp 300w, https:\/\/www.novotek.com\/at\/wp-content\/uploads\/sites\/13\/Automotive-1024x576.jpg.webp 1024w, https:\/\/www.novotek.com\/at\/wp-content\/uploads\/sites\/13\/Automotive-768x432.jpg.webp 768w, https:\/\/www.novotek.com\/at\/wp-content\/uploads\/sites\/13\/Automotive-1536x864.jpg.webp 1536w, https:\/\/www.novotek.com\/at\/wp-content\/uploads\/sites\/13\/Automotive-86x48.jpg.webp 86w, https:\/\/www.novotek.com\/at\/wp-content\/uploads\/sites\/13\/Automotive-306x172.jpg.webp 306w, https:\/\/www.novotek.com\/at\/wp-content\/uploads\/sites\/13\/Automotive-636x358.jpg.webp 636w, https:\/\/www.novotek.com\/at\/wp-content\/uploads\/sites\/13\/Automotive-1632x918.jpg.webp 1632w\" sizes=\"auto, (max-width: 1920px) 100vw, 1920px\" \/>              <\/a>\n    <\/div>\n\n    <div>\n              <h4>Automotive<\/h4>\n      \n              <p>In unserem Portfolio finden Sie ein breites Spektrum an Produkten und L\u00f6sungen von Einzelmaschinen bis zu werks\u00fcbergreifenden Vernetzungen.<\/p>\n      \n      <div>\n        <a href=\"https:\/\/www.novotek.com\/at\/industrie\/automotive\/\">\n          Weiterlesen        <\/a>\n      <\/div>\n    <\/div>\n<\/article>\n<\/div><div class=\"col-12 col-md-4\">\n<article class=\"basic \">\n    <div class=\"image\">\n      <a href=\"https:\/\/www.novotek.com\/at\/industrie\/maschinen-anlagenbau\/\">\n                  <img loading=\"lazy\" decoding=\"async\" width=\"1920\" height=\"1080\" src=\"https:\/\/www.novotek.com\/at\/wp-content\/uploads\/sites\/13\/Maschinenbau.jpg.webp\" class=\"attachment-post-thumbnail size-post-thumbnail wp-post-image\" alt=\"\" srcset=\"https:\/\/www.novotek.com\/at\/wp-content\/uploads\/sites\/13\/Maschinenbau.jpg.webp 1920w, https:\/\/www.novotek.com\/at\/wp-content\/uploads\/sites\/13\/Maschinenbau-300x169.jpg.webp 300w, https:\/\/www.novotek.com\/at\/wp-content\/uploads\/sites\/13\/Maschinenbau-1024x576.jpg.webp 1024w, https:\/\/www.novotek.com\/at\/wp-content\/uploads\/sites\/13\/Maschinenbau-768x432.jpg.webp 768w, https:\/\/www.novotek.com\/at\/wp-content\/uploads\/sites\/13\/Maschinenbau-1536x864.jpg.webp 1536w, https:\/\/www.novotek.com\/at\/wp-content\/uploads\/sites\/13\/Maschinenbau-86x48.jpg.webp 86w, https:\/\/www.novotek.com\/at\/wp-content\/uploads\/sites\/13\/Maschinenbau-306x172.jpg.webp 306w, https:\/\/www.novotek.com\/at\/wp-content\/uploads\/sites\/13\/Maschinenbau-636x358.jpg.webp 636w, https:\/\/www.novotek.com\/at\/wp-content\/uploads\/sites\/13\/Maschinenbau-1632x918.jpg.webp 1632w\" sizes=\"auto, (max-width: 1920px) 100vw, 1920px\" \/>              <\/a>\n    <\/div>\n\n    <div>\n              <h4>Maschinen- &amp; Anlagenbau<\/h4>\n      \n              <p>Unsere L\u00f6sungen\/Leistungen sind speziell darauf ausgelegt Ihnen bei Ihren aktuellen Herausforderungen unter die Arme zu greifen.<\/p>\n      \n      <div>\n        <a href=\"https:\/\/www.novotek.com\/at\/industrie\/maschinen-anlagenbau\/\">\n          Weiterlesen        <\/a>\n      <\/div>\n    <\/div>\n<\/article>\n<\/div><div class=\"col-12 col-md-4\">\n<article class=\"basic \">\n    <div class=\"image\">\n      <a href=\"https:\/\/www.novotek.com\/at\/industrie\/wasser-abwasser\/\">\n                  <img loading=\"lazy\" decoding=\"async\" width=\"1920\" height=\"910\" src=\"https:\/\/www.novotek.com\/at\/wp-content\/uploads\/sites\/13\/Abwasser.jpg.webp\" class=\"attachment-post-thumbnail size-post-thumbnail wp-post-image\" alt=\"\" srcset=\"https:\/\/www.novotek.com\/at\/wp-content\/uploads\/sites\/13\/Abwasser.jpg.webp 1920w, https:\/\/www.novotek.com\/at\/wp-content\/uploads\/sites\/13\/Abwasser-300x142.jpg.webp 300w, https:\/\/www.novotek.com\/at\/wp-content\/uploads\/sites\/13\/Abwasser-1024x485.jpg.webp 1024w, https:\/\/www.novotek.com\/at\/wp-content\/uploads\/sites\/13\/Abwasser-768x364.jpg.webp 768w, https:\/\/www.novotek.com\/at\/wp-content\/uploads\/sites\/13\/Abwasser-1536x728.jpg.webp 1536w, https:\/\/www.novotek.com\/at\/wp-content\/uploads\/sites\/13\/Abwasser-86x41.jpg.webp 86w, https:\/\/www.novotek.com\/at\/wp-content\/uploads\/sites\/13\/Abwasser-306x145.jpg.webp 306w, https:\/\/www.novotek.com\/at\/wp-content\/uploads\/sites\/13\/Abwasser-636x301.jpg.webp 636w, https:\/\/www.novotek.com\/at\/wp-content\/uploads\/sites\/13\/Abwasser-1632x774.jpg.webp 1632w\" sizes=\"auto, (max-width: 1920px) 100vw, 1920px\" \/>              <\/a>\n    <\/div>\n\n    <div>\n              <h4>Wasser &amp; Abwasser<\/h4>\n      \n              <p>Nutzen Sie unser Know-How und unsere L\u00f6sungen, um ihre Systeme kosteneffizienter zu gestalten und Zugang zu Informationen immer und \u00fcberall zu erm\u00f6glichen.<\/p>\n      \n      <div>\n        <a href=\"https:\/\/www.novotek.com\/at\/industrie\/wasser-abwasser\/\">\n          Weiterlesen        <\/a>\n      <\/div>\n    <\/div>\n<\/article>\n<\/div><div class=\"col-12 col-md-4\">\n<article class=\"basic \">\n    <div class=\"image\">\n      <a href=\"https:\/\/www.novotek.com\/at\/industrie\/strom-energie\/\">\n                  <img loading=\"lazy\" decoding=\"async\" width=\"800\" height=\"600\" src=\"https:\/\/www.novotek.com\/at\/wp-content\/uploads\/sites\/13\/proficy-historian-solar-energie.jpg.webp\" class=\"attachment-post-thumbnail size-post-thumbnail wp-post-image\" alt=\"Proficy Historian Solar-Energie\" srcset=\"https:\/\/www.novotek.com\/at\/wp-content\/uploads\/sites\/13\/proficy-historian-solar-energie.jpg.webp 800w, https:\/\/www.novotek.com\/at\/wp-content\/uploads\/sites\/13\/proficy-historian-solar-energie-300x225.jpg.webp 300w, https:\/\/www.novotek.com\/at\/wp-content\/uploads\/sites\/13\/proficy-historian-solar-energie-768x576.jpg.webp 768w\" sizes=\"auto, (max-width: 800px) 100vw, 800px\" \/>              <\/a>\n    <\/div>\n\n    <div>\n              <h4>Energie<\/h4>\n      \n              <p>Wir unterst\u00fctzen Sie bei der Energiewende! Visualisieren, betreiben und optimieren Sie Ihre Anlagen mit unseren hochmodernen L\u00f6sungen.<\/p>\n      \n      <div>\n        <a href=\"https:\/\/www.novotek.com\/at\/industrie\/strom-energie\/\">\n          Weiterlesen        <\/a>\n      <\/div>\n    <\/div>\n<\/article>\n<\/div><div class=\"col-12 col-md-4\">\n<article class=\"basic \">\n    <div class=\"image\">\n      <a href=\"https:\/\/www.novotek.com\/at\/industrie\/lebensmittel-getraenke\/\">\n                  <img loading=\"lazy\" decoding=\"async\" width=\"1920\" height=\"800\" src=\"https:\/\/www.novotek.com\/at\/wp-content\/uploads\/sites\/13\/2021\/Novotek_UK\/Industries\/Food_and_beverage_CPG\/crystal-jo-t1q06vFOOmo-unsplash_duplex_cyan.png.webp\" class=\"attachment-post-thumbnail size-post-thumbnail wp-post-image\" alt=\"Lebensmittel und Getr&auml;nke, CPG\" srcset=\"https:\/\/www.novotek.com\/at\/wp-content\/uploads\/sites\/13\/2021\/Novotek_UK\/Industries\/Food_and_beverage_CPG\/crystal-jo-t1q06vFOOmo-unsplash_duplex_cyan.png.webp 1920w, https:\/\/www.novotek.com\/at\/wp-content\/uploads\/sites\/13\/2021\/Novotek_UK\/Industries\/Food_and_beverage_CPG\/crystal-jo-t1q06vFOOmo-unsplash_duplex_cyan-300x125.png.webp 300w, https:\/\/www.novotek.com\/at\/wp-content\/uploads\/sites\/13\/2021\/Novotek_UK\/Industries\/Food_and_beverage_CPG\/crystal-jo-t1q06vFOOmo-unsplash_duplex_cyan-1024x427.png.webp 1024w, https:\/\/www.novotek.com\/at\/wp-content\/uploads\/sites\/13\/2021\/Novotek_UK\/Industries\/Food_and_beverage_CPG\/crystal-jo-t1q06vFOOmo-unsplash_duplex_cyan-768x320.png.webp 768w, https:\/\/www.novotek.com\/at\/wp-content\/uploads\/sites\/13\/2021\/Novotek_UK\/Industries\/Food_and_beverage_CPG\/crystal-jo-t1q06vFOOmo-unsplash_duplex_cyan-1536x640.png.webp 1536w\" sizes=\"auto, (max-width: 1920px) 100vw, 1920px\" \/>              <\/a>\n    <\/div>\n\n    <div>\n              <h4>Lebensmittel<\/h4>\n      \n              <p>Novotek Austria bietet den perfekten Mix aus Software-L\u00f6sungen mit entsprechend robuster, an die Lebensmittel-Anforderungen angepasster Hardware.<\/p>\n      \n      <div>\n        <a href=\"https:\/\/www.novotek.com\/at\/industrie\/lebensmittel-getraenke\/\">\n          Weiterlesen        <\/a>\n      <\/div>\n    <\/div>\n<\/article>\n<\/div><div class=\"col-12 col-md-4\">\n<article class=\"basic \">\n    <div class=\"image\">\n      <a href=\"https:\/\/www.novotek.com\/at\/industrie\/pharma-biotec\/\">\n                  <img loading=\"lazy\" decoding=\"async\" width=\"306\" height=\"128\" src=\"https:\/\/www.novotek.com\/at\/wp-content\/uploads\/sites\/13\/2021\/Novotek_UK\/Industries\/Life_sciences\/Novotek_Industries_Life_Science_1920x800px.png.webp\" class=\"attachment-sm size-sm\" alt=\"\" srcset=\"https:\/\/www.novotek.com\/at\/wp-content\/uploads\/sites\/13\/2021\/Novotek_UK\/Industries\/Life_sciences\/Novotek_Industries_Life_Science_1920x800px.png.webp 1920w, https:\/\/www.novotek.com\/at\/wp-content\/uploads\/sites\/13\/2021\/Novotek_UK\/Industries\/Life_sciences\/Novotek_Industries_Life_Science_1920x800px-300x125.png.webp 300w, https:\/\/www.novotek.com\/at\/wp-content\/uploads\/sites\/13\/2021\/Novotek_UK\/Industries\/Life_sciences\/Novotek_Industries_Life_Science_1920x800px-1024x427.png.webp 1024w, https:\/\/www.novotek.com\/at\/wp-content\/uploads\/sites\/13\/2021\/Novotek_UK\/Industries\/Life_sciences\/Novotek_Industries_Life_Science_1920x800px-768x320.png.webp 768w, https:\/\/www.novotek.com\/at\/wp-content\/uploads\/sites\/13\/2021\/Novotek_UK\/Industries\/Life_sciences\/Novotek_Industries_Life_Science_1920x800px-1536x640.png.webp 1536w\" sizes=\"auto, (max-width: 306px) 100vw, 306px\" \/>              <\/a>\n    <\/div>\n\n    <div>\n              <h4>Pharma<\/h4>\n      \n              <p>F\u00fcr die aktuellen Herausforderungen im Pharma-Bereich bieten wir Ihnen dezidierte L\u00f6sungen, zugeschnitten auf Ihre Anforderungen.<\/p>\n      \n      <div>\n        <a href=\"https:\/\/www.novotek.com\/at\/industrie\/pharma-biotec\/\">\n          Weiterlesen        <\/a>\n      <\/div>\n    <\/div>\n<\/article>\n<\/div><div class=\"col-12 col-md-4\">\n<article class=\"basic \">\n    <div class=\"image\">\n      <a href=\"https:\/\/www.novotek.com\/at\/industrie\/infrastruktur\/\">\n                  <img loading=\"lazy\" decoding=\"async\" width=\"1920\" height=\"1062\" src=\"https:\/\/www.novotek.com\/at\/wp-content\/uploads\/sites\/13\/Infrastruktur.jpg.webp\" class=\"attachment-post-thumbnail size-post-thumbnail wp-post-image\" alt=\"\" srcset=\"https:\/\/www.novotek.com\/at\/wp-content\/uploads\/sites\/13\/Infrastruktur.jpg.webp 1920w, https:\/\/www.novotek.com\/at\/wp-content\/uploads\/sites\/13\/Infrastruktur-300x166.jpg.webp 300w, https:\/\/www.novotek.com\/at\/wp-content\/uploads\/sites\/13\/Infrastruktur-1024x566.jpg.webp 1024w, https:\/\/www.novotek.com\/at\/wp-content\/uploads\/sites\/13\/Infrastruktur-768x425.jpg.webp 768w, https:\/\/www.novotek.com\/at\/wp-content\/uploads\/sites\/13\/Infrastruktur-1536x850.jpg.webp 1536w, https:\/\/www.novotek.com\/at\/wp-content\/uploads\/sites\/13\/Infrastruktur-86x48.jpg.webp 86w, https:\/\/www.novotek.com\/at\/wp-content\/uploads\/sites\/13\/Infrastruktur-306x169.jpg.webp 306w, https:\/\/www.novotek.com\/at\/wp-content\/uploads\/sites\/13\/Infrastruktur-636x352.jpg.webp 636w, https:\/\/www.novotek.com\/at\/wp-content\/uploads\/sites\/13\/Infrastruktur-1632x903.jpg.webp 1632w\" sizes=\"auto, (max-width: 1920px) 100vw, 1920px\" \/>              <\/a>\n    <\/div>\n\n    <div>\n              <h4>Infrastruktur<\/h4>\n      \n              <p>Von der Absicherung einzelner Anlagen, bis hin zur Absicherung des Verkehrsmanagements ganzer St\u00e4dte &#8211; bei uns sind Sie richtig!<\/p>\n      \n      <div>\n        <a href=\"https:\/\/www.novotek.com\/at\/industrie\/infrastruktur\/\">\n          Weiterlesen        <\/a>\n      <\/div>\n    <\/div>\n<\/article>\n<\/div><div class=\"col-12 col-md-4\">\n<article class=\"basic \">\n    <div class=\"image\">\n      <a href=\"https:\/\/www.novotek.com\/at\/industrie\/bergbau-rohstoffe\/\">\n                  <img loading=\"lazy\" decoding=\"async\" width=\"1920\" height=\"1078\" src=\"https:\/\/www.novotek.com\/at\/wp-content\/uploads\/sites\/13\/Bergbau_Rohstoffe.jpg.webp\" class=\"attachment-post-thumbnail size-post-thumbnail wp-post-image\" alt=\"\" srcset=\"https:\/\/www.novotek.com\/at\/wp-content\/uploads\/sites\/13\/Bergbau_Rohstoffe.jpg.webp 1920w, https:\/\/www.novotek.com\/at\/wp-content\/uploads\/sites\/13\/Bergbau_Rohstoffe-300x168.jpg.webp 300w, https:\/\/www.novotek.com\/at\/wp-content\/uploads\/sites\/13\/Bergbau_Rohstoffe-1024x575.jpg.webp 1024w, https:\/\/www.novotek.com\/at\/wp-content\/uploads\/sites\/13\/Bergbau_Rohstoffe-768x431.jpg.webp 768w, https:\/\/www.novotek.com\/at\/wp-content\/uploads\/sites\/13\/Bergbau_Rohstoffe-1536x862.jpg.webp 1536w, https:\/\/www.novotek.com\/at\/wp-content\/uploads\/sites\/13\/Bergbau_Rohstoffe-86x48.jpg.webp 86w, https:\/\/www.novotek.com\/at\/wp-content\/uploads\/sites\/13\/Bergbau_Rohstoffe-306x172.jpg.webp 306w, https:\/\/www.novotek.com\/at\/wp-content\/uploads\/sites\/13\/Bergbau_Rohstoffe-636x357.jpg.webp 636w, https:\/\/www.novotek.com\/at\/wp-content\/uploads\/sites\/13\/Bergbau_Rohstoffe-1632x916.jpg.webp 1632w\" sizes=\"auto, (max-width: 1920px) 100vw, 1920px\" \/>              <\/a>\n    <\/div>\n\n    <div>\n              <h4>Bergbau &amp; Rohstoffe<\/h4>\n      \n              <p>F\u00fcr den Bereich Bergbau &amp; Rohstoffe liefern wir Ihnen skalierbare L\u00f6sungen und verhelfen Ihnen im Zeitalter des Industrial Internet zum Durchbruch.<\/p>\n      \n      <div>\n        <a href=\"https:\/\/www.novotek.com\/at\/industrie\/bergbau-rohstoffe\/\">\n          Weiterlesen        <\/a>\n      <\/div>\n    <\/div>\n<\/article>\n<\/div><div class=\"col-12 col-md-4\">\n<article class=\"basic \">\n    <div class=\"image\">\n      <a href=\"https:\/\/www.novotek.com\/at\/industrie\/chemie\/\">\n                  <img loading=\"lazy\" decoding=\"async\" width=\"1920\" height=\"800\" src=\"https:\/\/www.novotek.com\/at\/wp-content\/uploads\/sites\/13\/Petrol_Chemicals_header_header1920x800-e1658496935901.jpg.webp\" class=\"attachment-post-thumbnail size-post-thumbnail wp-post-image\" alt=\"\" srcset=\"https:\/\/www.novotek.com\/at\/wp-content\/uploads\/sites\/13\/Petrol_Chemicals_header_header1920x800-e1658496935901.jpg.webp 1920w, https:\/\/www.novotek.com\/at\/wp-content\/uploads\/sites\/13\/Petrol_Chemicals_header_header1920x800-e1658496935901-300x125.jpg.webp 300w, https:\/\/www.novotek.com\/at\/wp-content\/uploads\/sites\/13\/Petrol_Chemicals_header_header1920x800-e1658496935901-1024x427.jpg.webp 1024w, https:\/\/www.novotek.com\/at\/wp-content\/uploads\/sites\/13\/Petrol_Chemicals_header_header1920x800-e1658496935901-768x320.jpg.webp 768w, https:\/\/www.novotek.com\/at\/wp-content\/uploads\/sites\/13\/Petrol_Chemicals_header_header1920x800-e1658496935901-1536x640.jpg.webp 1536w\" sizes=\"auto, (max-width: 1920px) 100vw, 1920px\" \/>              <\/a>\n    <\/div>\n\n    <div>\n              <h4>Chemie &amp; Kunststoff<\/h4>\n      \n              <p>Skalierbare L\u00f6sungen f\u00fcr den Bereich Chemie &amp; Kunststoff bieten Ihnen ein nie da gewesenes Level an Transparenz und Vernetzung!<\/p>\n      \n      <div>\n        <a href=\"https:\/\/www.novotek.com\/at\/industrie\/chemie\/\">\n          Weiterlesen        <\/a>\n      <\/div>\n    <\/div>\n<\/article>\n<\/div>  <\/div>\n\n  <\/div><\/div>\n\n\n<div class=\"container-md spacer  \">\n<div style=\"height:30px\" aria-hidden=\"true\" class=\"wp-block-spacer\"><\/div>\n<\/div>\n\n<div class=\"cta-block\">\n  <div class=\"container\">\n          <h2>Wir erz\u00e4hlen Ihnen gerne mehr!<\/h2>\n    \n          <div><p>Profitieren Sie von unserem Expertenwissen und holen Sie sich bei uns die Informationen<br \/>\nzur digitalen Transformation, der Automatisierung oder der industriellen IT.<\/p>\n<\/div>\n    \n          <a class=\"btn btn-primary\" href=\"https:\/\/www.novotek.com\/at\/kontakt\/\">Kontaktieren Sie uns<\/a>\n      <\/div>\n<\/div>\n","protected":false},"excerpt":{"rendered":"<p>Amet minim mollit non deserunt ullamco est sit aliqua dolor do amet sint elit officia consequat duis<\/p>\n","protected":false},"author":8,"featured_media":0,"parent":0,"menu_order":1,"comment_status":"closed","ping_status":"closed","template":"","meta":{"_acf_changed":false,"_relevanssi_hide_post":"","_relevanssi_pin_for_all":"","_relevanssi_pin_keywords":"","_relevanssi_unpin_keywords":"","_relevanssi_related_keywords":"","_relevanssi_related_include_ids":"","_relevanssi_related_exclude_ids":"","_relevanssi_related_no_append":"","_relevanssi_related_not_related":"","_relevanssi_related_posts":"1125,1134,1138,1,1114,1145","_relevanssi_noindex_reason":"","footnotes":""},"class_list":["post-177","page","type-page","status-publish","hentry"],"acf":[],"yoast_head":"<!-- This site is optimized with the Yoast SEO plugin v27.4 - https:\/\/yoast.com\/product\/yoast-seo-wordpress\/ -->\n<title>L\u00f6sungen f\u00fcr Ihre Industrie - Novotek Austria<\/title>\n<meta name=\"description\" content=\"Wir liefern Produkte und Digitalisierungsl\u00f6sungen die auf die Bed\u00fcrfnisse unserer Kunden aus verschiedenen Industrien zugeschnitten sind.\" \/>\n<meta name=\"robots\" content=\"index, follow, max-snippet:-1, max-image-preview:large, max-video-preview:-1\" \/>\n<link rel=\"canonical\" href=\"https:\/\/www.novotek.com\/at\/industrie\/\" \/>\n<meta property=\"og:locale\" content=\"de_DE\" \/>\n<meta property=\"og:type\" content=\"article\" \/>\n<meta property=\"og:title\" content=\"L\u00f6sungen f\u00fcr Ihre Industrie - Novotek Austria\" \/>\n<meta property=\"og:description\" content=\"Wir liefern Produkte und Digitalisierungsl\u00f6sungen die auf die Bed\u00fcrfnisse unserer Kunden aus verschiedenen Industrien zugeschnitten sind.\" \/>\n<meta property=\"og:url\" content=\"https:\/\/www.novotek.com\/at\/industrie\/\" \/>\n<meta property=\"og:site_name\" content=\"Novotek Austria\" \/>\n<meta property=\"article:modified_time\" content=\"2025-04-02T12:19:31+00:00\" \/>\n<meta name=\"twitter:card\" content=\"summary_large_image\" \/>\n<script type=\"application\/ld+json\" class=\"yoast-schema-graph\">{\"@context\":\"https:\\\/\\\/schema.org\",\"@graph\":[{\"@type\":\"WebPage\",\"@id\":\"https:\\\/\\\/www.novotek.com\\\/at\\\/industrie\\\/\",\"url\":\"https:\\\/\\\/www.novotek.com\\\/at\\\/industrie\\\/\",\"name\":\"L\u00f6sungen f\u00fcr Ihre Industrie - Novotek Austria\",\"isPartOf\":{\"@id\":\"https:\\\/\\\/www.novotek.com\\\/at\\\/#website\"},\"datePublished\":\"2021-07-16T08:52:18+00:00\",\"dateModified\":\"2025-04-02T12:19:31+00:00\",\"description\":\"Wir liefern Produkte und Digitalisierungsl\u00f6sungen die auf die Bed\u00fcrfnisse unserer Kunden aus verschiedenen Industrien zugeschnitten sind.\",\"breadcrumb\":{\"@id\":\"https:\\\/\\\/www.novotek.com\\\/at\\\/industrie\\\/#breadcrumb\"},\"inLanguage\":\"de-CH\",\"potentialAction\":[{\"@type\":\"ReadAction\",\"target\":[\"https:\\\/\\\/www.novotek.com\\\/at\\\/industrie\\\/\"]}]},{\"@type\":\"BreadcrumbList\",\"@id\":\"https:\\\/\\\/www.novotek.com\\\/at\\\/industrie\\\/#breadcrumb\",\"itemListElement\":[{\"@type\":\"ListItem\",\"position\":1,\"name\":\"Home\",\"item\":\"https:\\\/\\\/www.novotek.com\\\/at\\\/\"},{\"@type\":\"ListItem\",\"position\":2,\"name\":\"Industrie\"}]},{\"@type\":\"WebSite\",\"@id\":\"https:\\\/\\\/www.novotek.com\\\/at\\\/#website\",\"url\":\"https:\\\/\\\/www.novotek.com\\\/at\\\/\",\"name\":\"Novotek Switzerland\",\"description\":\"Connect - Digitalize - Optimize\",\"potentialAction\":[{\"@type\":\"SearchAction\",\"target\":{\"@type\":\"EntryPoint\",\"urlTemplate\":\"https:\\\/\\\/www.novotek.com\\\/at\\\/?s={search_term_string}\"},\"query-input\":{\"@type\":\"PropertyValueSpecification\",\"valueRequired\":true,\"valueName\":\"search_term_string\"}}],\"inLanguage\":\"de-CH\"}]}<\/script>\n<!-- \/ Yoast SEO plugin. -->","yoast_head_json":{"title":"L\u00f6sungen f\u00fcr Ihre Industrie - Novotek Austria","description":"Wir liefern Produkte und Digitalisierungsl\u00f6sungen die auf die Bed\u00fcrfnisse unserer Kunden aus verschiedenen Industrien zugeschnitten sind.","robots":{"index":"index","follow":"follow","max-snippet":"max-snippet:-1","max-image-preview":"max-image-preview:large","max-video-preview":"max-video-preview:-1"},"canonical":"https:\/\/www.novotek.com\/at\/industrie\/","og_locale":"de_DE","og_type":"article","og_title":"L\u00f6sungen f\u00fcr Ihre Industrie - Novotek Austria","og_description":"Wir liefern Produkte und Digitalisierungsl\u00f6sungen die auf die Bed\u00fcrfnisse unserer Kunden aus verschiedenen Industrien zugeschnitten sind.","og_url":"https:\/\/www.novotek.com\/at\/industrie\/","og_site_name":"Novotek Austria","article_modified_time":"2025-04-02T12:19:31+00:00","twitter_card":"summary_large_image","schema":{"@context":"https:\/\/schema.org","@graph":[{"@type":"WebPage","@id":"https:\/\/www.novotek.com\/at\/industrie\/","url":"https:\/\/www.novotek.com\/at\/industrie\/","name":"L\u00f6sungen f\u00fcr Ihre Industrie - Novotek Austria","isPartOf":{"@id":"https:\/\/www.novotek.com\/at\/#website"},"datePublished":"2021-07-16T08:52:18+00:00","dateModified":"2025-04-02T12:19:31+00:00","description":"Wir liefern Produkte und Digitalisierungsl\u00f6sungen die auf die Bed\u00fcrfnisse unserer Kunden aus verschiedenen Industrien zugeschnitten sind.","breadcrumb":{"@id":"https:\/\/www.novotek.com\/at\/industrie\/#breadcrumb"},"inLanguage":"de-CH","potentialAction":[{"@type":"ReadAction","target":["https:\/\/www.novotek.com\/at\/industrie\/"]}]},{"@type":"BreadcrumbList","@id":"https:\/\/www.novotek.com\/at\/industrie\/#breadcrumb","itemListElement":[{"@type":"ListItem","position":1,"name":"Home","item":"https:\/\/www.novotek.com\/at\/"},{"@type":"ListItem","position":2,"name":"Industrie"}]},{"@type":"WebSite","@id":"https:\/\/www.novotek.com\/at\/#website","url":"https:\/\/www.novotek.com\/at\/","name":"Novotek Switzerland","description":"Connect - Digitalize - Optimize","potentialAction":[{"@type":"SearchAction","target":{"@type":"EntryPoint","urlTemplate":"https:\/\/www.novotek.com\/at\/?s={search_term_string}"},"query-input":{"@type":"PropertyValueSpecification","valueRequired":true,"valueName":"search_term_string"}}],"inLanguage":"de-CH"}]}},"_links":{"self":[{"href":"https:\/\/www.novotek.com\/at\/wp-json\/wp\/v2\/pages\/177","targetHints":{"allow":["GET"]}}],"collection":[{"href":"https:\/\/www.novotek.com\/at\/wp-json\/wp\/v2\/pages"}],"about":[{"href":"https:\/\/www.novotek.com\/at\/wp-json\/wp\/v2\/types\/page"}],"author":[{"embeddable":true,"href":"https:\/\/www.novotek.com\/at\/wp-json\/wp\/v2\/users\/8"}],"replies":[{"embeddable":true,"href":"https:\/\/www.novotek.com\/at\/wp-json\/wp\/v2\/comments?post=177"}],"version-history":[{"count":32,"href":"https:\/\/www.novotek.com\/at\/wp-json\/wp\/v2\/pages\/177\/revisions"}],"predecessor-version":[{"id":22315,"href":"https:\/\/www.novotek.com\/at\/wp-json\/wp\/v2\/pages\/177\/revisions\/22315"}],"wp:attachment":[{"href":"https:\/\/www.novotek.com\/at\/wp-json\/wp\/v2\/media?parent=177"}],"curies":[{"name":"wp","href":"https:\/\/api.w.org\/{rel}","templated":true}]}}