{"id":20666,"date":"2024-04-16T09:30:49","date_gmt":"2024-04-16T09:30:49","guid":{"rendered":"https:\/\/www.novotek.ch\/?page_id=20666"},"modified":"2026-04-29T13:19:03","modified_gmt":"2026-04-29T13:19:03","slug":"danke","status":"publish","type":"page","link":"https:\/\/www.novotek.com\/at\/danke\/","title":{"rendered":"Vielen Dank f\u00fcr Ihre Nachricht"},"content":{"rendered":"<div class=\"container-md spacer  \">\n<div style=\"height:100px\" aria-hidden=\"true\" class=\"wp-block-spacer\"><\/div>\n<\/div>\n\n<div class=\"container media-text  alignwide\">\n<div class=\"wp-block-media-text alignwide has-media-on-the-right is-stacked-on-mobile is-vertically-aligned-top\" style=\"grid-template-columns:auto 20%\"><div class=\"wp-block-media-text__content\"><div class=\"container-md heading  \">\n<h1 class=\"wp-block-heading\">Vielen Dank f\u00fcr Ihre Nachricht. Wir melden uns in K\u00fcrze bei Ihnen.<\/h1>\n<\/div><\/div><figure class=\"wp-block-media-text__media\"><img loading=\"lazy\" decoding=\"async\" width=\"500\" height=\"500\" src=\"https:\/\/www.novotek.com\/at\/wp-content\/uploads\/sites\/13\/mail-erhalten-icon.png\" alt=\"\" class=\"wp-image-21055 size-full\" srcset=\"https:\/\/www.novotek.com\/at\/wp-content\/uploads\/sites\/13\/mail-erhalten-icon.png 500w, https:\/\/www.novotek.com\/at\/wp-content\/uploads\/sites\/13\/mail-erhalten-icon-300x300.png 300w, https:\/\/www.novotek.com\/at\/wp-content\/uploads\/sites\/13\/mail-erhalten-icon-150x150.png 150w, https:\/\/www.novotek.com\/at\/wp-content\/uploads\/sites\/13\/mail-erhalten-icon-86x86.png 86w, https:\/\/www.novotek.com\/at\/wp-content\/uploads\/sites\/13\/mail-erhalten-icon-306x306.png 306w\" sizes=\"auto, (max-width: 500px) 100vw, 500px\" \/><\/figure><\/div>\n<\/div>\n\n<div class=\"container-md spacer  \">\n<div style=\"height:100px\" aria-hidden=\"true\" class=\"wp-block-spacer\"><\/div>\n<\/div>\n\n  <div class=\"slider-column-parent\">\n    <div class=\"container\">\n      <div class=\"slider-column-title\">Novotek Austria<\/div>\n\n      <div class=\"slider-column\">\n        <div class=\"slider-cell carousel-cell large\"><div class=\"column-box\">\n  \n      <div class=\"title\">\n      So finden Sie uns    <\/div>\n  \n      <div class=\"text\">\n      <p><strong>Novotek Austria GmbH<br \/>\n<\/strong>Pallstra\u00dfe 2<br \/>\n7503 Gro\u00dfpetersdorf<\/p>\n<p><!-- \/wp:paragraph --> <!-- wp:paragraph --><\/p>\n<p>Email: <a href=\"mailto:office.austria@novotek.com\">office.austria@novotek.com<\/a><br \/>\n<a href=\"tel:01135312400\">Tel: +43 <\/a><a href=\"tel:+43336221012\">3362 21012<\/a><\/p>\n<p><img loading=\"lazy\" decoding=\"async\" class=\"alignnone size-medium wp-image-17628\" src=\"https:\/\/www.novotek.com\/at\/wp-content\/uploads\/sites\/13\/novotek-logotyp-rgb-pos-300x87.jpg\" alt=\"\" width=\"300\" height=\"87\" srcset=\"https:\/\/www.novotek.com\/at\/wp-content\/uploads\/sites\/13\/novotek-logotyp-rgb-pos-300x87.jpg 300w, https:\/\/www.novotek.com\/at\/wp-content\/uploads\/sites\/13\/novotek-logotyp-rgb-pos-1024x297.jpg 1024w, https:\/\/www.novotek.com\/at\/wp-content\/uploads\/sites\/13\/novotek-logotyp-rgb-pos-768x223.jpg 768w, https:\/\/www.novotek.com\/at\/wp-content\/uploads\/sites\/13\/novotek-logotyp-rgb-pos-1536x445.jpg 1536w, https:\/\/www.novotek.com\/at\/wp-content\/uploads\/sites\/13\/novotek-logotyp-rgb-pos.jpg 1794w\" sizes=\"auto, (max-width: 300px) 100vw, 300px\" \/><\/p>\n    <\/div>\n  \n  \n  <\/div>\n\n<\/div><div class=\"slider-cell carousel-cell large\"><div class=\"column-box\">\n  \n      <div class=\"title\">\n      Eventkalender    <\/div>\n  \n      <div class=\"text\">\n      <p>Werfen Sie einen Blick auf die Veranstaltungen, die Novotek regelm\u00e4ssig zu Themen wie Connectivity, OT Security und Industrie 4.0 organisiert. Wir freuen uns auf Ihren Besuch.<\/p>\n    <\/div>\n  \n      <a class=\"link\"  href=\"https:\/\/www.novotek.com\/at\/ueber-uns\/eventkalender\/\" target=\"_blank\">\n      Eventkalender    <\/a>\n  \n  <\/div>\n\n<\/div>      <\/div>\n    <\/div>\n  <\/div>\n","protected":false},"excerpt":{"rendered":"<p>Vielen Dank f\u00fcr Ihre Nachricht. Wir melden uns in K\u00fcrze bei Ihnen.<\/p>\n","protected":false},"author":5,"featured_media":0,"parent":0,"menu_order":0,"comment_status":"closed","ping_status":"closed","template":"","meta":{"_acf_changed":false,"_relevanssi_hide_post":"","_relevanssi_pin_for_all":"","_relevanssi_pin_keywords":"","_relevanssi_unpin_keywords":"","_relevanssi_related_keywords":"","_relevanssi_related_include_ids":"","_relevanssi_related_exclude_ids":"","_relevanssi_related_no_append":"","_relevanssi_related_not_related":"","_relevanssi_related_posts":"16834,16735,19390,16971,18175,4907","_relevanssi_noindex_reason":"","footnotes":""},"class_list":["post-20666","page","type-page","status-publish","hentry"],"acf":[],"yoast_head":"<!-- This site is optimized with the Yoast SEO plugin v27.5 - https:\/\/yoast.com\/product\/yoast-seo-wordpress\/ -->\n<title>Vielen Dank f\u00fcr Ihre Nachricht - Novotek Austria<\/title>\n<meta name=\"robots\" content=\"index, follow, max-snippet:-1, max-image-preview:large, max-video-preview:-1\" \/>\n<link rel=\"canonical\" href=\"https:\/\/www.novotek.com\/at\/danke\/\" \/>\n<meta property=\"og:locale\" content=\"de_DE\" \/>\n<meta property=\"og:type\" content=\"article\" \/>\n<meta property=\"og:title\" content=\"Vielen Dank f\u00fcr Ihre Nachricht - Novotek Austria\" \/>\n<meta property=\"og:description\" content=\"Vielen Dank f\u00fcr Ihre Nachricht. Wir melden uns in K\u00fcrze bei Ihnen.\" \/>\n<meta property=\"og:url\" content=\"https:\/\/www.novotek.com\/at\/danke\/\" \/>\n<meta property=\"og:site_name\" content=\"Novotek Austria\" \/>\n<meta property=\"article:modified_time\" content=\"2026-04-29T13:19:03+00:00\" \/>\n<meta property=\"og:image\" content=\"https:\/\/www.novotek.com\/at\/wp-content\/uploads\/sites\/13\/mail-erhalten-icon.png\" \/>\n\t<meta property=\"og:image:width\" content=\"500\" \/>\n\t<meta property=\"og:image:height\" content=\"500\" \/>\n\t<meta property=\"og:image:type\" content=\"image\/png\" \/>\n<meta name=\"twitter:card\" content=\"summary_large_image\" \/>\n<meta name=\"twitter:label1\" content=\"Gesch\u00e4tzte Lesezeit\" \/>\n\t<meta name=\"twitter:data1\" content=\"1\u00a0Minute\" \/>\n<script type=\"application\/ld+json\" class=\"yoast-schema-graph\">{\"@context\":\"https:\\\/\\\/schema.org\",\"@graph\":[{\"@type\":\"WebPage\",\"@id\":\"https:\\\/\\\/www.novotek.com\\\/at\\\/danke\\\/\",\"url\":\"https:\\\/\\\/www.novotek.com\\\/at\\\/danke\\\/\",\"name\":\"Vielen Dank f\u00fcr Ihre Nachricht - Novotek Austria\",\"isPartOf\":{\"@id\":\"https:\\\/\\\/www.novotek.com\\\/at\\\/#website\"},\"primaryImageOfPage\":{\"@id\":\"https:\\\/\\\/www.novotek.com\\\/at\\\/danke\\\/#primaryimage\"},\"image\":{\"@id\":\"https:\\\/\\\/www.novotek.com\\\/at\\\/danke\\\/#primaryimage\"},\"thumbnailUrl\":\"https:\\\/\\\/www.novotek.com\\\/at\\\/wp-content\\\/uploads\\\/sites\\\/13\\\/mail-erhalten-icon.png\",\"datePublished\":\"2024-04-16T09:30:49+00:00\",\"dateModified\":\"2026-04-29T13:19:03+00:00\",\"breadcrumb\":{\"@id\":\"https:\\\/\\\/www.novotek.com\\\/at\\\/danke\\\/#breadcrumb\"},\"inLanguage\":\"de-CH\",\"potentialAction\":[{\"@type\":\"ReadAction\",\"target\":[\"https:\\\/\\\/www.novotek.com\\\/at\\\/danke\\\/\"]}]},{\"@type\":\"ImageObject\",\"inLanguage\":\"de-CH\",\"@id\":\"https:\\\/\\\/www.novotek.com\\\/at\\\/danke\\\/#primaryimage\",\"url\":\"https:\\\/\\\/www.novotek.com\\\/at\\\/wp-content\\\/uploads\\\/sites\\\/13\\\/mail-erhalten-icon.png\",\"contentUrl\":\"https:\\\/\\\/www.novotek.com\\\/at\\\/wp-content\\\/uploads\\\/sites\\\/13\\\/mail-erhalten-icon.png\",\"width\":500,\"height\":500},{\"@type\":\"BreadcrumbList\",\"@id\":\"https:\\\/\\\/www.novotek.com\\\/at\\\/danke\\\/#breadcrumb\",\"itemListElement\":[{\"@type\":\"ListItem\",\"position\":1,\"name\":\"Home\",\"item\":\"https:\\\/\\\/www.novotek.com\\\/at\\\/\"},{\"@type\":\"ListItem\",\"position\":2,\"name\":\"Vielen Dank f\u00fcr Ihre Nachricht\"}]},{\"@type\":\"WebSite\",\"@id\":\"https:\\\/\\\/www.novotek.com\\\/at\\\/#website\",\"url\":\"https:\\\/\\\/www.novotek.com\\\/at\\\/\",\"name\":\"Novotek Switzerland\",\"description\":\"Connect - Digitalize - Optimize\",\"potentialAction\":[{\"@type\":\"SearchAction\",\"target\":{\"@type\":\"EntryPoint\",\"urlTemplate\":\"https:\\\/\\\/www.novotek.com\\\/at\\\/?s={search_term_string}\"},\"query-input\":{\"@type\":\"PropertyValueSpecification\",\"valueRequired\":true,\"valueName\":\"search_term_string\"}}],\"inLanguage\":\"de-CH\"}]}<\/script>\n<!-- \/ Yoast SEO plugin. -->","yoast_head_json":{"title":"Vielen Dank f\u00fcr Ihre Nachricht - Novotek Austria","robots":{"index":"index","follow":"follow","max-snippet":"max-snippet:-1","max-image-preview":"max-image-preview:large","max-video-preview":"max-video-preview:-1"},"canonical":"https:\/\/www.novotek.com\/at\/danke\/","og_locale":"de_DE","og_type":"article","og_title":"Vielen Dank f\u00fcr Ihre Nachricht - Novotek Austria","og_description":"Vielen Dank f\u00fcr Ihre Nachricht. Wir melden uns in K\u00fcrze bei Ihnen.","og_url":"https:\/\/www.novotek.com\/at\/danke\/","og_site_name":"Novotek Austria","article_modified_time":"2026-04-29T13:19:03+00:00","og_image":[{"width":500,"height":500,"url":"https:\/\/www.novotek.com\/at\/wp-content\/uploads\/sites\/13\/mail-erhalten-icon.png","type":"image\/png"}],"twitter_card":"summary_large_image","twitter_misc":{"Gesch\u00e4tzte Lesezeit":"1\u00a0Minute"},"schema":{"@context":"https:\/\/schema.org","@graph":[{"@type":"WebPage","@id":"https:\/\/www.novotek.com\/at\/danke\/","url":"https:\/\/www.novotek.com\/at\/danke\/","name":"Vielen Dank f\u00fcr Ihre Nachricht - Novotek Austria","isPartOf":{"@id":"https:\/\/www.novotek.com\/at\/#website"},"primaryImageOfPage":{"@id":"https:\/\/www.novotek.com\/at\/danke\/#primaryimage"},"image":{"@id":"https:\/\/www.novotek.com\/at\/danke\/#primaryimage"},"thumbnailUrl":"https:\/\/www.novotek.com\/at\/wp-content\/uploads\/sites\/13\/mail-erhalten-icon.png","datePublished":"2024-04-16T09:30:49+00:00","dateModified":"2026-04-29T13:19:03+00:00","breadcrumb":{"@id":"https:\/\/www.novotek.com\/at\/danke\/#breadcrumb"},"inLanguage":"de-CH","potentialAction":[{"@type":"ReadAction","target":["https:\/\/www.novotek.com\/at\/danke\/"]}]},{"@type":"ImageObject","inLanguage":"de-CH","@id":"https:\/\/www.novotek.com\/at\/danke\/#primaryimage","url":"https:\/\/www.novotek.com\/at\/wp-content\/uploads\/sites\/13\/mail-erhalten-icon.png","contentUrl":"https:\/\/www.novotek.com\/at\/wp-content\/uploads\/sites\/13\/mail-erhalten-icon.png","width":500,"height":500},{"@type":"BreadcrumbList","@id":"https:\/\/www.novotek.com\/at\/danke\/#breadcrumb","itemListElement":[{"@type":"ListItem","position":1,"name":"Home","item":"https:\/\/www.novotek.com\/at\/"},{"@type":"ListItem","position":2,"name":"Vielen Dank f\u00fcr Ihre Nachricht"}]},{"@type":"WebSite","@id":"https:\/\/www.novotek.com\/at\/#website","url":"https:\/\/www.novotek.com\/at\/","name":"Novotek Switzerland","description":"Connect - Digitalize - Optimize","potentialAction":[{"@type":"SearchAction","target":{"@type":"EntryPoint","urlTemplate":"https:\/\/www.novotek.com\/at\/?s={search_term_string}"},"query-input":{"@type":"PropertyValueSpecification","valueRequired":true,"valueName":"search_term_string"}}],"inLanguage":"de-CH"}]}},"_links":{"self":[{"href":"https:\/\/www.novotek.com\/at\/wp-json\/wp\/v2\/pages\/20666","targetHints":{"allow":["GET"]}}],"collection":[{"href":"https:\/\/www.novotek.com\/at\/wp-json\/wp\/v2\/pages"}],"about":[{"href":"https:\/\/www.novotek.com\/at\/wp-json\/wp\/v2\/types\/page"}],"author":[{"embeddable":true,"href":"https:\/\/www.novotek.com\/at\/wp-json\/wp\/v2\/users\/5"}],"replies":[{"embeddable":true,"href":"https:\/\/www.novotek.com\/at\/wp-json\/wp\/v2\/comments?post=20666"}],"version-history":[{"count":32,"href":"https:\/\/www.novotek.com\/at\/wp-json\/wp\/v2\/pages\/20666\/revisions"}],"predecessor-version":[{"id":28722,"href":"https:\/\/www.novotek.com\/at\/wp-json\/wp\/v2\/pages\/20666\/revisions\/28722"}],"wp:attachment":[{"href":"https:\/\/www.novotek.com\/at\/wp-json\/wp\/v2\/media?parent=20666"}],"curies":[{"name":"wp","href":"https:\/\/api.w.org\/{rel}","templated":true}]}}