{"id":20667,"date":"2024-04-16T09:31:10","date_gmt":"2024-04-16T09:31:10","guid":{"rendered":"https:\/\/www.novotek.ch\/?page_id=20667"},"modified":"2025-04-29T07:46:35","modified_gmt":"2025-04-29T07:46:35","slug":"ein-fehler-ist-aufgetreten","status":"publish","type":"page","link":"https:\/\/www.novotek.com\/at\/ein-fehler-ist-aufgetreten\/","title":{"rendered":"Ein Fehler ist aufgetreten"},"content":{"rendered":"<div class=\"container-md spacer  \">\n<div style=\"height:100px\" aria-hidden=\"true\" class=\"wp-block-spacer\"><\/div>\n<\/div>\n\n<div class=\"container-md heading  \">\n<h1 class=\"wp-block-heading\">Oops! Etwas ist schief gelaufen&#8230;<\/h1>\n<\/div>\n\n<div class=\"container-md paragraph  \">\n<p>Es tut uns leid, aber Ihre Anfrage konnte nicht \u00fcbermittelt werden.<\/p>\n<\/div>\n\n<div class=\"container-md spacer  \">\n<div style=\"height:50px\" aria-hidden=\"true\" class=\"wp-block-spacer\"><\/div>\n<\/div>\n\n<div class=\"container-md heading  \">\n<h3 class=\"wp-block-heading\">Was k\u00f6nnen Sie tun?<\/h3>\n<\/div>\n\n<div class=\"container-md list  \">\n<ul class=\"wp-block-list\"><div class=\"container-md list-item  \">\n<li><strong>Aktualisieren Sie die Seite<\/strong> und f\u00fcllen Sie das Formular noch einmal aus.<\/li>\n<\/div>\n\n<div class=\"container-md list-item  \">\n<li><strong>Wenden Sie sich direkt an die zust\u00e4ndige Abteilung<\/strong> f\u00fcr Ihr Anliegen. Die Adressen finden Sie gleich unten.<\/li>\n<\/div><\/ul>\n<\/div>\n\n<div class=\"container-md paragraph  \">\n<p>Wir danken Ihnen f\u00fcr Ihr Verst\u00e4ndnis und Ihre Geduld.<\/p>\n<\/div>\n\n<div class=\"container-md paragraph  \">\n<p><a href=\"https:\/\/www.novotek.com\/at\/\"><strong>Zur\u00fcck zur Startseite<\/strong><\/a><\/p>\n<\/div>\n\n<div class=\"container-md spacer  \">\n<div style=\"height:100px\" aria-hidden=\"true\" class=\"wp-block-spacer\"><\/div>\n<\/div>\n\n<div class=\"container-md heading  \">\n<h4 class=\"wp-block-heading\">Allgemeine Fragen:<\/h4>\n<\/div>\n\n<div class=\"container-md paragraph  \">\n<p><a href=\"mailto:office.austria@novotek.com\" target=\"_blank\" rel=\"noreferrer noopener\">office.austria@novotek.com<\/a><\/p>\n<\/div>\n\n<div class=\"container-md spacer  \">\n<div style=\"height:100px\" aria-hidden=\"true\" class=\"wp-block-spacer\"><\/div>\n<\/div>","protected":false},"excerpt":{"rendered":"<p>Oops! Etwas ist schief gelaufen&#8230; Es tut uns leid, aber Ihre Anfrage konnte nicht \u00fcbermittelt werden. Was k\u00f6nnen Sie tun? Wir danken Ihnen f\u00fcr Ihr Verst\u00e4ndnis und Ihre Geduld. Zur\u00fcck zur Startseite Allgemeine Fragen: office.austria@novotek.com<\/p>\n","protected":false},"author":5,"featured_media":0,"parent":0,"menu_order":0,"comment_status":"closed","ping_status":"closed","template":"","meta":{"_acf_changed":false,"_relevanssi_hide_post":"","_relevanssi_pin_for_all":"","_relevanssi_pin_keywords":"","_relevanssi_unpin_keywords":"","_relevanssi_related_keywords":"","_relevanssi_related_include_ids":"","_relevanssi_related_exclude_ids":"","_relevanssi_related_no_append":"","_relevanssi_related_not_related":"","_relevanssi_related_posts":"19772,6214,16507,17502,12096,12849","_relevanssi_noindex_reason":"","footnotes":""},"class_list":["post-20667","page","type-page","status-publish","hentry"],"acf":[],"yoast_head":"<!-- This site is optimized with the Yoast SEO plugin v27.5 - https:\/\/yoast.com\/product\/yoast-seo-wordpress\/ -->\n<title>Ein Fehler ist aufgetreten - Novotek Austria<\/title>\n<meta name=\"robots\" content=\"index, follow, max-snippet:-1, max-image-preview:large, max-video-preview:-1\" \/>\n<link rel=\"canonical\" href=\"https:\/\/www.novotek.com\/at\/ein-fehler-ist-aufgetreten\/\" \/>\n<meta property=\"og:locale\" content=\"de_DE\" \/>\n<meta property=\"og:type\" content=\"article\" \/>\n<meta property=\"og:title\" content=\"Ein Fehler ist aufgetreten - Novotek Austria\" \/>\n<meta property=\"og:description\" content=\"Oops! Etwas ist schief gelaufen&#8230; Es tut uns leid, aber Ihre Anfrage konnte nicht \u00fcbermittelt werden. Was k\u00f6nnen Sie tun? Wir danken Ihnen f\u00fcr Ihr Verst\u00e4ndnis und Ihre Geduld. Zur\u00fcck zur Startseite Allgemeine Fragen: office.austria@novotek.com\" \/>\n<meta property=\"og:url\" content=\"https:\/\/www.novotek.com\/at\/ein-fehler-ist-aufgetreten\/\" \/>\n<meta property=\"og:site_name\" content=\"Novotek Austria\" \/>\n<meta property=\"article:modified_time\" content=\"2025-04-29T07:46:35+00:00\" \/>\n<meta name=\"twitter:card\" content=\"summary_large_image\" \/>\n<meta name=\"twitter:label1\" content=\"Gesch\u00e4tzte Lesezeit\" \/>\n\t<meta name=\"twitter:data1\" content=\"1\u00a0Minute\" \/>\n<script type=\"application\/ld+json\" class=\"yoast-schema-graph\">{\"@context\":\"https:\\\/\\\/schema.org\",\"@graph\":[{\"@type\":\"WebPage\",\"@id\":\"https:\\\/\\\/www.novotek.com\\\/at\\\/ein-fehler-ist-aufgetreten\\\/\",\"url\":\"https:\\\/\\\/www.novotek.com\\\/at\\\/ein-fehler-ist-aufgetreten\\\/\",\"name\":\"Ein Fehler ist aufgetreten - Novotek Austria\",\"isPartOf\":{\"@id\":\"https:\\\/\\\/www.novotek.com\\\/at\\\/#website\"},\"datePublished\":\"2024-04-16T09:31:10+00:00\",\"dateModified\":\"2025-04-29T07:46:35+00:00\",\"breadcrumb\":{\"@id\":\"https:\\\/\\\/www.novotek.com\\\/at\\\/ein-fehler-ist-aufgetreten\\\/#breadcrumb\"},\"inLanguage\":\"de-CH\",\"potentialAction\":[{\"@type\":\"ReadAction\",\"target\":[\"https:\\\/\\\/www.novotek.com\\\/at\\\/ein-fehler-ist-aufgetreten\\\/\"]}]},{\"@type\":\"BreadcrumbList\",\"@id\":\"https:\\\/\\\/www.novotek.com\\\/at\\\/ein-fehler-ist-aufgetreten\\\/#breadcrumb\",\"itemListElement\":[{\"@type\":\"ListItem\",\"position\":1,\"name\":\"Home\",\"item\":\"https:\\\/\\\/www.novotek.com\\\/at\\\/\"},{\"@type\":\"ListItem\",\"position\":2,\"name\":\"Ein Fehler ist aufgetreten\"}]},{\"@type\":\"WebSite\",\"@id\":\"https:\\\/\\\/www.novotek.com\\\/at\\\/#website\",\"url\":\"https:\\\/\\\/www.novotek.com\\\/at\\\/\",\"name\":\"Novotek Switzerland\",\"description\":\"Connect - Digitalize - Optimize\",\"potentialAction\":[{\"@type\":\"SearchAction\",\"target\":{\"@type\":\"EntryPoint\",\"urlTemplate\":\"https:\\\/\\\/www.novotek.com\\\/at\\\/?s={search_term_string}\"},\"query-input\":{\"@type\":\"PropertyValueSpecification\",\"valueRequired\":true,\"valueName\":\"search_term_string\"}}],\"inLanguage\":\"de-CH\"}]}<\/script>\n<!-- \/ Yoast SEO plugin. -->","yoast_head_json":{"title":"Ein Fehler ist aufgetreten - Novotek Austria","robots":{"index":"index","follow":"follow","max-snippet":"max-snippet:-1","max-image-preview":"max-image-preview:large","max-video-preview":"max-video-preview:-1"},"canonical":"https:\/\/www.novotek.com\/at\/ein-fehler-ist-aufgetreten\/","og_locale":"de_DE","og_type":"article","og_title":"Ein Fehler ist aufgetreten - Novotek Austria","og_description":"Oops! Etwas ist schief gelaufen&#8230; Es tut uns leid, aber Ihre Anfrage konnte nicht \u00fcbermittelt werden. Was k\u00f6nnen Sie tun? Wir danken Ihnen f\u00fcr Ihr Verst\u00e4ndnis und Ihre Geduld. Zur\u00fcck zur Startseite Allgemeine Fragen: office.austria@novotek.com","og_url":"https:\/\/www.novotek.com\/at\/ein-fehler-ist-aufgetreten\/","og_site_name":"Novotek Austria","article_modified_time":"2025-04-29T07:46:35+00:00","twitter_card":"summary_large_image","twitter_misc":{"Gesch\u00e4tzte Lesezeit":"1\u00a0Minute"},"schema":{"@context":"https:\/\/schema.org","@graph":[{"@type":"WebPage","@id":"https:\/\/www.novotek.com\/at\/ein-fehler-ist-aufgetreten\/","url":"https:\/\/www.novotek.com\/at\/ein-fehler-ist-aufgetreten\/","name":"Ein Fehler ist aufgetreten - Novotek Austria","isPartOf":{"@id":"https:\/\/www.novotek.com\/at\/#website"},"datePublished":"2024-04-16T09:31:10+00:00","dateModified":"2025-04-29T07:46:35+00:00","breadcrumb":{"@id":"https:\/\/www.novotek.com\/at\/ein-fehler-ist-aufgetreten\/#breadcrumb"},"inLanguage":"de-CH","potentialAction":[{"@type":"ReadAction","target":["https:\/\/www.novotek.com\/at\/ein-fehler-ist-aufgetreten\/"]}]},{"@type":"BreadcrumbList","@id":"https:\/\/www.novotek.com\/at\/ein-fehler-ist-aufgetreten\/#breadcrumb","itemListElement":[{"@type":"ListItem","position":1,"name":"Home","item":"https:\/\/www.novotek.com\/at\/"},{"@type":"ListItem","position":2,"name":"Ein Fehler ist aufgetreten"}]},{"@type":"WebSite","@id":"https:\/\/www.novotek.com\/at\/#website","url":"https:\/\/www.novotek.com\/at\/","name":"Novotek Switzerland","description":"Connect - Digitalize - Optimize","potentialAction":[{"@type":"SearchAction","target":{"@type":"EntryPoint","urlTemplate":"https:\/\/www.novotek.com\/at\/?s={search_term_string}"},"query-input":{"@type":"PropertyValueSpecification","valueRequired":true,"valueName":"search_term_string"}}],"inLanguage":"de-CH"}]}},"_links":{"self":[{"href":"https:\/\/www.novotek.com\/at\/wp-json\/wp\/v2\/pages\/20667","targetHints":{"allow":["GET"]}}],"collection":[{"href":"https:\/\/www.novotek.com\/at\/wp-json\/wp\/v2\/pages"}],"about":[{"href":"https:\/\/www.novotek.com\/at\/wp-json\/wp\/v2\/types\/page"}],"author":[{"embeddable":true,"href":"https:\/\/www.novotek.com\/at\/wp-json\/wp\/v2\/users\/5"}],"replies":[{"embeddable":true,"href":"https:\/\/www.novotek.com\/at\/wp-json\/wp\/v2\/comments?post=20667"}],"version-history":[{"count":7,"href":"https:\/\/www.novotek.com\/at\/wp-json\/wp\/v2\/pages\/20667\/revisions"}],"predecessor-version":[{"id":25121,"href":"https:\/\/www.novotek.com\/at\/wp-json\/wp\/v2\/pages\/20667\/revisions\/25121"}],"wp:attachment":[{"href":"https:\/\/www.novotek.com\/at\/wp-json\/wp\/v2\/media?parent=20667"}],"curies":[{"name":"wp","href":"https:\/\/api.w.org\/{rel}","templated":true}]}}