{"id":21968,"date":"2025-01-10T09:50:44","date_gmt":"2025-01-10T09:50:44","guid":{"rendered":"https:\/\/www.novotek.com\/at\/?page_id=21968"},"modified":"2025-08-18T12:58:52","modified_gmt":"2025-08-18T12:58:52","slug":"analyse","status":"publish","type":"page","link":"https:\/\/www.novotek.com\/at\/dienstleistungen\/analyse\/","title":{"rendered":"Analyse"},"content":{"rendered":"  <div class=\"hero\">\n    <div class=\"carousel hero-slider small\" data-flickity data-flickity-options='{\"prevNextButtons\": false}'>\n              <div class=\"carousel-cell\">\n          <div class=\"container\">\n            <div class=\"hero-content\">\n                              <h1>Pers\u00f6nliche Analyse<\/h1>\n<p><strong>Zu Beginn steht f\u00fcr uns die Erstanalyse Ihrer Anforderungen und die Ausarbeitung der &#171;smartesten&#187; L\u00f6sung f\u00fcr Sie.<br \/>\n<\/strong><\/p>\n              \n                          <\/div>\n          <\/div>\n\n          <img decoding=\"async\" width=\"1024\" height=\"680\" src=\"https:\/\/www.novotek.com\/at\/wp-content\/uploads\/sites\/13\/Analyse-1024x680.jpg.webp\" class=\"hero-bg\" alt=\"Hero Img\" fetchpriority=\"high\" srcset=\"https:\/\/www.novotek.com\/at\/wp-content\/uploads\/sites\/13\/Analyse-1024x680.jpg.webp 1024w, https:\/\/www.novotek.com\/at\/wp-content\/uploads\/sites\/13\/Analyse-300x199.jpg.webp 300w, https:\/\/www.novotek.com\/at\/wp-content\/uploads\/sites\/13\/Analyse-768x510.jpg.webp 768w, https:\/\/www.novotek.com\/at\/wp-content\/uploads\/sites\/13\/Analyse-86x57.jpg.webp 86w, https:\/\/www.novotek.com\/at\/wp-content\/uploads\/sites\/13\/Analyse-306x203.jpg.webp 306w, https:\/\/www.novotek.com\/at\/wp-content\/uploads\/sites\/13\/Analyse-636x423.jpg.webp 636w, https:\/\/www.novotek.com\/at\/wp-content\/uploads\/sites\/13\/Analyse.jpg.webp 1505w\" sizes=\"(max-width: 1024px) 100vw, 1024px\" \/>                  <\/div>\n          <\/div>\n\n      <\/div>\n\n   \n\n\n<div class=\"container media-text  alignwide\">\n<div class=\"wp-block-media-text alignwide has-media-on-the-right is-stacked-on-mobile\" style=\"grid-template-columns:auto 47%\"><div class=\"wp-block-media-text__content\"><div class=\"container-md heading  \">\n<h2 class=\"wp-block-heading\" id=\"h-dank-unserem-fachwissen-die-optimale-losung-finden\"><strong>Der Anfang<\/strong><\/h2>\n<\/div>\n\n<div class=\"container-md paragraph  \">\n<p>Zu Beginn steht f\u00fcr uns die Erst- Analyse Ihrer Anforderungen und die Ausarbeitung der \u201esmartesten\u201c L\u00f6sung, die optimal auf Ihre technischen und wirtschaftlichen Bed\u00fcrfnisse zugeschnitten ist. Dabei legen wir besonderen Wert darauf, nicht nur kurzfristige Ziele zu ber\u00fccksichtigen, sondern auch langfristige Perspektiven und m\u00f6gliche zuk\u00fcnftige Entwicklungen in Ihre individuelle L\u00f6sung einzubeziehen. Erst danach folgen die weiteren Schritte, bei denen es um die detaillierte Projektplanung, die Auswahl geeigneter Technologien sowie die professionelle Umsetzung geht.<\/p>\n<\/div>\n\n<div class=\"container-md paragraph  \">\n<p><\/p>\n<\/div><\/div><figure class=\"wp-block-media-text__media\"><img loading=\"lazy\" decoding=\"async\" width=\"1024\" height=\"727\" src=\"https:\/\/www.novotek.com\/at\/wp-content\/uploads\/sites\/13\/Analyse-02-1024x727.jpg\" alt=\"\" class=\"wp-image-21974 size-full\" srcset=\"https:\/\/www.novotek.com\/at\/wp-content\/uploads\/sites\/13\/Analyse-02-1024x727.jpg 1024w, https:\/\/www.novotek.com\/at\/wp-content\/uploads\/sites\/13\/Analyse-02-300x213.jpg 300w, https:\/\/www.novotek.com\/at\/wp-content\/uploads\/sites\/13\/Analyse-02-768x545.jpg 768w, https:\/\/www.novotek.com\/at\/wp-content\/uploads\/sites\/13\/Analyse-02-86x61.jpg 86w, https:\/\/www.novotek.com\/at\/wp-content\/uploads\/sites\/13\/Analyse-02-306x217.jpg 306w, https:\/\/www.novotek.com\/at\/wp-content\/uploads\/sites\/13\/Analyse-02-636x452.jpg 636w, https:\/\/www.novotek.com\/at\/wp-content\/uploads\/sites\/13\/Analyse-02.jpg 1408w\" sizes=\"auto, (max-width: 1024px) 100vw, 1024px\" \/><\/figure><\/div>\n<\/div>\n\n<div class=\"container-md paragraph  \">\n<p>W\u00e4hrend des gesamten Prozesses stehen wir Ihnen als verl\u00e4sslicher Partner zur Seite, der Ihre Interessen stets im Blick hat und flexibel auf Ver\u00e4nderungen reagieren kann. Sie profitieren von einer transparenten Kommunikation, einem klar strukturierten Ablauf und einer engen Zusammenarbeit, um sicherzustellen, dass das Projekt termingerecht, im Rahmen des Budgets und in der erwarteten Qualit\u00e4t abgeschlossen wird.<\/p>\n<\/div>\n\n<div class=\"container-md paragraph  \">\n<p>Sie haben mit uns von Anfang an einen Partner, bei dem Kundenzufriedenheit an erster Stelle steht \u2013 das gesamte Projekt hindurch bis hin zur Inbetriebnahme, umfassenden Einschulung Ihrer Mitarbeiter sowie der langfristigen Wartung und Betreuung. Auch nach Projektabschluss sind wir f\u00fcr Sie da, um den reibungslosen Betrieb sicherzustellen und bei Bedarf schnell und kompetent zu unterst\u00fctzen.<\/p>\n<\/div>\n\n<div class=\"container-md spacer  \">\n<div style=\"height:25px\" aria-hidden=\"true\" class=\"wp-block-spacer\"><\/div>\n<\/div>\n\n<div class=\"container-md heading  \">\n<h2 class=\"wp-block-heading has-text-color has-link-color wp-elements-fbac076eec3b365cffcd0bcefb51aeea\" style=\"color:#ab192d\"><a href=\"https:\/\/www.novotek.com\/at\/loesungen-produkte\/\">Unser Angebot<\/a><\/h2>\n<\/div>\n\n<div class=\"container-md list  \">\n<ul class=\"wp-block-list\"><div class=\"container-md list-item  \">\n<li>Erstanalyse Ihrer Anforderungen<\/li>\n<\/div>\n\n<div class=\"container-md list-item  \">\n<li>Ausarbeitung der \u201esmartesten\u201c L\u00f6sung<\/li>\n<\/div>\n\n<div class=\"container-md list-item  \">\n<li>Projektplanung und -management<\/li>\n<\/div>\n\n<div class=\"container-md list-item  \">\n<li>Umsetzung<\/li>\n<\/div>\n\n<div class=\"container-md list-item  \">\n<li>Inbetriebnahme<\/li>\n<\/div>\n\n<div class=\"container-md list-item  \">\n<li>Einschulung und Nachbetreuung<\/li>\n<\/div>\n\n<div class=\"container-md list-item  \">\n<li>Wartungsvertr\u00e4ge<\/li>\n<\/div><\/ul>\n<\/div>\n\n<div class=\"container-md spacer  \">\n<div style=\"height:30px\" aria-hidden=\"true\" class=\"wp-block-spacer\"><\/div>\n<\/div>\n\n<div class=\"cta-block\">\n  <div class=\"container\">\n          <h2><\/br>Lassen Sie uns mehr erz\u00e4hlen!<\/h2>\n    \n          <div><p>Profitieren Sie von unserem Expertenwissen und holen Sie sich bei uns die Informationen<br \/>\nzur digitalen Transformation, der Automatisierung oder der industriellen IT.<\/p>\n<\/div>\n    \n          <a class=\"btn btn-primary\" href=\"https:\/\/www.novotek.com\/at\/kontakt\/\">Kontaktieren Sie uns<\/a>\n      <\/div>\n<\/div>\n","protected":false},"excerpt":{"rendered":"<p>Zu Beginn steht f\u00fcr uns die Erstanalyse Ihrer Anforderungen und die Ausarbeitung der &#171;smartesten&#187; L\u00f6sung f\u00fcr Sie.<\/p>\n","protected":false},"author":45,"featured_media":21972,"parent":8180,"menu_order":1,"comment_status":"closed","ping_status":"closed","template":"","meta":{"_acf_changed":false,"_relevanssi_hide_post":"","_relevanssi_pin_for_all":"","_relevanssi_pin_keywords":"","_relevanssi_unpin_keywords":"","_relevanssi_related_keywords":"","_relevanssi_related_include_ids":"","_relevanssi_related_exclude_ids":"","_relevanssi_related_no_append":"","_relevanssi_related_not_related":"","_relevanssi_related_posts":"3200,3220,3208,3195,3216,3216","_relevanssi_noindex_reason":"","footnotes":""},"class_list":["post-21968","page","type-page","status-publish","has-post-thumbnail","hentry"],"acf":[],"yoast_head":"<!-- This site is optimized with the Yoast SEO plugin v27.4 - https:\/\/yoast.com\/product\/yoast-seo-wordpress\/ -->\n<title>Pers\u00f6nliche Analyse - Novotek Austria<\/title>\n<meta name=\"description\" content=\"Zu Beginn steht f\u00fcr uns die Erst- Analyse Ihrer Anforderungen und die Ausarbeitung der &quot;smartesten&quot; L\u00f6sung f\u00fcr Sie.\" \/>\n<meta name=\"robots\" content=\"index, follow, max-snippet:-1, max-image-preview:large, max-video-preview:-1\" \/>\n<link rel=\"canonical\" href=\"https:\/\/www.novotek.com\/at\/dienstleistungen\/analyse\/\" \/>\n<meta property=\"og:locale\" content=\"de_DE\" \/>\n<meta property=\"og:type\" content=\"article\" \/>\n<meta property=\"og:title\" content=\"Pers\u00f6nliche Analyse - Novotek Austria\" \/>\n<meta property=\"og:description\" content=\"Zu Beginn steht f\u00fcr uns die Erst- Analyse Ihrer Anforderungen und die Ausarbeitung der &quot;smartesten&quot; L\u00f6sung f\u00fcr Sie.\" \/>\n<meta property=\"og:url\" content=\"https:\/\/www.novotek.com\/at\/dienstleistungen\/analyse\/\" \/>\n<meta property=\"og:site_name\" content=\"Novotek Austria\" \/>\n<meta property=\"article:modified_time\" content=\"2025-08-18T12:58:52+00:00\" \/>\n<meta property=\"og:image\" content=\"https:\/\/www.novotek.com\/at\/wp-content\/uploads\/sites\/13\/Analyse.jpg.webp\" \/>\n\t<meta property=\"og:image:width\" content=\"1505\" \/>\n\t<meta property=\"og:image:height\" content=\"1000\" \/>\n\t<meta property=\"og:image:type\" content=\"image\/jpeg\" \/>\n<meta name=\"twitter:card\" content=\"summary_large_image\" \/>\n<meta name=\"twitter:label1\" content=\"Gesch\u00e4tzte Lesezeit\" \/>\n\t<meta name=\"twitter:data1\" content=\"2\u00a0Minuten\" \/>\n<script type=\"application\/ld+json\" class=\"yoast-schema-graph\">{\"@context\":\"https:\\\/\\\/schema.org\",\"@graph\":[{\"@type\":\"WebPage\",\"@id\":\"https:\\\/\\\/www.novotek.com\\\/at\\\/dienstleistungen\\\/analyse\\\/\",\"url\":\"https:\\\/\\\/www.novotek.com\\\/at\\\/dienstleistungen\\\/analyse\\\/\",\"name\":\"Pers\u00f6nliche Analyse - Novotek Austria\",\"isPartOf\":{\"@id\":\"https:\\\/\\\/www.novotek.com\\\/at\\\/#website\"},\"primaryImageOfPage\":{\"@id\":\"https:\\\/\\\/www.novotek.com\\\/at\\\/dienstleistungen\\\/analyse\\\/#primaryimage\"},\"image\":{\"@id\":\"https:\\\/\\\/www.novotek.com\\\/at\\\/dienstleistungen\\\/analyse\\\/#primaryimage\"},\"thumbnailUrl\":\"https:\\\/\\\/www.novotek.com\\\/at\\\/wp-content\\\/uploads\\\/sites\\\/13\\\/Analyse.jpg.webp\",\"datePublished\":\"2025-01-10T09:50:44+00:00\",\"dateModified\":\"2025-08-18T12:58:52+00:00\",\"description\":\"Zu Beginn steht f\u00fcr uns die Erst- Analyse Ihrer Anforderungen und die Ausarbeitung der \\\"smartesten\\\" L\u00f6sung f\u00fcr Sie.\",\"breadcrumb\":{\"@id\":\"https:\\\/\\\/www.novotek.com\\\/at\\\/dienstleistungen\\\/analyse\\\/#breadcrumb\"},\"inLanguage\":\"de-CH\",\"potentialAction\":[{\"@type\":\"ReadAction\",\"target\":[\"https:\\\/\\\/www.novotek.com\\\/at\\\/dienstleistungen\\\/analyse\\\/\"]}]},{\"@type\":\"ImageObject\",\"inLanguage\":\"de-CH\",\"@id\":\"https:\\\/\\\/www.novotek.com\\\/at\\\/dienstleistungen\\\/analyse\\\/#primaryimage\",\"url\":\"https:\\\/\\\/www.novotek.com\\\/at\\\/wp-content\\\/uploads\\\/sites\\\/13\\\/Analyse.jpg.webp\",\"contentUrl\":\"https:\\\/\\\/www.novotek.com\\\/at\\\/wp-content\\\/uploads\\\/sites\\\/13\\\/Analyse.jpg.webp\",\"width\":1505,\"height\":1000},{\"@type\":\"BreadcrumbList\",\"@id\":\"https:\\\/\\\/www.novotek.com\\\/at\\\/dienstleistungen\\\/analyse\\\/#breadcrumb\",\"itemListElement\":[{\"@type\":\"ListItem\",\"position\":1,\"name\":\"Home\",\"item\":\"https:\\\/\\\/www.novotek.com\\\/at\\\/\"},{\"@type\":\"ListItem\",\"position\":2,\"name\":\"Dienstleistungen\",\"item\":\"https:\\\/\\\/www.novotek.com\\\/at\\\/dienstleistungen\\\/\"},{\"@type\":\"ListItem\",\"position\":3,\"name\":\"Analyse\"}]},{\"@type\":\"WebSite\",\"@id\":\"https:\\\/\\\/www.novotek.com\\\/at\\\/#website\",\"url\":\"https:\\\/\\\/www.novotek.com\\\/at\\\/\",\"name\":\"Novotek Switzerland\",\"description\":\"Connect - Digitalize - Optimize\",\"potentialAction\":[{\"@type\":\"SearchAction\",\"target\":{\"@type\":\"EntryPoint\",\"urlTemplate\":\"https:\\\/\\\/www.novotek.com\\\/at\\\/?s={search_term_string}\"},\"query-input\":{\"@type\":\"PropertyValueSpecification\",\"valueRequired\":true,\"valueName\":\"search_term_string\"}}],\"inLanguage\":\"de-CH\"}]}<\/script>\n<!-- \/ Yoast SEO plugin. -->","yoast_head_json":{"title":"Pers\u00f6nliche Analyse - Novotek Austria","description":"Zu Beginn steht f\u00fcr uns die Erst- Analyse Ihrer Anforderungen und die Ausarbeitung der \"smartesten\" L\u00f6sung f\u00fcr Sie.","robots":{"index":"index","follow":"follow","max-snippet":"max-snippet:-1","max-image-preview":"max-image-preview:large","max-video-preview":"max-video-preview:-1"},"canonical":"https:\/\/www.novotek.com\/at\/dienstleistungen\/analyse\/","og_locale":"de_DE","og_type":"article","og_title":"Pers\u00f6nliche Analyse - Novotek Austria","og_description":"Zu Beginn steht f\u00fcr uns die Erst- Analyse Ihrer Anforderungen und die Ausarbeitung der \"smartesten\" L\u00f6sung f\u00fcr Sie.","og_url":"https:\/\/www.novotek.com\/at\/dienstleistungen\/analyse\/","og_site_name":"Novotek Austria","article_modified_time":"2025-08-18T12:58:52+00:00","og_image":[{"width":1505,"height":1000,"url":"https:\/\/www.novotek.com\/at\/wp-content\/uploads\/sites\/13\/Analyse.jpg.webp","type":"image\/jpeg"}],"twitter_card":"summary_large_image","twitter_misc":{"Gesch\u00e4tzte Lesezeit":"2\u00a0Minuten"},"schema":{"@context":"https:\/\/schema.org","@graph":[{"@type":"WebPage","@id":"https:\/\/www.novotek.com\/at\/dienstleistungen\/analyse\/","url":"https:\/\/www.novotek.com\/at\/dienstleistungen\/analyse\/","name":"Pers\u00f6nliche Analyse - Novotek Austria","isPartOf":{"@id":"https:\/\/www.novotek.com\/at\/#website"},"primaryImageOfPage":{"@id":"https:\/\/www.novotek.com\/at\/dienstleistungen\/analyse\/#primaryimage"},"image":{"@id":"https:\/\/www.novotek.com\/at\/dienstleistungen\/analyse\/#primaryimage"},"thumbnailUrl":"https:\/\/www.novotek.com\/at\/wp-content\/uploads\/sites\/13\/Analyse.jpg.webp","datePublished":"2025-01-10T09:50:44+00:00","dateModified":"2025-08-18T12:58:52+00:00","description":"Zu Beginn steht f\u00fcr uns die Erst- Analyse Ihrer Anforderungen und die Ausarbeitung der \"smartesten\" L\u00f6sung f\u00fcr Sie.","breadcrumb":{"@id":"https:\/\/www.novotek.com\/at\/dienstleistungen\/analyse\/#breadcrumb"},"inLanguage":"de-CH","potentialAction":[{"@type":"ReadAction","target":["https:\/\/www.novotek.com\/at\/dienstleistungen\/analyse\/"]}]},{"@type":"ImageObject","inLanguage":"de-CH","@id":"https:\/\/www.novotek.com\/at\/dienstleistungen\/analyse\/#primaryimage","url":"https:\/\/www.novotek.com\/at\/wp-content\/uploads\/sites\/13\/Analyse.jpg.webp","contentUrl":"https:\/\/www.novotek.com\/at\/wp-content\/uploads\/sites\/13\/Analyse.jpg.webp","width":1505,"height":1000},{"@type":"BreadcrumbList","@id":"https:\/\/www.novotek.com\/at\/dienstleistungen\/analyse\/#breadcrumb","itemListElement":[{"@type":"ListItem","position":1,"name":"Home","item":"https:\/\/www.novotek.com\/at\/"},{"@type":"ListItem","position":2,"name":"Dienstleistungen","item":"https:\/\/www.novotek.com\/at\/dienstleistungen\/"},{"@type":"ListItem","position":3,"name":"Analyse"}]},{"@type":"WebSite","@id":"https:\/\/www.novotek.com\/at\/#website","url":"https:\/\/www.novotek.com\/at\/","name":"Novotek Switzerland","description":"Connect - Digitalize - Optimize","potentialAction":[{"@type":"SearchAction","target":{"@type":"EntryPoint","urlTemplate":"https:\/\/www.novotek.com\/at\/?s={search_term_string}"},"query-input":{"@type":"PropertyValueSpecification","valueRequired":true,"valueName":"search_term_string"}}],"inLanguage":"de-CH"}]}},"_links":{"self":[{"href":"https:\/\/www.novotek.com\/at\/wp-json\/wp\/v2\/pages\/21968","targetHints":{"allow":["GET"]}}],"collection":[{"href":"https:\/\/www.novotek.com\/at\/wp-json\/wp\/v2\/pages"}],"about":[{"href":"https:\/\/www.novotek.com\/at\/wp-json\/wp\/v2\/types\/page"}],"author":[{"embeddable":true,"href":"https:\/\/www.novotek.com\/at\/wp-json\/wp\/v2\/users\/45"}],"replies":[{"embeddable":true,"href":"https:\/\/www.novotek.com\/at\/wp-json\/wp\/v2\/comments?post=21968"}],"version-history":[{"count":8,"href":"https:\/\/www.novotek.com\/at\/wp-json\/wp\/v2\/pages\/21968\/revisions"}],"predecessor-version":[{"id":25853,"href":"https:\/\/www.novotek.com\/at\/wp-json\/wp\/v2\/pages\/21968\/revisions\/25853"}],"up":[{"embeddable":true,"href":"https:\/\/www.novotek.com\/at\/wp-json\/wp\/v2\/pages\/8180"}],"wp:featuredmedia":[{"embeddable":true,"href":"https:\/\/www.novotek.com\/at\/wp-json\/wp\/v2\/media\/21972"}],"wp:attachment":[{"href":"https:\/\/www.novotek.com\/at\/wp-json\/wp\/v2\/media?parent=21968"}],"curies":[{"name":"wp","href":"https:\/\/api.w.org\/{rel}","templated":true}]}}