{"id":22108,"date":"2025-01-13T09:30:02","date_gmt":"2025-01-13T09:30:02","guid":{"rendered":"https:\/\/www.novotek.com\/at\/?page_id=22108"},"modified":"2025-08-18T12:59:41","modified_gmt":"2025-08-18T12:59:41","slug":"software-entwicklung","status":"publish","type":"page","link":"https:\/\/www.novotek.com\/at\/dienstleistungen\/software-entwicklung\/","title":{"rendered":"Software-Entwicklung"},"content":{"rendered":"  <div class=\"hero\">\n    <div class=\"carousel hero-slider small\" data-flickity data-flickity-options='{\"prevNextButtons\": false}'>\n              <div class=\"carousel-cell\">\n          <div class=\"container\">\n            <div class=\"hero-content\">\n                              <h1>Software-Entwicklung<\/h1>\n<p><strong>Die Entwicklung der Software stellt den Kern jeder Automatisierungs- und IT-L\u00f6sung dar. Unser Technikteam steht Ihnen dabei zur Seite.<br \/>\n<\/strong><\/p>\n              \n                          <\/div>\n          <\/div>\n\n          <img decoding=\"async\" width=\"1024\" height=\"683\" src=\"https:\/\/www.novotek.com\/at\/wp-content\/uploads\/sites\/13\/Software-Entwicklung-1024x683.jpg.webp\" class=\"hero-bg\" alt=\"Hero Img\" fetchpriority=\"high\" srcset=\"https:\/\/www.novotek.com\/at\/wp-content\/uploads\/sites\/13\/Software-Entwicklung-1024x683.jpg.webp 1024w, https:\/\/www.novotek.com\/at\/wp-content\/uploads\/sites\/13\/Software-Entwicklung-300x200.jpg.webp 300w, https:\/\/www.novotek.com\/at\/wp-content\/uploads\/sites\/13\/Software-Entwicklung-768x512.jpg.webp 768w, https:\/\/www.novotek.com\/at\/wp-content\/uploads\/sites\/13\/Software-Entwicklung-86x57.jpg.webp 86w, https:\/\/www.novotek.com\/at\/wp-content\/uploads\/sites\/13\/Software-Entwicklung-306x204.jpg.webp 306w, https:\/\/www.novotek.com\/at\/wp-content\/uploads\/sites\/13\/Software-Entwicklung-636x424.jpg.webp 636w, https:\/\/www.novotek.com\/at\/wp-content\/uploads\/sites\/13\/Software-Entwicklung.jpg.webp 1500w\" sizes=\"(max-width: 1024px) 100vw, 1024px\" \/>                  <\/div>\n          <\/div>\n\n      <\/div>\n\n   \n\n\n<div class=\"container media-text  alignwide\">\n<div class=\"wp-block-media-text alignwide has-media-on-the-right is-stacked-on-mobile\" style=\"grid-template-columns:auto 47%\"><div class=\"wp-block-media-text__content\"><div class=\"container-md heading  \">\n<h2 class=\"wp-block-heading\" id=\"h-dank-unserem-fachwissen-die-optimale-losung-finden\"><strong>D<\/strong>ie Entwicklung<\/h2>\n<\/div>\n\n<div class=\"container-md paragraph  \">\n<p>Die Entwicklung der Software stellt den Kern jeder Automatisierungs- und IT-L\u00f6sung dar. Unser Technikteam b\u00fcndelt jahrelange Erfahrung im Bereich SPS-, MES- und Datenbankprogrammierung mit jugendlichem Innovationsgeist und modernen Technologien wie Linux-, Web- und App-Programmierung.<\/p>\n<\/div>\n\n<div class=\"container-md paragraph  \">\n<p>Durch unser breites, durchg\u00e4ngiges Produktportfolio von der Sensorik bis zur Cloud gibt es f\u00fcr uns keine Grenzen. Ein Ansprechpartner f\u00fcr alle Themen spart Zeit bei der Kommunikation und unser Inhouse-Knowhow sorgt f\u00fcr einfachen und schnellen Support \u2013 ohne Ausreden.<\/p>\n<\/div>\n\n<div class=\"container-md paragraph  \">\n<p><\/p>\n<\/div><\/div><figure class=\"wp-block-media-text__media\"><img loading=\"lazy\" decoding=\"async\" width=\"1024\" height=\"683\" src=\"https:\/\/www.novotek.com\/at\/wp-content\/uploads\/sites\/13\/Software-Entwicklung-1024x683.jpg\" alt=\"\" class=\"wp-image-22112 size-full\" srcset=\"https:\/\/www.novotek.com\/at\/wp-content\/uploads\/sites\/13\/Software-Entwicklung-1024x683.jpg 1024w, https:\/\/www.novotek.com\/at\/wp-content\/uploads\/sites\/13\/Software-Entwicklung-300x200.jpg 300w, https:\/\/www.novotek.com\/at\/wp-content\/uploads\/sites\/13\/Software-Entwicklung-768x512.jpg 768w, https:\/\/www.novotek.com\/at\/wp-content\/uploads\/sites\/13\/Software-Entwicklung-86x57.jpg 86w, https:\/\/www.novotek.com\/at\/wp-content\/uploads\/sites\/13\/Software-Entwicklung-306x204.jpg 306w, https:\/\/www.novotek.com\/at\/wp-content\/uploads\/sites\/13\/Software-Entwicklung-636x424.jpg 636w, https:\/\/www.novotek.com\/at\/wp-content\/uploads\/sites\/13\/Software-Entwicklung.jpg 1500w\" sizes=\"auto, (max-width: 1024px) 100vw, 1024px\" \/><\/figure><\/div>\n<\/div>\n\n<div class=\"container-md paragraph  \">\n<p>Wir w\u00e4hlen die richtige L\u00f6sung nach Kriterien wie einfacher Projektierung, modernster Technologie, umfangreicher Funktionalit\u00e4t und nat\u00fcrlich dem Preis. Gerne kombinieren wir unsere innovativen Softwarel\u00f6sungen mit passender Hardware.<\/p>\n<\/div>\n\n<div class=\"container-md paragraph  \">\n<p>Alle unsere L\u00f6sungen sind branchenneutral und k\u00f6nnen mit allen Arten von Steuerungen verwendet werden. Unsere Kunden werden von den Spezialisten auf die Systeme geschult und k\u00f6nnen anschlie\u00dfend selbst damit arbeiten.<\/p>\n<\/div>\n\n<div class=\"container-md paragraph  \">\n<p>Wir wissen, dass die User-Experience von Programmen eine immer wichtigere Rolle spielt. Deshalb setzen wir in unserer Software-Entwicklung nicht nur auf die reine Umsetzung der vorgeschriebenen Funktionalit\u00e4t, sondern legen besonderen Wert auf eine einfache und intuitive Bedienung in Kombination mit modernem Design. Unsere Visualisierungen und Software-L\u00f6sungen sind so gestaltet, dass sie den Anwendern den Umgang erleichtern und gleichzeitig h\u00f6chste Effizienz gew\u00e4hrleisten \u2013 Ihre Benutzer werden begeistert sein!<\/p>\n<\/div>\n\n<div class=\"container-md spacer  \">\n<div style=\"height:100px\" aria-hidden=\"true\" class=\"wp-block-spacer\"><\/div>\n<\/div>\n\n<div class=\"container-md heading  \">\n<h2 class=\"wp-block-heading has-text-color has-link-color wp-elements-fbac076eec3b365cffcd0bcefb51aeea\" style=\"color:#ab192d\"><a href=\"https:\/\/www.novotek.com\/at\/loesungen-produkte\/\">Unser Angebot<\/a><\/h2>\n<\/div>\n\n<div class=\"container-md list  \">\n<ul class=\"wp-block-list\"><div class=\"container-md list-item  \">\n<li>SPS-Programmierung nach IEC61131-3<\/li>\n<\/div>\n\n<div class=\"container-md list-item  \">\n<li>Hochsprachenprogrammierung<\/li>\n<\/div>\n\n<div class=\"container-md list-item  \">\n<li>Datenbanksysteme (Historian, SQL, \u2026)<\/li>\n<\/div>\n\n<div class=\"container-md list-item  \">\n<li>Reporting<\/li>\n<\/div>\n\n<div class=\"container-md list-item  \">\n<li>Visualisierungssysteme<\/li>\n<\/div>\n\n<div class=\"container-md list-item  \">\n<li>App-Programmierung<\/li>\n<\/div>\n\n<div class=\"container-md list-item  \">\n<li>Fremdsystem-Kopplung<\/li>\n<\/div>\n\n<div class=\"container-md list-item  \">\n<li>Prozessdatenerfassung und -auswertung<\/li>\n<\/div>\n\n<div class=\"container-md list-item  \">\n<li>Digitalisierung<\/li>\n<\/div>\n\n<div class=\"container-md list-item  \">\n<li>Cloudl\u00f6sungen<\/li>\n<\/div>\n\n<div class=\"container-md list-item  \">\n<li>Fernwartung<\/li>\n<\/div>\n\n<div class=\"container-md list-item  \">\n<li>MES<\/li>\n<\/div>\n\n<div class=\"container-md list-item  \">\n<li>Energie- und Umweltmanagement<\/li>\n<\/div>\n\n<div class=\"container-md list-item  \">\n<li>Produktionsplanung<\/li>\n<\/div><\/ul>\n<\/div>\n\n<div class=\"container-md spacer  \">\n<div style=\"height:30px\" aria-hidden=\"true\" class=\"wp-block-spacer\"><\/div>\n<\/div>\n\n<div class=\"cta-block\">\n  <div class=\"container\">\n          <h2><\/br>Lassen Sie uns mehr erz\u00e4hlen!<\/h2>\n    \n          <div><p>Profitieren Sie von unserem Expertenwissen und holen Sie sich bei uns die Informationen<br \/>\nzur digitalen Transformation, der Automatisierung oder der industriellen IT.<\/p>\n<\/div>\n    \n          <a class=\"btn btn-primary\" href=\"https:\/\/www.novotek.com\/at\/kontakt\/\">Kontaktieren Sie uns<\/a>\n      <\/div>\n<\/div>\n","protected":false},"excerpt":{"rendered":"<p>Die Entwicklung der Software stellt den Kern jeder Automatisierungs- und IT-L\u00f6sung dar. Unser Technikteam steht Ihnen dabei zur Seite.<\/p>\n","protected":false},"author":45,"featured_media":22112,"parent":8180,"menu_order":1,"comment_status":"closed","ping_status":"closed","template":"","meta":{"_acf_changed":false,"_relevanssi_hide_post":"","_relevanssi_pin_for_all":"","_relevanssi_pin_keywords":"","_relevanssi_unpin_keywords":"","_relevanssi_related_keywords":"","_relevanssi_related_include_ids":"","_relevanssi_related_exclude_ids":"","_relevanssi_related_no_append":"","_relevanssi_related_not_related":"","_relevanssi_related_posts":"3200,3220,3208,3195,3216,3216","_relevanssi_noindex_reason":"","footnotes":""},"class_list":["post-22108","page","type-page","status-publish","has-post-thumbnail","hentry"],"acf":[],"yoast_head":"<!-- This site is optimized with the Yoast SEO plugin v27.4 - https:\/\/yoast.com\/product\/yoast-seo-wordpress\/ -->\n<title>Software-Entwicklung- Novotek Austria<\/title>\n<meta name=\"description\" content=\"Die Entwicklung der Software stellt den Kern jeder Automatisierungs- und IT-L\u00f6sung dar. Unser Technikteam steht Ihnen dabei zur Seite.\" \/>\n<meta name=\"robots\" content=\"index, follow, max-snippet:-1, max-image-preview:large, max-video-preview:-1\" \/>\n<link rel=\"canonical\" href=\"https:\/\/www.novotek.com\/at\/dienstleistungen\/software-entwicklung\/\" \/>\n<meta property=\"og:locale\" content=\"de_DE\" \/>\n<meta property=\"og:type\" content=\"article\" \/>\n<meta property=\"og:title\" content=\"Software-Entwicklung- Novotek Austria\" \/>\n<meta property=\"og:description\" content=\"Die Entwicklung der Software stellt den Kern jeder Automatisierungs- und IT-L\u00f6sung dar. Unser Technikteam steht Ihnen dabei zur Seite.\" \/>\n<meta property=\"og:url\" content=\"https:\/\/www.novotek.com\/at\/dienstleistungen\/software-entwicklung\/\" \/>\n<meta property=\"og:site_name\" content=\"Novotek Austria\" \/>\n<meta property=\"article:modified_time\" content=\"2025-08-18T12:59:41+00:00\" \/>\n<meta property=\"og:image\" content=\"https:\/\/www.novotek.com\/at\/wp-content\/uploads\/sites\/13\/Software-Entwicklung.jpg.webp\" \/>\n\t<meta property=\"og:image:width\" content=\"1500\" \/>\n\t<meta property=\"og:image:height\" content=\"1000\" \/>\n\t<meta property=\"og:image:type\" content=\"image\/jpeg\" \/>\n<meta name=\"twitter:card\" content=\"summary_large_image\" \/>\n<meta name=\"twitter:label1\" content=\"Gesch\u00e4tzte Lesezeit\" \/>\n\t<meta name=\"twitter:data1\" content=\"2\u00a0Minuten\" \/>\n<script type=\"application\/ld+json\" class=\"yoast-schema-graph\">{\"@context\":\"https:\\\/\\\/schema.org\",\"@graph\":[{\"@type\":\"WebPage\",\"@id\":\"https:\\\/\\\/www.novotek.com\\\/at\\\/dienstleistungen\\\/software-entwicklung\\\/\",\"url\":\"https:\\\/\\\/www.novotek.com\\\/at\\\/dienstleistungen\\\/software-entwicklung\\\/\",\"name\":\"Software-Entwicklung- Novotek Austria\",\"isPartOf\":{\"@id\":\"https:\\\/\\\/www.novotek.com\\\/at\\\/#website\"},\"primaryImageOfPage\":{\"@id\":\"https:\\\/\\\/www.novotek.com\\\/at\\\/dienstleistungen\\\/software-entwicklung\\\/#primaryimage\"},\"image\":{\"@id\":\"https:\\\/\\\/www.novotek.com\\\/at\\\/dienstleistungen\\\/software-entwicklung\\\/#primaryimage\"},\"thumbnailUrl\":\"https:\\\/\\\/www.novotek.com\\\/at\\\/wp-content\\\/uploads\\\/sites\\\/13\\\/Software-Entwicklung.jpg.webp\",\"datePublished\":\"2025-01-13T09:30:02+00:00\",\"dateModified\":\"2025-08-18T12:59:41+00:00\",\"description\":\"Die Entwicklung der Software stellt den Kern jeder Automatisierungs- und IT-L\u00f6sung dar. Unser Technikteam steht Ihnen dabei zur Seite.\",\"breadcrumb\":{\"@id\":\"https:\\\/\\\/www.novotek.com\\\/at\\\/dienstleistungen\\\/software-entwicklung\\\/#breadcrumb\"},\"inLanguage\":\"de-CH\",\"potentialAction\":[{\"@type\":\"ReadAction\",\"target\":[\"https:\\\/\\\/www.novotek.com\\\/at\\\/dienstleistungen\\\/software-entwicklung\\\/\"]}]},{\"@type\":\"ImageObject\",\"inLanguage\":\"de-CH\",\"@id\":\"https:\\\/\\\/www.novotek.com\\\/at\\\/dienstleistungen\\\/software-entwicklung\\\/#primaryimage\",\"url\":\"https:\\\/\\\/www.novotek.com\\\/at\\\/wp-content\\\/uploads\\\/sites\\\/13\\\/Software-Entwicklung.jpg.webp\",\"contentUrl\":\"https:\\\/\\\/www.novotek.com\\\/at\\\/wp-content\\\/uploads\\\/sites\\\/13\\\/Software-Entwicklung.jpg.webp\",\"width\":1500,\"height\":1000},{\"@type\":\"BreadcrumbList\",\"@id\":\"https:\\\/\\\/www.novotek.com\\\/at\\\/dienstleistungen\\\/software-entwicklung\\\/#breadcrumb\",\"itemListElement\":[{\"@type\":\"ListItem\",\"position\":1,\"name\":\"Home\",\"item\":\"https:\\\/\\\/www.novotek.com\\\/at\\\/\"},{\"@type\":\"ListItem\",\"position\":2,\"name\":\"Dienstleistungen\",\"item\":\"https:\\\/\\\/www.novotek.com\\\/at\\\/dienstleistungen\\\/\"},{\"@type\":\"ListItem\",\"position\":3,\"name\":\"Software-Entwicklung\"}]},{\"@type\":\"WebSite\",\"@id\":\"https:\\\/\\\/www.novotek.com\\\/at\\\/#website\",\"url\":\"https:\\\/\\\/www.novotek.com\\\/at\\\/\",\"name\":\"Novotek Switzerland\",\"description\":\"Connect - Digitalize - Optimize\",\"potentialAction\":[{\"@type\":\"SearchAction\",\"target\":{\"@type\":\"EntryPoint\",\"urlTemplate\":\"https:\\\/\\\/www.novotek.com\\\/at\\\/?s={search_term_string}\"},\"query-input\":{\"@type\":\"PropertyValueSpecification\",\"valueRequired\":true,\"valueName\":\"search_term_string\"}}],\"inLanguage\":\"de-CH\"}]}<\/script>\n<!-- \/ Yoast SEO plugin. -->","yoast_head_json":{"title":"Software-Entwicklung- Novotek Austria","description":"Die Entwicklung der Software stellt den Kern jeder Automatisierungs- und IT-L\u00f6sung dar. Unser Technikteam steht Ihnen dabei zur Seite.","robots":{"index":"index","follow":"follow","max-snippet":"max-snippet:-1","max-image-preview":"max-image-preview:large","max-video-preview":"max-video-preview:-1"},"canonical":"https:\/\/www.novotek.com\/at\/dienstleistungen\/software-entwicklung\/","og_locale":"de_DE","og_type":"article","og_title":"Software-Entwicklung- Novotek Austria","og_description":"Die Entwicklung der Software stellt den Kern jeder Automatisierungs- und IT-L\u00f6sung dar. Unser Technikteam steht Ihnen dabei zur Seite.","og_url":"https:\/\/www.novotek.com\/at\/dienstleistungen\/software-entwicklung\/","og_site_name":"Novotek Austria","article_modified_time":"2025-08-18T12:59:41+00:00","og_image":[{"width":1500,"height":1000,"url":"https:\/\/www.novotek.com\/at\/wp-content\/uploads\/sites\/13\/Software-Entwicklung.jpg.webp","type":"image\/jpeg"}],"twitter_card":"summary_large_image","twitter_misc":{"Gesch\u00e4tzte Lesezeit":"2\u00a0Minuten"},"schema":{"@context":"https:\/\/schema.org","@graph":[{"@type":"WebPage","@id":"https:\/\/www.novotek.com\/at\/dienstleistungen\/software-entwicklung\/","url":"https:\/\/www.novotek.com\/at\/dienstleistungen\/software-entwicklung\/","name":"Software-Entwicklung- Novotek Austria","isPartOf":{"@id":"https:\/\/www.novotek.com\/at\/#website"},"primaryImageOfPage":{"@id":"https:\/\/www.novotek.com\/at\/dienstleistungen\/software-entwicklung\/#primaryimage"},"image":{"@id":"https:\/\/www.novotek.com\/at\/dienstleistungen\/software-entwicklung\/#primaryimage"},"thumbnailUrl":"https:\/\/www.novotek.com\/at\/wp-content\/uploads\/sites\/13\/Software-Entwicklung.jpg.webp","datePublished":"2025-01-13T09:30:02+00:00","dateModified":"2025-08-18T12:59:41+00:00","description":"Die Entwicklung der Software stellt den Kern jeder Automatisierungs- und IT-L\u00f6sung dar. Unser Technikteam steht Ihnen dabei zur Seite.","breadcrumb":{"@id":"https:\/\/www.novotek.com\/at\/dienstleistungen\/software-entwicklung\/#breadcrumb"},"inLanguage":"de-CH","potentialAction":[{"@type":"ReadAction","target":["https:\/\/www.novotek.com\/at\/dienstleistungen\/software-entwicklung\/"]}]},{"@type":"ImageObject","inLanguage":"de-CH","@id":"https:\/\/www.novotek.com\/at\/dienstleistungen\/software-entwicklung\/#primaryimage","url":"https:\/\/www.novotek.com\/at\/wp-content\/uploads\/sites\/13\/Software-Entwicklung.jpg.webp","contentUrl":"https:\/\/www.novotek.com\/at\/wp-content\/uploads\/sites\/13\/Software-Entwicklung.jpg.webp","width":1500,"height":1000},{"@type":"BreadcrumbList","@id":"https:\/\/www.novotek.com\/at\/dienstleistungen\/software-entwicklung\/#breadcrumb","itemListElement":[{"@type":"ListItem","position":1,"name":"Home","item":"https:\/\/www.novotek.com\/at\/"},{"@type":"ListItem","position":2,"name":"Dienstleistungen","item":"https:\/\/www.novotek.com\/at\/dienstleistungen\/"},{"@type":"ListItem","position":3,"name":"Software-Entwicklung"}]},{"@type":"WebSite","@id":"https:\/\/www.novotek.com\/at\/#website","url":"https:\/\/www.novotek.com\/at\/","name":"Novotek Switzerland","description":"Connect - Digitalize - Optimize","potentialAction":[{"@type":"SearchAction","target":{"@type":"EntryPoint","urlTemplate":"https:\/\/www.novotek.com\/at\/?s={search_term_string}"},"query-input":{"@type":"PropertyValueSpecification","valueRequired":true,"valueName":"search_term_string"}}],"inLanguage":"de-CH"}]}},"_links":{"self":[{"href":"https:\/\/www.novotek.com\/at\/wp-json\/wp\/v2\/pages\/22108","targetHints":{"allow":["GET"]}}],"collection":[{"href":"https:\/\/www.novotek.com\/at\/wp-json\/wp\/v2\/pages"}],"about":[{"href":"https:\/\/www.novotek.com\/at\/wp-json\/wp\/v2\/types\/page"}],"author":[{"embeddable":true,"href":"https:\/\/www.novotek.com\/at\/wp-json\/wp\/v2\/users\/45"}],"replies":[{"embeddable":true,"href":"https:\/\/www.novotek.com\/at\/wp-json\/wp\/v2\/comments?post=22108"}],"version-history":[{"count":6,"href":"https:\/\/www.novotek.com\/at\/wp-json\/wp\/v2\/pages\/22108\/revisions"}],"predecessor-version":[{"id":25856,"href":"https:\/\/www.novotek.com\/at\/wp-json\/wp\/v2\/pages\/22108\/revisions\/25856"}],"up":[{"embeddable":true,"href":"https:\/\/www.novotek.com\/at\/wp-json\/wp\/v2\/pages\/8180"}],"wp:featuredmedia":[{"embeddable":true,"href":"https:\/\/www.novotek.com\/at\/wp-json\/wp\/v2\/media\/22112"}],"wp:attachment":[{"href":"https:\/\/www.novotek.com\/at\/wp-json\/wp\/v2\/media?parent=22108"}],"curies":[{"name":"wp","href":"https:\/\/api.w.org\/{rel}","templated":true}]}}