{"id":22118,"date":"2025-01-13T09:53:22","date_gmt":"2025-01-13T09:53:22","guid":{"rendered":"https:\/\/www.novotek.com\/at\/?page_id=22118"},"modified":"2025-08-18T12:59:59","modified_gmt":"2025-08-18T12:59:59","slug":"data-science-analytik","status":"publish","type":"page","link":"https:\/\/www.novotek.com\/at\/dienstleistungen\/data-science-analytik\/","title":{"rendered":"Data Science \/ Analytik"},"content":{"rendered":"  <div class=\"hero\">\n    <div class=\"carousel hero-slider small\" data-flickity data-flickity-options='{\"prevNextButtons\": false}'>\n              <div class=\"carousel-cell\">\n          <div class=\"container\">\n            <div class=\"hero-content\">\n                              <h1>Data Science \/ Analytik<\/h1>\n<p><strong>Daten sind das Gold des 21. Jahrhunderts! Mit unserer Erfahrung und dem Einsatz von ML und KI gewinnen Sie neue Erkenntnisse.<br \/>\n<\/strong><\/p>\n              \n                          <\/div>\n          <\/div>\n\n          <img decoding=\"async\" width=\"1024\" height=\"727\" src=\"https:\/\/www.novotek.com\/at\/wp-content\/uploads\/sites\/13\/Analyse-02-1024x727.jpg.webp\" class=\"hero-bg\" alt=\"Hero Img\" fetchpriority=\"high\" srcset=\"https:\/\/www.novotek.com\/at\/wp-content\/uploads\/sites\/13\/Analyse-02-1024x727.jpg.webp 1024w, https:\/\/www.novotek.com\/at\/wp-content\/uploads\/sites\/13\/Analyse-02-300x213.jpg.webp 300w, https:\/\/www.novotek.com\/at\/wp-content\/uploads\/sites\/13\/Analyse-02-768x545.jpg.webp 768w, https:\/\/www.novotek.com\/at\/wp-content\/uploads\/sites\/13\/Analyse-02-86x61.jpg.webp 86w, https:\/\/www.novotek.com\/at\/wp-content\/uploads\/sites\/13\/Analyse-02-306x217.jpg.webp 306w, https:\/\/www.novotek.com\/at\/wp-content\/uploads\/sites\/13\/Analyse-02-636x452.jpg.webp 636w, https:\/\/www.novotek.com\/at\/wp-content\/uploads\/sites\/13\/Analyse-02.jpg.webp 1408w\" sizes=\"(max-width: 1024px) 100vw, 1024px\" \/>                  <\/div>\n          <\/div>\n\n      <\/div>\n\n   \n\n\n<div class=\"container media-text  alignwide\">\n<div class=\"wp-block-media-text alignwide has-media-on-the-right is-stacked-on-mobile\" style=\"grid-template-columns:auto 47%\"><div class=\"wp-block-media-text__content\"><div class=\"container-md heading  \">\n<h2 class=\"wp-block-heading\" id=\"h-dank-unserem-fachwissen-die-optimale-losung-finden\">Analytik<\/h2>\n<\/div>\n\n<div class=\"container-md paragraph  \">\n<p>Daten sind das Gold des 21. Jahrhunderts! Mit unserer Erfahrung in der industriellen Datenanalyse und dem Einsatz von Machine Learning und K\u00fcnstlicher Intelligenz (Analytik) gewinnen Sie neue Erkenntnisse, verbessern Ihre Produkte\/Dienstleistungen und optimieren Ihren Ressourcen- und Energieverbrauch.<\/p>\n<\/div>\n\n<div class=\"container-md paragraph  \">\n<p><\/p>\n<\/div>\n\n<div class=\"container-md paragraph  \">\n<p><\/p>\n<\/div><\/div><figure class=\"wp-block-media-text__media\"><img loading=\"lazy\" decoding=\"async\" width=\"1024\" height=\"727\" src=\"https:\/\/www.novotek.com\/at\/wp-content\/uploads\/sites\/13\/Analyse-02-1024x727.jpg\" alt=\"\" class=\"wp-image-21974 size-full\" srcset=\"https:\/\/www.novotek.com\/at\/wp-content\/uploads\/sites\/13\/Analyse-02-1024x727.jpg 1024w, https:\/\/www.novotek.com\/at\/wp-content\/uploads\/sites\/13\/Analyse-02-300x213.jpg 300w, https:\/\/www.novotek.com\/at\/wp-content\/uploads\/sites\/13\/Analyse-02-768x545.jpg 768w, https:\/\/www.novotek.com\/at\/wp-content\/uploads\/sites\/13\/Analyse-02-86x61.jpg 86w, https:\/\/www.novotek.com\/at\/wp-content\/uploads\/sites\/13\/Analyse-02-306x217.jpg 306w, https:\/\/www.novotek.com\/at\/wp-content\/uploads\/sites\/13\/Analyse-02-636x452.jpg 636w, https:\/\/www.novotek.com\/at\/wp-content\/uploads\/sites\/13\/Analyse-02.jpg 1408w\" sizes=\"auto, (max-width: 1024px) 100vw, 1024px\" \/><\/figure><\/div>\n<\/div>\n\n<div class=\"container-md heading  \">\n<h2 class=\"wp-block-heading\">Erzielen auch Sie Ergebnisse wie:<\/h2>\n<\/div>\n\n<div class=\"container-md list  \">\n<ul class=\"wp-block-list\"><div class=\"container-md list-item  \">\n<li>Den W\u00e4rmebedarf f\u00fcr die Heizung von Industriehallen um &gt;10% senken<\/li>\n<\/div>\n\n<div class=\"container-md list-item  \">\n<li>Den Ausschuss an Produktionsmaschinen reduzieren<\/li>\n<\/div>\n\n<div class=\"container-md list-item  \">\n<li>Vorrausschauend Fehlersituationen erkennen<\/li>\n<\/div>\n\n<div class=\"container-md list-item  \">\n<li>Ertragsprognosen alternativer Energiequellen erstellen<\/li>\n<\/div>\n\n<div class=\"container-md list-item  \">\n<li>Sensorik und ganze Maschinenteile durch virtuelle Sensoren und Vorhersagen einsparen<\/li>\n<\/div>\n\n<div class=\"container-md list-item  \">\n<li>Uvm.<\/li>\n<\/div><\/ul>\n<\/div>\n\n<div class=\"container-md paragraph  \">\n<p>Unser oberstes Ziel ist es, mittels Data Science schnell Mehrwerte f\u00fcr Sie und Ihr Unternehmen zu generieren. Um dies sicherzustellen unterst\u00fctzen wir Sie auch beim Finden und der Definition erfolgreicher Use Cases f\u00fcr Ihr Unternehmen.<\/p>\n<\/div>\n\n<div class=\"container-md spacer  \">\n<div style=\"height:100px\" aria-hidden=\"true\" class=\"wp-block-spacer\"><\/div>\n<\/div>\n\n<div class=\"container-md heading  \">\n<h2 class=\"wp-block-heading has-text-color has-link-color wp-elements-fbac076eec3b365cffcd0bcefb51aeea\" style=\"color:#ab192d\"><a href=\"https:\/\/www.novotek.com\/at\/loesungen-produkte\/\">Unser Angebot<\/a><\/h2>\n<\/div>\n\n<div class=\"container-md list  \">\n<ul class=\"wp-block-list\"><div class=\"container-md list-item  \">\n<li>Definition und Erarbeitung passender und wirtschaftlicher Use Cases f\u00fcr Ihr Unternehmen<\/li>\n<\/div>\n\n<div class=\"container-md list-item  \">\n<li>Aufbereitung Ihrer Daten<\/li>\n<\/div>\n\n<div class=\"container-md list-item  \">\n<li>Analyse Ihrer Daten<\/li>\n<\/div>\n\n<div class=\"container-md list-item  \">\n<li>Erkennung von Anomalien<\/li>\n<\/div>\n\n<div class=\"container-md list-item  \">\n<li>Modellentwicklung<\/li>\n<\/div>\n\n<div class=\"container-md list-item  \">\n<li>Digitale Prozesszwillinge<\/li>\n<\/div>\n\n<div class=\"container-md list-item  \">\n<li>Ausf\u00fchrungsumgebungen f\u00fcr selbstoptimierende Maschinen und Anlagen<\/li>\n<\/div><\/ul>\n<\/div>\n\n<div class=\"container-md spacer  \">\n<div style=\"height:30px\" aria-hidden=\"true\" class=\"wp-block-spacer\"><\/div>\n<\/div>\n\n<div class=\"cta-block\">\n  <div class=\"container\">\n          <h2><\/br>Lassen Sie uns mehr erz\u00e4hlen!<\/h2>\n    \n          <div><p>Profitieren Sie von unserem Expertenwissen und holen Sie sich bei uns die Informationen<br \/>\nzur digitalen Transformation, der Automatisierung oder der industriellen IT.<\/p>\n<\/div>\n    \n          <a class=\"btn btn-primary\" href=\"https:\/\/www.novotek.com\/at\/kontakt\/\">Kontaktieren Sie uns<\/a>\n      <\/div>\n<\/div>\n","protected":false},"excerpt":{"rendered":"<p>Daten sind das Gold des 21. Jahrhunderts! Mit unserer Erfahrung und dem Einsatz von ML und KI gewinnen Sie neue Erkenntnisse.<\/p>\n","protected":false},"author":45,"featured_media":21974,"parent":8180,"menu_order":1,"comment_status":"closed","ping_status":"closed","template":"","meta":{"_acf_changed":false,"_relevanssi_hide_post":"","_relevanssi_pin_for_all":"","_relevanssi_pin_keywords":"","_relevanssi_unpin_keywords":"","_relevanssi_related_keywords":"","_relevanssi_related_include_ids":"","_relevanssi_related_exclude_ids":"","_relevanssi_related_no_append":"","_relevanssi_related_not_related":"","_relevanssi_related_posts":"3200,3220,3208,3195,3216,3216","_relevanssi_noindex_reason":"","footnotes":""},"class_list":["post-22118","page","type-page","status-publish","has-post-thumbnail","hentry"],"acf":[],"yoast_head":"<!-- This site is optimized with the Yoast SEO plugin v27.4 - https:\/\/yoast.com\/product\/yoast-seo-wordpress\/ -->\n<title>Data Science \/ Analytik - Novotek Austria<\/title>\n<meta name=\"description\" content=\"Daten sind das Gold des 21. Jahrhunderts! Mit unserer Erfahrung und dem Einsatz von Analytik, ML und KI gewinnen Sie neue Erkenntnisse.\" \/>\n<meta name=\"robots\" content=\"index, follow, max-snippet:-1, max-image-preview:large, max-video-preview:-1\" \/>\n<link rel=\"canonical\" href=\"https:\/\/www.novotek.com\/at\/dienstleistungen\/data-science-analytik\/\" \/>\n<meta property=\"og:locale\" content=\"de_DE\" \/>\n<meta property=\"og:type\" content=\"article\" \/>\n<meta property=\"og:title\" content=\"Data Science \/ Analytik - Novotek Austria\" \/>\n<meta property=\"og:description\" content=\"Daten sind das Gold des 21. Jahrhunderts! Mit unserer Erfahrung und dem Einsatz von Analytik, ML und KI gewinnen Sie neue Erkenntnisse.\" \/>\n<meta property=\"og:url\" content=\"https:\/\/www.novotek.com\/at\/dienstleistungen\/data-science-analytik\/\" \/>\n<meta property=\"og:site_name\" content=\"Novotek Austria\" \/>\n<meta property=\"article:modified_time\" content=\"2025-08-18T12:59:59+00:00\" \/>\n<meta property=\"og:image\" content=\"https:\/\/www.novotek.com\/at\/wp-content\/uploads\/sites\/13\/Analyse-02.jpg.webp\" \/>\n\t<meta property=\"og:image:width\" content=\"1408\" \/>\n\t<meta property=\"og:image:height\" content=\"1000\" \/>\n\t<meta property=\"og:image:type\" content=\"image\/jpeg\" \/>\n<meta name=\"twitter:card\" content=\"summary_large_image\" \/>\n<meta name=\"twitter:label1\" content=\"Gesch\u00e4tzte Lesezeit\" \/>\n\t<meta name=\"twitter:data1\" content=\"2\u00a0Minuten\" \/>\n<script type=\"application\/ld+json\" class=\"yoast-schema-graph\">{\"@context\":\"https:\\\/\\\/schema.org\",\"@graph\":[{\"@type\":\"WebPage\",\"@id\":\"https:\\\/\\\/www.novotek.com\\\/at\\\/dienstleistungen\\\/data-science-analytik\\\/\",\"url\":\"https:\\\/\\\/www.novotek.com\\\/at\\\/dienstleistungen\\\/data-science-analytik\\\/\",\"name\":\"Data Science \\\/ Analytik - Novotek Austria\",\"isPartOf\":{\"@id\":\"https:\\\/\\\/www.novotek.com\\\/at\\\/#website\"},\"primaryImageOfPage\":{\"@id\":\"https:\\\/\\\/www.novotek.com\\\/at\\\/dienstleistungen\\\/data-science-analytik\\\/#primaryimage\"},\"image\":{\"@id\":\"https:\\\/\\\/www.novotek.com\\\/at\\\/dienstleistungen\\\/data-science-analytik\\\/#primaryimage\"},\"thumbnailUrl\":\"https:\\\/\\\/www.novotek.com\\\/at\\\/wp-content\\\/uploads\\\/sites\\\/13\\\/Analyse-02.jpg.webp\",\"datePublished\":\"2025-01-13T09:53:22+00:00\",\"dateModified\":\"2025-08-18T12:59:59+00:00\",\"description\":\"Daten sind das Gold des 21. Jahrhunderts! Mit unserer Erfahrung und dem Einsatz von Analytik, ML und KI gewinnen Sie neue Erkenntnisse.\",\"breadcrumb\":{\"@id\":\"https:\\\/\\\/www.novotek.com\\\/at\\\/dienstleistungen\\\/data-science-analytik\\\/#breadcrumb\"},\"inLanguage\":\"de-CH\",\"potentialAction\":[{\"@type\":\"ReadAction\",\"target\":[\"https:\\\/\\\/www.novotek.com\\\/at\\\/dienstleistungen\\\/data-science-analytik\\\/\"]}]},{\"@type\":\"ImageObject\",\"inLanguage\":\"de-CH\",\"@id\":\"https:\\\/\\\/www.novotek.com\\\/at\\\/dienstleistungen\\\/data-science-analytik\\\/#primaryimage\",\"url\":\"https:\\\/\\\/www.novotek.com\\\/at\\\/wp-content\\\/uploads\\\/sites\\\/13\\\/Analyse-02.jpg.webp\",\"contentUrl\":\"https:\\\/\\\/www.novotek.com\\\/at\\\/wp-content\\\/uploads\\\/sites\\\/13\\\/Analyse-02.jpg.webp\",\"width\":1408,\"height\":1000},{\"@type\":\"BreadcrumbList\",\"@id\":\"https:\\\/\\\/www.novotek.com\\\/at\\\/dienstleistungen\\\/data-science-analytik\\\/#breadcrumb\",\"itemListElement\":[{\"@type\":\"ListItem\",\"position\":1,\"name\":\"Home\",\"item\":\"https:\\\/\\\/www.novotek.com\\\/at\\\/\"},{\"@type\":\"ListItem\",\"position\":2,\"name\":\"Dienstleistungen\",\"item\":\"https:\\\/\\\/www.novotek.com\\\/at\\\/dienstleistungen\\\/\"},{\"@type\":\"ListItem\",\"position\":3,\"name\":\"Data Science \\\/ Analytik\"}]},{\"@type\":\"WebSite\",\"@id\":\"https:\\\/\\\/www.novotek.com\\\/at\\\/#website\",\"url\":\"https:\\\/\\\/www.novotek.com\\\/at\\\/\",\"name\":\"Novotek Switzerland\",\"description\":\"Connect - Digitalize - Optimize\",\"potentialAction\":[{\"@type\":\"SearchAction\",\"target\":{\"@type\":\"EntryPoint\",\"urlTemplate\":\"https:\\\/\\\/www.novotek.com\\\/at\\\/?s={search_term_string}\"},\"query-input\":{\"@type\":\"PropertyValueSpecification\",\"valueRequired\":true,\"valueName\":\"search_term_string\"}}],\"inLanguage\":\"de-CH\"}]}<\/script>\n<!-- \/ Yoast SEO plugin. -->","yoast_head_json":{"title":"Data Science \/ Analytik - Novotek Austria","description":"Daten sind das Gold des 21. Jahrhunderts! Mit unserer Erfahrung und dem Einsatz von Analytik, ML und KI gewinnen Sie neue Erkenntnisse.","robots":{"index":"index","follow":"follow","max-snippet":"max-snippet:-1","max-image-preview":"max-image-preview:large","max-video-preview":"max-video-preview:-1"},"canonical":"https:\/\/www.novotek.com\/at\/dienstleistungen\/data-science-analytik\/","og_locale":"de_DE","og_type":"article","og_title":"Data Science \/ Analytik - Novotek Austria","og_description":"Daten sind das Gold des 21. Jahrhunderts! Mit unserer Erfahrung und dem Einsatz von Analytik, ML und KI gewinnen Sie neue Erkenntnisse.","og_url":"https:\/\/www.novotek.com\/at\/dienstleistungen\/data-science-analytik\/","og_site_name":"Novotek Austria","article_modified_time":"2025-08-18T12:59:59+00:00","og_image":[{"width":1408,"height":1000,"url":"https:\/\/www.novotek.com\/at\/wp-content\/uploads\/sites\/13\/Analyse-02.jpg.webp","type":"image\/jpeg"}],"twitter_card":"summary_large_image","twitter_misc":{"Gesch\u00e4tzte Lesezeit":"2\u00a0Minuten"},"schema":{"@context":"https:\/\/schema.org","@graph":[{"@type":"WebPage","@id":"https:\/\/www.novotek.com\/at\/dienstleistungen\/data-science-analytik\/","url":"https:\/\/www.novotek.com\/at\/dienstleistungen\/data-science-analytik\/","name":"Data Science \/ Analytik - Novotek Austria","isPartOf":{"@id":"https:\/\/www.novotek.com\/at\/#website"},"primaryImageOfPage":{"@id":"https:\/\/www.novotek.com\/at\/dienstleistungen\/data-science-analytik\/#primaryimage"},"image":{"@id":"https:\/\/www.novotek.com\/at\/dienstleistungen\/data-science-analytik\/#primaryimage"},"thumbnailUrl":"https:\/\/www.novotek.com\/at\/wp-content\/uploads\/sites\/13\/Analyse-02.jpg.webp","datePublished":"2025-01-13T09:53:22+00:00","dateModified":"2025-08-18T12:59:59+00:00","description":"Daten sind das Gold des 21. Jahrhunderts! Mit unserer Erfahrung und dem Einsatz von Analytik, ML und KI gewinnen Sie neue Erkenntnisse.","breadcrumb":{"@id":"https:\/\/www.novotek.com\/at\/dienstleistungen\/data-science-analytik\/#breadcrumb"},"inLanguage":"de-CH","potentialAction":[{"@type":"ReadAction","target":["https:\/\/www.novotek.com\/at\/dienstleistungen\/data-science-analytik\/"]}]},{"@type":"ImageObject","inLanguage":"de-CH","@id":"https:\/\/www.novotek.com\/at\/dienstleistungen\/data-science-analytik\/#primaryimage","url":"https:\/\/www.novotek.com\/at\/wp-content\/uploads\/sites\/13\/Analyse-02.jpg.webp","contentUrl":"https:\/\/www.novotek.com\/at\/wp-content\/uploads\/sites\/13\/Analyse-02.jpg.webp","width":1408,"height":1000},{"@type":"BreadcrumbList","@id":"https:\/\/www.novotek.com\/at\/dienstleistungen\/data-science-analytik\/#breadcrumb","itemListElement":[{"@type":"ListItem","position":1,"name":"Home","item":"https:\/\/www.novotek.com\/at\/"},{"@type":"ListItem","position":2,"name":"Dienstleistungen","item":"https:\/\/www.novotek.com\/at\/dienstleistungen\/"},{"@type":"ListItem","position":3,"name":"Data Science \/ Analytik"}]},{"@type":"WebSite","@id":"https:\/\/www.novotek.com\/at\/#website","url":"https:\/\/www.novotek.com\/at\/","name":"Novotek Switzerland","description":"Connect - Digitalize - Optimize","potentialAction":[{"@type":"SearchAction","target":{"@type":"EntryPoint","urlTemplate":"https:\/\/www.novotek.com\/at\/?s={search_term_string}"},"query-input":{"@type":"PropertyValueSpecification","valueRequired":true,"valueName":"search_term_string"}}],"inLanguage":"de-CH"}]}},"_links":{"self":[{"href":"https:\/\/www.novotek.com\/at\/wp-json\/wp\/v2\/pages\/22118","targetHints":{"allow":["GET"]}}],"collection":[{"href":"https:\/\/www.novotek.com\/at\/wp-json\/wp\/v2\/pages"}],"about":[{"href":"https:\/\/www.novotek.com\/at\/wp-json\/wp\/v2\/types\/page"}],"author":[{"embeddable":true,"href":"https:\/\/www.novotek.com\/at\/wp-json\/wp\/v2\/users\/45"}],"replies":[{"embeddable":true,"href":"https:\/\/www.novotek.com\/at\/wp-json\/wp\/v2\/comments?post=22118"}],"version-history":[{"count":7,"href":"https:\/\/www.novotek.com\/at\/wp-json\/wp\/v2\/pages\/22118\/revisions"}],"predecessor-version":[{"id":25857,"href":"https:\/\/www.novotek.com\/at\/wp-json\/wp\/v2\/pages\/22118\/revisions\/25857"}],"up":[{"embeddable":true,"href":"https:\/\/www.novotek.com\/at\/wp-json\/wp\/v2\/pages\/8180"}],"wp:featuredmedia":[{"embeddable":true,"href":"https:\/\/www.novotek.com\/at\/wp-json\/wp\/v2\/media\/21974"}],"wp:attachment":[{"href":"https:\/\/www.novotek.com\/at\/wp-json\/wp\/v2\/media?parent=22118"}],"curies":[{"name":"wp","href":"https:\/\/api.w.org\/{rel}","templated":true}]}}