{"id":22140,"date":"2025-01-14T07:57:31","date_gmt":"2025-01-14T07:57:31","guid":{"rendered":"https:\/\/www.novotek.com\/at\/?page_id=22140"},"modified":"2025-08-18T13:01:01","modified_gmt":"2025-08-18T13:01:01","slug":"retrofit","status":"publish","type":"page","link":"https:\/\/www.novotek.com\/at\/dienstleistungen\/retrofit\/","title":{"rendered":"Retrofit"},"content":{"rendered":"  <div class=\"hero\">\n    <div class=\"carousel hero-slider small\" data-flickity data-flickity-options='{\"prevNextButtons\": false}'>\n              <div class=\"carousel-cell\">\n          <div class=\"container\">\n            <div class=\"hero-content\">\n                              <h1>Retrofit<\/h1>\n<p><strong>Uns ist bewusst, dass Maschinen und Anlagen nur eine begrenzte Lebensdauer haben. Oft ist es aber nicht n\u00f6tig, eine gesamte Maschine zu tauschen.<br \/>\n<\/strong><\/p>\n              \n                          <\/div>\n          <\/div>\n\n          <img decoding=\"async\" width=\"1024\" height=\"479\" src=\"https:\/\/www.novotek.com\/at\/wp-content\/uploads\/sites\/13\/Retrofit-1024x479.jpg.webp\" class=\"hero-bg\" alt=\"Hero Img\" fetchpriority=\"high\" srcset=\"https:\/\/www.novotek.com\/at\/wp-content\/uploads\/sites\/13\/Retrofit-1024x479.jpg.webp 1024w, https:\/\/www.novotek.com\/at\/wp-content\/uploads\/sites\/13\/Retrofit-300x140.jpg.webp 300w, https:\/\/www.novotek.com\/at\/wp-content\/uploads\/sites\/13\/Retrofit-768x359.jpg.webp 768w, https:\/\/www.novotek.com\/at\/wp-content\/uploads\/sites\/13\/Retrofit-1536x719.jpg.webp 1536w, https:\/\/www.novotek.com\/at\/wp-content\/uploads\/sites\/13\/Retrofit-2048x958.jpg.webp 2048w, https:\/\/www.novotek.com\/at\/wp-content\/uploads\/sites\/13\/Retrofit-86x40.jpg.webp 86w, https:\/\/www.novotek.com\/at\/wp-content\/uploads\/sites\/13\/Retrofit-306x143.jpg.webp 306w, https:\/\/www.novotek.com\/at\/wp-content\/uploads\/sites\/13\/Retrofit-636x298.jpg.webp 636w, https:\/\/www.novotek.com\/at\/wp-content\/uploads\/sites\/13\/Retrofit-1632x764.jpg.webp 1632w\" sizes=\"(max-width: 1024px) 100vw, 1024px\" \/>                  <\/div>\n          <\/div>\n\n      <\/div>\n\n   \n\n\n<div class=\"container media-text  alignwide\">\n<div class=\"wp-block-media-text alignwide has-media-on-the-right is-stacked-on-mobile\" style=\"grid-template-columns:auto 47%\"><div class=\"wp-block-media-text__content\"><div class=\"container-md heading  \">\n<h2 class=\"wp-block-heading\" id=\"h-dank-unserem-fachwissen-die-optimale-losung-finden\">Retrofit<\/h2>\n<\/div>\n\n<div class=\"container-md paragraph  \">\n<p>Uns ist bewusst, dass Maschinen und Anlagen nur eine begrenzte Lebensdauer haben. Oft ist es aber nicht notwendig, eine gesamte Maschine oder Anlage zu tauschen, sondern es reicht aus, diese zu erweitern oder nur einzelne Komponenten zu erneuern und Ihr dadurch neues Leben einzuhauchen (Retrofit).<\/p>\n<\/div>\n\n<div class=\"container-md paragraph  \">\n<p><\/p>\n<\/div>\n\n<div class=\"container-md paragraph  \">\n<p><\/p>\n<\/div><\/div><figure class=\"wp-block-media-text__media\"><img loading=\"lazy\" decoding=\"async\" width=\"1024\" height=\"785\" src=\"https:\/\/www.novotek.com\/at\/wp-content\/uploads\/sites\/13\/Retrofit-02-1-1024x785.jpg\" alt=\"\" class=\"wp-image-22188 size-full\" srcset=\"https:\/\/www.novotek.com\/at\/wp-content\/uploads\/sites\/13\/Retrofit-02-1-1024x785.jpg 1024w, https:\/\/www.novotek.com\/at\/wp-content\/uploads\/sites\/13\/Retrofit-02-1-300x230.jpg 300w, https:\/\/www.novotek.com\/at\/wp-content\/uploads\/sites\/13\/Retrofit-02-1-768x589.jpg 768w, https:\/\/www.novotek.com\/at\/wp-content\/uploads\/sites\/13\/Retrofit-02-1-86x66.jpg 86w, https:\/\/www.novotek.com\/at\/wp-content\/uploads\/sites\/13\/Retrofit-02-1-306x235.jpg 306w, https:\/\/www.novotek.com\/at\/wp-content\/uploads\/sites\/13\/Retrofit-02-1-636x488.jpg 636w, https:\/\/www.novotek.com\/at\/wp-content\/uploads\/sites\/13\/Retrofit-02-1.jpg 1304w\" sizes=\"auto, (max-width: 1024px) 100vw, 1024px\" \/><\/figure><\/div>\n<\/div>\n\n<div class=\"container-md paragraph  \">\n<p>So k\u00f6nnen wir zum Beispiel alte Maschinen mit seriellen Steuerungsl\u00f6sungen einfach durch unsere Edge-Controller OPC-UA-f\u00e4hig machen und damit die Anbindung an \u00fcbergeordnete Systeme erm\u00f6glichen. Weitere Beispiele aus der Praxis sind auch Modernisierungen der Bedienung und Steuerung von bestehenden Maschinen.<\/p>\n<\/div>\n\n<div class=\"container-md paragraph  \">\n<p>Unsere Experten beraten Sie gerne f\u00fcr Ihre n\u00e4chste Retrofit-L\u00f6sung!<\/p>\n<\/div>\n\n<div class=\"container-md spacer  \">\n<div style=\"height:100px\" aria-hidden=\"true\" class=\"wp-block-spacer\"><\/div>\n<\/div>\n\n<div class=\"container-md heading  \">\n<h2 class=\"wp-block-heading has-text-color has-link-color wp-elements-fbac076eec3b365cffcd0bcefb51aeea\" style=\"color:#ab192d\"><a href=\"https:\/\/www.novotek.com\/at\/loesungen-produkte\/\">Unser Angebot<\/a><\/h2>\n<\/div>\n\n<div class=\"container-md list  \">\n<ul class=\"wp-block-list\"><div class=\"container-md list-item  \">\n<li>Erweiterungen bestehender Maschinen<\/li>\n<\/div>\n\n<div class=\"container-md list-item  \">\n<li>Anbindung \u00e4lterer Maschinen an \u00fcbergeordnete Systeme<\/li>\n<\/div>\n\n<div class=\"container-md list-item  \">\n<li>Modernisierung von Bedienung, Steuerung, Safety, &#8230;<\/li>\n<\/div>\n\n<div class=\"container-md list-item  \">\n<li>Risikoanalyse<\/li>\n<\/div>\n\n<div class=\"container-md list-item  \">\n<li>Cyber Security<\/li>\n<\/div><\/ul>\n<\/div>\n\n<div class=\"container-md spacer  \">\n<div style=\"height:30px\" aria-hidden=\"true\" class=\"wp-block-spacer\"><\/div>\n<\/div>\n\n<div class=\"cta-block\">\n  <div class=\"container\">\n          <h2><\/br>Lassen Sie uns mehr erz\u00e4hlen!<\/h2>\n    \n          <div><p>Profitieren Sie von unserem Expertenwissen und holen Sie sich bei uns die Informationen<br \/>\nzur digitalen Transformation, der Automatisierung oder der industriellen IT.<\/p>\n<\/div>\n    \n          <a class=\"btn btn-primary\" href=\"https:\/\/www.novotek.com\/at\/kontakt\/\">Kontaktieren Sie uns<\/a>\n      <\/div>\n<\/div>\n","protected":false},"excerpt":{"rendered":"<p>Uns ist bewusst, dass Maschinen und Anlagen nur eine begrenzte Lebensdauer haben. Oft ist es aber nicht n\u00f6tig, eine gesamte Maschine zu tauschen.<\/p>\n","protected":false},"author":45,"featured_media":22144,"parent":8180,"menu_order":1,"comment_status":"closed","ping_status":"closed","template":"","meta":{"_acf_changed":false,"_relevanssi_hide_post":"","_relevanssi_pin_for_all":"","_relevanssi_pin_keywords":"","_relevanssi_unpin_keywords":"","_relevanssi_related_keywords":"","_relevanssi_related_include_ids":"","_relevanssi_related_exclude_ids":"","_relevanssi_related_no_append":"","_relevanssi_related_not_related":"","_relevanssi_related_posts":"3200,3220,3208,3195,3216,3216","_relevanssi_noindex_reason":"","footnotes":""},"class_list":["post-22140","page","type-page","status-publish","has-post-thumbnail","hentry"],"acf":[],"yoast_head":"<!-- This site is optimized with the Yoast SEO plugin v27.4 - https:\/\/yoast.com\/product\/yoast-seo-wordpress\/ -->\n<title>Retrofit - Novotek Austria<\/title>\n<meta name=\"description\" content=\"Uns ist bewusst, dass Maschinen\/Anlagen nur eine begrenzte Lebensdauer haben. Oft ist es aber nicht n\u00f6tig, eine gesamte Maschine zu tauschen.\" \/>\n<meta name=\"robots\" content=\"index, follow, max-snippet:-1, max-image-preview:large, max-video-preview:-1\" \/>\n<link rel=\"canonical\" href=\"https:\/\/www.novotek.com\/at\/dienstleistungen\/retrofit\/\" \/>\n<meta property=\"og:locale\" content=\"de_DE\" \/>\n<meta property=\"og:type\" content=\"article\" \/>\n<meta property=\"og:title\" content=\"Retrofit - Novotek Austria\" \/>\n<meta property=\"og:description\" content=\"Uns ist bewusst, dass Maschinen\/Anlagen nur eine begrenzte Lebensdauer haben. Oft ist es aber nicht n\u00f6tig, eine gesamte Maschine zu tauschen.\" \/>\n<meta property=\"og:url\" content=\"https:\/\/www.novotek.com\/at\/dienstleistungen\/retrofit\/\" \/>\n<meta property=\"og:site_name\" content=\"Novotek Austria\" \/>\n<meta property=\"article:modified_time\" content=\"2025-08-18T13:01:01+00:00\" \/>\n<meta property=\"og:image\" content=\"https:\/\/www.novotek.com\/at\/wp-content\/uploads\/sites\/13\/Retrofit.jpg.webp\" \/>\n\t<meta property=\"og:image:width\" content=\"2137\" \/>\n\t<meta property=\"og:image:height\" content=\"1000\" \/>\n\t<meta property=\"og:image:type\" content=\"image\/jpeg\" \/>\n<meta name=\"twitter:card\" content=\"summary_large_image\" \/>\n<meta name=\"twitter:label1\" content=\"Gesch\u00e4tzte Lesezeit\" \/>\n\t<meta name=\"twitter:data1\" content=\"1\u00a0Minute\" \/>\n<script type=\"application\/ld+json\" class=\"yoast-schema-graph\">{\"@context\":\"https:\\\/\\\/schema.org\",\"@graph\":[{\"@type\":\"WebPage\",\"@id\":\"https:\\\/\\\/www.novotek.com\\\/at\\\/dienstleistungen\\\/retrofit\\\/\",\"url\":\"https:\\\/\\\/www.novotek.com\\\/at\\\/dienstleistungen\\\/retrofit\\\/\",\"name\":\"Retrofit - Novotek Austria\",\"isPartOf\":{\"@id\":\"https:\\\/\\\/www.novotek.com\\\/at\\\/#website\"},\"primaryImageOfPage\":{\"@id\":\"https:\\\/\\\/www.novotek.com\\\/at\\\/dienstleistungen\\\/retrofit\\\/#primaryimage\"},\"image\":{\"@id\":\"https:\\\/\\\/www.novotek.com\\\/at\\\/dienstleistungen\\\/retrofit\\\/#primaryimage\"},\"thumbnailUrl\":\"https:\\\/\\\/www.novotek.com\\\/at\\\/wp-content\\\/uploads\\\/sites\\\/13\\\/Retrofit.jpg.webp\",\"datePublished\":\"2025-01-14T07:57:31+00:00\",\"dateModified\":\"2025-08-18T13:01:01+00:00\",\"description\":\"Uns ist bewusst, dass Maschinen\\\/Anlagen nur eine begrenzte Lebensdauer haben. Oft ist es aber nicht n\u00f6tig, eine gesamte Maschine zu tauschen.\",\"breadcrumb\":{\"@id\":\"https:\\\/\\\/www.novotek.com\\\/at\\\/dienstleistungen\\\/retrofit\\\/#breadcrumb\"},\"inLanguage\":\"de-CH\",\"potentialAction\":[{\"@type\":\"ReadAction\",\"target\":[\"https:\\\/\\\/www.novotek.com\\\/at\\\/dienstleistungen\\\/retrofit\\\/\"]}]},{\"@type\":\"ImageObject\",\"inLanguage\":\"de-CH\",\"@id\":\"https:\\\/\\\/www.novotek.com\\\/at\\\/dienstleistungen\\\/retrofit\\\/#primaryimage\",\"url\":\"https:\\\/\\\/www.novotek.com\\\/at\\\/wp-content\\\/uploads\\\/sites\\\/13\\\/Retrofit.jpg.webp\",\"contentUrl\":\"https:\\\/\\\/www.novotek.com\\\/at\\\/wp-content\\\/uploads\\\/sites\\\/13\\\/Retrofit.jpg.webp\",\"width\":2137,\"height\":1000},{\"@type\":\"BreadcrumbList\",\"@id\":\"https:\\\/\\\/www.novotek.com\\\/at\\\/dienstleistungen\\\/retrofit\\\/#breadcrumb\",\"itemListElement\":[{\"@type\":\"ListItem\",\"position\":1,\"name\":\"Home\",\"item\":\"https:\\\/\\\/www.novotek.com\\\/at\\\/\"},{\"@type\":\"ListItem\",\"position\":2,\"name\":\"Dienstleistungen\",\"item\":\"https:\\\/\\\/www.novotek.com\\\/at\\\/dienstleistungen\\\/\"},{\"@type\":\"ListItem\",\"position\":3,\"name\":\"Retrofit\"}]},{\"@type\":\"WebSite\",\"@id\":\"https:\\\/\\\/www.novotek.com\\\/at\\\/#website\",\"url\":\"https:\\\/\\\/www.novotek.com\\\/at\\\/\",\"name\":\"Novotek Switzerland\",\"description\":\"Connect - Digitalize - Optimize\",\"potentialAction\":[{\"@type\":\"SearchAction\",\"target\":{\"@type\":\"EntryPoint\",\"urlTemplate\":\"https:\\\/\\\/www.novotek.com\\\/at\\\/?s={search_term_string}\"},\"query-input\":{\"@type\":\"PropertyValueSpecification\",\"valueRequired\":true,\"valueName\":\"search_term_string\"}}],\"inLanguage\":\"de-CH\"}]}<\/script>\n<!-- \/ Yoast SEO plugin. -->","yoast_head_json":{"title":"Retrofit - Novotek Austria","description":"Uns ist bewusst, dass Maschinen\/Anlagen nur eine begrenzte Lebensdauer haben. Oft ist es aber nicht n\u00f6tig, eine gesamte Maschine zu tauschen.","robots":{"index":"index","follow":"follow","max-snippet":"max-snippet:-1","max-image-preview":"max-image-preview:large","max-video-preview":"max-video-preview:-1"},"canonical":"https:\/\/www.novotek.com\/at\/dienstleistungen\/retrofit\/","og_locale":"de_DE","og_type":"article","og_title":"Retrofit - Novotek Austria","og_description":"Uns ist bewusst, dass Maschinen\/Anlagen nur eine begrenzte Lebensdauer haben. Oft ist es aber nicht n\u00f6tig, eine gesamte Maschine zu tauschen.","og_url":"https:\/\/www.novotek.com\/at\/dienstleistungen\/retrofit\/","og_site_name":"Novotek Austria","article_modified_time":"2025-08-18T13:01:01+00:00","og_image":[{"width":2137,"height":1000,"url":"https:\/\/www.novotek.com\/at\/wp-content\/uploads\/sites\/13\/Retrofit.jpg.webp","type":"image\/jpeg"}],"twitter_card":"summary_large_image","twitter_misc":{"Gesch\u00e4tzte Lesezeit":"1\u00a0Minute"},"schema":{"@context":"https:\/\/schema.org","@graph":[{"@type":"WebPage","@id":"https:\/\/www.novotek.com\/at\/dienstleistungen\/retrofit\/","url":"https:\/\/www.novotek.com\/at\/dienstleistungen\/retrofit\/","name":"Retrofit - Novotek Austria","isPartOf":{"@id":"https:\/\/www.novotek.com\/at\/#website"},"primaryImageOfPage":{"@id":"https:\/\/www.novotek.com\/at\/dienstleistungen\/retrofit\/#primaryimage"},"image":{"@id":"https:\/\/www.novotek.com\/at\/dienstleistungen\/retrofit\/#primaryimage"},"thumbnailUrl":"https:\/\/www.novotek.com\/at\/wp-content\/uploads\/sites\/13\/Retrofit.jpg.webp","datePublished":"2025-01-14T07:57:31+00:00","dateModified":"2025-08-18T13:01:01+00:00","description":"Uns ist bewusst, dass Maschinen\/Anlagen nur eine begrenzte Lebensdauer haben. Oft ist es aber nicht n\u00f6tig, eine gesamte Maschine zu tauschen.","breadcrumb":{"@id":"https:\/\/www.novotek.com\/at\/dienstleistungen\/retrofit\/#breadcrumb"},"inLanguage":"de-CH","potentialAction":[{"@type":"ReadAction","target":["https:\/\/www.novotek.com\/at\/dienstleistungen\/retrofit\/"]}]},{"@type":"ImageObject","inLanguage":"de-CH","@id":"https:\/\/www.novotek.com\/at\/dienstleistungen\/retrofit\/#primaryimage","url":"https:\/\/www.novotek.com\/at\/wp-content\/uploads\/sites\/13\/Retrofit.jpg.webp","contentUrl":"https:\/\/www.novotek.com\/at\/wp-content\/uploads\/sites\/13\/Retrofit.jpg.webp","width":2137,"height":1000},{"@type":"BreadcrumbList","@id":"https:\/\/www.novotek.com\/at\/dienstleistungen\/retrofit\/#breadcrumb","itemListElement":[{"@type":"ListItem","position":1,"name":"Home","item":"https:\/\/www.novotek.com\/at\/"},{"@type":"ListItem","position":2,"name":"Dienstleistungen","item":"https:\/\/www.novotek.com\/at\/dienstleistungen\/"},{"@type":"ListItem","position":3,"name":"Retrofit"}]},{"@type":"WebSite","@id":"https:\/\/www.novotek.com\/at\/#website","url":"https:\/\/www.novotek.com\/at\/","name":"Novotek Switzerland","description":"Connect - Digitalize - Optimize","potentialAction":[{"@type":"SearchAction","target":{"@type":"EntryPoint","urlTemplate":"https:\/\/www.novotek.com\/at\/?s={search_term_string}"},"query-input":{"@type":"PropertyValueSpecification","valueRequired":true,"valueName":"search_term_string"}}],"inLanguage":"de-CH"}]}},"_links":{"self":[{"href":"https:\/\/www.novotek.com\/at\/wp-json\/wp\/v2\/pages\/22140","targetHints":{"allow":["GET"]}}],"collection":[{"href":"https:\/\/www.novotek.com\/at\/wp-json\/wp\/v2\/pages"}],"about":[{"href":"https:\/\/www.novotek.com\/at\/wp-json\/wp\/v2\/types\/page"}],"author":[{"embeddable":true,"href":"https:\/\/www.novotek.com\/at\/wp-json\/wp\/v2\/users\/45"}],"replies":[{"embeddable":true,"href":"https:\/\/www.novotek.com\/at\/wp-json\/wp\/v2\/comments?post=22140"}],"version-history":[{"count":8,"href":"https:\/\/www.novotek.com\/at\/wp-json\/wp\/v2\/pages\/22140\/revisions"}],"predecessor-version":[{"id":25861,"href":"https:\/\/www.novotek.com\/at\/wp-json\/wp\/v2\/pages\/22140\/revisions\/25861"}],"up":[{"embeddable":true,"href":"https:\/\/www.novotek.com\/at\/wp-json\/wp\/v2\/pages\/8180"}],"wp:featuredmedia":[{"embeddable":true,"href":"https:\/\/www.novotek.com\/at\/wp-json\/wp\/v2\/media\/22144"}],"wp:attachment":[{"href":"https:\/\/www.novotek.com\/at\/wp-json\/wp\/v2\/media?parent=22140"}],"curies":[{"name":"wp","href":"https:\/\/api.w.org\/{rel}","templated":true}]}}