{"id":22154,"date":"2025-01-14T08:11:35","date_gmt":"2025-01-14T08:11:35","guid":{"rendered":"https:\/\/www.novotek.com\/at\/?page_id=22154"},"modified":"2025-08-18T13:01:24","modified_gmt":"2025-08-18T13:01:24","slug":"ruecknahme-entsorgung","status":"publish","type":"page","link":"https:\/\/www.novotek.com\/at\/dienstleistungen\/ruecknahme-entsorgung\/","title":{"rendered":"R\u00fccknahme \/ Entsorgung"},"content":{"rendered":"  <div class=\"hero\">\n    <div class=\"carousel hero-slider small\" data-flickity data-flickity-options='{\"prevNextButtons\": false}'>\n              <div class=\"carousel-cell\">\n          <div class=\"container\">\n            <div class=\"hero-content\">\n                              <h1>R\u00fccknahme \/ Entsorgung<\/h1>\n<p><strong>Im Sinne von Nachhaltigkeit und Best\u00e4ndigkeit setzen wir auf fachgerechte Entsorgung bzw. Wiederverwertung von Industrieelektronik.<br \/>\n<\/strong><\/p>\n              \n                          <\/div>\n          <\/div>\n\n          <img decoding=\"async\" width=\"1024\" height=\"455\" src=\"https:\/\/www.novotek.com\/at\/wp-content\/uploads\/sites\/13\/Entsorgung-1024x455.jpg.webp\" class=\"hero-bg\" alt=\"Hero Img\" fetchpriority=\"high\" srcset=\"https:\/\/www.novotek.com\/at\/wp-content\/uploads\/sites\/13\/Entsorgung-1024x455.jpg.webp 1024w, https:\/\/www.novotek.com\/at\/wp-content\/uploads\/sites\/13\/Entsorgung-300x133.jpg.webp 300w, https:\/\/www.novotek.com\/at\/wp-content\/uploads\/sites\/13\/Entsorgung-768x341.jpg.webp 768w, https:\/\/www.novotek.com\/at\/wp-content\/uploads\/sites\/13\/Entsorgung-1536x683.jpg.webp 1536w, https:\/\/www.novotek.com\/at\/wp-content\/uploads\/sites\/13\/Entsorgung-2048x911.jpg.webp 2048w, https:\/\/www.novotek.com\/at\/wp-content\/uploads\/sites\/13\/Entsorgung-86x38.jpg.webp 86w, https:\/\/www.novotek.com\/at\/wp-content\/uploads\/sites\/13\/Entsorgung-306x136.jpg.webp 306w, https:\/\/www.novotek.com\/at\/wp-content\/uploads\/sites\/13\/Entsorgung-636x283.jpg.webp 636w, https:\/\/www.novotek.com\/at\/wp-content\/uploads\/sites\/13\/Entsorgung-1632x726.jpg.webp 1632w\" sizes=\"(max-width: 1024px) 100vw, 1024px\" \/>                  <\/div>\n          <\/div>\n\n      <\/div>\n\n   \n\n\n<div class=\"container media-text  alignwide\">\n<div class=\"wp-block-media-text alignwide has-media-on-the-right is-stacked-on-mobile\" style=\"grid-template-columns:auto 47%\"><div class=\"wp-block-media-text__content\"><div class=\"container-md heading  \">\n<h2 class=\"wp-block-heading\" id=\"h-dank-unserem-fachwissen-die-optimale-losung-finden\">Abfall als Ressource? Wir sagen JA!<\/h2>\n<\/div>\n\n<div class=\"container-md paragraph  \">\n<p>Im Sinne von Nachhaltigkeit und Best\u00e4ndigkeit setzen wir auf fachgerechte Entsorgung bzw. Wiederverwertung von Industrieelektronik.<\/p>\n<\/div>\n\n<div class=\"container-md paragraph  \">\n<p>Fast ein Drittel der weltweit produzierten Lebensmittel landen im M\u00fcll. Bei Elektro- und Elektronikger\u00e4ten gibt es eine \u00e4hnlich ern\u00fcchternde Bilanz. Wertvolle Bestandteile wie Aluminium, Kupfer, Edelmetalle und seltene Erden werden unbedacht verschwendet. Auf der anderen Seite sind genau solche Materialien immer schwerer und zu leistbaren Preisen erh\u00e4ltlich. W\u00e4hrend es im IT-Bereich vermehrt spezielle Angebote und Programme zur fachgerechten Behandlung, inkl. DSGVO Konformit\u00e4t und Cyber Security gibt, herrscht im OT-Bereich erheblicher Mangel daran.<\/p>\n<\/div>\n\n<div class=\"container-md paragraph  \">\n<p><\/p>\n<\/div>\n\n<div class=\"container-md paragraph  \">\n<p><\/p>\n<\/div><\/div><figure class=\"wp-block-media-text__media\"><img loading=\"lazy\" decoding=\"async\" width=\"1024\" height=\"775\" src=\"https:\/\/www.novotek.com\/at\/wp-content\/uploads\/sites\/13\/Entsorgung-02-1-1024x775.jpg\" alt=\"\" class=\"wp-image-22193 size-full\" srcset=\"https:\/\/www.novotek.com\/at\/wp-content\/uploads\/sites\/13\/Entsorgung-02-1-1024x775.jpg 1024w, https:\/\/www.novotek.com\/at\/wp-content\/uploads\/sites\/13\/Entsorgung-02-1-300x227.jpg 300w, https:\/\/www.novotek.com\/at\/wp-content\/uploads\/sites\/13\/Entsorgung-02-1-768x581.jpg 768w, https:\/\/www.novotek.com\/at\/wp-content\/uploads\/sites\/13\/Entsorgung-02-1-86x65.jpg 86w, https:\/\/www.novotek.com\/at\/wp-content\/uploads\/sites\/13\/Entsorgung-02-1-306x232.jpg 306w, https:\/\/www.novotek.com\/at\/wp-content\/uploads\/sites\/13\/Entsorgung-02-1-636x481.jpg 636w, https:\/\/www.novotek.com\/at\/wp-content\/uploads\/sites\/13\/Entsorgung-02-1.jpg 1321w\" sizes=\"auto, (max-width: 1024px) 100vw, 1024px\" \/><\/figure><\/div>\n<\/div>\n\n<div class=\"container-md heading  \">\n<h2 class=\"wp-block-heading\">Unsere L\u00f6sung<\/h2>\n<\/div>\n\n<div class=\"container-md paragraph  \">\n<p>Gemeinsam mit dem gemeinn\u00fctzigen IT-Unternehmen AfB wollen wir dieses \u201eMissverh\u00e4ltnis\u201c angehen und eine funktionierende Kreislaufwirtschaft im Industrieelektronik-Bereich ankurbeln.<\/p>\n<\/div>\n\n<div class=\"container-md paragraph  \">\n<p>Das Ziel ist, f\u00fcr fachgerechte Entsorgung bzw. Wiederverwertung von Industrieelektronik zu sorgen und dabei alle zur Verf\u00fcgung stehenden Ressourcen bestm\u00f6glich zu nutzen. Selbst Abfallprodukte k\u00f6nnen einen wertvollen Beitrag leisten!<\/p>\n<\/div>\n\n<div class=\"container-md paragraph  \">\n<p>Durch eine eigene Zerlegestrasse (AfB) werden die Ger\u00e4te (HMI, SPS, IPC, &#8230;) fachgerecht zerlegt, nach Fraktionen sortiert (z.B. Batterien, Displays, Kunststoff, Metall, PCB, Datentr\u00e4ger) und entsprechend weiterbehandelt.<\/p>\n<\/div>\n\n<div class=\"container-md image  \">\n<figure class=\"wp-block-image size-large\"><img loading=\"lazy\" decoding=\"async\" width=\"1024\" height=\"576\" src=\"https:\/\/www.novotek.com\/at\/wp-content\/uploads\/sites\/13\/AfB-Prozess-1024x576.jpg\" alt=\"\" class=\"wp-image-22347\" srcset=\"https:\/\/www.novotek.com\/at\/wp-content\/uploads\/sites\/13\/AfB-Prozess-1024x576.jpg 1024w, https:\/\/www.novotek.com\/at\/wp-content\/uploads\/sites\/13\/AfB-Prozess-300x169.jpg 300w, https:\/\/www.novotek.com\/at\/wp-content\/uploads\/sites\/13\/AfB-Prozess-768x432.jpg 768w, https:\/\/www.novotek.com\/at\/wp-content\/uploads\/sites\/13\/AfB-Prozess-1536x864.jpg 1536w, https:\/\/www.novotek.com\/at\/wp-content\/uploads\/sites\/13\/AfB-Prozess-2048x1152.jpg 2048w, https:\/\/www.novotek.com\/at\/wp-content\/uploads\/sites\/13\/AfB-Prozess-86x48.jpg 86w, https:\/\/www.novotek.com\/at\/wp-content\/uploads\/sites\/13\/AfB-Prozess-306x172.jpg 306w, https:\/\/www.novotek.com\/at\/wp-content\/uploads\/sites\/13\/AfB-Prozess-636x358.jpg 636w, https:\/\/www.novotek.com\/at\/wp-content\/uploads\/sites\/13\/AfB-Prozess-1632x918.jpg 1632w\" sizes=\"auto, (max-width: 1024px) 100vw, 1024px\" \/><\/figure>\n<\/div>\n\n<div class=\"container-md spacer  \">\n<div style=\"height:100px\" aria-hidden=\"true\" class=\"wp-block-spacer\"><\/div>\n<\/div>\n\n<div class=\"container-md heading  \">\n<h2 class=\"wp-block-heading has-text-color has-link-color wp-elements-9e67e426c51ffb900acd952f7191d4df\" style=\"color:#ab192d\">Unser Angebot<\/h2>\n<\/div>\n\n<div class=\"container-md list  \">\n<ul class=\"wp-block-list\"><div class=\"container-md list-item  \">\n<li><\/li>\n<\/div><\/ul>\n<\/div>\n\n<div class=\"container-md list  \">\n<ul class=\"wp-block-list\"><div class=\"container-md list-item  \">\n<li>Fachgerechte Abholung inkl. Sicherheitstransport Ihrer G\u00fcter und mit Entsorgungsnachweis<\/li>\n<\/div>\n\n<div class=\"container-md list-item  \">\n<li>Datenschutz + DSGVO-konforme L\u00f6schung -&gt;Dies wird mit entsprechendem Zertifikat und Berichten dokumentiert.<\/li>\n<\/div>\n\n<div class=\"container-md list-item  \">\n<li>Unterst\u00fctzung Ihrer CSR-Aktivit\u00e4ten<\/li>\n<\/div>\n\n<div class=\"container-md list-item  \">\n<li>Zusatzrabatt bei Kauf eines Neuger\u00e4tes<\/li>\n<\/div>\n\n<div class=\"container-md list-item  \">\n<li>Beitrag zur Kreislaufwirtschaft<\/li>\n<\/div><\/ul>\n<\/div>\n\n<div class=\"container-md spacer  \">\n<div style=\"height:30px\" aria-hidden=\"true\" class=\"wp-block-spacer\"><\/div>\n<\/div>\n\n<div class=\"cta-block\">\n  <div class=\"container\">\n          <h2><\/br>Lassen Sie uns mehr erz\u00e4hlen!<\/h2>\n    \n          <div><p>Profitieren Sie von unserem Expertenwissen und holen Sie sich bei uns die Informationen<br \/>\nzur digitalen Transformation, der Automatisierung oder der industriellen IT.<\/p>\n<\/div>\n    \n          <a class=\"btn btn-primary\" href=\"https:\/\/www.novotek.com\/at\/kontakt\/\">Kontaktieren Sie uns<\/a>\n      <\/div>\n<\/div>\n","protected":false},"excerpt":{"rendered":"<p>Im Sinne von Nachhaltigkeit und Best\u00e4ndigkeit setzen wir auf fachgerechte Entsorgung bzw. Wiederverwertung von Industrieelektronik.<\/p>\n","protected":false},"author":45,"featured_media":22158,"parent":8180,"menu_order":1,"comment_status":"closed","ping_status":"closed","template":"","meta":{"_acf_changed":false,"_relevanssi_hide_post":"","_relevanssi_pin_for_all":"","_relevanssi_pin_keywords":"","_relevanssi_unpin_keywords":"","_relevanssi_related_keywords":"","_relevanssi_related_include_ids":"","_relevanssi_related_exclude_ids":"","_relevanssi_related_no_append":"","_relevanssi_related_not_related":"","_relevanssi_related_posts":"3200,3220,3208,3195,3216,3216","_relevanssi_noindex_reason":"","footnotes":""},"class_list":["post-22154","page","type-page","status-publish","has-post-thumbnail","hentry"],"acf":[],"yoast_head":"<!-- This site is optimized with the Yoast SEO plugin v27.4 - https:\/\/yoast.com\/product\/yoast-seo-wordpress\/ -->\n<title>R\u00fccknahme \/ Entsorgung - Novotek Austria<\/title>\n<meta name=\"description\" content=\"Im Sinne von Nachhaltigkeit und Best\u00e4ndigkeit setzen wir auf fachgerechte Entsorgung bzw. Wiederverwertung von Industrieelektronik.\" \/>\n<meta name=\"robots\" content=\"index, follow, max-snippet:-1, max-image-preview:large, max-video-preview:-1\" \/>\n<link rel=\"canonical\" href=\"https:\/\/www.novotek.com\/at\/dienstleistungen\/ruecknahme-entsorgung\/\" \/>\n<meta property=\"og:locale\" content=\"de_DE\" \/>\n<meta property=\"og:type\" content=\"article\" \/>\n<meta property=\"og:title\" content=\"R\u00fccknahme \/ Entsorgung - Novotek Austria\" \/>\n<meta property=\"og:description\" content=\"Im Sinne von Nachhaltigkeit und Best\u00e4ndigkeit setzen wir auf fachgerechte Entsorgung bzw. Wiederverwertung von Industrieelektronik.\" \/>\n<meta property=\"og:url\" content=\"https:\/\/www.novotek.com\/at\/dienstleistungen\/ruecknahme-entsorgung\/\" \/>\n<meta property=\"og:site_name\" content=\"Novotek Austria\" \/>\n<meta property=\"article:modified_time\" content=\"2025-08-18T13:01:24+00:00\" \/>\n<meta property=\"og:image\" content=\"https:\/\/www.novotek.com\/at\/wp-content\/uploads\/sites\/13\/Entsorgung.jpg.webp\" \/>\n\t<meta property=\"og:image:width\" content=\"2249\" \/>\n\t<meta property=\"og:image:height\" content=\"1000\" \/>\n\t<meta property=\"og:image:type\" content=\"image\/jpeg\" \/>\n<meta name=\"twitter:card\" content=\"summary_large_image\" \/>\n<meta name=\"twitter:label1\" content=\"Gesch\u00e4tzte Lesezeit\" \/>\n\t<meta name=\"twitter:data1\" content=\"2\u00a0Minuten\" \/>\n<script type=\"application\/ld+json\" class=\"yoast-schema-graph\">{\"@context\":\"https:\\\/\\\/schema.org\",\"@graph\":[{\"@type\":\"WebPage\",\"@id\":\"https:\\\/\\\/www.novotek.com\\\/at\\\/dienstleistungen\\\/ruecknahme-entsorgung\\\/\",\"url\":\"https:\\\/\\\/www.novotek.com\\\/at\\\/dienstleistungen\\\/ruecknahme-entsorgung\\\/\",\"name\":\"R\u00fccknahme \\\/ Entsorgung - Novotek Austria\",\"isPartOf\":{\"@id\":\"https:\\\/\\\/www.novotek.com\\\/at\\\/#website\"},\"primaryImageOfPage\":{\"@id\":\"https:\\\/\\\/www.novotek.com\\\/at\\\/dienstleistungen\\\/ruecknahme-entsorgung\\\/#primaryimage\"},\"image\":{\"@id\":\"https:\\\/\\\/www.novotek.com\\\/at\\\/dienstleistungen\\\/ruecknahme-entsorgung\\\/#primaryimage\"},\"thumbnailUrl\":\"https:\\\/\\\/www.novotek.com\\\/at\\\/wp-content\\\/uploads\\\/sites\\\/13\\\/Entsorgung.jpg.webp\",\"datePublished\":\"2025-01-14T08:11:35+00:00\",\"dateModified\":\"2025-08-18T13:01:24+00:00\",\"description\":\"Im Sinne von Nachhaltigkeit und Best\u00e4ndigkeit setzen wir auf fachgerechte Entsorgung bzw. Wiederverwertung von Industrieelektronik.\",\"breadcrumb\":{\"@id\":\"https:\\\/\\\/www.novotek.com\\\/at\\\/dienstleistungen\\\/ruecknahme-entsorgung\\\/#breadcrumb\"},\"inLanguage\":\"de-CH\",\"potentialAction\":[{\"@type\":\"ReadAction\",\"target\":[\"https:\\\/\\\/www.novotek.com\\\/at\\\/dienstleistungen\\\/ruecknahme-entsorgung\\\/\"]}]},{\"@type\":\"ImageObject\",\"inLanguage\":\"de-CH\",\"@id\":\"https:\\\/\\\/www.novotek.com\\\/at\\\/dienstleistungen\\\/ruecknahme-entsorgung\\\/#primaryimage\",\"url\":\"https:\\\/\\\/www.novotek.com\\\/at\\\/wp-content\\\/uploads\\\/sites\\\/13\\\/Entsorgung.jpg.webp\",\"contentUrl\":\"https:\\\/\\\/www.novotek.com\\\/at\\\/wp-content\\\/uploads\\\/sites\\\/13\\\/Entsorgung.jpg.webp\",\"width\":2249,\"height\":1000},{\"@type\":\"BreadcrumbList\",\"@id\":\"https:\\\/\\\/www.novotek.com\\\/at\\\/dienstleistungen\\\/ruecknahme-entsorgung\\\/#breadcrumb\",\"itemListElement\":[{\"@type\":\"ListItem\",\"position\":1,\"name\":\"Home\",\"item\":\"https:\\\/\\\/www.novotek.com\\\/at\\\/\"},{\"@type\":\"ListItem\",\"position\":2,\"name\":\"Dienstleistungen\",\"item\":\"https:\\\/\\\/www.novotek.com\\\/at\\\/dienstleistungen\\\/\"},{\"@type\":\"ListItem\",\"position\":3,\"name\":\"R\u00fccknahme \\\/ Entsorgung\"}]},{\"@type\":\"WebSite\",\"@id\":\"https:\\\/\\\/www.novotek.com\\\/at\\\/#website\",\"url\":\"https:\\\/\\\/www.novotek.com\\\/at\\\/\",\"name\":\"Novotek Switzerland\",\"description\":\"Connect - Digitalize - Optimize\",\"potentialAction\":[{\"@type\":\"SearchAction\",\"target\":{\"@type\":\"EntryPoint\",\"urlTemplate\":\"https:\\\/\\\/www.novotek.com\\\/at\\\/?s={search_term_string}\"},\"query-input\":{\"@type\":\"PropertyValueSpecification\",\"valueRequired\":true,\"valueName\":\"search_term_string\"}}],\"inLanguage\":\"de-CH\"}]}<\/script>\n<!-- \/ Yoast SEO plugin. -->","yoast_head_json":{"title":"R\u00fccknahme \/ Entsorgung - Novotek Austria","description":"Im Sinne von Nachhaltigkeit und Best\u00e4ndigkeit setzen wir auf fachgerechte Entsorgung bzw. Wiederverwertung von Industrieelektronik.","robots":{"index":"index","follow":"follow","max-snippet":"max-snippet:-1","max-image-preview":"max-image-preview:large","max-video-preview":"max-video-preview:-1"},"canonical":"https:\/\/www.novotek.com\/at\/dienstleistungen\/ruecknahme-entsorgung\/","og_locale":"de_DE","og_type":"article","og_title":"R\u00fccknahme \/ Entsorgung - Novotek Austria","og_description":"Im Sinne von Nachhaltigkeit und Best\u00e4ndigkeit setzen wir auf fachgerechte Entsorgung bzw. Wiederverwertung von Industrieelektronik.","og_url":"https:\/\/www.novotek.com\/at\/dienstleistungen\/ruecknahme-entsorgung\/","og_site_name":"Novotek Austria","article_modified_time":"2025-08-18T13:01:24+00:00","og_image":[{"width":2249,"height":1000,"url":"https:\/\/www.novotek.com\/at\/wp-content\/uploads\/sites\/13\/Entsorgung.jpg.webp","type":"image\/jpeg"}],"twitter_card":"summary_large_image","twitter_misc":{"Gesch\u00e4tzte Lesezeit":"2\u00a0Minuten"},"schema":{"@context":"https:\/\/schema.org","@graph":[{"@type":"WebPage","@id":"https:\/\/www.novotek.com\/at\/dienstleistungen\/ruecknahme-entsorgung\/","url":"https:\/\/www.novotek.com\/at\/dienstleistungen\/ruecknahme-entsorgung\/","name":"R\u00fccknahme \/ Entsorgung - Novotek Austria","isPartOf":{"@id":"https:\/\/www.novotek.com\/at\/#website"},"primaryImageOfPage":{"@id":"https:\/\/www.novotek.com\/at\/dienstleistungen\/ruecknahme-entsorgung\/#primaryimage"},"image":{"@id":"https:\/\/www.novotek.com\/at\/dienstleistungen\/ruecknahme-entsorgung\/#primaryimage"},"thumbnailUrl":"https:\/\/www.novotek.com\/at\/wp-content\/uploads\/sites\/13\/Entsorgung.jpg.webp","datePublished":"2025-01-14T08:11:35+00:00","dateModified":"2025-08-18T13:01:24+00:00","description":"Im Sinne von Nachhaltigkeit und Best\u00e4ndigkeit setzen wir auf fachgerechte Entsorgung bzw. Wiederverwertung von Industrieelektronik.","breadcrumb":{"@id":"https:\/\/www.novotek.com\/at\/dienstleistungen\/ruecknahme-entsorgung\/#breadcrumb"},"inLanguage":"de-CH","potentialAction":[{"@type":"ReadAction","target":["https:\/\/www.novotek.com\/at\/dienstleistungen\/ruecknahme-entsorgung\/"]}]},{"@type":"ImageObject","inLanguage":"de-CH","@id":"https:\/\/www.novotek.com\/at\/dienstleistungen\/ruecknahme-entsorgung\/#primaryimage","url":"https:\/\/www.novotek.com\/at\/wp-content\/uploads\/sites\/13\/Entsorgung.jpg.webp","contentUrl":"https:\/\/www.novotek.com\/at\/wp-content\/uploads\/sites\/13\/Entsorgung.jpg.webp","width":2249,"height":1000},{"@type":"BreadcrumbList","@id":"https:\/\/www.novotek.com\/at\/dienstleistungen\/ruecknahme-entsorgung\/#breadcrumb","itemListElement":[{"@type":"ListItem","position":1,"name":"Home","item":"https:\/\/www.novotek.com\/at\/"},{"@type":"ListItem","position":2,"name":"Dienstleistungen","item":"https:\/\/www.novotek.com\/at\/dienstleistungen\/"},{"@type":"ListItem","position":3,"name":"R\u00fccknahme \/ Entsorgung"}]},{"@type":"WebSite","@id":"https:\/\/www.novotek.com\/at\/#website","url":"https:\/\/www.novotek.com\/at\/","name":"Novotek Switzerland","description":"Connect - Digitalize - Optimize","potentialAction":[{"@type":"SearchAction","target":{"@type":"EntryPoint","urlTemplate":"https:\/\/www.novotek.com\/at\/?s={search_term_string}"},"query-input":{"@type":"PropertyValueSpecification","valueRequired":true,"valueName":"search_term_string"}}],"inLanguage":"de-CH"}]}},"_links":{"self":[{"href":"https:\/\/www.novotek.com\/at\/wp-json\/wp\/v2\/pages\/22154","targetHints":{"allow":["GET"]}}],"collection":[{"href":"https:\/\/www.novotek.com\/at\/wp-json\/wp\/v2\/pages"}],"about":[{"href":"https:\/\/www.novotek.com\/at\/wp-json\/wp\/v2\/types\/page"}],"author":[{"embeddable":true,"href":"https:\/\/www.novotek.com\/at\/wp-json\/wp\/v2\/users\/45"}],"replies":[{"embeddable":true,"href":"https:\/\/www.novotek.com\/at\/wp-json\/wp\/v2\/comments?post=22154"}],"version-history":[{"count":8,"href":"https:\/\/www.novotek.com\/at\/wp-json\/wp\/v2\/pages\/22154\/revisions"}],"predecessor-version":[{"id":25862,"href":"https:\/\/www.novotek.com\/at\/wp-json\/wp\/v2\/pages\/22154\/revisions\/25862"}],"up":[{"embeddable":true,"href":"https:\/\/www.novotek.com\/at\/wp-json\/wp\/v2\/pages\/8180"}],"wp:featuredmedia":[{"embeddable":true,"href":"https:\/\/www.novotek.com\/at\/wp-json\/wp\/v2\/media\/22158"}],"wp:attachment":[{"href":"https:\/\/www.novotek.com\/at\/wp-json\/wp\/v2\/media?parent=22154"}],"curies":[{"name":"wp","href":"https:\/\/api.w.org\/{rel}","templated":true}]}}