{"id":22287,"date":"2025-01-15T12:42:30","date_gmt":"2025-01-15T12:42:30","guid":{"rendered":"https:\/\/www.novotek.com\/at\/?page_id=22287"},"modified":"2025-12-19T09:42:26","modified_gmt":"2025-12-19T09:42:26","slug":"wasser-abwasser","status":"publish","type":"page","link":"https:\/\/www.novotek.com\/at\/industrie\/wasser-abwasser\/","title":{"rendered":"Wasser &amp; Abwasser"},"content":{"rendered":"  <div class=\"hero\">\n    <div class=\"carousel hero-slider small\" data-flickity data-flickity-options='{\"prevNextButtons\": false}'>\n              <div class=\"carousel-cell\">\n          <div class=\"container\">\n            <div class=\"hero-content\">\n                              <h1>Wasser &amp; Abwasser<\/h1>\n<p>Nutzen Sie unser Know-How und unsere L\u00f6sungen, um ihre Systeme kosteneffizienter zu gestalten und Zugang zu Informationen immer und \u00fcberall zu erm\u00f6glichen.<\/p>\n              \n                          <\/div>\n          <\/div>\n\n          <img decoding=\"async\" width=\"1024\" height=\"485\" src=\"https:\/\/www.novotek.com\/at\/wp-content\/uploads\/sites\/13\/Abwasser-1024x485.jpg.webp\" class=\"hero-bg\" alt=\"Hero Img\" fetchpriority=\"high\" srcset=\"https:\/\/www.novotek.com\/at\/wp-content\/uploads\/sites\/13\/Abwasser-1024x485.jpg.webp 1024w, https:\/\/www.novotek.com\/at\/wp-content\/uploads\/sites\/13\/Abwasser-300x142.jpg.webp 300w, https:\/\/www.novotek.com\/at\/wp-content\/uploads\/sites\/13\/Abwasser-768x364.jpg.webp 768w, https:\/\/www.novotek.com\/at\/wp-content\/uploads\/sites\/13\/Abwasser-1536x728.jpg.webp 1536w, https:\/\/www.novotek.com\/at\/wp-content\/uploads\/sites\/13\/Abwasser-86x41.jpg.webp 86w, https:\/\/www.novotek.com\/at\/wp-content\/uploads\/sites\/13\/Abwasser-306x145.jpg.webp 306w, https:\/\/www.novotek.com\/at\/wp-content\/uploads\/sites\/13\/Abwasser-636x301.jpg.webp 636w, https:\/\/www.novotek.com\/at\/wp-content\/uploads\/sites\/13\/Abwasser-1632x774.jpg.webp 1632w, https:\/\/www.novotek.com\/at\/wp-content\/uploads\/sites\/13\/Abwasser.jpg.webp 1920w\" sizes=\"(max-width: 1024px) 100vw, 1024px\" \/>                  <\/div>\n          <\/div>\n\n      <\/div>\n\n   \n\n\n<div class=\"container-md paragraph  \">\n<p>Der Wasserindustrie bieten wir beste Branchentechnologien und fundiertes Fachwissen, damit St\u00e4dte und Gemeinden ihre Aktivit\u00e4ten im Bereich Wasser und Abwasser weiter ausbauen k\u00f6nnen.<\/p>\n<\/div>\n\n<div class=\"container-md paragraph  \">\n<p>Zu unseren Spezialkompetenzen geh\u00f6ren Informationsmanagement in Kl\u00e4ranlagen, Wasserbehandlung\/-aufbereitung, verteilte Pumpstationen, Wasserkraft, \u2026. Nutzen Sie unser Know-How und L\u00f6sungen, um Ihre Systeme kosteneffizienter zu machen und Informationen immer und \u00fcberall zug\u00e4nglich zu haben. Damit vereinfachen Sie Ihre Entscheidungsprozesse.<\/p>\n<\/div>\n\n<div class=\"container-md spacer  \">\n<div style=\"height:50px\" aria-hidden=\"true\" class=\"wp-block-spacer\"><\/div>\n<\/div>\n\n<div class=\"container-md heading  \">\n<h2 class=\"wp-block-heading\">Referenzen<\/h2>\n<\/div>\n\n<div class=\"posts-columns \">\n  <div class=\"container\">\n  <div class=\"row\">\n    <div class=\"col-12 col-md-4\">\n<article class=\"basic \">\n    <div class=\"image\">\n      <a href=\"https:\/\/www.novotek.com\/at\/dienstleistungen\/friedberg-investiert-in-nachhaltige-trinkwasserversorgung\/\">\n                  <img loading=\"lazy\" decoding=\"async\" width=\"500\" height=\"333\" src=\"https:\/\/www.novotek.com\/at\/wp-content\/uploads\/sites\/13\/Titelbild-Friedberg.jpg.webp\" class=\"attachment-post-thumbnail size-post-thumbnail wp-post-image\" alt=\"\" srcset=\"https:\/\/www.novotek.com\/at\/wp-content\/uploads\/sites\/13\/Titelbild-Friedberg.jpg.webp 500w, https:\/\/www.novotek.com\/at\/wp-content\/uploads\/sites\/13\/Titelbild-Friedberg-300x200.jpg.webp 300w, https:\/\/www.novotek.com\/at\/wp-content\/uploads\/sites\/13\/Titelbild-Friedberg-86x57.jpg.webp 86w, https:\/\/www.novotek.com\/at\/wp-content\/uploads\/sites\/13\/Titelbild-Friedberg-306x204.jpg.webp 306w\" sizes=\"auto, (max-width: 500px) 100vw, 500px\" \/>              <\/a>\n    <\/div>\n\n    <div>\n              <h4>Friedberg investiert in nachhaltige Trinkwasserversorgung<\/h4>\n      \n              <p>Ein niederschlagsarmer Winter und ein sehr trockenes Fr\u00fchjahr verursachten in Friedberg heuer gro\u00dfe Wasserprobleme. Nun investierte die Stadtgemeinde 2,5 Millionen Euro in einen neuen Hochbeh\u00e4lter, um die Trinkwasserversorgung der Bev\u00f6lkerung nachhaltig abzusichern.<\/p>\n      \n      <div>\n        <a href=\"https:\/\/www.novotek.com\/at\/dienstleistungen\/friedberg-investiert-in-nachhaltige-trinkwasserversorgung\/\">\n          Weiterlesen        <\/a>\n      <\/div>\n    <\/div>\n<\/article>\n<\/div><div class=\"col-12 col-md-4\">\n<article class=\"basic \">\n    <div class=\"image\">\n      <a href=\"https:\/\/www.novotek.com\/at\/dienstleistungen\/ferrodecont-automatisierung-5-0-zero-waste-abwasseraufbereitung\/\">\n                  <img loading=\"lazy\" decoding=\"async\" width=\"500\" height=\"333\" src=\"https:\/\/www.novotek.com\/at\/wp-content\/uploads\/sites\/13\/Titelbild-Ferrodecont.jpg.webp\" class=\"attachment-post-thumbnail size-post-thumbnail wp-post-image\" alt=\"\" srcset=\"https:\/\/www.novotek.com\/at\/wp-content\/uploads\/sites\/13\/Titelbild-Ferrodecont.jpg.webp 500w, https:\/\/www.novotek.com\/at\/wp-content\/uploads\/sites\/13\/Titelbild-Ferrodecont-300x200.jpg.webp 300w, https:\/\/www.novotek.com\/at\/wp-content\/uploads\/sites\/13\/Titelbild-Ferrodecont-86x57.jpg.webp 86w, https:\/\/www.novotek.com\/at\/wp-content\/uploads\/sites\/13\/Titelbild-Ferrodecont-306x204.jpg.webp 306w\" sizes=\"auto, (max-width: 500px) 100vw, 500px\" \/>              <\/a>\n    <\/div>\n\n    <div>\n              <h4>FerroDECONT &#8211; Automatisierung 5.0: Zero Waste-Abwasseraufbereitung<\/h4>\n      \n              <p>Wer nach dem Zero Waste-Prinzip strebt, vermeidet Abf\u00e4lle und recycelt alte Produkte oder Schadstoffe weiter, um den Umwelteinfluss zu minimieren. Diesem Credo folgend, entwickelten DI Peter M\u00fcller und Robert Mischitz ein Verfahren, das Schadstoffe aus Abw\u00e4ssern ausscheidet und zu Wertstoffen reaktiviert.<\/p>\n      \n      <div>\n        <a href=\"https:\/\/www.novotek.com\/at\/dienstleistungen\/ferrodecont-automatisierung-5-0-zero-waste-abwasseraufbereitung\/\">\n          Weiterlesen        <\/a>\n      <\/div>\n    <\/div>\n<\/article>\n<\/div>  <\/div>\n\n  <\/div><\/div>\n\n\n<div class=\"container-md spacer  \">\n<div style=\"height:20px\" aria-hidden=\"true\" class=\"wp-block-spacer\"><\/div>\n<\/div>","protected":false},"excerpt":{"rendered":"<p>Nutzen Sie unser Know-How und unsere L\u00f6sungen, um ihre Systeme kosteneffizienter zu gestalten und Zugang zu Informationen immer und \u00fcberall zu erm\u00f6glichen.<\/p>\n","protected":false},"author":45,"featured_media":22291,"parent":177,"menu_order":4,"comment_status":"closed","ping_status":"closed","template":"","meta":{"_acf_changed":false,"_relevanssi_hide_post":"","_relevanssi_pin_for_all":"","_relevanssi_pin_keywords":"","_relevanssi_unpin_keywords":"","_relevanssi_related_keywords":"","_relevanssi_related_include_ids":"","_relevanssi_related_exclude_ids":"","_relevanssi_related_no_append":"","_relevanssi_related_not_related":"","_relevanssi_related_posts":"3200,3220,3208,3195,3216,3216","_relevanssi_noindex_reason":"","footnotes":""},"class_list":["post-22287","page","type-page","status-publish","has-post-thumbnail","hentry"],"acf":[],"yoast_head":"<!-- This site is optimized with the Yoast SEO plugin v27.4 - https:\/\/yoast.com\/product\/yoast-seo-wordpress\/ -->\n<title>Wasser &amp; Abwasser - Novotek Austria<\/title>\n<meta name=\"description\" content=\"Machen Sie Ihre Wasser-\/Abwasseranlage noch effizienter und nachhaltiger mit fortschrittlichen Automatisierungs- und Softwaretechnologien.\" \/>\n<meta name=\"robots\" content=\"index, follow, max-snippet:-1, max-image-preview:large, max-video-preview:-1\" \/>\n<link rel=\"canonical\" href=\"https:\/\/www.novotek.com\/at\/industrie\/wasser-abwasser\/\" \/>\n<meta property=\"og:locale\" content=\"de_DE\" \/>\n<meta property=\"og:type\" content=\"article\" \/>\n<meta property=\"og:title\" content=\"Wasser &amp; Abwasser - Novotek Austria\" \/>\n<meta property=\"og:description\" content=\"Machen Sie Ihre Wasser-\/Abwasseranlage noch effizienter und nachhaltiger mit fortschrittlichen Automatisierungs- und Softwaretechnologien.\" \/>\n<meta property=\"og:url\" content=\"https:\/\/www.novotek.com\/at\/industrie\/wasser-abwasser\/\" \/>\n<meta property=\"og:site_name\" content=\"Novotek Austria\" \/>\n<meta property=\"article:modified_time\" content=\"2025-12-19T09:42:26+00:00\" \/>\n<meta property=\"og:image\" content=\"https:\/\/www.novotek.com\/at\/wp-content\/uploads\/sites\/13\/Abwasser.jpg.webp\" \/>\n\t<meta property=\"og:image:width\" content=\"1920\" \/>\n\t<meta property=\"og:image:height\" content=\"910\" \/>\n\t<meta property=\"og:image:type\" content=\"image\/jpeg\" \/>\n<meta name=\"twitter:card\" content=\"summary_large_image\" \/>\n<meta name=\"twitter:label1\" content=\"Gesch\u00e4tzte Lesezeit\" \/>\n\t<meta name=\"twitter:data1\" content=\"1\u00a0Minute\" \/>\n<script type=\"application\/ld+json\" class=\"yoast-schema-graph\">{\"@context\":\"https:\\\/\\\/schema.org\",\"@graph\":[{\"@type\":\"WebPage\",\"@id\":\"https:\\\/\\\/www.novotek.com\\\/at\\\/industrie\\\/wasser-abwasser\\\/\",\"url\":\"https:\\\/\\\/www.novotek.com\\\/at\\\/industrie\\\/wasser-abwasser\\\/\",\"name\":\"Wasser &amp; Abwasser - Novotek Austria\",\"isPartOf\":{\"@id\":\"https:\\\/\\\/www.novotek.com\\\/at\\\/#website\"},\"primaryImageOfPage\":{\"@id\":\"https:\\\/\\\/www.novotek.com\\\/at\\\/industrie\\\/wasser-abwasser\\\/#primaryimage\"},\"image\":{\"@id\":\"https:\\\/\\\/www.novotek.com\\\/at\\\/industrie\\\/wasser-abwasser\\\/#primaryimage\"},\"thumbnailUrl\":\"https:\\\/\\\/www.novotek.com\\\/at\\\/wp-content\\\/uploads\\\/sites\\\/13\\\/Abwasser.jpg.webp\",\"datePublished\":\"2025-01-15T12:42:30+00:00\",\"dateModified\":\"2025-12-19T09:42:26+00:00\",\"description\":\"Machen Sie Ihre Wasser-\\\/Abwasseranlage noch effizienter und nachhaltiger mit fortschrittlichen Automatisierungs- und Softwaretechnologien.\",\"breadcrumb\":{\"@id\":\"https:\\\/\\\/www.novotek.com\\\/at\\\/industrie\\\/wasser-abwasser\\\/#breadcrumb\"},\"inLanguage\":\"de-CH\",\"potentialAction\":[{\"@type\":\"ReadAction\",\"target\":[\"https:\\\/\\\/www.novotek.com\\\/at\\\/industrie\\\/wasser-abwasser\\\/\"]}]},{\"@type\":\"ImageObject\",\"inLanguage\":\"de-CH\",\"@id\":\"https:\\\/\\\/www.novotek.com\\\/at\\\/industrie\\\/wasser-abwasser\\\/#primaryimage\",\"url\":\"https:\\\/\\\/www.novotek.com\\\/at\\\/wp-content\\\/uploads\\\/sites\\\/13\\\/Abwasser.jpg.webp\",\"contentUrl\":\"https:\\\/\\\/www.novotek.com\\\/at\\\/wp-content\\\/uploads\\\/sites\\\/13\\\/Abwasser.jpg.webp\",\"width\":1920,\"height\":910},{\"@type\":\"BreadcrumbList\",\"@id\":\"https:\\\/\\\/www.novotek.com\\\/at\\\/industrie\\\/wasser-abwasser\\\/#breadcrumb\",\"itemListElement\":[{\"@type\":\"ListItem\",\"position\":1,\"name\":\"Home\",\"item\":\"https:\\\/\\\/www.novotek.com\\\/at\\\/\"},{\"@type\":\"ListItem\",\"position\":2,\"name\":\"Industrie\",\"item\":\"https:\\\/\\\/www.novotek.com\\\/at\\\/industrie\\\/\"},{\"@type\":\"ListItem\",\"position\":3,\"name\":\"Wasser &amp; Abwasser\"}]},{\"@type\":\"WebSite\",\"@id\":\"https:\\\/\\\/www.novotek.com\\\/at\\\/#website\",\"url\":\"https:\\\/\\\/www.novotek.com\\\/at\\\/\",\"name\":\"Novotek Switzerland\",\"description\":\"Connect - Digitalize - Optimize\",\"potentialAction\":[{\"@type\":\"SearchAction\",\"target\":{\"@type\":\"EntryPoint\",\"urlTemplate\":\"https:\\\/\\\/www.novotek.com\\\/at\\\/?s={search_term_string}\"},\"query-input\":{\"@type\":\"PropertyValueSpecification\",\"valueRequired\":true,\"valueName\":\"search_term_string\"}}],\"inLanguage\":\"de-CH\"}]}<\/script>\n<!-- \/ Yoast SEO plugin. -->","yoast_head_json":{"title":"Wasser &amp; Abwasser - Novotek Austria","description":"Machen Sie Ihre Wasser-\/Abwasseranlage noch effizienter und nachhaltiger mit fortschrittlichen Automatisierungs- und Softwaretechnologien.","robots":{"index":"index","follow":"follow","max-snippet":"max-snippet:-1","max-image-preview":"max-image-preview:large","max-video-preview":"max-video-preview:-1"},"canonical":"https:\/\/www.novotek.com\/at\/industrie\/wasser-abwasser\/","og_locale":"de_DE","og_type":"article","og_title":"Wasser &amp; Abwasser - Novotek Austria","og_description":"Machen Sie Ihre Wasser-\/Abwasseranlage noch effizienter und nachhaltiger mit fortschrittlichen Automatisierungs- und Softwaretechnologien.","og_url":"https:\/\/www.novotek.com\/at\/industrie\/wasser-abwasser\/","og_site_name":"Novotek Austria","article_modified_time":"2025-12-19T09:42:26+00:00","og_image":[{"width":1920,"height":910,"url":"https:\/\/www.novotek.com\/at\/wp-content\/uploads\/sites\/13\/Abwasser.jpg.webp","type":"image\/jpeg"}],"twitter_card":"summary_large_image","twitter_misc":{"Gesch\u00e4tzte Lesezeit":"1\u00a0Minute"},"schema":{"@context":"https:\/\/schema.org","@graph":[{"@type":"WebPage","@id":"https:\/\/www.novotek.com\/at\/industrie\/wasser-abwasser\/","url":"https:\/\/www.novotek.com\/at\/industrie\/wasser-abwasser\/","name":"Wasser &amp; Abwasser - Novotek Austria","isPartOf":{"@id":"https:\/\/www.novotek.com\/at\/#website"},"primaryImageOfPage":{"@id":"https:\/\/www.novotek.com\/at\/industrie\/wasser-abwasser\/#primaryimage"},"image":{"@id":"https:\/\/www.novotek.com\/at\/industrie\/wasser-abwasser\/#primaryimage"},"thumbnailUrl":"https:\/\/www.novotek.com\/at\/wp-content\/uploads\/sites\/13\/Abwasser.jpg.webp","datePublished":"2025-01-15T12:42:30+00:00","dateModified":"2025-12-19T09:42:26+00:00","description":"Machen Sie Ihre Wasser-\/Abwasseranlage noch effizienter und nachhaltiger mit fortschrittlichen Automatisierungs- und Softwaretechnologien.","breadcrumb":{"@id":"https:\/\/www.novotek.com\/at\/industrie\/wasser-abwasser\/#breadcrumb"},"inLanguage":"de-CH","potentialAction":[{"@type":"ReadAction","target":["https:\/\/www.novotek.com\/at\/industrie\/wasser-abwasser\/"]}]},{"@type":"ImageObject","inLanguage":"de-CH","@id":"https:\/\/www.novotek.com\/at\/industrie\/wasser-abwasser\/#primaryimage","url":"https:\/\/www.novotek.com\/at\/wp-content\/uploads\/sites\/13\/Abwasser.jpg.webp","contentUrl":"https:\/\/www.novotek.com\/at\/wp-content\/uploads\/sites\/13\/Abwasser.jpg.webp","width":1920,"height":910},{"@type":"BreadcrumbList","@id":"https:\/\/www.novotek.com\/at\/industrie\/wasser-abwasser\/#breadcrumb","itemListElement":[{"@type":"ListItem","position":1,"name":"Home","item":"https:\/\/www.novotek.com\/at\/"},{"@type":"ListItem","position":2,"name":"Industrie","item":"https:\/\/www.novotek.com\/at\/industrie\/"},{"@type":"ListItem","position":3,"name":"Wasser &amp; Abwasser"}]},{"@type":"WebSite","@id":"https:\/\/www.novotek.com\/at\/#website","url":"https:\/\/www.novotek.com\/at\/","name":"Novotek Switzerland","description":"Connect - Digitalize - Optimize","potentialAction":[{"@type":"SearchAction","target":{"@type":"EntryPoint","urlTemplate":"https:\/\/www.novotek.com\/at\/?s={search_term_string}"},"query-input":{"@type":"PropertyValueSpecification","valueRequired":true,"valueName":"search_term_string"}}],"inLanguage":"de-CH"}]}},"_links":{"self":[{"href":"https:\/\/www.novotek.com\/at\/wp-json\/wp\/v2\/pages\/22287","targetHints":{"allow":["GET"]}}],"collection":[{"href":"https:\/\/www.novotek.com\/at\/wp-json\/wp\/v2\/pages"}],"about":[{"href":"https:\/\/www.novotek.com\/at\/wp-json\/wp\/v2\/types\/page"}],"author":[{"embeddable":true,"href":"https:\/\/www.novotek.com\/at\/wp-json\/wp\/v2\/users\/45"}],"replies":[{"embeddable":true,"href":"https:\/\/www.novotek.com\/at\/wp-json\/wp\/v2\/comments?post=22287"}],"version-history":[{"count":5,"href":"https:\/\/www.novotek.com\/at\/wp-json\/wp\/v2\/pages\/22287\/revisions"}],"predecessor-version":[{"id":27342,"href":"https:\/\/www.novotek.com\/at\/wp-json\/wp\/v2\/pages\/22287\/revisions\/27342"}],"up":[{"embeddable":true,"href":"https:\/\/www.novotek.com\/at\/wp-json\/wp\/v2\/pages\/177"}],"wp:featuredmedia":[{"embeddable":true,"href":"https:\/\/www.novotek.com\/at\/wp-json\/wp\/v2\/media\/22291"}],"wp:attachment":[{"href":"https:\/\/www.novotek.com\/at\/wp-json\/wp\/v2\/media?parent=22287"}],"curies":[{"name":"wp","href":"https:\/\/api.w.org\/{rel}","templated":true}]}}