{"id":22304,"date":"2025-01-15T13:11:23","date_gmt":"2025-01-15T13:11:23","guid":{"rendered":"https:\/\/www.novotek.com\/at\/?page_id=22304"},"modified":"2025-04-03T08:44:56","modified_gmt":"2025-04-03T08:44:56","slug":"bergbau-rohstoffe","status":"publish","type":"page","link":"https:\/\/www.novotek.com\/at\/industrie\/bergbau-rohstoffe\/","title":{"rendered":"Bergbau &amp; Rohstoffe"},"content":{"rendered":"  <div class=\"hero\">\n    <div class=\"carousel hero-slider small\" data-flickity data-flickity-options='{\"prevNextButtons\": false}'>\n              <div class=\"carousel-cell\">\n          <div class=\"container\">\n            <div class=\"hero-content\">\n                              <h1>Bergbau &amp; Rohstoffe<\/h1>\n<p>F\u00fcr den Bereich Bergbau &amp; Rohstoffe liefern wir Ihnen skalierbare L\u00f6sungen und verhelfen Ihnen im Zeitalter des Industrial Internet zum Durchbruch.<\/p>\n              \n                          <\/div>\n          <\/div>\n\n          <img decoding=\"async\" width=\"1024\" height=\"575\" src=\"https:\/\/www.novotek.com\/at\/wp-content\/uploads\/sites\/13\/Bergbau_Rohstoffe-1024x575.jpg.webp\" class=\"hero-bg\" alt=\"Hero Img\" fetchpriority=\"high\" srcset=\"https:\/\/www.novotek.com\/at\/wp-content\/uploads\/sites\/13\/Bergbau_Rohstoffe-1024x575.jpg.webp 1024w, https:\/\/www.novotek.com\/at\/wp-content\/uploads\/sites\/13\/Bergbau_Rohstoffe-300x168.jpg.webp 300w, https:\/\/www.novotek.com\/at\/wp-content\/uploads\/sites\/13\/Bergbau_Rohstoffe-768x431.jpg.webp 768w, https:\/\/www.novotek.com\/at\/wp-content\/uploads\/sites\/13\/Bergbau_Rohstoffe-1536x862.jpg.webp 1536w, https:\/\/www.novotek.com\/at\/wp-content\/uploads\/sites\/13\/Bergbau_Rohstoffe-86x48.jpg.webp 86w, https:\/\/www.novotek.com\/at\/wp-content\/uploads\/sites\/13\/Bergbau_Rohstoffe-306x172.jpg.webp 306w, https:\/\/www.novotek.com\/at\/wp-content\/uploads\/sites\/13\/Bergbau_Rohstoffe-636x357.jpg.webp 636w, https:\/\/www.novotek.com\/at\/wp-content\/uploads\/sites\/13\/Bergbau_Rohstoffe-1632x916.jpg.webp 1632w, https:\/\/www.novotek.com\/at\/wp-content\/uploads\/sites\/13\/Bergbau_Rohstoffe.jpg.webp 1920w\" sizes=\"(max-width: 1024px) 100vw, 1024px\" \/>                  <\/div>\n          <\/div>\n\n      <\/div>\n\n   \n\n\n<div class=\"container-md paragraph  \">\n<p>Die Verbindung Ihrer Maschinen, Daten und Menschen \u2013 mit einem noch nie dagewesenen Level an Informationsdarstellung und Produktionseinblick \u2013 war noch nie so einfach. Auch unter raueren Umgebungen helfen wir Ihnen schneller zu produzieren, bessere Qualit\u00e4t zu liefern und Ihre Kosten zu reduzieren.<\/p>\n<\/div>\n\n<div class=\"container-md paragraph  \">\n<p>In unserem Portfolio finden Sie ein breites Spektrum an Produkten und L\u00f6sungen von Einzelmaschinen bis zu werks\u00fcbergreifenden Vernetzungen.<\/p>\n<\/div>\n\n<div class=\"container-md spacer  \">\n<div style=\"height:50px\" aria-hidden=\"true\" class=\"wp-block-spacer\"><\/div>\n<\/div>\n\n<div class=\"posts-columns \">\n  <div class=\"container\">\n  <div class=\"row\">\n    <div class=\"col-12 col-md-4\">\n<article class=\"basic \">\n    <div class=\"image\">\n      <a href=\"https:\/\/www.novotek.com\/at\/dienstleistungen\/sbm-auf-maximale-bedienerfreundlichkeit-programmiert\/\">\n                  <img loading=\"lazy\" decoding=\"async\" width=\"500\" height=\"285\" src=\"https:\/\/www.novotek.com\/at\/wp-content\/uploads\/sites\/13\/Titelbild-SBM.jpg.webp\" class=\"attachment-post-thumbnail size-post-thumbnail wp-post-image\" alt=\"\" srcset=\"https:\/\/www.novotek.com\/at\/wp-content\/uploads\/sites\/13\/Titelbild-SBM.jpg.webp 500w, https:\/\/www.novotek.com\/at\/wp-content\/uploads\/sites\/13\/Titelbild-SBM-300x171.jpg.webp 300w, https:\/\/www.novotek.com\/at\/wp-content\/uploads\/sites\/13\/Titelbild-SBM-86x49.jpg.webp 86w, https:\/\/www.novotek.com\/at\/wp-content\/uploads\/sites\/13\/Titelbild-SBM-306x174.jpg.webp 306w\" sizes=\"auto, (max-width: 500px) 100vw, 500px\" \/>              <\/a>\n    <\/div>\n\n    <div>\n              <h4>SBM &#8211; Auf maximale Bedienerfreundlichkeit programmiert<\/h4>\n      \n              <p>Usability 2.0 supportet by Novotek Austria: Egal, ob Fahr-, Brech- oder R\u00fcstbetrieb &#8211; dank eines neuen, mit tatkr\u00e4ftiger Unterst\u00fctzung von Novotek Austria entwickelten Bedienkonzepts, l\u00e4sst sich die neue Maschinenserie der SBM Mineral Processing GmbH besonders leicht starten, stoppen und in ihrer gesamten Funktionsvielfalt nutzen.<\/p>\n      \n      <div>\n        <a href=\"https:\/\/www.novotek.com\/at\/dienstleistungen\/sbm-auf-maximale-bedienerfreundlichkeit-programmiert\/\">\n          Weiterlesen        <\/a>\n      <\/div>\n    <\/div>\n<\/article>\n<\/div><div class=\"col-12 col-md-4\">\n<article class=\"basic \">\n    <div class=\"image\">\n      <a href=\"https:\/\/www.novotek.com\/at\/dienstleistungen\/steka-kaiser-wie-schafft-man-eine-nachhaltigere-betonerzeugung\/\">\n                  <img loading=\"lazy\" decoding=\"async\" width=\"500\" height=\"375\" src=\"https:\/\/www.novotek.com\/at\/wp-content\/uploads\/sites\/13\/Titelbild-Steka.jpg.webp\" class=\"attachment-post-thumbnail size-post-thumbnail wp-post-image\" alt=\"\" srcset=\"https:\/\/www.novotek.com\/at\/wp-content\/uploads\/sites\/13\/Titelbild-Steka.jpg.webp 500w, https:\/\/www.novotek.com\/at\/wp-content\/uploads\/sites\/13\/Titelbild-Steka-300x225.jpg.webp 300w, https:\/\/www.novotek.com\/at\/wp-content\/uploads\/sites\/13\/Titelbild-Steka-86x65.jpg.webp 86w, https:\/\/www.novotek.com\/at\/wp-content\/uploads\/sites\/13\/Titelbild-Steka-306x230.jpg.webp 306w\" sizes=\"auto, (max-width: 500px) 100vw, 500px\" \/>              <\/a>\n    <\/div>\n\n    <div>\n              <h4>Steka \/ Kaiser &#8211; Wie schafft man eine &#171;Nachhaltigere Betonerzeugung&#187;?<\/h4>\n      \n              <p>Die Anlage dient der Entsorgung von frischem Restbeton und Auswaschwasser aus dem Betonwerk. \u00dcber eine gro\u00dfe Recyclingschnecke, in die der Restbeton geleitet wird, wird das Material ausgewaschen und der trockenere Teil hochgef\u00f6rdert.<\/p>\n      \n      <div>\n        <a href=\"https:\/\/www.novotek.com\/at\/dienstleistungen\/steka-kaiser-wie-schafft-man-eine-nachhaltigere-betonerzeugung\/\">\n          Weiterlesen        <\/a>\n      <\/div>\n    <\/div>\n<\/article>\n<\/div>  <\/div>\n\n  <\/div><\/div>\n\n\n<div class=\"container-md spacer  \">\n<div style=\"height:100px\" aria-hidden=\"true\" class=\"wp-block-spacer\"><\/div>\n<\/div>\n\n<div class=\"cta-block\">\n  <div class=\"container\">\n          <h2>Wir erz\u00e4hlen Ihnen gerne mehr!<\/h2>\n    \n          <div><p>Profitieren Sie von unserem Expertenwissen und holen Sie sich bei uns die Informationen<br \/>\nzur digitalen Transformation, der Automatisierung oder der industriellen IT.<\/p>\n<\/div>\n    \n          <a class=\"btn btn-primary\" href=\"https:\/\/www.novotek.com\/at\/kontakt\/\">Kontaktieren Sie uns<\/a>\n      <\/div>\n<\/div>\n","protected":false},"excerpt":{"rendered":"<p>F\u00fcr den Bereich Bergbau &amp; Rohstoffe liefern wir Ihnen skalierbare L\u00f6sungen und verhelfen Ihnen im Zeitalter des Industrial Internet zum Durchbruch.<\/p>\n","protected":false},"author":45,"featured_media":22308,"parent":177,"menu_order":4,"comment_status":"closed","ping_status":"closed","template":"","meta":{"_acf_changed":false,"_relevanssi_hide_post":"","_relevanssi_pin_for_all":"","_relevanssi_pin_keywords":"","_relevanssi_unpin_keywords":"","_relevanssi_related_keywords":"","_relevanssi_related_include_ids":"","_relevanssi_related_exclude_ids":"","_relevanssi_related_no_append":"","_relevanssi_related_not_related":"","_relevanssi_related_posts":"3200,3220,3208,3195,3216,3216","_relevanssi_noindex_reason":"","footnotes":""},"class_list":["post-22304","page","type-page","status-publish","has-post-thumbnail","hentry"],"acf":[],"yoast_head":"<!-- This site is optimized with the Yoast SEO plugin v27.4 - https:\/\/yoast.com\/product\/yoast-seo-wordpress\/ -->\n<title>Bergbau &amp; Rohstoffe - Novotek Austria<\/title>\n<meta name=\"description\" content=\"F\u00fcr den Bereich Bergbau &amp; Rohstoffe liefern wir skalierbare L\u00f6sungen und verhelfen Ihnen im Zeitalter des Industrial Internet zum Durchbruch.\" \/>\n<meta name=\"robots\" content=\"index, follow, max-snippet:-1, max-image-preview:large, max-video-preview:-1\" \/>\n<link rel=\"canonical\" href=\"https:\/\/www.novotek.com\/at\/industrie\/bergbau-rohstoffe\/\" \/>\n<meta property=\"og:locale\" content=\"de_DE\" \/>\n<meta property=\"og:type\" content=\"article\" \/>\n<meta property=\"og:title\" content=\"Bergbau &amp; Rohstoffe - Novotek Austria\" \/>\n<meta property=\"og:description\" content=\"F\u00fcr den Bereich Bergbau &amp; Rohstoffe liefern wir skalierbare L\u00f6sungen und verhelfen Ihnen im Zeitalter des Industrial Internet zum Durchbruch.\" \/>\n<meta property=\"og:url\" content=\"https:\/\/www.novotek.com\/at\/industrie\/bergbau-rohstoffe\/\" \/>\n<meta property=\"og:site_name\" content=\"Novotek Austria\" \/>\n<meta property=\"article:modified_time\" content=\"2025-04-03T08:44:56+00:00\" \/>\n<meta property=\"og:image\" content=\"https:\/\/www.novotek.com\/at\/wp-content\/uploads\/sites\/13\/Bergbau_Rohstoffe.jpg.webp\" \/>\n\t<meta property=\"og:image:width\" content=\"1920\" \/>\n\t<meta property=\"og:image:height\" content=\"1078\" \/>\n\t<meta property=\"og:image:type\" content=\"image\/jpeg\" \/>\n<meta name=\"twitter:card\" content=\"summary_large_image\" \/>\n<meta name=\"twitter:label1\" content=\"Gesch\u00e4tzte Lesezeit\" \/>\n\t<meta name=\"twitter:data1\" content=\"1\u00a0Minute\" \/>\n<script type=\"application\/ld+json\" class=\"yoast-schema-graph\">{\"@context\":\"https:\\\/\\\/schema.org\",\"@graph\":[{\"@type\":\"WebPage\",\"@id\":\"https:\\\/\\\/www.novotek.com\\\/at\\\/industrie\\\/bergbau-rohstoffe\\\/\",\"url\":\"https:\\\/\\\/www.novotek.com\\\/at\\\/industrie\\\/bergbau-rohstoffe\\\/\",\"name\":\"Bergbau &amp; Rohstoffe - Novotek Austria\",\"isPartOf\":{\"@id\":\"https:\\\/\\\/www.novotek.com\\\/at\\\/#website\"},\"primaryImageOfPage\":{\"@id\":\"https:\\\/\\\/www.novotek.com\\\/at\\\/industrie\\\/bergbau-rohstoffe\\\/#primaryimage\"},\"image\":{\"@id\":\"https:\\\/\\\/www.novotek.com\\\/at\\\/industrie\\\/bergbau-rohstoffe\\\/#primaryimage\"},\"thumbnailUrl\":\"https:\\\/\\\/www.novotek.com\\\/at\\\/wp-content\\\/uploads\\\/sites\\\/13\\\/Bergbau_Rohstoffe.jpg.webp\",\"datePublished\":\"2025-01-15T13:11:23+00:00\",\"dateModified\":\"2025-04-03T08:44:56+00:00\",\"description\":\"F\u00fcr den Bereich Bergbau & Rohstoffe liefern wir skalierbare L\u00f6sungen und verhelfen Ihnen im Zeitalter des Industrial Internet zum Durchbruch.\",\"breadcrumb\":{\"@id\":\"https:\\\/\\\/www.novotek.com\\\/at\\\/industrie\\\/bergbau-rohstoffe\\\/#breadcrumb\"},\"inLanguage\":\"de-CH\",\"potentialAction\":[{\"@type\":\"ReadAction\",\"target\":[\"https:\\\/\\\/www.novotek.com\\\/at\\\/industrie\\\/bergbau-rohstoffe\\\/\"]}]},{\"@type\":\"ImageObject\",\"inLanguage\":\"de-CH\",\"@id\":\"https:\\\/\\\/www.novotek.com\\\/at\\\/industrie\\\/bergbau-rohstoffe\\\/#primaryimage\",\"url\":\"https:\\\/\\\/www.novotek.com\\\/at\\\/wp-content\\\/uploads\\\/sites\\\/13\\\/Bergbau_Rohstoffe.jpg.webp\",\"contentUrl\":\"https:\\\/\\\/www.novotek.com\\\/at\\\/wp-content\\\/uploads\\\/sites\\\/13\\\/Bergbau_Rohstoffe.jpg.webp\",\"width\":1920,\"height\":1078},{\"@type\":\"BreadcrumbList\",\"@id\":\"https:\\\/\\\/www.novotek.com\\\/at\\\/industrie\\\/bergbau-rohstoffe\\\/#breadcrumb\",\"itemListElement\":[{\"@type\":\"ListItem\",\"position\":1,\"name\":\"Home\",\"item\":\"https:\\\/\\\/www.novotek.com\\\/at\\\/\"},{\"@type\":\"ListItem\",\"position\":2,\"name\":\"Industrie\",\"item\":\"https:\\\/\\\/www.novotek.com\\\/at\\\/industrie\\\/\"},{\"@type\":\"ListItem\",\"position\":3,\"name\":\"Bergbau &amp; Rohstoffe\"}]},{\"@type\":\"WebSite\",\"@id\":\"https:\\\/\\\/www.novotek.com\\\/at\\\/#website\",\"url\":\"https:\\\/\\\/www.novotek.com\\\/at\\\/\",\"name\":\"Novotek Switzerland\",\"description\":\"Connect - Digitalize - Optimize\",\"potentialAction\":[{\"@type\":\"SearchAction\",\"target\":{\"@type\":\"EntryPoint\",\"urlTemplate\":\"https:\\\/\\\/www.novotek.com\\\/at\\\/?s={search_term_string}\"},\"query-input\":{\"@type\":\"PropertyValueSpecification\",\"valueRequired\":true,\"valueName\":\"search_term_string\"}}],\"inLanguage\":\"de-CH\"}]}<\/script>\n<!-- \/ Yoast SEO plugin. -->","yoast_head_json":{"title":"Bergbau &amp; Rohstoffe - Novotek Austria","description":"F\u00fcr den Bereich Bergbau & Rohstoffe liefern wir skalierbare L\u00f6sungen und verhelfen Ihnen im Zeitalter des Industrial Internet zum Durchbruch.","robots":{"index":"index","follow":"follow","max-snippet":"max-snippet:-1","max-image-preview":"max-image-preview:large","max-video-preview":"max-video-preview:-1"},"canonical":"https:\/\/www.novotek.com\/at\/industrie\/bergbau-rohstoffe\/","og_locale":"de_DE","og_type":"article","og_title":"Bergbau &amp; Rohstoffe - Novotek Austria","og_description":"F\u00fcr den Bereich Bergbau & Rohstoffe liefern wir skalierbare L\u00f6sungen und verhelfen Ihnen im Zeitalter des Industrial Internet zum Durchbruch.","og_url":"https:\/\/www.novotek.com\/at\/industrie\/bergbau-rohstoffe\/","og_site_name":"Novotek Austria","article_modified_time":"2025-04-03T08:44:56+00:00","og_image":[{"width":1920,"height":1078,"url":"https:\/\/www.novotek.com\/at\/wp-content\/uploads\/sites\/13\/Bergbau_Rohstoffe.jpg.webp","type":"image\/jpeg"}],"twitter_card":"summary_large_image","twitter_misc":{"Gesch\u00e4tzte Lesezeit":"1\u00a0Minute"},"schema":{"@context":"https:\/\/schema.org","@graph":[{"@type":"WebPage","@id":"https:\/\/www.novotek.com\/at\/industrie\/bergbau-rohstoffe\/","url":"https:\/\/www.novotek.com\/at\/industrie\/bergbau-rohstoffe\/","name":"Bergbau &amp; Rohstoffe - Novotek Austria","isPartOf":{"@id":"https:\/\/www.novotek.com\/at\/#website"},"primaryImageOfPage":{"@id":"https:\/\/www.novotek.com\/at\/industrie\/bergbau-rohstoffe\/#primaryimage"},"image":{"@id":"https:\/\/www.novotek.com\/at\/industrie\/bergbau-rohstoffe\/#primaryimage"},"thumbnailUrl":"https:\/\/www.novotek.com\/at\/wp-content\/uploads\/sites\/13\/Bergbau_Rohstoffe.jpg.webp","datePublished":"2025-01-15T13:11:23+00:00","dateModified":"2025-04-03T08:44:56+00:00","description":"F\u00fcr den Bereich Bergbau & Rohstoffe liefern wir skalierbare L\u00f6sungen und verhelfen Ihnen im Zeitalter des Industrial Internet zum Durchbruch.","breadcrumb":{"@id":"https:\/\/www.novotek.com\/at\/industrie\/bergbau-rohstoffe\/#breadcrumb"},"inLanguage":"de-CH","potentialAction":[{"@type":"ReadAction","target":["https:\/\/www.novotek.com\/at\/industrie\/bergbau-rohstoffe\/"]}]},{"@type":"ImageObject","inLanguage":"de-CH","@id":"https:\/\/www.novotek.com\/at\/industrie\/bergbau-rohstoffe\/#primaryimage","url":"https:\/\/www.novotek.com\/at\/wp-content\/uploads\/sites\/13\/Bergbau_Rohstoffe.jpg.webp","contentUrl":"https:\/\/www.novotek.com\/at\/wp-content\/uploads\/sites\/13\/Bergbau_Rohstoffe.jpg.webp","width":1920,"height":1078},{"@type":"BreadcrumbList","@id":"https:\/\/www.novotek.com\/at\/industrie\/bergbau-rohstoffe\/#breadcrumb","itemListElement":[{"@type":"ListItem","position":1,"name":"Home","item":"https:\/\/www.novotek.com\/at\/"},{"@type":"ListItem","position":2,"name":"Industrie","item":"https:\/\/www.novotek.com\/at\/industrie\/"},{"@type":"ListItem","position":3,"name":"Bergbau &amp; Rohstoffe"}]},{"@type":"WebSite","@id":"https:\/\/www.novotek.com\/at\/#website","url":"https:\/\/www.novotek.com\/at\/","name":"Novotek Switzerland","description":"Connect - Digitalize - Optimize","potentialAction":[{"@type":"SearchAction","target":{"@type":"EntryPoint","urlTemplate":"https:\/\/www.novotek.com\/at\/?s={search_term_string}"},"query-input":{"@type":"PropertyValueSpecification","valueRequired":true,"valueName":"search_term_string"}}],"inLanguage":"de-CH"}]}},"_links":{"self":[{"href":"https:\/\/www.novotek.com\/at\/wp-json\/wp\/v2\/pages\/22304","targetHints":{"allow":["GET"]}}],"collection":[{"href":"https:\/\/www.novotek.com\/at\/wp-json\/wp\/v2\/pages"}],"about":[{"href":"https:\/\/www.novotek.com\/at\/wp-json\/wp\/v2\/types\/page"}],"author":[{"embeddable":true,"href":"https:\/\/www.novotek.com\/at\/wp-json\/wp\/v2\/users\/45"}],"replies":[{"embeddable":true,"href":"https:\/\/www.novotek.com\/at\/wp-json\/wp\/v2\/comments?post=22304"}],"version-history":[{"count":14,"href":"https:\/\/www.novotek.com\/at\/wp-json\/wp\/v2\/pages\/22304\/revisions"}],"predecessor-version":[{"id":23509,"href":"https:\/\/www.novotek.com\/at\/wp-json\/wp\/v2\/pages\/22304\/revisions\/23509"}],"up":[{"embeddable":true,"href":"https:\/\/www.novotek.com\/at\/wp-json\/wp\/v2\/pages\/177"}],"wp:featuredmedia":[{"embeddable":true,"href":"https:\/\/www.novotek.com\/at\/wp-json\/wp\/v2\/media\/22308"}],"wp:attachment":[{"href":"https:\/\/www.novotek.com\/at\/wp-json\/wp\/v2\/media?parent=22304"}],"curies":[{"name":"wp","href":"https:\/\/api.w.org\/{rel}","templated":true}]}}