{"id":22617,"date":"2025-01-21T08:18:46","date_gmt":"2025-01-21T08:18:46","guid":{"rendered":"https:\/\/www.novotek.com\/at\/?page_id=22617"},"modified":"2025-04-18T06:23:05","modified_gmt":"2025-04-18T06:23:05","slug":"jmobile","status":"publish","type":"page","link":"https:\/\/www.novotek.com\/at\/jmobile\/","title":{"rendered":"JMobile"},"content":{"rendered":"  <div class=\"hero\">\n    <div class=\"carousel hero-slider small\" data-flickity data-flickity-options='{\"prevNextButtons\": false}'>\n              <div class=\"carousel-cell\">\n          <div class=\"container\">\n            <div class=\"hero-content\">\n                              <h1>JMobile &#8211; Visualisierungs-<\/h1>\n<h1>software<\/h1>\n<p><span class=\"field-value \"><span class=\"field-entry detail-inhalt\">In nur einer leicht zu erlernenden Software deckt JMobile von Exor Konnektivit\u00e4t, Ger\u00e4temanagement, Prozessmanagement und Datenvisualisierung ab und ist dabei im Preis nicht zu \u00fcbertreffen!<\/span><\/span><\/p>\n              \n                          <\/div>\n          <\/div>\n\n          <img decoding=\"async\" width=\"1024\" height=\"427\" src=\"https:\/\/www.novotek.com\/at\/wp-content\/uploads\/sites\/13\/JMobile_header-04-1024x427.jpg\" class=\"hero-bg\" alt=\"Hero Img\" fetchpriority=\"high\" srcset=\"https:\/\/www.novotek.com\/at\/wp-content\/uploads\/sites\/13\/JMobile_header-04-1024x427.jpg 1024w, https:\/\/www.novotek.com\/at\/wp-content\/uploads\/sites\/13\/JMobile_header-04-300x125.jpg 300w, https:\/\/www.novotek.com\/at\/wp-content\/uploads\/sites\/13\/JMobile_header-04-768x320.jpg 768w, https:\/\/www.novotek.com\/at\/wp-content\/uploads\/sites\/13\/JMobile_header-04-1536x640.jpg 1536w, https:\/\/www.novotek.com\/at\/wp-content\/uploads\/sites\/13\/JMobile_header-04-86x36.jpg 86w, https:\/\/www.novotek.com\/at\/wp-content\/uploads\/sites\/13\/JMobile_header-04-306x128.jpg 306w, https:\/\/www.novotek.com\/at\/wp-content\/uploads\/sites\/13\/JMobile_header-04-636x265.jpg 636w, https:\/\/www.novotek.com\/at\/wp-content\/uploads\/sites\/13\/JMobile_header-04-1632x680.jpg 1632w, https:\/\/www.novotek.com\/at\/wp-content\/uploads\/sites\/13\/JMobile_header-04.jpg 1920w\" sizes=\"(max-width: 1024px) 100vw, 1024px\" \/>                  <\/div>\n          <\/div>\n\n      <\/div>\n\n   \n\n\n<div class=\"container-md spacer  \">\n<div style=\"height:20px\" aria-hidden=\"true\" class=\"wp-block-spacer\"><\/div>\n<\/div>\n\n<div class=\"container-md heading  \">\n<h2 class=\"wp-block-heading\">Leitprinzipien der Entwicklung<\/h2>\n<\/div>\n\n<div class=\"container-md paragraph  \">\n<p>JMobile wurde nach drei Prinzipien entwickelt und diese werden auch bei der weiteren Entwicklung ber\u00fccksichtigt:<\/p>\n<\/div>\n\n<div class=\"container-md list  \">\n<ul class=\"wp-block-list\"><div class=\"container-md list-item  \">\n<li>Offenheit f\u00fcr die wichtigsten Feldbus- und Kommunikationsprotokolle<\/li>\n<\/div>\n\n<div class=\"container-md list-item  \">\n<li>Nutzung offener und am Markt anerkannter Technologien wie HTML5, SVG, XML, \u2026<\/li>\n<\/div>\n\n<div class=\"container-md list-item  \">\n<li>Integration von ausgew\u00e4hlter, marktf\u00fchrender Software von Drittanbietern einfach und sicher<\/li>\n<\/div><\/ul>\n<\/div>\n\n<div class=\"container-md spacer  \">\n<div style=\"height:20px\" aria-hidden=\"true\" class=\"wp-block-spacer\"><\/div>\n<\/div>\n\n<div class=\"container-md heading  \">\n<h2 class=\"wp-block-heading\">\u00dcberblick<\/h2>\n<\/div>\n\n<div class=\"container-md paragraph  \">\n<p>JMobile erm\u00f6glicht die Kommunikation mit allen Steuerungen, E\/As, Sensoren und Motion-Ger\u00e4ten \u00fcber die wichtigsten Protokolle wie PROFINET, EtherCAT, POWERLINK, EtherNet\/IP, Modbus und vielen anderen. \u00dcber den hochrobusten OPC UA Standard (auch TSN) k\u00f6nnen die Daten nahtlos mit anderen Netzwerken oder h\u00f6heren Automatisierungsebenen geteilt werden.<\/p>\n<\/div>\n\n<div class=\"container-md image  \">\n<figure class=\"wp-block-image size-full\"><img loading=\"lazy\" decoding=\"async\" width=\"945\" height=\"702\" src=\"https:\/\/www.novotek.com\/at\/wp-content\/uploads\/sites\/13\/JMobile-Ueberblick.png\" alt=\"\" class=\"wp-image-22626\" srcset=\"https:\/\/www.novotek.com\/at\/wp-content\/uploads\/sites\/13\/JMobile-Ueberblick.png 945w, https:\/\/www.novotek.com\/at\/wp-content\/uploads\/sites\/13\/JMobile-Ueberblick-300x223.png 300w, https:\/\/www.novotek.com\/at\/wp-content\/uploads\/sites\/13\/JMobile-Ueberblick-768x571.png 768w, https:\/\/www.novotek.com\/at\/wp-content\/uploads\/sites\/13\/JMobile-Ueberblick-86x64.png 86w, https:\/\/www.novotek.com\/at\/wp-content\/uploads\/sites\/13\/JMobile-Ueberblick-306x227.png 306w, https:\/\/www.novotek.com\/at\/wp-content\/uploads\/sites\/13\/JMobile-Ueberblick-636x472.png 636w\" sizes=\"auto, (max-width: 945px) 100vw, 945px\" \/><\/figure>\n<\/div>\n\n<div class=\"container-md paragraph  \">\n<p>JMobile wurde in enger Zusammenarbeit mit Kunden entwickelt und wird auch kontinuierlich mit Partnern weiterentwickelt. Die einfache Implementierung und die Verwendung von \u00fcberzeugenden und modernen Grafikelementen, die in die umfangreiche Bibliothek integriert sind, erm\u00f6glichen eine schnelle und einzigartige Entwicklung von intuitiven Bediensystemen.<\/p>\n<\/div>\n\n<div class=\"container-md spacer  \">\n<div style=\"height:10px\" aria-hidden=\"true\" class=\"wp-block-spacer\"><\/div>\n<\/div>\n\n<div class=\"container-md heading  \">\n<h2 class=\"wp-block-heading\" id=\"h-eine-leistungsstarke-losung-mit-vielen-funktionen\">Highlights<\/h2>\n<\/div>\n\n<div class=\"container-md list  \">\n<ul class=\"wp-block-list\"><div class=\"container-md list-item  \">\n<li>Hohe Benutzerfreundlichkeit<\/li>\n<\/div>\n\n<div class=\"container-md list-item  \">\n<li>Modernste \u201eFlat\u201c-Widget-Galerie<\/li>\n<\/div>\n\n<div class=\"container-md list-item  \">\n<li>Datenbankverbindung integriert<\/li>\n<\/div>\n\n<div class=\"container-md list-item  \">\n<li>Vom Shopfloor bis zur Cloud\/Big Data<\/li>\n<\/div>\n\n<div class=\"container-md list-item  \">\n<li>SVG+HTML5 Interface<\/li>\n<\/div>\n\n<div class=\"container-md list-item  \">\n<li>Alarme mit dazugeh\u00f6riger Alarmierung<\/li>\n<\/div>\n\n<div class=\"container-md list-item  \">\n<li>Effizientes Scripting mit JavaScript<\/li>\n<\/div>\n\n<div class=\"container-md list-item  \">\n<li>Mehr als 200 integrierte Kommunikationsprotokolle zur Kommunikation mit jedem System<\/li>\n<\/div>\n\n<div class=\"container-md list-item  \">\n<li>Runtime f\u00fcr verschiedene Plattformen: Linux, Windows, \u2026<\/li>\n<\/div>\n\n<div class=\"container-md list-item  \">\n<li>Mehrsprachigkeit<\/li>\n<\/div>\n\n<div class=\"container-md list-item  \">\n<li>Benutzerverwaltung<\/li>\n<\/div>\n\n<div class=\"container-md list-item  \">\n<li>Reporting<\/li>\n<\/div>\n\n<div class=\"container-md list-item  \">\n<li>Audit Trail<\/li>\n<\/div>\n\n<div class=\"container-md list-item  \">\n<li>Zeitplaner<\/li>\n<\/div>\n\n<div class=\"container-md list-item  \">\n<li>SMS und E-Mail Versand<\/li>\n<\/div>\n\n<div class=\"container-md list-item  \">\n<li>Integrierte Konnektivit\u00e4t zu Cloudsystemen (MQTT)<\/li>\n<\/div>\n\n<div class=\"container-md list-item  \">\n<li>OPC UA Server und Client<\/li>\n<\/div>\n\n<div class=\"container-md list-item  \">\n<li>Kostenlose Fernzugriffsm\u00f6glichkeiten (Windows- und Linux-Clients)<\/li>\n<\/div><\/ul>\n<\/div>\n\n<div class=\"container-md spacer  \">\n<div style=\"height:25px\" aria-hidden=\"true\" class=\"wp-block-spacer\"><\/div>\n<\/div>\n\n<div class=\"container-md image  \">\n<figure class=\"wp-block-image size-full\"><img loading=\"lazy\" decoding=\"async\" width=\"700\" height=\"298\" src=\"https:\/\/www.novotek.com\/at\/wp-content\/uploads\/sites\/13\/JMobile-Highlights.png\" alt=\"\" class=\"wp-image-22629\" srcset=\"https:\/\/www.novotek.com\/at\/wp-content\/uploads\/sites\/13\/JMobile-Highlights.png 700w, https:\/\/www.novotek.com\/at\/wp-content\/uploads\/sites\/13\/JMobile-Highlights-300x128.png 300w, https:\/\/www.novotek.com\/at\/wp-content\/uploads\/sites\/13\/JMobile-Highlights-86x37.png 86w, https:\/\/www.novotek.com\/at\/wp-content\/uploads\/sites\/13\/JMobile-Highlights-306x130.png 306w, https:\/\/www.novotek.com\/at\/wp-content\/uploads\/sites\/13\/JMobile-Highlights-636x271.png 636w\" sizes=\"auto, (max-width: 700px) 100vw, 700px\" \/><\/figure>\n<\/div>\n\n<div class=\"container-md spacer  \">\n<div style=\"height:25px\" aria-hidden=\"true\" class=\"wp-block-spacer\"><\/div>\n<\/div>\n\n<div class=\"container-md heading  \">\n<h2 class=\"wp-block-heading\" id=\"h-eine-leistungsstarke-losung-mit-vielen-funktionen\">Neuerungen und Verbesserungen in Version 4.5 SP1<\/h2>\n<\/div>\n\n<div class=\"container-md list  \">\n<ul class=\"wp-block-list\"><div class=\"container-md list-item  \">\n<li>Vollst\u00e4ndig neu gestaltete Widget-Galerie mit Suchfunktion<\/li>\n<\/div>\n\n<div class=\"container-md list-item  \">\n<li>Neue Dashboard-Seiten f\u00fcr die einfache Entwicklung von Responsive-Design Anwendungen<\/li>\n<\/div>\n\n<div class=\"container-md list-item  \">\n<li>Native Unterst\u00fctzung f\u00fcr die Verbindung mit SQL-Datenbanken<\/li>\n<\/div>\n\n<div class=\"container-md list-item  \">\n<li>Projektverschl\u00fcsselung zum Schutz Ihres geistigen Eigentums<\/li>\n<\/div>\n\n<div class=\"container-md list-item  \">\n<li>Verbesserte Cyber Security (Signed Firmware, Signed Projects)<\/li>\n<\/div>\n\n<div class=\"container-md list-item  \">\n<li>\u201eStapel-Widget\u201c zur einfacheren Entwicklung bei \u00fcberlagerten Komponenten<\/li>\n<\/div>\n\n<div class=\"container-md list-item  \">\n<li>Register- und Symbolleisten-Widgets mit integrierter Gestensteuerung<\/li>\n<\/div>\n\n<div class=\"container-md list-item  \">\n<li>QR-Code Widget<\/li>\n<\/div>\n\n<div class=\"container-md list-item  \">\n<li>\u00dcberarbeitete Trend-Widgets mit integrierter Gestensteuerung und neuen Funktionen<\/li>\n<\/div>\n\n<div class=\"container-md list-item  \">\n<li>Neues Browser-Widget<\/li>\n<\/div>\n\n<div class=\"container-md list-item  \">\n<li>Webbasierte Online-Hilfe mit verbesserter Suchfunktion<\/li>\n<\/div>\n\n<div class=\"container-md list-item  \">\n<li>Verbessertes Handling von Rezepten<\/li>\n<\/div>\n\n<div class=\"container-md list-item  \">\n<li>Verbesserte Multilanguage-Funktion<\/li>\n<\/div>\n\n<div class=\"container-md list-item  \">\n<li>Neue Features wie RTSP-Widget und Codesys-Secure Protokoll<\/li>\n<\/div><\/ul>\n<\/div>\n\n<div class=\"container-md spacer  \">\n<div style=\"height:10px\" aria-hidden=\"true\" class=\"wp-block-spacer\"><\/div>\n<\/div>\n\n<div class=\"container-md heading  \">\n<h3 class=\"wp-block-heading\">N\u00e4here Informationen&nbsp;<\/h3>\n<\/div>\n\n<div class=\"container-md buttons  \">\n<div class=\"wp-block-buttons is-horizontal is-content-justification-center is-nowrap is-layout-flex wp-container-core-buttons-is-layout-fc65f29c wp-block-buttons-is-layout-flex\"><div class=\"container-md button  \">\n<div class=\"wp-block-button\"><a class=\"wp-block-button__link has-background wp-element-button\" href=\"https:\/\/www.exorint.com\/de\/produkte\/software\/jmobile\" style=\"background-color:#ab192d\" target=\"_blank\" rel=\"noreferrer noopener\">JMobile Exor<\/a><\/div>\n<\/div>\n\n<div class=\"container-md button  \">\n<div class=\"wp-block-button\"><a class=\"wp-block-button__link has-background wp-element-button\" href=\"https:\/\/www.novotek.com\/at\/wp-content\/uploads\/sites\/13\/exor-produktkatalog_22.pdf\" style=\"background-color:#ab192d\" target=\"_blank\" rel=\"noreferrer noopener\">Exor Produktkatalog<\/a><\/div>\n<\/div>\n\n<div class=\"container-md button  \">\n<div class=\"wp-block-button\"><a class=\"wp-block-button__link has-background wp-element-button\" href=\"https:\/\/www.novotek.com\/at\/wp-content\/uploads\/sites\/13\/JMobile-Studio-4.5-User-Manual.pdf\" style=\"background-color:#ab192d\" target=\"_blank\" rel=\"noreferrer noopener\">User Manual<\/a><\/div>\n<\/div>\n\n<div class=\"container-md button  \">\n<div class=\"wp-block-button\"><a class=\"wp-block-button__link has-background wp-element-button\" href=\"https:\/\/www.novotek.com\/at\/wp-content\/uploads\/sites\/13\/UserManual_JMobile_Protocols.pdf\" style=\"background-color:#ab192d\" target=\"_blank\" rel=\"noreferrer noopener\">Protokollliste<\/a><\/div>\n<\/div>\n\n<div class=\"container-md button  \">\n<div class=\"wp-block-button\"><a class=\"wp-block-button__link has-background wp-element-button\" href=\"https:\/\/www.exorint.com\/support\/jmobile-v45-video-features\" style=\"background-color:#ab192d\" target=\"_blank\" rel=\"noreferrer noopener\">Videos<\/a><\/div>\n<\/div><\/div>\n<\/div>\n\n<div class=\"container-md spacer  \">\n<div style=\"height:50px\" aria-hidden=\"true\" class=\"wp-block-spacer\"><\/div>\n<\/div>","protected":false},"excerpt":{"rendered":"<p>Leitprinzipien der Entwicklung JMobile wurde nach drei Prinzipien entwickelt und diese werden auch bei der weiteren Entwicklung ber\u00fccksichtigt: \u00dcberblick JMobile erm\u00f6glicht die Kommunikation mit allen Steuerungen, E\/As, Sensoren und Motion-Ger\u00e4ten \u00fcber die wichtigsten Protokolle wie PROFINET, EtherCAT, POWERLINK, EtherNet\/IP, Modbus und vielen anderen. \u00dcber den hochrobusten OPC UA Standard (auch TSN) k\u00f6nnen die Daten nahtlos [&hellip;]<\/p>\n","protected":false},"author":45,"featured_media":0,"parent":0,"menu_order":1,"comment_status":"closed","ping_status":"closed","template":"","meta":{"_acf_changed":false,"_relevanssi_hide_post":"","_relevanssi_pin_for_all":"","_relevanssi_pin_keywords":"","_relevanssi_unpin_keywords":"","_relevanssi_related_keywords":"","_relevanssi_related_include_ids":"","_relevanssi_related_exclude_ids":"","_relevanssi_related_no_append":"","_relevanssi_related_not_related":"","_relevanssi_related_posts":"6182,3220,6214,3195,3200,6233","_relevanssi_noindex_reason":"","footnotes":""},"class_list":["post-22617","page","type-page","status-publish","hentry"],"acf":[],"yoast_head":"<!-- This site is optimized with the Yoast SEO plugin v27.4 - https:\/\/yoast.com\/product\/yoast-seo-wordpress\/ -->\n<title>JMobile - Novotek Austria<\/title>\n<meta name=\"description\" content=\"In nur einer leicht zu erlernenden Software deckt JMobile von Exor Konnektivit\u00e4t, Ger\u00e4te. und Prozessmanagement sowie Datenvisualisierung ab.\" \/>\n<meta name=\"robots\" content=\"index, follow, max-snippet:-1, max-image-preview:large, max-video-preview:-1\" \/>\n<link rel=\"canonical\" href=\"https:\/\/www.novotek.com\/at\/jmobile\/\" \/>\n<meta property=\"og:locale\" content=\"de_DE\" \/>\n<meta property=\"og:type\" content=\"article\" \/>\n<meta property=\"og:title\" content=\"JMobile - Novotek Austria\" \/>\n<meta property=\"og:description\" content=\"In nur einer leicht zu erlernenden Software deckt JMobile von Exor Konnektivit\u00e4t, Ger\u00e4te. und Prozessmanagement sowie Datenvisualisierung ab.\" \/>\n<meta property=\"og:url\" content=\"https:\/\/www.novotek.com\/at\/jmobile\/\" \/>\n<meta property=\"og:site_name\" content=\"Novotek Austria\" \/>\n<meta property=\"article:modified_time\" content=\"2025-04-18T06:23:05+00:00\" \/>\n<meta property=\"og:image\" content=\"https:\/\/www.novotek.com\/at\/wp-content\/uploads\/sites\/13\/JMobile-Ueberblick.png\" \/>\n<meta name=\"twitter:card\" content=\"summary_large_image\" \/>\n<meta name=\"twitter:label1\" content=\"Gesch\u00e4tzte Lesezeit\" \/>\n\t<meta name=\"twitter:data1\" content=\"3\u00a0Minuten\" \/>\n<script type=\"application\/ld+json\" class=\"yoast-schema-graph\">{\"@context\":\"https:\\\/\\\/schema.org\",\"@graph\":[{\"@type\":\"WebPage\",\"@id\":\"https:\\\/\\\/www.novotek.com\\\/at\\\/jmobile\\\/\",\"url\":\"https:\\\/\\\/www.novotek.com\\\/at\\\/jmobile\\\/\",\"name\":\"JMobile - Novotek Austria\",\"isPartOf\":{\"@id\":\"https:\\\/\\\/www.novotek.com\\\/at\\\/#website\"},\"primaryImageOfPage\":{\"@id\":\"https:\\\/\\\/www.novotek.com\\\/at\\\/jmobile\\\/#primaryimage\"},\"image\":{\"@id\":\"https:\\\/\\\/www.novotek.com\\\/at\\\/jmobile\\\/#primaryimage\"},\"thumbnailUrl\":\"https:\\\/\\\/www.novotek.com\\\/at\\\/wp-content\\\/uploads\\\/sites\\\/13\\\/JMobile-Ueberblick.png\",\"datePublished\":\"2025-01-21T08:18:46+00:00\",\"dateModified\":\"2025-04-18T06:23:05+00:00\",\"description\":\"In nur einer leicht zu erlernenden Software deckt JMobile von Exor Konnektivit\u00e4t, Ger\u00e4te. und Prozessmanagement sowie Datenvisualisierung ab.\",\"breadcrumb\":{\"@id\":\"https:\\\/\\\/www.novotek.com\\\/at\\\/jmobile\\\/#breadcrumb\"},\"inLanguage\":\"de-CH\",\"potentialAction\":[{\"@type\":\"ReadAction\",\"target\":[\"https:\\\/\\\/www.novotek.com\\\/at\\\/jmobile\\\/\"]}]},{\"@type\":\"ImageObject\",\"inLanguage\":\"de-CH\",\"@id\":\"https:\\\/\\\/www.novotek.com\\\/at\\\/jmobile\\\/#primaryimage\",\"url\":\"https:\\\/\\\/www.novotek.com\\\/at\\\/wp-content\\\/uploads\\\/sites\\\/13\\\/JMobile-Ueberblick.png.webp\",\"contentUrl\":\"https:\\\/\\\/www.novotek.com\\\/at\\\/wp-content\\\/uploads\\\/sites\\\/13\\\/JMobile-Ueberblick.png.webp\",\"width\":945,\"height\":702},{\"@type\":\"BreadcrumbList\",\"@id\":\"https:\\\/\\\/www.novotek.com\\\/at\\\/jmobile\\\/#breadcrumb\",\"itemListElement\":[{\"@type\":\"ListItem\",\"position\":1,\"name\":\"Home\",\"item\":\"https:\\\/\\\/www.novotek.com\\\/at\\\/\"},{\"@type\":\"ListItem\",\"position\":2,\"name\":\"JMobile\"}]},{\"@type\":\"WebSite\",\"@id\":\"https:\\\/\\\/www.novotek.com\\\/at\\\/#website\",\"url\":\"https:\\\/\\\/www.novotek.com\\\/at\\\/\",\"name\":\"Novotek Switzerland\",\"description\":\"Connect - Digitalize - Optimize\",\"potentialAction\":[{\"@type\":\"SearchAction\",\"target\":{\"@type\":\"EntryPoint\",\"urlTemplate\":\"https:\\\/\\\/www.novotek.com\\\/at\\\/?s={search_term_string}\"},\"query-input\":{\"@type\":\"PropertyValueSpecification\",\"valueRequired\":true,\"valueName\":\"search_term_string\"}}],\"inLanguage\":\"de-CH\"}]}<\/script>\n<!-- \/ Yoast SEO plugin. -->","yoast_head_json":{"title":"JMobile - Novotek Austria","description":"In nur einer leicht zu erlernenden Software deckt JMobile von Exor Konnektivit\u00e4t, Ger\u00e4te. und Prozessmanagement sowie Datenvisualisierung ab.","robots":{"index":"index","follow":"follow","max-snippet":"max-snippet:-1","max-image-preview":"max-image-preview:large","max-video-preview":"max-video-preview:-1"},"canonical":"https:\/\/www.novotek.com\/at\/jmobile\/","og_locale":"de_DE","og_type":"article","og_title":"JMobile - Novotek Austria","og_description":"In nur einer leicht zu erlernenden Software deckt JMobile von Exor Konnektivit\u00e4t, Ger\u00e4te. und Prozessmanagement sowie Datenvisualisierung ab.","og_url":"https:\/\/www.novotek.com\/at\/jmobile\/","og_site_name":"Novotek Austria","article_modified_time":"2025-04-18T06:23:05+00:00","og_image":[{"url":"https:\/\/www.novotek.com\/at\/wp-content\/uploads\/sites\/13\/JMobile-Ueberblick.png","type":"","width":"","height":""}],"twitter_card":"summary_large_image","twitter_misc":{"Gesch\u00e4tzte Lesezeit":"3\u00a0Minuten"},"schema":{"@context":"https:\/\/schema.org","@graph":[{"@type":"WebPage","@id":"https:\/\/www.novotek.com\/at\/jmobile\/","url":"https:\/\/www.novotek.com\/at\/jmobile\/","name":"JMobile - Novotek Austria","isPartOf":{"@id":"https:\/\/www.novotek.com\/at\/#website"},"primaryImageOfPage":{"@id":"https:\/\/www.novotek.com\/at\/jmobile\/#primaryimage"},"image":{"@id":"https:\/\/www.novotek.com\/at\/jmobile\/#primaryimage"},"thumbnailUrl":"https:\/\/www.novotek.com\/at\/wp-content\/uploads\/sites\/13\/JMobile-Ueberblick.png","datePublished":"2025-01-21T08:18:46+00:00","dateModified":"2025-04-18T06:23:05+00:00","description":"In nur einer leicht zu erlernenden Software deckt JMobile von Exor Konnektivit\u00e4t, Ger\u00e4te. und Prozessmanagement sowie Datenvisualisierung ab.","breadcrumb":{"@id":"https:\/\/www.novotek.com\/at\/jmobile\/#breadcrumb"},"inLanguage":"de-CH","potentialAction":[{"@type":"ReadAction","target":["https:\/\/www.novotek.com\/at\/jmobile\/"]}]},{"@type":"ImageObject","inLanguage":"de-CH","@id":"https:\/\/www.novotek.com\/at\/jmobile\/#primaryimage","url":"https:\/\/www.novotek.com\/at\/wp-content\/uploads\/sites\/13\/JMobile-Ueberblick.png.webp","contentUrl":"https:\/\/www.novotek.com\/at\/wp-content\/uploads\/sites\/13\/JMobile-Ueberblick.png.webp","width":945,"height":702},{"@type":"BreadcrumbList","@id":"https:\/\/www.novotek.com\/at\/jmobile\/#breadcrumb","itemListElement":[{"@type":"ListItem","position":1,"name":"Home","item":"https:\/\/www.novotek.com\/at\/"},{"@type":"ListItem","position":2,"name":"JMobile"}]},{"@type":"WebSite","@id":"https:\/\/www.novotek.com\/at\/#website","url":"https:\/\/www.novotek.com\/at\/","name":"Novotek Switzerland","description":"Connect - Digitalize - Optimize","potentialAction":[{"@type":"SearchAction","target":{"@type":"EntryPoint","urlTemplate":"https:\/\/www.novotek.com\/at\/?s={search_term_string}"},"query-input":{"@type":"PropertyValueSpecification","valueRequired":true,"valueName":"search_term_string"}}],"inLanguage":"de-CH"}]}},"_links":{"self":[{"href":"https:\/\/www.novotek.com\/at\/wp-json\/wp\/v2\/pages\/22617","targetHints":{"allow":["GET"]}}],"collection":[{"href":"https:\/\/www.novotek.com\/at\/wp-json\/wp\/v2\/pages"}],"about":[{"href":"https:\/\/www.novotek.com\/at\/wp-json\/wp\/v2\/types\/page"}],"author":[{"embeddable":true,"href":"https:\/\/www.novotek.com\/at\/wp-json\/wp\/v2\/users\/45"}],"replies":[{"embeddable":true,"href":"https:\/\/www.novotek.com\/at\/wp-json\/wp\/v2\/comments?post=22617"}],"version-history":[{"count":15,"href":"https:\/\/www.novotek.com\/at\/wp-json\/wp\/v2\/pages\/22617\/revisions"}],"predecessor-version":[{"id":24994,"href":"https:\/\/www.novotek.com\/at\/wp-json\/wp\/v2\/pages\/22617\/revisions\/24994"}],"wp:attachment":[{"href":"https:\/\/www.novotek.com\/at\/wp-json\/wp\/v2\/media?parent=22617"}],"curies":[{"name":"wp","href":"https:\/\/api.w.org\/{rel}","templated":true}]}}