{"id":22770,"date":"2025-01-22T14:10:21","date_gmt":"2025-01-22T14:10:21","guid":{"rendered":"https:\/\/www.novotek.com\/at\/?page_id=22770"},"modified":"2025-08-18T12:15:17","modified_gmt":"2025-08-18T12:15:17","slug":"atm-goldwerte-maschinendigitalisierung","status":"publish","type":"page","link":"https:\/\/www.novotek.com\/at\/dienstleistungen\/atm-goldwerte-maschinendigitalisierung\/","title":{"rendered":"ATM &#8211; Goldwerte Maschinendigitalisierung"},"content":{"rendered":"<div class=\"container-md heading  \">\n<h2 class=\"wp-block-heading\">ATM &#8211; Goldwerte Maschinendigitalisierung<\/h2>\n<\/div>\n\n<div class=\"container-md paragraph  \">\n<p>Die Wiederaufbereitung von Metallschrott ist seit 80 Jahren das Gesch\u00e4ft der ATM Recyclingsystems GmbH. Um als steirischer mittelst\u00e4ndischer Maschinen- und Anlagenbauer unter den Top-3 am globalen Markt gelistet zu sein befand ATM sehr fr\u00fch, dass die Datengenerierung zur Digitalisierung ihrer bislang gut 2.000 weltweit verteilten Anlagen einen wahren nicht zu verschrottenden Goldschatz bedeutet. Eine Komplettl\u00f6sung von der Maschine\/Anlage bis zur Cloud mit KI-Vision war somit gefragt und im whitelabel IIoT-Portal TUGinsight gefunden. Kreiert wurde diese Out-of-the-box L\u00f6sung von der burgenl\u00e4ndischen Novotek Austria GmbH, die sie stetig mit Partnern weiterentwickelt \u2013 so auch mit ATM: K\u00fcnftig sollen die ATM-Maschinen- und Anlagenabl\u00e4ufe die Metallverschrottung \u00fcber machine learning-Methodik in KI-Prozessen umsetzen und damit den Platinstatus erlangen.<\/p>\n<\/div>\n\n<div class=\"container-md spacer  \">\n<div style=\"height:50px\" aria-hidden=\"true\" class=\"wp-block-spacer\"><\/div>\n<\/div>\n\n<div class=\"container-md file  \">\n<div data-wp-interactive=\"core\/file\" class=\"wp-block-file\"><object data-wp-bind--hidden=\"!state.hasPdfPreview\" hidden class=\"wp-block-file__embed\" data=\"https:\/\/www.novotek.com\/at\/wp-content\/uploads\/sites\/13\/ATM_AB_AT.pdf\" type=\"application\/pdf\" style=\"width:100%;height:600px\" aria-label=\"Einbettung von ATM_AB.\"><\/object><a id=\"wp-block-file--media-f3027896-d600-4e60-b187-7390bfa6b907\" href=\"https:\/\/www.novotek.com\/at\/wp-content\/uploads\/sites\/13\/ATM_AB_AT.pdf\">ATM_AB<\/a><a href=\"https:\/\/www.novotek.com\/at\/wp-content\/uploads\/sites\/13\/ATM_AB_AT.pdf\" class=\"wp-block-file__button wp-element-button\" download aria-describedby=\"wp-block-file--media-f3027896-d600-4e60-b187-7390bfa6b907\">Herunterladen<\/a><\/div>\n<\/div>\n\n<div class=\"container-md spacer  \">\n<div style=\"height:100px\" aria-hidden=\"true\" class=\"wp-block-spacer\"><\/div>\n<\/div>","protected":false},"excerpt":{"rendered":"<p>Eine Komplettl\u00f6sung von der Maschine\/Anlage bis zur Cloud mit KI-Vision war gefragt und im whitelabel IIoT-Portal TUGinsight gefunden.<\/p>\n","protected":false},"author":45,"featured_media":22746,"parent":8180,"menu_order":1,"comment_status":"closed","ping_status":"closed","template":"","meta":{"_acf_changed":false,"_relevanssi_hide_post":"","_relevanssi_pin_for_all":"","_relevanssi_pin_keywords":"","_relevanssi_unpin_keywords":"","_relevanssi_related_keywords":"","_relevanssi_related_include_ids":"","_relevanssi_related_exclude_ids":"","_relevanssi_related_no_append":"","_relevanssi_related_not_related":"","_relevanssi_related_posts":"3200,3220,3208,3195,3216,3216","_relevanssi_noindex_reason":"","footnotes":""},"class_list":["post-22770","page","type-page","status-publish","has-post-thumbnail","hentry"],"acf":[],"yoast_head":"<!-- This site is optimized with the Yoast SEO plugin v27.4 - https:\/\/yoast.com\/product\/yoast-seo-wordpress\/ -->\n<title>Pers\u00f6nliche Beratung und professionelles Engineering - Novotek<\/title>\n<meta name=\"description\" content=\"Ihr Erfolg ist unser Ziel. Bei der Gestaltung Ihrer Produktionsprozesse stehen Ihnen unsere Experten mit Beratung und Engineering zur Seite.\" \/>\n<meta name=\"robots\" content=\"index, follow, max-snippet:-1, max-image-preview:large, max-video-preview:-1\" \/>\n<link rel=\"canonical\" href=\"https:\/\/www.novotek.com\/at\/dienstleistungen\/atm-goldwerte-maschinendigitalisierung\/\" \/>\n<meta property=\"og:locale\" content=\"de_DE\" \/>\n<meta property=\"og:type\" content=\"article\" \/>\n<meta property=\"og:title\" content=\"Pers\u00f6nliche Beratung und professionelles Engineering - Novotek\" \/>\n<meta property=\"og:description\" content=\"Ihr Erfolg ist unser Ziel. Bei der Gestaltung Ihrer Produktionsprozesse stehen Ihnen unsere Experten mit Beratung und Engineering zur Seite.\" \/>\n<meta property=\"og:url\" content=\"https:\/\/www.novotek.com\/at\/dienstleistungen\/atm-goldwerte-maschinendigitalisierung\/\" \/>\n<meta property=\"og:site_name\" content=\"Novotek Austria\" \/>\n<meta property=\"article:modified_time\" content=\"2025-08-18T12:15:17+00:00\" \/>\n<meta property=\"og:image\" content=\"https:\/\/www.novotek.com\/at\/wp-content\/uploads\/sites\/13\/Titelbild-ATM-1-1.jpg\" \/>\n\t<meta property=\"og:image:width\" content=\"392\" \/>\n\t<meta property=\"og:image:height\" content=\"261\" \/>\n\t<meta property=\"og:image:type\" content=\"image\/jpeg\" \/>\n<meta name=\"twitter:card\" content=\"summary_large_image\" \/>\n<meta name=\"twitter:label1\" content=\"Gesch\u00e4tzte Lesezeit\" \/>\n\t<meta name=\"twitter:data1\" content=\"1\u00a0Minute\" \/>\n<script type=\"application\/ld+json\" class=\"yoast-schema-graph\">{\"@context\":\"https:\\\/\\\/schema.org\",\"@graph\":[{\"@type\":\"WebPage\",\"@id\":\"https:\\\/\\\/www.novotek.com\\\/at\\\/dienstleistungen\\\/atm-goldwerte-maschinendigitalisierung\\\/\",\"url\":\"https:\\\/\\\/www.novotek.com\\\/at\\\/dienstleistungen\\\/atm-goldwerte-maschinendigitalisierung\\\/\",\"name\":\"Pers\u00f6nliche Beratung und professionelles Engineering - Novotek\",\"isPartOf\":{\"@id\":\"https:\\\/\\\/www.novotek.com\\\/at\\\/#website\"},\"primaryImageOfPage\":{\"@id\":\"https:\\\/\\\/www.novotek.com\\\/at\\\/dienstleistungen\\\/atm-goldwerte-maschinendigitalisierung\\\/#primaryimage\"},\"image\":{\"@id\":\"https:\\\/\\\/www.novotek.com\\\/at\\\/dienstleistungen\\\/atm-goldwerte-maschinendigitalisierung\\\/#primaryimage\"},\"thumbnailUrl\":\"https:\\\/\\\/www.novotek.com\\\/at\\\/wp-content\\\/uploads\\\/sites\\\/13\\\/Titelbild-ATM-1-1.jpg\",\"datePublished\":\"2025-01-22T14:10:21+00:00\",\"dateModified\":\"2025-08-18T12:15:17+00:00\",\"description\":\"Ihr Erfolg ist unser Ziel. Bei der Gestaltung Ihrer Produktionsprozesse stehen Ihnen unsere Experten mit Beratung und Engineering zur Seite.\",\"breadcrumb\":{\"@id\":\"https:\\\/\\\/www.novotek.com\\\/at\\\/dienstleistungen\\\/atm-goldwerte-maschinendigitalisierung\\\/#breadcrumb\"},\"inLanguage\":\"de-CH\",\"potentialAction\":[{\"@type\":\"ReadAction\",\"target\":[\"https:\\\/\\\/www.novotek.com\\\/at\\\/dienstleistungen\\\/atm-goldwerte-maschinendigitalisierung\\\/\"]}]},{\"@type\":\"ImageObject\",\"inLanguage\":\"de-CH\",\"@id\":\"https:\\\/\\\/www.novotek.com\\\/at\\\/dienstleistungen\\\/atm-goldwerte-maschinendigitalisierung\\\/#primaryimage\",\"url\":\"https:\\\/\\\/www.novotek.com\\\/at\\\/wp-content\\\/uploads\\\/sites\\\/13\\\/Titelbild-ATM-1-1.jpg\",\"contentUrl\":\"https:\\\/\\\/www.novotek.com\\\/at\\\/wp-content\\\/uploads\\\/sites\\\/13\\\/Titelbild-ATM-1-1.jpg\",\"width\":392,\"height\":261},{\"@type\":\"BreadcrumbList\",\"@id\":\"https:\\\/\\\/www.novotek.com\\\/at\\\/dienstleistungen\\\/atm-goldwerte-maschinendigitalisierung\\\/#breadcrumb\",\"itemListElement\":[{\"@type\":\"ListItem\",\"position\":1,\"name\":\"Home\",\"item\":\"https:\\\/\\\/www.novotek.com\\\/at\\\/\"},{\"@type\":\"ListItem\",\"position\":2,\"name\":\"Dienstleistungen\",\"item\":\"https:\\\/\\\/www.novotek.com\\\/at\\\/dienstleistungen\\\/\"},{\"@type\":\"ListItem\",\"position\":3,\"name\":\"ATM &#8211; Goldwerte Maschinendigitalisierung\"}]},{\"@type\":\"WebSite\",\"@id\":\"https:\\\/\\\/www.novotek.com\\\/at\\\/#website\",\"url\":\"https:\\\/\\\/www.novotek.com\\\/at\\\/\",\"name\":\"Novotek Switzerland\",\"description\":\"Connect - Digitalize - Optimize\",\"potentialAction\":[{\"@type\":\"SearchAction\",\"target\":{\"@type\":\"EntryPoint\",\"urlTemplate\":\"https:\\\/\\\/www.novotek.com\\\/at\\\/?s={search_term_string}\"},\"query-input\":{\"@type\":\"PropertyValueSpecification\",\"valueRequired\":true,\"valueName\":\"search_term_string\"}}],\"inLanguage\":\"de-CH\"}]}<\/script>\n<!-- \/ Yoast SEO plugin. -->","yoast_head_json":{"title":"Pers\u00f6nliche Beratung und professionelles Engineering - Novotek","description":"Ihr Erfolg ist unser Ziel. Bei der Gestaltung Ihrer Produktionsprozesse stehen Ihnen unsere Experten mit Beratung und Engineering zur Seite.","robots":{"index":"index","follow":"follow","max-snippet":"max-snippet:-1","max-image-preview":"max-image-preview:large","max-video-preview":"max-video-preview:-1"},"canonical":"https:\/\/www.novotek.com\/at\/dienstleistungen\/atm-goldwerte-maschinendigitalisierung\/","og_locale":"de_DE","og_type":"article","og_title":"Pers\u00f6nliche Beratung und professionelles Engineering - Novotek","og_description":"Ihr Erfolg ist unser Ziel. Bei der Gestaltung Ihrer Produktionsprozesse stehen Ihnen unsere Experten mit Beratung und Engineering zur Seite.","og_url":"https:\/\/www.novotek.com\/at\/dienstleistungen\/atm-goldwerte-maschinendigitalisierung\/","og_site_name":"Novotek Austria","article_modified_time":"2025-08-18T12:15:17+00:00","og_image":[{"width":392,"height":261,"url":"https:\/\/www.novotek.com\/at\/wp-content\/uploads\/sites\/13\/Titelbild-ATM-1-1.jpg","type":"image\/jpeg"}],"twitter_card":"summary_large_image","twitter_misc":{"Gesch\u00e4tzte Lesezeit":"1\u00a0Minute"},"schema":{"@context":"https:\/\/schema.org","@graph":[{"@type":"WebPage","@id":"https:\/\/www.novotek.com\/at\/dienstleistungen\/atm-goldwerte-maschinendigitalisierung\/","url":"https:\/\/www.novotek.com\/at\/dienstleistungen\/atm-goldwerte-maschinendigitalisierung\/","name":"Pers\u00f6nliche Beratung und professionelles Engineering - Novotek","isPartOf":{"@id":"https:\/\/www.novotek.com\/at\/#website"},"primaryImageOfPage":{"@id":"https:\/\/www.novotek.com\/at\/dienstleistungen\/atm-goldwerte-maschinendigitalisierung\/#primaryimage"},"image":{"@id":"https:\/\/www.novotek.com\/at\/dienstleistungen\/atm-goldwerte-maschinendigitalisierung\/#primaryimage"},"thumbnailUrl":"https:\/\/www.novotek.com\/at\/wp-content\/uploads\/sites\/13\/Titelbild-ATM-1-1.jpg","datePublished":"2025-01-22T14:10:21+00:00","dateModified":"2025-08-18T12:15:17+00:00","description":"Ihr Erfolg ist unser Ziel. Bei der Gestaltung Ihrer Produktionsprozesse stehen Ihnen unsere Experten mit Beratung und Engineering zur Seite.","breadcrumb":{"@id":"https:\/\/www.novotek.com\/at\/dienstleistungen\/atm-goldwerte-maschinendigitalisierung\/#breadcrumb"},"inLanguage":"de-CH","potentialAction":[{"@type":"ReadAction","target":["https:\/\/www.novotek.com\/at\/dienstleistungen\/atm-goldwerte-maschinendigitalisierung\/"]}]},{"@type":"ImageObject","inLanguage":"de-CH","@id":"https:\/\/www.novotek.com\/at\/dienstleistungen\/atm-goldwerte-maschinendigitalisierung\/#primaryimage","url":"https:\/\/www.novotek.com\/at\/wp-content\/uploads\/sites\/13\/Titelbild-ATM-1-1.jpg","contentUrl":"https:\/\/www.novotek.com\/at\/wp-content\/uploads\/sites\/13\/Titelbild-ATM-1-1.jpg","width":392,"height":261},{"@type":"BreadcrumbList","@id":"https:\/\/www.novotek.com\/at\/dienstleistungen\/atm-goldwerte-maschinendigitalisierung\/#breadcrumb","itemListElement":[{"@type":"ListItem","position":1,"name":"Home","item":"https:\/\/www.novotek.com\/at\/"},{"@type":"ListItem","position":2,"name":"Dienstleistungen","item":"https:\/\/www.novotek.com\/at\/dienstleistungen\/"},{"@type":"ListItem","position":3,"name":"ATM &#8211; Goldwerte Maschinendigitalisierung"}]},{"@type":"WebSite","@id":"https:\/\/www.novotek.com\/at\/#website","url":"https:\/\/www.novotek.com\/at\/","name":"Novotek Switzerland","description":"Connect - Digitalize - Optimize","potentialAction":[{"@type":"SearchAction","target":{"@type":"EntryPoint","urlTemplate":"https:\/\/www.novotek.com\/at\/?s={search_term_string}"},"query-input":{"@type":"PropertyValueSpecification","valueRequired":true,"valueName":"search_term_string"}}],"inLanguage":"de-CH"}]}},"_links":{"self":[{"href":"https:\/\/www.novotek.com\/at\/wp-json\/wp\/v2\/pages\/22770","targetHints":{"allow":["GET"]}}],"collection":[{"href":"https:\/\/www.novotek.com\/at\/wp-json\/wp\/v2\/pages"}],"about":[{"href":"https:\/\/www.novotek.com\/at\/wp-json\/wp\/v2\/types\/page"}],"author":[{"embeddable":true,"href":"https:\/\/www.novotek.com\/at\/wp-json\/wp\/v2\/users\/45"}],"replies":[{"embeddable":true,"href":"https:\/\/www.novotek.com\/at\/wp-json\/wp\/v2\/comments?post=22770"}],"version-history":[{"count":4,"href":"https:\/\/www.novotek.com\/at\/wp-json\/wp\/v2\/pages\/22770\/revisions"}],"predecessor-version":[{"id":25808,"href":"https:\/\/www.novotek.com\/at\/wp-json\/wp\/v2\/pages\/22770\/revisions\/25808"}],"up":[{"embeddable":true,"href":"https:\/\/www.novotek.com\/at\/wp-json\/wp\/v2\/pages\/8180"}],"wp:featuredmedia":[{"embeddable":true,"href":"https:\/\/www.novotek.com\/at\/wp-json\/wp\/v2\/media\/22746"}],"wp:attachment":[{"href":"https:\/\/www.novotek.com\/at\/wp-json\/wp\/v2\/media?parent=22770"}],"curies":[{"name":"wp","href":"https:\/\/api.w.org\/{rel}","templated":true}]}}