{"id":22783,"date":"2025-01-22T14:15:59","date_gmt":"2025-01-22T14:15:59","guid":{"rendered":"https:\/\/www.novotek.com\/at\/?page_id=22783"},"modified":"2025-08-18T12:27:52","modified_gmt":"2025-08-18T12:27:52","slug":"erema-security-by-design-im-recyclingprozess","status":"publish","type":"page","link":"https:\/\/www.novotek.com\/at\/dienstleistungen\/erema-security-by-design-im-recyclingprozess\/","title":{"rendered":"EREMA &#8211; Security by Design im Recyclingprozess"},"content":{"rendered":"<div class=\"container-md heading  \">\n<h2 class=\"wp-block-heading\">EREMA &#8211; Security by Design im Recyclingprozess<\/h2>\n<\/div>\n\n<div class=\"container-md paragraph  \">\n<p>Gezielter Schutz vor Cyberangriffen: Die Themen Nachhaltigkeit und Sicherheit fordern die Produktionswelt t\u00e4glich aufs Neue. Demgem\u00e4\u00df hat sich das ober\u00f6sterreichische Unternehmen Erema seit seiner Gr\u00fcndung mit beeindruckenden Maschinen f\u00fcr das Kunststoffrecycling zum Weltmarktf\u00fchrer entwickelt. Ihrem Motto entsprechend \u201eWe close the loop!\u201c strebt Erema stets danach, den neuesten technologischen Entwicklungen einige Schritte voraus zu sein. So auch, wenn es um das Security by Design seiner Kunststoffrecyclingmaschinen geht. Auf ihrer dazu noch lange nicht endenden Cybersecurity-Route steht Erema die TG alpha GmbH, ein Tochterunternehmen von Novotek Austria, zukunftsorientiert zur Seite.<\/p>\n<\/div>\n\n<div class=\"container-md spacer  \">\n<div style=\"height:50px\" aria-hidden=\"true\" class=\"wp-block-spacer\"><\/div>\n<\/div>\n\n<div class=\"container-md file  \">\n<div data-wp-interactive=\"core\/file\" class=\"wp-block-file\"><object data-wp-bind--hidden=\"!state.hasPdfPreview\" hidden class=\"wp-block-file__embed\" data=\"https:\/\/www.novotek.com\/at\/wp-content\/uploads\/sites\/13\/EREMA_AB_AT2.pdf\" type=\"application\/pdf\" style=\"width:100%;height:600px\" aria-label=\"Einbettung von EREMA_AB_AT2.\"><\/object><a id=\"wp-block-file--media-26ceeb02-70a3-4ad5-8135-6e1d92c4300f\" href=\"https:\/\/www.novotek.com\/at\/wp-content\/uploads\/sites\/13\/EREMA_AB_AT2.pdf\">EREMA_AB_AT2<\/a><a href=\"https:\/\/www.novotek.com\/at\/wp-content\/uploads\/sites\/13\/EREMA_AB_AT2.pdf\" class=\"wp-block-file__button wp-element-button\" download aria-describedby=\"wp-block-file--media-26ceeb02-70a3-4ad5-8135-6e1d92c4300f\">Herunterladen<\/a><\/div>\n<\/div>\n\n<div class=\"container-md spacer  \">\n<div style=\"height:100px\" aria-hidden=\"true\" class=\"wp-block-spacer\"><\/div>\n<\/div>","protected":false},"excerpt":{"rendered":"<p>Gezielter Schutz vor Cyberangriffen: Die Themen Nachhaltigkeit und Sicherheit fordern die Produktionswelt t\u00e4glich aufs Neue. <\/p>\n","protected":false},"author":45,"featured_media":22751,"parent":8180,"menu_order":1,"comment_status":"closed","ping_status":"closed","template":"","meta":{"_acf_changed":false,"_relevanssi_hide_post":"","_relevanssi_pin_for_all":"","_relevanssi_pin_keywords":"","_relevanssi_unpin_keywords":"","_relevanssi_related_keywords":"","_relevanssi_related_include_ids":"","_relevanssi_related_exclude_ids":"","_relevanssi_related_no_append":"","_relevanssi_related_not_related":"","_relevanssi_related_posts":"3200,3220,3208,3195,3216,3216","_relevanssi_noindex_reason":"","footnotes":""},"class_list":["post-22783","page","type-page","status-publish","has-post-thumbnail","hentry"],"acf":[],"yoast_head":"<!-- This site is optimized with the Yoast SEO plugin v27.4 - https:\/\/yoast.com\/product\/yoast-seo-wordpress\/ -->\n<title>Pers\u00f6nliche Beratung und professionelles Engineering - Novotek<\/title>\n<meta name=\"description\" content=\"Ihr Erfolg ist unser Ziel. Bei der Gestaltung Ihrer Produktionsprozesse stehen Ihnen unsere Experten mit Beratung und Engineering zur Seite.\" \/>\n<meta name=\"robots\" content=\"index, follow, max-snippet:-1, max-image-preview:large, max-video-preview:-1\" \/>\n<link rel=\"canonical\" href=\"https:\/\/www.novotek.com\/at\/dienstleistungen\/erema-security-by-design-im-recyclingprozess\/\" \/>\n<meta property=\"og:locale\" content=\"de_DE\" \/>\n<meta property=\"og:type\" content=\"article\" \/>\n<meta property=\"og:title\" content=\"Pers\u00f6nliche Beratung und professionelles Engineering - Novotek\" \/>\n<meta property=\"og:description\" content=\"Ihr Erfolg ist unser Ziel. Bei der Gestaltung Ihrer Produktionsprozesse stehen Ihnen unsere Experten mit Beratung und Engineering zur Seite.\" \/>\n<meta property=\"og:url\" content=\"https:\/\/www.novotek.com\/at\/dienstleistungen\/erema-security-by-design-im-recyclingprozess\/\" \/>\n<meta property=\"og:site_name\" content=\"Novotek Austria\" \/>\n<meta property=\"article:modified_time\" content=\"2025-08-18T12:27:52+00:00\" \/>\n<meta property=\"og:image\" content=\"https:\/\/www.novotek.com\/at\/wp-content\/uploads\/sites\/13\/Titelbild-EREMA.jpg\" \/>\n\t<meta property=\"og:image:width\" content=\"392\" \/>\n\t<meta property=\"og:image:height\" content=\"220\" \/>\n\t<meta property=\"og:image:type\" content=\"image\/jpeg\" \/>\n<meta name=\"twitter:card\" content=\"summary_large_image\" \/>\n<meta name=\"twitter:label1\" content=\"Gesch\u00e4tzte Lesezeit\" \/>\n\t<meta name=\"twitter:data1\" content=\"1\u00a0Minute\" \/>\n<script type=\"application\/ld+json\" class=\"yoast-schema-graph\">{\"@context\":\"https:\\\/\\\/schema.org\",\"@graph\":[{\"@type\":\"WebPage\",\"@id\":\"https:\\\/\\\/www.novotek.com\\\/at\\\/dienstleistungen\\\/erema-security-by-design-im-recyclingprozess\\\/\",\"url\":\"https:\\\/\\\/www.novotek.com\\\/at\\\/dienstleistungen\\\/erema-security-by-design-im-recyclingprozess\\\/\",\"name\":\"Pers\u00f6nliche Beratung und professionelles Engineering - Novotek\",\"isPartOf\":{\"@id\":\"https:\\\/\\\/www.novotek.com\\\/at\\\/#website\"},\"primaryImageOfPage\":{\"@id\":\"https:\\\/\\\/www.novotek.com\\\/at\\\/dienstleistungen\\\/erema-security-by-design-im-recyclingprozess\\\/#primaryimage\"},\"image\":{\"@id\":\"https:\\\/\\\/www.novotek.com\\\/at\\\/dienstleistungen\\\/erema-security-by-design-im-recyclingprozess\\\/#primaryimage\"},\"thumbnailUrl\":\"https:\\\/\\\/www.novotek.com\\\/at\\\/wp-content\\\/uploads\\\/sites\\\/13\\\/Titelbild-EREMA.jpg\",\"datePublished\":\"2025-01-22T14:15:59+00:00\",\"dateModified\":\"2025-08-18T12:27:52+00:00\",\"description\":\"Ihr Erfolg ist unser Ziel. Bei der Gestaltung Ihrer Produktionsprozesse stehen Ihnen unsere Experten mit Beratung und Engineering zur Seite.\",\"breadcrumb\":{\"@id\":\"https:\\\/\\\/www.novotek.com\\\/at\\\/dienstleistungen\\\/erema-security-by-design-im-recyclingprozess\\\/#breadcrumb\"},\"inLanguage\":\"de-CH\",\"potentialAction\":[{\"@type\":\"ReadAction\",\"target\":[\"https:\\\/\\\/www.novotek.com\\\/at\\\/dienstleistungen\\\/erema-security-by-design-im-recyclingprozess\\\/\"]}]},{\"@type\":\"ImageObject\",\"inLanguage\":\"de-CH\",\"@id\":\"https:\\\/\\\/www.novotek.com\\\/at\\\/dienstleistungen\\\/erema-security-by-design-im-recyclingprozess\\\/#primaryimage\",\"url\":\"https:\\\/\\\/www.novotek.com\\\/at\\\/wp-content\\\/uploads\\\/sites\\\/13\\\/Titelbild-EREMA.jpg\",\"contentUrl\":\"https:\\\/\\\/www.novotek.com\\\/at\\\/wp-content\\\/uploads\\\/sites\\\/13\\\/Titelbild-EREMA.jpg\",\"width\":392,\"height\":220},{\"@type\":\"BreadcrumbList\",\"@id\":\"https:\\\/\\\/www.novotek.com\\\/at\\\/dienstleistungen\\\/erema-security-by-design-im-recyclingprozess\\\/#breadcrumb\",\"itemListElement\":[{\"@type\":\"ListItem\",\"position\":1,\"name\":\"Home\",\"item\":\"https:\\\/\\\/www.novotek.com\\\/at\\\/\"},{\"@type\":\"ListItem\",\"position\":2,\"name\":\"Dienstleistungen\",\"item\":\"https:\\\/\\\/www.novotek.com\\\/at\\\/dienstleistungen\\\/\"},{\"@type\":\"ListItem\",\"position\":3,\"name\":\"EREMA &#8211; Security by Design im Recyclingprozess\"}]},{\"@type\":\"WebSite\",\"@id\":\"https:\\\/\\\/www.novotek.com\\\/at\\\/#website\",\"url\":\"https:\\\/\\\/www.novotek.com\\\/at\\\/\",\"name\":\"Novotek Switzerland\",\"description\":\"Connect - Digitalize - Optimize\",\"potentialAction\":[{\"@type\":\"SearchAction\",\"target\":{\"@type\":\"EntryPoint\",\"urlTemplate\":\"https:\\\/\\\/www.novotek.com\\\/at\\\/?s={search_term_string}\"},\"query-input\":{\"@type\":\"PropertyValueSpecification\",\"valueRequired\":true,\"valueName\":\"search_term_string\"}}],\"inLanguage\":\"de-CH\"}]}<\/script>\n<!-- \/ Yoast SEO plugin. -->","yoast_head_json":{"title":"Pers\u00f6nliche Beratung und professionelles Engineering - Novotek","description":"Ihr Erfolg ist unser Ziel. Bei der Gestaltung Ihrer Produktionsprozesse stehen Ihnen unsere Experten mit Beratung und Engineering zur Seite.","robots":{"index":"index","follow":"follow","max-snippet":"max-snippet:-1","max-image-preview":"max-image-preview:large","max-video-preview":"max-video-preview:-1"},"canonical":"https:\/\/www.novotek.com\/at\/dienstleistungen\/erema-security-by-design-im-recyclingprozess\/","og_locale":"de_DE","og_type":"article","og_title":"Pers\u00f6nliche Beratung und professionelles Engineering - Novotek","og_description":"Ihr Erfolg ist unser Ziel. Bei der Gestaltung Ihrer Produktionsprozesse stehen Ihnen unsere Experten mit Beratung und Engineering zur Seite.","og_url":"https:\/\/www.novotek.com\/at\/dienstleistungen\/erema-security-by-design-im-recyclingprozess\/","og_site_name":"Novotek Austria","article_modified_time":"2025-08-18T12:27:52+00:00","og_image":[{"width":392,"height":220,"url":"https:\/\/www.novotek.com\/at\/wp-content\/uploads\/sites\/13\/Titelbild-EREMA.jpg","type":"image\/jpeg"}],"twitter_card":"summary_large_image","twitter_misc":{"Gesch\u00e4tzte Lesezeit":"1\u00a0Minute"},"schema":{"@context":"https:\/\/schema.org","@graph":[{"@type":"WebPage","@id":"https:\/\/www.novotek.com\/at\/dienstleistungen\/erema-security-by-design-im-recyclingprozess\/","url":"https:\/\/www.novotek.com\/at\/dienstleistungen\/erema-security-by-design-im-recyclingprozess\/","name":"Pers\u00f6nliche Beratung und professionelles Engineering - Novotek","isPartOf":{"@id":"https:\/\/www.novotek.com\/at\/#website"},"primaryImageOfPage":{"@id":"https:\/\/www.novotek.com\/at\/dienstleistungen\/erema-security-by-design-im-recyclingprozess\/#primaryimage"},"image":{"@id":"https:\/\/www.novotek.com\/at\/dienstleistungen\/erema-security-by-design-im-recyclingprozess\/#primaryimage"},"thumbnailUrl":"https:\/\/www.novotek.com\/at\/wp-content\/uploads\/sites\/13\/Titelbild-EREMA.jpg","datePublished":"2025-01-22T14:15:59+00:00","dateModified":"2025-08-18T12:27:52+00:00","description":"Ihr Erfolg ist unser Ziel. Bei der Gestaltung Ihrer Produktionsprozesse stehen Ihnen unsere Experten mit Beratung und Engineering zur Seite.","breadcrumb":{"@id":"https:\/\/www.novotek.com\/at\/dienstleistungen\/erema-security-by-design-im-recyclingprozess\/#breadcrumb"},"inLanguage":"de-CH","potentialAction":[{"@type":"ReadAction","target":["https:\/\/www.novotek.com\/at\/dienstleistungen\/erema-security-by-design-im-recyclingprozess\/"]}]},{"@type":"ImageObject","inLanguage":"de-CH","@id":"https:\/\/www.novotek.com\/at\/dienstleistungen\/erema-security-by-design-im-recyclingprozess\/#primaryimage","url":"https:\/\/www.novotek.com\/at\/wp-content\/uploads\/sites\/13\/Titelbild-EREMA.jpg","contentUrl":"https:\/\/www.novotek.com\/at\/wp-content\/uploads\/sites\/13\/Titelbild-EREMA.jpg","width":392,"height":220},{"@type":"BreadcrumbList","@id":"https:\/\/www.novotek.com\/at\/dienstleistungen\/erema-security-by-design-im-recyclingprozess\/#breadcrumb","itemListElement":[{"@type":"ListItem","position":1,"name":"Home","item":"https:\/\/www.novotek.com\/at\/"},{"@type":"ListItem","position":2,"name":"Dienstleistungen","item":"https:\/\/www.novotek.com\/at\/dienstleistungen\/"},{"@type":"ListItem","position":3,"name":"EREMA &#8211; Security by Design im Recyclingprozess"}]},{"@type":"WebSite","@id":"https:\/\/www.novotek.com\/at\/#website","url":"https:\/\/www.novotek.com\/at\/","name":"Novotek Switzerland","description":"Connect - Digitalize - Optimize","potentialAction":[{"@type":"SearchAction","target":{"@type":"EntryPoint","urlTemplate":"https:\/\/www.novotek.com\/at\/?s={search_term_string}"},"query-input":{"@type":"PropertyValueSpecification","valueRequired":true,"valueName":"search_term_string"}}],"inLanguage":"de-CH"}]}},"_links":{"self":[{"href":"https:\/\/www.novotek.com\/at\/wp-json\/wp\/v2\/pages\/22783","targetHints":{"allow":["GET"]}}],"collection":[{"href":"https:\/\/www.novotek.com\/at\/wp-json\/wp\/v2\/pages"}],"about":[{"href":"https:\/\/www.novotek.com\/at\/wp-json\/wp\/v2\/types\/page"}],"author":[{"embeddable":true,"href":"https:\/\/www.novotek.com\/at\/wp-json\/wp\/v2\/users\/45"}],"replies":[{"embeddable":true,"href":"https:\/\/www.novotek.com\/at\/wp-json\/wp\/v2\/comments?post=22783"}],"version-history":[{"count":6,"href":"https:\/\/www.novotek.com\/at\/wp-json\/wp\/v2\/pages\/22783\/revisions"}],"predecessor-version":[{"id":25818,"href":"https:\/\/www.novotek.com\/at\/wp-json\/wp\/v2\/pages\/22783\/revisions\/25818"}],"up":[{"embeddable":true,"href":"https:\/\/www.novotek.com\/at\/wp-json\/wp\/v2\/pages\/8180"}],"wp:featuredmedia":[{"embeddable":true,"href":"https:\/\/www.novotek.com\/at\/wp-json\/wp\/v2\/media\/22751"}],"wp:attachment":[{"href":"https:\/\/www.novotek.com\/at\/wp-json\/wp\/v2\/media?parent=22783"}],"curies":[{"name":"wp","href":"https:\/\/api.w.org\/{rel}","templated":true}]}}