{"id":23080,"date":"2025-01-24T10:19:32","date_gmt":"2025-01-24T10:19:32","guid":{"rendered":"https:\/\/www.novotek.com\/at\/?page_id=23080"},"modified":"2025-04-18T06:41:14","modified_gmt":"2025-04-18T06:41:14","slug":"edge-devices","status":"publish","type":"page","link":"https:\/\/www.novotek.com\/at\/edge-devices\/","title":{"rendered":"Edge Devices"},"content":{"rendered":"  <div class=\"hero\">\n    <div class=\"carousel hero-slider small\" data-flickity data-flickity-options='{\"prevNextButtons\": false}'>\n              <div class=\"carousel-cell\">\n          <div class=\"container\">\n            <div class=\"hero-content\">\n                              <h2>Edge Devices<\/h2>\n<h3><span class=\"field-value \"><span class=\"field-entry detail-inhalt\">Industrielle Edge-Computing- und Steuerungsl\u00f6sungen<\/span><\/span><\/h3>\n<p>Einer der ersten gro\u00dfen Herausforderungen der Digitalisierung ist die Anbindung von Ger\u00e4ten, Maschinen und Anlagen an die Cloud.<\/p>\n              \n                          <\/div>\n          <\/div>\n\n          <img decoding=\"async\" width=\"1024\" height=\"427\" src=\"https:\/\/www.novotek.com\/at\/wp-content\/uploads\/sites\/13\/2021\/Novotek_UK\/Solutions_and_Products\/PACSystems\/Novotek_Emerson_PACSystem_header_1920x800px-1024x427.png.webp\" class=\"hero-bg\" alt=\"Hero Img\" fetchpriority=\"high\" srcset=\"https:\/\/www.novotek.com\/at\/wp-content\/uploads\/sites\/13\/2021\/Novotek_UK\/Solutions_and_Products\/PACSystems\/Novotek_Emerson_PACSystem_header_1920x800px-1024x427.png.webp 1024w, https:\/\/www.novotek.com\/at\/wp-content\/uploads\/sites\/13\/2021\/Novotek_UK\/Solutions_and_Products\/PACSystems\/Novotek_Emerson_PACSystem_header_1920x800px-300x125.png.webp 300w, https:\/\/www.novotek.com\/at\/wp-content\/uploads\/sites\/13\/2021\/Novotek_UK\/Solutions_and_Products\/PACSystems\/Novotek_Emerson_PACSystem_header_1920x800px-768x320.png.webp 768w, https:\/\/www.novotek.com\/at\/wp-content\/uploads\/sites\/13\/2021\/Novotek_UK\/Solutions_and_Products\/PACSystems\/Novotek_Emerson_PACSystem_header_1920x800px-1536x640.png.webp 1536w, https:\/\/www.novotek.com\/at\/wp-content\/uploads\/sites\/13\/2021\/Novotek_UK\/Solutions_and_Products\/PACSystems\/Novotek_Emerson_PACSystem_header_1920x800px.png.webp 1920w\" sizes=\"(max-width: 1024px) 100vw, 1024px\" \/>                  <\/div>\n          <\/div>\n\n      <\/div>\n\n   \n\n\n<div class=\"container-md spacer  \">\n<div style=\"height:20px\" aria-hidden=\"true\" class=\"wp-block-spacer\"><\/div>\n<\/div>\n\n<div class=\"container-md group  alignwide\">\n<div class=\"wp-block-group alignwide\"><div class=\"wp-block-group__inner-container is-layout-constrained wp-block-group-is-layout-constrained\"><div class=\"container-md heading  \">\n<h2 class=\"wp-block-heading\">Analysieren Sie Probleme und l\u00f6sen Sie sie dort, wo sie auftreten: Direkt an Ihrer Maschine.<\/h2>\n<\/div>\n\n<div class=\"container-md paragraph  \">\n<p>Alle Sensoren in einem Unternehmen sammeln Big Data und helfen Ihnen, Stillst\u00e4nde zu reduzieren. Erstellen Sie pr\u00e4zise Vorhersagen und unterst\u00fctzen Sie so die Wartung Ihrer Maschinen. Big Data zu beherrschen ist eine schwierige Aufgabe \u2013 bis Sie es auf ein Edge-Ger\u00e4t verlagern.<\/p>\n<\/div>\n\n<div class=\"container-md paragraph  \">\n<p>Edge-Ger\u00e4te von Exor und Emerson wandeln wertvolle und komplexe Big Data in kosteneffektive und handhabbare \u201eLittle Data\u201c um. Jedes Problem wird sofort sichtbar. Was Sie einfacher erkennen, k\u00f6nnen Sie auch einfacher l\u00f6sen.<\/p>\n<\/div><\/div>\n<\/div><\/div>\n\n<div class=\"container-md spacer  \">\n<div style=\"height:50px\" aria-hidden=\"true\" class=\"wp-block-spacer\"><\/div>\n<\/div>\n\n<div class=\"container-md columns  alignwide\">\n<div class=\"wp-block-columns alignwide is-layout-flex wp-container-core-columns-is-layout-9d6595d7 wp-block-columns-is-layout-flex\"><div class=\"container-md column  \">\n<div class=\"wp-block-column is-layout-flow wp-block-column-is-layout-flow\"><div class=\"container-md heading  \">\n<h2 class=\"wp-block-heading\">eXware + MicroEdge<\/h2>\n<\/div>\n\n<div class=\"container-md paragraph  \">\n<p>F\u00fcr IT- und OT-Verantwortliche, die in komplexen Umgebungen einen reibungslosen Datenfluss sicherstellen wollen, bieten die IoT-Gateways von EXOR die Integration von Ger\u00e4ten mit fortschrittlichen Web-Technologien, die beispiellose Konnektivit\u00e4t, Sicherheit und Effizienz gew\u00e4hrleisten.<\/p>\n<\/div>\n\n<div class=\"container-md spacer  \">\n<div style=\"height:25px\" aria-hidden=\"true\" class=\"wp-block-spacer\"><\/div>\n<\/div>\n\n<div class=\"container-md buttons  \">\n<div class=\"wp-block-buttons is-content-justification-space-between is-nowrap is-layout-flex wp-container-core-buttons-is-layout-5a589469 wp-block-buttons-is-layout-flex\"><div class=\"container-md button  \">\n<div class=\"wp-block-button\"><a class=\"wp-block-button__link has-background wp-element-button\" href=\"https:\/\/www.exorint.com\/de\/produkte\/hardware\/serie\/exware\" style=\"background-color:#e70029\" target=\"_blank\" rel=\"noreferrer noopener\">eXware<\/a><\/div>\n<\/div>\n\n<div class=\"container-md button  \">\n<div class=\"wp-block-button\"><a class=\"wp-block-button__link has-background wp-element-button\" href=\"https:\/\/www.exorint.com\/de\/produkte\/hardware\/serie\/microedge\" style=\"background-color:#e70029\" target=\"_blank\" rel=\"noreferrer noopener\">MicroEdge<\/a><\/div>\n<\/div><\/div>\n<\/div><\/div>\n<\/div>\n\n<div class=\"container-md column  \">\n<div class=\"wp-block-column is-layout-flow wp-block-column-is-layout-flow\"><div class=\"container-md image  \">\n<figure class=\"wp-block-image size-full\"><img decoding=\"async\" src=\"https:\/\/www.novotek.com\/at\/wp-content\/uploads\/sites\/13\/eXware.png\" alt=\"\" class=\"wp-image-23084\" \/><\/figure>\n<\/div><\/div>\n<\/div><\/div>\n<\/div>\n\n<div class=\"container-md spacer  \">\n<div style=\"height:100px\" aria-hidden=\"true\" class=\"wp-block-spacer\"><\/div>\n<\/div>\n\n<div class=\"container-md columns  alignwide\">\n<div class=\"wp-block-columns alignwide is-layout-flex wp-container-core-columns-is-layout-9d6595d7 wp-block-columns-is-layout-flex\"><div class=\"container-md column  \">\n<div class=\"wp-block-column is-layout-flow wp-block-column-is-layout-flow\"><div class=\"container-md image  \">\n<figure class=\"wp-block-image size-full\"><img loading=\"lazy\" decoding=\"async\" width=\"555\" height=\"288\" src=\"https:\/\/www.novotek.com\/at\/wp-content\/uploads\/sites\/13\/RXi2-BP-PC-1.jpg\" alt=\"\" class=\"wp-image-23137\" srcset=\"https:\/\/www.novotek.com\/at\/wp-content\/uploads\/sites\/13\/RXi2-BP-PC-1.jpg 555w, https:\/\/www.novotek.com\/at\/wp-content\/uploads\/sites\/13\/RXi2-BP-PC-1-300x156.jpg 300w, https:\/\/www.novotek.com\/at\/wp-content\/uploads\/sites\/13\/RXi2-BP-PC-1-86x45.jpg 86w, https:\/\/www.novotek.com\/at\/wp-content\/uploads\/sites\/13\/RXi2-BP-PC-1-306x159.jpg 306w\" sizes=\"auto, (max-width: 555px) 100vw, 555px\" \/><\/figure>\n<\/div><\/div>\n<\/div>\n\n<div class=\"container-md column  \">\n<div class=\"wp-block-column is-layout-flow wp-block-column-is-layout-flow\"><div class=\"container-md heading  \">\n<h2 class=\"wp-block-heading\">Box PCs<\/h2>\n<\/div>\n\n<div class=\"container-md paragraph  \">\n<p>L\u00fcfterlose Box-IPCs f\u00fcr die direkte Montage im Schaltschrank finden Sie hier. Durch die verschiedenen Leistungsklassen und Schnittstellen eignen sich die Ger\u00e4te ideal als IoT-Gateway, KI-Hardware, Visualisierungs- und Steuerungsplattform, \u2026<\/p>\n<\/div>\n\n<div class=\"container-md spacer  \">\n<div style=\"height:25px\" aria-hidden=\"true\" class=\"wp-block-spacer\"><\/div>\n<\/div>\n\n<div class=\"container-md buttons  \">\n<div class=\"wp-block-buttons is-content-justification-space-between is-nowrap is-layout-flex wp-container-core-buttons-is-layout-5a589469 wp-block-buttons-is-layout-flex\"><div class=\"container-md button  \">\n<div class=\"wp-block-button\"><a class=\"wp-block-button__link has-background wp-element-button\" href=\"https:\/\/www.emerson.com\/catalog\/SearchDisplay?storeId=20151&amp;catalogId=20051&amp;langId=-3&amp;locale=de-de&amp;searchTerm=rxi2-bp&amp;cmBusinessSegmentId=&amp;wcsBusinessSegmentId=&amp;cmFacetId=&amp;cmTabSelected=&amp;fetchFacets=true#facet:&amp;partsFacet:&amp;modelsFacet:&amp;facetLimit:&amp;searchTerm:rxi2-bp&amp;partsSearchTerm:&amp;modelsSearchTerm:&amp;productBeginIndex:0&amp;partsBeginIndex:0&amp;modelsBeginIndex:0&amp;orderBy:&amp;partsOrderBy:&amp;modelsOrderBy:&amp;pageView:grid&amp;minPrice:&amp;maxPrice:&amp;pageSize:&amp;facetRange:&amp;\" style=\"background-color:#e70029\" target=\"_blank\" rel=\"noreferrer noopener\">RXi2-BP IPC<\/a><\/div>\n<\/div>\n\n<div class=\"container-md button  \">\n<div class=\"wp-block-button\"><a class=\"wp-block-button__link has-background wp-element-button\" href=\"https:\/\/www.emerson.com\/catalog\/SearchDisplay?storeId=20151&amp;catalogId=20051&amp;langId=-3&amp;locale=de-de&amp;searchTerm=rxi2-xp&amp;cmBusinessSegmentId=&amp;wcsBusinessSegmentId=&amp;cmFacetId=&amp;cmTabSelected=&amp;fetchFacets=true#facet:&amp;partsFacet:&amp;modelsFacet:&amp;facetLimit:&amp;searchTerm:rxi2-xp&amp;partsSearchTerm:&amp;modelsSearchTerm:&amp;productBeginIndex:0&amp;partsBeginIndex:0&amp;modelsBeginIndex:0&amp;orderBy:&amp;partsOrderBy:&amp;modelsOrderBy:&amp;pageView:grid&amp;minPrice:&amp;maxPrice:&amp;pageSize:&amp;facetRange:&amp;\" style=\"background-color:#e70029\" target=\"_blank\" rel=\"noreferrer noopener\">RXi2-XP IPC<\/a><\/div>\n<\/div>\n\n<div class=\"container-md button  \">\n<div class=\"wp-block-button\"><a class=\"wp-block-button__link has-background wp-element-button\" href=\"https:\/\/www.emerson.com\/catalog\/SearchDisplay?storeId=20151&amp;catalogId=20051&amp;langId=-3&amp;locale=de-de&amp;searchTerm=rxi2-up&amp;cmBusinessSegmentId=&amp;wcsBusinessSegmentId=&amp;cmFacetId=&amp;cmTabSelected=&amp;fetchFacets=true#facet:&amp;partsFacet:&amp;modelsFacet:&amp;facetLimit:&amp;searchTerm:rxi2-up&amp;partsSearchTerm:&amp;modelsSearchTerm:&amp;productBeginIndex:0&amp;partsBeginIndex:0&amp;modelsBeginIndex:0&amp;orderBy:&amp;partsOrderBy:&amp;modelsOrderBy:&amp;pageView:grid&amp;minPrice:&amp;maxPrice:&amp;pageSize:&amp;facetRange:&amp;\" style=\"background-color:#e70029\" target=\"_blank\" rel=\"noreferrer noopener\">RXi2-UP IPC<\/a><\/div>\n<\/div><\/div>\n<\/div><\/div>\n<\/div><\/div>\n<\/div>\n\n<div class=\"container-md spacer  \">\n<div style=\"height:100px\" aria-hidden=\"true\" class=\"wp-block-spacer\"><\/div>\n<\/div>\n\n<div class=\"container-md columns  alignwide\">\n<div class=\"wp-block-columns alignwide is-layout-flex wp-container-core-columns-is-layout-9d6595d7 wp-block-columns-is-layout-flex\"><div class=\"container-md column  \">\n<div class=\"wp-block-column is-layout-flow wp-block-column-is-layout-flow\"><div class=\"container-md heading  \">\n<h2 class=\"wp-block-heading\">PACEdge<\/h2>\n<\/div>\n\n<div class=\"container-md paragraph  \">\n<p>Der PAC-Edge Software-Stack ist ein systemunabh\u00e4ngiges, vorkonfiguriertes und geh\u00e4rtetes Softwarepaket f\u00fcr die simple und zeitsparende Entwicklung Ihrer IIoT-L\u00f6sung.<\/p>\n<\/div>\n\n<div class=\"container-md spacer  \">\n<div style=\"height:25px\" aria-hidden=\"true\" class=\"wp-block-spacer\"><\/div>\n<\/div>\n\n<div class=\"container-md buttons  \">\n<div class=\"wp-block-buttons is-layout-flex wp-block-buttons-is-layout-flex\"><div class=\"container-md button  \">\n<div class=\"wp-block-button\"><a class=\"wp-block-button__link has-background wp-element-button\" href=\"https:\/\/www.emerson.com\/de-de\/catalog\/emerson-pacedgecore\" style=\"background-color:#e70029\" target=\"_blank\" rel=\"noreferrer noopener\">PACEdge<\/a><\/div>\n<\/div><\/div>\n<\/div><\/div>\n<\/div>\n\n<div class=\"container-md column  \">\n<div class=\"wp-block-column is-layout-flow wp-block-column-is-layout-flow\"><div class=\"container-md image  \">\n<figure class=\"wp-block-image size-full\"><img loading=\"lazy\" decoding=\"async\" width=\"555\" height=\"555\" src=\"https:\/\/www.novotek.com\/at\/wp-content\/uploads\/sites\/13\/PACEdge.png\" alt=\"\" class=\"wp-image-23157\" srcset=\"https:\/\/www.novotek.com\/at\/wp-content\/uploads\/sites\/13\/PACEdge.png 555w, https:\/\/www.novotek.com\/at\/wp-content\/uploads\/sites\/13\/PACEdge-300x300.png 300w, https:\/\/www.novotek.com\/at\/wp-content\/uploads\/sites\/13\/PACEdge-150x150.png 150w, https:\/\/www.novotek.com\/at\/wp-content\/uploads\/sites\/13\/PACEdge-86x86.png 86w, https:\/\/www.novotek.com\/at\/wp-content\/uploads\/sites\/13\/PACEdge-306x306.png 306w, https:\/\/www.novotek.com\/at\/wp-content\/uploads\/sites\/13\/PACEdge-400x400.png 400w\" sizes=\"auto, (max-width: 555px) 100vw, 555px\" \/><\/figure>\n<\/div><\/div>\n<\/div><\/div>\n<\/div>\n\n<div class=\"container-md spacer  \">\n<div style=\"height:50px\" aria-hidden=\"true\" class=\"wp-block-spacer\"><\/div>\n<\/div>","protected":false},"excerpt":{"rendered":"<p>Analysieren Sie Probleme und l\u00f6sen Sie sie dort, wo sie auftreten: Direkt an Ihrer Maschine. Alle Sensoren in einem Unternehmen sammeln Big Data und helfen Ihnen, Stillst\u00e4nde zu reduzieren. Erstellen Sie pr\u00e4zise Vorhersagen und unterst\u00fctzen Sie so die Wartung Ihrer Maschinen. Big Data zu beherrschen ist eine schwierige Aufgabe \u2013 bis Sie es auf ein [&hellip;]<\/p>\n","protected":false},"author":45,"featured_media":0,"parent":0,"menu_order":1,"comment_status":"closed","ping_status":"closed","template":"","meta":{"_acf_changed":false,"_relevanssi_hide_post":"","_relevanssi_pin_for_all":"","_relevanssi_pin_keywords":"","_relevanssi_unpin_keywords":"","_relevanssi_related_keywords":"","_relevanssi_related_include_ids":"","_relevanssi_related_exclude_ids":"","_relevanssi_related_no_append":"","_relevanssi_related_not_related":"","_relevanssi_related_posts":"6182,3220,6214,3195,3200,6233","_relevanssi_noindex_reason":"","footnotes":""},"class_list":["post-23080","page","type-page","status-publish","hentry"],"acf":[],"yoast_head":"<!-- This site is optimized with the Yoast SEO plugin v27.4 - https:\/\/yoast.com\/product\/yoast-seo-wordpress\/ -->\n<title>Edge Devices - Novotek Austria<\/title>\n<meta name=\"description\" content=\"Einer der ersten gro\u00dfen Herausforderungen der Digitalisierung ist die Anbindung von Ger\u00e4ten, Maschinen und Anlagen an die Cloud.\" \/>\n<meta name=\"robots\" content=\"index, follow, max-snippet:-1, max-image-preview:large, max-video-preview:-1\" \/>\n<link rel=\"canonical\" href=\"https:\/\/www.novotek.com\/at\/edge-devices\/\" \/>\n<meta property=\"og:locale\" content=\"de_DE\" \/>\n<meta property=\"og:type\" content=\"article\" \/>\n<meta property=\"og:title\" content=\"Edge Devices - Novotek Austria\" \/>\n<meta property=\"og:description\" content=\"Einer der ersten gro\u00dfen Herausforderungen der Digitalisierung ist die Anbindung von Ger\u00e4ten, Maschinen und Anlagen an die Cloud.\" \/>\n<meta property=\"og:url\" content=\"https:\/\/www.novotek.com\/at\/edge-devices\/\" \/>\n<meta property=\"og:site_name\" content=\"Novotek Austria\" \/>\n<meta property=\"article:modified_time\" content=\"2025-04-18T06:41:14+00:00\" \/>\n<meta property=\"og:image\" content=\"https:\/\/www.novotek.com\/at\/wp-content\/uploads\/sites\/13\/eXware.png\" \/>\n<meta name=\"twitter:card\" content=\"summary_large_image\" \/>\n<meta name=\"twitter:label1\" content=\"Gesch\u00e4tzte Lesezeit\" \/>\n\t<meta name=\"twitter:data1\" content=\"2\u00a0Minuten\" \/>\n<script type=\"application\/ld+json\" class=\"yoast-schema-graph\">{\"@context\":\"https:\\\/\\\/schema.org\",\"@graph\":[{\"@type\":\"WebPage\",\"@id\":\"https:\\\/\\\/www.novotek.com\\\/at\\\/edge-devices\\\/\",\"url\":\"https:\\\/\\\/www.novotek.com\\\/at\\\/edge-devices\\\/\",\"name\":\"Edge Devices - Novotek Austria\",\"isPartOf\":{\"@id\":\"https:\\\/\\\/www.novotek.com\\\/at\\\/#website\"},\"primaryImageOfPage\":{\"@id\":\"https:\\\/\\\/www.novotek.com\\\/at\\\/edge-devices\\\/#primaryimage\"},\"image\":{\"@id\":\"https:\\\/\\\/www.novotek.com\\\/at\\\/edge-devices\\\/#primaryimage\"},\"thumbnailUrl\":\"https:\\\/\\\/www.novotek.com\\\/at\\\/wp-content\\\/uploads\\\/sites\\\/13\\\/eXware.png\",\"datePublished\":\"2025-01-24T10:19:32+00:00\",\"dateModified\":\"2025-04-18T06:41:14+00:00\",\"description\":\"Einer der ersten gro\u00dfen Herausforderungen der Digitalisierung ist die Anbindung von Ger\u00e4ten, Maschinen und Anlagen an die Cloud.\",\"breadcrumb\":{\"@id\":\"https:\\\/\\\/www.novotek.com\\\/at\\\/edge-devices\\\/#breadcrumb\"},\"inLanguage\":\"de-CH\",\"potentialAction\":[{\"@type\":\"ReadAction\",\"target\":[\"https:\\\/\\\/www.novotek.com\\\/at\\\/edge-devices\\\/\"]}]},{\"@type\":\"ImageObject\",\"inLanguage\":\"de-CH\",\"@id\":\"https:\\\/\\\/www.novotek.com\\\/at\\\/edge-devices\\\/#primaryimage\",\"url\":\"https:\\\/\\\/www.novotek.com\\\/at\\\/wp-content\\\/uploads\\\/sites\\\/13\\\/eXware-e1738054669307.png\",\"contentUrl\":\"https:\\\/\\\/www.novotek.com\\\/at\\\/wp-content\\\/uploads\\\/sites\\\/13\\\/eXware-e1738054669307.png\",\"width\":300,\"height\":331},{\"@type\":\"BreadcrumbList\",\"@id\":\"https:\\\/\\\/www.novotek.com\\\/at\\\/edge-devices\\\/#breadcrumb\",\"itemListElement\":[{\"@type\":\"ListItem\",\"position\":1,\"name\":\"Home\",\"item\":\"https:\\\/\\\/www.novotek.com\\\/at\\\/\"},{\"@type\":\"ListItem\",\"position\":2,\"name\":\"Edge Devices\"}]},{\"@type\":\"WebSite\",\"@id\":\"https:\\\/\\\/www.novotek.com\\\/at\\\/#website\",\"url\":\"https:\\\/\\\/www.novotek.com\\\/at\\\/\",\"name\":\"Novotek Switzerland\",\"description\":\"Connect - Digitalize - Optimize\",\"potentialAction\":[{\"@type\":\"SearchAction\",\"target\":{\"@type\":\"EntryPoint\",\"urlTemplate\":\"https:\\\/\\\/www.novotek.com\\\/at\\\/?s={search_term_string}\"},\"query-input\":{\"@type\":\"PropertyValueSpecification\",\"valueRequired\":true,\"valueName\":\"search_term_string\"}}],\"inLanguage\":\"de-CH\"}]}<\/script>\n<!-- \/ Yoast SEO plugin. -->","yoast_head_json":{"title":"Edge Devices - Novotek Austria","description":"Einer der ersten gro\u00dfen Herausforderungen der Digitalisierung ist die Anbindung von Ger\u00e4ten, Maschinen und Anlagen an die Cloud.","robots":{"index":"index","follow":"follow","max-snippet":"max-snippet:-1","max-image-preview":"max-image-preview:large","max-video-preview":"max-video-preview:-1"},"canonical":"https:\/\/www.novotek.com\/at\/edge-devices\/","og_locale":"de_DE","og_type":"article","og_title":"Edge Devices - Novotek Austria","og_description":"Einer der ersten gro\u00dfen Herausforderungen der Digitalisierung ist die Anbindung von Ger\u00e4ten, Maschinen und Anlagen an die Cloud.","og_url":"https:\/\/www.novotek.com\/at\/edge-devices\/","og_site_name":"Novotek Austria","article_modified_time":"2025-04-18T06:41:14+00:00","og_image":[{"url":"https:\/\/www.novotek.com\/at\/wp-content\/uploads\/sites\/13\/eXware.png","type":"","width":"","height":""}],"twitter_card":"summary_large_image","twitter_misc":{"Gesch\u00e4tzte Lesezeit":"2\u00a0Minuten"},"schema":{"@context":"https:\/\/schema.org","@graph":[{"@type":"WebPage","@id":"https:\/\/www.novotek.com\/at\/edge-devices\/","url":"https:\/\/www.novotek.com\/at\/edge-devices\/","name":"Edge Devices - Novotek Austria","isPartOf":{"@id":"https:\/\/www.novotek.com\/at\/#website"},"primaryImageOfPage":{"@id":"https:\/\/www.novotek.com\/at\/edge-devices\/#primaryimage"},"image":{"@id":"https:\/\/www.novotek.com\/at\/edge-devices\/#primaryimage"},"thumbnailUrl":"https:\/\/www.novotek.com\/at\/wp-content\/uploads\/sites\/13\/eXware.png","datePublished":"2025-01-24T10:19:32+00:00","dateModified":"2025-04-18T06:41:14+00:00","description":"Einer der ersten gro\u00dfen Herausforderungen der Digitalisierung ist die Anbindung von Ger\u00e4ten, Maschinen und Anlagen an die Cloud.","breadcrumb":{"@id":"https:\/\/www.novotek.com\/at\/edge-devices\/#breadcrumb"},"inLanguage":"de-CH","potentialAction":[{"@type":"ReadAction","target":["https:\/\/www.novotek.com\/at\/edge-devices\/"]}]},{"@type":"ImageObject","inLanguage":"de-CH","@id":"https:\/\/www.novotek.com\/at\/edge-devices\/#primaryimage","url":"https:\/\/www.novotek.com\/at\/wp-content\/uploads\/sites\/13\/eXware-e1738054669307.png","contentUrl":"https:\/\/www.novotek.com\/at\/wp-content\/uploads\/sites\/13\/eXware-e1738054669307.png","width":300,"height":331},{"@type":"BreadcrumbList","@id":"https:\/\/www.novotek.com\/at\/edge-devices\/#breadcrumb","itemListElement":[{"@type":"ListItem","position":1,"name":"Home","item":"https:\/\/www.novotek.com\/at\/"},{"@type":"ListItem","position":2,"name":"Edge Devices"}]},{"@type":"WebSite","@id":"https:\/\/www.novotek.com\/at\/#website","url":"https:\/\/www.novotek.com\/at\/","name":"Novotek Switzerland","description":"Connect - Digitalize - Optimize","potentialAction":[{"@type":"SearchAction","target":{"@type":"EntryPoint","urlTemplate":"https:\/\/www.novotek.com\/at\/?s={search_term_string}"},"query-input":{"@type":"PropertyValueSpecification","valueRequired":true,"valueName":"search_term_string"}}],"inLanguage":"de-CH"}]}},"_links":{"self":[{"href":"https:\/\/www.novotek.com\/at\/wp-json\/wp\/v2\/pages\/23080","targetHints":{"allow":["GET"]}}],"collection":[{"href":"https:\/\/www.novotek.com\/at\/wp-json\/wp\/v2\/pages"}],"about":[{"href":"https:\/\/www.novotek.com\/at\/wp-json\/wp\/v2\/types\/page"}],"author":[{"embeddable":true,"href":"https:\/\/www.novotek.com\/at\/wp-json\/wp\/v2\/users\/45"}],"replies":[{"embeddable":true,"href":"https:\/\/www.novotek.com\/at\/wp-json\/wp\/v2\/comments?post=23080"}],"version-history":[{"count":49,"href":"https:\/\/www.novotek.com\/at\/wp-json\/wp\/v2\/pages\/23080\/revisions"}],"predecessor-version":[{"id":25002,"href":"https:\/\/www.novotek.com\/at\/wp-json\/wp\/v2\/pages\/23080\/revisions\/25002"}],"wp:attachment":[{"href":"https:\/\/www.novotek.com\/at\/wp-json\/wp\/v2\/media?parent=23080"}],"curies":[{"name":"wp","href":"https:\/\/api.w.org\/{rel}","templated":true}]}}