{"id":23177,"date":"2025-01-28T08:39:39","date_gmt":"2025-01-28T08:39:39","guid":{"rendered":"https:\/\/www.novotek.com\/at\/?page_id=23177"},"modified":"2025-09-10T06:36:24","modified_gmt":"2025-09-10T06:36:24","slug":"software-connect","status":"publish","type":"page","link":"https:\/\/www.novotek.com\/at\/software-connect\/","title":{"rendered":"Software &#8211; Connect"},"content":{"rendered":"  <div class=\"hero\">\n    <div class=\"carousel hero-slider small\" data-flickity data-flickity-options='{\"prevNextButtons\": false}'>\n              <div class=\"carousel-cell\">\n          <div class=\"container\">\n            <div class=\"hero-content\">\n                              <h1>CONNECT<\/h1>\n<h3><span class=\"field-value \"><span class=\"field-entry detail-inhalt\">Software<\/span><\/span><\/h3>\n<p>Entdecken Sie die passende Software f\u00fcr Ihre Konnektivit\u00e4t.<\/p>\n              \n                          <\/div>\n          <\/div>\n\n          <img decoding=\"async\" width=\"1024\" height=\"683\" src=\"https:\/\/www.novotek.com\/at\/wp-content\/uploads\/sites\/13\/Software-Entwicklung-1024x683.jpg.webp\" class=\"hero-bg\" alt=\"Hero Img\" fetchpriority=\"high\" srcset=\"https:\/\/www.novotek.com\/at\/wp-content\/uploads\/sites\/13\/Software-Entwicklung-1024x683.jpg.webp 1024w, https:\/\/www.novotek.com\/at\/wp-content\/uploads\/sites\/13\/Software-Entwicklung-300x200.jpg.webp 300w, https:\/\/www.novotek.com\/at\/wp-content\/uploads\/sites\/13\/Software-Entwicklung-768x512.jpg.webp 768w, https:\/\/www.novotek.com\/at\/wp-content\/uploads\/sites\/13\/Software-Entwicklung-86x57.jpg.webp 86w, https:\/\/www.novotek.com\/at\/wp-content\/uploads\/sites\/13\/Software-Entwicklung-306x204.jpg.webp 306w, https:\/\/www.novotek.com\/at\/wp-content\/uploads\/sites\/13\/Software-Entwicklung-636x424.jpg.webp 636w, https:\/\/www.novotek.com\/at\/wp-content\/uploads\/sites\/13\/Software-Entwicklung.jpg.webp 1500w\" sizes=\"(max-width: 1024px) 100vw, 1024px\" \/>                  <\/div>\n          <\/div>\n\n      <\/div>\n\n   \n\n\n<div class=\"container-md spacer  \">\n<div style=\"height:50px\" aria-hidden=\"true\" class=\"wp-block-spacer\"><\/div>\n<\/div>\n\n<div class=\"container-md paragraph  \">\n<p>In einer zunehmend vernetzten industriellen Welt ist der schnelle, sichere und ortsunabh\u00e4ngige Zugriff auf Maschinen und Systeme entscheidend f\u00fcr die Effizienz und Wettbewerbsf\u00e4higkeit. Mit der Software von Novotek erm\u00f6glichen Sie Ihrem Team, Support und Wartung jederzeit und von \u00fcberall durchzuf\u00fchren \u2013 ganz ohne Vor-Ort-Einsatz. So reduzieren Sie Stillstandszeiten, optimieren Ihre Serviceprozesse und steigern die Produktivit\u00e4t Ihrer Anlagen nachhaltig.<\/p>\n<\/div>\n\n<div class=\"container-md columns  alignwide\">\n<div class=\"wp-block-columns alignwide is-layout-flex wp-container-core-columns-is-layout-9d6595d7 wp-block-columns-is-layout-flex\"><div class=\"container-md column  \">\n<div class=\"wp-block-column is-layout-flow wp-block-column-is-layout-flow\"><div class=\"container-md heading  \">\n<h2 class=\"wp-block-heading\">Kepware KEPServerEX<\/h2>\n<\/div>\n\n<div class=\"container-md paragraph  \">\n<p>Die f\u00fchrende industrielle Konnektivit\u00e4ts- und Kommunikationsplattform mit \u00fcber 160 Protokollen f\u00fcr die industrielle Automation, IT Systeme und das Industrial Internet of Things (IIoT).<\/p>\n<\/div>\n\n<div class=\"container-md spacer  \">\n<div style=\"height:25px\" aria-hidden=\"true\" class=\"wp-block-spacer\"><\/div>\n<\/div>\n\n<div class=\"container-md buttons  \">\n<div class=\"wp-block-buttons is-layout-flex wp-block-buttons-is-layout-flex\"><div class=\"container-md button  \">\n<div class=\"wp-block-button\"><a class=\"wp-block-button__link has-background wp-element-button\" href=\"https:\/\/www.novotek.com\/at\/ot-it-cloud-konnektivitaet-dataops\/konnektivitaets-und-kommunikationsplattform\/\" style=\"background-color:#e70029\" target=\"_blank\" rel=\"noreferrer noopener\">KEPServerEX<\/a><\/div>\n<\/div><\/div>\n<\/div><\/div>\n<\/div>\n\n<div class=\"container-md column  \">\n<div class=\"wp-block-column is-layout-flow wp-block-column-is-layout-flow\"><div class=\"container-md image  \">\n<figure class=\"wp-block-image size-full\"><img loading=\"lazy\" decoding=\"async\" width=\"800\" height=\"788\" src=\"https:\/\/www.novotek.com\/at\/wp-content\/uploads\/sites\/13\/Kepware_KEPServerEX_grafik.png\" alt=\"\u00dcbersicht KEPServerEX\" class=\"wp-image-9119\" srcset=\"https:\/\/www.novotek.com\/at\/wp-content\/uploads\/sites\/13\/Kepware_KEPServerEX_grafik.png 800w, https:\/\/www.novotek.com\/at\/wp-content\/uploads\/sites\/13\/Kepware_KEPServerEX_grafik-300x296.png 300w, https:\/\/www.novotek.com\/at\/wp-content\/uploads\/sites\/13\/Kepware_KEPServerEX_grafik-768x756.png 768w\" sizes=\"auto, (max-width: 800px) 100vw, 800px\" \/><\/figure>\n<\/div><\/div>\n<\/div><\/div>\n<\/div>\n\n<div class=\"container-md spacer  \">\n<div style=\"height:100px\" aria-hidden=\"true\" class=\"wp-block-spacer\"><\/div>\n<\/div>\n\n<div class=\"container-md columns  alignwide\">\n<div class=\"wp-block-columns alignwide is-layout-flex wp-container-core-columns-is-layout-9d6595d7 wp-block-columns-is-layout-flex\"><div class=\"container-md column  \">\n<div class=\"wp-block-column is-layout-flow wp-block-column-is-layout-flow\"><div class=\"container-md image  \">\n<figure class=\"wp-block-image size-full\"><img loading=\"lazy\" decoding=\"async\" width=\"500\" height=\"500\" src=\"https:\/\/www.novotek.com\/at\/wp-content\/uploads\/sites\/13\/opc-router-logo-novotek-web.png\" alt=\"\" class=\"wp-image-21710\" srcset=\"https:\/\/www.novotek.com\/at\/wp-content\/uploads\/sites\/13\/opc-router-logo-novotek-web.png 500w, https:\/\/www.novotek.com\/at\/wp-content\/uploads\/sites\/13\/opc-router-logo-novotek-web-300x300.png 300w, https:\/\/www.novotek.com\/at\/wp-content\/uploads\/sites\/13\/opc-router-logo-novotek-web-150x150.png 150w, https:\/\/www.novotek.com\/at\/wp-content\/uploads\/sites\/13\/opc-router-logo-novotek-web-86x86.png 86w, https:\/\/www.novotek.com\/at\/wp-content\/uploads\/sites\/13\/opc-router-logo-novotek-web-306x306.png 306w\" sizes=\"auto, (max-width: 500px) 100vw, 500px\" \/><\/figure>\n<\/div><\/div>\n<\/div>\n\n<div class=\"container-md column  \">\n<div class=\"wp-block-column is-layout-flow wp-block-column-is-layout-flow\"><div class=\"container-md heading  \">\n<h2 class=\"wp-block-heading\">OPC Router<\/h2>\n<\/div>\n\n<div class=\"container-md paragraph  \">\n<p>Der OPCRouter verbindet Produktionsdaten aus unterschiedlichen Quellen schnell und unternehmensweit \u2013 von der SPS bis in die Cloud. Unterst\u00fctzt durch Standards wie MQTT, OPC UA und REST vereinfacht die Middleware den reibungslosen Datenfluss und automatisiert Ihre Prozesse. Tauchen Sie ein in eine smarte Produktionswelt, in der Daten nahtlos und effizient dorthin fliessen, wo sie ben\u00f6tigt werden.<\/p>\n<\/div>\n\n<div class=\"container-md spacer  \">\n<div style=\"height:25px\" aria-hidden=\"true\" class=\"wp-block-spacer\"><\/div>\n<\/div>\n\n<div class=\"container-md buttons  \">\n<div class=\"wp-block-buttons is-layout-flex wp-block-buttons-is-layout-flex\"><div class=\"container-md button  \">\n<div class=\"wp-block-button\"><a class=\"wp-block-button__link has-background wp-element-button\" href=\"https:\/\/www.novotek.com\/at\/ot-it-cloud-konnektivitaet-dataops\/opc-router\/\" style=\"background-color:#e70029\" target=\"_blank\" rel=\"noreferrer noopener\">OPC Router<\/a><\/div>\n<\/div><\/div>\n<\/div><\/div>\n<\/div><\/div>\n<\/div>\n\n<div class=\"container-md spacer  \">\n<div style=\"height:100px\" aria-hidden=\"true\" id=\"Fernwartung\" class=\"wp-block-spacer\"><\/div>\n<\/div>\n\n<div class=\"container-md columns  alignwide\">\n<div class=\"wp-block-columns alignwide is-layout-flex wp-container-core-columns-is-layout-9d6595d7 wp-block-columns-is-layout-flex\"><div class=\"container-md column  \">\n<div class=\"wp-block-column is-layout-flow wp-block-column-is-layout-flow\"><div class=\"container-md heading  \">\n<h2 class=\"wp-block-heading\">Corvina Cloud VPN <\/h2>\n<\/div>\n\n<div class=\"container-md paragraph  \">\n<p>Corvina Cloud VPN ist eine sichere OpenVPN- und SSL-basierte Fernwartungsl\u00f6sung, mit der Sie alle Ihre Ger\u00e4te \u00fcber ein zentrales Portal verwalten und fernwarten k\u00f6nnen.<\/p>\n<\/div>\n\n<div class=\"container-md spacer  \">\n<div style=\"height:25px\" aria-hidden=\"true\" class=\"wp-block-spacer\"><\/div>\n<\/div>\n\n<div class=\"container-md buttons  \">\n<div class=\"wp-block-buttons is-layout-flex wp-block-buttons-is-layout-flex\"><div class=\"container-md button  \">\n<div class=\"wp-block-button\"><a class=\"wp-block-button__link has-background wp-element-button\" href=\"https:\/\/corvina.io\/de\/x-platform\/vpn-remote-access\" style=\"background-color:#e70029\" target=\"_blank\" rel=\"noreferrer noopener\">Corvina Cloud VPN<\/a><\/div>\n<\/div><\/div>\n<\/div><\/div>\n<\/div>\n\n<div class=\"container-md column  \">\n<div class=\"wp-block-column is-layout-flow wp-block-column-is-layout-flow\"><div class=\"container-md image  \">\n<figure class=\"wp-block-image size-full\"><img loading=\"lazy\" decoding=\"async\" width=\"700\" height=\"402\" src=\"https:\/\/www.novotek.com\/at\/wp-content\/uploads\/sites\/13\/corvina-cloud-1.png\" alt=\"\" class=\"wp-image-24908\" srcset=\"https:\/\/www.novotek.com\/at\/wp-content\/uploads\/sites\/13\/corvina-cloud-1.png 700w, https:\/\/www.novotek.com\/at\/wp-content\/uploads\/sites\/13\/corvina-cloud-1-300x172.png 300w, https:\/\/www.novotek.com\/at\/wp-content\/uploads\/sites\/13\/corvina-cloud-1-86x49.png 86w, https:\/\/www.novotek.com\/at\/wp-content\/uploads\/sites\/13\/corvina-cloud-1-306x176.png 306w, https:\/\/www.novotek.com\/at\/wp-content\/uploads\/sites\/13\/corvina-cloud-1-636x365.png 636w\" sizes=\"auto, (max-width: 700px) 100vw, 700px\" \/><\/figure>\n<\/div><\/div>\n<\/div><\/div>\n<\/div>\n\n<div class=\"container-md spacer  \">\n<div style=\"height:100px\" aria-hidden=\"true\" class=\"wp-block-spacer\"><\/div>\n<\/div>\n\n<div class=\"container-md columns  alignwide\">\n<div class=\"wp-block-columns alignwide is-layout-flex wp-container-core-columns-is-layout-9d6595d7 wp-block-columns-is-layout-flex\"><div class=\"container-md column  \">\n<div class=\"wp-block-column is-layout-flow wp-block-column-is-layout-flow\"><div class=\"container-md image  \">\n<figure class=\"wp-block-image size-full\"><img loading=\"lazy\" decoding=\"async\" width=\"900\" height=\"530\" src=\"https:\/\/www.novotek.com\/at\/wp-content\/uploads\/sites\/13\/Corvina-Edge-Manager.png\" alt=\"\" class=\"wp-image-25106\" srcset=\"https:\/\/www.novotek.com\/at\/wp-content\/uploads\/sites\/13\/Corvina-Edge-Manager.png 900w, https:\/\/www.novotek.com\/at\/wp-content\/uploads\/sites\/13\/Corvina-Edge-Manager-300x177.png 300w, https:\/\/www.novotek.com\/at\/wp-content\/uploads\/sites\/13\/Corvina-Edge-Manager-768x452.png 768w, https:\/\/www.novotek.com\/at\/wp-content\/uploads\/sites\/13\/Corvina-Edge-Manager-86x51.png 86w, https:\/\/www.novotek.com\/at\/wp-content\/uploads\/sites\/13\/Corvina-Edge-Manager-306x180.png 306w, https:\/\/www.novotek.com\/at\/wp-content\/uploads\/sites\/13\/Corvina-Edge-Manager-636x375.png 636w\" sizes=\"auto, (max-width: 900px) 100vw, 900px\" \/><\/figure>\n<\/div><\/div>\n<\/div>\n\n<div class=\"container-md column  \">\n<div class=\"wp-block-column is-layout-flow wp-block-column-is-layout-flow\"><div class=\"container-md heading  \">\n<h2 class=\"wp-block-heading\">Corvina Edge Manager<\/h2>\n<\/div>\n\n<div class=\"container-md paragraph  \">\n<p>Revolutionierung des Edge Device Managements. Die Zukunft des Managements industrieller Maschinenflotten und der OTA-Updates beginnt jetzt!<\/p>\n<\/div>\n\n<div class=\"container-md spacer  \">\n<div style=\"height:25px\" aria-hidden=\"true\" class=\"wp-block-spacer\"><\/div>\n<\/div>\n\n<div class=\"container-md buttons  \">\n<div class=\"wp-block-buttons is-layout-flex wp-block-buttons-is-layout-flex\"><div class=\"container-md button  \">\n<div class=\"wp-block-button\"><a class=\"wp-block-button__link has-background wp-element-button\" href=\"https:\/\/corvina.io\/de\/corvina-edge-manager\" style=\"background-color:#e70029\" target=\"_blank\" rel=\"noreferrer noopener\">Corvina Edge Manager<\/a><\/div>\n<\/div><\/div>\n<\/div><\/div>\n<\/div><\/div>\n<\/div>\n\n<div class=\"container-md spacer  \">\n<div style=\"height:100px\" aria-hidden=\"true\" class=\"wp-block-spacer\"><\/div>\n<\/div>","protected":false},"excerpt":{"rendered":"<p>Entdecken Sie die passende Software f\u00fcr Ihre Konnektivit\u00e4t.<\/p>\n","protected":false},"author":45,"featured_media":0,"parent":0,"menu_order":1,"comment_status":"closed","ping_status":"closed","template":"","meta":{"_acf_changed":false,"_relevanssi_hide_post":"","_relevanssi_pin_for_all":"","_relevanssi_pin_keywords":"","_relevanssi_unpin_keywords":"","_relevanssi_related_keywords":"","_relevanssi_related_include_ids":"","_relevanssi_related_exclude_ids":"","_relevanssi_related_no_append":"","_relevanssi_related_not_related":"","_relevanssi_related_posts":"6182,3220,6214,3195,3200,6233","_relevanssi_noindex_reason":"","footnotes":""},"class_list":["post-23177","page","type-page","status-publish","hentry"],"acf":[],"yoast_head":"<!-- This site is optimized with the Yoast SEO plugin v27.4 - https:\/\/yoast.com\/product\/yoast-seo-wordpress\/ -->\n<title>Software - Connect - Novotek Austria<\/title>\n<meta name=\"description\" content=\"Bringen Sie Ihre Konnektivit\u00e4t mit unserer Software auf das n\u00e4chste Level. Entdecken Sie Kepware KEPServerEX und den OPC-Router.\" \/>\n<meta name=\"robots\" content=\"index, follow, max-snippet:-1, max-image-preview:large, max-video-preview:-1\" \/>\n<link rel=\"canonical\" href=\"https:\/\/www.novotek.com\/at\/software-connect\/\" \/>\n<meta property=\"og:locale\" content=\"de_DE\" \/>\n<meta property=\"og:type\" content=\"article\" \/>\n<meta property=\"og:title\" content=\"Software - Connect - Novotek Austria\" \/>\n<meta property=\"og:description\" content=\"Bringen Sie Ihre Konnektivit\u00e4t mit unserer Software auf das n\u00e4chste Level. Entdecken Sie Kepware KEPServerEX und den OPC-Router.\" \/>\n<meta property=\"og:url\" content=\"https:\/\/www.novotek.com\/at\/software-connect\/\" \/>\n<meta property=\"og:site_name\" content=\"Novotek Austria\" \/>\n<meta property=\"article:modified_time\" content=\"2025-09-10T06:36:24+00:00\" \/>\n<meta property=\"og:image\" content=\"https:\/\/www.novotek.com\/at\/wp-content\/uploads\/sites\/13\/Kepware_KEPServerEX_grafik.png\" \/>\n<meta name=\"twitter:card\" content=\"summary_large_image\" \/>\n<meta name=\"twitter:label1\" content=\"Gesch\u00e4tzte Lesezeit\" \/>\n\t<meta name=\"twitter:data1\" content=\"2\u00a0Minuten\" \/>\n<script type=\"application\/ld+json\" class=\"yoast-schema-graph\">{\"@context\":\"https:\\\/\\\/schema.org\",\"@graph\":[{\"@type\":\"WebPage\",\"@id\":\"https:\\\/\\\/www.novotek.com\\\/at\\\/software-connect\\\/\",\"url\":\"https:\\\/\\\/www.novotek.com\\\/at\\\/software-connect\\\/\",\"name\":\"Software - Connect - Novotek Austria\",\"isPartOf\":{\"@id\":\"https:\\\/\\\/www.novotek.com\\\/at\\\/#website\"},\"primaryImageOfPage\":{\"@id\":\"https:\\\/\\\/www.novotek.com\\\/at\\\/software-connect\\\/#primaryimage\"},\"image\":{\"@id\":\"https:\\\/\\\/www.novotek.com\\\/at\\\/software-connect\\\/#primaryimage\"},\"thumbnailUrl\":\"https:\\\/\\\/www.novotek.com\\\/at\\\/wp-content\\\/uploads\\\/sites\\\/13\\\/Kepware_KEPServerEX_grafik.png\",\"datePublished\":\"2025-01-28T08:39:39+00:00\",\"dateModified\":\"2025-09-10T06:36:24+00:00\",\"description\":\"Bringen Sie Ihre Konnektivit\u00e4t mit unserer Software auf das n\u00e4chste Level. Entdecken Sie Kepware KEPServerEX und den OPC-Router.\",\"breadcrumb\":{\"@id\":\"https:\\\/\\\/www.novotek.com\\\/at\\\/software-connect\\\/#breadcrumb\"},\"inLanguage\":\"de-CH\",\"potentialAction\":[{\"@type\":\"ReadAction\",\"target\":[\"https:\\\/\\\/www.novotek.com\\\/at\\\/software-connect\\\/\"]}]},{\"@type\":\"ImageObject\",\"inLanguage\":\"de-CH\",\"@id\":\"https:\\\/\\\/www.novotek.com\\\/at\\\/software-connect\\\/#primaryimage\",\"url\":\"https:\\\/\\\/www.novotek.com\\\/at\\\/wp-content\\\/uploads\\\/sites\\\/13\\\/Kepware_KEPServerEX_grafik.png.webp\",\"contentUrl\":\"https:\\\/\\\/www.novotek.com\\\/at\\\/wp-content\\\/uploads\\\/sites\\\/13\\\/Kepware_KEPServerEX_grafik.png.webp\",\"width\":800,\"height\":788,\"caption\":\"\u00dcbersicht KEPServerEX\"},{\"@type\":\"BreadcrumbList\",\"@id\":\"https:\\\/\\\/www.novotek.com\\\/at\\\/software-connect\\\/#breadcrumb\",\"itemListElement\":[{\"@type\":\"ListItem\",\"position\":1,\"name\":\"Home\",\"item\":\"https:\\\/\\\/www.novotek.com\\\/at\\\/\"},{\"@type\":\"ListItem\",\"position\":2,\"name\":\"Software &#8211; Connect\"}]},{\"@type\":\"WebSite\",\"@id\":\"https:\\\/\\\/www.novotek.com\\\/at\\\/#website\",\"url\":\"https:\\\/\\\/www.novotek.com\\\/at\\\/\",\"name\":\"Novotek Switzerland\",\"description\":\"Connect - Digitalize - Optimize\",\"potentialAction\":[{\"@type\":\"SearchAction\",\"target\":{\"@type\":\"EntryPoint\",\"urlTemplate\":\"https:\\\/\\\/www.novotek.com\\\/at\\\/?s={search_term_string}\"},\"query-input\":{\"@type\":\"PropertyValueSpecification\",\"valueRequired\":true,\"valueName\":\"search_term_string\"}}],\"inLanguage\":\"de-CH\"}]}<\/script>\n<!-- \/ Yoast SEO plugin. -->","yoast_head_json":{"title":"Software - Connect - Novotek Austria","description":"Bringen Sie Ihre Konnektivit\u00e4t mit unserer Software auf das n\u00e4chste Level. Entdecken Sie Kepware KEPServerEX und den OPC-Router.","robots":{"index":"index","follow":"follow","max-snippet":"max-snippet:-1","max-image-preview":"max-image-preview:large","max-video-preview":"max-video-preview:-1"},"canonical":"https:\/\/www.novotek.com\/at\/software-connect\/","og_locale":"de_DE","og_type":"article","og_title":"Software - Connect - Novotek Austria","og_description":"Bringen Sie Ihre Konnektivit\u00e4t mit unserer Software auf das n\u00e4chste Level. Entdecken Sie Kepware KEPServerEX und den OPC-Router.","og_url":"https:\/\/www.novotek.com\/at\/software-connect\/","og_site_name":"Novotek Austria","article_modified_time":"2025-09-10T06:36:24+00:00","og_image":[{"url":"https:\/\/www.novotek.com\/at\/wp-content\/uploads\/sites\/13\/Kepware_KEPServerEX_grafik.png","type":"","width":"","height":""}],"twitter_card":"summary_large_image","twitter_misc":{"Gesch\u00e4tzte Lesezeit":"2\u00a0Minuten"},"schema":{"@context":"https:\/\/schema.org","@graph":[{"@type":"WebPage","@id":"https:\/\/www.novotek.com\/at\/software-connect\/","url":"https:\/\/www.novotek.com\/at\/software-connect\/","name":"Software - Connect - Novotek Austria","isPartOf":{"@id":"https:\/\/www.novotek.com\/at\/#website"},"primaryImageOfPage":{"@id":"https:\/\/www.novotek.com\/at\/software-connect\/#primaryimage"},"image":{"@id":"https:\/\/www.novotek.com\/at\/software-connect\/#primaryimage"},"thumbnailUrl":"https:\/\/www.novotek.com\/at\/wp-content\/uploads\/sites\/13\/Kepware_KEPServerEX_grafik.png","datePublished":"2025-01-28T08:39:39+00:00","dateModified":"2025-09-10T06:36:24+00:00","description":"Bringen Sie Ihre Konnektivit\u00e4t mit unserer Software auf das n\u00e4chste Level. Entdecken Sie Kepware KEPServerEX und den OPC-Router.","breadcrumb":{"@id":"https:\/\/www.novotek.com\/at\/software-connect\/#breadcrumb"},"inLanguage":"de-CH","potentialAction":[{"@type":"ReadAction","target":["https:\/\/www.novotek.com\/at\/software-connect\/"]}]},{"@type":"ImageObject","inLanguage":"de-CH","@id":"https:\/\/www.novotek.com\/at\/software-connect\/#primaryimage","url":"https:\/\/www.novotek.com\/at\/wp-content\/uploads\/sites\/13\/Kepware_KEPServerEX_grafik.png.webp","contentUrl":"https:\/\/www.novotek.com\/at\/wp-content\/uploads\/sites\/13\/Kepware_KEPServerEX_grafik.png.webp","width":800,"height":788,"caption":"\u00dcbersicht KEPServerEX"},{"@type":"BreadcrumbList","@id":"https:\/\/www.novotek.com\/at\/software-connect\/#breadcrumb","itemListElement":[{"@type":"ListItem","position":1,"name":"Home","item":"https:\/\/www.novotek.com\/at\/"},{"@type":"ListItem","position":2,"name":"Software &#8211; Connect"}]},{"@type":"WebSite","@id":"https:\/\/www.novotek.com\/at\/#website","url":"https:\/\/www.novotek.com\/at\/","name":"Novotek Switzerland","description":"Connect - Digitalize - Optimize","potentialAction":[{"@type":"SearchAction","target":{"@type":"EntryPoint","urlTemplate":"https:\/\/www.novotek.com\/at\/?s={search_term_string}"},"query-input":{"@type":"PropertyValueSpecification","valueRequired":true,"valueName":"search_term_string"}}],"inLanguage":"de-CH"}]}},"_links":{"self":[{"href":"https:\/\/www.novotek.com\/at\/wp-json\/wp\/v2\/pages\/23177","targetHints":{"allow":["GET"]}}],"collection":[{"href":"https:\/\/www.novotek.com\/at\/wp-json\/wp\/v2\/pages"}],"about":[{"href":"https:\/\/www.novotek.com\/at\/wp-json\/wp\/v2\/types\/page"}],"author":[{"embeddable":true,"href":"https:\/\/www.novotek.com\/at\/wp-json\/wp\/v2\/users\/45"}],"replies":[{"embeddable":true,"href":"https:\/\/www.novotek.com\/at\/wp-json\/wp\/v2\/comments?post=23177"}],"version-history":[{"count":15,"href":"https:\/\/www.novotek.com\/at\/wp-json\/wp\/v2\/pages\/23177\/revisions"}],"predecessor-version":[{"id":25903,"href":"https:\/\/www.novotek.com\/at\/wp-json\/wp\/v2\/pages\/23177\/revisions\/25903"}],"wp:attachment":[{"href":"https:\/\/www.novotek.com\/at\/wp-json\/wp\/v2\/media?parent=23177"}],"curies":[{"name":"wp","href":"https:\/\/api.w.org\/{rel}","templated":true}]}}