{"id":23283,"date":"2025-01-30T10:46:54","date_gmt":"2025-01-30T10:46:54","guid":{"rendered":"https:\/\/www.novotek.com\/at\/?page_id=23283"},"modified":"2025-04-02T12:29:08","modified_gmt":"2025-04-02T12:29:08","slug":"industrial-i-o","status":"publish","type":"page","link":"https:\/\/www.novotek.com\/at\/industrial-i-o\/","title":{"rendered":"Industrial I\/O"},"content":{"rendered":"  <div class=\"hero\">\n    <div class=\"carousel hero-slider small\" data-flickity data-flickity-options='{\"prevNextButtons\": false}'>\n              <div class=\"carousel-cell\">\n          <div class=\"container\">\n            <div class=\"hero-content\">\n                              <h2>Industrial I\/O<\/h2>\n<p>Rechenleistung unter schweren Bedienungen.<\/p>\n              \n                          <\/div>\n          <\/div>\n\n          <img decoding=\"async\" width=\"1024\" height=\"427\" src=\"https:\/\/www.novotek.com\/at\/wp-content\/uploads\/sites\/13\/2021\/Novotek_UK\/Solutions_and_Products\/Industrial_PC\/PC_duotone_1920x800-1024x427.jpg.webp\" class=\"hero-bg\" alt=\"Hero Img\" fetchpriority=\"high\" srcset=\"https:\/\/www.novotek.com\/at\/wp-content\/uploads\/sites\/13\/2021\/Novotek_UK\/Solutions_and_Products\/Industrial_PC\/PC_duotone_1920x800-1024x427.jpg.webp 1024w, https:\/\/www.novotek.com\/at\/wp-content\/uploads\/sites\/13\/2021\/Novotek_UK\/Solutions_and_Products\/Industrial_PC\/PC_duotone_1920x800-300x125.jpg.webp 300w, https:\/\/www.novotek.com\/at\/wp-content\/uploads\/sites\/13\/2021\/Novotek_UK\/Solutions_and_Products\/Industrial_PC\/PC_duotone_1920x800-768x320.jpg.webp 768w, https:\/\/www.novotek.com\/at\/wp-content\/uploads\/sites\/13\/2021\/Novotek_UK\/Solutions_and_Products\/Industrial_PC\/PC_duotone_1920x800-1536x640.jpg.webp 1536w, https:\/\/www.novotek.com\/at\/wp-content\/uploads\/sites\/13\/2021\/Novotek_UK\/Solutions_and_Products\/Industrial_PC\/PC_duotone_1920x800.jpg.webp 1920w\" sizes=\"(max-width: 1024px) 100vw, 1024px\" \/>                  <\/div>\n          <\/div>\n\n      <\/div>\n\n   \n\n\n<div class=\"container-md spacer  \">\n<div style=\"height:20px\" aria-hidden=\"true\" class=\"wp-block-spacer\"><\/div>\n<\/div>\n\n<div class=\"container-md group  alignwide\">\n<div class=\"wp-block-group alignwide\"><div class=\"wp-block-group__inner-container is-layout-constrained wp-block-group-is-layout-constrained\"><div class=\"container-md paragraph  \">\n<p>Emersons industrielle I\/O (Input\/Output) bietet eine flexible und zuverl\u00e4ssige L\u00f6sung f\u00fcr herausragende Konnektivit\u00e4t und unterbrechungsfreie Verf\u00fcgbarkeit.<\/p>\n<\/div>\n\n<div class=\"container-md spacer  \">\n<div style=\"height:50px\" aria-hidden=\"true\" class=\"wp-block-spacer\"><\/div>\n<\/div>\n\n<div class=\"container-md heading  \">\n<h2 class=\"wp-block-heading\">Verbinden Sie Ihre Maschinen mit KPIs.<\/h2>\n<\/div>\n\n<div class=\"container-md paragraph  \">\n<p>Die industriellen I\/O-Systeme von Emerson sind darauf ausgelegt, Menschen, Maschinen und Daten kontinuierlich \u00fcber industrielles Ethernet zu vernetzen. Prozessoperatoren erhalten mit industrieller I\/O nahtlose Einblicke, indem Daten \u00fcber PROFINET bereitgestellt und gezielt eingegriffen wird. Falls eine Anpassung der erforderlich ist, kann diese problemlos vorgenommen werden \u2013 eine flexible und zuverl\u00e4ssige L\u00f6sung.<\/p>\n<\/div>\n\n<div class=\"container-md paragraph  \">\n<p>Dank der kontinuierlichen Daten\u00fcberwachung und Ferndiagnose k\u00f6nnen Prozessoperatoren schnell reagieren. Dies sichert wertvolle Produktionszeit und hilft Ihnen, Kosten zu sparen.<\/p>\n<\/div><\/div>\n<\/div><\/div>\n\n<div class=\"container-md spacer  \">\n<div style=\"height:100px\" aria-hidden=\"true\" class=\"wp-block-spacer\"><\/div>\n<\/div>\n\n<div class=\"container-md columns  alignwide\">\n<div class=\"wp-block-columns alignwide is-layout-flex wp-container-core-columns-is-layout-9d6595d7 wp-block-columns-is-layout-flex\"><div class=\"container-md column  \">\n<div class=\"wp-block-column is-layout-flow wp-block-column-is-layout-flow\"><div class=\"container-md image  \">\n<figure class=\"wp-block-image size-full\"><img loading=\"lazy\" decoding=\"async\" width=\"720\" height=\"650\" src=\"https:\/\/www.novotek.com\/at\/wp-content\/uploads\/sites\/13\/RSTi-EP.png\" alt=\"\" class=\"wp-image-23287\" srcset=\"https:\/\/www.novotek.com\/at\/wp-content\/uploads\/sites\/13\/RSTi-EP.png 720w, https:\/\/www.novotek.com\/at\/wp-content\/uploads\/sites\/13\/RSTi-EP-300x271.png 300w, https:\/\/www.novotek.com\/at\/wp-content\/uploads\/sites\/13\/RSTi-EP-86x78.png 86w, https:\/\/www.novotek.com\/at\/wp-content\/uploads\/sites\/13\/RSTi-EP-306x276.png 306w, https:\/\/www.novotek.com\/at\/wp-content\/uploads\/sites\/13\/RSTi-EP-636x574.png 636w\" sizes=\"auto, (max-width: 720px) 100vw, 720px\" \/><\/figure>\n<\/div><\/div>\n<\/div>\n\n<div class=\"container-md column  \">\n<div class=\"wp-block-column is-layout-flow wp-block-column-is-layout-flow\"><div class=\"container-md heading  \">\n<h2 class=\"wp-block-heading\">RSTi-EP E\/A<\/h2>\n<\/div>\n\n<div class=\"container-md paragraph  \">\n<p>Die RSTi-EP von Emerson ist eine netzwerkunabh\u00e4ngige, modulare, flexible und vor allem sehr kompakte E\/A-L\u00f6sung. Sie bietet industrief\u00fchrende Konnektivit\u00e4t und Einsatzf\u00e4higkeit in Kombination mit hoher Perfomance &#8211; bei minimalem Platzbedarf.<\/p>\n<\/div>\n\n<div class=\"container-md spacer  \">\n<div style=\"height:25px\" aria-hidden=\"true\" class=\"wp-block-spacer\"><\/div>\n<\/div>\n\n<div class=\"container-md buttons  \">\n<div class=\"wp-block-buttons is-layout-flex wp-block-buttons-is-layout-flex\"><div class=\"container-md button  \">\n<div class=\"wp-block-button\"><a class=\"wp-block-button__link has-background wp-element-button\" href=\"https:\/\/www.emerson.com\/catalog\/SearchDisplay?storeId=20151&amp;catalogId=20051&amp;langId=-1&amp;searchTerm=RSTI-EP&amp;cmBusinessSegmentId=98390&amp;wcsBusinessSegmentId=null&amp;cmFacetId=&amp;cmTabSelected=1&amp;fetchFacets=true#facet:&amp;facetLimit:&amp;productBeginIndex:0&amp;orderBy:&amp;pageView:grid&amp;minPrice:&amp;maxPrice:&amp;pageSize:&amp;\" style=\"background-color:#e70029\" target=\"_blank\" rel=\"noreferrer noopener\">RSTi-EP (Emerson)<\/a><\/div>\n<\/div><\/div>\n<\/div><\/div>\n<\/div><\/div>\n<\/div>\n\n<div class=\"container-md spacer  \">\n<div style=\"height:100px\" aria-hidden=\"true\" class=\"wp-block-spacer\"><\/div>\n<\/div>\n\n<div class=\"container-md columns  alignwide\">\n<div class=\"wp-block-columns alignwide is-layout-flex wp-container-core-columns-is-layout-9d6595d7 wp-block-columns-is-layout-flex\"><div class=\"container-md column  \">\n<div class=\"wp-block-column is-layout-flow wp-block-column-is-layout-flow\"><div class=\"container-md heading  \">\n<h2 class=\"wp-block-heading\">PACSystems RSTi-OM<\/h2>\n<\/div>\n\n<div class=\"container-md paragraph  \">\n<p>Edge-Konnektivit\u00e4t und eine benutzerfreundliche Konfiguration machen die RSTi-OM I\/O zur idealen L\u00f6sung f\u00fcr die Kommunikation mit intelligenter Sensorik, die in Ihren Maschinen und Anlagen verbaut ist.<\/p>\n<\/div>\n\n<div class=\"container-md spacer  \">\n<div style=\"height:25px\" aria-hidden=\"true\" class=\"wp-block-spacer\"><\/div>\n<\/div>\n\n<div class=\"container-md buttons  \">\n<div class=\"wp-block-buttons is-layout-flex wp-block-buttons-is-layout-flex\"><div class=\"container-md button  \">\n<div class=\"wp-block-button\"><a class=\"wp-block-button__link has-background wp-element-button\" href=\"https:\/\/www.emerson.com\/de-at\/catalog\/emerson-omiolm001-de-de\" style=\"background-color:#e70029\" target=\"_blank\" rel=\"noreferrer noopener\">RSTi-OM (Emerson)<\/a><\/div>\n<\/div><\/div>\n<\/div><\/div>\n<\/div>\n\n<div class=\"container-md column  \">\n<div class=\"wp-block-column is-layout-flow wp-block-column-is-layout-flow\"><div class=\"container-md image  \">\n<figure class=\"wp-block-image size-full\"><img loading=\"lazy\" decoding=\"async\" width=\"555\" height=\"555\" src=\"https:\/\/www.novotek.com\/at\/wp-content\/uploads\/sites\/13\/RSTi-OM.png\" alt=\"\" class=\"wp-image-23289\" srcset=\"https:\/\/www.novotek.com\/at\/wp-content\/uploads\/sites\/13\/RSTi-OM.png 555w, https:\/\/www.novotek.com\/at\/wp-content\/uploads\/sites\/13\/RSTi-OM-300x300.png 300w, https:\/\/www.novotek.com\/at\/wp-content\/uploads\/sites\/13\/RSTi-OM-150x150.png 150w, https:\/\/www.novotek.com\/at\/wp-content\/uploads\/sites\/13\/RSTi-OM-86x86.png 86w, https:\/\/www.novotek.com\/at\/wp-content\/uploads\/sites\/13\/RSTi-OM-306x306.png 306w, https:\/\/www.novotek.com\/at\/wp-content\/uploads\/sites\/13\/RSTi-OM-400x400.png 400w\" sizes=\"auto, (max-width: 555px) 100vw, 555px\" \/><\/figure>\n<\/div><\/div>\n<\/div><\/div>\n<\/div>\n\n<div class=\"container-md spacer  \">\n<div style=\"height:100px\" aria-hidden=\"true\" class=\"wp-block-spacer\"><\/div>\n<\/div>\n\n<div class=\"container-md columns  alignwide\">\n<div class=\"wp-block-columns alignwide is-layout-flex wp-container-core-columns-is-layout-9d6595d7 wp-block-columns-is-layout-flex\"><div class=\"container-md column  \">\n<div class=\"wp-block-column is-layout-flow wp-block-column-is-layout-flow\"><div class=\"container-md image  \">\n<figure class=\"wp-block-image size-full\"><img loading=\"lazy\" decoding=\"async\" width=\"640\" height=\"522\" src=\"https:\/\/www.novotek.com\/at\/wp-content\/uploads\/sites\/13\/versamax-ip.jpg\" alt=\"\" class=\"wp-image-23291\" srcset=\"https:\/\/www.novotek.com\/at\/wp-content\/uploads\/sites\/13\/versamax-ip.jpg 640w, https:\/\/www.novotek.com\/at\/wp-content\/uploads\/sites\/13\/versamax-ip-300x245.jpg 300w, https:\/\/www.novotek.com\/at\/wp-content\/uploads\/sites\/13\/versamax-ip-86x70.jpg 86w, https:\/\/www.novotek.com\/at\/wp-content\/uploads\/sites\/13\/versamax-ip-306x250.jpg 306w, https:\/\/www.novotek.com\/at\/wp-content\/uploads\/sites\/13\/versamax-ip-636x519.jpg 636w\" sizes=\"auto, (max-width: 640px) 100vw, 640px\" \/><\/figure>\n<\/div><\/div>\n<\/div>\n\n<div class=\"container-md column  \">\n<div class=\"wp-block-column is-layout-flow wp-block-column-is-layout-flow\"><div class=\"container-md heading  \">\n<h2 class=\"wp-block-heading\">VersaMax IP<\/h2>\n<\/div>\n\n<div class=\"container-md paragraph  \">\n<p>Das VersaMax IP wurde entwickelt, um die Robustheit und Zuverl\u00e4ssigkeit eines Standard E\/A-Systems zu bieten, dar\u00fcber hinaus jedoch direkt in rauesten Umgebungen montiert werden kann.<\/p>\n<\/div>\n\n<div class=\"container-md spacer  \">\n<div style=\"height:25px\" aria-hidden=\"true\" class=\"wp-block-spacer\"><\/div>\n<\/div>\n\n<div class=\"container-md buttons  \">\n<div class=\"wp-block-buttons is-layout-flex wp-block-buttons-is-layout-flex\"><div class=\"container-md button  \">\n<div class=\"wp-block-button\"><a class=\"wp-block-button__link has-background wp-element-button\" href=\"https:\/\/www.emerson.com\/de-at\/catalog\/emerson-ic677pbi001-de-at\" style=\"background-color:#e70029\" target=\"_blank\" rel=\"noreferrer noopener\">VersaMax IP (Emerson)<\/a><\/div>\n<\/div><\/div>\n<\/div><\/div>\n<\/div><\/div>\n<\/div>\n\n<div class=\"container-md spacer  \">\n<div style=\"height:100px\" aria-hidden=\"true\" class=\"wp-block-spacer\"><\/div>\n<\/div>\n\n<div class=\"container-md spacer  \">\n<div style=\"height:100px\" aria-hidden=\"true\" class=\"wp-block-spacer\"><\/div>\n<\/div>","protected":false},"excerpt":{"rendered":"<p>Emersons industrielle I\/O (Input\/Output) bietet eine flexible und zuverl\u00e4ssige L\u00f6sung f\u00fcr herausragende Konnektivit\u00e4t und unterbrechungsfreie Verf\u00fcgbarkeit. Verbinden Sie Ihre Maschinen mit KPIs. Die industriellen I\/O-Systeme von Emerson sind darauf ausgelegt, Menschen, Maschinen und Daten kontinuierlich \u00fcber industrielles Ethernet zu vernetzen. Prozessoperatoren erhalten mit industrieller I\/O nahtlose Einblicke, indem Daten \u00fcber PROFINET bereitgestellt und gezielt eingegriffen [&hellip;]<\/p>\n","protected":false},"author":45,"featured_media":0,"parent":0,"menu_order":1,"comment_status":"closed","ping_status":"closed","template":"","meta":{"_acf_changed":false,"_relevanssi_hide_post":"","_relevanssi_pin_for_all":"","_relevanssi_pin_keywords":"","_relevanssi_unpin_keywords":"","_relevanssi_related_keywords":"","_relevanssi_related_include_ids":"","_relevanssi_related_exclude_ids":"","_relevanssi_related_no_append":"","_relevanssi_related_not_related":"","_relevanssi_related_posts":"6182,3220,6214,3195,3200,6233","_relevanssi_noindex_reason":"","footnotes":""},"class_list":["post-23283","page","type-page","status-publish","hentry"],"acf":[],"yoast_head":"<!-- This site is optimized with the Yoast SEO plugin v27.4 - https:\/\/yoast.com\/product\/yoast-seo-wordpress\/ -->\n<title>Industrial I\/O - Novotek Austria<\/title>\n<meta name=\"description\" content=\"Emersons industrial I\/Os bieten eine flexible und zuverl\u00e4ssige L\u00f6sung f\u00fcr herausragende Konnektivit\u00e4t und unterbrechungsfreie Verf\u00fcgbarkeit.\" \/>\n<meta name=\"robots\" content=\"index, follow, max-snippet:-1, max-image-preview:large, max-video-preview:-1\" \/>\n<link rel=\"canonical\" href=\"https:\/\/www.novotek.com\/at\/industrial-i-o\/\" \/>\n<meta property=\"og:locale\" content=\"de_DE\" \/>\n<meta property=\"og:type\" content=\"article\" \/>\n<meta property=\"og:title\" content=\"Industrial I\/O - Novotek Austria\" \/>\n<meta property=\"og:description\" content=\"Emersons industrial I\/Os bieten eine flexible und zuverl\u00e4ssige L\u00f6sung f\u00fcr herausragende Konnektivit\u00e4t und unterbrechungsfreie Verf\u00fcgbarkeit.\" \/>\n<meta property=\"og:url\" content=\"https:\/\/www.novotek.com\/at\/industrial-i-o\/\" \/>\n<meta property=\"og:site_name\" content=\"Novotek Austria\" \/>\n<meta property=\"article:modified_time\" content=\"2025-04-02T12:29:08+00:00\" \/>\n<meta property=\"og:image\" content=\"https:\/\/www.novotek.com\/at\/wp-content\/uploads\/sites\/13\/RSTi-EP.png\" \/>\n<meta name=\"twitter:card\" content=\"summary_large_image\" \/>\n<meta name=\"twitter:label1\" content=\"Gesch\u00e4tzte Lesezeit\" \/>\n\t<meta name=\"twitter:data1\" content=\"2\u00a0Minuten\" \/>\n<script type=\"application\/ld+json\" class=\"yoast-schema-graph\">{\"@context\":\"https:\\\/\\\/schema.org\",\"@graph\":[{\"@type\":\"WebPage\",\"@id\":\"https:\\\/\\\/www.novotek.com\\\/at\\\/industrial-i-o\\\/\",\"url\":\"https:\\\/\\\/www.novotek.com\\\/at\\\/industrial-i-o\\\/\",\"name\":\"Industrial I\\\/O - Novotek Austria\",\"isPartOf\":{\"@id\":\"https:\\\/\\\/www.novotek.com\\\/at\\\/#website\"},\"primaryImageOfPage\":{\"@id\":\"https:\\\/\\\/www.novotek.com\\\/at\\\/industrial-i-o\\\/#primaryimage\"},\"image\":{\"@id\":\"https:\\\/\\\/www.novotek.com\\\/at\\\/industrial-i-o\\\/#primaryimage\"},\"thumbnailUrl\":\"https:\\\/\\\/www.novotek.com\\\/at\\\/wp-content\\\/uploads\\\/sites\\\/13\\\/RSTi-EP.png\",\"datePublished\":\"2025-01-30T10:46:54+00:00\",\"dateModified\":\"2025-04-02T12:29:08+00:00\",\"description\":\"Emersons industrial I\\\/Os bieten eine flexible und zuverl\u00e4ssige L\u00f6sung f\u00fcr herausragende Konnektivit\u00e4t und unterbrechungsfreie Verf\u00fcgbarkeit.\",\"breadcrumb\":{\"@id\":\"https:\\\/\\\/www.novotek.com\\\/at\\\/industrial-i-o\\\/#breadcrumb\"},\"inLanguage\":\"de-CH\",\"potentialAction\":[{\"@type\":\"ReadAction\",\"target\":[\"https:\\\/\\\/www.novotek.com\\\/at\\\/industrial-i-o\\\/\"]}]},{\"@type\":\"ImageObject\",\"inLanguage\":\"de-CH\",\"@id\":\"https:\\\/\\\/www.novotek.com\\\/at\\\/industrial-i-o\\\/#primaryimage\",\"url\":\"https:\\\/\\\/www.novotek.com\\\/at\\\/wp-content\\\/uploads\\\/sites\\\/13\\\/RSTi-EP.png.webp\",\"contentUrl\":\"https:\\\/\\\/www.novotek.com\\\/at\\\/wp-content\\\/uploads\\\/sites\\\/13\\\/RSTi-EP.png.webp\",\"width\":720,\"height\":650},{\"@type\":\"BreadcrumbList\",\"@id\":\"https:\\\/\\\/www.novotek.com\\\/at\\\/industrial-i-o\\\/#breadcrumb\",\"itemListElement\":[{\"@type\":\"ListItem\",\"position\":1,\"name\":\"Home\",\"item\":\"https:\\\/\\\/www.novotek.com\\\/at\\\/\"},{\"@type\":\"ListItem\",\"position\":2,\"name\":\"Industrial I\\\/O\"}]},{\"@type\":\"WebSite\",\"@id\":\"https:\\\/\\\/www.novotek.com\\\/at\\\/#website\",\"url\":\"https:\\\/\\\/www.novotek.com\\\/at\\\/\",\"name\":\"Novotek Switzerland\",\"description\":\"Connect - Digitalize - Optimize\",\"potentialAction\":[{\"@type\":\"SearchAction\",\"target\":{\"@type\":\"EntryPoint\",\"urlTemplate\":\"https:\\\/\\\/www.novotek.com\\\/at\\\/?s={search_term_string}\"},\"query-input\":{\"@type\":\"PropertyValueSpecification\",\"valueRequired\":true,\"valueName\":\"search_term_string\"}}],\"inLanguage\":\"de-CH\"}]}<\/script>\n<!-- \/ Yoast SEO plugin. -->","yoast_head_json":{"title":"Industrial I\/O - Novotek Austria","description":"Emersons industrial I\/Os bieten eine flexible und zuverl\u00e4ssige L\u00f6sung f\u00fcr herausragende Konnektivit\u00e4t und unterbrechungsfreie Verf\u00fcgbarkeit.","robots":{"index":"index","follow":"follow","max-snippet":"max-snippet:-1","max-image-preview":"max-image-preview:large","max-video-preview":"max-video-preview:-1"},"canonical":"https:\/\/www.novotek.com\/at\/industrial-i-o\/","og_locale":"de_DE","og_type":"article","og_title":"Industrial I\/O - Novotek Austria","og_description":"Emersons industrial I\/Os bieten eine flexible und zuverl\u00e4ssige L\u00f6sung f\u00fcr herausragende Konnektivit\u00e4t und unterbrechungsfreie Verf\u00fcgbarkeit.","og_url":"https:\/\/www.novotek.com\/at\/industrial-i-o\/","og_site_name":"Novotek Austria","article_modified_time":"2025-04-02T12:29:08+00:00","og_image":[{"url":"https:\/\/www.novotek.com\/at\/wp-content\/uploads\/sites\/13\/RSTi-EP.png","type":"","width":"","height":""}],"twitter_card":"summary_large_image","twitter_misc":{"Gesch\u00e4tzte Lesezeit":"2\u00a0Minuten"},"schema":{"@context":"https:\/\/schema.org","@graph":[{"@type":"WebPage","@id":"https:\/\/www.novotek.com\/at\/industrial-i-o\/","url":"https:\/\/www.novotek.com\/at\/industrial-i-o\/","name":"Industrial I\/O - Novotek Austria","isPartOf":{"@id":"https:\/\/www.novotek.com\/at\/#website"},"primaryImageOfPage":{"@id":"https:\/\/www.novotek.com\/at\/industrial-i-o\/#primaryimage"},"image":{"@id":"https:\/\/www.novotek.com\/at\/industrial-i-o\/#primaryimage"},"thumbnailUrl":"https:\/\/www.novotek.com\/at\/wp-content\/uploads\/sites\/13\/RSTi-EP.png","datePublished":"2025-01-30T10:46:54+00:00","dateModified":"2025-04-02T12:29:08+00:00","description":"Emersons industrial I\/Os bieten eine flexible und zuverl\u00e4ssige L\u00f6sung f\u00fcr herausragende Konnektivit\u00e4t und unterbrechungsfreie Verf\u00fcgbarkeit.","breadcrumb":{"@id":"https:\/\/www.novotek.com\/at\/industrial-i-o\/#breadcrumb"},"inLanguage":"de-CH","potentialAction":[{"@type":"ReadAction","target":["https:\/\/www.novotek.com\/at\/industrial-i-o\/"]}]},{"@type":"ImageObject","inLanguage":"de-CH","@id":"https:\/\/www.novotek.com\/at\/industrial-i-o\/#primaryimage","url":"https:\/\/www.novotek.com\/at\/wp-content\/uploads\/sites\/13\/RSTi-EP.png.webp","contentUrl":"https:\/\/www.novotek.com\/at\/wp-content\/uploads\/sites\/13\/RSTi-EP.png.webp","width":720,"height":650},{"@type":"BreadcrumbList","@id":"https:\/\/www.novotek.com\/at\/industrial-i-o\/#breadcrumb","itemListElement":[{"@type":"ListItem","position":1,"name":"Home","item":"https:\/\/www.novotek.com\/at\/"},{"@type":"ListItem","position":2,"name":"Industrial I\/O"}]},{"@type":"WebSite","@id":"https:\/\/www.novotek.com\/at\/#website","url":"https:\/\/www.novotek.com\/at\/","name":"Novotek Switzerland","description":"Connect - Digitalize - Optimize","potentialAction":[{"@type":"SearchAction","target":{"@type":"EntryPoint","urlTemplate":"https:\/\/www.novotek.com\/at\/?s={search_term_string}"},"query-input":{"@type":"PropertyValueSpecification","valueRequired":true,"valueName":"search_term_string"}}],"inLanguage":"de-CH"}]}},"_links":{"self":[{"href":"https:\/\/www.novotek.com\/at\/wp-json\/wp\/v2\/pages\/23283","targetHints":{"allow":["GET"]}}],"collection":[{"href":"https:\/\/www.novotek.com\/at\/wp-json\/wp\/v2\/pages"}],"about":[{"href":"https:\/\/www.novotek.com\/at\/wp-json\/wp\/v2\/types\/page"}],"author":[{"embeddable":true,"href":"https:\/\/www.novotek.com\/at\/wp-json\/wp\/v2\/users\/45"}],"replies":[{"embeddable":true,"href":"https:\/\/www.novotek.com\/at\/wp-json\/wp\/v2\/comments?post=23283"}],"version-history":[{"count":9,"href":"https:\/\/www.novotek.com\/at\/wp-json\/wp\/v2\/pages\/23283\/revisions"}],"predecessor-version":[{"id":24729,"href":"https:\/\/www.novotek.com\/at\/wp-json\/wp\/v2\/pages\/23283\/revisions\/24729"}],"wp:attachment":[{"href":"https:\/\/www.novotek.com\/at\/wp-json\/wp\/v2\/media?parent=23283"}],"curies":[{"name":"wp","href":"https:\/\/api.w.org\/{rel}","templated":true}]}}