{"id":23305,"date":"2025-01-30T11:53:30","date_gmt":"2025-01-30T11:53:30","guid":{"rendered":"https:\/\/www.novotek.com\/at\/?page_id=23305"},"modified":"2025-04-02T12:30:15","modified_gmt":"2025-04-02T12:30:15","slug":"sps-systeme","status":"publish","type":"page","link":"https:\/\/www.novotek.com\/at\/sps-systeme\/","title":{"rendered":"SPS-Systeme"},"content":{"rendered":"  <div class=\"hero\">\n    <div class=\"carousel hero-slider small\" data-flickity data-flickity-options='{\"prevNextButtons\": false}'>\n              <div class=\"carousel-cell\">\n          <div class=\"container\">\n            <div class=\"hero-content\">\n                              <h2>SPS-Systeme<\/h2>\n<p>SPS ist nicht gleich SPS.<\/p>\n              \n                          <\/div>\n          <\/div>\n\n          <img decoding=\"async\" width=\"1024\" height=\"427\" src=\"https:\/\/www.novotek.com\/at\/wp-content\/uploads\/sites\/13\/2021\/Novotek_UK\/Solutions_and_Products\/Industrial_PC\/PC_duotone_1920x800-1024x427.jpg.webp\" class=\"hero-bg\" alt=\"Hero Img\" fetchpriority=\"high\" srcset=\"https:\/\/www.novotek.com\/at\/wp-content\/uploads\/sites\/13\/2021\/Novotek_UK\/Solutions_and_Products\/Industrial_PC\/PC_duotone_1920x800-1024x427.jpg.webp 1024w, https:\/\/www.novotek.com\/at\/wp-content\/uploads\/sites\/13\/2021\/Novotek_UK\/Solutions_and_Products\/Industrial_PC\/PC_duotone_1920x800-300x125.jpg.webp 300w, https:\/\/www.novotek.com\/at\/wp-content\/uploads\/sites\/13\/2021\/Novotek_UK\/Solutions_and_Products\/Industrial_PC\/PC_duotone_1920x800-768x320.jpg.webp 768w, https:\/\/www.novotek.com\/at\/wp-content\/uploads\/sites\/13\/2021\/Novotek_UK\/Solutions_and_Products\/Industrial_PC\/PC_duotone_1920x800-1536x640.jpg.webp 1536w, https:\/\/www.novotek.com\/at\/wp-content\/uploads\/sites\/13\/2021\/Novotek_UK\/Solutions_and_Products\/Industrial_PC\/PC_duotone_1920x800.jpg.webp 1920w\" sizes=\"(max-width: 1024px) 100vw, 1024px\" \/>                  <\/div>\n          <\/div>\n\n      <\/div>\n\n   \n\n\n<div class=\"container-md spacer  \">\n<div style=\"height:20px\" aria-hidden=\"true\" class=\"wp-block-spacer\"><\/div>\n<\/div>\n\n<div class=\"container-md group  alignwide\">\n<div class=\"wp-block-group alignwide\"><div class=\"wp-block-group__inner-container is-layout-constrained wp-block-group-is-layout-constrained\"><div class=\"container-md spacer  \">\n<div style=\"height:50px\" aria-hidden=\"true\" class=\"wp-block-spacer\"><\/div>\n<\/div>\n\n<div class=\"container-md paragraph  \">\n<p>Besonders in den letzten Jahren haben sich die Anforderungen stark ge\u00e4ndert \u2013 vor allem in Richtung Digitalisierungsfunktionen, Schnittstellen und Cyber Security. Hier gibt\u2019s einen \u00dcberblick \u00fcber Standalone-, Rack- und Digitalisierungssteuerungen.<\/p>\n<\/div><\/div>\n<\/div><\/div>\n\n<div class=\"container-md spacer  \">\n<div style=\"height:100px\" aria-hidden=\"true\" class=\"wp-block-spacer\"><\/div>\n<\/div>\n\n<div class=\"container-md columns  alignwide\">\n<div class=\"wp-block-columns alignwide is-layout-flex wp-container-core-columns-is-layout-9d6595d7 wp-block-columns-is-layout-flex\"><div class=\"container-md column  \">\n<div class=\"wp-block-column is-layout-flow wp-block-column-is-layout-flow\"><div class=\"container-md image  \">\n<figure class=\"wp-block-image size-full is-resized\"><img loading=\"lazy\" decoding=\"async\" width=\"660\" height=\"758\" src=\"https:\/\/www.novotek.com\/at\/wp-content\/uploads\/sites\/13\/Cpe200.png\" alt=\"\" class=\"wp-image-23309\" style=\"width:362px;height:auto\" srcset=\"https:\/\/www.novotek.com\/at\/wp-content\/uploads\/sites\/13\/Cpe200.png 660w, https:\/\/www.novotek.com\/at\/wp-content\/uploads\/sites\/13\/Cpe200-261x300.png 261w, https:\/\/www.novotek.com\/at\/wp-content\/uploads\/sites\/13\/Cpe200-75x86.png 75w, https:\/\/www.novotek.com\/at\/wp-content\/uploads\/sites\/13\/Cpe200-306x351.png 306w, https:\/\/www.novotek.com\/at\/wp-content\/uploads\/sites\/13\/Cpe200-636x730.png 636w\" sizes=\"auto, (max-width: 660px) 100vw, 660px\" \/><\/figure>\n<\/div><\/div>\n<\/div>\n\n<div class=\"container-md column  \">\n<div class=\"wp-block-column is-layout-flow wp-block-column-is-layout-flow\"><div class=\"container-md heading  \">\n<h2 class=\"wp-block-heading\">RSTi-EP CPE200<\/h2>\n<\/div>\n\n<div class=\"container-md paragraph  \">\n<p>Durch Security-by-Design-Entwicklung, umfangreiche Programmiertools und offene Kommunikationsstandards vereinfacht die RSTi-EP CPE200 die Konnektivit\u00e4t zu traditionellen Sensoren und Aktoren der Feldebene, aber auch zu \u00fcbergeordneten Systemen und Software-Plattformen, bei gleichzeitig reduzierten Kosten, Platzbedarf und Komplexit\u00e4t f\u00fcr OEMs und Endkunden.<\/p>\n<\/div>\n\n<div class=\"container-md spacer  \">\n<div style=\"height:25px\" aria-hidden=\"true\" class=\"wp-block-spacer\"><\/div>\n<\/div>\n\n<div class=\"container-md buttons  \">\n<div class=\"wp-block-buttons is-layout-flex wp-block-buttons-is-layout-flex\"><div class=\"container-md button  \">\n<div class=\"wp-block-button\"><a class=\"wp-block-button__link has-background wp-element-button\" href=\"https:\/\/www.emerson.com\/en-us\/automation\/control-and-safety-systems\/programmable-automation-control-systems\/programmable-automation-controllers\/compact-controllers\" style=\"background-color:#e70029\" target=\"_blank\" rel=\"noreferrer noopener\">RSTi-EP CPE200 (Emerson)<\/a><\/div>\n<\/div><\/div>\n<\/div><\/div>\n<\/div><\/div>\n<\/div>\n\n<div class=\"container-md spacer  \">\n<div style=\"height:100px\" aria-hidden=\"true\" class=\"wp-block-spacer\"><\/div>\n<\/div>\n\n<div class=\"container-md columns  alignwide\">\n<div class=\"wp-block-columns alignwide is-layout-flex wp-container-core-columns-is-layout-9d6595d7 wp-block-columns-is-layout-flex\"><div class=\"container-md column  \">\n<div class=\"wp-block-column is-layout-flow wp-block-column-is-layout-flow\"><div class=\"container-md heading  \">\n<h2 class=\"wp-block-heading\">PACSystems RX3i CPL410<\/h2>\n<\/div>\n\n<div class=\"container-md paragraph  \">\n<p>Edge-Konnektivit\u00e4t und eine benutzerfreundliche Konfiguration machen die RSTi-OM I\/O zur idealen L\u00f6sung f\u00fcr die Kommunikation mit intelligenter Sensorik, die in Ihren Maschinen und Anlagen verbaut ist.<\/p>\n<\/div>\n\n<div class=\"container-md spacer  \">\n<div style=\"height:25px\" aria-hidden=\"true\" class=\"wp-block-spacer\"><\/div>\n<\/div>\n\n<div class=\"container-md buttons  \">\n<div class=\"wp-block-buttons is-layout-flex wp-block-buttons-is-layout-flex\"><div class=\"container-md button  \">\n<div class=\"wp-block-button\"><a class=\"wp-block-button__link has-background wp-element-button\" href=\"https:\/\/www.emerson.com\/en-us\/catalog\/emerson-sku-ic695cpl410\" style=\"background-color:#e70029\" target=\"_blank\" rel=\"noreferrer noopener\">PACSystems RX3i CPL410 (Emerson)<\/a><\/div>\n<\/div><\/div>\n<\/div><\/div>\n<\/div>\n\n<div class=\"container-md column  \">\n<div class=\"wp-block-column is-layout-flow wp-block-column-is-layout-flow\"><div class=\"container-md image  \">\n<figure class=\"wp-block-image size-full is-resized\"><img loading=\"lazy\" decoding=\"async\" width=\"556\" height=\"800\" src=\"https:\/\/www.novotek.com\/at\/wp-content\/uploads\/sites\/13\/Cpl410.png\" alt=\"\" class=\"wp-image-23311\" style=\"width:298px;height:auto\" srcset=\"https:\/\/www.novotek.com\/at\/wp-content\/uploads\/sites\/13\/Cpl410.png 556w, https:\/\/www.novotek.com\/at\/wp-content\/uploads\/sites\/13\/Cpl410-209x300.png 209w, https:\/\/www.novotek.com\/at\/wp-content\/uploads\/sites\/13\/Cpl410-60x86.png 60w, https:\/\/www.novotek.com\/at\/wp-content\/uploads\/sites\/13\/Cpl410-249x358.png 249w, https:\/\/www.novotek.com\/at\/wp-content\/uploads\/sites\/13\/Cpl410-514x740.png 514w\" sizes=\"auto, (max-width: 556px) 100vw, 556px\" \/><\/figure>\n<\/div><\/div>\n<\/div><\/div>\n<\/div>\n\n<div class=\"container-md spacer  \">\n<div style=\"height:100px\" aria-hidden=\"true\" class=\"wp-block-spacer\"><\/div>\n<\/div>\n\n<div class=\"container-md columns  alignwide\">\n<div class=\"wp-block-columns alignwide is-layout-flex wp-container-core-columns-is-layout-9d6595d7 wp-block-columns-is-layout-flex\"><div class=\"container-md column  \">\n<div class=\"wp-block-column is-layout-flow wp-block-column-is-layout-flow\"><div class=\"container-md image  \">\n<figure class=\"wp-block-image size-full\"><img loading=\"lazy\" decoding=\"async\" width=\"310\" height=\"398\" src=\"https:\/\/www.novotek.com\/at\/wp-content\/uploads\/sites\/13\/Cpe100-cpe115.png\" alt=\"\" class=\"wp-image-23313\" srcset=\"https:\/\/www.novotek.com\/at\/wp-content\/uploads\/sites\/13\/Cpe100-cpe115.png 310w, https:\/\/www.novotek.com\/at\/wp-content\/uploads\/sites\/13\/Cpe100-cpe115-234x300.png 234w, https:\/\/www.novotek.com\/at\/wp-content\/uploads\/sites\/13\/Cpe100-cpe115-67x86.png 67w, https:\/\/www.novotek.com\/at\/wp-content\/uploads\/sites\/13\/Cpe100-cpe115-279x358.png 279w\" sizes=\"auto, (max-width: 310px) 100vw, 310px\" \/><\/figure>\n<\/div><\/div>\n<\/div>\n\n<div class=\"container-md column  \">\n<div class=\"wp-block-column is-layout-flow wp-block-column-is-layout-flow\"><div class=\"container-md heading  \">\n<h2 class=\"wp-block-heading\">PACSystems RSTi-EP CPE100<\/h2>\n<\/div>\n\n<div class=\"container-md paragraph  \">\n<p>Der PACSystems RSTI-EP CPE100 ist ein sehr kompakter und hoch performanter Controller. Er eignet sich ideal als leistungsf\u00e4hige SPS mit dezentralen I\/Os um skalierbare, platzsparende und moderne Architekturen umzusetzen. Nebenbei sch\u00fctzt eine breite Suite an Cyber-Security-Technologien und Tools vor Angriffen.<\/p>\n<\/div>\n\n<div class=\"container-md spacer  \">\n<div style=\"height:25px\" aria-hidden=\"true\" class=\"wp-block-spacer\"><\/div>\n<\/div>\n\n<div class=\"container-md buttons  \">\n<div class=\"wp-block-buttons is-layout-flex wp-block-buttons-is-layout-flex\"><div class=\"container-md button  \">\n<div class=\"wp-block-button\"><a class=\"wp-block-button__link has-background wp-element-button\" href=\"https:\/\/www.emerson.com\/de-at\/catalog\/emerson-epscpe100-de-de\" style=\"background-color:#e70029\" target=\"_blank\" rel=\"noreferrer noopener\">PACSystems RSTi-EP CPE100 (Emerson)<\/a><\/div>\n<\/div><\/div>\n<\/div><\/div>\n<\/div><\/div>\n<\/div>\n\n<div class=\"container-md spacer  \">\n<div style=\"height:100px\" aria-hidden=\"true\" class=\"wp-block-spacer\"><\/div>\n<\/div>\n\n<div class=\"container-md columns  alignwide\">\n<div class=\"wp-block-columns alignwide is-layout-flex wp-container-core-columns-is-layout-9d6595d7 wp-block-columns-is-layout-flex\"><div class=\"container-md column  \">\n<div class=\"wp-block-column is-layout-flow wp-block-column-is-layout-flow\"><div class=\"container-md heading  \">\n<h2 class=\"wp-block-heading\">PACSystems RX3i<\/h2>\n<\/div>\n\n<div class=\"container-md paragraph  \">\n<p>Das leistungsst\u00e4rkste Mitglied der innovativen PACSystems-Produktfamilie f\u00fcr Programmable Automation Controls (PACs) ist die PACSystems RX3i-Steuerung. Die neuen RX3i-CPUs bieten nun mehrere Prozessorkerne, einen gr\u00f6\u00dferen Arbeitsspeicher, PROFINET und OPC-UA f\u00fcr noch schnellere Datenverarbeitung und mehr Konnektivit\u00e4t.<\/p>\n<\/div>\n\n<div class=\"container-md spacer  \">\n<div style=\"height:25px\" aria-hidden=\"true\" class=\"wp-block-spacer\"><\/div>\n<\/div>\n\n<div class=\"container-md buttons  \">\n<div class=\"wp-block-buttons is-layout-flex wp-block-buttons-is-layout-flex\"><div class=\"container-md button  \">\n<div class=\"wp-block-button\"><a class=\"wp-block-button__link has-background wp-element-button\" href=\"https:\/\/www.emerson.com\/en-us\/automation\/control-and-safety-systems\/programmable-automation-control-systems\/programmable-automation-controllers\/large-controllers\" style=\"background-color:#e70029\" target=\"_blank\" rel=\"noreferrer noopener\">PACSystems RX3i (Emerson)<\/a><\/div>\n<\/div><\/div>\n<\/div><\/div>\n<\/div>\n\n<div class=\"container-md column  \">\n<div class=\"wp-block-column is-layout-flow wp-block-column-is-layout-flow\"><div class=\"container-md image  \">\n<figure class=\"wp-block-image size-full is-resized\"><img loading=\"lazy\" decoding=\"async\" width=\"1179\" height=\"807\" src=\"https:\/\/www.novotek.com\/at\/wp-content\/uploads\/sites\/13\/pacsystems-rx3i.png\" alt=\"\" class=\"wp-image-23315\" style=\"width:362px;height:auto\" srcset=\"https:\/\/www.novotek.com\/at\/wp-content\/uploads\/sites\/13\/pacsystems-rx3i.png 1179w, https:\/\/www.novotek.com\/at\/wp-content\/uploads\/sites\/13\/pacsystems-rx3i-300x205.png 300w, https:\/\/www.novotek.com\/at\/wp-content\/uploads\/sites\/13\/pacsystems-rx3i-1024x701.png 1024w, https:\/\/www.novotek.com\/at\/wp-content\/uploads\/sites\/13\/pacsystems-rx3i-768x526.png 768w, https:\/\/www.novotek.com\/at\/wp-content\/uploads\/sites\/13\/pacsystems-rx3i-86x59.png 86w, https:\/\/www.novotek.com\/at\/wp-content\/uploads\/sites\/13\/pacsystems-rx3i-306x209.png 306w, https:\/\/www.novotek.com\/at\/wp-content\/uploads\/sites\/13\/pacsystems-rx3i-636x435.png 636w\" sizes=\"auto, (max-width: 1179px) 100vw, 1179px\" \/><\/figure>\n<\/div><\/div>\n<\/div><\/div>\n<\/div>\n\n<div class=\"container-md spacer  \">\n<div style=\"height:100px\" aria-hidden=\"true\" class=\"wp-block-spacer\"><\/div>\n<\/div>\n\n<div class=\"container-md columns  alignwide\">\n<div class=\"wp-block-columns alignwide is-layout-flex wp-container-core-columns-is-layout-9d6595d7 wp-block-columns-is-layout-flex\"><div class=\"container-md column  \">\n<div class=\"wp-block-column is-layout-flow wp-block-column-is-layout-flow\"><div class=\"container-md image  \">\n<figure class=\"wp-block-image size-full is-resized\"><img loading=\"lazy\" decoding=\"async\" width=\"555\" height=\"555\" src=\"https:\/\/www.novotek.com\/at\/wp-content\/uploads\/sites\/13\/PACEdge.png\" alt=\"\" class=\"wp-image-23157\" style=\"width:298px;height:auto\" srcset=\"https:\/\/www.novotek.com\/at\/wp-content\/uploads\/sites\/13\/PACEdge.png 555w, https:\/\/www.novotek.com\/at\/wp-content\/uploads\/sites\/13\/PACEdge-300x300.png 300w, https:\/\/www.novotek.com\/at\/wp-content\/uploads\/sites\/13\/PACEdge-150x150.png 150w, https:\/\/www.novotek.com\/at\/wp-content\/uploads\/sites\/13\/PACEdge-86x86.png 86w, https:\/\/www.novotek.com\/at\/wp-content\/uploads\/sites\/13\/PACEdge-306x306.png 306w, https:\/\/www.novotek.com\/at\/wp-content\/uploads\/sites\/13\/PACEdge-400x400.png 400w\" sizes=\"auto, (max-width: 555px) 100vw, 555px\" \/><\/figure>\n<\/div><\/div>\n<\/div>\n\n<div class=\"container-md column  \">\n<div class=\"wp-block-column is-layout-flow wp-block-column-is-layout-flow\"><div class=\"container-md heading  \">\n<h2 class=\"wp-block-heading\">PAC Security Center<\/h2>\n<\/div>\n\n<div class=\"container-md paragraph  \">\n<p>Das PAC Security Center von Emerson beseitigt die Komplexit\u00e4t von Cyber Security, indem es eine einfache und dennoch zuverl\u00e4ssige Methode zur Implementierung und Wartung der OPC UA-Verschl\u00fcsselung bietet.<\/p>\n<\/div>\n\n<div class=\"container-md spacer  \">\n<div style=\"height:25px\" aria-hidden=\"true\" class=\"wp-block-spacer\"><\/div>\n<\/div>\n\n<div class=\"container-md buttons  \">\n<div class=\"wp-block-buttons is-layout-flex wp-block-buttons-is-layout-flex\"><div class=\"container-md button  \">\n<div class=\"wp-block-button\"><a class=\"wp-block-button__link has-background wp-element-button\" href=\"https:\/\/www.emerson.com\/de-de\/catalog\/emerson-pacedgecore\" style=\"background-color:#e70029\" target=\"_blank\" rel=\"noreferrer noopener\">PAC Edge<\/a><\/div>\n<\/div><\/div>\n<\/div><\/div>\n<\/div><\/div>\n<\/div>\n\n<div class=\"container-md spacer  \">\n<div style=\"height:100px\" aria-hidden=\"true\" class=\"wp-block-spacer\"><\/div>\n<\/div>\n\n<div class=\"container-md columns  alignwide\">\n<div class=\"wp-block-columns alignwide is-layout-flex wp-container-core-columns-is-layout-9d6595d7 wp-block-columns-is-layout-flex\"><div class=\"container-md column  \">\n<div class=\"wp-block-column is-layout-flow wp-block-column-is-layout-flow\"><div class=\"container-md heading  \">\n<h2 class=\"wp-block-heading\">PAC Machine Edition<\/h2>\n<\/div>\n\n<div class=\"container-md paragraph  \">\n<p>Machine Edition ist schnell und einfach zu konfigurieren und bietet eine breite Palette von Funktionen, die Web-Client\/Server-Betrieb und mehrere Sprachen unterst\u00fctzen. Sie erhalten die ultimative Integration von HMI, Motion und multi Target Control. PAC Machine Edition unsterst\u00fctzt Sie im gesamten Projektzyklus (Konfiguration, Entwicklung, Inbetriebnahme und Instandhaltung).<\/p>\n<\/div>\n\n<div class=\"container-md spacer  \">\n<div style=\"height:25px\" aria-hidden=\"true\" class=\"wp-block-spacer\"><\/div>\n<\/div>\n\n<div class=\"container-md buttons  \">\n<div class=\"wp-block-buttons is-layout-flex wp-block-buttons-is-layout-flex\"><div class=\"container-md button  \">\n<div class=\"wp-block-button\"><a class=\"wp-block-button__link has-background wp-element-button\" href=\"https:\/\/www.emerson.com\/de-at\/catalog\/emerson-membp001-de-at\" style=\"background-color:#e70029\" target=\"_blank\" rel=\"noreferrer noopener\">PAC Machine Edition (Emerson)<\/a><\/div>\n<\/div><\/div>\n<\/div><\/div>\n<\/div>\n\n<div class=\"container-md column  \">\n<div class=\"wp-block-column is-layout-flow wp-block-column-is-layout-flow\"><div class=\"container-md image  \">\n<figure class=\"wp-block-image size-full\"><img loading=\"lazy\" decoding=\"async\" width=\"465\" height=\"301\" src=\"https:\/\/www.novotek.com\/at\/wp-content\/uploads\/sites\/13\/Machine-Edition.jpg\" alt=\"\" class=\"wp-image-23319\" srcset=\"https:\/\/www.novotek.com\/at\/wp-content\/uploads\/sites\/13\/Machine-Edition.jpg 465w, https:\/\/www.novotek.com\/at\/wp-content\/uploads\/sites\/13\/Machine-Edition-300x194.jpg 300w, https:\/\/www.novotek.com\/at\/wp-content\/uploads\/sites\/13\/Machine-Edition-86x56.jpg 86w, https:\/\/www.novotek.com\/at\/wp-content\/uploads\/sites\/13\/Machine-Edition-306x198.jpg 306w\" sizes=\"auto, (max-width: 465px) 100vw, 465px\" \/><\/figure>\n<\/div><\/div>\n<\/div><\/div>\n<\/div>\n\n<div class=\"container-md spacer  \">\n<div style=\"height:100px\" aria-hidden=\"true\" class=\"wp-block-spacer\"><\/div>\n<\/div>","protected":false},"excerpt":{"rendered":"<p>Besonders in den letzten Jahren haben sich die Anforderungen stark ge\u00e4ndert \u2013 vor allem in Richtung Digitalisierungsfunktionen, Schnittstellen und Cyber Security. Hier gibt\u2019s einen \u00dcberblick \u00fcber Standalone-, Rack- und Digitalisierungssteuerungen. RSTi-EP CPE200 Durch Security-by-Design-Entwicklung, umfangreiche Programmiertools und offene Kommunikationsstandards vereinfacht die RSTi-EP CPE200 die Konnektivit\u00e4t zu traditionellen Sensoren und Aktoren der Feldebene, aber auch zu [&hellip;]<\/p>\n","protected":false},"author":45,"featured_media":0,"parent":0,"menu_order":1,"comment_status":"closed","ping_status":"closed","template":"","meta":{"_acf_changed":false,"_relevanssi_hide_post":"","_relevanssi_pin_for_all":"","_relevanssi_pin_keywords":"","_relevanssi_unpin_keywords":"","_relevanssi_related_keywords":"","_relevanssi_related_include_ids":"","_relevanssi_related_exclude_ids":"","_relevanssi_related_no_append":"","_relevanssi_related_not_related":"","_relevanssi_related_posts":"6182,3220,6214,3195,3200,6233","_relevanssi_noindex_reason":"","footnotes":""},"class_list":["post-23305","page","type-page","status-publish","hentry"],"acf":[],"yoast_head":"<!-- This site is optimized with the Yoast SEO plugin v27.4 - https:\/\/yoast.com\/product\/yoast-seo-wordpress\/ -->\n<title>SPS-Systeme - Novotek Austria<\/title>\n<meta name=\"description\" content=\"SPS ist nicht gleich SPS. Besonders in den letzten Jahren haben sich die Anforderungen stark ge\u00e4ndert. Hier gibt es einen \u00dcberblick.\" \/>\n<meta name=\"robots\" content=\"index, follow, max-snippet:-1, max-image-preview:large, max-video-preview:-1\" \/>\n<link rel=\"canonical\" href=\"https:\/\/www.novotek.com\/at\/sps-systeme\/\" \/>\n<meta property=\"og:locale\" content=\"de_DE\" \/>\n<meta property=\"og:type\" content=\"article\" \/>\n<meta property=\"og:title\" content=\"SPS-Systeme - Novotek Austria\" \/>\n<meta property=\"og:description\" content=\"SPS ist nicht gleich SPS. Besonders in den letzten Jahren haben sich die Anforderungen stark ge\u00e4ndert. Hier gibt es einen \u00dcberblick.\" \/>\n<meta property=\"og:url\" content=\"https:\/\/www.novotek.com\/at\/sps-systeme\/\" \/>\n<meta property=\"og:site_name\" content=\"Novotek Austria\" \/>\n<meta property=\"article:modified_time\" content=\"2025-04-02T12:30:15+00:00\" \/>\n<meta property=\"og:image\" content=\"https:\/\/www.novotek.com\/at\/wp-content\/uploads\/sites\/13\/Cpe200.png\" \/>\n<meta name=\"twitter:card\" content=\"summary_large_image\" \/>\n<meta name=\"twitter:label1\" content=\"Gesch\u00e4tzte Lesezeit\" \/>\n\t<meta name=\"twitter:data1\" content=\"3\u00a0Minuten\" \/>\n<script type=\"application\/ld+json\" class=\"yoast-schema-graph\">{\"@context\":\"https:\\\/\\\/schema.org\",\"@graph\":[{\"@type\":\"WebPage\",\"@id\":\"https:\\\/\\\/www.novotek.com\\\/at\\\/sps-systeme\\\/\",\"url\":\"https:\\\/\\\/www.novotek.com\\\/at\\\/sps-systeme\\\/\",\"name\":\"SPS-Systeme - Novotek Austria\",\"isPartOf\":{\"@id\":\"https:\\\/\\\/www.novotek.com\\\/at\\\/#website\"},\"primaryImageOfPage\":{\"@id\":\"https:\\\/\\\/www.novotek.com\\\/at\\\/sps-systeme\\\/#primaryimage\"},\"image\":{\"@id\":\"https:\\\/\\\/www.novotek.com\\\/at\\\/sps-systeme\\\/#primaryimage\"},\"thumbnailUrl\":\"https:\\\/\\\/www.novotek.com\\\/at\\\/wp-content\\\/uploads\\\/sites\\\/13\\\/Cpe200.png\",\"datePublished\":\"2025-01-30T11:53:30+00:00\",\"dateModified\":\"2025-04-02T12:30:15+00:00\",\"description\":\"SPS ist nicht gleich SPS. Besonders in den letzten Jahren haben sich die Anforderungen stark ge\u00e4ndert. Hier gibt es einen \u00dcberblick.\",\"breadcrumb\":{\"@id\":\"https:\\\/\\\/www.novotek.com\\\/at\\\/sps-systeme\\\/#breadcrumb\"},\"inLanguage\":\"de-CH\",\"potentialAction\":[{\"@type\":\"ReadAction\",\"target\":[\"https:\\\/\\\/www.novotek.com\\\/at\\\/sps-systeme\\\/\"]}]},{\"@type\":\"ImageObject\",\"inLanguage\":\"de-CH\",\"@id\":\"https:\\\/\\\/www.novotek.com\\\/at\\\/sps-systeme\\\/#primaryimage\",\"url\":\"https:\\\/\\\/www.novotek.com\\\/at\\\/wp-content\\\/uploads\\\/sites\\\/13\\\/Cpe200.png.webp\",\"contentUrl\":\"https:\\\/\\\/www.novotek.com\\\/at\\\/wp-content\\\/uploads\\\/sites\\\/13\\\/Cpe200.png.webp\",\"width\":660,\"height\":758},{\"@type\":\"BreadcrumbList\",\"@id\":\"https:\\\/\\\/www.novotek.com\\\/at\\\/sps-systeme\\\/#breadcrumb\",\"itemListElement\":[{\"@type\":\"ListItem\",\"position\":1,\"name\":\"Home\",\"item\":\"https:\\\/\\\/www.novotek.com\\\/at\\\/\"},{\"@type\":\"ListItem\",\"position\":2,\"name\":\"SPS-Systeme\"}]},{\"@type\":\"WebSite\",\"@id\":\"https:\\\/\\\/www.novotek.com\\\/at\\\/#website\",\"url\":\"https:\\\/\\\/www.novotek.com\\\/at\\\/\",\"name\":\"Novotek Switzerland\",\"description\":\"Connect - Digitalize - Optimize\",\"potentialAction\":[{\"@type\":\"SearchAction\",\"target\":{\"@type\":\"EntryPoint\",\"urlTemplate\":\"https:\\\/\\\/www.novotek.com\\\/at\\\/?s={search_term_string}\"},\"query-input\":{\"@type\":\"PropertyValueSpecification\",\"valueRequired\":true,\"valueName\":\"search_term_string\"}}],\"inLanguage\":\"de-CH\"}]}<\/script>\n<!-- \/ Yoast SEO plugin. -->","yoast_head_json":{"title":"SPS-Systeme - Novotek Austria","description":"SPS ist nicht gleich SPS. Besonders in den letzten Jahren haben sich die Anforderungen stark ge\u00e4ndert. Hier gibt es einen \u00dcberblick.","robots":{"index":"index","follow":"follow","max-snippet":"max-snippet:-1","max-image-preview":"max-image-preview:large","max-video-preview":"max-video-preview:-1"},"canonical":"https:\/\/www.novotek.com\/at\/sps-systeme\/","og_locale":"de_DE","og_type":"article","og_title":"SPS-Systeme - Novotek Austria","og_description":"SPS ist nicht gleich SPS. Besonders in den letzten Jahren haben sich die Anforderungen stark ge\u00e4ndert. Hier gibt es einen \u00dcberblick.","og_url":"https:\/\/www.novotek.com\/at\/sps-systeme\/","og_site_name":"Novotek Austria","article_modified_time":"2025-04-02T12:30:15+00:00","og_image":[{"url":"https:\/\/www.novotek.com\/at\/wp-content\/uploads\/sites\/13\/Cpe200.png","type":"","width":"","height":""}],"twitter_card":"summary_large_image","twitter_misc":{"Gesch\u00e4tzte Lesezeit":"3\u00a0Minuten"},"schema":{"@context":"https:\/\/schema.org","@graph":[{"@type":"WebPage","@id":"https:\/\/www.novotek.com\/at\/sps-systeme\/","url":"https:\/\/www.novotek.com\/at\/sps-systeme\/","name":"SPS-Systeme - Novotek Austria","isPartOf":{"@id":"https:\/\/www.novotek.com\/at\/#website"},"primaryImageOfPage":{"@id":"https:\/\/www.novotek.com\/at\/sps-systeme\/#primaryimage"},"image":{"@id":"https:\/\/www.novotek.com\/at\/sps-systeme\/#primaryimage"},"thumbnailUrl":"https:\/\/www.novotek.com\/at\/wp-content\/uploads\/sites\/13\/Cpe200.png","datePublished":"2025-01-30T11:53:30+00:00","dateModified":"2025-04-02T12:30:15+00:00","description":"SPS ist nicht gleich SPS. Besonders in den letzten Jahren haben sich die Anforderungen stark ge\u00e4ndert. Hier gibt es einen \u00dcberblick.","breadcrumb":{"@id":"https:\/\/www.novotek.com\/at\/sps-systeme\/#breadcrumb"},"inLanguage":"de-CH","potentialAction":[{"@type":"ReadAction","target":["https:\/\/www.novotek.com\/at\/sps-systeme\/"]}]},{"@type":"ImageObject","inLanguage":"de-CH","@id":"https:\/\/www.novotek.com\/at\/sps-systeme\/#primaryimage","url":"https:\/\/www.novotek.com\/at\/wp-content\/uploads\/sites\/13\/Cpe200.png.webp","contentUrl":"https:\/\/www.novotek.com\/at\/wp-content\/uploads\/sites\/13\/Cpe200.png.webp","width":660,"height":758},{"@type":"BreadcrumbList","@id":"https:\/\/www.novotek.com\/at\/sps-systeme\/#breadcrumb","itemListElement":[{"@type":"ListItem","position":1,"name":"Home","item":"https:\/\/www.novotek.com\/at\/"},{"@type":"ListItem","position":2,"name":"SPS-Systeme"}]},{"@type":"WebSite","@id":"https:\/\/www.novotek.com\/at\/#website","url":"https:\/\/www.novotek.com\/at\/","name":"Novotek Switzerland","description":"Connect - Digitalize - Optimize","potentialAction":[{"@type":"SearchAction","target":{"@type":"EntryPoint","urlTemplate":"https:\/\/www.novotek.com\/at\/?s={search_term_string}"},"query-input":{"@type":"PropertyValueSpecification","valueRequired":true,"valueName":"search_term_string"}}],"inLanguage":"de-CH"}]}},"_links":{"self":[{"href":"https:\/\/www.novotek.com\/at\/wp-json\/wp\/v2\/pages\/23305","targetHints":{"allow":["GET"]}}],"collection":[{"href":"https:\/\/www.novotek.com\/at\/wp-json\/wp\/v2\/pages"}],"about":[{"href":"https:\/\/www.novotek.com\/at\/wp-json\/wp\/v2\/types\/page"}],"author":[{"embeddable":true,"href":"https:\/\/www.novotek.com\/at\/wp-json\/wp\/v2\/users\/45"}],"replies":[{"embeddable":true,"href":"https:\/\/www.novotek.com\/at\/wp-json\/wp\/v2\/comments?post=23305"}],"version-history":[{"count":9,"href":"https:\/\/www.novotek.com\/at\/wp-json\/wp\/v2\/pages\/23305\/revisions"}],"predecessor-version":[{"id":24730,"href":"https:\/\/www.novotek.com\/at\/wp-json\/wp\/v2\/pages\/23305\/revisions\/24730"}],"wp:attachment":[{"href":"https:\/\/www.novotek.com\/at\/wp-json\/wp\/v2\/media?parent=23305"}],"curies":[{"name":"wp","href":"https:\/\/api.w.org\/{rel}","templated":true}]}}