{"id":23338,"date":"2025-01-30T12:27:49","date_gmt":"2025-01-30T12:27:49","guid":{"rendered":"https:\/\/www.novotek.com\/at\/?page_id=23338"},"modified":"2026-01-12T14:53:56","modified_gmt":"2026-01-12T14:53:56","slug":"dataops","status":"publish","type":"page","link":"https:\/\/www.novotek.com\/at\/dataops\/","title":{"rendered":"DataOps"},"content":{"rendered":"  <div class=\"hero\">\n    <div class=\"carousel hero-slider small\" data-flickity data-flickity-options='{\"prevNextButtons\": false}'>\n              <div class=\"carousel-cell\">\n          <div class=\"container\">\n            <div class=\"hero-content\">\n                              <h2>DataOps<\/h2>\n<p>Data Operations (DataOps) verst\u00e4rkt die Leistungsf\u00e4higkeit des Industrial Internet of Things (IIoT).<\/p>\n              \n                          <\/div>\n          <\/div>\n\n          <img decoding=\"async\" width=\"1024\" height=\"427\" src=\"https:\/\/www.novotek.com\/at\/wp-content\/uploads\/sites\/13\/Novotek_HighByte_IntelligenceHub_duotone_1920x800-1024x427.jpg.webp\" class=\"hero-bg\" alt=\"Hero Img\" fetchpriority=\"high\" srcset=\"https:\/\/www.novotek.com\/at\/wp-content\/uploads\/sites\/13\/Novotek_HighByte_IntelligenceHub_duotone_1920x800-1024x427.jpg.webp 1024w, https:\/\/www.novotek.com\/at\/wp-content\/uploads\/sites\/13\/Novotek_HighByte_IntelligenceHub_duotone_1920x800-300x125.jpg.webp 300w, https:\/\/www.novotek.com\/at\/wp-content\/uploads\/sites\/13\/Novotek_HighByte_IntelligenceHub_duotone_1920x800-768x320.jpg.webp 768w, https:\/\/www.novotek.com\/at\/wp-content\/uploads\/sites\/13\/Novotek_HighByte_IntelligenceHub_duotone_1920x800-1536x640.jpg.webp 1536w, https:\/\/www.novotek.com\/at\/wp-content\/uploads\/sites\/13\/Novotek_HighByte_IntelligenceHub_duotone_1920x800.jpg.webp 1920w\" sizes=\"(max-width: 1024px) 100vw, 1024px\" \/>                  <\/div>\n          <\/div>\n\n      <\/div>\n\n   \n\n\n<div class=\"container-md spacer  \">\n<div style=\"height:20px\" aria-hidden=\"true\" class=\"wp-block-spacer\"><\/div>\n<\/div>\n\n<div class=\"container-md group  alignwide\">\n<div class=\"wp-block-group alignwide\"><div class=\"wp-block-group__inner-container is-layout-constrained wp-block-group-is-layout-constrained\"><div class=\"container-md spacer  \">\n<div style=\"height:50px\" aria-hidden=\"true\" class=\"wp-block-spacer\"><\/div>\n<\/div>\n\n<div class=\"container-md heading  \">\n<h2 class=\"wp-block-heading\">Mit DataOps das Industrial IoT aufbauen<\/h2>\n<\/div>\n\n<div class=\"container-md paragraph  \">\n<p>Der Aufbau des Industrial Internet of Things (IIoT) bringt Herausforderungen mit sich. Eine der gr\u00f6\u00dften davon ist die Inkonsistenz und fehlende Struktur von Maschinendaten. Daten zu einer Maschine k\u00f6nnen beispielsweise Tags oder Signale des Steuerungssystems enthalten, w\u00e4hrend wichtige Metadaten wie Standort, Typ oder Seriennummer fehlen. Daten anderer Maschinen k\u00f6nnen wiederum andere Namen oder Signalzuordnungen haben, was die Datenanalyse erheblich erschwert. Hier setzt DataOps an, um die Qualit\u00e4t, Integration und Verwaltung dieser vielf\u00e4ltigen Datenquellen zu verbessern und so eine strukturierte, zuverl\u00e4ssige Datenbasis zu schaffen. Nur wenn Daten aus Fabriken, Maschinen, Prozessen und Produkten effizient analysierbar sind, l\u00e4sst sich der volle Mehrwert aus industriellen Analysen und Anwendungen im IIoT sch\u00f6pfen.<\/p>\n<\/div><\/div>\n<\/div><\/div>\n\n<div class=\"container-md spacer  \">\n<div style=\"height:100px\" aria-hidden=\"true\" class=\"wp-block-spacer\"><\/div>\n<\/div>\n\n<div class=\"container-md columns  alignwide\">\n<div class=\"wp-block-columns alignwide is-layout-flex wp-container-core-columns-is-layout-9d6595d7 wp-block-columns-is-layout-flex\"><div class=\"container-md column  \">\n<div class=\"wp-block-column is-layout-flow wp-block-column-is-layout-flow\"><div class=\"container-md image  \">\n<figure class=\"wp-block-image size-full is-resized\"><img loading=\"lazy\" decoding=\"async\" width=\"600\" height=\"360\" src=\"https:\/\/www.novotek.com\/at\/wp-content\/uploads\/sites\/13\/IOT.jpg\" alt=\"\" class=\"wp-image-23342\" style=\"width:510px;height:auto\" srcset=\"https:\/\/www.novotek.com\/at\/wp-content\/uploads\/sites\/13\/IOT.jpg 600w, https:\/\/www.novotek.com\/at\/wp-content\/uploads\/sites\/13\/IOT-300x180.jpg 300w, https:\/\/www.novotek.com\/at\/wp-content\/uploads\/sites\/13\/IOT-86x52.jpg 86w, https:\/\/www.novotek.com\/at\/wp-content\/uploads\/sites\/13\/IOT-306x184.jpg 306w\" sizes=\"auto, (max-width: 600px) 100vw, 600px\" \/><\/figure>\n<\/div><\/div>\n<\/div>\n\n<div class=\"container-md column  \">\n<div class=\"wp-block-column is-layout-flow wp-block-column-is-layout-flow\"><div class=\"container-md heading  \">\n<h2 class=\"wp-block-heading\">DataOps bietet eine solide Grundlage<\/h2>\n<\/div>\n\n<div class=\"container-md paragraph  \">\n<p>DataOps steht f\u00fcr \u201eData Operations\u201c und ist ein neuer Ansatz, der OT-Daten von Maschinen und Anlagen leichter zug\u00e4nglich macht. Dadurch k\u00f6nnen Datenwissenschaftler, Analysten, Ingenieure und IT-Teams die Daten einfacher und zeitsparender analysieren.<\/p>\n<\/div>\n\n<div class=\"container-md paragraph  \">\n<p>Mit DataOps k\u00f6nnen Daten aus verschiedenen Quellen (OPC, MQTT, SQL usw.) oder Systemen lokal (\u201eon the edge\u201c) erfasst, kontextualisiert und strukturiert werden \u2013 direkt durch OT-Fachkr\u00e4fte, bevor sie zur weiteren Analyse \u00fcbertragen werden. Die Analyseergebnisse m\u00fcssen zudem zur\u00fcckgesendet werden k\u00f6nnen, um f\u00fcr Optimierungszwecke genutzt zu werden. Dabei ist es essenziell, den Datenfluss zu steuern und zu \u00fcberwachen.<\/p>\n<\/div><\/div>\n<\/div><\/div>\n<\/div>\n\n<div class=\"container-md spacer  \">\n<div style=\"height:100px\" aria-hidden=\"true\" class=\"wp-block-spacer\"><\/div>\n<\/div>\n\n<div class=\"container-md columns  alignwide\">\n<div class=\"wp-block-columns alignwide is-layout-flex wp-container-core-columns-is-layout-9d6595d7 wp-block-columns-is-layout-flex\"><div class=\"container-md column  \">\n<div class=\"wp-block-column is-layout-flow wp-block-column-is-layout-flow\"><div class=\"container-md heading  \">\n<h2 class=\"wp-block-heading\">Nahtlose Kommunikation mit verschiedensten Maschinen und Sensoren durch Industrial IoT<\/h2>\n<\/div>\n\n<div class=\"container-md paragraph  \">\n<p>Eine IIoT-L\u00f6sung kann problemlos skaliert werden. Dadurch lassen sich Hunderte von Maschinen mit Zehntausenden von Datenpunkten verwalten \u2013 basierend auf standardisierten Modellen (z. B. Motoren, Pumpen usw.).<\/p>\n<\/div>\n\n<div class=\"container-md paragraph  \">\n<p>Die Daten werden vor der \u00dcbertragung vorbereitet und strukturiert, sodass unn\u00f6tige Daten nicht durch das System geleitet werden. Datenanalysten, Ingenieure und IT-Fachkr\u00e4fte erhalten sofort verwertbare Daten, die keine zus\u00e4tzliche Verarbeitung oder Modellierung (Codierung) erfordern. Dies spart wertvolle Zeit und erh\u00f6ht die Effizienz erheblich.<\/p>\n<\/div><\/div>\n<\/div>\n\n<div class=\"container-md column  \">\n<div class=\"wp-block-column is-layout-flow wp-block-column-is-layout-flow\"><div class=\"container-md image  \">\n<figure class=\"wp-block-image size-full is-resized\"><img loading=\"lazy\" decoding=\"async\" width=\"800\" height=\"800\" src=\"https:\/\/www.novotek.com\/at\/wp-content\/uploads\/sites\/13\/DataOps-Kommunikation.png\" alt=\"\" class=\"wp-image-23344\" style=\"width:459px;height:auto\" srcset=\"https:\/\/www.novotek.com\/at\/wp-content\/uploads\/sites\/13\/DataOps-Kommunikation.png 800w, https:\/\/www.novotek.com\/at\/wp-content\/uploads\/sites\/13\/DataOps-Kommunikation-300x300.png 300w, https:\/\/www.novotek.com\/at\/wp-content\/uploads\/sites\/13\/DataOps-Kommunikation-150x150.png 150w, https:\/\/www.novotek.com\/at\/wp-content\/uploads\/sites\/13\/DataOps-Kommunikation-768x768.png 768w, https:\/\/www.novotek.com\/at\/wp-content\/uploads\/sites\/13\/DataOps-Kommunikation-86x86.png 86w, https:\/\/www.novotek.com\/at\/wp-content\/uploads\/sites\/13\/DataOps-Kommunikation-306x306.png 306w, https:\/\/www.novotek.com\/at\/wp-content\/uploads\/sites\/13\/DataOps-Kommunikation-636x636.png 636w, https:\/\/www.novotek.com\/at\/wp-content\/uploads\/sites\/13\/DataOps-Kommunikation-400x400.png 400w, https:\/\/www.novotek.com\/at\/wp-content\/uploads\/sites\/13\/DataOps-Kommunikation-600x600.png 600w\" sizes=\"auto, (max-width: 800px) 100vw, 800px\" \/><\/figure>\n<\/div><\/div>\n<\/div><\/div>\n<\/div>\n\n<div class=\"container-md group  alignwide\">\n<div class=\"wp-block-group alignwide\"><div class=\"wp-block-group__inner-container is-layout-constrained wp-block-group-is-layout-constrained\"><div class=\"container-md heading  \">\n<h3 class=\"wp-block-heading\">Klare Visualisierung f\u00fcr OT-Personal<\/h3>\n<\/div>\n\n<div class=\"container-md paragraph  \">\n<p>Eine IIoT-L\u00f6sung bietet zudem einen einfachen und intuitiven Zugriff auf Daten \u00fcber eine \u00fcbersichtliche Benutzeroberfl\u00e4che. IIoT f\u00f6rdert die Kommunikation und Zusammenarbeit zwischen Datenwissenschaftlern, Analysten, Ingenieuren sowie IT- und OT-Fachkr\u00e4ften.<\/p>\n<\/div>\n\n<div class=\"container-md paragraph  \">\n<p>Der kontinuierliche und zuverl\u00e4ssige Zugriff auf Unternehmensdaten optimiert Arbeitsabl\u00e4ufe und sichert die Qualit\u00e4t operativer Prozesse.<\/p>\n<\/div>\n\n<div class=\"container-md spacer  \">\n<div style=\"height:50px\" aria-hidden=\"true\" class=\"wp-block-spacer\"><\/div>\n<\/div>\n\n<div class=\"container-md heading  \">\n<h3 class=\"wp-block-heading\">Hochwertige Datenanalyse<\/h3>\n<\/div>\n\n<div class=\"container-md paragraph  \">\n<p>Industriedaten sind ein typisches Beispiel f\u00fcr Streaming-Daten, die oft bereits online analysiert werden k\u00f6nnen. Zudem verbergen sich in gespeicherten Daten h\u00e4ufig Muster, die wertvolle Erkenntnisse f\u00fcr Ihr Unternehmen liefern.<\/p>\n<\/div>\n\n<div class=\"container-md paragraph  \">\n<p>Mit der richtigen IIoT-L\u00f6sung nutzen Sie beide Analyseans\u00e4tze gleichzeitig \u2013 so gewinnen Sie sowohl online als auch offline wertvolle Informationen aus Ihren Daten.<\/p>\n<\/div><\/div>\n<\/div><\/div>\n\n<div class=\"container-md spacer  \">\n<div style=\"height:100px\" aria-hidden=\"true\" class=\"wp-block-spacer\"><\/div>\n<\/div>\n\n<div class=\"container-md columns  alignwide\">\n<div class=\"wp-block-columns alignwide is-layout-flex wp-container-core-columns-is-layout-9d6595d7 wp-block-columns-is-layout-flex\"><div class=\"container-md column  \">\n<div class=\"wp-block-column is-layout-flow wp-block-column-is-layout-flow\"><div class=\"container-md heading  \">\n<h2 class=\"wp-block-heading\">HighByte Intelligence Hub<\/h2>\n<\/div>\n\n<div class=\"container-md paragraph  \">\n<p>Intelligence Hub von <a href=\"https:\/\/www.highbyte.com\/\">HighByte<\/a> ist die erste DataOps-L\u00f6sung, welche die Nutzung eines einheitlichen Namensraums (Unified Namespace) und die Speicherung in der Cloud erm\u00f6glicht. Dadurch lassen sich gro\u00dfe Datenmengen schnell strukturieren und skalieren, ohne daf\u00fcr eigenen Code zu schreiben.<\/p>\n<\/div>\n\n<div class=\"container-md spacer  \">\n<div style=\"height:25px\" aria-hidden=\"true\" class=\"wp-block-spacer\"><\/div>\n<\/div>\n\n<div class=\"container-md buttons  \">\n<div class=\"wp-block-buttons is-layout-flex wp-block-buttons-is-layout-flex\"><div class=\"container-md button  \">\n<div class=\"wp-block-button\"><a class=\"wp-block-button__link has-background wp-element-button\" href=\"https:\/\/www.novotek.com\/at\/ot-it-cloud-konnektivitaet-dataops\/highbyte-intelligence-hub-dataops-loesung\/\" style=\"background-color:#e70029\" target=\"_blank\" rel=\"noreferrer noopener\">HighByte Intelligence Hub<\/a><\/div>\n<\/div><\/div>\n<\/div><\/div>\n<\/div>\n\n<div class=\"container-md column  \">\n<div class=\"wp-block-column is-layout-flow wp-block-column-is-layout-flow\"><div class=\"container-md image  \">\n<figure class=\"wp-block-image size-full\"><img loading=\"lazy\" decoding=\"async\" width=\"500\" height=\"500\" src=\"https:\/\/www.novotek.com\/at\/wp-content\/uploads\/sites\/13\/highbyte-logo-novotek-web.png\" alt=\"\" class=\"wp-image-21702\" srcset=\"https:\/\/www.novotek.com\/at\/wp-content\/uploads\/sites\/13\/highbyte-logo-novotek-web.png 500w, https:\/\/www.novotek.com\/at\/wp-content\/uploads\/sites\/13\/highbyte-logo-novotek-web-300x300.png 300w, https:\/\/www.novotek.com\/at\/wp-content\/uploads\/sites\/13\/highbyte-logo-novotek-web-150x150.png 150w, https:\/\/www.novotek.com\/at\/wp-content\/uploads\/sites\/13\/highbyte-logo-novotek-web-86x86.png 86w, https:\/\/www.novotek.com\/at\/wp-content\/uploads\/sites\/13\/highbyte-logo-novotek-web-306x306.png 306w\" sizes=\"auto, (max-width: 500px) 100vw, 500px\" \/><\/figure>\n<\/div><\/div>\n<\/div><\/div>\n<\/div>\n\n<div class=\"container-md columns  alignwide\">\n<div class=\"wp-block-columns alignwide is-layout-flex wp-container-core-columns-is-layout-9d6595d7 wp-block-columns-is-layout-flex\"><div class=\"container-md column  \">\n<div class=\"wp-block-column is-layout-flow wp-block-column-is-layout-flow\"><div class=\"container-md image  \">\n<figure class=\"wp-block-image size-full\"><img loading=\"lazy\" decoding=\"async\" width=\"633\" height=\"694\" src=\"https:\/\/www.novotek.com\/at\/wp-content\/uploads\/sites\/13\/WP-UNS.png\" alt=\"\" class=\"wp-image-23713\" srcset=\"https:\/\/www.novotek.com\/at\/wp-content\/uploads\/sites\/13\/WP-UNS.png 633w, https:\/\/www.novotek.com\/at\/wp-content\/uploads\/sites\/13\/WP-UNS-274x300.png 274w, https:\/\/www.novotek.com\/at\/wp-content\/uploads\/sites\/13\/WP-UNS-78x86.png 78w, https:\/\/www.novotek.com\/at\/wp-content\/uploads\/sites\/13\/WP-UNS-306x335.png 306w\" sizes=\"auto, (max-width: 633px) 100vw, 633px\" \/><\/figure>\n<\/div><\/div>\n<\/div>\n\n<div class=\"container-md column  \">\n<div class=\"wp-block-column is-layout-flow wp-block-column-is-layout-flow\"><div class=\"container-md heading  \">\n<h3 class=\"wp-block-heading\">Unified Namespace erkl\u00e4rt: Funktionsweise &amp; Vorteile f\u00fcr die Industrie<\/h3>\n<\/div>\n\n<div class=\"container-md buttons  \">\n<div class=\"wp-block-buttons is-layout-flex wp-block-buttons-is-layout-flex\"><div class=\"container-md button  \">\n<div class=\"wp-block-button\"><a class=\"wp-block-button__link has-background wp-element-button\" href=\"https:\/\/www.novotek.com\/at\/insight\/unified-namespace-uns\/\" style=\"background-color:#e70029\" target=\"_blank\" rel=\"noreferrer noopener\">Jetzt lesen<\/a><\/div>\n<\/div><\/div>\n<\/div>\n\n<div class=\"container-md spacer  \">\n<div style=\"height:100px\" aria-hidden=\"true\" class=\"wp-block-spacer\"><\/div>\n<\/div>\n\n<div class=\"container-md heading  \">\n<h3 class=\"wp-block-heading\">Whitepaper: Was ist Unified Namespace (UNS)?<\/h3>\n<\/div>\n\n<div class=\"container-md list  \">\n<ul class=\"wp-block-list\"><div class=\"container-md list-item  \">\n<li>Was ist UNS?<\/li>\n<\/div>\n\n<div class=\"container-md list-item  \">\n<li>Welche Vorteile bietet UNS?<\/li>\n<\/div>\n\n<div class=\"container-md list-item  \">\n<li>Was ist der Unterschied zur traditionellen<br>industriellen Architektur?<\/li>\n<\/div><\/ul>\n<\/div>\n\n<div class=\"container-md spacer  \">\n<div style=\"height:25px\" aria-hidden=\"true\" class=\"wp-block-spacer\"><\/div>\n<\/div>\n\n<div class=\"container-md buttons  \">\n<div class=\"wp-block-buttons is-layout-flex wp-block-buttons-is-layout-flex\"><div class=\"container-md button  \">\n<div class=\"wp-block-button\"><a class=\"wp-block-button__link has-background wp-element-button\" href=\"https:\/\/www.novotek.com\/at\/wp-content\/uploads\/sites\/13\/Whitepaper_UnifiedNamespace.pdf\" style=\"background-color:#e70029\" target=\"_blank\" rel=\"noreferrer noopener\">Whitepaper UNS<\/a><\/div>\n<\/div><\/div>\n<\/div><\/div>\n<\/div><\/div>\n<\/div>\n\n<div class=\"container-md spacer  \">\n<div style=\"height:100px\" aria-hidden=\"true\" class=\"wp-block-spacer\"><\/div>\n<\/div>","protected":false},"excerpt":{"rendered":"<p>Mit DataOps das Industrial IoT aufbauen Der Aufbau des Industrial Internet of Things (IIoT) bringt Herausforderungen mit sich. Eine der gr\u00f6\u00dften davon ist die Inkonsistenz und fehlende Struktur von Maschinendaten. Daten zu einer Maschine k\u00f6nnen beispielsweise Tags oder Signale des Steuerungssystems enthalten, w\u00e4hrend wichtige Metadaten wie Standort, Typ oder Seriennummer fehlen. Daten anderer Maschinen k\u00f6nnen [&hellip;]<\/p>\n","protected":false},"author":45,"featured_media":23342,"parent":0,"menu_order":1,"comment_status":"closed","ping_status":"closed","template":"","meta":{"_acf_changed":false,"_relevanssi_hide_post":"","_relevanssi_pin_for_all":"","_relevanssi_pin_keywords":"","_relevanssi_unpin_keywords":"","_relevanssi_related_keywords":"","_relevanssi_related_include_ids":"","_relevanssi_related_exclude_ids":"","_relevanssi_related_no_append":"","_relevanssi_related_not_related":"","_relevanssi_related_posts":"6182,3220,6214,3195,3200,6233","_relevanssi_noindex_reason":"","footnotes":""},"class_list":["post-23338","page","type-page","status-publish","has-post-thumbnail","hentry"],"acf":[],"yoast_head":"<!-- This site is optimized with the Yoast SEO plugin v27.4 - https:\/\/yoast.com\/product\/yoast-seo-wordpress\/ -->\n<title>DataOps - Novotek Austria<\/title>\n<meta name=\"description\" content=\"Mit DataOps k\u00f6nnen Daten aus verschiedenen Quellen oder Systemen lokal (\u201eon the edge\u201c) erfasst, kontextualisiert und strukturiert werden.\" \/>\n<meta name=\"robots\" content=\"index, follow, max-snippet:-1, max-image-preview:large, max-video-preview:-1\" \/>\n<link rel=\"canonical\" href=\"https:\/\/www.novotek.com\/at\/dataops\/\" \/>\n<meta property=\"og:locale\" content=\"de_DE\" \/>\n<meta property=\"og:type\" content=\"article\" \/>\n<meta property=\"og:title\" content=\"DataOps - Novotek Austria\" \/>\n<meta property=\"og:description\" content=\"Mit DataOps k\u00f6nnen Daten aus verschiedenen Quellen oder Systemen lokal (\u201eon the edge\u201c) erfasst, kontextualisiert und strukturiert werden.\" \/>\n<meta property=\"og:url\" content=\"https:\/\/www.novotek.com\/at\/dataops\/\" \/>\n<meta property=\"og:site_name\" content=\"Novotek Austria\" \/>\n<meta property=\"article:modified_time\" content=\"2026-01-12T14:53:56+00:00\" \/>\n<meta property=\"og:image\" content=\"https:\/\/www.novotek.com\/at\/wp-content\/uploads\/sites\/13\/IOT.jpg.webp\" \/>\n\t<meta property=\"og:image:width\" content=\"600\" \/>\n\t<meta property=\"og:image:height\" content=\"360\" \/>\n\t<meta property=\"og:image:type\" content=\"image\/jpeg\" \/>\n<meta name=\"twitter:card\" content=\"summary_large_image\" \/>\n<meta name=\"twitter:label1\" content=\"Gesch\u00e4tzte Lesezeit\" \/>\n\t<meta name=\"twitter:data1\" content=\"4\u00a0Minuten\" \/>\n<script type=\"application\/ld+json\" class=\"yoast-schema-graph\">{\"@context\":\"https:\\\/\\\/schema.org\",\"@graph\":[{\"@type\":\"WebPage\",\"@id\":\"https:\\\/\\\/www.novotek.com\\\/at\\\/dataops\\\/\",\"url\":\"https:\\\/\\\/www.novotek.com\\\/at\\\/dataops\\\/\",\"name\":\"DataOps - Novotek Austria\",\"isPartOf\":{\"@id\":\"https:\\\/\\\/www.novotek.com\\\/at\\\/#website\"},\"primaryImageOfPage\":{\"@id\":\"https:\\\/\\\/www.novotek.com\\\/at\\\/dataops\\\/#primaryimage\"},\"image\":{\"@id\":\"https:\\\/\\\/www.novotek.com\\\/at\\\/dataops\\\/#primaryimage\"},\"thumbnailUrl\":\"https:\\\/\\\/www.novotek.com\\\/at\\\/wp-content\\\/uploads\\\/sites\\\/13\\\/IOT.jpg.webp\",\"datePublished\":\"2025-01-30T12:27:49+00:00\",\"dateModified\":\"2026-01-12T14:53:56+00:00\",\"description\":\"Mit DataOps k\u00f6nnen Daten aus verschiedenen Quellen oder Systemen lokal (\u201eon the edge\u201c) erfasst, kontextualisiert und strukturiert werden.\",\"breadcrumb\":{\"@id\":\"https:\\\/\\\/www.novotek.com\\\/at\\\/dataops\\\/#breadcrumb\"},\"inLanguage\":\"de-CH\",\"potentialAction\":[{\"@type\":\"ReadAction\",\"target\":[\"https:\\\/\\\/www.novotek.com\\\/at\\\/dataops\\\/\"]}]},{\"@type\":\"ImageObject\",\"inLanguage\":\"de-CH\",\"@id\":\"https:\\\/\\\/www.novotek.com\\\/at\\\/dataops\\\/#primaryimage\",\"url\":\"https:\\\/\\\/www.novotek.com\\\/at\\\/wp-content\\\/uploads\\\/sites\\\/13\\\/IOT.jpg.webp\",\"contentUrl\":\"https:\\\/\\\/www.novotek.com\\\/at\\\/wp-content\\\/uploads\\\/sites\\\/13\\\/IOT.jpg.webp\",\"width\":600,\"height\":360},{\"@type\":\"BreadcrumbList\",\"@id\":\"https:\\\/\\\/www.novotek.com\\\/at\\\/dataops\\\/#breadcrumb\",\"itemListElement\":[{\"@type\":\"ListItem\",\"position\":1,\"name\":\"Home\",\"item\":\"https:\\\/\\\/www.novotek.com\\\/at\\\/\"},{\"@type\":\"ListItem\",\"position\":2,\"name\":\"DataOps\"}]},{\"@type\":\"WebSite\",\"@id\":\"https:\\\/\\\/www.novotek.com\\\/at\\\/#website\",\"url\":\"https:\\\/\\\/www.novotek.com\\\/at\\\/\",\"name\":\"Novotek Switzerland\",\"description\":\"Connect - Digitalize - Optimize\",\"potentialAction\":[{\"@type\":\"SearchAction\",\"target\":{\"@type\":\"EntryPoint\",\"urlTemplate\":\"https:\\\/\\\/www.novotek.com\\\/at\\\/?s={search_term_string}\"},\"query-input\":{\"@type\":\"PropertyValueSpecification\",\"valueRequired\":true,\"valueName\":\"search_term_string\"}}],\"inLanguage\":\"de-CH\"}]}<\/script>\n<!-- \/ Yoast SEO plugin. -->","yoast_head_json":{"title":"DataOps - Novotek Austria","description":"Mit DataOps k\u00f6nnen Daten aus verschiedenen Quellen oder Systemen lokal (\u201eon the edge\u201c) erfasst, kontextualisiert und strukturiert werden.","robots":{"index":"index","follow":"follow","max-snippet":"max-snippet:-1","max-image-preview":"max-image-preview:large","max-video-preview":"max-video-preview:-1"},"canonical":"https:\/\/www.novotek.com\/at\/dataops\/","og_locale":"de_DE","og_type":"article","og_title":"DataOps - Novotek Austria","og_description":"Mit DataOps k\u00f6nnen Daten aus verschiedenen Quellen oder Systemen lokal (\u201eon the edge\u201c) erfasst, kontextualisiert und strukturiert werden.","og_url":"https:\/\/www.novotek.com\/at\/dataops\/","og_site_name":"Novotek Austria","article_modified_time":"2026-01-12T14:53:56+00:00","og_image":[{"width":600,"height":360,"url":"https:\/\/www.novotek.com\/at\/wp-content\/uploads\/sites\/13\/IOT.jpg.webp","type":"image\/jpeg"}],"twitter_card":"summary_large_image","twitter_misc":{"Gesch\u00e4tzte Lesezeit":"4\u00a0Minuten"},"schema":{"@context":"https:\/\/schema.org","@graph":[{"@type":"WebPage","@id":"https:\/\/www.novotek.com\/at\/dataops\/","url":"https:\/\/www.novotek.com\/at\/dataops\/","name":"DataOps - Novotek Austria","isPartOf":{"@id":"https:\/\/www.novotek.com\/at\/#website"},"primaryImageOfPage":{"@id":"https:\/\/www.novotek.com\/at\/dataops\/#primaryimage"},"image":{"@id":"https:\/\/www.novotek.com\/at\/dataops\/#primaryimage"},"thumbnailUrl":"https:\/\/www.novotek.com\/at\/wp-content\/uploads\/sites\/13\/IOT.jpg.webp","datePublished":"2025-01-30T12:27:49+00:00","dateModified":"2026-01-12T14:53:56+00:00","description":"Mit DataOps k\u00f6nnen Daten aus verschiedenen Quellen oder Systemen lokal (\u201eon the edge\u201c) erfasst, kontextualisiert und strukturiert werden.","breadcrumb":{"@id":"https:\/\/www.novotek.com\/at\/dataops\/#breadcrumb"},"inLanguage":"de-CH","potentialAction":[{"@type":"ReadAction","target":["https:\/\/www.novotek.com\/at\/dataops\/"]}]},{"@type":"ImageObject","inLanguage":"de-CH","@id":"https:\/\/www.novotek.com\/at\/dataops\/#primaryimage","url":"https:\/\/www.novotek.com\/at\/wp-content\/uploads\/sites\/13\/IOT.jpg.webp","contentUrl":"https:\/\/www.novotek.com\/at\/wp-content\/uploads\/sites\/13\/IOT.jpg.webp","width":600,"height":360},{"@type":"BreadcrumbList","@id":"https:\/\/www.novotek.com\/at\/dataops\/#breadcrumb","itemListElement":[{"@type":"ListItem","position":1,"name":"Home","item":"https:\/\/www.novotek.com\/at\/"},{"@type":"ListItem","position":2,"name":"DataOps"}]},{"@type":"WebSite","@id":"https:\/\/www.novotek.com\/at\/#website","url":"https:\/\/www.novotek.com\/at\/","name":"Novotek Switzerland","description":"Connect - Digitalize - Optimize","potentialAction":[{"@type":"SearchAction","target":{"@type":"EntryPoint","urlTemplate":"https:\/\/www.novotek.com\/at\/?s={search_term_string}"},"query-input":{"@type":"PropertyValueSpecification","valueRequired":true,"valueName":"search_term_string"}}],"inLanguage":"de-CH"}]}},"_links":{"self":[{"href":"https:\/\/www.novotek.com\/at\/wp-json\/wp\/v2\/pages\/23338","targetHints":{"allow":["GET"]}}],"collection":[{"href":"https:\/\/www.novotek.com\/at\/wp-json\/wp\/v2\/pages"}],"about":[{"href":"https:\/\/www.novotek.com\/at\/wp-json\/wp\/v2\/types\/page"}],"author":[{"embeddable":true,"href":"https:\/\/www.novotek.com\/at\/wp-json\/wp\/v2\/users\/45"}],"replies":[{"embeddable":true,"href":"https:\/\/www.novotek.com\/at\/wp-json\/wp\/v2\/comments?post=23338"}],"version-history":[{"count":16,"href":"https:\/\/www.novotek.com\/at\/wp-json\/wp\/v2\/pages\/23338\/revisions"}],"predecessor-version":[{"id":26048,"href":"https:\/\/www.novotek.com\/at\/wp-json\/wp\/v2\/pages\/23338\/revisions\/26048"}],"wp:featuredmedia":[{"embeddable":true,"href":"https:\/\/www.novotek.com\/at\/wp-json\/wp\/v2\/media\/23342"}],"wp:attachment":[{"href":"https:\/\/www.novotek.com\/at\/wp-json\/wp\/v2\/media?parent=23338"}],"curies":[{"name":"wp","href":"https:\/\/api.w.org\/{rel}","templated":true}]}}