{"id":23369,"date":"2025-01-30T13:01:03","date_gmt":"2025-01-30T13:01:03","guid":{"rendered":"https:\/\/www.novotek.com\/at\/?page_id=23369"},"modified":"2025-08-18T08:33:11","modified_gmt":"2025-08-18T08:33:11","slug":"data-historian","status":"publish","type":"page","link":"https:\/\/www.novotek.com\/at\/data-historian\/","title":{"rendered":"Data Historian"},"content":{"rendered":"  <div class=\"hero\">\n    <div class=\"carousel hero-slider small\" data-flickity data-flickity-options='{\"prevNextButtons\": false}'>\n              <div class=\"carousel-cell\">\n          <div class=\"container\">\n            <div class=\"hero-content\">\n                              <h2>Data Historian<\/h2>\n<p>Erm\u00f6glichen Sie die Speicherung industrieller Daten und Alarme f\u00fcr <strong>Trendanalysen, Berichterstellung und umfassende Datenanalysen<\/strong>.<\/p>\n              \n                          <\/div>\n          <\/div>\n\n          <img decoding=\"async\" width=\"1024\" height=\"427\" src=\"https:\/\/www.novotek.com\/at\/wp-content\/uploads\/sites\/13\/Novotek_HighByte_IntelligenceHub_duotone_1920x800-1024x427.jpg.webp\" class=\"hero-bg\" alt=\"Hero Img\" fetchpriority=\"high\" srcset=\"https:\/\/www.novotek.com\/at\/wp-content\/uploads\/sites\/13\/Novotek_HighByte_IntelligenceHub_duotone_1920x800-1024x427.jpg.webp 1024w, https:\/\/www.novotek.com\/at\/wp-content\/uploads\/sites\/13\/Novotek_HighByte_IntelligenceHub_duotone_1920x800-300x125.jpg.webp 300w, https:\/\/www.novotek.com\/at\/wp-content\/uploads\/sites\/13\/Novotek_HighByte_IntelligenceHub_duotone_1920x800-768x320.jpg.webp 768w, https:\/\/www.novotek.com\/at\/wp-content\/uploads\/sites\/13\/Novotek_HighByte_IntelligenceHub_duotone_1920x800-1536x640.jpg.webp 1536w, https:\/\/www.novotek.com\/at\/wp-content\/uploads\/sites\/13\/Novotek_HighByte_IntelligenceHub_duotone_1920x800.jpg.webp 1920w\" sizes=\"(max-width: 1024px) 100vw, 1024px\" \/>                  <\/div>\n          <\/div>\n\n      <\/div>\n\n   \n\n\n<div class=\"container-md spacer  \">\n<div style=\"height:20px\" aria-hidden=\"true\" class=\"wp-block-spacer\"><\/div>\n<\/div>\n\n<div class=\"container-md group  alignwide\">\n<div class=\"wp-block-group alignwide\"><div class=\"wp-block-group__inner-container is-layout-constrained wp-block-group-is-layout-constrained\"><div class=\"container-md heading  \">\n<h1 class=\"wp-block-heading\">Speichern Sie Ihre Produktionsdaten bereits strukturiert an einem zentralen Ort?<\/h1>\n<\/div>\n\n<div class=\"container-md paragraph  \">\n<p>Erfahren Sie hier, warum Datenmanagement mit einem Data Historian als Fundament der digitalen Fabrik gilt. Entdecken Sie au\u00dferdem, welche Rolle GE Vernovas Proficy Historian dabei \u00fcbernimmt.<\/p>\n<\/div><\/div>\n<\/div><\/div>\n\n<div class=\"container-md spacer  \">\n<div style=\"height:100px\" aria-hidden=\"true\" class=\"wp-block-spacer\"><\/div>\n<\/div>\n\n<div class=\"container-md columns  alignwide\">\n<div class=\"wp-block-columns alignwide is-layout-flex wp-container-core-columns-is-layout-9d6595d7 wp-block-columns-is-layout-flex\"><div class=\"container-md column  \">\n<div class=\"wp-block-column is-layout-flow wp-block-column-is-layout-flow\"><div class=\"container-md heading  \">\n<h2 class=\"wp-block-heading\">Wie handhabt man gro\u00dfe Mengen industrieller Daten?<\/h2>\n<\/div>\n\n<div class=\"container-md paragraph  \">\n<p>In einer Fabrik gibt es oft Hunderte oder sogar Tausende von Prozessmessungen, die bei Bedarf jederzeit abrufbar sein m\u00fcssen. <\/p>\n<\/div>\n\n<div class=\"container-md paragraph  \">\n<p>Mit einem <strong>Data Historian<\/strong> werden all diese <strong>Big Data<\/strong> sicher und komprimiert gespeichert, sodass sie sp\u00e4ter schnell und effizient abgerufen und analysiert werden k\u00f6nnen.<\/p>\n<\/div><\/div>\n<\/div>\n\n<div class=\"container-md column  \">\n<div class=\"wp-block-column is-layout-flow wp-block-column-is-layout-flow\"><div class=\"container-md image  \">\n<figure class=\"wp-block-image size-full is-resized\"><img loading=\"lazy\" decoding=\"async\" width=\"600\" height=\"600\" src=\"https:\/\/www.novotek.com\/at\/wp-content\/uploads\/sites\/13\/Data-Historian.png\" alt=\"\" class=\"wp-image-23373\" style=\"width:400px;height:auto\" srcset=\"https:\/\/www.novotek.com\/at\/wp-content\/uploads\/sites\/13\/Data-Historian.png 600w, https:\/\/www.novotek.com\/at\/wp-content\/uploads\/sites\/13\/Data-Historian-300x300.png 300w, https:\/\/www.novotek.com\/at\/wp-content\/uploads\/sites\/13\/Data-Historian-150x150.png 150w, https:\/\/www.novotek.com\/at\/wp-content\/uploads\/sites\/13\/Data-Historian-86x86.png 86w, https:\/\/www.novotek.com\/at\/wp-content\/uploads\/sites\/13\/Data-Historian-306x306.png 306w, https:\/\/www.novotek.com\/at\/wp-content\/uploads\/sites\/13\/Data-Historian-400x400.png 400w\" sizes=\"auto, (max-width: 600px) 100vw, 600px\" \/><\/figure>\n<\/div><\/div>\n<\/div><\/div>\n<\/div>\n\n<div class=\"container-md group  alignwide\">\n<div class=\"wp-block-group alignwide\"><div class=\"wp-block-group__inner-container is-layout-constrained wp-block-group-is-layout-constrained\"><div class=\"container-md heading  \">\n<h2 class=\"wp-block-heading\">Strukturierte Datenspeicherung<\/h2>\n<\/div>\n\n<div class=\"container-md paragraph  \">\n<p>Moderne <strong>Data Historians<\/strong> nutzen ein sogenanntes <strong>Asset Model<\/strong>, um die erfassten Daten strukturiert abzubilden. Das Asset Model verkn\u00fcpft Anlagen, Maschinen und Komponenten logisch miteinander, sodass sich Daten nicht nur nach Zeit, sondern auch nach Kontext und Anlagenstruktur auswerten lassen.<\/p>\n<\/div>\n\n<div class=\"container-md paragraph  \">\n<p>Ein weiterer Vorteil heutiger Data-Historian-L\u00f6sungen liegt in ihrer offenen Architektur. Daten lassen sich \u00fcber Standards wie OPC UA, MQTT oder REST-APIs erfassen, aggregieren und sicher in die Cloud \u00fcbertragen. So k\u00f6nnen Unternehmen lokale Daten mit zentralen Analyse-Tools verbinden \u2013 ein wichtiger Schritt Richtung Industrial IoT.<\/p>\n<\/div><\/div>\n<\/div><\/div>\n\n<div class=\"container-md spacer  \">\n<div style=\"height:100px\" aria-hidden=\"true\" class=\"wp-block-spacer\"><\/div>\n<\/div>\n\n<div class=\"container-md columns  alignwide\">\n<div class=\"wp-block-columns alignwide is-layout-flex wp-container-core-columns-is-layout-9d6595d7 wp-block-columns-is-layout-flex\"><div class=\"container-md column  \">\n<div class=\"wp-block-column is-layout-flow wp-block-column-is-layout-flow\"><div class=\"container-md image  \">\n<figure class=\"wp-block-image size-full\"><img loading=\"lazy\" decoding=\"async\" width=\"1024\" height=\"683\" src=\"https:\/\/www.novotek.com\/at\/wp-content\/uploads\/sites\/13\/Historian_zirkel_Novotek-1024x683-1.png\" alt=\"\" class=\"wp-image-8143\" srcset=\"https:\/\/www.novotek.com\/at\/wp-content\/uploads\/sites\/13\/Historian_zirkel_Novotek-1024x683-1.png 1024w, https:\/\/www.novotek.com\/at\/wp-content\/uploads\/sites\/13\/Historian_zirkel_Novotek-1024x683-1-300x200.png 300w, https:\/\/www.novotek.com\/at\/wp-content\/uploads\/sites\/13\/Historian_zirkel_Novotek-1024x683-1-768x512.png 768w\" sizes=\"auto, (max-width: 1024px) 100vw, 1024px\" \/><\/figure>\n<\/div><\/div>\n<\/div>\n\n<div class=\"container-md column  \">\n<div class=\"wp-block-column is-layout-flow wp-block-column-is-layout-flow\"><div class=\"container-md heading  \">\n<h2 class=\"wp-block-heading\">Proficy Historian<\/h2>\n<\/div>\n\n<div class=\"container-md paragraph  \">\n<p>Proficy Historian von <a href=\"https:\/\/www.gevernova.com\/\">GE Vernova<\/a> ist eine Prozessdatenbank, die f\u00fcr die Erfassung, Speicherung und Verteilung grosser Mengen hochaufl\u00f6sender Prozess- und Produktionsdaten entwickelt wurde. Die Prozessdatenbank ist offen und kann Daten aus vielen verschiedenen Quellen wie z. B. OPC, MQTT, ODBC, XML\/CSV etc. \u00fcber entsprechende Kollektoren sammeln.<\/p>\n<\/div>\n\n<div class=\"container-md spacer  \">\n<div style=\"height:25px\" aria-hidden=\"true\" class=\"wp-block-spacer\"><\/div>\n<\/div>\n\n<div class=\"container-md buttons  \">\n<div class=\"wp-block-buttons is-layout-flex wp-block-buttons-is-layout-flex\"><div class=\"container-md button  \">\n<div class=\"wp-block-button\"><a class=\"wp-block-button__link has-background wp-element-button\" href=\"https:\/\/www.novotek.com\/at\/smart-factory-mes\/proficy-historian\/\" style=\"background-color:#e70029\" target=\"_blank\" rel=\"noreferrer noopener\">Proficy Historian<\/a><\/div>\n<\/div><\/div>\n<\/div><\/div>\n<\/div><\/div>\n<\/div>\n\n<div class=\"container-md spacer  \">\n<div style=\"height:100px\" aria-hidden=\"true\" class=\"wp-block-spacer\"><\/div>\n<\/div>","protected":false},"excerpt":{"rendered":"<p>Speichern Sie Ihre Produktionsdaten bereits strukturiert an einem zentralen Ort? Erfahren Sie hier, warum Datenmanagement mit einem Data Historian als Fundament der digitalen Fabrik gilt. Entdecken Sie au\u00dferdem, welche Rolle GE Vernovas Proficy Historian dabei \u00fcbernimmt. Wie handhabt man gro\u00dfe Mengen industrieller Daten? In einer Fabrik gibt es oft Hunderte oder sogar Tausende von Prozessmessungen, [&hellip;]<\/p>\n","protected":false},"author":45,"featured_media":0,"parent":0,"menu_order":1,"comment_status":"closed","ping_status":"closed","template":"","meta":{"_acf_changed":false,"_relevanssi_hide_post":"","_relevanssi_pin_for_all":"","_relevanssi_pin_keywords":"","_relevanssi_unpin_keywords":"","_relevanssi_related_keywords":"","_relevanssi_related_include_ids":"","_relevanssi_related_exclude_ids":"","_relevanssi_related_no_append":"","_relevanssi_related_not_related":"","_relevanssi_related_posts":"6182,3220,6214,3195,3200,6233","_relevanssi_noindex_reason":"","footnotes":""},"class_list":["post-23369","page","type-page","status-publish","hentry"],"acf":[],"yoast_head":"<!-- This site is optimized with the Yoast SEO plugin v27.4 - https:\/\/yoast.com\/product\/yoast-seo-wordpress\/ -->\n<title>Data Historian - Novotek Austria<\/title>\n<meta name=\"description\" content=\"Erm\u00f6glichen Sie die Speicherung industrieller Daten und Alarme f\u00fcr Trendanalysen, Berichterstellung und Datenanalysen mit Data Historian.\" \/>\n<meta name=\"robots\" content=\"index, follow, max-snippet:-1, max-image-preview:large, max-video-preview:-1\" \/>\n<link rel=\"canonical\" href=\"https:\/\/www.novotek.com\/at\/data-historian\/\" \/>\n<meta property=\"og:locale\" content=\"de_DE\" \/>\n<meta property=\"og:type\" content=\"article\" \/>\n<meta property=\"og:title\" content=\"Data Historian - Novotek Austria\" \/>\n<meta property=\"og:description\" content=\"Erm\u00f6glichen Sie die Speicherung industrieller Daten und Alarme f\u00fcr Trendanalysen, Berichterstellung und Datenanalysen mit Data Historian.\" \/>\n<meta property=\"og:url\" content=\"https:\/\/www.novotek.com\/at\/data-historian\/\" \/>\n<meta property=\"og:site_name\" content=\"Novotek Austria\" \/>\n<meta property=\"article:modified_time\" content=\"2025-08-18T08:33:11+00:00\" \/>\n<meta property=\"og:image\" content=\"https:\/\/www.novotek.com\/at\/wp-content\/uploads\/sites\/13\/Data-Historian.png\" \/>\n<meta name=\"twitter:card\" content=\"summary_large_image\" \/>\n<meta name=\"twitter:label1\" content=\"Gesch\u00e4tzte Lesezeit\" \/>\n\t<meta name=\"twitter:data1\" content=\"2\u00a0Minuten\" \/>\n<script type=\"application\/ld+json\" class=\"yoast-schema-graph\">{\"@context\":\"https:\\\/\\\/schema.org\",\"@graph\":[{\"@type\":\"WebPage\",\"@id\":\"https:\\\/\\\/www.novotek.com\\\/at\\\/data-historian\\\/\",\"url\":\"https:\\\/\\\/www.novotek.com\\\/at\\\/data-historian\\\/\",\"name\":\"Data Historian - Novotek Austria\",\"isPartOf\":{\"@id\":\"https:\\\/\\\/www.novotek.com\\\/at\\\/#website\"},\"primaryImageOfPage\":{\"@id\":\"https:\\\/\\\/www.novotek.com\\\/at\\\/data-historian\\\/#primaryimage\"},\"image\":{\"@id\":\"https:\\\/\\\/www.novotek.com\\\/at\\\/data-historian\\\/#primaryimage\"},\"thumbnailUrl\":\"https:\\\/\\\/www.novotek.com\\\/at\\\/wp-content\\\/uploads\\\/sites\\\/13\\\/Data-Historian.png\",\"datePublished\":\"2025-01-30T13:01:03+00:00\",\"dateModified\":\"2025-08-18T08:33:11+00:00\",\"description\":\"Erm\u00f6glichen Sie die Speicherung industrieller Daten und Alarme f\u00fcr Trendanalysen, Berichterstellung und Datenanalysen mit Data Historian.\",\"breadcrumb\":{\"@id\":\"https:\\\/\\\/www.novotek.com\\\/at\\\/data-historian\\\/#breadcrumb\"},\"inLanguage\":\"de-CH\",\"potentialAction\":[{\"@type\":\"ReadAction\",\"target\":[\"https:\\\/\\\/www.novotek.com\\\/at\\\/data-historian\\\/\"]}]},{\"@type\":\"ImageObject\",\"inLanguage\":\"de-CH\",\"@id\":\"https:\\\/\\\/www.novotek.com\\\/at\\\/data-historian\\\/#primaryimage\",\"url\":\"https:\\\/\\\/www.novotek.com\\\/at\\\/wp-content\\\/uploads\\\/sites\\\/13\\\/Data-Historian.png.webp\",\"contentUrl\":\"https:\\\/\\\/www.novotek.com\\\/at\\\/wp-content\\\/uploads\\\/sites\\\/13\\\/Data-Historian.png.webp\",\"width\":600,\"height\":600},{\"@type\":\"BreadcrumbList\",\"@id\":\"https:\\\/\\\/www.novotek.com\\\/at\\\/data-historian\\\/#breadcrumb\",\"itemListElement\":[{\"@type\":\"ListItem\",\"position\":1,\"name\":\"Home\",\"item\":\"https:\\\/\\\/www.novotek.com\\\/at\\\/\"},{\"@type\":\"ListItem\",\"position\":2,\"name\":\"Data Historian\"}]},{\"@type\":\"WebSite\",\"@id\":\"https:\\\/\\\/www.novotek.com\\\/at\\\/#website\",\"url\":\"https:\\\/\\\/www.novotek.com\\\/at\\\/\",\"name\":\"Novotek Switzerland\",\"description\":\"Connect - Digitalize - Optimize\",\"potentialAction\":[{\"@type\":\"SearchAction\",\"target\":{\"@type\":\"EntryPoint\",\"urlTemplate\":\"https:\\\/\\\/www.novotek.com\\\/at\\\/?s={search_term_string}\"},\"query-input\":{\"@type\":\"PropertyValueSpecification\",\"valueRequired\":true,\"valueName\":\"search_term_string\"}}],\"inLanguage\":\"de-CH\"}]}<\/script>\n<!-- \/ Yoast SEO plugin. -->","yoast_head_json":{"title":"Data Historian - Novotek Austria","description":"Erm\u00f6glichen Sie die Speicherung industrieller Daten und Alarme f\u00fcr Trendanalysen, Berichterstellung und Datenanalysen mit Data Historian.","robots":{"index":"index","follow":"follow","max-snippet":"max-snippet:-1","max-image-preview":"max-image-preview:large","max-video-preview":"max-video-preview:-1"},"canonical":"https:\/\/www.novotek.com\/at\/data-historian\/","og_locale":"de_DE","og_type":"article","og_title":"Data Historian - Novotek Austria","og_description":"Erm\u00f6glichen Sie die Speicherung industrieller Daten und Alarme f\u00fcr Trendanalysen, Berichterstellung und Datenanalysen mit Data Historian.","og_url":"https:\/\/www.novotek.com\/at\/data-historian\/","og_site_name":"Novotek Austria","article_modified_time":"2025-08-18T08:33:11+00:00","og_image":[{"url":"https:\/\/www.novotek.com\/at\/wp-content\/uploads\/sites\/13\/Data-Historian.png","type":"","width":"","height":""}],"twitter_card":"summary_large_image","twitter_misc":{"Gesch\u00e4tzte Lesezeit":"2\u00a0Minuten"},"schema":{"@context":"https:\/\/schema.org","@graph":[{"@type":"WebPage","@id":"https:\/\/www.novotek.com\/at\/data-historian\/","url":"https:\/\/www.novotek.com\/at\/data-historian\/","name":"Data Historian - Novotek Austria","isPartOf":{"@id":"https:\/\/www.novotek.com\/at\/#website"},"primaryImageOfPage":{"@id":"https:\/\/www.novotek.com\/at\/data-historian\/#primaryimage"},"image":{"@id":"https:\/\/www.novotek.com\/at\/data-historian\/#primaryimage"},"thumbnailUrl":"https:\/\/www.novotek.com\/at\/wp-content\/uploads\/sites\/13\/Data-Historian.png","datePublished":"2025-01-30T13:01:03+00:00","dateModified":"2025-08-18T08:33:11+00:00","description":"Erm\u00f6glichen Sie die Speicherung industrieller Daten und Alarme f\u00fcr Trendanalysen, Berichterstellung und Datenanalysen mit Data Historian.","breadcrumb":{"@id":"https:\/\/www.novotek.com\/at\/data-historian\/#breadcrumb"},"inLanguage":"de-CH","potentialAction":[{"@type":"ReadAction","target":["https:\/\/www.novotek.com\/at\/data-historian\/"]}]},{"@type":"ImageObject","inLanguage":"de-CH","@id":"https:\/\/www.novotek.com\/at\/data-historian\/#primaryimage","url":"https:\/\/www.novotek.com\/at\/wp-content\/uploads\/sites\/13\/Data-Historian.png.webp","contentUrl":"https:\/\/www.novotek.com\/at\/wp-content\/uploads\/sites\/13\/Data-Historian.png.webp","width":600,"height":600},{"@type":"BreadcrumbList","@id":"https:\/\/www.novotek.com\/at\/data-historian\/#breadcrumb","itemListElement":[{"@type":"ListItem","position":1,"name":"Home","item":"https:\/\/www.novotek.com\/at\/"},{"@type":"ListItem","position":2,"name":"Data Historian"}]},{"@type":"WebSite","@id":"https:\/\/www.novotek.com\/at\/#website","url":"https:\/\/www.novotek.com\/at\/","name":"Novotek Switzerland","description":"Connect - Digitalize - Optimize","potentialAction":[{"@type":"SearchAction","target":{"@type":"EntryPoint","urlTemplate":"https:\/\/www.novotek.com\/at\/?s={search_term_string}"},"query-input":{"@type":"PropertyValueSpecification","valueRequired":true,"valueName":"search_term_string"}}],"inLanguage":"de-CH"}]}},"_links":{"self":[{"href":"https:\/\/www.novotek.com\/at\/wp-json\/wp\/v2\/pages\/23369","targetHints":{"allow":["GET"]}}],"collection":[{"href":"https:\/\/www.novotek.com\/at\/wp-json\/wp\/v2\/pages"}],"about":[{"href":"https:\/\/www.novotek.com\/at\/wp-json\/wp\/v2\/types\/page"}],"author":[{"embeddable":true,"href":"https:\/\/www.novotek.com\/at\/wp-json\/wp\/v2\/users\/45"}],"replies":[{"embeddable":true,"href":"https:\/\/www.novotek.com\/at\/wp-json\/wp\/v2\/comments?post=23369"}],"version-history":[{"count":11,"href":"https:\/\/www.novotek.com\/at\/wp-json\/wp\/v2\/pages\/23369\/revisions"}],"predecessor-version":[{"id":25791,"href":"https:\/\/www.novotek.com\/at\/wp-json\/wp\/v2\/pages\/23369\/revisions\/25791"}],"wp:attachment":[{"href":"https:\/\/www.novotek.com\/at\/wp-json\/wp\/v2\/media?parent=23369"}],"curies":[{"name":"wp","href":"https:\/\/api.w.org\/{rel}","templated":true}]}}