{"id":23420,"date":"2025-01-31T10:27:03","date_gmt":"2025-01-31T10:27:03","guid":{"rendered":"https:\/\/www.novotek.com\/at\/?page_id=23420"},"modified":"2025-08-20T11:22:41","modified_gmt":"2025-08-20T11:22:41","slug":"mepis-energy","status":"publish","type":"page","link":"https:\/\/www.novotek.com\/at\/mepis-energy\/","title":{"rendered":"Mepis Energy"},"content":{"rendered":"  <div class=\"hero\">\n    <div class=\"carousel hero-slider small\" data-flickity data-flickity-options='{\"prevNextButtons\": false}'>\n              <div class=\"carousel-cell\">\n          <div class=\"container\">\n            <div class=\"hero-content\">\n                              <h2>Mepis Energy<\/h2>\n<h3>Machen Sie Ihr Unternehmen energieeffizienter!<\/h3>\n<p><span class=\"field-value \"><span class=\"field-entry detail-inhalt\">MePIS Energy ist eine f\u00fchrende Energiemanagementsoftware f\u00fcr Produktion, Infrastruktur und Geb\u00e4ude. Mit unserer L\u00f6sung sparen Sie nicht nur Kosten, sondern tragen auch aktiv zum Umweltschutz bei und profitieren dabei von kurzen Amortisationszeiten.<\/span><\/span><\/p>\n              \n                          <\/div>\n          <\/div>\n\n          <img decoding=\"async\" width=\"1024\" height=\"477\" src=\"https:\/\/www.novotek.com\/at\/wp-content\/uploads\/sites\/13\/Titelbild-TUGinsight-1024x477.jpg.webp\" class=\"hero-bg\" alt=\"Hero Img\" fetchpriority=\"high\" srcset=\"https:\/\/www.novotek.com\/at\/wp-content\/uploads\/sites\/13\/Titelbild-TUGinsight-1024x477.jpg.webp 1024w, https:\/\/www.novotek.com\/at\/wp-content\/uploads\/sites\/13\/Titelbild-TUGinsight-300x140.jpg.webp 300w, https:\/\/www.novotek.com\/at\/wp-content\/uploads\/sites\/13\/Titelbild-TUGinsight-768x358.jpg.webp 768w, https:\/\/www.novotek.com\/at\/wp-content\/uploads\/sites\/13\/Titelbild-TUGinsight-1536x715.jpg.webp 1536w, https:\/\/www.novotek.com\/at\/wp-content\/uploads\/sites\/13\/Titelbild-TUGinsight-86x40.jpg.webp 86w, https:\/\/www.novotek.com\/at\/wp-content\/uploads\/sites\/13\/Titelbild-TUGinsight-306x142.jpg.webp 306w, https:\/\/www.novotek.com\/at\/wp-content\/uploads\/sites\/13\/Titelbild-TUGinsight-636x296.jpg.webp 636w, https:\/\/www.novotek.com\/at\/wp-content\/uploads\/sites\/13\/Titelbild-TUGinsight-1632x760.jpg.webp 1632w, https:\/\/www.novotek.com\/at\/wp-content\/uploads\/sites\/13\/Titelbild-TUGinsight.jpg.webp 1920w\" sizes=\"(max-width: 1024px) 100vw, 1024px\" \/>                  <\/div>\n          <\/div>\n\n      <\/div>\n\n   \n\n\n<div class=\"container-md spacer  \">\n<div style=\"height:20px\" aria-hidden=\"true\" class=\"wp-block-spacer\"><\/div>\n<\/div>\n\n<div class=\"container-md group  alignwide\">\n<div class=\"wp-block-group alignwide\"><div class=\"wp-block-group__inner-container is-layout-constrained wp-block-group-is-layout-constrained\"><div class=\"container-md paragraph  \">\n<p>Die innovative <a href=\"https:\/\/mepis.eu\/solutions\/mepis-energy\/\">Softwarel\u00f6sung<\/a> nutzt fortschrittliche Technologien, um Ihnen dabei zu helfen, die Energieverschwendung in Ihren Einrichtungen zu reduzieren und nachhaltige Ziele zu erreichen. Mit MePIS Energy k\u00f6nnen Sie Ihre Energiekosten senken, die Umwelt sch\u00fctzen und Ihre Wettbewerbsf\u00e4higkeit steigern. In Zeiten steigender Energiepreise und wachsender Umweltauflagen gewinnt ein effektives Energiemanagement zunehmend an Bedeutung. Mepis Energy bietet Ihnen hierf\u00fcr eine leistungsstarke Plattform, die alle relevanten Energiedaten sammelt, analysiert und \u00fcbersichtlich visualisiert.<\/p>\n<\/div>\n\n<div class=\"container-md paragraph  \">\n<p>Es ist skalierbar und eignet sich sowohl f\u00fcr kleine und mittelst\u00e4ndische Betriebe als auch f\u00fcr gro\u00dfe Industrieanlagen. Die benutzerfreundliche Oberfl\u00e4che sorgt daf\u00fcr, dass Ihre Mitarbeiter ohne umfangreiche Schulungen sofort produktiv arbeiten k\u00f6nnen.<\/p>\n<\/div>\n\n<div class=\"container-md paragraph  \">\n<p>Setzen Sie mit Mepis Energy auf eine smarte L\u00f6sung, die Ihnen Transparenz \u00fcber Ihren Energieverbrauch verschafft, Einsparpotenziale aufdeckt und so einen wesentlichen Beitrag zur nachhaltigen Unternehmensf\u00fchrung leistet.<\/p>\n<\/div><\/div>\n<\/div><\/div>\n\n<div class=\"container-md image  alignwide\">\n<figure class=\"wp-block-image alignwide size-large\"><img loading=\"lazy\" decoding=\"async\" width=\"1024\" height=\"527\" src=\"https:\/\/www.novotek.com\/at\/wp-content\/uploads\/sites\/13\/Mepis-Energy-1024x527.png\" alt=\"\" class=\"wp-image-23424\" srcset=\"https:\/\/www.novotek.com\/at\/wp-content\/uploads\/sites\/13\/Mepis-Energy-1024x527.png 1024w, https:\/\/www.novotek.com\/at\/wp-content\/uploads\/sites\/13\/Mepis-Energy-300x154.png 300w, https:\/\/www.novotek.com\/at\/wp-content\/uploads\/sites\/13\/Mepis-Energy-768x395.png 768w, https:\/\/www.novotek.com\/at\/wp-content\/uploads\/sites\/13\/Mepis-Energy-1536x790.png 1536w, https:\/\/www.novotek.com\/at\/wp-content\/uploads\/sites\/13\/Mepis-Energy-86x44.png 86w, https:\/\/www.novotek.com\/at\/wp-content\/uploads\/sites\/13\/Mepis-Energy-306x157.png 306w, https:\/\/www.novotek.com\/at\/wp-content\/uploads\/sites\/13\/Mepis-Energy-636x327.png 636w, https:\/\/www.novotek.com\/at\/wp-content\/uploads\/sites\/13\/Mepis-Energy-1632x840.png 1632w, https:\/\/www.novotek.com\/at\/wp-content\/uploads\/sites\/13\/Mepis-Energy.png 1874w\" sizes=\"auto, (max-width: 1024px) 100vw, 1024px\" \/><\/figure>\n<\/div>\n\n<div class=\"container-md spacer  \">\n<div style=\"height:50px\" aria-hidden=\"true\" class=\"wp-block-spacer\"><\/div>\n<\/div>\n\n  <div class=\"slider-column-parent\">\n    <div class=\"container\">\n      <div class=\"slider-column-title\">MEPIS Energy im \u00dcberblick<\/div>\n\n      <div class=\"row\">\n        <div class=\"col-12 col-md-4\"><div class=\"column-box\">\n  \n  \n      <div class=\"text\">\n      <h3>Realtime-Monitoring<\/h3>\n<p><span class=\"field-value \"><span class=\"field-entry collapsed-field-full\">\u00dcbersicht \u00fcber Ihren Energieverbrauch in Echtzeit.<\/span><\/span><\/p>\n    <\/div>\n  \n  \n  <\/div>\n\n<\/div><div class=\"col-12 col-md-4\"><div class=\"column-box\">\n  \n  \n      <div class=\"text\">\n      <h3>Analytik-Tools<\/h3>\n<p><span class=\"field-value \"><span class=\"field-entry collapsed-field-full\">Identifizieren Sie Verschwendung und steigern Sie die Effizienz durch Ressourcenoptimierung<\/span><\/span><\/p>\n    <\/div>\n  \n  \n  <\/div>\n\n<\/div><div class=\"col-12 col-md-4\"><div class=\"column-box\">\n  \n  \n      <div class=\"text\">\n      <h3>Alarmierung<\/h3>\n<p><span class=\"field-value \"><span class=\"field-entry collapsed-field-full\">Reagieren Sie schnell auf Abweichungen vom definierten Verbrauch<\/span><\/span><\/p>\n    <\/div>\n  \n  \n  <\/div>\n\n<\/div><div class=\"col-12 col-md-4\"><div class=\"column-box\">\n  \n  \n      <div class=\"text\">\n      <h3>ROI<\/h3>\n<p><span class=\"field-value \"><span class=\"field-entry collapsed-field-full\">Erzielen Sie einen hohen ROI dank unseres attraktiven Preismodells<\/span><\/span><\/p>\n    <\/div>\n  \n  \n  <\/div>\n\n<\/div><div class=\"col-12 col-md-4\"><div class=\"column-box\">\n  \n  \n      <div class=\"text\">\n      <h3>Modernes UI<\/h3>\n<p><span class=\"field-value \"><span class=\"field-entry collapsed-field-full\">Frei konfigurierbare Oberfl\u00e4che in HTML 5<\/span><\/span><\/p>\n    <\/div>\n  \n  \n  <\/div>\n\n<\/div><div class=\"col-12 col-md-4\"><div class=\"column-box\">\n  \n  \n      <div class=\"text\">\n      <h3>Konnektivit\u00e4t<\/h3>\n<p><span class=\"field-value \"><span class=\"field-entry collapsed-field-full\">Einfache Integration von verschiedensten Datenquellen (SQL \u2026)<\/span><\/span><\/p>\n    <\/div>\n  \n  \n  <\/div>\n\n<\/div>      <\/div>\n    <\/div>\n  <\/div>\n\n\n<div class=\"container-md spacer  \">\n<div style=\"height:50px\" aria-hidden=\"true\" class=\"wp-block-spacer\"><\/div>\n<\/div>\n\n<div class=\"container-md columns  alignwide\">\n<div class=\"wp-block-columns alignwide is-layout-flex wp-container-core-columns-is-layout-9d6595d7 wp-block-columns-is-layout-flex\"><div class=\"container-md column  \">\n<div class=\"wp-block-column is-layout-flow wp-block-column-is-layout-flow\"><div class=\"container-md image  \">\n<figure class=\"wp-block-image size-large is-resized\"><img loading=\"lazy\" decoding=\"async\" width=\"1024\" height=\"592\" src=\"https:\/\/www.novotek.com\/at\/wp-content\/uploads\/sites\/13\/MEPIS-Energy-Zeitvergleich-1024x592.png\" alt=\"\" class=\"wp-image-23433\" style=\"width:385px;height:auto\" srcset=\"https:\/\/www.novotek.com\/at\/wp-content\/uploads\/sites\/13\/MEPIS-Energy-Zeitvergleich-1024x592.png 1024w, https:\/\/www.novotek.com\/at\/wp-content\/uploads\/sites\/13\/MEPIS-Energy-Zeitvergleich-300x174.png 300w, https:\/\/www.novotek.com\/at\/wp-content\/uploads\/sites\/13\/MEPIS-Energy-Zeitvergleich-768x444.png 768w, https:\/\/www.novotek.com\/at\/wp-content\/uploads\/sites\/13\/MEPIS-Energy-Zeitvergleich-1536x888.png 1536w, https:\/\/www.novotek.com\/at\/wp-content\/uploads\/sites\/13\/MEPIS-Energy-Zeitvergleich-2048x1184.png 2048w, https:\/\/www.novotek.com\/at\/wp-content\/uploads\/sites\/13\/MEPIS-Energy-Zeitvergleich-86x50.png 86w, https:\/\/www.novotek.com\/at\/wp-content\/uploads\/sites\/13\/MEPIS-Energy-Zeitvergleich-306x177.png 306w, https:\/\/www.novotek.com\/at\/wp-content\/uploads\/sites\/13\/MEPIS-Energy-Zeitvergleich-636x368.png 636w, https:\/\/www.novotek.com\/at\/wp-content\/uploads\/sites\/13\/MEPIS-Energy-Zeitvergleich-1632x944.png 1632w\" sizes=\"auto, (max-width: 1024px) 100vw, 1024px\" \/><\/figure>\n<\/div>\n\n<div class=\"container-md image  \">\n<figure class=\"wp-block-image size-large is-resized\"><img loading=\"lazy\" decoding=\"async\" width=\"1024\" height=\"593\" src=\"https:\/\/www.novotek.com\/at\/wp-content\/uploads\/sites\/13\/MEPIS-Energy-Sankey-Diagramm-1024x593.png\" alt=\"\" class=\"wp-image-23430\" style=\"width:389px;height:auto\" srcset=\"https:\/\/www.novotek.com\/at\/wp-content\/uploads\/sites\/13\/MEPIS-Energy-Sankey-Diagramm-1024x593.png 1024w, https:\/\/www.novotek.com\/at\/wp-content\/uploads\/sites\/13\/MEPIS-Energy-Sankey-Diagramm-300x174.png 300w, https:\/\/www.novotek.com\/at\/wp-content\/uploads\/sites\/13\/MEPIS-Energy-Sankey-Diagramm-768x445.png 768w, https:\/\/www.novotek.com\/at\/wp-content\/uploads\/sites\/13\/MEPIS-Energy-Sankey-Diagramm-1536x890.png 1536w, https:\/\/www.novotek.com\/at\/wp-content\/uploads\/sites\/13\/MEPIS-Energy-Sankey-Diagramm-2048x1187.png 2048w, https:\/\/www.novotek.com\/at\/wp-content\/uploads\/sites\/13\/MEPIS-Energy-Sankey-Diagramm-86x50.png 86w, https:\/\/www.novotek.com\/at\/wp-content\/uploads\/sites\/13\/MEPIS-Energy-Sankey-Diagramm-306x177.png 306w, https:\/\/www.novotek.com\/at\/wp-content\/uploads\/sites\/13\/MEPIS-Energy-Sankey-Diagramm-636x369.png 636w, https:\/\/www.novotek.com\/at\/wp-content\/uploads\/sites\/13\/MEPIS-Energy-Sankey-Diagramm-1632x946.png 1632w\" sizes=\"auto, (max-width: 1024px) 100vw, 1024px\" \/><\/figure>\n<\/div><\/div>\n<\/div>\n\n<div class=\"container-md column  \">\n<div class=\"wp-block-column is-layout-flow wp-block-column-is-layout-flow\"><div class=\"container-md heading  \">\n<h2 class=\"wp-block-heading\">Funktionen<\/h2>\n<\/div>\n\n<div class=\"container-md list  \">\n<ul class=\"wp-block-list\"><div class=\"container-md list-item  \">\n<li>\u00dcbersichtliche Darstellung durch Trendanalysen, Zeitvergleiche, Heat-Maps, Sankey-Diagramme uvm.<\/li>\n<\/div>\n\n<div class=\"container-md list-item  \">\n<li>Erstellung von Berichten zu Energieverbrauch, Nachhaltigkeit, ESG und mehr<\/li>\n<\/div>\n\n<div class=\"container-md list-item  \">\n<li>Datenexport und zentrale Datenverwaltung nach Enterprise- und Business-Datenmodellen (ISA-95\/ISA-S88 Standard)<\/li>\n<\/div>\n\n<div class=\"container-md list-item  \">\n<li>Unterst\u00fctzung f\u00fcr virtuelle Messger\u00e4te und komplexe KPI-Berechnungen<\/li>\n<\/div>\n\n<div class=\"container-md list-item  \">\n<li>Benutzerverwaltung inklusive Alarmierungsfunktion<\/li>\n<\/div>\n\n<div class=\"container-md list-item  \">\n<li>Verwaltung von Energiemanagementprojekten und Planung von Ma\u00dfnahmen mit \u00fcbersichtlichen Kanban-Boards<\/li>\n<\/div>\n\n<div class=\"container-md list-item  \">\n<li>Unterst\u00fctzt Ihre Managementsysteme (ISO 50001, ISO 14001, EMAS)<\/li>\n<\/div>\n\n<div class=\"container-md list-item  \">\n<li>Und vieles mehr\u2026<\/li>\n<\/div><\/ul>\n<\/div><\/div>\n<\/div><\/div>\n<\/div>\n\n<div class=\"container media-text  \">\n<div class=\"wp-block-media-text has-media-on-the-right is-stacked-on-mobile\" style=\"grid-template-columns:auto 40%\"><div class=\"wp-block-media-text__content\"><div class=\"container-md heading  \">\n<h2 class=\"wp-block-heading\" id=\"h-eine-leistungsstarke-losung-mit-vielen-funktionen\">Nutzen<\/h2>\n<\/div>\n\n<div class=\"container-md group  \">\n<div class=\"wp-block-group is-vertical is-layout-flex wp-container-core-group-is-layout-8cf370e7 wp-block-group-is-layout-flex\"><div class=\"container-md heading  \">\n<h3 class=\"wp-block-heading has-medium-font-size\">1. ISO 14001, EMAS und ESG<\/h3>\n<\/div>\n\n<div class=\"container-md paragraph  \">\n<p>MePIS Energy unterst\u00fctzt Ihre Managementsysteme nach ISO 14001 und EMAS und hilft Ihnen, ESG-Ziele zu erreichen.<\/p>\n<\/div><\/div>\n<\/div>\n\n<div class=\"container-md group  \">\n<div class=\"wp-block-group is-vertical is-layout-flex wp-container-core-group-is-layout-8cf370e7 wp-block-group-is-layout-flex\"><div class=\"container-md heading  \">\n<h3 class=\"wp-block-heading has-medium-font-size\">2. Energiemanagement, Geb\u00e4udemanagement und Abfallmanagement<\/h3>\n<\/div>\n\n<div class=\"container-md paragraph  \">\n<p>MePIS Energy unterst\u00fctzt Ihre Managementsysteme nach ISO 14001 und EMAS und hilft Ihnen, ESG-Ziele zu erreichen.<\/p>\n<\/div>\n\n<div class=\"container-md spacer  \">\n<div style=\"height:0px\" aria-hidden=\"true\" class=\"wp-block-spacer wp-container-content-b30579f5\"><\/div>\n<\/div><\/div>\n<\/div><\/div><figure class=\"wp-block-media-text__media\"><img loading=\"lazy\" decoding=\"async\" width=\"1024\" height=\"605\" src=\"https:\/\/www.novotek.com\/at\/wp-content\/uploads\/sites\/13\/Top-consumers-1024x605.png\" alt=\"\" class=\"wp-image-23435 size-full\" srcset=\"https:\/\/www.novotek.com\/at\/wp-content\/uploads\/sites\/13\/Top-consumers-1024x605.png 1024w, https:\/\/www.novotek.com\/at\/wp-content\/uploads\/sites\/13\/Top-consumers-300x177.png 300w, https:\/\/www.novotek.com\/at\/wp-content\/uploads\/sites\/13\/Top-consumers-768x454.png 768w, https:\/\/www.novotek.com\/at\/wp-content\/uploads\/sites\/13\/Top-consumers-86x51.png 86w, https:\/\/www.novotek.com\/at\/wp-content\/uploads\/sites\/13\/Top-consumers-306x181.png 306w, https:\/\/www.novotek.com\/at\/wp-content\/uploads\/sites\/13\/Top-consumers-636x376.png 636w, https:\/\/www.novotek.com\/at\/wp-content\/uploads\/sites\/13\/Top-consumers.png 1441w\" sizes=\"auto, (max-width: 1024px) 100vw, 1024px\" \/><\/figure><\/div>\n<\/div>\n\n<div class=\"container media-text  \">\n<div class=\"wp-block-media-text has-media-on-the-right is-stacked-on-mobile\" style=\"grid-template-columns:auto 40%\"><div class=\"wp-block-media-text__content\"><div class=\"container-md group  \">\n<div class=\"wp-block-group is-vertical is-layout-flex wp-container-core-group-is-layout-8cf370e7 wp-block-group-is-layout-flex\"><div class=\"container-md heading  \">\n<h3 class=\"wp-block-heading has-medium-font-size\">3. Energiekosten und Stromkosten<\/h3>\n<\/div>\n\n<div class=\"container-md paragraph  \">\n<p>Senken Sie Ihre Energiekosten um bis zu 20%, behalten Sie den \u00dcberblick \u00fcber Ihre Stromkosten und steigern Sie Ihre Rentabilit\u00e4t.<\/p>\n<\/div><\/div>\n<\/div>\n\n<div class=\"container-md group  \">\n<div class=\"wp-block-group is-vertical is-layout-flex wp-container-core-group-is-layout-8cf370e7 wp-block-group-is-layout-flex\"><div class=\"container-md heading  \">\n<h3 class=\"wp-block-heading has-medium-font-size\">4. Umweltmanagement und Nachhaltigkeit<\/h3>\n<\/div>\n\n<div class=\"container-md paragraph  \">\n<p>Sch\u00fctzen Sie die Umwelt und reduzieren Sie Treibhausgasemissionen.<\/p>\n<\/div><\/div>\n<\/div><\/div><figure class=\"wp-block-media-text__media\"><\/figure><\/div>\n<\/div>\n\n<div class=\"container-md spacer  \">\n<div style=\"height:50px\" aria-hidden=\"true\" class=\"wp-block-spacer\"><\/div>\n<\/div>\n\n<div class=\"container-md heading  \">\n<h3 class=\"wp-block-heading\">N\u00e4here Informationen&nbsp;<\/h3>\n<\/div>\n\n<div class=\"container-md buttons  \">\n<div class=\"wp-block-buttons is-horizontal is-content-justification-center is-nowrap is-layout-flex wp-container-core-buttons-is-layout-fc65f29c wp-block-buttons-is-layout-flex\"><div class=\"container-md button  \">\n<div class=\"wp-block-button\"><a class=\"wp-block-button__link has-novotek-red-background-color has-background wp-element-button\" href=\"https:\/\/www.novotek.com\/at\/wp-content\/uploads\/sites\/13\/Novotek_MePIS-Energy_Industrie_AT.pdf\" target=\"_blank\" rel=\"noreferrer noopener\">Mepis Energy Brosch\u00fcre<\/a><\/div>\n<\/div><\/div>\n<\/div>\n\n<div class=\"container-md spacer  \">\n<div style=\"height:50px\" aria-hidden=\"true\" class=\"wp-block-spacer\"><\/div>\n<\/div>","protected":false},"excerpt":{"rendered":"<p>Die innovative Softwarel\u00f6sung nutzt fortschrittliche Technologien, um Ihnen dabei zu helfen, die Energieverschwendung in Ihren Einrichtungen zu reduzieren und nachhaltige Ziele zu erreichen. Mit MePIS Energy k\u00f6nnen Sie Ihre Energiekosten senken, die Umwelt sch\u00fctzen und Ihre Wettbewerbsf\u00e4higkeit steigern. In Zeiten steigender Energiepreise und wachsender Umweltauflagen gewinnt ein effektives Energiemanagement zunehmend an Bedeutung. Mepis Energy bietet [&hellip;]<\/p>\n","protected":false},"author":45,"featured_media":0,"parent":0,"menu_order":1,"comment_status":"closed","ping_status":"closed","template":"","meta":{"_acf_changed":false,"_relevanssi_hide_post":"","_relevanssi_pin_for_all":"","_relevanssi_pin_keywords":"","_relevanssi_unpin_keywords":"","_relevanssi_related_keywords":"","_relevanssi_related_include_ids":"","_relevanssi_related_exclude_ids":"","_relevanssi_related_no_append":"","_relevanssi_related_not_related":"","_relevanssi_related_posts":"6182,3220,6214,3195,3200,6233","_relevanssi_noindex_reason":"","footnotes":""},"class_list":["post-23420","page","type-page","status-publish","hentry"],"acf":[],"yoast_head":"<!-- This site is optimized with the Yoast SEO plugin v27.4 - https:\/\/yoast.com\/product\/yoast-seo-wordpress\/ -->\n<title>Mepis Energy - Novotek Austria<\/title>\n<meta name=\"description\" content=\"MePIS Energy ist eine f\u00fchrende Energiemanagementsoftware mit der Sie Kosten sparen und auch aktiv zum Umweltschutz beitragen k\u00f6nnen.\" \/>\n<meta name=\"robots\" content=\"index, follow, max-snippet:-1, max-image-preview:large, max-video-preview:-1\" \/>\n<link rel=\"canonical\" href=\"https:\/\/www.novotek.com\/at\/mepis-energy\/\" \/>\n<meta property=\"og:locale\" content=\"de_DE\" \/>\n<meta property=\"og:type\" content=\"article\" \/>\n<meta property=\"og:title\" content=\"Mepis Energy - Novotek Austria\" \/>\n<meta property=\"og:description\" content=\"MePIS Energy ist eine f\u00fchrende Energiemanagementsoftware mit der Sie Kosten sparen und auch aktiv zum Umweltschutz beitragen k\u00f6nnen.\" \/>\n<meta property=\"og:url\" content=\"https:\/\/www.novotek.com\/at\/mepis-energy\/\" \/>\n<meta property=\"og:site_name\" content=\"Novotek Austria\" \/>\n<meta property=\"article:modified_time\" content=\"2025-08-20T11:22:41+00:00\" \/>\n<meta property=\"og:image\" content=\"https:\/\/www.novotek.com\/at\/wp-content\/uploads\/sites\/13\/Mepis-Energy-1024x527.png\" \/>\n<meta name=\"twitter:card\" content=\"summary_large_image\" \/>\n<meta name=\"twitter:label1\" content=\"Gesch\u00e4tzte Lesezeit\" \/>\n\t<meta name=\"twitter:data1\" content=\"3\u00a0Minuten\" \/>\n<script type=\"application\/ld+json\" class=\"yoast-schema-graph\">{\"@context\":\"https:\\\/\\\/schema.org\",\"@graph\":[{\"@type\":\"WebPage\",\"@id\":\"https:\\\/\\\/www.novotek.com\\\/at\\\/mepis-energy\\\/\",\"url\":\"https:\\\/\\\/www.novotek.com\\\/at\\\/mepis-energy\\\/\",\"name\":\"Mepis Energy - Novotek Austria\",\"isPartOf\":{\"@id\":\"https:\\\/\\\/www.novotek.com\\\/at\\\/#website\"},\"primaryImageOfPage\":{\"@id\":\"https:\\\/\\\/www.novotek.com\\\/at\\\/mepis-energy\\\/#primaryimage\"},\"image\":{\"@id\":\"https:\\\/\\\/www.novotek.com\\\/at\\\/mepis-energy\\\/#primaryimage\"},\"thumbnailUrl\":\"https:\\\/\\\/www.novotek.com\\\/at\\\/wp-content\\\/uploads\\\/sites\\\/13\\\/Mepis-Energy-1024x527.png\",\"datePublished\":\"2025-01-31T10:27:03+00:00\",\"dateModified\":\"2025-08-20T11:22:41+00:00\",\"description\":\"MePIS Energy ist eine f\u00fchrende Energiemanagementsoftware mit der Sie Kosten sparen und auch aktiv zum Umweltschutz beitragen k\u00f6nnen.\",\"breadcrumb\":{\"@id\":\"https:\\\/\\\/www.novotek.com\\\/at\\\/mepis-energy\\\/#breadcrumb\"},\"inLanguage\":\"de-CH\",\"potentialAction\":[{\"@type\":\"ReadAction\",\"target\":[\"https:\\\/\\\/www.novotek.com\\\/at\\\/mepis-energy\\\/\"]}]},{\"@type\":\"ImageObject\",\"inLanguage\":\"de-CH\",\"@id\":\"https:\\\/\\\/www.novotek.com\\\/at\\\/mepis-energy\\\/#primaryimage\",\"url\":\"https:\\\/\\\/www.novotek.com\\\/at\\\/wp-content\\\/uploads\\\/sites\\\/13\\\/Mepis-Energy.png.webp\",\"contentUrl\":\"https:\\\/\\\/www.novotek.com\\\/at\\\/wp-content\\\/uploads\\\/sites\\\/13\\\/Mepis-Energy.png.webp\",\"width\":1874,\"height\":964},{\"@type\":\"BreadcrumbList\",\"@id\":\"https:\\\/\\\/www.novotek.com\\\/at\\\/mepis-energy\\\/#breadcrumb\",\"itemListElement\":[{\"@type\":\"ListItem\",\"position\":1,\"name\":\"Home\",\"item\":\"https:\\\/\\\/www.novotek.com\\\/at\\\/\"},{\"@type\":\"ListItem\",\"position\":2,\"name\":\"Mepis Energy\"}]},{\"@type\":\"WebSite\",\"@id\":\"https:\\\/\\\/www.novotek.com\\\/at\\\/#website\",\"url\":\"https:\\\/\\\/www.novotek.com\\\/at\\\/\",\"name\":\"Novotek Switzerland\",\"description\":\"Connect - Digitalize - Optimize\",\"potentialAction\":[{\"@type\":\"SearchAction\",\"target\":{\"@type\":\"EntryPoint\",\"urlTemplate\":\"https:\\\/\\\/www.novotek.com\\\/at\\\/?s={search_term_string}\"},\"query-input\":{\"@type\":\"PropertyValueSpecification\",\"valueRequired\":true,\"valueName\":\"search_term_string\"}}],\"inLanguage\":\"de-CH\"}]}<\/script>\n<!-- \/ Yoast SEO plugin. -->","yoast_head_json":{"title":"Mepis Energy - Novotek Austria","description":"MePIS Energy ist eine f\u00fchrende Energiemanagementsoftware mit der Sie Kosten sparen und auch aktiv zum Umweltschutz beitragen k\u00f6nnen.","robots":{"index":"index","follow":"follow","max-snippet":"max-snippet:-1","max-image-preview":"max-image-preview:large","max-video-preview":"max-video-preview:-1"},"canonical":"https:\/\/www.novotek.com\/at\/mepis-energy\/","og_locale":"de_DE","og_type":"article","og_title":"Mepis Energy - Novotek Austria","og_description":"MePIS Energy ist eine f\u00fchrende Energiemanagementsoftware mit der Sie Kosten sparen und auch aktiv zum Umweltschutz beitragen k\u00f6nnen.","og_url":"https:\/\/www.novotek.com\/at\/mepis-energy\/","og_site_name":"Novotek Austria","article_modified_time":"2025-08-20T11:22:41+00:00","og_image":[{"url":"https:\/\/www.novotek.com\/at\/wp-content\/uploads\/sites\/13\/Mepis-Energy-1024x527.png","type":"","width":"","height":""}],"twitter_card":"summary_large_image","twitter_misc":{"Gesch\u00e4tzte Lesezeit":"3\u00a0Minuten"},"schema":{"@context":"https:\/\/schema.org","@graph":[{"@type":"WebPage","@id":"https:\/\/www.novotek.com\/at\/mepis-energy\/","url":"https:\/\/www.novotek.com\/at\/mepis-energy\/","name":"Mepis Energy - Novotek Austria","isPartOf":{"@id":"https:\/\/www.novotek.com\/at\/#website"},"primaryImageOfPage":{"@id":"https:\/\/www.novotek.com\/at\/mepis-energy\/#primaryimage"},"image":{"@id":"https:\/\/www.novotek.com\/at\/mepis-energy\/#primaryimage"},"thumbnailUrl":"https:\/\/www.novotek.com\/at\/wp-content\/uploads\/sites\/13\/Mepis-Energy-1024x527.png","datePublished":"2025-01-31T10:27:03+00:00","dateModified":"2025-08-20T11:22:41+00:00","description":"MePIS Energy ist eine f\u00fchrende Energiemanagementsoftware mit der Sie Kosten sparen und auch aktiv zum Umweltschutz beitragen k\u00f6nnen.","breadcrumb":{"@id":"https:\/\/www.novotek.com\/at\/mepis-energy\/#breadcrumb"},"inLanguage":"de-CH","potentialAction":[{"@type":"ReadAction","target":["https:\/\/www.novotek.com\/at\/mepis-energy\/"]}]},{"@type":"ImageObject","inLanguage":"de-CH","@id":"https:\/\/www.novotek.com\/at\/mepis-energy\/#primaryimage","url":"https:\/\/www.novotek.com\/at\/wp-content\/uploads\/sites\/13\/Mepis-Energy.png.webp","contentUrl":"https:\/\/www.novotek.com\/at\/wp-content\/uploads\/sites\/13\/Mepis-Energy.png.webp","width":1874,"height":964},{"@type":"BreadcrumbList","@id":"https:\/\/www.novotek.com\/at\/mepis-energy\/#breadcrumb","itemListElement":[{"@type":"ListItem","position":1,"name":"Home","item":"https:\/\/www.novotek.com\/at\/"},{"@type":"ListItem","position":2,"name":"Mepis Energy"}]},{"@type":"WebSite","@id":"https:\/\/www.novotek.com\/at\/#website","url":"https:\/\/www.novotek.com\/at\/","name":"Novotek Switzerland","description":"Connect - Digitalize - Optimize","potentialAction":[{"@type":"SearchAction","target":{"@type":"EntryPoint","urlTemplate":"https:\/\/www.novotek.com\/at\/?s={search_term_string}"},"query-input":{"@type":"PropertyValueSpecification","valueRequired":true,"valueName":"search_term_string"}}],"inLanguage":"de-CH"}]}},"_links":{"self":[{"href":"https:\/\/www.novotek.com\/at\/wp-json\/wp\/v2\/pages\/23420","targetHints":{"allow":["GET"]}}],"collection":[{"href":"https:\/\/www.novotek.com\/at\/wp-json\/wp\/v2\/pages"}],"about":[{"href":"https:\/\/www.novotek.com\/at\/wp-json\/wp\/v2\/types\/page"}],"author":[{"embeddable":true,"href":"https:\/\/www.novotek.com\/at\/wp-json\/wp\/v2\/users\/45"}],"replies":[{"embeddable":true,"href":"https:\/\/www.novotek.com\/at\/wp-json\/wp\/v2\/comments?post=23420"}],"version-history":[{"count":24,"href":"https:\/\/www.novotek.com\/at\/wp-json\/wp\/v2\/pages\/23420\/revisions"}],"predecessor-version":[{"id":25883,"href":"https:\/\/www.novotek.com\/at\/wp-json\/wp\/v2\/pages\/23420\/revisions\/25883"}],"wp:attachment":[{"href":"https:\/\/www.novotek.com\/at\/wp-json\/wp\/v2\/media?parent=23420"}],"curies":[{"name":"wp","href":"https:\/\/api.w.org\/{rel}","templated":true}]}}