{"id":23467,"date":"2025-01-31T11:14:03","date_gmt":"2025-01-31T11:14:03","guid":{"rendered":"https:\/\/www.novotek.com\/at\/?page_id=23467"},"modified":"2025-06-30T07:45:11","modified_gmt":"2025-06-30T07:45:11","slug":"produktionsplanung-2","status":"publish","type":"page","link":"https:\/\/www.novotek.com\/at\/produktionsplanung-2\/","title":{"rendered":"Produktionsplanung"},"content":{"rendered":"  <div class=\"hero\">\n    <div class=\"carousel hero-slider small\" data-flickity data-flickity-options='{\"prevNextButtons\": false}'>\n              <div class=\"carousel-cell\">\n          <div class=\"container\">\n            <div class=\"hero-content\">\n                              <h2>Produktionsplanung<\/h2>\n<p>Wie ein agiles Planungswerkzeug Ihre Wettbewerbsf\u00e4higkeit durch Ressourcen-Optimierung nachhaltig positiv beeinflusst!<\/p>\n              \n                          <\/div>\n          <\/div>\n\n          <img decoding=\"async\" width=\"1024\" height=\"427\" src=\"https:\/\/www.novotek.com\/at\/wp-content\/uploads\/sites\/13\/Banner-Produktionsplanung-1024x427.jpg.webp\" class=\"hero-bg\" alt=\"Hero Img\" fetchpriority=\"high\" srcset=\"https:\/\/www.novotek.com\/at\/wp-content\/uploads\/sites\/13\/Banner-Produktionsplanung-1024x427.jpg.webp 1024w, https:\/\/www.novotek.com\/at\/wp-content\/uploads\/sites\/13\/Banner-Produktionsplanung-300x125.jpg.webp 300w, https:\/\/www.novotek.com\/at\/wp-content\/uploads\/sites\/13\/Banner-Produktionsplanung-768x320.jpg.webp 768w, https:\/\/www.novotek.com\/at\/wp-content\/uploads\/sites\/13\/Banner-Produktionsplanung-1536x640.jpg.webp 1536w, https:\/\/www.novotek.com\/at\/wp-content\/uploads\/sites\/13\/Banner-Produktionsplanung-86x36.jpg.webp 86w, https:\/\/www.novotek.com\/at\/wp-content\/uploads\/sites\/13\/Banner-Produktionsplanung-306x128.jpg.webp 306w, https:\/\/www.novotek.com\/at\/wp-content\/uploads\/sites\/13\/Banner-Produktionsplanung-636x265.jpg.webp 636w, https:\/\/www.novotek.com\/at\/wp-content\/uploads\/sites\/13\/Banner-Produktionsplanung-1632x680.jpg.webp 1632w, https:\/\/www.novotek.com\/at\/wp-content\/uploads\/sites\/13\/Banner-Produktionsplanung.jpg.webp 1920w\" sizes=\"(max-width: 1024px) 100vw, 1024px\" \/>                  <\/div>\n          <\/div>\n\n      <\/div>\n\n   \n\n\n<div class=\"container-md spacer  \">\n<div style=\"height:20px\" aria-hidden=\"true\" class=\"wp-block-spacer\"><\/div>\n<\/div>\n\n<div class=\"container-md group  alignwide\">\n<div class=\"wp-block-group alignwide\"><div class=\"wp-block-group__inner-container is-layout-constrained wp-block-group-is-layout-constrained\"><div class=\"container-md heading  \">\n<h2 class=\"wp-block-heading\">Optimieren Sie Ihre Produktion mit innovativer Produktionsplanung<\/h2>\n<\/div>\n\n<div class=\"container-md paragraph  \">\n<p>In einer zunehmend digitalisierten Welt wird die effiziente und pr\u00e4zise Planung von Produktionsprozessen zu einem entscheidenden Wettbewerbsvorteil. Wir optimieren Ihre Produktionsplanung und Abl\u00e4ufe, steigern die Ressourceneffizienz und heben Ihre Produktion auf das n\u00e4chste Level.<\/p>\n<\/div>\n\n<div class=\"container-md paragraph  \">\n<p>Entdecken Sie unsere praxisnahen L\u00f6sungen und innovativen Ans\u00e4tze.<\/p>\n<\/div><\/div>\n<\/div><\/div>\n\n<div class=\"container-md spacer  \">\n<div style=\"height:100px\" aria-hidden=\"true\" class=\"wp-block-spacer\"><\/div>\n<\/div>\n\n<div class=\"container-md columns  alignwide\">\n<div class=\"wp-block-columns alignwide is-layout-flex wp-container-core-columns-is-layout-9d6595d7 wp-block-columns-is-layout-flex\"><div class=\"container-md column  \">\n<div class=\"wp-block-column is-layout-flow wp-block-column-is-layout-flow\"><div class=\"container-md image  \">\n<figure class=\"wp-block-image size-full\"><img decoding=\"async\" src=\"https:\/\/www.novotek.com\/at\/wp-content\/uploads\/sites\/13\/GEdigital_Proficy_Plant_Applications_tablet.jpg\" alt=\"Proficy Plant Applications Tablet\" class=\"wp-image-8704\" \/><\/figure>\n<\/div><\/div>\n<\/div>\n\n<div class=\"container-md column  \">\n<div class=\"wp-block-column is-layout-flow wp-block-column-is-layout-flow\"><div class=\"container-md heading  \">\n<h2 class=\"wp-block-heading\">Proficy Plant Applications<\/h2>\n<\/div>\n\n<div class=\"container-md paragraph  \">\n<p>Proficy Plant Applications von <a href=\"https:\/\/www.gevernova.com\/\">GE Vernova<\/a> ist eine der umfassendsten MES-L\u00f6sungen auf dem Markt. Die modulare Plattform setzt sich aus den Komponenten Effizienz (OEE), Qualit\u00e4t, Produktion und Batch Analyse zusammen, die unterschiedliche Herausforderungen im Produktionsprozess l\u00f6sen. Die Anwender w\u00e4hlen die Module je nach Bedarf aus und verwenden sie einzeln oder kombiniert, sodass sie gezielt gem\u00e4\u00df ihren spezifischen Anforderungen in das Thema MES einsteigen k\u00f6nnen.<\/p>\n<\/div>\n\n<div class=\"container-md spacer  \">\n<div style=\"height:25px\" aria-hidden=\"true\" class=\"wp-block-spacer\"><\/div>\n<\/div>\n\n<div class=\"container-md buttons  \">\n<div class=\"wp-block-buttons is-layout-flex wp-block-buttons-is-layout-flex\"><div class=\"container-md button  \">\n<div class=\"wp-block-button\"><a class=\"wp-block-button__link has-background wp-element-button\" href=\"https:\/\/www.novotek.com\/at\/smart-factory-mes\/proficy-plant-applications\/\" style=\"background-color:#e70029\" target=\"_blank\" rel=\"noreferrer noopener\">Proficy Plant Applications<\/a><\/div>\n<\/div><\/div>\n<\/div><\/div>\n<\/div><\/div>\n<\/div>\n\n<div class=\"container-md spacer  \">\n<div style=\"height:100px\" aria-hidden=\"true\" class=\"wp-block-spacer\"><\/div>\n<\/div>\n\n<div class=\"container-md columns  alignwide\">\n<div class=\"wp-block-columns alignwide is-layout-flex wp-container-core-columns-is-layout-9d6595d7 wp-block-columns-is-layout-flex\"><div class=\"container-md column  \">\n<div class=\"wp-block-column is-layout-flow wp-block-column-is-layout-flow\"><div class=\"container-md heading  \">\n<h2 class=\"wp-block-heading\">Proficy Scheduler \/ ROB-EX<\/h2>\n<\/div>\n\n<div class=\"container-md paragraph  \">\n<p>Proficy Scheduler \/ ROB-EX ist ein benutzerfreundliches Planungssystem, welches erm\u00f6glicht, Produktionsauftr\u00e4ge grafisch zu planen und darzustellen, damit sie effizient und optimal ausgef\u00fchrt werden. Wer schnell und flexibel reagieren kann, hat einen massgebenden Wettbewerbsvorteil!<\/p>\n<\/div>\n\n<div class=\"container-md spacer  \">\n<div style=\"height:25px\" aria-hidden=\"true\" class=\"wp-block-spacer\"><\/div>\n<\/div>\n\n<div class=\"container-md buttons  \">\n<div class=\"wp-block-buttons is-layout-flex wp-block-buttons-is-layout-flex\"><div class=\"container-md button  \">\n<div class=\"wp-block-button\"><a class=\"wp-block-button__link has-background wp-element-button\" href=\"https:\/\/www.novotek.com\/at\/smart-factory-mes\/rob-ex-scheduler\/\" style=\"background-color:#e70029\" target=\"_blank\" rel=\"noreferrer noopener\">Proficy Scheduler \/ ROB-EX<\/a><\/div>\n<\/div><\/div>\n<\/div><\/div>\n<\/div>\n\n<div class=\"container-md column  \">\n<div class=\"wp-block-column is-layout-flow wp-block-column-is-layout-flow\"><div class=\"container-md image  \">\n<figure class=\"wp-block-image size-full\"><img loading=\"lazy\" decoding=\"async\" width=\"800\" height=\"600\" src=\"https:\/\/www.novotek.com\/at\/wp-content\/uploads\/sites\/13\/Mockup_ROB-EX.png\" alt=\"Rob-EX Scheduler\" class=\"wp-image-9491\" srcset=\"https:\/\/www.novotek.com\/at\/wp-content\/uploads\/sites\/13\/Mockup_ROB-EX.png 800w, https:\/\/www.novotek.com\/at\/wp-content\/uploads\/sites\/13\/Mockup_ROB-EX-300x225.png 300w, https:\/\/www.novotek.com\/at\/wp-content\/uploads\/sites\/13\/Mockup_ROB-EX-768x576.png 768w\" sizes=\"auto, (max-width: 800px) 100vw, 800px\" \/><\/figure>\n<\/div><\/div>\n<\/div><\/div>\n<\/div>\n\n<div class=\"container-md spacer  \">\n<div style=\"height:100px\" aria-hidden=\"true\" class=\"wp-block-spacer\"><\/div>\n<\/div>","protected":false},"excerpt":{"rendered":"<p>Optimieren Sie Ihre Produktion mit innovativer Produktionsplanung In einer zunehmend digitalisierten Welt wird die effiziente und pr\u00e4zise Planung von Produktionsprozessen zu einem entscheidenden Wettbewerbsvorteil. Wir optimieren Ihre Produktionsplanung und Abl\u00e4ufe, steigern die Ressourceneffizienz und heben Ihre Produktion auf das n\u00e4chste Level. Entdecken Sie unsere praxisnahen L\u00f6sungen und innovativen Ans\u00e4tze. Proficy Plant Applications Proficy Plant Applications [&hellip;]<\/p>\n","protected":false},"author":45,"featured_media":0,"parent":0,"menu_order":1,"comment_status":"closed","ping_status":"closed","template":"","meta":{"_acf_changed":false,"_relevanssi_hide_post":"","_relevanssi_pin_for_all":"","_relevanssi_pin_keywords":"","_relevanssi_unpin_keywords":"","_relevanssi_related_keywords":"","_relevanssi_related_include_ids":"","_relevanssi_related_exclude_ids":"","_relevanssi_related_no_append":"","_relevanssi_related_not_related":"","_relevanssi_related_posts":"6182,3220,6214,3195,3200,6233","_relevanssi_noindex_reason":"","footnotes":""},"class_list":["post-23467","page","type-page","status-publish","hentry"],"acf":[],"yoast_head":"<!-- This site is optimized with the Yoast SEO plugin v27.4 - https:\/\/yoast.com\/product\/yoast-seo-wordpress\/ -->\n<title>Produktionsplanung - Novotek Austria<\/title>\n<meta name=\"description\" content=\"Wir optimieren Ihre Produktionsplanung und Abl\u00e4ufe, steigern die Ressourceneffizienz und heben Ihre Produktion auf das n\u00e4chste Level.\" \/>\n<meta name=\"robots\" content=\"index, follow, max-snippet:-1, max-image-preview:large, max-video-preview:-1\" \/>\n<link rel=\"canonical\" href=\"https:\/\/www.novotek.com\/at\/produktionsplanung-2\/\" \/>\n<meta property=\"og:locale\" content=\"de_DE\" \/>\n<meta property=\"og:type\" content=\"article\" \/>\n<meta property=\"og:title\" content=\"Produktionsplanung - Novotek Austria\" \/>\n<meta property=\"og:description\" content=\"Wir optimieren Ihre Produktionsplanung und Abl\u00e4ufe, steigern die Ressourceneffizienz und heben Ihre Produktion auf das n\u00e4chste Level.\" \/>\n<meta property=\"og:url\" content=\"https:\/\/www.novotek.com\/at\/produktionsplanung-2\/\" \/>\n<meta property=\"og:site_name\" content=\"Novotek Austria\" \/>\n<meta property=\"article:modified_time\" content=\"2025-06-30T07:45:11+00:00\" \/>\n<meta property=\"og:image\" content=\"https:\/\/www.novotek.com\/at\/wp-content\/uploads\/sites\/13\/GEdigital_Proficy_Plant_Applications_tablet.jpg\" \/>\n<meta name=\"twitter:card\" content=\"summary_large_image\" \/>\n<meta name=\"twitter:label1\" content=\"Gesch\u00e4tzte Lesezeit\" \/>\n\t<meta name=\"twitter:data1\" content=\"2\u00a0Minuten\" \/>\n<script type=\"application\/ld+json\" class=\"yoast-schema-graph\">{\"@context\":\"https:\\\/\\\/schema.org\",\"@graph\":[{\"@type\":\"WebPage\",\"@id\":\"https:\\\/\\\/www.novotek.com\\\/at\\\/produktionsplanung-2\\\/\",\"url\":\"https:\\\/\\\/www.novotek.com\\\/at\\\/produktionsplanung-2\\\/\",\"name\":\"Produktionsplanung - Novotek Austria\",\"isPartOf\":{\"@id\":\"https:\\\/\\\/www.novotek.com\\\/at\\\/#website\"},\"primaryImageOfPage\":{\"@id\":\"https:\\\/\\\/www.novotek.com\\\/at\\\/produktionsplanung-2\\\/#primaryimage\"},\"image\":{\"@id\":\"https:\\\/\\\/www.novotek.com\\\/at\\\/produktionsplanung-2\\\/#primaryimage\"},\"thumbnailUrl\":\"https:\\\/\\\/www.novotek.com\\\/at\\\/wp-content\\\/uploads\\\/sites\\\/13\\\/GEdigital_Proficy_Plant_Applications_tablet.jpg\",\"datePublished\":\"2025-01-31T11:14:03+00:00\",\"dateModified\":\"2025-06-30T07:45:11+00:00\",\"description\":\"Wir optimieren Ihre Produktionsplanung und Abl\u00e4ufe, steigern die Ressourceneffizienz und heben Ihre Produktion auf das n\u00e4chste Level.\",\"breadcrumb\":{\"@id\":\"https:\\\/\\\/www.novotek.com\\\/at\\\/produktionsplanung-2\\\/#breadcrumb\"},\"inLanguage\":\"de-CH\",\"potentialAction\":[{\"@type\":\"ReadAction\",\"target\":[\"https:\\\/\\\/www.novotek.com\\\/at\\\/produktionsplanung-2\\\/\"]}]},{\"@type\":\"ImageObject\",\"inLanguage\":\"de-CH\",\"@id\":\"https:\\\/\\\/www.novotek.com\\\/at\\\/produktionsplanung-2\\\/#primaryimage\",\"url\":\"\",\"contentUrl\":\"\"},{\"@type\":\"BreadcrumbList\",\"@id\":\"https:\\\/\\\/www.novotek.com\\\/at\\\/produktionsplanung-2\\\/#breadcrumb\",\"itemListElement\":[{\"@type\":\"ListItem\",\"position\":1,\"name\":\"Home\",\"item\":\"https:\\\/\\\/www.novotek.com\\\/at\\\/\"},{\"@type\":\"ListItem\",\"position\":2,\"name\":\"Produktionsplanung\"}]},{\"@type\":\"WebSite\",\"@id\":\"https:\\\/\\\/www.novotek.com\\\/at\\\/#website\",\"url\":\"https:\\\/\\\/www.novotek.com\\\/at\\\/\",\"name\":\"Novotek Switzerland\",\"description\":\"Connect - Digitalize - Optimize\",\"potentialAction\":[{\"@type\":\"SearchAction\",\"target\":{\"@type\":\"EntryPoint\",\"urlTemplate\":\"https:\\\/\\\/www.novotek.com\\\/at\\\/?s={search_term_string}\"},\"query-input\":{\"@type\":\"PropertyValueSpecification\",\"valueRequired\":true,\"valueName\":\"search_term_string\"}}],\"inLanguage\":\"de-CH\"}]}<\/script>\n<!-- \/ Yoast SEO plugin. -->","yoast_head_json":{"title":"Produktionsplanung - Novotek Austria","description":"Wir optimieren Ihre Produktionsplanung und Abl\u00e4ufe, steigern die Ressourceneffizienz und heben Ihre Produktion auf das n\u00e4chste Level.","robots":{"index":"index","follow":"follow","max-snippet":"max-snippet:-1","max-image-preview":"max-image-preview:large","max-video-preview":"max-video-preview:-1"},"canonical":"https:\/\/www.novotek.com\/at\/produktionsplanung-2\/","og_locale":"de_DE","og_type":"article","og_title":"Produktionsplanung - Novotek Austria","og_description":"Wir optimieren Ihre Produktionsplanung und Abl\u00e4ufe, steigern die Ressourceneffizienz und heben Ihre Produktion auf das n\u00e4chste Level.","og_url":"https:\/\/www.novotek.com\/at\/produktionsplanung-2\/","og_site_name":"Novotek Austria","article_modified_time":"2025-06-30T07:45:11+00:00","og_image":[{"url":"https:\/\/www.novotek.com\/at\/wp-content\/uploads\/sites\/13\/GEdigital_Proficy_Plant_Applications_tablet.jpg","type":"","width":"","height":""}],"twitter_card":"summary_large_image","twitter_misc":{"Gesch\u00e4tzte Lesezeit":"2\u00a0Minuten"},"schema":{"@context":"https:\/\/schema.org","@graph":[{"@type":"WebPage","@id":"https:\/\/www.novotek.com\/at\/produktionsplanung-2\/","url":"https:\/\/www.novotek.com\/at\/produktionsplanung-2\/","name":"Produktionsplanung - Novotek Austria","isPartOf":{"@id":"https:\/\/www.novotek.com\/at\/#website"},"primaryImageOfPage":{"@id":"https:\/\/www.novotek.com\/at\/produktionsplanung-2\/#primaryimage"},"image":{"@id":"https:\/\/www.novotek.com\/at\/produktionsplanung-2\/#primaryimage"},"thumbnailUrl":"https:\/\/www.novotek.com\/at\/wp-content\/uploads\/sites\/13\/GEdigital_Proficy_Plant_Applications_tablet.jpg","datePublished":"2025-01-31T11:14:03+00:00","dateModified":"2025-06-30T07:45:11+00:00","description":"Wir optimieren Ihre Produktionsplanung und Abl\u00e4ufe, steigern die Ressourceneffizienz und heben Ihre Produktion auf das n\u00e4chste Level.","breadcrumb":{"@id":"https:\/\/www.novotek.com\/at\/produktionsplanung-2\/#breadcrumb"},"inLanguage":"de-CH","potentialAction":[{"@type":"ReadAction","target":["https:\/\/www.novotek.com\/at\/produktionsplanung-2\/"]}]},{"@type":"ImageObject","inLanguage":"de-CH","@id":"https:\/\/www.novotek.com\/at\/produktionsplanung-2\/#primaryimage","url":"","contentUrl":""},{"@type":"BreadcrumbList","@id":"https:\/\/www.novotek.com\/at\/produktionsplanung-2\/#breadcrumb","itemListElement":[{"@type":"ListItem","position":1,"name":"Home","item":"https:\/\/www.novotek.com\/at\/"},{"@type":"ListItem","position":2,"name":"Produktionsplanung"}]},{"@type":"WebSite","@id":"https:\/\/www.novotek.com\/at\/#website","url":"https:\/\/www.novotek.com\/at\/","name":"Novotek Switzerland","description":"Connect - Digitalize - Optimize","potentialAction":[{"@type":"SearchAction","target":{"@type":"EntryPoint","urlTemplate":"https:\/\/www.novotek.com\/at\/?s={search_term_string}"},"query-input":{"@type":"PropertyValueSpecification","valueRequired":true,"valueName":"search_term_string"}}],"inLanguage":"de-CH"}]}},"_links":{"self":[{"href":"https:\/\/www.novotek.com\/at\/wp-json\/wp\/v2\/pages\/23467","targetHints":{"allow":["GET"]}}],"collection":[{"href":"https:\/\/www.novotek.com\/at\/wp-json\/wp\/v2\/pages"}],"about":[{"href":"https:\/\/www.novotek.com\/at\/wp-json\/wp\/v2\/types\/page"}],"author":[{"embeddable":true,"href":"https:\/\/www.novotek.com\/at\/wp-json\/wp\/v2\/users\/45"}],"replies":[{"embeddable":true,"href":"https:\/\/www.novotek.com\/at\/wp-json\/wp\/v2\/comments?post=23467"}],"version-history":[{"count":11,"href":"https:\/\/www.novotek.com\/at\/wp-json\/wp\/v2\/pages\/23467\/revisions"}],"predecessor-version":[{"id":25555,"href":"https:\/\/www.novotek.com\/at\/wp-json\/wp\/v2\/pages\/23467\/revisions\/25555"}],"wp:attachment":[{"href":"https:\/\/www.novotek.com\/at\/wp-json\/wp\/v2\/media?parent=23467"}],"curies":[{"name":"wp","href":"https:\/\/api.w.org\/{rel}","templated":true}]}}