{"id":23854,"date":"2025-02-13T14:22:53","date_gmt":"2025-02-13T14:22:53","guid":{"rendered":"https:\/\/www.novotek.com\/at\/?page_id=23854"},"modified":"2025-12-17T08:23:18","modified_gmt":"2025-12-17T08:23:18","slug":"iiot-edge","status":"publish","type":"page","link":"https:\/\/www.novotek.com\/at\/iiot-edge\/","title":{"rendered":"IIoT + Edge"},"content":{"rendered":"  <div class=\"hero\">\n    <div class=\"carousel hero-slider small\" data-flickity data-flickity-options='{\"prevNextButtons\": false}'>\n              <div class=\"carousel-cell\">\n          <div class=\"container\">\n            <div class=\"hero-content\">\n                              <h2 class=\"wp-block-heading\">IIoT &amp; Edge<\/h2>\n<p>Die Digitalisierung der Industrie \/ Industrie 4.0 erfordert die Anbindung von Ger\u00e4ten, Maschinen, Anlagen an die Cloud. Mit unseren Technologien werden Ihre Green- und Brownfield-Anlagen \u00abIndustrie 4.0-ready\u00bb.<\/p>\n              \n                          <\/div>\n          <\/div>\n\n          <img decoding=\"async\" width=\"1024\" height=\"477\" src=\"https:\/\/www.novotek.com\/at\/wp-content\/uploads\/sites\/13\/Titelbild-TUGinsight-1024x477.jpg.webp\" class=\"hero-bg\" alt=\"Hero Img\" fetchpriority=\"high\" srcset=\"https:\/\/www.novotek.com\/at\/wp-content\/uploads\/sites\/13\/Titelbild-TUGinsight-1024x477.jpg.webp 1024w, https:\/\/www.novotek.com\/at\/wp-content\/uploads\/sites\/13\/Titelbild-TUGinsight-300x140.jpg.webp 300w, https:\/\/www.novotek.com\/at\/wp-content\/uploads\/sites\/13\/Titelbild-TUGinsight-768x358.jpg.webp 768w, https:\/\/www.novotek.com\/at\/wp-content\/uploads\/sites\/13\/Titelbild-TUGinsight-1536x715.jpg.webp 1536w, https:\/\/www.novotek.com\/at\/wp-content\/uploads\/sites\/13\/Titelbild-TUGinsight-86x40.jpg.webp 86w, https:\/\/www.novotek.com\/at\/wp-content\/uploads\/sites\/13\/Titelbild-TUGinsight-306x142.jpg.webp 306w, https:\/\/www.novotek.com\/at\/wp-content\/uploads\/sites\/13\/Titelbild-TUGinsight-636x296.jpg.webp 636w, https:\/\/www.novotek.com\/at\/wp-content\/uploads\/sites\/13\/Titelbild-TUGinsight-1632x760.jpg.webp 1632w, https:\/\/www.novotek.com\/at\/wp-content\/uploads\/sites\/13\/Titelbild-TUGinsight.jpg.webp 1920w\" sizes=\"(max-width: 1024px) 100vw, 1024px\" \/>                  <\/div>\n          <\/div>\n\n      <\/div>\n\n   \n\n\n<div class=\"container-md spacer  \">\n<div style=\"height:20px\" aria-hidden=\"true\" class=\"wp-block-spacer\"><\/div>\n<\/div>\n\n<div class=\"container-md group  alignwide\">\n<div class=\"wp-block-group alignwide\"><div class=\"wp-block-group__inner-container is-layout-constrained wp-block-group-is-layout-constrained\"><div class=\"container-md heading  \">\n<h2 class=\"wp-block-heading\">\u00dcberblick IIoT<\/h2>\n<\/div>\n\n<div class=\"container-md paragraph  \">\n<p>IIoT, oder das industrielle Internet der Dinge, bezieht sich auf die Verbindung von industriellen Maschinen, Ger\u00e4ten und Anlagen mit dem Internet, um Daten zu sammeln, zu analysieren und zu nutzen. Durch die Verwendung von Sensoren und anderen, smarten Technologien k\u00f6nnen erfasste Daten an eine zentrale Plattform gesendet werden, wo sie von Unternehmen genutzt werden k\u00f6nnen, um die Effizienz, die Leistung und die Sicherheit zu verbessern.<\/p>\n<\/div>\n\n<div class=\"container-md paragraph  \">\n<p>Ein wichtiger Bestandteil von IIoT sind die Plattformen, die die Daten sammeln und verarbeiten.<\/p>\n<\/div>\n\n<div class=\"container-md spacer  \">\n<div style=\"height:25px\" aria-hidden=\"true\" class=\"wp-block-spacer\"><\/div>\n<\/div>\n\n<div class=\"container-md heading  \">\n<h3 class=\"wp-block-heading\">Diese Plattformen erm\u00f6glichen es Unternehmen, die Daten auf verschiedene Weise zu nutzen, wie zum Beispiel:<\/h3>\n<\/div>\n\n<div class=\"container-md list  \">\n<ul class=\"wp-block-list\"><div class=\"container-md list-item  \">\n<li>Die \u00dcberwachung von Maschinen, um Ausfallzeiten zu reduzieren und die Produktivit\u00e4t zu steigern<\/li>\n<\/div>\n\n<div class=\"container-md list-item  \">\n<li>Das Vorhersagen von Wartungsbed\u00fcrfnissen, um Ausf\u00e4lle zu vermeiden und die Lebensdauer der Ausr\u00fcstung zu verl\u00e4ngern<\/li>\n<\/div>\n\n<div class=\"container-md list-item  \">\n<li>Die Verbesserung der Energieeffizienz und die Senkung von Betriebskosten<\/li>\n<\/div>\n\n<div class=\"container-md list-item  \">\n<li>Als Basis f\u00fcr zuk\u00fcnftige Verbesserungen, Einsparungen und Optimierungen<\/li>\n<\/div><\/ul>\n<\/div>\n\n<div class=\"container-md spacer  \">\n<div style=\"height:25px\" aria-hidden=\"true\" class=\"wp-block-spacer\"><\/div>\n<\/div>\n\n<div class=\"container-md columns  \">\n<div class=\"wp-block-columns is-layout-flex wp-container-core-columns-is-layout-9d6595d7 wp-block-columns-is-layout-flex\"><div class=\"container-md column  \">\n<div class=\"wp-block-column is-layout-flow wp-block-column-is-layout-flow\"><div class=\"container-md paragraph  \">\n<p><a href=\"https:\/\/www.novotek.com\/at\/tuginsight\/\" target=\"_blank\" rel=\"noreferrer noopener\">TUGinsight <\/a>ist eine innovative IIoT-Plattform f\u00fcr Maschinenbauer, die es ihnen erm\u00f6glicht, die Vorteile der Digitalisierung in kurzer Zeit und zu geringen Investitionskosten zu nutzen \u2013 und das komplett risikolos. Es bietet eine einfache und effektive L\u00f6sung zur \u00dcberwachung und Verwaltung von Maschinen und Anlagen. Mit TUGinsight haben Unternehmen Zugang zu detaillierten Maschineninformationen, die ihnen dabei helfen, Probleme schnell zu erkennen, zu l\u00f6sen und dadurch ihre Produktivit\u00e4t, Kosten und Kundenzufriedenheit zu verbessern.<\/p>\n<\/div><\/div>\n<\/div>\n\n<div class=\"container-md column  \">\n<div class=\"wp-block-column is-layout-flow wp-block-column-is-layout-flow\"><div class=\"container-md image  \">\n<figure class=\"wp-block-image size-full\"><img loading=\"lazy\" decoding=\"async\" width=\"2560\" height=\"1920\" src=\"https:\/\/www.novotek.com\/at\/wp-content\/uploads\/sites\/13\/TUGinsight-Screen-scaled.jpg\" alt=\"\" class=\"wp-image-22928\" srcset=\"https:\/\/www.novotek.com\/at\/wp-content\/uploads\/sites\/13\/TUGinsight-Screen-scaled.jpg 2560w, https:\/\/www.novotek.com\/at\/wp-content\/uploads\/sites\/13\/TUGinsight-Screen-300x225.jpg 300w, https:\/\/www.novotek.com\/at\/wp-content\/uploads\/sites\/13\/TUGinsight-Screen-1024x768.jpg 1024w, https:\/\/www.novotek.com\/at\/wp-content\/uploads\/sites\/13\/TUGinsight-Screen-768x576.jpg 768w, https:\/\/www.novotek.com\/at\/wp-content\/uploads\/sites\/13\/TUGinsight-Screen-1536x1152.jpg 1536w, https:\/\/www.novotek.com\/at\/wp-content\/uploads\/sites\/13\/TUGinsight-Screen-2048x1536.jpg 2048w, https:\/\/www.novotek.com\/at\/wp-content\/uploads\/sites\/13\/TUGinsight-Screen-86x65.jpg 86w, https:\/\/www.novotek.com\/at\/wp-content\/uploads\/sites\/13\/TUGinsight-Screen-306x230.jpg 306w, https:\/\/www.novotek.com\/at\/wp-content\/uploads\/sites\/13\/TUGinsight-Screen-636x477.jpg 636w, https:\/\/www.novotek.com\/at\/wp-content\/uploads\/sites\/13\/TUGinsight-Screen-1632x1224.jpg 1632w\" sizes=\"auto, (max-width: 2560px) 100vw, 2560px\" \/><\/figure>\n<\/div>\n\n<div class=\"container-md paragraph  \">\n<p class=\"has-small-font-size\"><\/p>\n<\/div><\/div>\n<\/div><\/div>\n<\/div>\n\n<div class=\"container-md paragraph  \">\n<p>Die Entwicklung einer eigenen IIoT Plattform von Grund auf ist mit erheblichem Aufwand verbunden und erfordert Knowhow, um die passende Public Cloud Plattform auszuw\u00e4hlen, von dieser, aus einer grenzenlosen Anzahl an verschiedenen Microservices die passenden Services zu identifizieren, die Architektur zu entwerfen und die Programmierung des Front- und Backends durchzuf\u00fchren.<\/p>\n<\/div>\n\n<div class=\"container-md paragraph  \">\n<p>Wir helfen Ihnen als gesamtheitlicher Systemanbieter von der Anbindung Ihrer Maschine, \u00fcber Fernwartung, IIoT-Portal bis hin zu Data Science und Optimierung. Das alles unter Ber\u00fccksichtigung der entsprechenden Cyber Security nach IEC62443.<\/p>\n<\/div>\n\n<div class=\"container-md spacer  \">\n<div style=\"height:50px\" aria-hidden=\"true\" class=\"wp-block-spacer\"><\/div>\n<\/div>\n\n<div class=\"container-md heading  \">\n<h2 class=\"wp-block-heading\">Edge<\/h2>\n<\/div>\n\n<div class=\"container-md spacer  \">\n<div style=\"height:25px\" aria-hidden=\"true\" class=\"wp-block-spacer\"><\/div>\n<\/div>\n\n<div class=\"container-md columns  \">\n<div class=\"wp-block-columns is-layout-flex wp-container-core-columns-is-layout-9d6595d7 wp-block-columns-is-layout-flex\"><div class=\"container-md column  \">\n<div class=\"wp-block-column is-layout-flow wp-block-column-is-layout-flow\"><div class=\"container-md image  \">\n<figure class=\"wp-block-image size-full\"><img loading=\"lazy\" decoding=\"async\" width=\"1500\" height=\"1500\" src=\"https:\/\/www.novotek.com\/at\/wp-content\/uploads\/sites\/13\/Edge-Grafik-2023.jpg\" alt=\"\" class=\"wp-image-23847\" srcset=\"https:\/\/www.novotek.com\/at\/wp-content\/uploads\/sites\/13\/Edge-Grafik-2023.jpg 1500w, https:\/\/www.novotek.com\/at\/wp-content\/uploads\/sites\/13\/Edge-Grafik-2023-300x300.jpg 300w, https:\/\/www.novotek.com\/at\/wp-content\/uploads\/sites\/13\/Edge-Grafik-2023-1024x1024.jpg 1024w, https:\/\/www.novotek.com\/at\/wp-content\/uploads\/sites\/13\/Edge-Grafik-2023-150x150.jpg 150w, https:\/\/www.novotek.com\/at\/wp-content\/uploads\/sites\/13\/Edge-Grafik-2023-768x768.jpg 768w, https:\/\/www.novotek.com\/at\/wp-content\/uploads\/sites\/13\/Edge-Grafik-2023-86x86.jpg 86w, https:\/\/www.novotek.com\/at\/wp-content\/uploads\/sites\/13\/Edge-Grafik-2023-306x306.jpg 306w, https:\/\/www.novotek.com\/at\/wp-content\/uploads\/sites\/13\/Edge-Grafik-2023-636x636.jpg 636w, https:\/\/www.novotek.com\/at\/wp-content\/uploads\/sites\/13\/Edge-Grafik-2023-400x400.jpg 400w, https:\/\/www.novotek.com\/at\/wp-content\/uploads\/sites\/13\/Edge-Grafik-2023-600x600.jpg 600w\" sizes=\"auto, (max-width: 1500px) 100vw, 1500px\" \/><\/figure>\n<\/div>\n\n<div class=\"container-md paragraph  \">\n<p class=\"has-small-font-size\"><\/p>\n<\/div><\/div>\n<\/div>\n\n<div class=\"container-md column  \">\n<div class=\"wp-block-column is-layout-flow wp-block-column-is-layout-flow\"><div class=\"container-md spacer  \">\n<div style=\"height:100px\" aria-hidden=\"true\" class=\"wp-block-spacer\"><\/div>\n<\/div>\n\n<div class=\"container-md paragraph  \">\n<p>Einer der ersten gro\u00dfen Herausforderungen der Digitalisierung ist die Anbindung von Ger\u00e4ten, Maschinen und Anlagen an die Cloud. Ein wichtiger Enabler f\u00fcr diesen Digitalisierungsschritt stellt dabei geeignete IIoT\/Edge Controller-Hardware dar, welche das Ausf\u00fchren von Anwendungen und die Vorverarbeitung der Daten direkt an der Maschine erm\u00f6glicht. Mit unserer EdgeCore-Software bekommen Sie von uns zur Hardware auch die passende Software dazu. Damit wird jegliche Art von Maschine sofort \u201eIIoT-ready\u201c.<\/p>\n<\/div><\/div>\n<\/div><\/div>\n<\/div><\/div>\n<\/div><\/div>\n\n<div class=\"container-md spacer  \">\n<div style=\"height:50px\" aria-hidden=\"true\" class=\"wp-block-spacer\"><\/div>\n<\/div>\n\n<div class=\"container-md columns  \">\n<div class=\"wp-block-columns is-layout-flex wp-container-core-columns-is-layout-9d6595d7 wp-block-columns-is-layout-flex\"><div class=\"container-md column  \">\n<div class=\"wp-block-column is-layout-flow wp-block-column-is-layout-flow\"><div class=\"container-md heading  \">\n<h3 class=\"wp-block-heading\">Edge Core<\/h3>\n<\/div>\n\n<div class=\"container-md list  \">\n<ul class=\"wp-block-list\"><div class=\"container-md list-item  \">\n<li>Schlanke und optimierte Software f\u00fcr die Ausf\u00fchrung auf Windows oder Linux<\/li>\n<\/div>\n\n<div class=\"container-md list-item  \">\n<li>Ausgelegt auch auf gro\u00dfe Datenmengen<\/li>\n<\/div>\n\n<div class=\"container-md list-item  \">\n<li>Direkte Anbindung von \u00fcber 200 Protokollen bzw. Datenbanken<\/li>\n<\/div>\n\n<div class=\"container-md list-item  \">\n<li>Reduktion der Datenmenge<\/li>\n<\/div>\n\n<div class=\"container-md list-item  \">\n<li>Polling oder eventbasiertes Hochladen Ihrer Daten<\/li>\n<\/div>\n\n<div class=\"container-md list-item  \">\n<li>Anbindung an div. Cloud- und Management-Systeme<\/li>\n<\/div>\n\n<div class=\"container-md list-item  \">\n<li>Datenbasis f\u00fcr unsere IIoT Plattform TUGinsight<\/li>\n<\/div><\/ul>\n<\/div><\/div>\n<\/div>\n\n<div class=\"container-md column  \">\n<div class=\"wp-block-column is-layout-flow wp-block-column-is-layout-flow\"><div class=\"container-md heading  \">\n<h3 class=\"wp-block-heading\">IIoT Controller<\/h3>\n<\/div>\n\n<div class=\"container-md list  \">\n<ul class=\"wp-block-list\"><div class=\"container-md list-item  \">\n<li>Schlanker IIoT-Controller optimiert f\u00fcr die Ausf\u00fchrung unseres EdgeCores<\/li>\n<\/div>\n\n<div class=\"container-md list-item  \">\n<li>\u00dcber 200 integrierte Kommunikationsprotokolle erm\u00f6glichen die Anbindung jeder Steuerung und jedes Systems (Greenfield und Brownfield)<\/li>\n<\/div>\n\n<div class=\"container-md list-item  \">\n<li>Optionales Aufsteckmodem, falls keine Internetverbindung vorhanden ist<\/li>\n<\/div>\n\n<div class=\"container-md list-item  \">\n<li>Optionale VPN-Fernwartung inkl. Fernwartungsportal zur Einsparung zus\u00e4tzlicher Komponenten Integriertes, kostenloses SCADA System<\/li>\n<\/div>\n\n<div class=\"container-md list-item  \">\n<li>Cloudanbindung an div. Cloudsysteme<\/li>\n<\/div><\/ul>\n<\/div><\/div>\n<\/div><\/div>\n<\/div>\n\n<div class=\"container-md spacer  \">\n<div style=\"height:25px\" aria-hidden=\"true\" class=\"wp-block-spacer\"><\/div>\n<\/div>\n\n<div class=\"container-md paragraph  \">\n<p>Sie wollen mehr erfahren, wie Sie das komplexe Thema IIoT vereinfachen k\u00f6nnen? Jetzt ein Beratungsgespr\u00e4ch mit Ihrem \u201eOne-Stop-Shop\u201c f\u00fcr sichere Digitalisierung vereinbaren.<\/p>\n<\/div>\n\n<div class=\"container-md spacer  \">\n<div style=\"height:50px\" aria-hidden=\"true\" class=\"wp-block-spacer\"><\/div>\n<\/div>","protected":false},"excerpt":{"rendered":"<p>\u00dcberblick IIoT IIoT, oder das industrielle Internet der Dinge, bezieht sich auf die Verbindung von industriellen Maschinen, Ger\u00e4ten und Anlagen mit dem Internet, um Daten zu sammeln, zu analysieren und zu nutzen. Durch die Verwendung von Sensoren und anderen, smarten Technologien k\u00f6nnen erfasste Daten an eine zentrale Plattform gesendet werden, wo sie von Unternehmen genutzt [&hellip;]<\/p>\n","protected":false},"author":45,"featured_media":0,"parent":0,"menu_order":1,"comment_status":"closed","ping_status":"closed","template":"","meta":{"_acf_changed":false,"_relevanssi_hide_post":"","_relevanssi_pin_for_all":"","_relevanssi_pin_keywords":"","_relevanssi_unpin_keywords":"","_relevanssi_related_keywords":"","_relevanssi_related_include_ids":"","_relevanssi_related_exclude_ids":"","_relevanssi_related_no_append":"","_relevanssi_related_not_related":"","_relevanssi_related_posts":"6182,3220,6214,3195,3200,6233","_relevanssi_noindex_reason":"","footnotes":""},"class_list":["post-23854","page","type-page","status-publish","hentry"],"acf":[],"yoast_head":"<!-- This site is optimized with the Yoast SEO plugin v27.4 - https:\/\/yoast.com\/product\/yoast-seo-wordpress\/ -->\n<title>IIoT + Edge - Novotek Austria<\/title>\n<meta name=\"description\" content=\"Die Digitalisierung der Industrie \/ Industrie 4.0 erfordert die Anbindung von Ger\u00e4ten, Maschinen, Anlagen an die Cloud.\" \/>\n<meta name=\"robots\" content=\"index, follow, max-snippet:-1, max-image-preview:large, max-video-preview:-1\" \/>\n<link rel=\"canonical\" href=\"https:\/\/www.novotek.com\/at\/iiot-edge\/\" \/>\n<meta property=\"og:locale\" content=\"de_DE\" \/>\n<meta property=\"og:type\" content=\"article\" \/>\n<meta property=\"og:title\" content=\"IIoT + Edge - Novotek Austria\" \/>\n<meta property=\"og:description\" content=\"Die Digitalisierung der Industrie \/ Industrie 4.0 erfordert die Anbindung von Ger\u00e4ten, Maschinen, Anlagen an die Cloud.\" \/>\n<meta property=\"og:url\" content=\"https:\/\/www.novotek.com\/at\/iiot-edge\/\" \/>\n<meta property=\"og:site_name\" content=\"Novotek Austria\" \/>\n<meta property=\"article:modified_time\" content=\"2025-12-17T08:23:18+00:00\" \/>\n<meta property=\"og:image\" content=\"https:\/\/www.novotek.com\/at\/wp-content\/uploads\/sites\/13\/TUGinsight-Screen-scaled.jpg\" \/>\n<meta name=\"twitter:card\" content=\"summary_large_image\" \/>\n<meta name=\"twitter:label1\" content=\"Gesch\u00e4tzte Lesezeit\" \/>\n\t<meta name=\"twitter:data1\" content=\"3\u00a0Minuten\" \/>\n<script type=\"application\/ld+json\" class=\"yoast-schema-graph\">{\"@context\":\"https:\\\/\\\/schema.org\",\"@graph\":[{\"@type\":\"WebPage\",\"@id\":\"https:\\\/\\\/www.novotek.com\\\/at\\\/iiot-edge\\\/\",\"url\":\"https:\\\/\\\/www.novotek.com\\\/at\\\/iiot-edge\\\/\",\"name\":\"IIoT + Edge - Novotek Austria\",\"isPartOf\":{\"@id\":\"https:\\\/\\\/www.novotek.com\\\/at\\\/#website\"},\"primaryImageOfPage\":{\"@id\":\"https:\\\/\\\/www.novotek.com\\\/at\\\/iiot-edge\\\/#primaryimage\"},\"image\":{\"@id\":\"https:\\\/\\\/www.novotek.com\\\/at\\\/iiot-edge\\\/#primaryimage\"},\"thumbnailUrl\":\"https:\\\/\\\/www.novotek.com\\\/at\\\/wp-content\\\/uploads\\\/sites\\\/13\\\/TUGinsight-Screen-scaled.jpg\",\"datePublished\":\"2025-02-13T14:22:53+00:00\",\"dateModified\":\"2025-12-17T08:23:18+00:00\",\"description\":\"Die Digitalisierung der Industrie \\\/ Industrie 4.0 erfordert die Anbindung von Ger\u00e4ten, Maschinen, Anlagen an die Cloud.\",\"breadcrumb\":{\"@id\":\"https:\\\/\\\/www.novotek.com\\\/at\\\/iiot-edge\\\/#breadcrumb\"},\"inLanguage\":\"de-CH\",\"potentialAction\":[{\"@type\":\"ReadAction\",\"target\":[\"https:\\\/\\\/www.novotek.com\\\/at\\\/iiot-edge\\\/\"]}]},{\"@type\":\"ImageObject\",\"inLanguage\":\"de-CH\",\"@id\":\"https:\\\/\\\/www.novotek.com\\\/at\\\/iiot-edge\\\/#primaryimage\",\"url\":\"https:\\\/\\\/www.novotek.com\\\/at\\\/wp-content\\\/uploads\\\/sites\\\/13\\\/TUGinsight-Screen-scaled.jpg.webp\",\"contentUrl\":\"https:\\\/\\\/www.novotek.com\\\/at\\\/wp-content\\\/uploads\\\/sites\\\/13\\\/TUGinsight-Screen-scaled.jpg.webp\",\"width\":2560,\"height\":1920},{\"@type\":\"BreadcrumbList\",\"@id\":\"https:\\\/\\\/www.novotek.com\\\/at\\\/iiot-edge\\\/#breadcrumb\",\"itemListElement\":[{\"@type\":\"ListItem\",\"position\":1,\"name\":\"Home\",\"item\":\"https:\\\/\\\/www.novotek.com\\\/at\\\/\"},{\"@type\":\"ListItem\",\"position\":2,\"name\":\"IIoT + Edge\"}]},{\"@type\":\"WebSite\",\"@id\":\"https:\\\/\\\/www.novotek.com\\\/at\\\/#website\",\"url\":\"https:\\\/\\\/www.novotek.com\\\/at\\\/\",\"name\":\"Novotek Switzerland\",\"description\":\"Connect - Digitalize - Optimize\",\"potentialAction\":[{\"@type\":\"SearchAction\",\"target\":{\"@type\":\"EntryPoint\",\"urlTemplate\":\"https:\\\/\\\/www.novotek.com\\\/at\\\/?s={search_term_string}\"},\"query-input\":{\"@type\":\"PropertyValueSpecification\",\"valueRequired\":true,\"valueName\":\"search_term_string\"}}],\"inLanguage\":\"de-CH\"}]}<\/script>\n<!-- \/ Yoast SEO plugin. -->","yoast_head_json":{"title":"IIoT + Edge - Novotek Austria","description":"Die Digitalisierung der Industrie \/ Industrie 4.0 erfordert die Anbindung von Ger\u00e4ten, Maschinen, Anlagen an die Cloud.","robots":{"index":"index","follow":"follow","max-snippet":"max-snippet:-1","max-image-preview":"max-image-preview:large","max-video-preview":"max-video-preview:-1"},"canonical":"https:\/\/www.novotek.com\/at\/iiot-edge\/","og_locale":"de_DE","og_type":"article","og_title":"IIoT + Edge - Novotek Austria","og_description":"Die Digitalisierung der Industrie \/ Industrie 4.0 erfordert die Anbindung von Ger\u00e4ten, Maschinen, Anlagen an die Cloud.","og_url":"https:\/\/www.novotek.com\/at\/iiot-edge\/","og_site_name":"Novotek Austria","article_modified_time":"2025-12-17T08:23:18+00:00","og_image":[{"url":"https:\/\/www.novotek.com\/at\/wp-content\/uploads\/sites\/13\/TUGinsight-Screen-scaled.jpg","type":"","width":"","height":""}],"twitter_card":"summary_large_image","twitter_misc":{"Gesch\u00e4tzte Lesezeit":"3\u00a0Minuten"},"schema":{"@context":"https:\/\/schema.org","@graph":[{"@type":"WebPage","@id":"https:\/\/www.novotek.com\/at\/iiot-edge\/","url":"https:\/\/www.novotek.com\/at\/iiot-edge\/","name":"IIoT + Edge - Novotek Austria","isPartOf":{"@id":"https:\/\/www.novotek.com\/at\/#website"},"primaryImageOfPage":{"@id":"https:\/\/www.novotek.com\/at\/iiot-edge\/#primaryimage"},"image":{"@id":"https:\/\/www.novotek.com\/at\/iiot-edge\/#primaryimage"},"thumbnailUrl":"https:\/\/www.novotek.com\/at\/wp-content\/uploads\/sites\/13\/TUGinsight-Screen-scaled.jpg","datePublished":"2025-02-13T14:22:53+00:00","dateModified":"2025-12-17T08:23:18+00:00","description":"Die Digitalisierung der Industrie \/ Industrie 4.0 erfordert die Anbindung von Ger\u00e4ten, Maschinen, Anlagen an die Cloud.","breadcrumb":{"@id":"https:\/\/www.novotek.com\/at\/iiot-edge\/#breadcrumb"},"inLanguage":"de-CH","potentialAction":[{"@type":"ReadAction","target":["https:\/\/www.novotek.com\/at\/iiot-edge\/"]}]},{"@type":"ImageObject","inLanguage":"de-CH","@id":"https:\/\/www.novotek.com\/at\/iiot-edge\/#primaryimage","url":"https:\/\/www.novotek.com\/at\/wp-content\/uploads\/sites\/13\/TUGinsight-Screen-scaled.jpg.webp","contentUrl":"https:\/\/www.novotek.com\/at\/wp-content\/uploads\/sites\/13\/TUGinsight-Screen-scaled.jpg.webp","width":2560,"height":1920},{"@type":"BreadcrumbList","@id":"https:\/\/www.novotek.com\/at\/iiot-edge\/#breadcrumb","itemListElement":[{"@type":"ListItem","position":1,"name":"Home","item":"https:\/\/www.novotek.com\/at\/"},{"@type":"ListItem","position":2,"name":"IIoT + Edge"}]},{"@type":"WebSite","@id":"https:\/\/www.novotek.com\/at\/#website","url":"https:\/\/www.novotek.com\/at\/","name":"Novotek Switzerland","description":"Connect - Digitalize - Optimize","potentialAction":[{"@type":"SearchAction","target":{"@type":"EntryPoint","urlTemplate":"https:\/\/www.novotek.com\/at\/?s={search_term_string}"},"query-input":{"@type":"PropertyValueSpecification","valueRequired":true,"valueName":"search_term_string"}}],"inLanguage":"de-CH"}]}},"_links":{"self":[{"href":"https:\/\/www.novotek.com\/at\/wp-json\/wp\/v2\/pages\/23854","targetHints":{"allow":["GET"]}}],"collection":[{"href":"https:\/\/www.novotek.com\/at\/wp-json\/wp\/v2\/pages"}],"about":[{"href":"https:\/\/www.novotek.com\/at\/wp-json\/wp\/v2\/types\/page"}],"author":[{"embeddable":true,"href":"https:\/\/www.novotek.com\/at\/wp-json\/wp\/v2\/users\/45"}],"replies":[{"embeddable":true,"href":"https:\/\/www.novotek.com\/at\/wp-json\/wp\/v2\/comments?post=23854"}],"version-history":[{"count":4,"href":"https:\/\/www.novotek.com\/at\/wp-json\/wp\/v2\/pages\/23854\/revisions"}],"predecessor-version":[{"id":27309,"href":"https:\/\/www.novotek.com\/at\/wp-json\/wp\/v2\/pages\/23854\/revisions\/27309"}],"wp:attachment":[{"href":"https:\/\/www.novotek.com\/at\/wp-json\/wp\/v2\/media?parent=23854"}],"curies":[{"name":"wp","href":"https:\/\/api.w.org\/{rel}","templated":true}]}}