{"id":24044,"date":"2025-02-14T10:21:12","date_gmt":"2025-02-14T10:21:12","guid":{"rendered":"https:\/\/www.novotek.com\/at\/?page_id=24044"},"modified":"2025-06-30T08:07:39","modified_gmt":"2025-06-30T08:07:39","slug":"energie","status":"publish","type":"page","link":"https:\/\/www.novotek.com\/at\/energie\/","title":{"rendered":"Energie"},"content":{"rendered":"  <div class=\"hero\">\n    <div class=\"carousel hero-slider small\" data-flickity data-flickity-options='{\"prevNextButtons\": false}'>\n              <div class=\"carousel-cell\">\n          <div class=\"container\">\n            <div class=\"hero-content\">\n                              <h2>Energie<\/h2>\n<p>Erreichen Sie Nachhaltigkeit in Ihrem Energie-, Umwelt- und Abfallmanagement durch Digitalisierung!<\/p>\n              \n                          <\/div>\n          <\/div>\n\n          <img decoding=\"async\" width=\"1024\" height=\"427\" src=\"https:\/\/www.novotek.com\/at\/wp-content\/uploads\/sites\/13\/Banner-Produktionsplanung-1024x427.jpg.webp\" class=\"hero-bg\" alt=\"Hero Img\" fetchpriority=\"high\" srcset=\"https:\/\/www.novotek.com\/at\/wp-content\/uploads\/sites\/13\/Banner-Produktionsplanung-1024x427.jpg.webp 1024w, https:\/\/www.novotek.com\/at\/wp-content\/uploads\/sites\/13\/Banner-Produktionsplanung-300x125.jpg.webp 300w, https:\/\/www.novotek.com\/at\/wp-content\/uploads\/sites\/13\/Banner-Produktionsplanung-768x320.jpg.webp 768w, https:\/\/www.novotek.com\/at\/wp-content\/uploads\/sites\/13\/Banner-Produktionsplanung-1536x640.jpg.webp 1536w, https:\/\/www.novotek.com\/at\/wp-content\/uploads\/sites\/13\/Banner-Produktionsplanung-86x36.jpg.webp 86w, https:\/\/www.novotek.com\/at\/wp-content\/uploads\/sites\/13\/Banner-Produktionsplanung-306x128.jpg.webp 306w, https:\/\/www.novotek.com\/at\/wp-content\/uploads\/sites\/13\/Banner-Produktionsplanung-636x265.jpg.webp 636w, https:\/\/www.novotek.com\/at\/wp-content\/uploads\/sites\/13\/Banner-Produktionsplanung-1632x680.jpg.webp 1632w, https:\/\/www.novotek.com\/at\/wp-content\/uploads\/sites\/13\/Banner-Produktionsplanung.jpg.webp 1920w\" sizes=\"(max-width: 1024px) 100vw, 1024px\" \/>                  <\/div>\n          <\/div>\n\n      <\/div>\n\n   \n\n\n<div class=\"container-md spacer  \">\n<div style=\"height:20px\" aria-hidden=\"true\" class=\"wp-block-spacer\"><\/div>\n<\/div>\n\n<div class=\"container-md group  alignwide\">\n<div class=\"wp-block-group alignwide\"><div class=\"wp-block-group__inner-container is-layout-constrained wp-block-group-is-layout-constrained\"><div class=\"container-md heading  \">\n<h2 class=\"wp-block-heading\">Energiemanagement und Umweltmanagement f\u00fcr Ihr Unternehmen<\/h2>\n<\/div>\n\n<div class=\"container-md paragraph  \">\n<p>In einer Zeit steigender Energiepreise und wachsenden Umweltbewusstseins r\u00fcckt die Optimierung von Energiemanagement und die Erf\u00fcllung von Umweltstandards wie ISO 14001 und EMAS f\u00fcr Unternehmen in den Vordergrund. Die Volatilit\u00e4t der Energiem\u00e4rkte erfordert mehr Transparenz und Flexibilit\u00e4t im Umgang mit Energiekosten.<\/p>\n<\/div>\n\n<div class=\"container-md paragraph  \">\n<p>Unser ESG-orientiertes Energiemanagement-Tool, MePIS Energy, bietet Ihnen die ideale L\u00f6sung daf\u00fcr. <\/p>\n<\/div><\/div>\n<\/div><\/div>\n\n<div class=\"container-md spacer  \">\n<div style=\"height:100px\" aria-hidden=\"true\" class=\"wp-block-spacer\"><\/div>\n<\/div>\n\n<div class=\"container-md columns  alignwide\">\n<div class=\"wp-block-columns alignwide is-layout-flex wp-container-core-columns-is-layout-9d6595d7 wp-block-columns-is-layout-flex\"><div class=\"container-md column  \">\n<div class=\"wp-block-column is-layout-flow wp-block-column-is-layout-flow\"><div class=\"container-md image  \">\n<figure class=\"wp-block-image size-full\"><img loading=\"lazy\" decoding=\"async\" width=\"1874\" height=\"964\" src=\"https:\/\/www.novotek.com\/at\/wp-content\/uploads\/sites\/13\/Mepis-Energy.png\" alt=\"\" class=\"wp-image-23424\" srcset=\"https:\/\/www.novotek.com\/at\/wp-content\/uploads\/sites\/13\/Mepis-Energy.png 1874w, https:\/\/www.novotek.com\/at\/wp-content\/uploads\/sites\/13\/Mepis-Energy-300x154.png 300w, https:\/\/www.novotek.com\/at\/wp-content\/uploads\/sites\/13\/Mepis-Energy-1024x527.png 1024w, https:\/\/www.novotek.com\/at\/wp-content\/uploads\/sites\/13\/Mepis-Energy-768x395.png 768w, https:\/\/www.novotek.com\/at\/wp-content\/uploads\/sites\/13\/Mepis-Energy-1536x790.png 1536w, https:\/\/www.novotek.com\/at\/wp-content\/uploads\/sites\/13\/Mepis-Energy-86x44.png 86w, https:\/\/www.novotek.com\/at\/wp-content\/uploads\/sites\/13\/Mepis-Energy-306x157.png 306w, https:\/\/www.novotek.com\/at\/wp-content\/uploads\/sites\/13\/Mepis-Energy-636x327.png 636w, https:\/\/www.novotek.com\/at\/wp-content\/uploads\/sites\/13\/Mepis-Energy-1632x840.png 1632w\" sizes=\"auto, (max-width: 1874px) 100vw, 1874px\" \/><\/figure>\n<\/div><\/div>\n<\/div>\n\n<div class=\"container-md column  \">\n<div class=\"wp-block-column is-layout-flow wp-block-column-is-layout-flow\"><div class=\"container-md heading  \">\n<h2 class=\"wp-block-heading\">Mepis Energy<\/h2>\n<\/div>\n\n<div class=\"container-md paragraph  \">\n<p>MePIS Energy ist eine f\u00fchrende Energiemanagementsoftware f\u00fcr Produktion, Infrastruktur und Geb\u00e4ude. Mit unserer L\u00f6sung sparen Sie nicht nur Kosten, sondern tragen auch aktiv zum Umweltschutz bei und profitieren dabei von kurzen Amortisationszeiten.<\/p>\n<\/div>\n\n<div class=\"container-md spacer  \">\n<div style=\"height:25px\" aria-hidden=\"true\" class=\"wp-block-spacer\"><\/div>\n<\/div>\n\n<div class=\"container-md buttons  \">\n<div class=\"wp-block-buttons is-layout-flex wp-block-buttons-is-layout-flex\"><div class=\"container-md button  \">\n<div class=\"wp-block-button\"><a class=\"wp-block-button__link has-background wp-element-button\" href=\"https:\/\/www.novotek.com\/at\/mepis-energy\/\" style=\"background-color:#e70029\" target=\"_blank\" rel=\"noreferrer noopener\">Mepis Energy<\/a><\/div>\n<\/div><\/div>\n<\/div><\/div>\n<\/div><\/div>\n<\/div>\n\n<div class=\"container-md spacer  \">\n<div style=\"height:100px\" aria-hidden=\"true\" class=\"wp-block-spacer\"><\/div>\n<\/div>\n\n<div class=\"container-md columns  alignwide\">\n<div class=\"wp-block-columns alignwide is-layout-flex wp-container-core-columns-is-layout-9d6595d7 wp-block-columns-is-layout-flex\"><div class=\"container-md column  \">\n<div class=\"wp-block-column is-layout-flow wp-block-column-is-layout-flow\"><div class=\"container-md heading  \">\n<h2 class=\"wp-block-heading\" style=\"font-size:34px\"><a href=\"https:\/\/www.ioeb-innovationsplattform.at\/marktplatz-innovation\/detail\/energieflussmanager\/\">Energieflussmanager<\/a><\/h2>\n<\/div>\n\n<div class=\"container-md paragraph  \">\n<p>Angesichts stetig steigender Energiepreise und des zunehmenden Fokus auf erneuerbare Energiequellen ist intelligentes Energieflussmanagement unverzichtbar geworden.<\/p>\n<\/div>\n\n<div class=\"container-md spacer  \">\n<div style=\"height:25px\" aria-hidden=\"true\" class=\"wp-block-spacer\"><\/div>\n<\/div>\n\n<div class=\"container-md buttons  \">\n<div class=\"wp-block-buttons is-layout-flex wp-block-buttons-is-layout-flex\"><div class=\"container-md button  \">\n<div class=\"wp-block-button\"><a class=\"wp-block-button__link has-background wp-element-button\" href=\"https:\/\/www.novotek.com\/at\/energieflussmanager\/\" style=\"background-color:#e70029\" target=\"_blank\" rel=\"noreferrer noopener\">Energieflusmanager<\/a><\/div>\n<\/div><\/div>\n<\/div><\/div>\n<\/div>\n\n<div class=\"container-md column  \">\n<div class=\"wp-block-column is-layout-flow wp-block-column-is-layout-flow\"><div class=\"container-md image  \">\n<figure class=\"wp-block-image size-full is-resized\"><img loading=\"lazy\" decoding=\"async\" width=\"2560\" height=\"2563\" src=\"https:\/\/www.novotek.com\/at\/wp-content\/uploads\/sites\/13\/IOEB-ausgezeichnet_Siegel_hoch.png\" alt=\"\" class=\"wp-image-24051\" style=\"width:333px;height:auto\" srcset=\"https:\/\/www.novotek.com\/at\/wp-content\/uploads\/sites\/13\/IOEB-ausgezeichnet_Siegel_hoch.png 2560w, https:\/\/www.novotek.com\/at\/wp-content\/uploads\/sites\/13\/IOEB-ausgezeichnet_Siegel_hoch-300x300.png 300w, https:\/\/www.novotek.com\/at\/wp-content\/uploads\/sites\/13\/IOEB-ausgezeichnet_Siegel_hoch-1024x1024.png 1024w, https:\/\/www.novotek.com\/at\/wp-content\/uploads\/sites\/13\/IOEB-ausgezeichnet_Siegel_hoch-150x150.png 150w, https:\/\/www.novotek.com\/at\/wp-content\/uploads\/sites\/13\/IOEB-ausgezeichnet_Siegel_hoch-768x769.png 768w, https:\/\/www.novotek.com\/at\/wp-content\/uploads\/sites\/13\/IOEB-ausgezeichnet_Siegel_hoch-1534x1536.png 1534w, https:\/\/www.novotek.com\/at\/wp-content\/uploads\/sites\/13\/IOEB-ausgezeichnet_Siegel_hoch-2045x2048.png 2045w, https:\/\/www.novotek.com\/at\/wp-content\/uploads\/sites\/13\/IOEB-ausgezeichnet_Siegel_hoch-86x86.png 86w, https:\/\/www.novotek.com\/at\/wp-content\/uploads\/sites\/13\/IOEB-ausgezeichnet_Siegel_hoch-306x306.png 306w, https:\/\/www.novotek.com\/at\/wp-content\/uploads\/sites\/13\/IOEB-ausgezeichnet_Siegel_hoch-636x637.png 636w, https:\/\/www.novotek.com\/at\/wp-content\/uploads\/sites\/13\/IOEB-ausgezeichnet_Siegel_hoch-1630x1632.png 1630w, https:\/\/www.novotek.com\/at\/wp-content\/uploads\/sites\/13\/IOEB-ausgezeichnet_Siegel_hoch-400x400.png 400w, https:\/\/www.novotek.com\/at\/wp-content\/uploads\/sites\/13\/IOEB-ausgezeichnet_Siegel_hoch-600x600.png 600w\" sizes=\"auto, (max-width: 2560px) 100vw, 2560px\" \/><\/figure>\n<\/div><\/div>\n<\/div><\/div>\n<\/div>\n\n<div class=\"container-md spacer  \">\n<div style=\"height:100px\" aria-hidden=\"true\" class=\"wp-block-spacer\"><\/div>\n<\/div>","protected":false},"excerpt":{"rendered":"<p>Energiemanagement und Umweltmanagement f\u00fcr Ihr Unternehmen In einer Zeit steigender Energiepreise und wachsenden Umweltbewusstseins r\u00fcckt die Optimierung von Energiemanagement und die Erf\u00fcllung von Umweltstandards wie ISO 14001 und EMAS f\u00fcr Unternehmen in den Vordergrund. Die Volatilit\u00e4t der Energiem\u00e4rkte erfordert mehr Transparenz und Flexibilit\u00e4t im Umgang mit Energiekosten. Unser ESG-orientiertes Energiemanagement-Tool, MePIS Energy, bietet Ihnen die [&hellip;]<\/p>\n","protected":false},"author":45,"featured_media":0,"parent":0,"menu_order":1,"comment_status":"closed","ping_status":"closed","template":"","meta":{"_acf_changed":false,"_relevanssi_hide_post":"","_relevanssi_pin_for_all":"","_relevanssi_pin_keywords":"","_relevanssi_unpin_keywords":"","_relevanssi_related_keywords":"","_relevanssi_related_include_ids":"","_relevanssi_related_exclude_ids":"","_relevanssi_related_no_append":"","_relevanssi_related_not_related":"","_relevanssi_related_posts":"6182,3220,6214,3195,3200,6233","_relevanssi_noindex_reason":"","footnotes":""},"class_list":["post-24044","page","type-page","status-publish","hentry"],"acf":[],"yoast_head":"<!-- This site is optimized with the Yoast SEO plugin v27.4 - https:\/\/yoast.com\/product\/yoast-seo-wordpress\/ -->\n<title>Energiemanagement - Novotek Austria<\/title>\n<meta name=\"description\" content=\"In einer Zeit steigender Energiepreise und wachsenden Umweltbewusstseins r\u00fcckt die Optimierung von Energiemanagement in den Vordergrund.\" \/>\n<meta name=\"robots\" content=\"index, follow, max-snippet:-1, max-image-preview:large, max-video-preview:-1\" \/>\n<link rel=\"canonical\" href=\"https:\/\/www.novotek.com\/at\/energie\/\" \/>\n<meta property=\"og:locale\" content=\"de_DE\" \/>\n<meta property=\"og:type\" content=\"article\" \/>\n<meta property=\"og:title\" content=\"Energiemanagement - Novotek Austria\" \/>\n<meta property=\"og:description\" content=\"In einer Zeit steigender Energiepreise und wachsenden Umweltbewusstseins r\u00fcckt die Optimierung von Energiemanagement in den Vordergrund.\" \/>\n<meta property=\"og:url\" content=\"https:\/\/www.novotek.com\/at\/energie\/\" \/>\n<meta property=\"og:site_name\" content=\"Novotek Austria\" \/>\n<meta property=\"article:modified_time\" content=\"2025-06-30T08:07:39+00:00\" \/>\n<meta property=\"og:image\" content=\"https:\/\/www.novotek.com\/at\/wp-content\/uploads\/sites\/13\/Mepis-Energy.png\" \/>\n<meta name=\"twitter:card\" content=\"summary_large_image\" \/>\n<meta name=\"twitter:label1\" content=\"Gesch\u00e4tzte Lesezeit\" \/>\n\t<meta name=\"twitter:data1\" content=\"2\u00a0Minuten\" \/>\n<script type=\"application\/ld+json\" class=\"yoast-schema-graph\">{\"@context\":\"https:\\\/\\\/schema.org\",\"@graph\":[{\"@type\":\"WebPage\",\"@id\":\"https:\\\/\\\/www.novotek.com\\\/at\\\/energie\\\/\",\"url\":\"https:\\\/\\\/www.novotek.com\\\/at\\\/energie\\\/\",\"name\":\"Energiemanagement - Novotek Austria\",\"isPartOf\":{\"@id\":\"https:\\\/\\\/www.novotek.com\\\/at\\\/#website\"},\"primaryImageOfPage\":{\"@id\":\"https:\\\/\\\/www.novotek.com\\\/at\\\/energie\\\/#primaryimage\"},\"image\":{\"@id\":\"https:\\\/\\\/www.novotek.com\\\/at\\\/energie\\\/#primaryimage\"},\"thumbnailUrl\":\"https:\\\/\\\/www.novotek.com\\\/at\\\/wp-content\\\/uploads\\\/sites\\\/13\\\/Mepis-Energy.png\",\"datePublished\":\"2025-02-14T10:21:12+00:00\",\"dateModified\":\"2025-06-30T08:07:39+00:00\",\"description\":\"In einer Zeit steigender Energiepreise und wachsenden Umweltbewusstseins r\u00fcckt die Optimierung von Energiemanagement in den Vordergrund.\",\"breadcrumb\":{\"@id\":\"https:\\\/\\\/www.novotek.com\\\/at\\\/energie\\\/#breadcrumb\"},\"inLanguage\":\"de-CH\",\"potentialAction\":[{\"@type\":\"ReadAction\",\"target\":[\"https:\\\/\\\/www.novotek.com\\\/at\\\/energie\\\/\"]}]},{\"@type\":\"ImageObject\",\"inLanguage\":\"de-CH\",\"@id\":\"https:\\\/\\\/www.novotek.com\\\/at\\\/energie\\\/#primaryimage\",\"url\":\"https:\\\/\\\/www.novotek.com\\\/at\\\/wp-content\\\/uploads\\\/sites\\\/13\\\/Mepis-Energy.png.webp\",\"contentUrl\":\"https:\\\/\\\/www.novotek.com\\\/at\\\/wp-content\\\/uploads\\\/sites\\\/13\\\/Mepis-Energy.png.webp\",\"width\":1874,\"height\":964},{\"@type\":\"BreadcrumbList\",\"@id\":\"https:\\\/\\\/www.novotek.com\\\/at\\\/energie\\\/#breadcrumb\",\"itemListElement\":[{\"@type\":\"ListItem\",\"position\":1,\"name\":\"Home\",\"item\":\"https:\\\/\\\/www.novotek.com\\\/at\\\/\"},{\"@type\":\"ListItem\",\"position\":2,\"name\":\"Energie\"}]},{\"@type\":\"WebSite\",\"@id\":\"https:\\\/\\\/www.novotek.com\\\/at\\\/#website\",\"url\":\"https:\\\/\\\/www.novotek.com\\\/at\\\/\",\"name\":\"Novotek Switzerland\",\"description\":\"Connect - Digitalize - Optimize\",\"potentialAction\":[{\"@type\":\"SearchAction\",\"target\":{\"@type\":\"EntryPoint\",\"urlTemplate\":\"https:\\\/\\\/www.novotek.com\\\/at\\\/?s={search_term_string}\"},\"query-input\":{\"@type\":\"PropertyValueSpecification\",\"valueRequired\":true,\"valueName\":\"search_term_string\"}}],\"inLanguage\":\"de-CH\"}]}<\/script>\n<!-- \/ Yoast SEO plugin. -->","yoast_head_json":{"title":"Energiemanagement - Novotek Austria","description":"In einer Zeit steigender Energiepreise und wachsenden Umweltbewusstseins r\u00fcckt die Optimierung von Energiemanagement in den Vordergrund.","robots":{"index":"index","follow":"follow","max-snippet":"max-snippet:-1","max-image-preview":"max-image-preview:large","max-video-preview":"max-video-preview:-1"},"canonical":"https:\/\/www.novotek.com\/at\/energie\/","og_locale":"de_DE","og_type":"article","og_title":"Energiemanagement - Novotek Austria","og_description":"In einer Zeit steigender Energiepreise und wachsenden Umweltbewusstseins r\u00fcckt die Optimierung von Energiemanagement in den Vordergrund.","og_url":"https:\/\/www.novotek.com\/at\/energie\/","og_site_name":"Novotek Austria","article_modified_time":"2025-06-30T08:07:39+00:00","og_image":[{"url":"https:\/\/www.novotek.com\/at\/wp-content\/uploads\/sites\/13\/Mepis-Energy.png","type":"","width":"","height":""}],"twitter_card":"summary_large_image","twitter_misc":{"Gesch\u00e4tzte Lesezeit":"2\u00a0Minuten"},"schema":{"@context":"https:\/\/schema.org","@graph":[{"@type":"WebPage","@id":"https:\/\/www.novotek.com\/at\/energie\/","url":"https:\/\/www.novotek.com\/at\/energie\/","name":"Energiemanagement - Novotek Austria","isPartOf":{"@id":"https:\/\/www.novotek.com\/at\/#website"},"primaryImageOfPage":{"@id":"https:\/\/www.novotek.com\/at\/energie\/#primaryimage"},"image":{"@id":"https:\/\/www.novotek.com\/at\/energie\/#primaryimage"},"thumbnailUrl":"https:\/\/www.novotek.com\/at\/wp-content\/uploads\/sites\/13\/Mepis-Energy.png","datePublished":"2025-02-14T10:21:12+00:00","dateModified":"2025-06-30T08:07:39+00:00","description":"In einer Zeit steigender Energiepreise und wachsenden Umweltbewusstseins r\u00fcckt die Optimierung von Energiemanagement in den Vordergrund.","breadcrumb":{"@id":"https:\/\/www.novotek.com\/at\/energie\/#breadcrumb"},"inLanguage":"de-CH","potentialAction":[{"@type":"ReadAction","target":["https:\/\/www.novotek.com\/at\/energie\/"]}]},{"@type":"ImageObject","inLanguage":"de-CH","@id":"https:\/\/www.novotek.com\/at\/energie\/#primaryimage","url":"https:\/\/www.novotek.com\/at\/wp-content\/uploads\/sites\/13\/Mepis-Energy.png.webp","contentUrl":"https:\/\/www.novotek.com\/at\/wp-content\/uploads\/sites\/13\/Mepis-Energy.png.webp","width":1874,"height":964},{"@type":"BreadcrumbList","@id":"https:\/\/www.novotek.com\/at\/energie\/#breadcrumb","itemListElement":[{"@type":"ListItem","position":1,"name":"Home","item":"https:\/\/www.novotek.com\/at\/"},{"@type":"ListItem","position":2,"name":"Energie"}]},{"@type":"WebSite","@id":"https:\/\/www.novotek.com\/at\/#website","url":"https:\/\/www.novotek.com\/at\/","name":"Novotek Switzerland","description":"Connect - Digitalize - Optimize","potentialAction":[{"@type":"SearchAction","target":{"@type":"EntryPoint","urlTemplate":"https:\/\/www.novotek.com\/at\/?s={search_term_string}"},"query-input":{"@type":"PropertyValueSpecification","valueRequired":true,"valueName":"search_term_string"}}],"inLanguage":"de-CH"}]}},"_links":{"self":[{"href":"https:\/\/www.novotek.com\/at\/wp-json\/wp\/v2\/pages\/24044","targetHints":{"allow":["GET"]}}],"collection":[{"href":"https:\/\/www.novotek.com\/at\/wp-json\/wp\/v2\/pages"}],"about":[{"href":"https:\/\/www.novotek.com\/at\/wp-json\/wp\/v2\/types\/page"}],"author":[{"embeddable":true,"href":"https:\/\/www.novotek.com\/at\/wp-json\/wp\/v2\/users\/45"}],"replies":[{"embeddable":true,"href":"https:\/\/www.novotek.com\/at\/wp-json\/wp\/v2\/comments?post=24044"}],"version-history":[{"count":10,"href":"https:\/\/www.novotek.com\/at\/wp-json\/wp\/v2\/pages\/24044\/revisions"}],"predecessor-version":[{"id":25559,"href":"https:\/\/www.novotek.com\/at\/wp-json\/wp\/v2\/pages\/24044\/revisions\/25559"}],"wp:attachment":[{"href":"https:\/\/www.novotek.com\/at\/wp-json\/wp\/v2\/media?parent=24044"}],"curies":[{"name":"wp","href":"https:\/\/api.w.org\/{rel}","templated":true}]}}