{"id":24057,"date":"2025-02-14T10:27:22","date_gmt":"2025-02-14T10:27:22","guid":{"rendered":"https:\/\/www.novotek.com\/at\/?page_id=24057"},"modified":"2025-06-30T07:30:05","modified_gmt":"2025-06-30T07:30:05","slug":"energieflussmanager","status":"publish","type":"page","link":"https:\/\/www.novotek.com\/at\/energieflussmanager\/","title":{"rendered":"Energieflussmanager"},"content":{"rendered":"  <div class=\"hero\">\n    <div class=\"carousel hero-slider small\" data-flickity data-flickity-options='{\"prevNextButtons\": false}'>\n              <div class=\"carousel-cell\">\n          <div class=\"container\">\n            <div class=\"hero-content\">\n                              <h2>Energieflussmanager<\/h2>\n<p><span class=\"field-value \"><span class=\"field-entry detail-inhalt\"><span data-contrast=\"auto\">Angesichts stetig steigender Energiepreise und des zunehmenden Fokus auf erneuerbare Energiequellen ist intelligentes Energieflussmanagement unverzichtbar geworden<\/span>.<\/span><\/span><\/p>\n              \n                          <\/div>\n          <\/div>\n\n          <img decoding=\"async\" width=\"800\" height=\"600\" src=\"https:\/\/www.novotek.com\/at\/wp-content\/uploads\/sites\/13\/proficy-historian-solar-energie.jpg.webp\" class=\"hero-bg\" alt=\"Hero Img\" fetchpriority=\"high\" srcset=\"https:\/\/www.novotek.com\/at\/wp-content\/uploads\/sites\/13\/proficy-historian-solar-energie.jpg.webp 800w, https:\/\/www.novotek.com\/at\/wp-content\/uploads\/sites\/13\/proficy-historian-solar-energie-300x225.jpg.webp 300w, https:\/\/www.novotek.com\/at\/wp-content\/uploads\/sites\/13\/proficy-historian-solar-energie-768x576.jpg.webp 768w\" sizes=\"(max-width: 800px) 100vw, 800px\" \/>                  <\/div>\n          <\/div>\n\n      <\/div>\n\n   \n\n\n<div class=\"container-md paragraph  \">\n<p>Es hilft nicht nur, den Energieverbrauch drastisch zu reduzieren, sondern f\u00f6rdert auch die Integration erneuerbarer Energietr\u00e4ger, erm\u00f6glicht autarken Betrieb und gew\u00e4hrleistet, dass Energie pr\u00e4zise dort zur Verf\u00fcgung steht, wo sie gebraucht wird \u2013 ohne Kompromisse beim Komfort. Unser KI-gesteuerter Energieflussmanager vereint all diese Vorteile in einer einzigen, leistungsstarken Softwarel\u00f6sung, die sich nahtlos in Ihre bestehende Infrastruktur integriert.<\/p>\n<\/div>\n\n<div class=\"container-md paragraph  aligncenter\">\n<p class=\"has-text-align-center\"><em>Senken Sie Ihren Energieverbrauch um bis zu 50% und steigern Sie gleichzeitig Ihren Komfort. Keine andere Software bietet diese Kombination aus Effizienz und Benutzerfreundlichkeit.<\/em><\/p>\n<\/div>\n\n<div class=\"container-md paragraph  \">\n<p>Mit unserer Hilfe gelangen Sie gezielt, mit niedrigen Investitionskosten und in kurzer Zeit zu IHREM IIoT-Portal.<\/p>\n<\/div>\n\n<div class=\"container-md spacer  \">\n<div style=\"height:50px\" aria-hidden=\"true\" class=\"wp-block-spacer\"><\/div>\n<\/div>\n\n<div class=\"container-md heading  \">\n<h2 class=\"wp-block-heading\">Warum Energieflussmanager<\/h2>\n<\/div>\n\n<div class=\"container-md columns  alignwide\">\n<div class=\"wp-block-columns alignwide is-layout-flex wp-container-core-columns-is-layout-9d6595d7 wp-block-columns-is-layout-flex\"><div class=\"container-md column  \">\n<div class=\"wp-block-column is-layout-flow wp-block-column-is-layout-flow\"><div class=\"container-md image  \">\n<figure class=\"wp-block-image size-full\"><img loading=\"lazy\" decoding=\"async\" width=\"2554\" height=\"1480\" src=\"https:\/\/www.novotek.com\/at\/wp-content\/uploads\/sites\/13\/MEPIS-Energy-Sankey-Diagramm-1.png\" alt=\"\" class=\"wp-image-24062\" srcset=\"https:\/\/www.novotek.com\/at\/wp-content\/uploads\/sites\/13\/MEPIS-Energy-Sankey-Diagramm-1.png 2554w, https:\/\/www.novotek.com\/at\/wp-content\/uploads\/sites\/13\/MEPIS-Energy-Sankey-Diagramm-1-300x174.png 300w, https:\/\/www.novotek.com\/at\/wp-content\/uploads\/sites\/13\/MEPIS-Energy-Sankey-Diagramm-1-1024x593.png 1024w, https:\/\/www.novotek.com\/at\/wp-content\/uploads\/sites\/13\/MEPIS-Energy-Sankey-Diagramm-1-768x445.png 768w, https:\/\/www.novotek.com\/at\/wp-content\/uploads\/sites\/13\/MEPIS-Energy-Sankey-Diagramm-1-1536x890.png 1536w, https:\/\/www.novotek.com\/at\/wp-content\/uploads\/sites\/13\/MEPIS-Energy-Sankey-Diagramm-1-2048x1187.png 2048w, https:\/\/www.novotek.com\/at\/wp-content\/uploads\/sites\/13\/MEPIS-Energy-Sankey-Diagramm-1-86x50.png 86w, https:\/\/www.novotek.com\/at\/wp-content\/uploads\/sites\/13\/MEPIS-Energy-Sankey-Diagramm-1-306x177.png 306w, https:\/\/www.novotek.com\/at\/wp-content\/uploads\/sites\/13\/MEPIS-Energy-Sankey-Diagramm-1-636x369.png 636w, https:\/\/www.novotek.com\/at\/wp-content\/uploads\/sites\/13\/MEPIS-Energy-Sankey-Diagramm-1-1632x946.png 1632w\" sizes=\"auto, (max-width: 2554px) 100vw, 2554px\" \/><\/figure>\n<\/div><\/div>\n<\/div>\n\n<div class=\"container-md column  \">\n<div class=\"wp-block-column is-layout-flow wp-block-column-is-layout-flow\"><div class=\"container-md paragraph  \">\n<p>Im Vergleich zu traditionellen Energiemanagement-Systemen steuert dieser aktiv die Verbraucher\/Energieerzeuger und passt sich durch KI-Technologie nahtlos an Ihre spezifischen Bed\u00fcrfnisse an \u2013 von Geb\u00e4uden bis hin zu gro\u00dfen Industrieanlagen. Andere Systeme decken nur einen Teilbereich ab.<\/p>\n<\/div>\n\n<div class=\"container-md spacer  \">\n<div style=\"height:25px\" aria-hidden=\"true\" class=\"wp-block-spacer\"><\/div>\n<\/div>\n\n<div class=\"container-md paragraph  \">\n<p>Mit MePIS Energy und dem Energieflussmanager bieten wir ein Gesamtsystem, das sich leicht in bestehende Landschaften (ERP, MES, PPS, Geb\u00e4udeleitsystem) integrieren l\u00e4sst.<\/p>\n<\/div><\/div>\n<\/div><\/div>\n<\/div>\n\n<div class=\"container-md spacer  \">\n<div style=\"height:100px\" aria-hidden=\"true\" class=\"wp-block-spacer\"><\/div>\n<\/div>\n\n<div class=\"container-md heading  \">\n<h2 class=\"wp-block-heading\">Energieeffizienz und Komfort \u2013 keine Kompromisse mehr.<\/h2>\n<\/div>\n\n  <div class=\"slider-column-parent\">\n    <div class=\"container\">\n      <div class=\"slider-column-title\">Energieeffizienz und Komfort \u2013 keine Kompromisse mehr.<\/div>\n\n      <div class=\"row\">\n        <div class=\"col-12 col-md-4\"><div class=\"column-box\">\n  \n  \n      <div class=\"text\">\n      <p><span class=\"field-value \"><span class=\"field-entry collapsed-field-full\"><span data-contrast=\"auto\"><strong>Reduktion von Verbrauchsspitzen:<\/strong><\/span><\/span><\/span><\/p>\n<p><span class=\"field-value \"><span class=\"field-entry collapsed-field-full\"><span data-contrast=\"auto\">Im Gegensatz zu herk\u00f6mmlichen Systemen, die lediglich den Energieverbrauch \u00fcberwachen, erm\u00f6glicht unser Produkt eine aktive Steuerung und damit Kostenoptimierung.<\/span><\/span><\/span><\/p>\n    <\/div>\n  \n  \n  <\/div>\n\n<\/div><div class=\"col-12 col-md-4\"><div class=\"column-box\">\n  \n  \n      <div class=\"text\">\n      <p><span class=\"field-value \"><span class=\"field-entry collapsed-field-full\"><span data-contrast=\"auto\"><strong>Optimale Versorgung:<\/strong><\/span><\/span><\/span><\/p>\n<p><span class=\"field-value \"><span class=\"field-entry collapsed-field-full\"><span data-contrast=\"auto\">Unsere Software prognostiziert Ihren Energiebedarf und passt die Versorgung in Echtzeit an.<\/span><\/span><\/span><\/p>\n    <\/div>\n  \n  \n  <\/div>\n\n<\/div><div class=\"col-12 col-md-4\"><div class=\"column-box\">\n  \n  \n      <div class=\"text\">\n      <p><span class=\"field-value \"><span class=\"field-entry collapsed-field-full\"><span data-contrast=\"auto\"><strong>Gesteigerter Komfort:<\/strong><\/span><\/span><\/span><\/p>\n<p><span class=\"field-value \"><span class=\"field-entry collapsed-field-full\"><span data-contrast=\"auto\">Smarte Algorithmen sorgen f\u00fcr perfekt temperierte und beleuchtete R\u00e4ume.<\/span> <\/span><\/span><\/p>\n    <\/div>\n  \n  \n  <\/div>\n\n<\/div><div class=\"col-12 col-md-4\"><div class=\"column-box\">\n  \n  \n      <div class=\"text\">\n      <p><span class=\"field-value \"><span class=\"field-entry collapsed-field-full\"><strong>Maximiert Ihre Betriebszeit im Black-Out Betrieb:<\/strong><\/span><\/span><\/p>\n<p><span class=\"field-value \"><span class=\"field-entry collapsed-field-full\">L\u00e4ngere Laufzeit im Back-Out Fall durch effiziente Energieverteilung und Priorisierung von Verbrauchern.<\/span><\/span><\/p>\n    <\/div>\n  \n  \n  <\/div>\n\n<\/div><div class=\"col-12 col-md-4\"><div class=\"column-box\">\n  \n  \n      <div class=\"text\">\n      <p><span class=\"field-value \"><span class=\"field-entry collapsed-field-full\"><strong>Selbstlernend:<\/strong><\/span><\/span><\/p>\n<p><span class=\"field-value \"><span class=\"field-entry collapsed-field-full\">Unser System lernt selbst\u00e4ndig durch modernste Reinforcement Learning Algorithmen um die Effizienz fortlaufend zu verbessern.<\/span><\/span><\/p>\n    <\/div>\n  \n  \n  <\/div>\n\n<\/div><div class=\"col-12 col-md-4\"><div class=\"column-box\">\n  \n  \n      <div class=\"text\">\n      <p><span class=\"field-value \"><span class=\"field-entry collapsed-field-full\"><strong>Anomalie-Erkennung:<\/strong><\/span><\/span><\/p>\n<p><span class=\"field-value \"><span class=\"field-entry collapsed-field-full\">Probleme in der Versorgung automatisiert erkennen bevor hohe Kosten entstehen.\u00a0<\/span><\/span><\/p>\n    <\/div>\n  \n  \n  <\/div>\n\n<\/div>      <\/div>\n    <\/div>\n  <\/div>\n\n\n<div class=\"container-md spacer  \">\n<div style=\"height:25px\" aria-hidden=\"true\" class=\"wp-block-spacer\"><\/div>\n<\/div>\n\n<div class=\"container-md heading  \">\n<h2 class=\"wp-block-heading\">Technolgie<\/h2>\n<\/div>\n\n<div class=\"container-md paragraph  \">\n<p>Intelligent, adaptiv und vorausschauend \u2013 dank KI.&nbsp;<\/p>\n<\/div>\n\n<div class=\"container-md list  \">\n<ul class=\"wp-block-list\"><div class=\"container-md list-item  \">\n<li>Unsere KI-Technologie lernt aus Ihren historischen und aktuellen Daten, um einen digitalen Zwilling des Energiesystems zu schaffen.&nbsp;<\/li>\n<\/div>\n\n<div class=\"container-md list-item  \">\n<li>Die Echtzeit-Simulation und die Optimierungs-Engine ermitteln die beste Verteilung und Schaltzeiten, basierend auf einer Vielzahl von Datenpunkten. Wahlweise On-Prem oder in der Cloud.&nbsp;<\/li>\n<\/div>\n\n<div class=\"container-md list-item  \">\n<li><strong>Multilayer Neural Networks:<\/strong> F\u00fcr komplexe Prognosemodelle und Echtzeitanalysen.&nbsp;<\/li>\n<\/div>\n\n<div class=\"container-md list-item  \">\n<li><strong>Clustering-Algorithmen:<\/strong> Gruppierung von Verbrauchsmustern zur besseren Energieverteilung.&nbsp;<\/li>\n<\/div>\n\n<div class=\"container-md list-item  \">\n<li><strong>Automatisierte Entscheidungsfindung:<\/strong> Unser System trifft datenbasierte Entscheidungen schneller und genauer als jedes Energiemanagement-Team.<\/li>\n<\/div>\n\n<div class=\"container-md list-item  \">\n<li>&nbsp;Die Konkurrenz bleibt bei regelbasierten Systemen stecken. Wir nutzen die Kraft der KI.&nbsp;<\/li>\n<\/div><\/ul>\n<\/div>\n\n<div class=\"container-md spacer  \">\n<div style=\"height:50px\" aria-hidden=\"true\" class=\"wp-block-spacer\"><\/div>\n<\/div>\n\n<div class=\"container-md columns  alignwide\">\n<div class=\"wp-block-columns alignwide is-layout-flex wp-container-core-columns-is-layout-9d6595d7 wp-block-columns-is-layout-flex\"><div class=\"container-md column  \">\n<div class=\"wp-block-column is-layout-flow wp-block-column-is-layout-flow\"><div class=\"container-md spacer  \">\n<div style=\"height:75px\" aria-hidden=\"true\" class=\"wp-block-spacer\"><\/div>\n<\/div>\n\n<div class=\"container-md heading  \">\n<h4 class=\"wp-block-heading has-text-align-center\"><em><a href=\"https:\/\/www.ioeb-innovationsplattform.at\/marktplatz-innovation\/detail\/energieflussmanager\/\">Mit unsere L\u00f6sung erreichen Sie einzigartiges, tiefgreifendes und adaptives Management Ihres Energiesystems!!!<\/a><\/em><\/h4>\n<\/div>\n\n<div class=\"container-md spacer  \">\n<div style=\"height:25px\" aria-hidden=\"true\" class=\"wp-block-spacer\"><\/div>\n<\/div><\/div>\n<\/div>\n\n<div class=\"container-md column  \">\n<div class=\"wp-block-column is-layout-flow wp-block-column-is-layout-flow\"><div class=\"container-md image  \">\n<figure class=\"wp-block-image size-full is-resized\"><img loading=\"lazy\" decoding=\"async\" width=\"2560\" height=\"2563\" src=\"https:\/\/www.novotek.com\/at\/wp-content\/uploads\/sites\/13\/IOEB-ausgezeichnet_Siegel_hoch.png\" alt=\"\" class=\"wp-image-24051\" style=\"width:197px;height:auto\" srcset=\"https:\/\/www.novotek.com\/at\/wp-content\/uploads\/sites\/13\/IOEB-ausgezeichnet_Siegel_hoch.png 2560w, https:\/\/www.novotek.com\/at\/wp-content\/uploads\/sites\/13\/IOEB-ausgezeichnet_Siegel_hoch-300x300.png 300w, https:\/\/www.novotek.com\/at\/wp-content\/uploads\/sites\/13\/IOEB-ausgezeichnet_Siegel_hoch-1024x1024.png 1024w, https:\/\/www.novotek.com\/at\/wp-content\/uploads\/sites\/13\/IOEB-ausgezeichnet_Siegel_hoch-150x150.png 150w, https:\/\/www.novotek.com\/at\/wp-content\/uploads\/sites\/13\/IOEB-ausgezeichnet_Siegel_hoch-768x769.png 768w, https:\/\/www.novotek.com\/at\/wp-content\/uploads\/sites\/13\/IOEB-ausgezeichnet_Siegel_hoch-1534x1536.png 1534w, https:\/\/www.novotek.com\/at\/wp-content\/uploads\/sites\/13\/IOEB-ausgezeichnet_Siegel_hoch-2045x2048.png 2045w, https:\/\/www.novotek.com\/at\/wp-content\/uploads\/sites\/13\/IOEB-ausgezeichnet_Siegel_hoch-86x86.png 86w, https:\/\/www.novotek.com\/at\/wp-content\/uploads\/sites\/13\/IOEB-ausgezeichnet_Siegel_hoch-306x306.png 306w, https:\/\/www.novotek.com\/at\/wp-content\/uploads\/sites\/13\/IOEB-ausgezeichnet_Siegel_hoch-636x637.png 636w, https:\/\/www.novotek.com\/at\/wp-content\/uploads\/sites\/13\/IOEB-ausgezeichnet_Siegel_hoch-1630x1632.png 1630w, https:\/\/www.novotek.com\/at\/wp-content\/uploads\/sites\/13\/IOEB-ausgezeichnet_Siegel_hoch-400x400.png 400w, https:\/\/www.novotek.com\/at\/wp-content\/uploads\/sites\/13\/IOEB-ausgezeichnet_Siegel_hoch-600x600.png 600w\" sizes=\"auto, (max-width: 2560px) 100vw, 2560px\" \/><\/figure>\n<\/div><\/div>\n<\/div><\/div>\n<\/div>\n\n<div class=\"container-md spacer  \">\n<div style=\"height:50px\" aria-hidden=\"true\" class=\"wp-block-spacer\"><\/div>\n<\/div>\n\n<div class=\"container-md heading  \">\n<h2 class=\"wp-block-heading\">Funktionen<\/h2>\n<\/div>\n\n<div class=\"container-md list  \">\n<ul class=\"wp-block-list\"><div class=\"container-md list-item  \">\n<li>Ein vielf\u00e4ltiges Arsenal an Tools, das Ihren Energieverbrauch revolutionieren wird.&nbsp;<\/li>\n<\/div>\n\n<div class=\"container-md list-item  \">\n<li><strong>Energieforecast:<\/strong> Planen Sie Ihren Energieverbrauch effektiv und vermeiden Sie teure Verbrauchsspitzen.&nbsp;<\/li>\n<\/div>\n\n<div class=\"container-md list-item  \">\n<li><strong>Simulation des Energiesystems:<\/strong> Erhalten Sie einen vollst\u00e4ndigen \u00dcberblick \u00fcber Ihr Energiesystem und wie es optimiert werden kann.&nbsp;<\/li>\n<\/div>\n\n<div class=\"container-md list-item  \">\n<li><strong>Ansteuerung der Verbraucher:<\/strong> Vollautomatische Kontrolle aller Energieverbraucher in Ihrem System.&nbsp;<\/li>\n<\/div>\n\n<div class=\"container-md list-item  \">\n<li><strong>Stromtarifbasiertes Management:<\/strong> N\u00fctzen Sie Energie, wenn diese am g\u00fcnstigsten ist!&nbsp;<\/li>\n<\/div>\n\n<div class=\"container-md list-item  \">\n<li><strong>Optimale Nutzung von erneuerbaren Energien durch Zeitreihenanalyse:<\/strong> Wir maximieren den Einsatz von Wind- und Solarenergie in Abh\u00e4ngigkeit von Wetterprognosen und historischen Daten.&nbsp;<\/li>\n<\/div>\n\n<div class=\"container-md list-item  \">\n<li><strong>Adaptive Learning Loops:<\/strong> Das System verbessert sich st\u00e4ndig selbst, um noch pr\u00e4zisere Energieverteilung zu erm\u00f6glichen.<\/li>\n<\/div><\/ul>\n<\/div>\n\n<div class=\"container-md image  \">\n<figure class=\"wp-block-image size-large\"><img loading=\"lazy\" decoding=\"async\" width=\"1024\" height=\"797\" src=\"https:\/\/www.novotek.com\/at\/wp-content\/uploads\/sites\/13\/Energieflussmanager-Uebersicht-1024x797.png\" alt=\"\" class=\"wp-image-24079\" srcset=\"https:\/\/www.novotek.com\/at\/wp-content\/uploads\/sites\/13\/Energieflussmanager-Uebersicht-1024x797.png 1024w, https:\/\/www.novotek.com\/at\/wp-content\/uploads\/sites\/13\/Energieflussmanager-Uebersicht-300x233.png 300w, https:\/\/www.novotek.com\/at\/wp-content\/uploads\/sites\/13\/Energieflussmanager-Uebersicht-768x598.png 768w, https:\/\/www.novotek.com\/at\/wp-content\/uploads\/sites\/13\/Energieflussmanager-Uebersicht-1536x1195.png 1536w, https:\/\/www.novotek.com\/at\/wp-content\/uploads\/sites\/13\/Energieflussmanager-Uebersicht-2048x1594.png 2048w, https:\/\/www.novotek.com\/at\/wp-content\/uploads\/sites\/13\/Energieflussmanager-Uebersicht-86x67.png 86w, https:\/\/www.novotek.com\/at\/wp-content\/uploads\/sites\/13\/Energieflussmanager-Uebersicht-306x238.png 306w, https:\/\/www.novotek.com\/at\/wp-content\/uploads\/sites\/13\/Energieflussmanager-Uebersicht-636x495.png 636w, https:\/\/www.novotek.com\/at\/wp-content\/uploads\/sites\/13\/Energieflussmanager-Uebersicht-1632x1270.png 1632w\" sizes=\"auto, (max-width: 1024px) 100vw, 1024px\" \/><\/figure>\n<\/div>\n\n<div class=\"container-md spacer  \">\n<div style=\"height:50px\" aria-hidden=\"true\" class=\"wp-block-spacer\"><\/div>\n<\/div>\n\n<div class=\"container-md heading  \">\n<h2 class=\"wp-block-heading\">Einsatzm\u00f6glichkeiten&nbsp;<\/h2>\n<\/div>\n\n<div class=\"container-md heading  \">\n<h4 class=\"wp-block-heading\">Branchen\u00fcbergreifende Skalierbarkeit &amp; Konnektivit\u00e4t&nbsp;<\/h4>\n<\/div>\n\n<div class=\"container-md paragraph  \">\n<p>Ob Einzelhandel, Infrastruktur oder Gro\u00dfindustrie \u2013 unser System passt sich an die spezifischen Anforderungen Ihrer Branche an und unterst\u00fctzt durch die Verwendung unseres leistungsf\u00e4higen IIoT Controllers \u00fcber 200 Protokolle.<\/p>\n<\/div>\n\n<div class=\"container-md spacer  \">\n<div style=\"height:100px\" aria-hidden=\"true\" class=\"wp-block-spacer\"><\/div>\n<\/div>","protected":false},"excerpt":{"rendered":"<p>Es hilft nicht nur, den Energieverbrauch drastisch zu reduzieren, sondern f\u00f6rdert auch die Integration erneuerbarer Energietr\u00e4ger, erm\u00f6glicht autarken Betrieb und gew\u00e4hrleistet, dass Energie pr\u00e4zise dort zur Verf\u00fcgung steht, wo sie gebraucht wird \u2013 ohne Kompromisse beim Komfort. Unser KI-gesteuerter Energieflussmanager vereint all diese Vorteile in einer einzigen, leistungsstarken Softwarel\u00f6sung, die sich nahtlos in Ihre bestehende [&hellip;]<\/p>\n","protected":false},"author":45,"featured_media":0,"parent":0,"menu_order":1,"comment_status":"closed","ping_status":"closed","template":"","meta":{"_acf_changed":false,"_relevanssi_hide_post":"","_relevanssi_pin_for_all":"","_relevanssi_pin_keywords":"","_relevanssi_unpin_keywords":"","_relevanssi_related_keywords":"","_relevanssi_related_include_ids":"","_relevanssi_related_exclude_ids":"","_relevanssi_related_no_append":"","_relevanssi_related_not_related":"","_relevanssi_related_posts":"6182,3220,6214,3195,3200,6233","_relevanssi_noindex_reason":"","footnotes":""},"class_list":["post-24057","page","type-page","status-publish","hentry"],"acf":[],"yoast_head":"<!-- This site is optimized with the Yoast SEO plugin v27.4 - https:\/\/yoast.com\/product\/yoast-seo-wordpress\/ -->\n<title>Energieflussmanager - Novotek Austria<\/title>\n<meta name=\"description\" content=\"Angesichts steigender Energiepreise und zunehmenden Fokus auf erneuerbare Energiequellen ist unser Energieflussmanager unverzichtbar.\" \/>\n<meta name=\"robots\" content=\"index, follow, max-snippet:-1, max-image-preview:large, max-video-preview:-1\" \/>\n<link rel=\"canonical\" href=\"https:\/\/www.novotek.com\/at\/energieflussmanager\/\" \/>\n<meta property=\"og:locale\" content=\"de_DE\" \/>\n<meta property=\"og:type\" content=\"article\" \/>\n<meta property=\"og:title\" content=\"Energieflussmanager - Novotek Austria\" \/>\n<meta property=\"og:description\" content=\"Angesichts steigender Energiepreise und zunehmenden Fokus auf erneuerbare Energiequellen ist unser Energieflussmanager unverzichtbar.\" \/>\n<meta property=\"og:url\" content=\"https:\/\/www.novotek.com\/at\/energieflussmanager\/\" \/>\n<meta property=\"og:site_name\" content=\"Novotek Austria\" \/>\n<meta property=\"article:modified_time\" content=\"2025-06-30T07:30:05+00:00\" \/>\n<meta property=\"og:image\" content=\"https:\/\/www.novotek.com\/at\/wp-content\/uploads\/sites\/13\/MEPIS-Energy-Sankey-Diagramm-1.png\" \/>\n<meta name=\"twitter:card\" content=\"summary_large_image\" \/>\n<meta name=\"twitter:label1\" content=\"Gesch\u00e4tzte Lesezeit\" \/>\n\t<meta name=\"twitter:data1\" content=\"3\u00a0Minuten\" \/>\n<script type=\"application\/ld+json\" class=\"yoast-schema-graph\">{\"@context\":\"https:\\\/\\\/schema.org\",\"@graph\":[{\"@type\":\"WebPage\",\"@id\":\"https:\\\/\\\/www.novotek.com\\\/at\\\/energieflussmanager\\\/\",\"url\":\"https:\\\/\\\/www.novotek.com\\\/at\\\/energieflussmanager\\\/\",\"name\":\"Energieflussmanager - Novotek Austria\",\"isPartOf\":{\"@id\":\"https:\\\/\\\/www.novotek.com\\\/at\\\/#website\"},\"primaryImageOfPage\":{\"@id\":\"https:\\\/\\\/www.novotek.com\\\/at\\\/energieflussmanager\\\/#primaryimage\"},\"image\":{\"@id\":\"https:\\\/\\\/www.novotek.com\\\/at\\\/energieflussmanager\\\/#primaryimage\"},\"thumbnailUrl\":\"https:\\\/\\\/www.novotek.com\\\/at\\\/wp-content\\\/uploads\\\/sites\\\/13\\\/MEPIS-Energy-Sankey-Diagramm-1.png\",\"datePublished\":\"2025-02-14T10:27:22+00:00\",\"dateModified\":\"2025-06-30T07:30:05+00:00\",\"description\":\"Angesichts steigender Energiepreise und zunehmenden Fokus auf erneuerbare Energiequellen ist unser Energieflussmanager unverzichtbar.\",\"breadcrumb\":{\"@id\":\"https:\\\/\\\/www.novotek.com\\\/at\\\/energieflussmanager\\\/#breadcrumb\"},\"inLanguage\":\"de-CH\",\"potentialAction\":[{\"@type\":\"ReadAction\",\"target\":[\"https:\\\/\\\/www.novotek.com\\\/at\\\/energieflussmanager\\\/\"]}]},{\"@type\":\"ImageObject\",\"inLanguage\":\"de-CH\",\"@id\":\"https:\\\/\\\/www.novotek.com\\\/at\\\/energieflussmanager\\\/#primaryimage\",\"url\":\"https:\\\/\\\/www.novotek.com\\\/at\\\/wp-content\\\/uploads\\\/sites\\\/13\\\/MEPIS-Energy-Sankey-Diagramm-1.png.webp\",\"contentUrl\":\"https:\\\/\\\/www.novotek.com\\\/at\\\/wp-content\\\/uploads\\\/sites\\\/13\\\/MEPIS-Energy-Sankey-Diagramm-1.png.webp\",\"width\":2554,\"height\":1480},{\"@type\":\"BreadcrumbList\",\"@id\":\"https:\\\/\\\/www.novotek.com\\\/at\\\/energieflussmanager\\\/#breadcrumb\",\"itemListElement\":[{\"@type\":\"ListItem\",\"position\":1,\"name\":\"Home\",\"item\":\"https:\\\/\\\/www.novotek.com\\\/at\\\/\"},{\"@type\":\"ListItem\",\"position\":2,\"name\":\"Energieflussmanager\"}]},{\"@type\":\"WebSite\",\"@id\":\"https:\\\/\\\/www.novotek.com\\\/at\\\/#website\",\"url\":\"https:\\\/\\\/www.novotek.com\\\/at\\\/\",\"name\":\"Novotek Switzerland\",\"description\":\"Connect - Digitalize - Optimize\",\"potentialAction\":[{\"@type\":\"SearchAction\",\"target\":{\"@type\":\"EntryPoint\",\"urlTemplate\":\"https:\\\/\\\/www.novotek.com\\\/at\\\/?s={search_term_string}\"},\"query-input\":{\"@type\":\"PropertyValueSpecification\",\"valueRequired\":true,\"valueName\":\"search_term_string\"}}],\"inLanguage\":\"de-CH\"}]}<\/script>\n<!-- \/ Yoast SEO plugin. -->","yoast_head_json":{"title":"Energieflussmanager - Novotek Austria","description":"Angesichts steigender Energiepreise und zunehmenden Fokus auf erneuerbare Energiequellen ist unser Energieflussmanager unverzichtbar.","robots":{"index":"index","follow":"follow","max-snippet":"max-snippet:-1","max-image-preview":"max-image-preview:large","max-video-preview":"max-video-preview:-1"},"canonical":"https:\/\/www.novotek.com\/at\/energieflussmanager\/","og_locale":"de_DE","og_type":"article","og_title":"Energieflussmanager - Novotek Austria","og_description":"Angesichts steigender Energiepreise und zunehmenden Fokus auf erneuerbare Energiequellen ist unser Energieflussmanager unverzichtbar.","og_url":"https:\/\/www.novotek.com\/at\/energieflussmanager\/","og_site_name":"Novotek Austria","article_modified_time":"2025-06-30T07:30:05+00:00","og_image":[{"url":"https:\/\/www.novotek.com\/at\/wp-content\/uploads\/sites\/13\/MEPIS-Energy-Sankey-Diagramm-1.png","type":"","width":"","height":""}],"twitter_card":"summary_large_image","twitter_misc":{"Gesch\u00e4tzte Lesezeit":"3\u00a0Minuten"},"schema":{"@context":"https:\/\/schema.org","@graph":[{"@type":"WebPage","@id":"https:\/\/www.novotek.com\/at\/energieflussmanager\/","url":"https:\/\/www.novotek.com\/at\/energieflussmanager\/","name":"Energieflussmanager - Novotek Austria","isPartOf":{"@id":"https:\/\/www.novotek.com\/at\/#website"},"primaryImageOfPage":{"@id":"https:\/\/www.novotek.com\/at\/energieflussmanager\/#primaryimage"},"image":{"@id":"https:\/\/www.novotek.com\/at\/energieflussmanager\/#primaryimage"},"thumbnailUrl":"https:\/\/www.novotek.com\/at\/wp-content\/uploads\/sites\/13\/MEPIS-Energy-Sankey-Diagramm-1.png","datePublished":"2025-02-14T10:27:22+00:00","dateModified":"2025-06-30T07:30:05+00:00","description":"Angesichts steigender Energiepreise und zunehmenden Fokus auf erneuerbare Energiequellen ist unser Energieflussmanager unverzichtbar.","breadcrumb":{"@id":"https:\/\/www.novotek.com\/at\/energieflussmanager\/#breadcrumb"},"inLanguage":"de-CH","potentialAction":[{"@type":"ReadAction","target":["https:\/\/www.novotek.com\/at\/energieflussmanager\/"]}]},{"@type":"ImageObject","inLanguage":"de-CH","@id":"https:\/\/www.novotek.com\/at\/energieflussmanager\/#primaryimage","url":"https:\/\/www.novotek.com\/at\/wp-content\/uploads\/sites\/13\/MEPIS-Energy-Sankey-Diagramm-1.png.webp","contentUrl":"https:\/\/www.novotek.com\/at\/wp-content\/uploads\/sites\/13\/MEPIS-Energy-Sankey-Diagramm-1.png.webp","width":2554,"height":1480},{"@type":"BreadcrumbList","@id":"https:\/\/www.novotek.com\/at\/energieflussmanager\/#breadcrumb","itemListElement":[{"@type":"ListItem","position":1,"name":"Home","item":"https:\/\/www.novotek.com\/at\/"},{"@type":"ListItem","position":2,"name":"Energieflussmanager"}]},{"@type":"WebSite","@id":"https:\/\/www.novotek.com\/at\/#website","url":"https:\/\/www.novotek.com\/at\/","name":"Novotek Switzerland","description":"Connect - Digitalize - Optimize","potentialAction":[{"@type":"SearchAction","target":{"@type":"EntryPoint","urlTemplate":"https:\/\/www.novotek.com\/at\/?s={search_term_string}"},"query-input":{"@type":"PropertyValueSpecification","valueRequired":true,"valueName":"search_term_string"}}],"inLanguage":"de-CH"}]}},"_links":{"self":[{"href":"https:\/\/www.novotek.com\/at\/wp-json\/wp\/v2\/pages\/24057","targetHints":{"allow":["GET"]}}],"collection":[{"href":"https:\/\/www.novotek.com\/at\/wp-json\/wp\/v2\/pages"}],"about":[{"href":"https:\/\/www.novotek.com\/at\/wp-json\/wp\/v2\/types\/page"}],"author":[{"embeddable":true,"href":"https:\/\/www.novotek.com\/at\/wp-json\/wp\/v2\/users\/45"}],"replies":[{"embeddable":true,"href":"https:\/\/www.novotek.com\/at\/wp-json\/wp\/v2\/comments?post=24057"}],"version-history":[{"count":17,"href":"https:\/\/www.novotek.com\/at\/wp-json\/wp\/v2\/pages\/24057\/revisions"}],"predecessor-version":[{"id":25549,"href":"https:\/\/www.novotek.com\/at\/wp-json\/wp\/v2\/pages\/24057\/revisions\/25549"}],"wp:attachment":[{"href":"https:\/\/www.novotek.com\/at\/wp-json\/wp\/v2\/media?parent=24057"}],"curies":[{"name":"wp","href":"https:\/\/api.w.org\/{rel}","templated":true}]}}