{"id":24932,"date":"2025-04-17T11:19:29","date_gmt":"2025-04-17T11:19:29","guid":{"rendered":"https:\/\/www.novotek.com\/at\/?page_id=24932"},"modified":"2025-11-11T12:21:01","modified_gmt":"2025-11-11T12:21:01","slug":"unsere-leistungen-ot-cyber-security","status":"publish","type":"page","link":"https:\/\/www.novotek.com\/at\/unsere-leistungen-ot-cyber-security\/","title":{"rendered":"Unsere Leistungen &#8211; OT Cyber Security"},"content":{"rendered":"  <div class=\"hero\">\n    <div class=\"carousel hero-slider small\" data-flickity data-flickity-options='{\"prevNextButtons\": false}'>\n              <div class=\"carousel-cell\">\n          <div class=\"container\">\n            <div class=\"hero-content\">\n                              <h1>Protect (OT Cyber Security)<\/h1>\n<p>Unsere Leistungen<\/p>\n              \n                          <\/div>\n          <\/div>\n\n          <img decoding=\"async\" width=\"1024\" height=\"427\" src=\"https:\/\/www.novotek.com\/at\/wp-content\/uploads\/sites\/13\/Banner-Protect-1024x427.jpg.webp\" class=\"hero-bg\" alt=\"Hero Img\" fetchpriority=\"high\" srcset=\"https:\/\/www.novotek.com\/at\/wp-content\/uploads\/sites\/13\/Banner-Protect-1024x427.jpg.webp 1024w, https:\/\/www.novotek.com\/at\/wp-content\/uploads\/sites\/13\/Banner-Protect-300x125.jpg.webp 300w, https:\/\/www.novotek.com\/at\/wp-content\/uploads\/sites\/13\/Banner-Protect-768x320.jpg.webp 768w, https:\/\/www.novotek.com\/at\/wp-content\/uploads\/sites\/13\/Banner-Protect-1536x640.jpg.webp 1536w, https:\/\/www.novotek.com\/at\/wp-content\/uploads\/sites\/13\/Banner-Protect-86x36.jpg.webp 86w, https:\/\/www.novotek.com\/at\/wp-content\/uploads\/sites\/13\/Banner-Protect-306x128.jpg.webp 306w, https:\/\/www.novotek.com\/at\/wp-content\/uploads\/sites\/13\/Banner-Protect-636x265.jpg.webp 636w, https:\/\/www.novotek.com\/at\/wp-content\/uploads\/sites\/13\/Banner-Protect-1632x680.jpg.webp 1632w, https:\/\/www.novotek.com\/at\/wp-content\/uploads\/sites\/13\/Banner-Protect.jpg.webp 1920w\" sizes=\"(max-width: 1024px) 100vw, 1024px\" \/>                  <\/div>\n          <\/div>\n\n      <\/div>\n\n   \n\n\n<div class=\"container-md paragraph  \">\n<p>Das Thema OT <strong>Cyber Security<\/strong> ist umfangreich und wird auch in den kommenden Jahren noch weiter wachsen. Auch die Anforderungen, welche an <strong>Produzenten, <a href=\"https:\/\/www.novotek.com\/at\/industrie\/maschinen-anlagenbau\/\">Maschinenbauer<\/a><\/strong> und <strong>Hersteller<\/strong> ganz allgemein gestellt werden, werden mit kommenden EU-Richtlinien immer anspruchsvoller.<\/p>\n<\/div>\n\n<div class=\"container-md spacer  \">\n<div style=\"height:25px\" aria-hidden=\"true\" class=\"wp-block-spacer\"><\/div>\n<\/div>\n\n<div class=\"container-md heading  \">\n<h3 class=\"wp-block-heading has-medium-font-size\"><strong>Umso wichtiger, dass Sie einen Ansprechpartner an Ihrer Seite haben, der Sie mit <strong>Kompetenz, Wissen und Erfahrung<\/strong> unterst\u00fctzt \u2013 und mit klar strukturierten Leistungen:<\/strong><\/h3>\n<\/div>\n\n<div class=\"container-md list  \">\n<ul class=\"wp-block-list\"><div class=\"container-md list-item  \">\n<li><strong>Schulung &amp; Know-how-Aufbau<\/strong> \u2013 f\u00fcr mehr Sicherheit durch Verst\u00e4ndnis<\/li>\n<\/div>\n\n<div class=\"container-md list-item  \">\n<li><strong>Bestandsaufnahme<\/strong> <strong>&amp; Risikoanalyse<\/strong> \u2013 damit Sie wissen, wo sie stehen<\/li>\n<\/div>\n\n<div class=\"container-md list-item  \">\n<li><strong>Ma\u00dfnahmenausarbeitung<\/strong> \u2013 individuell, praxisnah und umsetzbar<\/li>\n<\/div>\n\n<div class=\"container-md list-item  \">\n<li><strong>Audit<\/strong> \u2013 zur Bewertung und Nachweis Ihrer bestehenden Sicherheitsstruktur<\/li>\n<\/div><\/ul>\n<\/div>\n\n<div class=\"container-md spacer  \">\n<div style=\"height:100px\" aria-hidden=\"true\" id=\"schulung\" class=\"wp-block-spacer\"><\/div>\n<\/div>\n\n<div class=\"container-md columns  alignwide\">\n<div class=\"wp-block-columns alignwide is-layout-flex wp-container-core-columns-is-layout-9d6595d7 wp-block-columns-is-layout-flex\"><div class=\"container-md column  \">\n<div class=\"wp-block-column is-layout-flow wp-block-column-is-layout-flow\"><div class=\"container-md image  \">\n<figure class=\"wp-block-image size-full\"><img loading=\"lazy\" decoding=\"async\" width=\"2250\" height=\"1500\" src=\"https:\/\/www.novotek.com\/at\/wp-content\/uploads\/sites\/13\/Schulung.jpg\" alt=\"\" class=\"wp-image-21951\" srcset=\"https:\/\/www.novotek.com\/at\/wp-content\/uploads\/sites\/13\/Schulung.jpg 2250w, https:\/\/www.novotek.com\/at\/wp-content\/uploads\/sites\/13\/Schulung-300x200.jpg 300w, https:\/\/www.novotek.com\/at\/wp-content\/uploads\/sites\/13\/Schulung-1024x683.jpg 1024w, https:\/\/www.novotek.com\/at\/wp-content\/uploads\/sites\/13\/Schulung-768x512.jpg 768w, https:\/\/www.novotek.com\/at\/wp-content\/uploads\/sites\/13\/Schulung-1536x1024.jpg 1536w, https:\/\/www.novotek.com\/at\/wp-content\/uploads\/sites\/13\/Schulung-2048x1365.jpg 2048w, https:\/\/www.novotek.com\/at\/wp-content\/uploads\/sites\/13\/Schulung-86x57.jpg 86w, https:\/\/www.novotek.com\/at\/wp-content\/uploads\/sites\/13\/Schulung-306x204.jpg 306w, https:\/\/www.novotek.com\/at\/wp-content\/uploads\/sites\/13\/Schulung-636x424.jpg 636w, https:\/\/www.novotek.com\/at\/wp-content\/uploads\/sites\/13\/Schulung-1632x1088.jpg 1632w\" sizes=\"auto, (max-width: 2250px) 100vw, 2250px\" \/><\/figure>\n<\/div><\/div>\n<\/div>\n\n<div class=\"container-md column  \">\n<div class=\"wp-block-column is-layout-flow wp-block-column-is-layout-flow\"><div class=\"container-md heading  \">\n<h2 class=\"wp-block-heading\">Schulung &amp; Know-How Aufbau<\/h2>\n<\/div>\n\n<div class=\"container-md paragraph  \">\n<p>Unser OT Cyber Security Workshop vermittelt kompakt und praxisnah grundlegendes Wissen zum Schutz industrieller Steuerungssysteme. Teilnehmende lernen, aktuelle Bedrohungen zu erkennen und effektive Sicherheitsma\u00dfnahmen in OT-Umgebungen umzusetzen. Ziel ist der gezielte Know-How Aufbau f\u00fcr den sicheren Betrieb vernetzter Industrieanlagen, sowie deren Herstellung und Entwicklung.<\/p>\n<\/div>\n\n<div class=\"container-md spacer  \">\n<div style=\"height:50px\" aria-hidden=\"true\" class=\"wp-block-spacer\"><\/div>\n<\/div>\n\n<div class=\"container-md heading  \">\n<h3 class=\"wp-block-heading\">Ergebnis<\/h3>\n<\/div>\n\n<div class=\"container-md list  \">\n<ul class=\"wp-block-list\"><div class=\"container-md list-item  \">\n<li>Klarheit \u00fcber die Herangehensweise bzgl. kommender Gesetze<\/li>\n<\/div>\n\n<div class=\"container-md list-item  \">\n<li>Fitte Mitarbeiter beim Thema Cyber Security<\/li>\n<\/div>\n\n<div class=\"container-md list-item  \">\n<li>Gesteigerte Cyber Security in der Produktion oder bei Produkten und Projekten<\/li>\n<\/div>\n\n<div class=\"container-md list-item  \">\n<li>Wettbewerbsvorteil durch professionelles Auftreten gegen\u00fcber Kunden<\/li>\n<\/div>\n\n<div class=\"container-md list-item  \">\n<li>Gesteigertes Kundenvertrauen<\/li>\n<\/div>\n\n<div class=\"container-md list-item  \">\n<li>Know-How Aufbau<\/li>\n<\/div><\/ul>\n<\/div><\/div>\n<\/div><\/div>\n<\/div>\n\n<div class=\"container-md spacer  \">\n<div style=\"height:100px\" aria-hidden=\"true\" id=\"bestandsaufnahme\" class=\"wp-block-spacer\"><\/div>\n<\/div>\n\n<div class=\"container-md columns  alignwide\">\n<div class=\"wp-block-columns alignwide is-layout-flex wp-container-core-columns-is-layout-9d6595d7 wp-block-columns-is-layout-flex\"><div class=\"container-md column  \">\n<div class=\"wp-block-column is-layout-flow wp-block-column-is-layout-flow\"><div class=\"container-md heading  \">\n<h2 class=\"wp-block-heading\">Bestandsaufnahme &amp; Risikoanalyse<\/h2>\n<\/div>\n\n<div class=\"container-md paragraph  \">\n<p>Mit einer strukturierten Bestandsaufnahme analysieren wir den aktuellen Sicherheitsstatus Ihrer OT-Umgebung \u2013 egal ob f\u00fcr Ihre Produktion, oder die von Ihnen hergestellten Produkte wie Maschinen- und Anlagen. Gemeinsam identifizieren wir Schwachstellen, bewerten Risiken und leiten konkrete Handlungsempfehlungen zur Verbesserung bzw. Einhaltung der aktuellen und zuk\u00fcnftigen Richtlinien ab. Die Analyse schafft Transparenz und bildet die Grundlage f\u00fcr gezielte Schutzma\u00dfnahmen.<\/p>\n<\/div>\n\n<div class=\"container-md spacer  \">\n<div style=\"height:50px\" aria-hidden=\"true\" class=\"wp-block-spacer\"><\/div>\n<\/div>\n\n<div class=\"container-md heading  \">\n<h3 class=\"wp-block-heading\">Ergebnis<\/h3>\n<\/div>\n\n<div class=\"container-md list  \">\n<ul class=\"wp-block-list\"><div class=\"container-md list-item  \">\n<li>Gesteigerte Awareness<\/li>\n<\/div>\n\n<div class=\"container-md list-item  \">\n<li>Interner Know-How Aufbau<\/li>\n<\/div>\n\n<div class=\"container-md list-item  \">\n<li>Erstellen einer GAP-Analyse<\/li>\n<\/div>\n\n<div class=\"container-md list-item  \">\n<li>Kennenlernen der Tools, damit die FMEA zuk\u00fcnftig selbstdurchgef\u00fchrt werden kann<\/li>\n<\/div>\n\n<div class=\"container-md list-item  \">\n<li>Kennenlernen der Normen, Standards und Umsetzungsm\u00f6glichkeiten (Best Practices)<\/li>\n<\/div><\/ul>\n<\/div><\/div>\n<\/div>\n\n<div class=\"container-md column  \">\n<div class=\"wp-block-column is-layout-flow wp-block-column-is-layout-flow\"><div class=\"container-md image  \">\n<figure class=\"wp-block-image size-full\"><img loading=\"lazy\" decoding=\"async\" width=\"1505\" height=\"1000\" src=\"https:\/\/www.novotek.com\/at\/wp-content\/uploads\/sites\/13\/Analyse.jpg\" alt=\"\" class=\"wp-image-21972\" srcset=\"https:\/\/www.novotek.com\/at\/wp-content\/uploads\/sites\/13\/Analyse.jpg 1505w, https:\/\/www.novotek.com\/at\/wp-content\/uploads\/sites\/13\/Analyse-300x199.jpg 300w, https:\/\/www.novotek.com\/at\/wp-content\/uploads\/sites\/13\/Analyse-1024x680.jpg 1024w, https:\/\/www.novotek.com\/at\/wp-content\/uploads\/sites\/13\/Analyse-768x510.jpg 768w, https:\/\/www.novotek.com\/at\/wp-content\/uploads\/sites\/13\/Analyse-86x57.jpg 86w, https:\/\/www.novotek.com\/at\/wp-content\/uploads\/sites\/13\/Analyse-306x203.jpg 306w, https:\/\/www.novotek.com\/at\/wp-content\/uploads\/sites\/13\/Analyse-636x423.jpg 636w\" sizes=\"auto, (max-width: 1505px) 100vw, 1505px\" \/><\/figure>\n<\/div><\/div>\n<\/div><\/div>\n<\/div>\n\n<div class=\"container-md spacer  \">\n<div style=\"height:100px\" aria-hidden=\"true\" id=\"massnahmenausarbeitung\" class=\"wp-block-spacer\"><\/div>\n<\/div>\n\n<div class=\"container-md columns  alignwide\">\n<div class=\"wp-block-columns alignwide is-layout-flex wp-container-core-columns-is-layout-9d6595d7 wp-block-columns-is-layout-flex\"><div class=\"container-md column  \">\n<div class=\"wp-block-column is-layout-flow wp-block-column-is-layout-flow\"><div class=\"container-md image  \">\n<figure class=\"wp-block-image size-full\"><img loading=\"lazy\" decoding=\"async\" width=\"1408\" height=\"1000\" src=\"https:\/\/www.novotek.com\/at\/wp-content\/uploads\/sites\/13\/Analyse-02.jpg\" alt=\"\" class=\"wp-image-21974\" srcset=\"https:\/\/www.novotek.com\/at\/wp-content\/uploads\/sites\/13\/Analyse-02.jpg 1408w, https:\/\/www.novotek.com\/at\/wp-content\/uploads\/sites\/13\/Analyse-02-300x213.jpg 300w, https:\/\/www.novotek.com\/at\/wp-content\/uploads\/sites\/13\/Analyse-02-1024x727.jpg 1024w, https:\/\/www.novotek.com\/at\/wp-content\/uploads\/sites\/13\/Analyse-02-768x545.jpg 768w, https:\/\/www.novotek.com\/at\/wp-content\/uploads\/sites\/13\/Analyse-02-86x61.jpg 86w, https:\/\/www.novotek.com\/at\/wp-content\/uploads\/sites\/13\/Analyse-02-306x217.jpg 306w, https:\/\/www.novotek.com\/at\/wp-content\/uploads\/sites\/13\/Analyse-02-636x452.jpg 636w\" sizes=\"auto, (max-width: 1408px) 100vw, 1408px\" \/><\/figure>\n<\/div><\/div>\n<\/div>\n\n<div class=\"container-md column  \">\n<div class=\"wp-block-column is-layout-flow wp-block-column-is-layout-flow\"><div class=\"container-md heading  \">\n<h2 class=\"wp-block-heading\">Ma\u00dfnahmen- ausarbeitung<\/h2>\n<\/div>\n\n<div class=\"container-md paragraph  \">\n<p>Auf Basis der Risikoanalyse erarbeiten wir einen ma\u00dfgeschneiderten Ma\u00dfnahmenplan zur Erh\u00f6hung Ihrer OT-Sicherheit. Technische, organisatorische und prozessorientierte Ma\u00dfnahmen werden priorisiert, praxisnah und verst\u00e4ndlich aufbereitet. So erhalten Sie eine klare, umsetzbare ToDo-Liste zur nachhaltigen Risikominimierung. Lassen Sie uns Ihr Dolmetscher zwischen Standards und Technik sein!<\/p>\n<\/div>\n\n<div class=\"container-md spacer  \">\n<div style=\"height:50px\" aria-hidden=\"true\" class=\"wp-block-spacer\"><\/div>\n<\/div>\n\n<div class=\"container-md heading  \">\n<h3 class=\"wp-block-heading\">Ergebnis<\/h3>\n<\/div>\n\n<div class=\"container-md list  \">\n<ul class=\"wp-block-list\"><div class=\"container-md list-item  \">\n<li>Planung einer technisches, budget\u00e4ren und zeitlichen (Entwicklungs-)Roadmap<\/li>\n<\/div>\n\n<div class=\"container-md list-item  \">\n<li>Ausarbeiten konkreter und messbarer ToDo\u2018s<\/li>\n<\/div><\/ul>\n<\/div><\/div>\n<\/div><\/div>\n<\/div>\n\n<div class=\"container-md spacer  \">\n<div style=\"height:100px\" aria-hidden=\"true\" id=\"audit\" class=\"wp-block-spacer\"><\/div>\n<\/div>\n\n<div class=\"container-md columns  alignwide\">\n<div class=\"wp-block-columns alignwide is-layout-flex wp-container-core-columns-is-layout-9d6595d7 wp-block-columns-is-layout-flex\"><div class=\"container-md column  \">\n<div class=\"wp-block-column is-layout-flow wp-block-column-is-layout-flow\"><div class=\"container-md heading  \">\n<h2 class=\"wp-block-heading\">Audit<\/h2>\n<\/div>\n\n<div class=\"container-md paragraph  \">\n<p>Zur \u00dcberpr\u00fcfung Ihrer umgesetzten OT-Sicherheitsma\u00dfnahmen f\u00fchren wir gezielte Audits und Penetrationstests durch. Dabei pr\u00fcfen wir, ob implementierte Schutzma\u00dfnahmen wirksam sind und identifizieren m\u00f6gliche Sicherheitsl\u00fccken unter realistischen und praxisnahen Bedingungen. Die Ergebnisse liefern konkrete Ans\u00e4tze zur Optimierung und erh\u00f6hen die Resilienz Ihrer OT-Systeme nachhaltig.<\/p>\n<\/div>\n\n<div class=\"container-md spacer  \">\n<div style=\"height:50px\" aria-hidden=\"true\" class=\"wp-block-spacer\"><\/div>\n<\/div>\n\n<div class=\"container-md heading  \">\n<h3 class=\"wp-block-heading\">Ergebnis<\/h3>\n<\/div>\n\n<div class=\"container-md list  \">\n<ul class=\"wp-block-list\"><div class=\"container-md list-item  \">\n<li>Cyber Security Zertifikat f\u00fcr Ihre Produktion oder Ihr Produkt<\/li>\n<\/div>\n\n<div class=\"container-md list-item  \">\n<li>Umfangreicher Audit Report<div class=\"container-md list  \">\n<ul class=\"wp-block-list\"><div class=\"container-md list-item  \">\n<li>Nachweis zur Vertrauenssteigerung gegen\u00fcber Ihrer Kunden<\/li>\n<\/div><\/ul>\n<\/div><\/li>\n<\/div><\/ul>\n<\/div><\/div>\n<\/div>\n\n<div class=\"container-md column  \">\n<div class=\"wp-block-column is-layout-flow wp-block-column-is-layout-flow\"><div class=\"container-md image  \">\n<figure class=\"wp-block-image size-full\"><img loading=\"lazy\" decoding=\"async\" width=\"1280\" height=\"768\" src=\"https:\/\/www.novotek.com\/at\/wp-content\/uploads\/sites\/13\/Audit.jpg\" alt=\"\" class=\"wp-image-24943\" srcset=\"https:\/\/www.novotek.com\/at\/wp-content\/uploads\/sites\/13\/Audit.jpg 1280w, https:\/\/www.novotek.com\/at\/wp-content\/uploads\/sites\/13\/Audit-300x180.jpg 300w, https:\/\/www.novotek.com\/at\/wp-content\/uploads\/sites\/13\/Audit-1024x614.jpg 1024w, https:\/\/www.novotek.com\/at\/wp-content\/uploads\/sites\/13\/Audit-768x461.jpg 768w, https:\/\/www.novotek.com\/at\/wp-content\/uploads\/sites\/13\/Audit-86x52.jpg 86w, https:\/\/www.novotek.com\/at\/wp-content\/uploads\/sites\/13\/Audit-306x184.jpg 306w, https:\/\/www.novotek.com\/at\/wp-content\/uploads\/sites\/13\/Audit-636x382.jpg 636w\" sizes=\"auto, (max-width: 1280px) 100vw, 1280px\" \/><\/figure>\n<\/div><\/div>\n<\/div><\/div>\n<\/div>\n\n<div class=\"container-md spacer  \">\n<div style=\"height:100px\" aria-hidden=\"true\" class=\"wp-block-spacer\"><\/div>\n<\/div>","protected":false},"excerpt":{"rendered":"<p>Das Thema OT Cyber Security ist umfangreich und wird auch in den kommenden Jahren noch weiter wachsen. Auch die Anforderungen, welche an Produzenten, Maschinenbauer und Hersteller ganz allgemein gestellt werden, werden mit kommenden EU-Richtlinien immer anspruchsvoller. Umso wichtiger, dass Sie einen Ansprechpartner an Ihrer Seite haben, der Sie mit Kompetenz, Wissen und Erfahrung unterst\u00fctzt \u2013 [&hellip;]<\/p>\n","protected":false},"author":45,"featured_media":0,"parent":0,"menu_order":1,"comment_status":"closed","ping_status":"closed","template":"","meta":{"_acf_changed":false,"_relevanssi_hide_post":"","_relevanssi_pin_for_all":"","_relevanssi_pin_keywords":"","_relevanssi_unpin_keywords":"","_relevanssi_related_keywords":"","_relevanssi_related_include_ids":"","_relevanssi_related_exclude_ids":"","_relevanssi_related_no_append":"","_relevanssi_related_not_related":"","_relevanssi_related_posts":"6182,3220,6214,3195,3200,6233","_relevanssi_noindex_reason":"","footnotes":""},"class_list":["post-24932","page","type-page","status-publish","hentry"],"acf":[],"yoast_head":"<!-- This site is optimized with the Yoast SEO plugin v27.4 - https:\/\/yoast.com\/product\/yoast-seo-wordpress\/ -->\n<title>Unsere Leistungen - OT Cyber Security - Novotek Austria<\/title>\n<meta name=\"description\" content=\"Wir sind Ihr Ansprechpartner f\u00fcr OT Cyber Security, der Sie mit Kompetenz, Wissen und Erfahrung unterst\u00fctzt.\" \/>\n<meta name=\"robots\" content=\"index, follow, max-snippet:-1, max-image-preview:large, max-video-preview:-1\" \/>\n<link rel=\"canonical\" href=\"https:\/\/www.novotek.com\/at\/unsere-leistungen-ot-cyber-security\/\" \/>\n<meta property=\"og:locale\" content=\"de_DE\" \/>\n<meta property=\"og:type\" content=\"article\" \/>\n<meta property=\"og:title\" content=\"Unsere Leistungen - OT Cyber Security - Novotek Austria\" \/>\n<meta property=\"og:description\" content=\"Wir sind Ihr Ansprechpartner f\u00fcr OT Cyber Security, der Sie mit Kompetenz, Wissen und Erfahrung unterst\u00fctzt.\" \/>\n<meta property=\"og:url\" content=\"https:\/\/www.novotek.com\/at\/unsere-leistungen-ot-cyber-security\/\" \/>\n<meta property=\"og:site_name\" content=\"Novotek Austria\" \/>\n<meta property=\"article:modified_time\" content=\"2025-11-11T12:21:01+00:00\" \/>\n<meta property=\"og:image\" content=\"https:\/\/www.novotek.com\/at\/wp-content\/uploads\/sites\/13\/Schulung.jpg\" \/>\n<meta name=\"twitter:card\" content=\"summary_large_image\" \/>\n<meta name=\"twitter:label1\" content=\"Gesch\u00e4tzte Lesezeit\" \/>\n\t<meta name=\"twitter:data1\" content=\"3\u00a0Minuten\" \/>\n<script type=\"application\/ld+json\" class=\"yoast-schema-graph\">{\"@context\":\"https:\\\/\\\/schema.org\",\"@graph\":[{\"@type\":\"WebPage\",\"@id\":\"https:\\\/\\\/www.novotek.com\\\/at\\\/unsere-leistungen-ot-cyber-security\\\/\",\"url\":\"https:\\\/\\\/www.novotek.com\\\/at\\\/unsere-leistungen-ot-cyber-security\\\/\",\"name\":\"Unsere Leistungen - OT Cyber Security - Novotek Austria\",\"isPartOf\":{\"@id\":\"https:\\\/\\\/www.novotek.com\\\/at\\\/#website\"},\"primaryImageOfPage\":{\"@id\":\"https:\\\/\\\/www.novotek.com\\\/at\\\/unsere-leistungen-ot-cyber-security\\\/#primaryimage\"},\"image\":{\"@id\":\"https:\\\/\\\/www.novotek.com\\\/at\\\/unsere-leistungen-ot-cyber-security\\\/#primaryimage\"},\"thumbnailUrl\":\"https:\\\/\\\/www.novotek.com\\\/at\\\/wp-content\\\/uploads\\\/sites\\\/13\\\/Schulung.jpg\",\"datePublished\":\"2025-04-17T11:19:29+00:00\",\"dateModified\":\"2025-11-11T12:21:01+00:00\",\"description\":\"Wir sind Ihr Ansprechpartner f\u00fcr OT Cyber Security, der Sie mit Kompetenz, Wissen und Erfahrung unterst\u00fctzt.\",\"breadcrumb\":{\"@id\":\"https:\\\/\\\/www.novotek.com\\\/at\\\/unsere-leistungen-ot-cyber-security\\\/#breadcrumb\"},\"inLanguage\":\"de-CH\",\"potentialAction\":[{\"@type\":\"ReadAction\",\"target\":[\"https:\\\/\\\/www.novotek.com\\\/at\\\/unsere-leistungen-ot-cyber-security\\\/\"]}]},{\"@type\":\"ImageObject\",\"inLanguage\":\"de-CH\",\"@id\":\"https:\\\/\\\/www.novotek.com\\\/at\\\/unsere-leistungen-ot-cyber-security\\\/#primaryimage\",\"url\":\"https:\\\/\\\/www.novotek.com\\\/at\\\/wp-content\\\/uploads\\\/sites\\\/13\\\/Schulung.jpg.webp\",\"contentUrl\":\"https:\\\/\\\/www.novotek.com\\\/at\\\/wp-content\\\/uploads\\\/sites\\\/13\\\/Schulung.jpg.webp\",\"width\":2250,\"height\":1500},{\"@type\":\"BreadcrumbList\",\"@id\":\"https:\\\/\\\/www.novotek.com\\\/at\\\/unsere-leistungen-ot-cyber-security\\\/#breadcrumb\",\"itemListElement\":[{\"@type\":\"ListItem\",\"position\":1,\"name\":\"Home\",\"item\":\"https:\\\/\\\/www.novotek.com\\\/at\\\/\"},{\"@type\":\"ListItem\",\"position\":2,\"name\":\"Unsere Leistungen &#8211; OT Cyber Security\"}]},{\"@type\":\"WebSite\",\"@id\":\"https:\\\/\\\/www.novotek.com\\\/at\\\/#website\",\"url\":\"https:\\\/\\\/www.novotek.com\\\/at\\\/\",\"name\":\"Novotek Switzerland\",\"description\":\"Connect - Digitalize - Optimize\",\"potentialAction\":[{\"@type\":\"SearchAction\",\"target\":{\"@type\":\"EntryPoint\",\"urlTemplate\":\"https:\\\/\\\/www.novotek.com\\\/at\\\/?s={search_term_string}\"},\"query-input\":{\"@type\":\"PropertyValueSpecification\",\"valueRequired\":true,\"valueName\":\"search_term_string\"}}],\"inLanguage\":\"de-CH\"}]}<\/script>\n<!-- \/ Yoast SEO plugin. -->","yoast_head_json":{"title":"Unsere Leistungen - OT Cyber Security - Novotek Austria","description":"Wir sind Ihr Ansprechpartner f\u00fcr OT Cyber Security, der Sie mit Kompetenz, Wissen und Erfahrung unterst\u00fctzt.","robots":{"index":"index","follow":"follow","max-snippet":"max-snippet:-1","max-image-preview":"max-image-preview:large","max-video-preview":"max-video-preview:-1"},"canonical":"https:\/\/www.novotek.com\/at\/unsere-leistungen-ot-cyber-security\/","og_locale":"de_DE","og_type":"article","og_title":"Unsere Leistungen - OT Cyber Security - Novotek Austria","og_description":"Wir sind Ihr Ansprechpartner f\u00fcr OT Cyber Security, der Sie mit Kompetenz, Wissen und Erfahrung unterst\u00fctzt.","og_url":"https:\/\/www.novotek.com\/at\/unsere-leistungen-ot-cyber-security\/","og_site_name":"Novotek Austria","article_modified_time":"2025-11-11T12:21:01+00:00","og_image":[{"url":"https:\/\/www.novotek.com\/at\/wp-content\/uploads\/sites\/13\/Schulung.jpg","type":"","width":"","height":""}],"twitter_card":"summary_large_image","twitter_misc":{"Gesch\u00e4tzte Lesezeit":"3\u00a0Minuten"},"schema":{"@context":"https:\/\/schema.org","@graph":[{"@type":"WebPage","@id":"https:\/\/www.novotek.com\/at\/unsere-leistungen-ot-cyber-security\/","url":"https:\/\/www.novotek.com\/at\/unsere-leistungen-ot-cyber-security\/","name":"Unsere Leistungen - OT Cyber Security - Novotek Austria","isPartOf":{"@id":"https:\/\/www.novotek.com\/at\/#website"},"primaryImageOfPage":{"@id":"https:\/\/www.novotek.com\/at\/unsere-leistungen-ot-cyber-security\/#primaryimage"},"image":{"@id":"https:\/\/www.novotek.com\/at\/unsere-leistungen-ot-cyber-security\/#primaryimage"},"thumbnailUrl":"https:\/\/www.novotek.com\/at\/wp-content\/uploads\/sites\/13\/Schulung.jpg","datePublished":"2025-04-17T11:19:29+00:00","dateModified":"2025-11-11T12:21:01+00:00","description":"Wir sind Ihr Ansprechpartner f\u00fcr OT Cyber Security, der Sie mit Kompetenz, Wissen und Erfahrung unterst\u00fctzt.","breadcrumb":{"@id":"https:\/\/www.novotek.com\/at\/unsere-leistungen-ot-cyber-security\/#breadcrumb"},"inLanguage":"de-CH","potentialAction":[{"@type":"ReadAction","target":["https:\/\/www.novotek.com\/at\/unsere-leistungen-ot-cyber-security\/"]}]},{"@type":"ImageObject","inLanguage":"de-CH","@id":"https:\/\/www.novotek.com\/at\/unsere-leistungen-ot-cyber-security\/#primaryimage","url":"https:\/\/www.novotek.com\/at\/wp-content\/uploads\/sites\/13\/Schulung.jpg.webp","contentUrl":"https:\/\/www.novotek.com\/at\/wp-content\/uploads\/sites\/13\/Schulung.jpg.webp","width":2250,"height":1500},{"@type":"BreadcrumbList","@id":"https:\/\/www.novotek.com\/at\/unsere-leistungen-ot-cyber-security\/#breadcrumb","itemListElement":[{"@type":"ListItem","position":1,"name":"Home","item":"https:\/\/www.novotek.com\/at\/"},{"@type":"ListItem","position":2,"name":"Unsere Leistungen &#8211; OT Cyber Security"}]},{"@type":"WebSite","@id":"https:\/\/www.novotek.com\/at\/#website","url":"https:\/\/www.novotek.com\/at\/","name":"Novotek Switzerland","description":"Connect - Digitalize - Optimize","potentialAction":[{"@type":"SearchAction","target":{"@type":"EntryPoint","urlTemplate":"https:\/\/www.novotek.com\/at\/?s={search_term_string}"},"query-input":{"@type":"PropertyValueSpecification","valueRequired":true,"valueName":"search_term_string"}}],"inLanguage":"de-CH"}]}},"_links":{"self":[{"href":"https:\/\/www.novotek.com\/at\/wp-json\/wp\/v2\/pages\/24932","targetHints":{"allow":["GET"]}}],"collection":[{"href":"https:\/\/www.novotek.com\/at\/wp-json\/wp\/v2\/pages"}],"about":[{"href":"https:\/\/www.novotek.com\/at\/wp-json\/wp\/v2\/types\/page"}],"author":[{"embeddable":true,"href":"https:\/\/www.novotek.com\/at\/wp-json\/wp\/v2\/users\/45"}],"replies":[{"embeddable":true,"href":"https:\/\/www.novotek.com\/at\/wp-json\/wp\/v2\/comments?post=24932"}],"version-history":[{"count":14,"href":"https:\/\/www.novotek.com\/at\/wp-json\/wp\/v2\/pages\/24932\/revisions"}],"predecessor-version":[{"id":26374,"href":"https:\/\/www.novotek.com\/at\/wp-json\/wp\/v2\/pages\/24932\/revisions\/26374"}],"wp:attachment":[{"href":"https:\/\/www.novotek.com\/at\/wp-json\/wp\/v2\/media?parent=24932"}],"curies":[{"name":"wp","href":"https:\/\/api.w.org\/{rel}","templated":true}]}}