{"id":25712,"date":"2025-07-23T09:36:17","date_gmt":"2025-07-23T09:36:17","guid":{"rendered":"https:\/\/www.novotek.com\/at\/?page_id=25712"},"modified":"2025-07-23T11:40:43","modified_gmt":"2025-07-23T11:40:43","slug":"junior-data-scientist","status":"publish","type":"page","link":"https:\/\/www.novotek.com\/at\/dienstleistungen\/junior-data-scientist\/","title":{"rendered":"Junior Data Scientist (m\/w\/d)"},"content":{"rendered":"<div class=\"container-md image  \">\n<figure class=\"wp-block-image size-full is-resized\"><img loading=\"lazy\" decoding=\"async\" width=\"1240\" height=\"424\" src=\"https:\/\/www.novotek.com\/at\/wp-content\/uploads\/sites\/13\/Junior-Data-Scientist-Bild.jpg\" alt=\"\" class=\"wp-image-25717\" style=\"width:693px;height:auto\" srcset=\"https:\/\/www.novotek.com\/at\/wp-content\/uploads\/sites\/13\/Junior-Data-Scientist-Bild.jpg 1240w, https:\/\/www.novotek.com\/at\/wp-content\/uploads\/sites\/13\/Junior-Data-Scientist-Bild-300x103.jpg 300w, https:\/\/www.novotek.com\/at\/wp-content\/uploads\/sites\/13\/Junior-Data-Scientist-Bild-1024x350.jpg 1024w, https:\/\/www.novotek.com\/at\/wp-content\/uploads\/sites\/13\/Junior-Data-Scientist-Bild-768x263.jpg 768w, https:\/\/www.novotek.com\/at\/wp-content\/uploads\/sites\/13\/Junior-Data-Scientist-Bild-86x29.jpg 86w, https:\/\/www.novotek.com\/at\/wp-content\/uploads\/sites\/13\/Junior-Data-Scientist-Bild-306x105.jpg 306w, https:\/\/www.novotek.com\/at\/wp-content\/uploads\/sites\/13\/Junior-Data-Scientist-Bild-636x217.jpg 636w\" sizes=\"auto, (max-width: 1240px) 100vw, 1240px\" \/><\/figure>\n<\/div>\n\n<div class=\"container-md heading  \">\n<h2 class=\"wp-block-heading\">Junior Data Scientist: Industrial Automation \/ Teilzeit<\/h2>\n<\/div>\n\n<div class=\"container-md paragraph  \">\n<p>Hilf dabei mit datengetriebenen Methoden die Qualit\u00e4t und den Ertrag \u00f6sterreichsicher Produktionsunternehmen zu steigern bei gleichzeitiger Reduktion des Energieverbrauchs und Ausschusses.<\/p>\n<\/div>\n\n<div class=\"container-md paragraph  \">\n<p><br>Wir suchen Personen, die unser im Aufbau befindliches Industrial Data Science Department mit tiefem technischem Verst\u00e4ndnis f\u00fcr Industriedaten und moderne Data Science Methoden unterst\u00fctzen.<\/p>\n<\/div>\n\n<div class=\"container-md spacer  \">\n<div style=\"height:50px\" aria-hidden=\"true\" class=\"wp-block-spacer\"><\/div>\n<\/div>\n\n<div class=\"container-md heading  \">\n<h3 class=\"wp-block-heading\">\u00dcber uns: Novotek Austria und die Novotek Gruppe<\/h3>\n<\/div>\n\n<div class=\"container-md paragraph  \">\n<p>Als Teil der Novotek Gruppe stehen wir f\u00fcr Innovation, Effizienz und Nachhaltigkeit. Mit Standorten in Gro\u00dfpetersdorf und Graz betreuen wir Kunden in ganz \u00d6sterreich und bieten wegweisende Digitalisierungsl\u00f6sungen.<\/p>\n<\/div>\n\n<div class=\"container-md spacer  \">\n<div style=\"height:25px\" aria-hidden=\"true\" class=\"wp-block-spacer\"><\/div>\n<\/div>\n\n<div class=\"container-md heading  \">\n<h3 class=\"wp-block-heading\">Deine Aufgaben:<\/h3>\n<\/div>\n\n<div class=\"container-md list  \">\n<ul class=\"wp-block-list\"><div class=\"container-md list-item  \">\n<li>Unterst\u00fctzung unserer Kunden beim Einsatz von DataOps- und Analyse-Tools (z.\u202fB. HighByte, CSense, GE Historian)<\/li>\n<\/div>\n\n<div class=\"container-md list-item  \">\n<li>Entwicklung skalierbarer Datenpipelines und Analyse industrieller Produktionsdaten<\/li>\n<\/div>\n\n<div class=\"container-md list-item  \">\n<li>Identifikation von Anwendungsf\u00e4llen f\u00fcr Maschine Learning und Erhebung von Optimierungspotenzialen<\/li>\n<\/div>\n\n<div class=\"container-md list-item  \">\n<li>Ausarbeitung von Gesamtkonzepten von der Datenerfassung bis zur (ML-) basierten Prozessoptimierung<\/li>\n<\/div>\n\n<div class=\"container-md list-item  \">\n<li>Mitwirkung an Kundenprojekten, Schulungen und technischen Demos<\/li>\n<\/div>\n\n<div class=\"container-md list-item  \">\n<li>Betreuung unseres internen Azure-Demoservers<\/li>\n<\/div>\n\n<div class=\"container-md list-item  \">\n<li>Unterst\u00fctzung von Systemintegration und Endkunden beim erfolgreichen Einsatz unserer Produkte<\/li>\n<\/div>\n\n<div class=\"container-md list-item  \">\n<li>Mitarbeit an innovativen Forschungs- und Digitalisierungsprojekten<\/li>\n<\/div><\/ul>\n<\/div>\n\n<div class=\"container-md spacer  \">\n<div style=\"height:10px\" aria-hidden=\"true\" class=\"wp-block-spacer\"><\/div>\n<\/div>\n\n<div class=\"container-md heading  \">\n<h3 class=\"wp-block-heading\">Was wir bieten:<\/h3>\n<\/div>\n\n<div class=\"container-md list  \">\n<ul class=\"wp-block-list\"><div class=\"container-md list-item  \">\n<li>Spannende Aufgaben in einem zukunftsorientierten Markt<\/li>\n<\/div>\n\n<div class=\"container-md list-item  \">\n<li>Weiterbildung, pers\u00f6nliche Entwicklung und flexible Arbeitsmodelle (Homeoffice, flexible Zeiten)<\/li>\n<\/div>\n\n<div class=\"container-md list-item  \">\n<li>Moderne Arbeitsumgebung und neueste Technologien<\/li>\n<\/div>\n\n<div class=\"container-md list-item  \">\n<li>Modernes B\u00fcro mit guter Verkehrsanbindung (Nahe Hauptbahnhof Graz)<\/li>\n<\/div>\n\n<div class=\"container-md list-item  \">\n<li>Karrierem\u00f6glichkeiten innerhalb der Novotek Gruppe<\/li>\n<\/div>\n\n<div class=\"container-md list-item  \">\n<li>M\u00f6glichkeit deine Abschlussarbeit bei Novotek zu verfassen<\/li>\n<\/div>\n\n<div class=\"container-md list-item  \">\n<li>Teilzeitanstellung Teilzeit, 20-25h\/Woche \u2013 Upgrade auf Vollzeitstelle im Zuge des weiteren Ausbaus der Abteilung m\u00f6glich<\/li>\n<\/div><\/ul>\n<\/div>\n\n<div class=\"container-md spacer  \">\n<div style=\"height:25px\" aria-hidden=\"true\" class=\"wp-block-spacer\"><\/div>\n<\/div>\n\n<div class=\"container-md heading  \">\n<h3 class=\"wp-block-heading\">Dein Profil:<\/h3>\n<\/div>\n\n<div class=\"container-md list  \">\n<ul class=\"wp-block-list\"><div class=\"container-md list-item  \">\n<li>Studium im Bereich Automatisierungstechnik, Informatik, Wirtschaftsinformatik, Data Science, Mathematik oder Statistik \u2013 gerne auch laufend<\/li>\n<\/div>\n\n<div class=\"container-md list-item  \">\n<li>Kenntnisse der Programmiersprachen Python, SQL<\/li>\n<\/div>\n\n<div class=\"container-md list-item  \">\n<li>Kenntnisse von Automatisierungssystemen SCADA, SPS, Sensorik von Vorteil<\/li>\n<\/div>\n\n<div class=\"container-md list-item  \">\n<li>Kenntnisse von AWS Cloud Services, Snowflake, MS Azure von Vorteil<\/li>\n<\/div><\/ul>\n<\/div>\n\n<div class=\"container-md spacer  \">\n<div style=\"height:25px\" aria-hidden=\"true\" class=\"wp-block-spacer\"><\/div>\n<\/div>\n\n<div class=\"container-md heading  \">\n<h3 class=\"wp-block-heading\">Das bringst du mit:<\/h3>\n<\/div>\n\n<div class=\"container-md list  \">\n<ul class=\"wp-block-list\"><div class=\"container-md list-item  \">\n<li>Gute Deutsch- und Englischkenntnisse<\/li>\n<\/div>\n\n<div class=\"container-md list-item  \">\n<li>Analytisches Denken und selbstst\u00e4ndige, strukturierte Arbeitsweise<\/li>\n<\/div>\n\n<div class=\"container-md list-item  \">\n<li>Erfahrung mit Datenaufbereitung, Datenvisualisierung und Modellerstellung (klassische ML-Verfahren und Deep Learning)<\/li>\n<\/div>\n\n<div class=\"container-md list-item  \">\n<li>Statistische Kenntnisse<\/li>\n<\/div>\n\n<div class=\"container-md list-item  \">\n<li>Interesse an industriellen Prozessen und Bereitschaft, dein technisches Verst\u00e4ndnis weiter auszubauen<\/li>\n<\/div><\/ul>\n<\/div>\n\n<div class=\"container-md spacer  \">\n<div style=\"height:25px\" aria-hidden=\"true\" class=\"wp-block-spacer\"><\/div>\n<\/div>\n\n<div class=\"container-md paragraph  \">\n<p>Die Position richtet sich sowohl an Berufseinsteiger:innen als auch Fachkr\u00e4fte mit Erfahrung. Eine Anstellung ist in Teilzeit oder Vollzeit m\u00f6glich. <\/p>\n<\/div>\n\n<div class=\"container-md paragraph  \">\n<p>Kontaktiere mich gerne bei Fragen unter&nbsp;<strong><a href=\"mailto:anja.taschek@novotek.com\">anja.taschek@novotek.com<\/a><\/strong>!<\/p>\n<\/div>\n\n<div class=\"container-md spacer  \">\n<div style=\"height:50px\" aria-hidden=\"true\" class=\"wp-block-spacer\"><\/div>\n<\/div>\n\n<div class=\"container-md separator  alignwide\">\n<hr class=\"wp-block-separator alignwide has-text-color has-novotek-red-color has-alpha-channel-opacity has-novotek-red-background-color has-background\" \/>\n<\/div>\n\n<div class=\"container-md spacer  \">\n<div style=\"height:50px\" aria-hidden=\"true\" class=\"wp-block-spacer\"><\/div>\n<\/div>\n\n<div class=\"container-md columns  alignwide\">\n<div class=\"wp-block-columns alignwide is-layout-flex wp-container-core-columns-is-layout-9d6595d7 wp-block-columns-is-layout-flex\"><div class=\"container-md column  \">\n<div class=\"wp-block-column is-layout-flow wp-block-column-is-layout-flow\" style=\"flex-basis:15px\"><\/div>\n<\/div>\n\n<div class=\"container-md column  \">\n<div class=\"wp-block-column is-layout-flow wp-block-column-is-layout-flow\"><div class=\"container-md heading  \">\n<h4 class=\"wp-block-heading has-novotek-dark-red-color has-text-color has-link-color wp-elements-9b7190f44e00069ac64f7287762b971a\"><strong>Deine Ansprechpartnerin:<\/strong><\/h4>\n<\/div>\n\n<div class=\"container-md group  \">\n<div class=\"wp-block-group is-vertical is-layout-flex wp-container-core-group-is-layout-8cf370e7 wp-block-group-is-layout-flex\"><div class=\"container-md heading  \">\n<h4 class=\"wp-block-heading\"><strong>Anja Taschek, MSc<\/strong><\/h4>\n<\/div>\n\n<div class=\"container-md paragraph  \">\n<p>Head of Finance &amp; HR<\/p>\n<\/div>\n\n<div class=\"container-md paragraph  \">\n<p><a href=\"tel:+43 3362 21012 30\">+43 3362 21012 30<\/a><\/p>\n<\/div>\n\n<div class=\"container-md paragraph  \">\n<p><a href=\"tel:+43 676 848 747 300\">+43 676 848 747 300<\/a><\/p>\n<\/div>\n\n<div class=\"container-md paragraph  \">\n<p class=\"has-novotek-red-color has-text-color has-link-color wp-elements-8584af6db4ab7361100b02be2aa081e7\"><a href=\"mailto:anja.taschek@novotek.com\">anja.taschek@novotek.com<\/a><\/p>\n<\/div><\/div>\n<\/div><\/div>\n<\/div>\n\n<div class=\"container-md column  \">\n<div class=\"wp-block-column is-layout-flow wp-block-column-is-layout-flow\"><div class=\"container-md image  \">\n<figure class=\"wp-block-image size-full\"><img decoding=\"async\" src=\"https:\/\/www.novotek.com\/at\/wp-content\/uploads\/sites\/13\/Anja-Taschek.png\" alt=\"\" class=\"wp-image-24625\" \/><\/figure>\n<\/div><\/div>\n<\/div><\/div>\n<\/div>\n\n<div class=\"container-md spacer  \">\n<div style=\"height:25px\" aria-hidden=\"true\" class=\"wp-block-spacer\"><\/div>\n<\/div>","protected":false},"excerpt":{"rendered":"<p>Hilf dabei mit datengetriebenen Methoden die Qualit\u00e4t und den Ertrag \u00f6sterreichsicher Produktionsunternehmen zu steigern bei gleichzeitiger Reduktion des Energieverbrauchs und Ausschusses.<\/p>\n","protected":false},"author":45,"featured_media":25728,"parent":8180,"menu_order":1,"comment_status":"closed","ping_status":"closed","template":"","meta":{"_acf_changed":false,"_relevanssi_hide_post":"","_relevanssi_pin_for_all":"","_relevanssi_pin_keywords":"","_relevanssi_unpin_keywords":"","_relevanssi_related_keywords":"","_relevanssi_related_include_ids":"","_relevanssi_related_exclude_ids":"","_relevanssi_related_no_append":"","_relevanssi_related_not_related":"","_relevanssi_related_posts":"3200,3220,3208,3195,3216,3216","_relevanssi_noindex_reason":"","footnotes":""},"class_list":["post-25712","page","type-page","status-publish","has-post-thumbnail","hentry"],"acf":[],"yoast_head":"<!-- This site is optimized with the Yoast SEO plugin v27.5 - https:\/\/yoast.com\/product\/yoast-seo-wordpress\/ -->\n<title>Offene Stelle Novotek Austria<\/title>\n<meta name=\"description\" content=\"Starte jetzt durch und werde Teil eines innovativen Unternehmens, das Digitalisierungsl\u00f6sungen in der Industrie vorantreibt!\" \/>\n<meta name=\"robots\" content=\"index, follow, max-snippet:-1, max-image-preview:large, max-video-preview:-1\" \/>\n<link rel=\"canonical\" href=\"https:\/\/www.novotek.com\/at\/dienstleistungen\/junior-data-scientist\/\" \/>\n<meta property=\"og:locale\" content=\"de_DE\" \/>\n<meta property=\"og:type\" content=\"article\" \/>\n<meta property=\"og:title\" content=\"Offene Stelle Novotek Austria\" \/>\n<meta property=\"og:description\" content=\"Starte jetzt durch und werde Teil eines innovativen Unternehmens, das Digitalisierungsl\u00f6sungen in der Industrie vorantreibt!\" \/>\n<meta property=\"og:url\" content=\"https:\/\/www.novotek.com\/at\/dienstleistungen\/junior-data-scientist\/\" \/>\n<meta property=\"og:site_name\" content=\"Novotek Austria\" \/>\n<meta property=\"article:modified_time\" content=\"2025-07-23T11:40:43+00:00\" \/>\n<meta property=\"og:image\" content=\"https:\/\/www.novotek.com\/at\/wp-content\/uploads\/sites\/13\/Titelbild-Junior-Data-Scientist-02.jpg.webp\" \/>\n\t<meta property=\"og:image:width\" content=\"400\" \/>\n\t<meta property=\"og:image:height\" content=\"313\" \/>\n\t<meta property=\"og:image:type\" content=\"image\/jpeg\" \/>\n<meta name=\"twitter:card\" content=\"summary_large_image\" \/>\n<meta name=\"twitter:label1\" content=\"Gesch\u00e4tzte Lesezeit\" \/>\n\t<meta name=\"twitter:data1\" content=\"3\u00a0Minuten\" \/>\n<script type=\"application\/ld+json\" class=\"yoast-schema-graph\">{\"@context\":\"https:\\\/\\\/schema.org\",\"@graph\":[{\"@type\":\"WebPage\",\"@id\":\"https:\\\/\\\/www.novotek.com\\\/at\\\/dienstleistungen\\\/junior-data-scientist\\\/\",\"url\":\"https:\\\/\\\/www.novotek.com\\\/at\\\/dienstleistungen\\\/junior-data-scientist\\\/\",\"name\":\"Offene Stelle Novotek Austria\",\"isPartOf\":{\"@id\":\"https:\\\/\\\/www.novotek.com\\\/at\\\/#website\"},\"primaryImageOfPage\":{\"@id\":\"https:\\\/\\\/www.novotek.com\\\/at\\\/dienstleistungen\\\/junior-data-scientist\\\/#primaryimage\"},\"image\":{\"@id\":\"https:\\\/\\\/www.novotek.com\\\/at\\\/dienstleistungen\\\/junior-data-scientist\\\/#primaryimage\"},\"thumbnailUrl\":\"https:\\\/\\\/www.novotek.com\\\/at\\\/wp-content\\\/uploads\\\/sites\\\/13\\\/Titelbild-Junior-Data-Scientist-02.jpg.webp\",\"datePublished\":\"2025-07-23T09:36:17+00:00\",\"dateModified\":\"2025-07-23T11:40:43+00:00\",\"description\":\"Starte jetzt durch und werde Teil eines innovativen Unternehmens, das Digitalisierungsl\u00f6sungen in der Industrie vorantreibt!\",\"breadcrumb\":{\"@id\":\"https:\\\/\\\/www.novotek.com\\\/at\\\/dienstleistungen\\\/junior-data-scientist\\\/#breadcrumb\"},\"inLanguage\":\"de-CH\",\"potentialAction\":[{\"@type\":\"ReadAction\",\"target\":[\"https:\\\/\\\/www.novotek.com\\\/at\\\/dienstleistungen\\\/junior-data-scientist\\\/\"]}]},{\"@type\":\"ImageObject\",\"inLanguage\":\"de-CH\",\"@id\":\"https:\\\/\\\/www.novotek.com\\\/at\\\/dienstleistungen\\\/junior-data-scientist\\\/#primaryimage\",\"url\":\"https:\\\/\\\/www.novotek.com\\\/at\\\/wp-content\\\/uploads\\\/sites\\\/13\\\/Titelbild-Junior-Data-Scientist-02.jpg.webp\",\"contentUrl\":\"https:\\\/\\\/www.novotek.com\\\/at\\\/wp-content\\\/uploads\\\/sites\\\/13\\\/Titelbild-Junior-Data-Scientist-02.jpg.webp\",\"width\":400,\"height\":313},{\"@type\":\"BreadcrumbList\",\"@id\":\"https:\\\/\\\/www.novotek.com\\\/at\\\/dienstleistungen\\\/junior-data-scientist\\\/#breadcrumb\",\"itemListElement\":[{\"@type\":\"ListItem\",\"position\":1,\"name\":\"Home\",\"item\":\"https:\\\/\\\/www.novotek.com\\\/at\\\/\"},{\"@type\":\"ListItem\",\"position\":2,\"name\":\"Dienstleistungen\",\"item\":\"https:\\\/\\\/www.novotek.com\\\/at\\\/dienstleistungen\\\/\"},{\"@type\":\"ListItem\",\"position\":3,\"name\":\"Junior Data Scientist (m\\\/w\\\/d)\"}]},{\"@type\":\"WebSite\",\"@id\":\"https:\\\/\\\/www.novotek.com\\\/at\\\/#website\",\"url\":\"https:\\\/\\\/www.novotek.com\\\/at\\\/\",\"name\":\"Novotek Switzerland\",\"description\":\"Connect - Digitalize - Optimize\",\"potentialAction\":[{\"@type\":\"SearchAction\",\"target\":{\"@type\":\"EntryPoint\",\"urlTemplate\":\"https:\\\/\\\/www.novotek.com\\\/at\\\/?s={search_term_string}\"},\"query-input\":{\"@type\":\"PropertyValueSpecification\",\"valueRequired\":true,\"valueName\":\"search_term_string\"}}],\"inLanguage\":\"de-CH\"}]}<\/script>\n<!-- \/ Yoast SEO plugin. -->","yoast_head_json":{"title":"Offene Stelle Novotek Austria","description":"Starte jetzt durch und werde Teil eines innovativen Unternehmens, das Digitalisierungsl\u00f6sungen in der Industrie vorantreibt!","robots":{"index":"index","follow":"follow","max-snippet":"max-snippet:-1","max-image-preview":"max-image-preview:large","max-video-preview":"max-video-preview:-1"},"canonical":"https:\/\/www.novotek.com\/at\/dienstleistungen\/junior-data-scientist\/","og_locale":"de_DE","og_type":"article","og_title":"Offene Stelle Novotek Austria","og_description":"Starte jetzt durch und werde Teil eines innovativen Unternehmens, das Digitalisierungsl\u00f6sungen in der Industrie vorantreibt!","og_url":"https:\/\/www.novotek.com\/at\/dienstleistungen\/junior-data-scientist\/","og_site_name":"Novotek Austria","article_modified_time":"2025-07-23T11:40:43+00:00","og_image":[{"width":400,"height":313,"url":"https:\/\/www.novotek.com\/at\/wp-content\/uploads\/sites\/13\/Titelbild-Junior-Data-Scientist-02.jpg.webp","type":"image\/jpeg"}],"twitter_card":"summary_large_image","twitter_misc":{"Gesch\u00e4tzte Lesezeit":"3\u00a0Minuten"},"schema":{"@context":"https:\/\/schema.org","@graph":[{"@type":"WebPage","@id":"https:\/\/www.novotek.com\/at\/dienstleistungen\/junior-data-scientist\/","url":"https:\/\/www.novotek.com\/at\/dienstleistungen\/junior-data-scientist\/","name":"Offene Stelle Novotek Austria","isPartOf":{"@id":"https:\/\/www.novotek.com\/at\/#website"},"primaryImageOfPage":{"@id":"https:\/\/www.novotek.com\/at\/dienstleistungen\/junior-data-scientist\/#primaryimage"},"image":{"@id":"https:\/\/www.novotek.com\/at\/dienstleistungen\/junior-data-scientist\/#primaryimage"},"thumbnailUrl":"https:\/\/www.novotek.com\/at\/wp-content\/uploads\/sites\/13\/Titelbild-Junior-Data-Scientist-02.jpg.webp","datePublished":"2025-07-23T09:36:17+00:00","dateModified":"2025-07-23T11:40:43+00:00","description":"Starte jetzt durch und werde Teil eines innovativen Unternehmens, das Digitalisierungsl\u00f6sungen in der Industrie vorantreibt!","breadcrumb":{"@id":"https:\/\/www.novotek.com\/at\/dienstleistungen\/junior-data-scientist\/#breadcrumb"},"inLanguage":"de-CH","potentialAction":[{"@type":"ReadAction","target":["https:\/\/www.novotek.com\/at\/dienstleistungen\/junior-data-scientist\/"]}]},{"@type":"ImageObject","inLanguage":"de-CH","@id":"https:\/\/www.novotek.com\/at\/dienstleistungen\/junior-data-scientist\/#primaryimage","url":"https:\/\/www.novotek.com\/at\/wp-content\/uploads\/sites\/13\/Titelbild-Junior-Data-Scientist-02.jpg.webp","contentUrl":"https:\/\/www.novotek.com\/at\/wp-content\/uploads\/sites\/13\/Titelbild-Junior-Data-Scientist-02.jpg.webp","width":400,"height":313},{"@type":"BreadcrumbList","@id":"https:\/\/www.novotek.com\/at\/dienstleistungen\/junior-data-scientist\/#breadcrumb","itemListElement":[{"@type":"ListItem","position":1,"name":"Home","item":"https:\/\/www.novotek.com\/at\/"},{"@type":"ListItem","position":2,"name":"Dienstleistungen","item":"https:\/\/www.novotek.com\/at\/dienstleistungen\/"},{"@type":"ListItem","position":3,"name":"Junior Data Scientist (m\/w\/d)"}]},{"@type":"WebSite","@id":"https:\/\/www.novotek.com\/at\/#website","url":"https:\/\/www.novotek.com\/at\/","name":"Novotek Switzerland","description":"Connect - Digitalize - Optimize","potentialAction":[{"@type":"SearchAction","target":{"@type":"EntryPoint","urlTemplate":"https:\/\/www.novotek.com\/at\/?s={search_term_string}"},"query-input":{"@type":"PropertyValueSpecification","valueRequired":true,"valueName":"search_term_string"}}],"inLanguage":"de-CH"}]}},"_links":{"self":[{"href":"https:\/\/www.novotek.com\/at\/wp-json\/wp\/v2\/pages\/25712","targetHints":{"allow":["GET"]}}],"collection":[{"href":"https:\/\/www.novotek.com\/at\/wp-json\/wp\/v2\/pages"}],"about":[{"href":"https:\/\/www.novotek.com\/at\/wp-json\/wp\/v2\/types\/page"}],"author":[{"embeddable":true,"href":"https:\/\/www.novotek.com\/at\/wp-json\/wp\/v2\/users\/45"}],"replies":[{"embeddable":true,"href":"https:\/\/www.novotek.com\/at\/wp-json\/wp\/v2\/comments?post=25712"}],"version-history":[{"count":31,"href":"https:\/\/www.novotek.com\/at\/wp-json\/wp\/v2\/pages\/25712\/revisions"}],"predecessor-version":[{"id":25762,"href":"https:\/\/www.novotek.com\/at\/wp-json\/wp\/v2\/pages\/25712\/revisions\/25762"}],"up":[{"embeddable":true,"href":"https:\/\/www.novotek.com\/at\/wp-json\/wp\/v2\/pages\/8180"}],"wp:featuredmedia":[{"embeddable":true,"href":"https:\/\/www.novotek.com\/at\/wp-json\/wp\/v2\/media\/25728"}],"wp:attachment":[{"href":"https:\/\/www.novotek.com\/at\/wp-json\/wp\/v2\/media?parent=25712"}],"curies":[{"name":"wp","href":"https:\/\/api.w.org\/{rel}","templated":true}]}}