{"id":26061,"date":"2025-10-21T09:19:49","date_gmt":"2025-10-21T09:19:49","guid":{"rendered":"https:\/\/www.novotek.com\/at\/?page_id=26061"},"modified":"2025-11-07T08:33:53","modified_gmt":"2025-11-07T08:33:53","slug":"ihr-kontakt-proficy-scheduler-checkliste","status":"publish","type":"page","link":"https:\/\/www.novotek.com\/at\/ihr-kontakt-proficy-scheduler-checkliste\/","title":{"rendered":"Ihr Kontakt: Proficy Scheduler Checkliste"},"content":{"rendered":"  <div class=\"hero\">\n    <div class=\"carousel hero-slider small\" data-flickity data-flickity-options='{\"prevNextButtons\": false}'>\n              <div class=\"carousel-cell\">\n          <div class=\"container\">\n            <div class=\"hero-content\">\n                              <h1 data-start=\"615\" data-end=\"693\">Sie haben Ihre Produktionsplanung gepr\u00fcft<\/h1>\n<p data-start=\"696\" data-end=\"828\">Finden Sie jetzt heraus, wie Sie Ihre Planung mit <strong data-start=\"740\" data-end=\"761\">Proficy Scheduler<\/strong>\u00a0auf das n\u00e4chste Level bringen k\u00f6nnen.<\/p>\n              \n                          <\/div>\n          <\/div>\n\n          <img decoding=\"async\" width=\"1024\" height=\"427\" src=\"https:\/\/www.novotek.com\/at\/wp-content\/uploads\/sites\/13\/Novotek_produktionsplanung_duotone_1920x800_NEW-1024x427.jpg.webp\" class=\"hero-bg\" alt=\"Hero Img\" fetchpriority=\"high\" srcset=\"https:\/\/www.novotek.com\/at\/wp-content\/uploads\/sites\/13\/Novotek_produktionsplanung_duotone_1920x800_NEW-1024x427.jpg.webp 1024w, https:\/\/www.novotek.com\/at\/wp-content\/uploads\/sites\/13\/Novotek_produktionsplanung_duotone_1920x800_NEW-300x125.jpg.webp 300w, https:\/\/www.novotek.com\/at\/wp-content\/uploads\/sites\/13\/Novotek_produktionsplanung_duotone_1920x800_NEW-768x320.jpg.webp 768w, https:\/\/www.novotek.com\/at\/wp-content\/uploads\/sites\/13\/Novotek_produktionsplanung_duotone_1920x800_NEW-1536x640.jpg.webp 1536w, https:\/\/www.novotek.com\/at\/wp-content\/uploads\/sites\/13\/Novotek_produktionsplanung_duotone_1920x800_NEW.jpg.webp 1920w\" sizes=\"(max-width: 1024px) 100vw, 1024px\" \/>                  <\/div>\n          <\/div>\n\n      <\/div>\n\n   \n\n\n<div class=\"container-md heading  \">\n<h2 class=\"wp-block-heading\">Jetzt gehts ans Optimieren<\/h2>\n<\/div>\n\n<div class=\"container-md spacer  \">\n<div style=\"height:20px\" aria-hidden=\"true\" class=\"wp-block-spacer\"><\/div>\n<\/div>\n\n<div class=\"container-md paragraph  \">\n<p><strong>Proficy Scheduler<\/strong> unterst\u00fctzt Sie bei der transparenten, flexiblen und effizienten Planung Ihrer Produktion.<\/p>\n<\/div>\n\n<div class=\"container-md list  \">\n<ul class=\"wp-block-list\"><div class=\"container-md list-item  \">\n<li>Visualisierung und Echtzeit-\u00dcberblick \u00fcber alle Auftr\u00e4ge<\/li>\n<\/div>\n\n<div class=\"container-md list-item  \">\n<li>Flexible Anpassung bei \u00c4nderungen in der Fertigung<\/li>\n<\/div>\n\n<div class=\"container-md list-item  \">\n<li>Nahtlose Integration in bestehende ERP- und MES-Systeme<\/li>\n<\/div><\/ul>\n<\/div>\n\n<div class=\"container-md buttons  \">\n<div class=\"wp-block-buttons is-layout-flex wp-block-buttons-is-layout-flex\"><div class=\"container-md button  \">\n<div class=\"wp-block-button is-style-fill\"><a class=\"wp-block-button__link has-novotek-white-color has-novotek-red-background-color has-text-color has-background has-link-color wp-element-button\" href=\"https:\/\/www.novotek.com\/at\/smart-factory-mes\/proficy-scheduler\/\" target=\"_blank\" rel=\"noreferrer noopener\">Mehr erfahren<\/a><\/div>\n<\/div><\/div>\n<\/div>\n\n<div class=\"container-md spacer  \">\n<div style=\"height:100px\" aria-hidden=\"true\" class=\"wp-block-spacer\"><\/div>\n<\/div>\n\n<div class=\"container media-text  alignwide\">\n<div class=\"wp-block-media-text alignwide has-media-on-the-right is-stacked-on-mobile is-vertically-aligned-top\" style=\"grid-template-columns:auto 20%\"><div class=\"wp-block-media-text__content\"><div class=\"container-md heading  \">\n<h2 class=\"wp-block-heading\">Nutzen Sie die Erkenntnisse aus Ihrer Checkliste und gestalten Sie Ihre Produktionsplanung zukunftssicher!<\/h2>\n<\/div>\n\n<div class=\"container-md spacer  \">\n<div style=\"height:20px\" aria-hidden=\"true\" class=\"wp-block-spacer\"><\/div>\n<\/div>\n\n<div class=\"container-md paragraph  \">\n<p>Kontaktieren Sie Kevin Erd\u00f6di f\u00fcr eine unverbindliche Beratung zu Ihrer individuellen Planungssituation.<\/p>\n<\/div><\/div><figure class=\"wp-block-media-text__media\"><img loading=\"lazy\" decoding=\"async\" width=\"500\" height=\"500\" src=\"https:\/\/www.novotek.com\/at\/wp-content\/uploads\/sites\/13\/mail-erhalten-icon.png\" alt=\"\" class=\"wp-image-21055 size-full\" srcset=\"https:\/\/www.novotek.com\/at\/wp-content\/uploads\/sites\/13\/mail-erhalten-icon.png 500w, https:\/\/www.novotek.com\/at\/wp-content\/uploads\/sites\/13\/mail-erhalten-icon-300x300.png 300w, https:\/\/www.novotek.com\/at\/wp-content\/uploads\/sites\/13\/mail-erhalten-icon-150x150.png 150w, https:\/\/www.novotek.com\/at\/wp-content\/uploads\/sites\/13\/mail-erhalten-icon-86x86.png 86w, https:\/\/www.novotek.com\/at\/wp-content\/uploads\/sites\/13\/mail-erhalten-icon-306x306.png 306w\" sizes=\"auto, (max-width: 500px) 100vw, 500px\" \/><\/figure><\/div>\n<\/div>\n\n<div class=\"container-md columns  alignwide\">\n<div class=\"wp-block-columns alignwide is-layout-flex wp-container-core-columns-is-layout-9d6595d7 wp-block-columns-is-layout-flex\"><div class=\"container-md column  \">\n<div class=\"wp-block-column is-layout-flow wp-block-column-is-layout-flow\" style=\"flex-basis:15px\"><\/div>\n<\/div>\n\n<div class=\"container-md column  \">\n<div class=\"wp-block-column is-layout-flow wp-block-column-is-layout-flow\"><div class=\"container-md image  \">\n<figure class=\"wp-block-image size-full is-resized\"><img loading=\"lazy\" decoding=\"async\" width=\"200\" height=\"200\" src=\"https:\/\/www.novotek.com\/at\/wp-content\/uploads\/sites\/13\/Kevin-Erdoedi.png\" alt=\"\" class=\"wp-image-25138\" style=\"width:212px;height:auto\" srcset=\"https:\/\/www.novotek.com\/at\/wp-content\/uploads\/sites\/13\/Kevin-Erdoedi.png 200w, https:\/\/www.novotek.com\/at\/wp-content\/uploads\/sites\/13\/Kevin-Erdoedi-150x150.png 150w, https:\/\/www.novotek.com\/at\/wp-content\/uploads\/sites\/13\/Kevin-Erdoedi-86x86.png 86w\" sizes=\"auto, (max-width: 200px) 100vw, 200px\" \/><\/figure>\n<\/div>\n\n<div class=\"container-md group  \">\n<div class=\"wp-block-group is-vertical is-layout-flex wp-container-core-group-is-layout-8cf370e7 wp-block-group-is-layout-flex\"><div class=\"container-md paragraph  \">\n<p><strong>Ing. Kevin Erd\u00f6di<\/strong><\/p>\n<\/div>\n\n<div class=\"container-md paragraph  \">\n<p>Business Development &amp; Sales<\/p>\n<\/div>\n\n<div class=\"container-md paragraph  \">\n<p><a href=\"tel:+43 3362 21012 30\">+43 3362 21012 340<\/a><\/p>\n<\/div>\n\n<div class=\"container-md paragraph  \">\n<p><a href=\"tel:+43 676 848 747 300\">+43 676 848 747 340<\/a><\/p>\n<\/div>\n\n<div class=\"container-md paragraph  \">\n<p class=\"has-novotek-red-color has-text-color has-link-color wp-elements-3e6ad78b077723747f382140f7eca682\"><a href=\"mailto:kevin.erdoedi@novotek.com\">kevin.erdoedi@novotek.com<\/a><\/p>\n<\/div><\/div>\n<\/div><\/div>\n<\/div>\n\n<div class=\"container-md column  \">\n<div class=\"wp-block-column is-layout-flow wp-block-column-is-layout-flow\" style=\"flex-basis:25px\"><\/div>\n<\/div>\n\n<div class=\"container-md column  \">\n<div class=\"wp-block-column is-layout-flow wp-block-column-is-layout-flow\"><div class=\"container-md quote  \">\n<blockquote class=\"wp-block-quote is-layout-flow wp-block-quote-is-layout-flow\"><div class=\"container-md spacer  \">\n<div style=\"height:25px\" aria-hidden=\"true\" class=\"wp-block-spacer\"><\/div>\n<\/div>\n\n<div class=\"container-md paragraph  \">\n<p>Viele Unternehmen wissen gar nicht, wie viel Potenzial in einer intelligenten Produktionsplanung steckt. Ich zeige Ihnen gerne, wie Sie mit Proficy Scheduler Ihre Abl\u00e4ufe effizienter und transparenter gestalten k\u00f6nnen.<\/p>\n<\/div><\/blockquote>\n<\/div><\/div>\n<\/div><\/div>\n<\/div>\n\n<div class=\"container-md spacer  \">\n<div style=\"height:50px\" aria-hidden=\"true\" class=\"wp-block-spacer\"><\/div>\n<\/div>\n\n<div class=\"cta-block\">\n  <div class=\"container\">\n    \n          <div><h4>Kontaktieren Sie uns auch gerne \u00fcber unser Kontaktformular<\/h4>\n<\/div>\n    \n          <a class=\"btn btn-primary\" href=\"https:\/\/www.novotek.com\/at\/kontakt\/\">Jetzt kontaktieren<\/a>\n      <\/div>\n<\/div>\n","protected":false},"excerpt":{"rendered":"<p>Jetzt gehts ans Optimieren Proficy Scheduler unterst\u00fctzt Sie bei der transparenten, flexiblen und effizienten Planung Ihrer Produktion. Ing. Kevin Erd\u00f6di Business Development &amp; Sales +43 3362 21012 340 +43 676 848 747 340 kevin.erdoedi@novotek.com Viele Unternehmen wissen gar nicht, wie viel Potenzial in einer intelligenten Produktionsplanung steckt. Ich zeige Ihnen gerne, wie Sie mit Proficy [&hellip;]<\/p>\n","protected":false},"author":48,"featured_media":0,"parent":0,"menu_order":0,"comment_status":"closed","ping_status":"closed","template":"","meta":{"_acf_changed":false,"_relevanssi_hide_post":"","_relevanssi_pin_for_all":"","_relevanssi_pin_keywords":"","_relevanssi_unpin_keywords":"","_relevanssi_related_keywords":"","_relevanssi_related_include_ids":"","_relevanssi_related_exclude_ids":"","_relevanssi_related_no_append":"","_relevanssi_related_not_related":"","_relevanssi_related_posts":"16834,16735,19390,16971,18175,4907","_relevanssi_noindex_reason":"","footnotes":""},"class_list":["post-26061","page","type-page","status-publish","hentry"],"acf":[],"yoast_head":"<!-- This site is optimized with the Yoast SEO plugin v27.5 - https:\/\/yoast.com\/product\/yoast-seo-wordpress\/ -->\n<title>Ihr Kontakt: Proficy Scheduler Checkliste - Novotek Austria<\/title>\n<meta name=\"description\" content=\"Sie haben Ihre Produktionsplanung gepr\u00fcft? Erfahren Sie, wie Sie mit Proficy Scheduler Ihre Prozesse optimieren k\u00f6nnen.\" \/>\n<meta name=\"robots\" content=\"index, follow, max-snippet:-1, max-image-preview:large, max-video-preview:-1\" \/>\n<link rel=\"canonical\" href=\"https:\/\/www.novotek.com\/at\/ihr-kontakt-proficy-scheduler-checkliste\/\" \/>\n<meta property=\"og:locale\" content=\"de_DE\" \/>\n<meta property=\"og:type\" content=\"article\" \/>\n<meta property=\"og:title\" content=\"Ihr Kontakt: Proficy Scheduler Checkliste - Novotek Austria\" \/>\n<meta property=\"og:description\" content=\"Sie haben Ihre Produktionsplanung gepr\u00fcft? Erfahren Sie, wie Sie mit Proficy Scheduler Ihre Prozesse optimieren k\u00f6nnen.\" \/>\n<meta property=\"og:url\" content=\"https:\/\/www.novotek.com\/at\/ihr-kontakt-proficy-scheduler-checkliste\/\" \/>\n<meta property=\"og:site_name\" content=\"Novotek Austria\" \/>\n<meta property=\"article:modified_time\" content=\"2025-11-07T08:33:53+00:00\" \/>\n<meta property=\"og:image\" content=\"https:\/\/www.novotek.com\/at\/wp-content\/uploads\/sites\/13\/mail-erhalten-icon.png\" \/>\n<meta name=\"twitter:card\" content=\"summary_large_image\" \/>\n<meta name=\"twitter:label1\" content=\"Gesch\u00e4tzte Lesezeit\" \/>\n\t<meta name=\"twitter:data1\" content=\"1\u00a0Minute\" \/>\n<script type=\"application\/ld+json\" class=\"yoast-schema-graph\">{\"@context\":\"https:\\\/\\\/schema.org\",\"@graph\":[{\"@type\":\"WebPage\",\"@id\":\"https:\\\/\\\/www.novotek.com\\\/at\\\/ihr-kontakt-proficy-scheduler-checkliste\\\/\",\"url\":\"https:\\\/\\\/www.novotek.com\\\/at\\\/ihr-kontakt-proficy-scheduler-checkliste\\\/\",\"name\":\"Ihr Kontakt: Proficy Scheduler Checkliste - Novotek Austria\",\"isPartOf\":{\"@id\":\"https:\\\/\\\/www.novotek.com\\\/at\\\/#website\"},\"primaryImageOfPage\":{\"@id\":\"https:\\\/\\\/www.novotek.com\\\/at\\\/ihr-kontakt-proficy-scheduler-checkliste\\\/#primaryimage\"},\"image\":{\"@id\":\"https:\\\/\\\/www.novotek.com\\\/at\\\/ihr-kontakt-proficy-scheduler-checkliste\\\/#primaryimage\"},\"thumbnailUrl\":\"https:\\\/\\\/www.novotek.com\\\/at\\\/wp-content\\\/uploads\\\/sites\\\/13\\\/mail-erhalten-icon.png\",\"datePublished\":\"2025-10-21T09:19:49+00:00\",\"dateModified\":\"2025-11-07T08:33:53+00:00\",\"description\":\"Sie haben Ihre Produktionsplanung gepr\u00fcft? Erfahren Sie, wie Sie mit Proficy Scheduler Ihre Prozesse optimieren k\u00f6nnen.\",\"breadcrumb\":{\"@id\":\"https:\\\/\\\/www.novotek.com\\\/at\\\/ihr-kontakt-proficy-scheduler-checkliste\\\/#breadcrumb\"},\"inLanguage\":\"de-CH\",\"potentialAction\":[{\"@type\":\"ReadAction\",\"target\":[\"https:\\\/\\\/www.novotek.com\\\/at\\\/ihr-kontakt-proficy-scheduler-checkliste\\\/\"]}]},{\"@type\":\"ImageObject\",\"inLanguage\":\"de-CH\",\"@id\":\"https:\\\/\\\/www.novotek.com\\\/at\\\/ihr-kontakt-proficy-scheduler-checkliste\\\/#primaryimage\",\"url\":\"https:\\\/\\\/www.novotek.com\\\/at\\\/wp-content\\\/uploads\\\/sites\\\/13\\\/mail-erhalten-icon.png\",\"contentUrl\":\"https:\\\/\\\/www.novotek.com\\\/at\\\/wp-content\\\/uploads\\\/sites\\\/13\\\/mail-erhalten-icon.png\",\"width\":500,\"height\":500},{\"@type\":\"BreadcrumbList\",\"@id\":\"https:\\\/\\\/www.novotek.com\\\/at\\\/ihr-kontakt-proficy-scheduler-checkliste\\\/#breadcrumb\",\"itemListElement\":[{\"@type\":\"ListItem\",\"position\":1,\"name\":\"Home\",\"item\":\"https:\\\/\\\/www.novotek.com\\\/at\\\/\"},{\"@type\":\"ListItem\",\"position\":2,\"name\":\"Ihr Kontakt: Proficy Scheduler Checkliste\"}]},{\"@type\":\"WebSite\",\"@id\":\"https:\\\/\\\/www.novotek.com\\\/at\\\/#website\",\"url\":\"https:\\\/\\\/www.novotek.com\\\/at\\\/\",\"name\":\"Novotek Switzerland\",\"description\":\"Connect - Digitalize - Optimize\",\"potentialAction\":[{\"@type\":\"SearchAction\",\"target\":{\"@type\":\"EntryPoint\",\"urlTemplate\":\"https:\\\/\\\/www.novotek.com\\\/at\\\/?s={search_term_string}\"},\"query-input\":{\"@type\":\"PropertyValueSpecification\",\"valueRequired\":true,\"valueName\":\"search_term_string\"}}],\"inLanguage\":\"de-CH\"}]}<\/script>\n<!-- \/ Yoast SEO plugin. -->","yoast_head_json":{"title":"Ihr Kontakt: Proficy Scheduler Checkliste - Novotek Austria","description":"Sie haben Ihre Produktionsplanung gepr\u00fcft? Erfahren Sie, wie Sie mit Proficy Scheduler Ihre Prozesse optimieren k\u00f6nnen.","robots":{"index":"index","follow":"follow","max-snippet":"max-snippet:-1","max-image-preview":"max-image-preview:large","max-video-preview":"max-video-preview:-1"},"canonical":"https:\/\/www.novotek.com\/at\/ihr-kontakt-proficy-scheduler-checkliste\/","og_locale":"de_DE","og_type":"article","og_title":"Ihr Kontakt: Proficy Scheduler Checkliste - Novotek Austria","og_description":"Sie haben Ihre Produktionsplanung gepr\u00fcft? Erfahren Sie, wie Sie mit Proficy Scheduler Ihre Prozesse optimieren k\u00f6nnen.","og_url":"https:\/\/www.novotek.com\/at\/ihr-kontakt-proficy-scheduler-checkliste\/","og_site_name":"Novotek Austria","article_modified_time":"2025-11-07T08:33:53+00:00","og_image":[{"url":"https:\/\/www.novotek.com\/at\/wp-content\/uploads\/sites\/13\/mail-erhalten-icon.png","type":"","width":"","height":""}],"twitter_card":"summary_large_image","twitter_misc":{"Gesch\u00e4tzte Lesezeit":"1\u00a0Minute"},"schema":{"@context":"https:\/\/schema.org","@graph":[{"@type":"WebPage","@id":"https:\/\/www.novotek.com\/at\/ihr-kontakt-proficy-scheduler-checkliste\/","url":"https:\/\/www.novotek.com\/at\/ihr-kontakt-proficy-scheduler-checkliste\/","name":"Ihr Kontakt: Proficy Scheduler Checkliste - Novotek Austria","isPartOf":{"@id":"https:\/\/www.novotek.com\/at\/#website"},"primaryImageOfPage":{"@id":"https:\/\/www.novotek.com\/at\/ihr-kontakt-proficy-scheduler-checkliste\/#primaryimage"},"image":{"@id":"https:\/\/www.novotek.com\/at\/ihr-kontakt-proficy-scheduler-checkliste\/#primaryimage"},"thumbnailUrl":"https:\/\/www.novotek.com\/at\/wp-content\/uploads\/sites\/13\/mail-erhalten-icon.png","datePublished":"2025-10-21T09:19:49+00:00","dateModified":"2025-11-07T08:33:53+00:00","description":"Sie haben Ihre Produktionsplanung gepr\u00fcft? Erfahren Sie, wie Sie mit Proficy Scheduler Ihre Prozesse optimieren k\u00f6nnen.","breadcrumb":{"@id":"https:\/\/www.novotek.com\/at\/ihr-kontakt-proficy-scheduler-checkliste\/#breadcrumb"},"inLanguage":"de-CH","potentialAction":[{"@type":"ReadAction","target":["https:\/\/www.novotek.com\/at\/ihr-kontakt-proficy-scheduler-checkliste\/"]}]},{"@type":"ImageObject","inLanguage":"de-CH","@id":"https:\/\/www.novotek.com\/at\/ihr-kontakt-proficy-scheduler-checkliste\/#primaryimage","url":"https:\/\/www.novotek.com\/at\/wp-content\/uploads\/sites\/13\/mail-erhalten-icon.png","contentUrl":"https:\/\/www.novotek.com\/at\/wp-content\/uploads\/sites\/13\/mail-erhalten-icon.png","width":500,"height":500},{"@type":"BreadcrumbList","@id":"https:\/\/www.novotek.com\/at\/ihr-kontakt-proficy-scheduler-checkliste\/#breadcrumb","itemListElement":[{"@type":"ListItem","position":1,"name":"Home","item":"https:\/\/www.novotek.com\/at\/"},{"@type":"ListItem","position":2,"name":"Ihr Kontakt: Proficy Scheduler Checkliste"}]},{"@type":"WebSite","@id":"https:\/\/www.novotek.com\/at\/#website","url":"https:\/\/www.novotek.com\/at\/","name":"Novotek Switzerland","description":"Connect - Digitalize - Optimize","potentialAction":[{"@type":"SearchAction","target":{"@type":"EntryPoint","urlTemplate":"https:\/\/www.novotek.com\/at\/?s={search_term_string}"},"query-input":{"@type":"PropertyValueSpecification","valueRequired":true,"valueName":"search_term_string"}}],"inLanguage":"de-CH"}]}},"_links":{"self":[{"href":"https:\/\/www.novotek.com\/at\/wp-json\/wp\/v2\/pages\/26061","targetHints":{"allow":["GET"]}}],"collection":[{"href":"https:\/\/www.novotek.com\/at\/wp-json\/wp\/v2\/pages"}],"about":[{"href":"https:\/\/www.novotek.com\/at\/wp-json\/wp\/v2\/types\/page"}],"author":[{"embeddable":true,"href":"https:\/\/www.novotek.com\/at\/wp-json\/wp\/v2\/users\/48"}],"replies":[{"embeddable":true,"href":"https:\/\/www.novotek.com\/at\/wp-json\/wp\/v2\/comments?post=26061"}],"version-history":[{"count":51,"href":"https:\/\/www.novotek.com\/at\/wp-json\/wp\/v2\/pages\/26061\/revisions"}],"predecessor-version":[{"id":26323,"href":"https:\/\/www.novotek.com\/at\/wp-json\/wp\/v2\/pages\/26061\/revisions\/26323"}],"wp:attachment":[{"href":"https:\/\/www.novotek.com\/at\/wp-json\/wp\/v2\/media?parent=26061"}],"curies":[{"name":"wp","href":"https:\/\/api.w.org\/{rel}","templated":true}]}}