{"id":2865,"date":"2022-01-26T11:54:41","date_gmt":"2022-01-26T11:54:41","guid":{"rendered":"http:\/\/ch.novotek-multi.dev4.mildmedia-dev.eu\/lebensmittel-und-getrnke\/"},"modified":"2025-04-03T08:40:55","modified_gmt":"2025-04-03T08:40:55","slug":"lebensmittel-getraenke","status":"publish","type":"page","link":"https:\/\/www.novotek.com\/at\/industrie\/lebensmittel-getraenke\/","title":{"rendered":"Lebensmittel"},"content":{"rendered":"  <div class=\"hero\">\n    <div class=\"carousel hero-slider small\" data-flickity data-flickity-options='{\"prevNextButtons\": false}'>\n              <div class=\"carousel-cell\">\n          <div class=\"container\">\n            <div class=\"hero-content\">\n                              <h1>Lebensmittel<\/h1>\n<p>Novotek Austria bietet den perfekten Mix aus Software-L\u00f6sungen mit entsprechend robuster, an die Lebensmittel-Anforderungen angepasster Hardware.<\/p>\n              \n                          <\/div>\n          <\/div>\n\n          <img decoding=\"async\" width=\"1024\" height=\"427\" src=\"https:\/\/www.novotek.com\/at\/wp-content\/uploads\/sites\/13\/Coca-Cola_header_1920x800_NEW-e1658497357649-1024x427.jpg.webp\" class=\"hero-bg\" alt=\"Hero Img\" fetchpriority=\"high\" srcset=\"https:\/\/www.novotek.com\/at\/wp-content\/uploads\/sites\/13\/Coca-Cola_header_1920x800_NEW-e1658497357649-1024x427.jpg.webp 1024w, https:\/\/www.novotek.com\/at\/wp-content\/uploads\/sites\/13\/Coca-Cola_header_1920x800_NEW-e1658497357649-300x125.jpg.webp 300w, https:\/\/www.novotek.com\/at\/wp-content\/uploads\/sites\/13\/Coca-Cola_header_1920x800_NEW-e1658497357649-768x320.jpg.webp 768w, https:\/\/www.novotek.com\/at\/wp-content\/uploads\/sites\/13\/Coca-Cola_header_1920x800_NEW-e1658497357649-1536x640.jpg.webp 1536w, https:\/\/www.novotek.com\/at\/wp-content\/uploads\/sites\/13\/Coca-Cola_header_1920x800_NEW-e1658497357649.jpg.webp 1920w\" sizes=\"(max-width: 1024px) 100vw, 1024px\" \/>                  <\/div>\n          <\/div>\n\n      <\/div>\n\n   \n\n\n<div class=\"container-md paragraph  \">\n<p>Die Lebensmittelindustrie vereint zwei Welten: Die klassische Industrie-Automation mit speziellen Anforderungen an Systeme in Richtung Nachvollziehbarkeit, Reporting und auch die Robustheit, sowie die Prozesssteuerung, damit Rohstoffvarianten zu keinen ungewollten Abweichungen der Geschmackserwartungen bei Konsumenten f\u00fchrt.<\/p>\n<\/div>\n\n<div class=\"container-md paragraph  \">\n<p>In Richtung Cyber Security sorgt die neue NIS 2 Richtlinie f\u00fcr weitere Komplexiti\u00e4t und Unsicherheiten.<\/p>\n<\/div>\n\n<div class=\"container-md paragraph  \">\n<p>Wir von Novotek Austria kennen diese Herausforderungen genau und bieten den perfekten Mix aus Software-L\u00f6sungen mit entsprechend robuster, an die Lebensmittel-Anforderungen angepasster, Hardware.<\/p>\n<\/div>\n\n<div class=\"container-md spacer  \">\n<div style=\"height:50px\" aria-hidden=\"true\" class=\"wp-block-spacer\"><\/div>\n<\/div>\n\n<div class=\"container-md heading  \">\n<h2 class=\"wp-block-heading\">Referenzen<\/h2>\n<\/div>\n\n<div class=\"posts-columns \">\n  <div class=\"container\">\n  <div class=\"row\">\n    <div class=\"col-12 col-md-4\">\n<article class=\"basic \">\n    <div class=\"image\">\n      <a href=\"https:\/\/www.novotek.com\/at\/dienstleistungen\/kaiser-works-weinqualitaet-uebersichtlich-im-blick\/\">\n                  <img loading=\"lazy\" decoding=\"async\" width=\"500\" height=\"466\" src=\"https:\/\/www.novotek.com\/at\/wp-content\/uploads\/sites\/13\/Titelbild-Kaiser.Works_.jpg.webp\" class=\"attachment-post-thumbnail size-post-thumbnail wp-post-image\" alt=\"\" srcset=\"https:\/\/www.novotek.com\/at\/wp-content\/uploads\/sites\/13\/Titelbild-Kaiser.Works_.jpg.webp 500w, https:\/\/www.novotek.com\/at\/wp-content\/uploads\/sites\/13\/Titelbild-Kaiser.Works_-300x280.jpg.webp 300w, https:\/\/www.novotek.com\/at\/wp-content\/uploads\/sites\/13\/Titelbild-Kaiser.Works_-86x80.jpg.webp 86w, https:\/\/www.novotek.com\/at\/wp-content\/uploads\/sites\/13\/Titelbild-Kaiser.Works_-306x285.jpg.webp 306w\" sizes=\"auto, (max-width: 500px) 100vw, 500px\" \/>              <\/a>\n    <\/div>\n\n    <div>\n              <h4>Kaiser.Works &#8211; Weinqualit\u00e4t \u00fcbersichtlich im Blick<\/h4>\n      \n              <p>Au\u00dfen ein markantes Trauben-Logo, innen vielfach preisgekr\u00f6nte Qualit\u00e4t. Die Familie Nittnaus blickt auf eine mehr als 300-j\u00e4hrige Winzertradition zur\u00fcck.<\/p>\n      \n      <div>\n        <a href=\"https:\/\/www.novotek.com\/at\/dienstleistungen\/kaiser-works-weinqualitaet-uebersichtlich-im-blick\/\">\n          Weiterlesen        <\/a>\n      <\/div>\n    <\/div>\n<\/article>\n<\/div>  <\/div>\n\n  <\/div><\/div>\n","protected":false},"excerpt":{"rendered":"<p>Novotek Austria bietet den perfekten Mix aus Software-L\u00f6sungen mit entsprechend robuster, an die Lebensmittel-Anforderungen angepasster Hardware.<\/p>\n","protected":false},"author":15,"featured_media":2866,"parent":177,"menu_order":1,"comment_status":"closed","ping_status":"closed","template":"","meta":{"_acf_changed":false,"_relevanssi_hide_post":"","_relevanssi_pin_for_all":"","_relevanssi_pin_keywords":"","_relevanssi_unpin_keywords":"","_relevanssi_related_keywords":"","_relevanssi_related_include_ids":"","_relevanssi_related_exclude_ids":"","_relevanssi_related_no_append":"","_relevanssi_related_not_related":"","_relevanssi_related_posts":"3216,3208,3220,3200,3195","_relevanssi_noindex_reason":"","footnotes":""},"class_list":["post-2865","page","type-page","status-publish","has-post-thumbnail","hentry"],"acf":[],"yoast_head":"<!-- This site is optimized with the Yoast SEO plugin v27.4 - https:\/\/yoast.com\/product\/yoast-seo-wordpress\/ -->\n<title>Lebensmittel - Novotek Austria<\/title>\n<meta name=\"description\" content=\"Novotek Austria bietet den perfekten Mix aus Software-L\u00f6sungen mit entsprechend robuster, an die Lebensmittel-Anforderungen angepasster Hardware.\" \/>\n<meta name=\"robots\" content=\"index, follow, max-snippet:-1, max-image-preview:large, max-video-preview:-1\" \/>\n<link rel=\"canonical\" href=\"https:\/\/www.novotek.com\/at\/industrie\/lebensmittel-getraenke\/\" \/>\n<meta property=\"og:locale\" content=\"de_DE\" \/>\n<meta property=\"og:type\" content=\"article\" \/>\n<meta property=\"og:title\" content=\"Lebensmittel - Novotek Austria\" \/>\n<meta property=\"og:description\" content=\"Novotek Austria bietet den perfekten Mix aus Software-L\u00f6sungen mit entsprechend robuster, an die Lebensmittel-Anforderungen angepasster Hardware.\" \/>\n<meta property=\"og:url\" content=\"https:\/\/www.novotek.com\/at\/industrie\/lebensmittel-getraenke\/\" \/>\n<meta property=\"og:site_name\" content=\"Novotek Austria\" \/>\n<meta property=\"article:modified_time\" content=\"2025-04-03T08:40:55+00:00\" \/>\n<meta property=\"og:image\" content=\"https:\/\/www.novotek.com\/at\/wp-content\/uploads\/sites\/13\/2021\/Novotek_UK\/Industries\/Food_and_beverage_CPG\/crystal-jo-t1q06vFOOmo-unsplash_duplex_cyan.png.webp\" \/>\n\t<meta property=\"og:image:width\" content=\"1920\" \/>\n\t<meta property=\"og:image:height\" content=\"800\" \/>\n\t<meta property=\"og:image:type\" content=\"image\/png\" \/>\n<meta name=\"twitter:card\" content=\"summary_large_image\" \/>\n<meta name=\"twitter:label1\" content=\"Gesch\u00e4tzte Lesezeit\" \/>\n\t<meta name=\"twitter:data1\" content=\"1\u00a0Minute\" \/>\n<script type=\"application\/ld+json\" class=\"yoast-schema-graph\">{\"@context\":\"https:\\\/\\\/schema.org\",\"@graph\":[{\"@type\":\"WebPage\",\"@id\":\"https:\\\/\\\/www.novotek.com\\\/at\\\/industrie\\\/lebensmittel-getraenke\\\/\",\"url\":\"https:\\\/\\\/www.novotek.com\\\/at\\\/industrie\\\/lebensmittel-getraenke\\\/\",\"name\":\"Lebensmittel - Novotek Austria\",\"isPartOf\":{\"@id\":\"https:\\\/\\\/www.novotek.com\\\/at\\\/#website\"},\"primaryImageOfPage\":{\"@id\":\"https:\\\/\\\/www.novotek.com\\\/at\\\/industrie\\\/lebensmittel-getraenke\\\/#primaryimage\"},\"image\":{\"@id\":\"https:\\\/\\\/www.novotek.com\\\/at\\\/industrie\\\/lebensmittel-getraenke\\\/#primaryimage\"},\"thumbnailUrl\":\"https:\\\/\\\/www.novotek.com\\\/at\\\/wp-content\\\/uploads\\\/sites\\\/13\\\/2021\\\/Novotek_UK\\\/Industries\\\/Food_and_beverage_CPG\\\/crystal-jo-t1q06vFOOmo-unsplash_duplex_cyan.png.webp\",\"datePublished\":\"2022-01-26T11:54:41+00:00\",\"dateModified\":\"2025-04-03T08:40:55+00:00\",\"description\":\"Novotek Austria bietet den perfekten Mix aus Software-L\u00f6sungen mit entsprechend robuster, an die Lebensmittel-Anforderungen angepasster Hardware.\",\"breadcrumb\":{\"@id\":\"https:\\\/\\\/www.novotek.com\\\/at\\\/industrie\\\/lebensmittel-getraenke\\\/#breadcrumb\"},\"inLanguage\":\"de-CH\",\"potentialAction\":[{\"@type\":\"ReadAction\",\"target\":[\"https:\\\/\\\/www.novotek.com\\\/at\\\/industrie\\\/lebensmittel-getraenke\\\/\"]}]},{\"@type\":\"ImageObject\",\"inLanguage\":\"de-CH\",\"@id\":\"https:\\\/\\\/www.novotek.com\\\/at\\\/industrie\\\/lebensmittel-getraenke\\\/#primaryimage\",\"url\":\"https:\\\/\\\/www.novotek.com\\\/at\\\/wp-content\\\/uploads\\\/sites\\\/13\\\/2021\\\/Novotek_UK\\\/Industries\\\/Food_and_beverage_CPG\\\/crystal-jo-t1q06vFOOmo-unsplash_duplex_cyan.png.webp\",\"contentUrl\":\"https:\\\/\\\/www.novotek.com\\\/at\\\/wp-content\\\/uploads\\\/sites\\\/13\\\/2021\\\/Novotek_UK\\\/Industries\\\/Food_and_beverage_CPG\\\/crystal-jo-t1q06vFOOmo-unsplash_duplex_cyan.png.webp\",\"width\":1920,\"height\":800,\"caption\":\"Lebensmittel und Getr&auml;nke, CPG\"},{\"@type\":\"BreadcrumbList\",\"@id\":\"https:\\\/\\\/www.novotek.com\\\/at\\\/industrie\\\/lebensmittel-getraenke\\\/#breadcrumb\",\"itemListElement\":[{\"@type\":\"ListItem\",\"position\":1,\"name\":\"Home\",\"item\":\"https:\\\/\\\/www.novotek.com\\\/at\\\/\"},{\"@type\":\"ListItem\",\"position\":2,\"name\":\"Industrie\",\"item\":\"https:\\\/\\\/www.novotek.com\\\/at\\\/industrie\\\/\"},{\"@type\":\"ListItem\",\"position\":3,\"name\":\"Lebensmittel\"}]},{\"@type\":\"WebSite\",\"@id\":\"https:\\\/\\\/www.novotek.com\\\/at\\\/#website\",\"url\":\"https:\\\/\\\/www.novotek.com\\\/at\\\/\",\"name\":\"Novotek Switzerland\",\"description\":\"Connect - Digitalize - Optimize\",\"potentialAction\":[{\"@type\":\"SearchAction\",\"target\":{\"@type\":\"EntryPoint\",\"urlTemplate\":\"https:\\\/\\\/www.novotek.com\\\/at\\\/?s={search_term_string}\"},\"query-input\":{\"@type\":\"PropertyValueSpecification\",\"valueRequired\":true,\"valueName\":\"search_term_string\"}}],\"inLanguage\":\"de-CH\"}]}<\/script>\n<!-- \/ Yoast SEO plugin. -->","yoast_head_json":{"title":"Lebensmittel - Novotek Austria","description":"Novotek Austria bietet den perfekten Mix aus Software-L\u00f6sungen mit entsprechend robuster, an die Lebensmittel-Anforderungen angepasster Hardware.","robots":{"index":"index","follow":"follow","max-snippet":"max-snippet:-1","max-image-preview":"max-image-preview:large","max-video-preview":"max-video-preview:-1"},"canonical":"https:\/\/www.novotek.com\/at\/industrie\/lebensmittel-getraenke\/","og_locale":"de_DE","og_type":"article","og_title":"Lebensmittel - Novotek Austria","og_description":"Novotek Austria bietet den perfekten Mix aus Software-L\u00f6sungen mit entsprechend robuster, an die Lebensmittel-Anforderungen angepasster Hardware.","og_url":"https:\/\/www.novotek.com\/at\/industrie\/lebensmittel-getraenke\/","og_site_name":"Novotek Austria","article_modified_time":"2025-04-03T08:40:55+00:00","og_image":[{"width":1920,"height":800,"url":"https:\/\/www.novotek.com\/at\/wp-content\/uploads\/sites\/13\/2021\/Novotek_UK\/Industries\/Food_and_beverage_CPG\/crystal-jo-t1q06vFOOmo-unsplash_duplex_cyan.png.webp","type":"image\/png"}],"twitter_card":"summary_large_image","twitter_misc":{"Gesch\u00e4tzte Lesezeit":"1\u00a0Minute"},"schema":{"@context":"https:\/\/schema.org","@graph":[{"@type":"WebPage","@id":"https:\/\/www.novotek.com\/at\/industrie\/lebensmittel-getraenke\/","url":"https:\/\/www.novotek.com\/at\/industrie\/lebensmittel-getraenke\/","name":"Lebensmittel - Novotek Austria","isPartOf":{"@id":"https:\/\/www.novotek.com\/at\/#website"},"primaryImageOfPage":{"@id":"https:\/\/www.novotek.com\/at\/industrie\/lebensmittel-getraenke\/#primaryimage"},"image":{"@id":"https:\/\/www.novotek.com\/at\/industrie\/lebensmittel-getraenke\/#primaryimage"},"thumbnailUrl":"https:\/\/www.novotek.com\/at\/wp-content\/uploads\/sites\/13\/2021\/Novotek_UK\/Industries\/Food_and_beverage_CPG\/crystal-jo-t1q06vFOOmo-unsplash_duplex_cyan.png.webp","datePublished":"2022-01-26T11:54:41+00:00","dateModified":"2025-04-03T08:40:55+00:00","description":"Novotek Austria bietet den perfekten Mix aus Software-L\u00f6sungen mit entsprechend robuster, an die Lebensmittel-Anforderungen angepasster Hardware.","breadcrumb":{"@id":"https:\/\/www.novotek.com\/at\/industrie\/lebensmittel-getraenke\/#breadcrumb"},"inLanguage":"de-CH","potentialAction":[{"@type":"ReadAction","target":["https:\/\/www.novotek.com\/at\/industrie\/lebensmittel-getraenke\/"]}]},{"@type":"ImageObject","inLanguage":"de-CH","@id":"https:\/\/www.novotek.com\/at\/industrie\/lebensmittel-getraenke\/#primaryimage","url":"https:\/\/www.novotek.com\/at\/wp-content\/uploads\/sites\/13\/2021\/Novotek_UK\/Industries\/Food_and_beverage_CPG\/crystal-jo-t1q06vFOOmo-unsplash_duplex_cyan.png.webp","contentUrl":"https:\/\/www.novotek.com\/at\/wp-content\/uploads\/sites\/13\/2021\/Novotek_UK\/Industries\/Food_and_beverage_CPG\/crystal-jo-t1q06vFOOmo-unsplash_duplex_cyan.png.webp","width":1920,"height":800,"caption":"Lebensmittel und Getr&auml;nke, CPG"},{"@type":"BreadcrumbList","@id":"https:\/\/www.novotek.com\/at\/industrie\/lebensmittel-getraenke\/#breadcrumb","itemListElement":[{"@type":"ListItem","position":1,"name":"Home","item":"https:\/\/www.novotek.com\/at\/"},{"@type":"ListItem","position":2,"name":"Industrie","item":"https:\/\/www.novotek.com\/at\/industrie\/"},{"@type":"ListItem","position":3,"name":"Lebensmittel"}]},{"@type":"WebSite","@id":"https:\/\/www.novotek.com\/at\/#website","url":"https:\/\/www.novotek.com\/at\/","name":"Novotek Switzerland","description":"Connect - Digitalize - Optimize","potentialAction":[{"@type":"SearchAction","target":{"@type":"EntryPoint","urlTemplate":"https:\/\/www.novotek.com\/at\/?s={search_term_string}"},"query-input":{"@type":"PropertyValueSpecification","valueRequired":true,"valueName":"search_term_string"}}],"inLanguage":"de-CH"}]}},"_links":{"self":[{"href":"https:\/\/www.novotek.com\/at\/wp-json\/wp\/v2\/pages\/2865","targetHints":{"allow":["GET"]}}],"collection":[{"href":"https:\/\/www.novotek.com\/at\/wp-json\/wp\/v2\/pages"}],"about":[{"href":"https:\/\/www.novotek.com\/at\/wp-json\/wp\/v2\/types\/page"}],"author":[{"embeddable":true,"href":"https:\/\/www.novotek.com\/at\/wp-json\/wp\/v2\/users\/15"}],"replies":[{"embeddable":true,"href":"https:\/\/www.novotek.com\/at\/wp-json\/wp\/v2\/comments?post=2865"}],"version-history":[{"count":71,"href":"https:\/\/www.novotek.com\/at\/wp-json\/wp\/v2\/pages\/2865\/revisions"}],"predecessor-version":[{"id":22893,"href":"https:\/\/www.novotek.com\/at\/wp-json\/wp\/v2\/pages\/2865\/revisions\/22893"}],"up":[{"embeddable":true,"href":"https:\/\/www.novotek.com\/at\/wp-json\/wp\/v2\/pages\/177"}],"wp:featuredmedia":[{"embeddable":true,"href":"https:\/\/www.novotek.com\/at\/wp-json\/wp\/v2\/media\/2866"}],"wp:attachment":[{"href":"https:\/\/www.novotek.com\/at\/wp-json\/wp\/v2\/media?parent=2865"}],"curies":[{"name":"wp","href":"https:\/\/api.w.org\/{rel}","templated":true}]}}