{"id":2893,"date":"2022-02-04T12:49:55","date_gmt":"2022-02-04T12:49:55","guid":{"rendered":"http:\/\/ch.novotek-multi.dev4.mildmedia-dev.eu\/strom-und-energie\/"},"modified":"2025-04-03T08:40:16","modified_gmt":"2025-04-03T08:40:16","slug":"strom-energie","status":"publish","type":"page","link":"https:\/\/www.novotek.com\/at\/industrie\/strom-energie\/","title":{"rendered":"Energie"},"content":{"rendered":"  <div class=\"hero\">\n    <div class=\"carousel hero-slider small\" data-flickity data-flickity-options='{\"prevNextButtons\": false}'>\n              <div class=\"carousel-cell\">\n          <div class=\"container\">\n            <div class=\"hero-content\">\n                              <h1>Energie<\/h1>\n<p>Wir unterst\u00fctzen Sie bei der Energiewende! Visualisieren, betreiben und optimieren Sie Ihre Anlagen mit unseren hochmodernen L\u00f6sungen.<\/p>\n              \n                          <\/div>\n          <\/div>\n\n          <img decoding=\"async\" width=\"800\" height=\"600\" src=\"https:\/\/www.novotek.com\/at\/wp-content\/uploads\/sites\/13\/proficy-historian-solar-energie.jpg.webp\" class=\"hero-bg\" alt=\"Hero Img\" fetchpriority=\"high\" srcset=\"https:\/\/www.novotek.com\/at\/wp-content\/uploads\/sites\/13\/proficy-historian-solar-energie.jpg.webp 800w, https:\/\/www.novotek.com\/at\/wp-content\/uploads\/sites\/13\/proficy-historian-solar-energie-300x225.jpg.webp 300w, https:\/\/www.novotek.com\/at\/wp-content\/uploads\/sites\/13\/proficy-historian-solar-energie-768x576.jpg.webp 768w\" sizes=\"(max-width: 800px) 100vw, 800px\" \/>                  <\/div>\n          <\/div>\n\n      <\/div>\n\n   \n\n\n<div class=\"container-md group  \">\n<div class=\"wp-block-group\"><div class=\"wp-block-group__inner-container is-layout-flow wp-block-group-is-layout-flow\"><div class=\"container-md paragraph  \">\n<p>Wir von Novotek Austria unterst\u00fctzen Sie bei der Energiewende! Visualisieren, betreiben und optimieren Sie Ihre Anlage mit unseren hochmodernen L\u00f6sungen.<\/p>\n<\/div>\n\n<div class=\"container-md paragraph  \">\n<p>Wir helfen Ihnen bei der Steuerung, Verwaltung und Optimierung Ihrer erneuerbaren Energien, selbstverst\u00e4ndlich unter Einhaltung aller geltenden beh\u00f6rdlichen Sicherheitsbestimmungen.<\/p>\n<\/div>\n\n<div class=\"container-md paragraph  \">\n<p>Ein Kernthema, mit wir uns aktuell besch\u00e4ftigen, ist der ideale Energiefluss unter Ber\u00fccksichtigung von Forecasts der Erzeugung aus erneuerbaren Energiequellen.<\/p>\n<\/div>\n\n<div class=\"container-md paragraph  \">\n<p>Dar\u00fcber hinaus besch\u00e4ftigen Sie sicherlich die gestiegenen Anforderungen an Cyber Security. Uns \u00fcbrigens auch und wir verhelfen Ihnen zu einer entsprechenden Roadmap unter Ber\u00fccksichtigung der Wirtschaftlichkeit.<\/p>\n<\/div><\/div>\n<\/div><\/div>\n\n<div class=\"container-md spacer  \">\n<div style=\"height:50px\" aria-hidden=\"true\" class=\"wp-block-spacer\"><\/div>\n<\/div>\n\n<div class=\"container-md heading  \">\n<h2 class=\"wp-block-heading\">Referenzen<\/h2>\n<\/div>\n\n<div class=\"posts-columns \">\n  <div class=\"container\">\n  <div class=\"row\">\n    <div class=\"col-12 col-md-4\">\n<article class=\"basic \">\n    <div class=\"image\">\n      <a href=\"https:\/\/www.novotek.com\/at\/dienstleistungen\/mittes-engineering-quickpanel-als-fitmacher-bestehender-anlagen\/\">\n                  <img loading=\"lazy\" decoding=\"async\" width=\"500\" height=\"366\" src=\"https:\/\/www.novotek.com\/at\/wp-content\/uploads\/sites\/13\/Titelbild-Mittes.jpg.webp\" class=\"attachment-post-thumbnail size-post-thumbnail wp-post-image\" alt=\"\" srcset=\"https:\/\/www.novotek.com\/at\/wp-content\/uploads\/sites\/13\/Titelbild-Mittes.jpg.webp 500w, https:\/\/www.novotek.com\/at\/wp-content\/uploads\/sites\/13\/Titelbild-Mittes-300x220.jpg.webp 300w, https:\/\/www.novotek.com\/at\/wp-content\/uploads\/sites\/13\/Titelbild-Mittes-86x63.jpg.webp 86w, https:\/\/www.novotek.com\/at\/wp-content\/uploads\/sites\/13\/Titelbild-Mittes-306x224.jpg.webp 306w\" sizes=\"auto, (max-width: 500px) 100vw, 500px\" \/>              <\/a>\n    <\/div>\n\n    <div>\n              <h4>Mittes engineering &#8211; QuickPanel+ als Fitmacher bestehender Anlagen<\/h4>\n      \n              <p>Die 2004 gegr\u00fcndete MITTES engineering GmbH gilt als eine der empfehlenswertesten Adressen, wenn es um den Kauf oder die Anmietung einer zuverl\u00e4ssigen Notstromversorgung geht. Und das aus gutem Grund: Die Ober\u00f6sterreicher liefern L\u00f6sungen, die punktgenau auf den jeweiligen Kunden zugeschnitten sind.<\/p>\n      \n      <div>\n        <a href=\"https:\/\/www.novotek.com\/at\/dienstleistungen\/mittes-engineering-quickpanel-als-fitmacher-bestehender-anlagen\/\">\n          Weiterlesen        <\/a>\n      <\/div>\n    <\/div>\n<\/article>\n<\/div>  <\/div>\n\n  <\/div><\/div>\n\n\n<div class=\"container-md spacer  \">\n<div style=\"height:50px\" aria-hidden=\"true\" class=\"wp-block-spacer\"><\/div>\n<\/div>","protected":false},"excerpt":{"rendered":"<p>Wir unterst\u00fctzen Sie bei der Energiewende! Visualisieren, betreiben und optimieren Sie Ihre Anlagen mit unseren hochmodernen L\u00f6sungen.<\/p>\n","protected":false},"author":15,"featured_media":9460,"parent":177,"menu_order":0,"comment_status":"closed","ping_status":"closed","template":"","meta":{"_acf_changed":false,"_relevanssi_hide_post":"","_relevanssi_pin_for_all":"","_relevanssi_pin_keywords":"","_relevanssi_unpin_keywords":"","_relevanssi_related_keywords":"","_relevanssi_related_include_ids":"","_relevanssi_related_exclude_ids":"","_relevanssi_related_no_append":"","_relevanssi_related_not_related":"","_relevanssi_related_posts":"3216,3208,3195,3220,3200","_relevanssi_noindex_reason":"","footnotes":""},"class_list":["post-2893","page","type-page","status-publish","has-post-thumbnail","hentry"],"acf":[],"yoast_head":"<!-- This site is optimized with the Yoast SEO plugin v27.4 - https:\/\/yoast.com\/product\/yoast-seo-wordpress\/ -->\n<title>L\u00f6sungen f\u00fcr den Energiesektor - Novotek Austria<\/title>\n<meta name=\"description\" content=\"Wir unterst\u00fctzen Sie bei der Energiewende! Visualisieren, betreiben und optimieren Sie Ihre Anlagen mit unseren hochmodernen L\u00f6sungen.\" \/>\n<meta name=\"robots\" content=\"index, follow, max-snippet:-1, max-image-preview:large, max-video-preview:-1\" \/>\n<link rel=\"canonical\" href=\"https:\/\/www.novotek.com\/at\/industrie\/strom-energie\/\" \/>\n<meta property=\"og:locale\" content=\"de_DE\" \/>\n<meta property=\"og:type\" content=\"article\" \/>\n<meta property=\"og:title\" content=\"L\u00f6sungen f\u00fcr den Energiesektor - Novotek Austria\" \/>\n<meta property=\"og:description\" content=\"Wir unterst\u00fctzen Sie bei der Energiewende! Visualisieren, betreiben und optimieren Sie Ihre Anlagen mit unseren hochmodernen L\u00f6sungen.\" \/>\n<meta property=\"og:url\" content=\"https:\/\/www.novotek.com\/at\/industrie\/strom-energie\/\" \/>\n<meta property=\"og:site_name\" content=\"Novotek Austria\" \/>\n<meta property=\"article:modified_time\" content=\"2025-04-03T08:40:16+00:00\" \/>\n<meta property=\"og:image\" content=\"https:\/\/www.novotek.com\/at\/wp-content\/uploads\/sites\/13\/proficy-historian-solar-energie.jpg.webp\" \/>\n\t<meta property=\"og:image:width\" content=\"800\" \/>\n\t<meta property=\"og:image:height\" content=\"600\" \/>\n\t<meta property=\"og:image:type\" content=\"image\/jpeg\" \/>\n<meta name=\"twitter:card\" content=\"summary_large_image\" \/>\n<meta name=\"twitter:label1\" content=\"Gesch\u00e4tzte Lesezeit\" \/>\n\t<meta name=\"twitter:data1\" content=\"1\u00a0Minute\" \/>\n<script type=\"application\/ld+json\" class=\"yoast-schema-graph\">{\"@context\":\"https:\\\/\\\/schema.org\",\"@graph\":[{\"@type\":\"WebPage\",\"@id\":\"https:\\\/\\\/www.novotek.com\\\/at\\\/industrie\\\/strom-energie\\\/\",\"url\":\"https:\\\/\\\/www.novotek.com\\\/at\\\/industrie\\\/strom-energie\\\/\",\"name\":\"L\u00f6sungen f\u00fcr den Energiesektor - Novotek Austria\",\"isPartOf\":{\"@id\":\"https:\\\/\\\/www.novotek.com\\\/at\\\/#website\"},\"primaryImageOfPage\":{\"@id\":\"https:\\\/\\\/www.novotek.com\\\/at\\\/industrie\\\/strom-energie\\\/#primaryimage\"},\"image\":{\"@id\":\"https:\\\/\\\/www.novotek.com\\\/at\\\/industrie\\\/strom-energie\\\/#primaryimage\"},\"thumbnailUrl\":\"https:\\\/\\\/www.novotek.com\\\/at\\\/wp-content\\\/uploads\\\/sites\\\/13\\\/proficy-historian-solar-energie.jpg.webp\",\"datePublished\":\"2022-02-04T12:49:55+00:00\",\"dateModified\":\"2025-04-03T08:40:16+00:00\",\"description\":\"Wir unterst\u00fctzen Sie bei der Energiewende! Visualisieren, betreiben und optimieren Sie Ihre Anlagen mit unseren hochmodernen L\u00f6sungen.\",\"breadcrumb\":{\"@id\":\"https:\\\/\\\/www.novotek.com\\\/at\\\/industrie\\\/strom-energie\\\/#breadcrumb\"},\"inLanguage\":\"de-CH\",\"potentialAction\":[{\"@type\":\"ReadAction\",\"target\":[\"https:\\\/\\\/www.novotek.com\\\/at\\\/industrie\\\/strom-energie\\\/\"]}]},{\"@type\":\"ImageObject\",\"inLanguage\":\"de-CH\",\"@id\":\"https:\\\/\\\/www.novotek.com\\\/at\\\/industrie\\\/strom-energie\\\/#primaryimage\",\"url\":\"https:\\\/\\\/www.novotek.com\\\/at\\\/wp-content\\\/uploads\\\/sites\\\/13\\\/proficy-historian-solar-energie.jpg.webp\",\"contentUrl\":\"https:\\\/\\\/www.novotek.com\\\/at\\\/wp-content\\\/uploads\\\/sites\\\/13\\\/proficy-historian-solar-energie.jpg.webp\",\"width\":800,\"height\":600,\"caption\":\"Proficy Historian Solar-Energie\"},{\"@type\":\"BreadcrumbList\",\"@id\":\"https:\\\/\\\/www.novotek.com\\\/at\\\/industrie\\\/strom-energie\\\/#breadcrumb\",\"itemListElement\":[{\"@type\":\"ListItem\",\"position\":1,\"name\":\"Home\",\"item\":\"https:\\\/\\\/www.novotek.com\\\/at\\\/\"},{\"@type\":\"ListItem\",\"position\":2,\"name\":\"Industrie\",\"item\":\"https:\\\/\\\/www.novotek.com\\\/at\\\/industrie\\\/\"},{\"@type\":\"ListItem\",\"position\":3,\"name\":\"Energie\"}]},{\"@type\":\"WebSite\",\"@id\":\"https:\\\/\\\/www.novotek.com\\\/at\\\/#website\",\"url\":\"https:\\\/\\\/www.novotek.com\\\/at\\\/\",\"name\":\"Novotek Switzerland\",\"description\":\"Connect - Digitalize - Optimize\",\"potentialAction\":[{\"@type\":\"SearchAction\",\"target\":{\"@type\":\"EntryPoint\",\"urlTemplate\":\"https:\\\/\\\/www.novotek.com\\\/at\\\/?s={search_term_string}\"},\"query-input\":{\"@type\":\"PropertyValueSpecification\",\"valueRequired\":true,\"valueName\":\"search_term_string\"}}],\"inLanguage\":\"de-CH\"}]}<\/script>\n<!-- \/ Yoast SEO plugin. -->","yoast_head_json":{"title":"L\u00f6sungen f\u00fcr den Energiesektor - Novotek Austria","description":"Wir unterst\u00fctzen Sie bei der Energiewende! Visualisieren, betreiben und optimieren Sie Ihre Anlagen mit unseren hochmodernen L\u00f6sungen.","robots":{"index":"index","follow":"follow","max-snippet":"max-snippet:-1","max-image-preview":"max-image-preview:large","max-video-preview":"max-video-preview:-1"},"canonical":"https:\/\/www.novotek.com\/at\/industrie\/strom-energie\/","og_locale":"de_DE","og_type":"article","og_title":"L\u00f6sungen f\u00fcr den Energiesektor - Novotek Austria","og_description":"Wir unterst\u00fctzen Sie bei der Energiewende! Visualisieren, betreiben und optimieren Sie Ihre Anlagen mit unseren hochmodernen L\u00f6sungen.","og_url":"https:\/\/www.novotek.com\/at\/industrie\/strom-energie\/","og_site_name":"Novotek Austria","article_modified_time":"2025-04-03T08:40:16+00:00","og_image":[{"width":800,"height":600,"url":"https:\/\/www.novotek.com\/at\/wp-content\/uploads\/sites\/13\/proficy-historian-solar-energie.jpg.webp","type":"image\/jpeg"}],"twitter_card":"summary_large_image","twitter_misc":{"Gesch\u00e4tzte Lesezeit":"1\u00a0Minute"},"schema":{"@context":"https:\/\/schema.org","@graph":[{"@type":"WebPage","@id":"https:\/\/www.novotek.com\/at\/industrie\/strom-energie\/","url":"https:\/\/www.novotek.com\/at\/industrie\/strom-energie\/","name":"L\u00f6sungen f\u00fcr den Energiesektor - Novotek Austria","isPartOf":{"@id":"https:\/\/www.novotek.com\/at\/#website"},"primaryImageOfPage":{"@id":"https:\/\/www.novotek.com\/at\/industrie\/strom-energie\/#primaryimage"},"image":{"@id":"https:\/\/www.novotek.com\/at\/industrie\/strom-energie\/#primaryimage"},"thumbnailUrl":"https:\/\/www.novotek.com\/at\/wp-content\/uploads\/sites\/13\/proficy-historian-solar-energie.jpg.webp","datePublished":"2022-02-04T12:49:55+00:00","dateModified":"2025-04-03T08:40:16+00:00","description":"Wir unterst\u00fctzen Sie bei der Energiewende! Visualisieren, betreiben und optimieren Sie Ihre Anlagen mit unseren hochmodernen L\u00f6sungen.","breadcrumb":{"@id":"https:\/\/www.novotek.com\/at\/industrie\/strom-energie\/#breadcrumb"},"inLanguage":"de-CH","potentialAction":[{"@type":"ReadAction","target":["https:\/\/www.novotek.com\/at\/industrie\/strom-energie\/"]}]},{"@type":"ImageObject","inLanguage":"de-CH","@id":"https:\/\/www.novotek.com\/at\/industrie\/strom-energie\/#primaryimage","url":"https:\/\/www.novotek.com\/at\/wp-content\/uploads\/sites\/13\/proficy-historian-solar-energie.jpg.webp","contentUrl":"https:\/\/www.novotek.com\/at\/wp-content\/uploads\/sites\/13\/proficy-historian-solar-energie.jpg.webp","width":800,"height":600,"caption":"Proficy Historian Solar-Energie"},{"@type":"BreadcrumbList","@id":"https:\/\/www.novotek.com\/at\/industrie\/strom-energie\/#breadcrumb","itemListElement":[{"@type":"ListItem","position":1,"name":"Home","item":"https:\/\/www.novotek.com\/at\/"},{"@type":"ListItem","position":2,"name":"Industrie","item":"https:\/\/www.novotek.com\/at\/industrie\/"},{"@type":"ListItem","position":3,"name":"Energie"}]},{"@type":"WebSite","@id":"https:\/\/www.novotek.com\/at\/#website","url":"https:\/\/www.novotek.com\/at\/","name":"Novotek Switzerland","description":"Connect - Digitalize - Optimize","potentialAction":[{"@type":"SearchAction","target":{"@type":"EntryPoint","urlTemplate":"https:\/\/www.novotek.com\/at\/?s={search_term_string}"},"query-input":{"@type":"PropertyValueSpecification","valueRequired":true,"valueName":"search_term_string"}}],"inLanguage":"de-CH"}]}},"_links":{"self":[{"href":"https:\/\/www.novotek.com\/at\/wp-json\/wp\/v2\/pages\/2893","targetHints":{"allow":["GET"]}}],"collection":[{"href":"https:\/\/www.novotek.com\/at\/wp-json\/wp\/v2\/pages"}],"about":[{"href":"https:\/\/www.novotek.com\/at\/wp-json\/wp\/v2\/types\/page"}],"author":[{"embeddable":true,"href":"https:\/\/www.novotek.com\/at\/wp-json\/wp\/v2\/users\/15"}],"replies":[{"embeddable":true,"href":"https:\/\/www.novotek.com\/at\/wp-json\/wp\/v2\/comments?post=2893"}],"version-history":[{"count":58,"href":"https:\/\/www.novotek.com\/at\/wp-json\/wp\/v2\/pages\/2893\/revisions"}],"predecessor-version":[{"id":23521,"href":"https:\/\/www.novotek.com\/at\/wp-json\/wp\/v2\/pages\/2893\/revisions\/23521"}],"up":[{"embeddable":true,"href":"https:\/\/www.novotek.com\/at\/wp-json\/wp\/v2\/pages\/177"}],"wp:featuredmedia":[{"embeddable":true,"href":"https:\/\/www.novotek.com\/at\/wp-json\/wp\/v2\/media\/9460"}],"wp:attachment":[{"href":"https:\/\/www.novotek.com\/at\/wp-json\/wp\/v2\/media?parent=2893"}],"curies":[{"name":"wp","href":"https:\/\/api.w.org\/{rel}","templated":true}]}}