{"id":2925,"date":"2022-02-04T13:45:00","date_gmt":"2022-02-04T13:45:00","guid":{"rendered":"http:\/\/ch.novotek-multi.dev4.mildmedia-dev.eu\/industrie\/biowissenschaften\/"},"modified":"2025-04-03T08:41:31","modified_gmt":"2025-04-03T08:41:31","slug":"pharma-biotec","status":"publish","type":"page","link":"https:\/\/www.novotek.com\/at\/industrie\/pharma-biotec\/","title":{"rendered":"Pharma"},"content":{"rendered":"  <div class=\"hero\">\n    <div class=\"carousel hero-slider small\" data-flickity data-flickity-options='{\"prevNextButtons\": false}'>\n              <div class=\"carousel-cell\">\n          <div class=\"container\">\n            <div class=\"hero-content\">\n                              <h1>Pharma<\/h1>\n<p>F\u00fcr die aktuellen Herausforderungen im Pharma-Bereich bieten wir Ihnen dezidierte L\u00f6sungen, zugeschnitten auf Ihre Anforderungen.<\/p>\n              \n                          <\/div>\n          <\/div>\n\n          <img decoding=\"async\" width=\"1024\" height=\"427\" src=\"https:\/\/www.novotek.com\/at\/wp-content\/uploads\/sites\/13\/shutterstock_1268263651_ROB-EX_mock-up-Duplex_cyan_1920x800px_NEW-1024x427.jpg.webp\" class=\"hero-bg\" alt=\"Hero Img\" fetchpriority=\"high\" srcset=\"https:\/\/www.novotek.com\/at\/wp-content\/uploads\/sites\/13\/shutterstock_1268263651_ROB-EX_mock-up-Duplex_cyan_1920x800px_NEW-1024x427.jpg.webp 1024w, https:\/\/www.novotek.com\/at\/wp-content\/uploads\/sites\/13\/shutterstock_1268263651_ROB-EX_mock-up-Duplex_cyan_1920x800px_NEW-300x125.jpg.webp 300w, https:\/\/www.novotek.com\/at\/wp-content\/uploads\/sites\/13\/shutterstock_1268263651_ROB-EX_mock-up-Duplex_cyan_1920x800px_NEW-768x320.jpg.webp 768w, https:\/\/www.novotek.com\/at\/wp-content\/uploads\/sites\/13\/shutterstock_1268263651_ROB-EX_mock-up-Duplex_cyan_1920x800px_NEW-1536x640.jpg.webp 1536w, https:\/\/www.novotek.com\/at\/wp-content\/uploads\/sites\/13\/shutterstock_1268263651_ROB-EX_mock-up-Duplex_cyan_1920x800px_NEW.jpg.webp 1920w\" sizes=\"(max-width: 1024px) 100vw, 1024px\" \/>                  <\/div>\n          <\/div>\n\n      <\/div>\n\n   \n\n\n<div class=\"container-md heading  \">\n<h3 class=\"wp-block-heading\" id=\"h-ruckverfolgbarkeit\">Kernbereiche<\/h3>\n<\/div>\n\n<div class=\"container-md list  \">\n<ul class=\"wp-block-list\"><div class=\"container-md list-item  \">\n<li>Erstellung von Allgemeinen Herstellungsvorschriften (MBR-Master Batch Record)<\/li>\n<\/div>\n\n<div class=\"container-md list-item  \">\n<li>Daraus abgeleiteten auftragsbezogenen Herstellungsanweisungen (EBR \u2013 Electronic Batch Records)<\/li>\n<\/div>\n\n<div class=\"container-md list-item  \">\n<li>Ausf\u00fchrung von Rezepturen und F\u00fchrung der Produktion nach definiertem Arbeitsablauf<\/li>\n<\/div>\n\n<div class=\"container-md list-item  \">\n<li>Kontrolle des Materialflusses<\/li>\n<\/div>\n\n<div class=\"container-md list-item  \">\n<li>Protokollierung der Umgebungsbedingungen im Reinraum<\/li>\n<\/div>\n\n<div class=\"container-md list-item  \">\n<li>Sicherstellung einer zuverl\u00e4ssigen Infrastruktur mit moderner Leittechnik<\/li>\n<\/div>\n\n<div class=\"container-md list-item  \">\n<li>KI-basierte Alarmierung und Aufzeichnung von Produktionsabweichung<\/li>\n<\/div>\n\n<div class=\"container-md list-item  \">\n<li>Serialisierungsl\u00f6sungen f\u00fcr die Erf\u00fcllung regulatorischer Anforderungen<\/li>\n<\/div>\n\n<div class=\"container-md list-item  \">\n<li>Rezepmanagement<\/li>\n<\/div>\n\n<div class=\"container-md list-item  \">\n<li>Datenintegrit\u00e4t<\/li>\n<\/div>\n\n<div class=\"container-md list-item  \">\n<li>Nachweise und Zertifizierungen im Bereich OT Cyber Security (IEC62443, NIS2.0)<\/li>\n<\/div><\/ul>\n<\/div>\n\n<div class=\"container-md spacer  \">\n<div style=\"height:30px\" aria-hidden=\"true\" class=\"wp-block-spacer\"><\/div>\n<\/div>\n\n<div class=\"container-md heading  \">\n<h3 class=\"wp-block-heading\" id=\"h-qualitat\">Vorteile<\/h3>\n<\/div>\n\n<div class=\"container-md list  \">\n<ul class=\"wp-block-list\"><div class=\"container-md list-item  \">\n<li>H\u00f6chste Zuverl\u00e4ssigkeit des Produktionsprozesses<\/li>\n<\/div>\n\n<div class=\"container-md list-item  \">\n<li>H\u00f6chstes Ma\u00df an Wiederholbarkeit und Effizienz der Prozesse<\/li>\n<\/div>\n\n<div class=\"container-md list-item  \">\n<li>Leichte Erf\u00fcllung von pharmazeutischen Standards und Empfehlungen (wie GAMP 5, 21 CFR Part 11)<\/li>\n<\/div>\n\n<div class=\"container-md list-item  \">\n<li>Flexibles Rezeptursystem<\/li>\n<\/div>\n\n<div class=\"container-md list-item  \">\n<li>Realisierung einer papierlosen Produktion<\/li>\n<\/div>\n\n<div class=\"container-md list-item  \">\n<li>Minimierung der Anzahl von ungeplanten Produktionsunterbrechungen<\/li>\n<\/div>\n\n<div class=\"container-md list-item  \">\n<li>Effiziente Nutzung der Produktionsressourcen und Energie<\/li>\n<\/div>\n\n<div class=\"container-md list-item  \">\n<li>Nachweis der Produktionsbedingungen auf Knopfdruck<\/li>\n<\/div>\n\n<div class=\"container-md list-item  \">\n<li>Bessere Entscheidungsgrundlage f\u00fcrs Management<\/li>\n<\/div>\n\n<div class=\"container-md list-item  \">\n<li>L\u00f6sungen validiert nach GMP<\/li>\n<\/div>\n\n<div class=\"container-md list-item  \">\n<li>Gesteigerte Cyber Security, Kundenvertrauen und wirtschaftliche Erreichung der entsprechenden Security-Standards<\/li>\n<\/div>\n\n<div class=\"container-md list-item  \">\n<li>Weniger Fehlalarme durch dynamische Limits<\/li>\n<\/div><\/ul>\n<\/div>\n\n<div class=\"container-md spacer  \">\n<div style=\"height:50px\" aria-hidden=\"true\" class=\"wp-block-spacer\"><\/div>\n<\/div>\n\n<div class=\"container-md heading  \">\n<h2 class=\"wp-block-heading\">Referenzen<\/h2>\n<\/div>\n\n<div class=\"posts-columns \">\n  <div class=\"container\">\n  <div class=\"row\">\n    <div class=\"col-12 col-md-4\">\n<article class=\"basic \">\n    <div class=\"image\">\n      <a href=\"https:\/\/www.novotek.com\/at\/dienstleistungen\/unifarco-customer-success-story-exor\/\">\n                  <img loading=\"lazy\" decoding=\"async\" width=\"499\" height=\"330\" src=\"https:\/\/www.novotek.com\/at\/wp-content\/uploads\/sites\/13\/Titelbild-Unifarco.jpg.webp\" class=\"attachment-post-thumbnail size-post-thumbnail wp-post-image\" alt=\"\" srcset=\"https:\/\/www.novotek.com\/at\/wp-content\/uploads\/sites\/13\/Titelbild-Unifarco.jpg.webp 499w, https:\/\/www.novotek.com\/at\/wp-content\/uploads\/sites\/13\/Titelbild-Unifarco-300x198.jpg.webp 300w, https:\/\/www.novotek.com\/at\/wp-content\/uploads\/sites\/13\/Titelbild-Unifarco-86x57.jpg.webp 86w, https:\/\/www.novotek.com\/at\/wp-content\/uploads\/sites\/13\/Titelbild-Unifarco-306x202.jpg.webp 306w\" sizes=\"auto, (max-width: 499px) 100vw, 499px\" \/>              <\/a>\n    <\/div>\n\n    <div>\n              <h4>Unifarco: Customer Success Story (EXOR)<\/h4>\n      \n              <p>Cosmetic production following the path of digitization: How data analysis improves results.<\/p>\n      \n      <div>\n        <a href=\"https:\/\/www.novotek.com\/at\/dienstleistungen\/unifarco-customer-success-story-exor\/\">\n          Weiterlesen        <\/a>\n      <\/div>\n    <\/div>\n<\/article>\n<\/div>  <\/div>\n\n  <\/div><\/div>\n\n\n<div class=\"container-md spacer  \">\n<div style=\"height:50px\" aria-hidden=\"true\" class=\"wp-block-spacer\"><\/div>\n<\/div>","protected":false},"excerpt":{"rendered":"<p>F\u00fcr die aktuellen Herausforderungen im Pharma-Bereich bieten wir Ihnen dezidierte L\u00f6sungen, zugeschnitten auf Ihre Anforderungen.<\/p>\n","protected":false},"author":15,"featured_media":0,"parent":177,"menu_order":3,"comment_status":"closed","ping_status":"closed","template":"","meta":{"_acf_changed":false,"_relevanssi_hide_post":"","_relevanssi_pin_for_all":"","_relevanssi_pin_keywords":"","_relevanssi_unpin_keywords":"","_relevanssi_related_keywords":"","_relevanssi_related_include_ids":"","_relevanssi_related_exclude_ids":"","_relevanssi_related_no_append":"","_relevanssi_related_not_related":"","_relevanssi_related_posts":"3220,3195,3208,3200,3216","_relevanssi_noindex_reason":"","footnotes":""},"class_list":["post-2925","page","type-page","status-publish","hentry"],"acf":[],"yoast_head":"<!-- This site is optimized with the Yoast SEO plugin v27.4 - https:\/\/yoast.com\/product\/yoast-seo-wordpress\/ -->\n<title>Pharma - Novotek Austria<\/title>\n<meta name=\"description\" content=\"F\u00fcr die aktuellen Herausforderungen im Pharma-Bereich bieten wir Ihnen dezidierte L\u00f6sungen, zugeschnitten auf Ihre Anforderungen.\" \/>\n<meta name=\"robots\" content=\"index, follow, max-snippet:-1, max-image-preview:large, max-video-preview:-1\" \/>\n<link rel=\"canonical\" href=\"https:\/\/www.novotek.com\/at\/industrie\/pharma-biotec\/\" \/>\n<meta property=\"og:locale\" content=\"de_DE\" \/>\n<meta property=\"og:type\" content=\"article\" \/>\n<meta property=\"og:title\" content=\"Pharma - Novotek Austria\" \/>\n<meta property=\"og:description\" content=\"F\u00fcr die aktuellen Herausforderungen im Pharma-Bereich bieten wir Ihnen dezidierte L\u00f6sungen, zugeschnitten auf Ihre Anforderungen.\" \/>\n<meta property=\"og:url\" content=\"https:\/\/www.novotek.com\/at\/industrie\/pharma-biotec\/\" \/>\n<meta property=\"og:site_name\" content=\"Novotek Austria\" \/>\n<meta property=\"article:modified_time\" content=\"2025-04-03T08:41:31+00:00\" \/>\n<meta name=\"twitter:card\" content=\"summary_large_image\" \/>\n<meta name=\"twitter:label1\" content=\"Gesch\u00e4tzte Lesezeit\" \/>\n\t<meta name=\"twitter:data1\" content=\"1\u00a0Minute\" \/>\n<script type=\"application\/ld+json\" class=\"yoast-schema-graph\">{\"@context\":\"https:\\\/\\\/schema.org\",\"@graph\":[{\"@type\":\"WebPage\",\"@id\":\"https:\\\/\\\/www.novotek.com\\\/at\\\/industrie\\\/pharma-biotec\\\/\",\"url\":\"https:\\\/\\\/www.novotek.com\\\/at\\\/industrie\\\/pharma-biotec\\\/\",\"name\":\"Pharma - Novotek Austria\",\"isPartOf\":{\"@id\":\"https:\\\/\\\/www.novotek.com\\\/at\\\/#website\"},\"datePublished\":\"2022-02-04T13:45:00+00:00\",\"dateModified\":\"2025-04-03T08:41:31+00:00\",\"description\":\"F\u00fcr die aktuellen Herausforderungen im Pharma-Bereich bieten wir Ihnen dezidierte L\u00f6sungen, zugeschnitten auf Ihre Anforderungen.\",\"breadcrumb\":{\"@id\":\"https:\\\/\\\/www.novotek.com\\\/at\\\/industrie\\\/pharma-biotec\\\/#breadcrumb\"},\"inLanguage\":\"de-CH\",\"potentialAction\":[{\"@type\":\"ReadAction\",\"target\":[\"https:\\\/\\\/www.novotek.com\\\/at\\\/industrie\\\/pharma-biotec\\\/\"]}]},{\"@type\":\"BreadcrumbList\",\"@id\":\"https:\\\/\\\/www.novotek.com\\\/at\\\/industrie\\\/pharma-biotec\\\/#breadcrumb\",\"itemListElement\":[{\"@type\":\"ListItem\",\"position\":1,\"name\":\"Home\",\"item\":\"https:\\\/\\\/www.novotek.com\\\/at\\\/\"},{\"@type\":\"ListItem\",\"position\":2,\"name\":\"Industrie\",\"item\":\"https:\\\/\\\/www.novotek.com\\\/at\\\/industrie\\\/\"},{\"@type\":\"ListItem\",\"position\":3,\"name\":\"Pharma\"}]},{\"@type\":\"WebSite\",\"@id\":\"https:\\\/\\\/www.novotek.com\\\/at\\\/#website\",\"url\":\"https:\\\/\\\/www.novotek.com\\\/at\\\/\",\"name\":\"Novotek Switzerland\",\"description\":\"Connect - Digitalize - Optimize\",\"potentialAction\":[{\"@type\":\"SearchAction\",\"target\":{\"@type\":\"EntryPoint\",\"urlTemplate\":\"https:\\\/\\\/www.novotek.com\\\/at\\\/?s={search_term_string}\"},\"query-input\":{\"@type\":\"PropertyValueSpecification\",\"valueRequired\":true,\"valueName\":\"search_term_string\"}}],\"inLanguage\":\"de-CH\"}]}<\/script>\n<!-- \/ Yoast SEO plugin. -->","yoast_head_json":{"title":"Pharma - Novotek Austria","description":"F\u00fcr die aktuellen Herausforderungen im Pharma-Bereich bieten wir Ihnen dezidierte L\u00f6sungen, zugeschnitten auf Ihre Anforderungen.","robots":{"index":"index","follow":"follow","max-snippet":"max-snippet:-1","max-image-preview":"max-image-preview:large","max-video-preview":"max-video-preview:-1"},"canonical":"https:\/\/www.novotek.com\/at\/industrie\/pharma-biotec\/","og_locale":"de_DE","og_type":"article","og_title":"Pharma - Novotek Austria","og_description":"F\u00fcr die aktuellen Herausforderungen im Pharma-Bereich bieten wir Ihnen dezidierte L\u00f6sungen, zugeschnitten auf Ihre Anforderungen.","og_url":"https:\/\/www.novotek.com\/at\/industrie\/pharma-biotec\/","og_site_name":"Novotek Austria","article_modified_time":"2025-04-03T08:41:31+00:00","twitter_card":"summary_large_image","twitter_misc":{"Gesch\u00e4tzte Lesezeit":"1\u00a0Minute"},"schema":{"@context":"https:\/\/schema.org","@graph":[{"@type":"WebPage","@id":"https:\/\/www.novotek.com\/at\/industrie\/pharma-biotec\/","url":"https:\/\/www.novotek.com\/at\/industrie\/pharma-biotec\/","name":"Pharma - Novotek Austria","isPartOf":{"@id":"https:\/\/www.novotek.com\/at\/#website"},"datePublished":"2022-02-04T13:45:00+00:00","dateModified":"2025-04-03T08:41:31+00:00","description":"F\u00fcr die aktuellen Herausforderungen im Pharma-Bereich bieten wir Ihnen dezidierte L\u00f6sungen, zugeschnitten auf Ihre Anforderungen.","breadcrumb":{"@id":"https:\/\/www.novotek.com\/at\/industrie\/pharma-biotec\/#breadcrumb"},"inLanguage":"de-CH","potentialAction":[{"@type":"ReadAction","target":["https:\/\/www.novotek.com\/at\/industrie\/pharma-biotec\/"]}]},{"@type":"BreadcrumbList","@id":"https:\/\/www.novotek.com\/at\/industrie\/pharma-biotec\/#breadcrumb","itemListElement":[{"@type":"ListItem","position":1,"name":"Home","item":"https:\/\/www.novotek.com\/at\/"},{"@type":"ListItem","position":2,"name":"Industrie","item":"https:\/\/www.novotek.com\/at\/industrie\/"},{"@type":"ListItem","position":3,"name":"Pharma"}]},{"@type":"WebSite","@id":"https:\/\/www.novotek.com\/at\/#website","url":"https:\/\/www.novotek.com\/at\/","name":"Novotek Switzerland","description":"Connect - Digitalize - Optimize","potentialAction":[{"@type":"SearchAction","target":{"@type":"EntryPoint","urlTemplate":"https:\/\/www.novotek.com\/at\/?s={search_term_string}"},"query-input":{"@type":"PropertyValueSpecification","valueRequired":true,"valueName":"search_term_string"}}],"inLanguage":"de-CH"}]}},"_links":{"self":[{"href":"https:\/\/www.novotek.com\/at\/wp-json\/wp\/v2\/pages\/2925","targetHints":{"allow":["GET"]}}],"collection":[{"href":"https:\/\/www.novotek.com\/at\/wp-json\/wp\/v2\/pages"}],"about":[{"href":"https:\/\/www.novotek.com\/at\/wp-json\/wp\/v2\/types\/page"}],"author":[{"embeddable":true,"href":"https:\/\/www.novotek.com\/at\/wp-json\/wp\/v2\/users\/15"}],"replies":[{"embeddable":true,"href":"https:\/\/www.novotek.com\/at\/wp-json\/wp\/v2\/comments?post=2925"}],"version-history":[{"count":59,"href":"https:\/\/www.novotek.com\/at\/wp-json\/wp\/v2\/pages\/2925\/revisions"}],"predecessor-version":[{"id":23532,"href":"https:\/\/www.novotek.com\/at\/wp-json\/wp\/v2\/pages\/2925\/revisions\/23532"}],"up":[{"embeddable":true,"href":"https:\/\/www.novotek.com\/at\/wp-json\/wp\/v2\/pages\/177"}],"wp:attachment":[{"href":"https:\/\/www.novotek.com\/at\/wp-json\/wp\/v2\/media?parent=2925"}],"curies":[{"name":"wp","href":"https:\/\/api.w.org\/{rel}","templated":true}]}}