{"id":2942,"date":"2022-02-04T13:45:16","date_gmt":"2022-02-04T13:45:16","guid":{"rendered":"http:\/\/ch.novotek-multi.dev4.mildmedia-dev.eu\/industrie\/wasser-und-abwasser\/"},"modified":"2025-04-03T08:36:35","modified_gmt":"2025-04-03T08:36:35","slug":"automotive","status":"publish","type":"page","link":"https:\/\/www.novotek.com\/at\/industrie\/automotive\/","title":{"rendered":"Automotive"},"content":{"rendered":"  <div class=\"hero\">\n    <div class=\"carousel hero-slider small\" data-flickity data-flickity-options='{\"prevNextButtons\": false}'>\n              <div class=\"carousel-cell\">\n          <div class=\"container\">\n            <div class=\"hero-content\">\n                              <h1>Automotive<\/h1>\n<p>In unserem Portfolio finden Sie ein breites Spektrum an Produkten und L\u00f6sungen von Einzelmaschinen bis zu werks\u00fcbergreifenden Vernetzungen.<\/p>\n              \n                          <\/div>\n          <\/div>\n\n          <img decoding=\"async\" width=\"1024\" height=\"576\" src=\"https:\/\/www.novotek.com\/at\/wp-content\/uploads\/sites\/13\/Automotive-1024x576.jpg.webp\" class=\"hero-bg\" alt=\"Hero Img\" fetchpriority=\"high\" srcset=\"https:\/\/www.novotek.com\/at\/wp-content\/uploads\/sites\/13\/Automotive-1024x576.jpg.webp 1024w, https:\/\/www.novotek.com\/at\/wp-content\/uploads\/sites\/13\/Automotive-300x169.jpg.webp 300w, https:\/\/www.novotek.com\/at\/wp-content\/uploads\/sites\/13\/Automotive-768x432.jpg.webp 768w, https:\/\/www.novotek.com\/at\/wp-content\/uploads\/sites\/13\/Automotive-1536x864.jpg.webp 1536w, https:\/\/www.novotek.com\/at\/wp-content\/uploads\/sites\/13\/Automotive-86x48.jpg.webp 86w, https:\/\/www.novotek.com\/at\/wp-content\/uploads\/sites\/13\/Automotive-306x172.jpg.webp 306w, https:\/\/www.novotek.com\/at\/wp-content\/uploads\/sites\/13\/Automotive-636x358.jpg.webp 636w, https:\/\/www.novotek.com\/at\/wp-content\/uploads\/sites\/13\/Automotive-1632x918.jpg.webp 1632w, https:\/\/www.novotek.com\/at\/wp-content\/uploads\/sites\/13\/Automotive.jpg.webp 1920w\" sizes=\"(max-width: 1024px) 100vw, 1024px\" \/>                  <\/div>\n          <\/div>\n\n      <\/div>\n\n   \n\n\n<div class=\"container-md paragraph  \">\n<p>Unsere skalierbaren L\u00f6sungen verhelfen Ihnen im Zeitalter des Industrial Internet zum Durchbruch \u2013 die Verbindung Ihrer Maschinen, Daten und Menschen \u2013 mit einem noch nie dagewesenen Level an Informationsdarstellung und Produktionseinblick. Damit sie schneller produzieren, bessere Qualit\u00e4t liefern und Ihre Kosten reduzieren.<\/p>\n<\/div>\n\n<div class=\"container-md paragraph  \">\n<p>In unserem Portfolio finden Sie ein breites Spektrum an Produkten und L\u00f6sungen von Einzelmaschinen bis zu werks\u00fcbergreifenden Vernetzungen. Werfen Sie einen Blick auf unsere L\u00f6sungen und Referenzen, oder vereinbaren Sie ein unverbindliches Beratungsgespr\u00e4ch!<\/p>\n<\/div>\n\n<div class=\"container-md spacer  \">\n<div style=\"height:100px\" aria-hidden=\"true\" class=\"wp-block-spacer\"><\/div>\n<\/div>\n\n<div class=\"container-md heading  \">\n<h2 class=\"wp-block-heading\">Referenzen<\/h2>\n<\/div>\n\n<div class=\"posts-columns \">\n  <div class=\"container\">\n  <div class=\"row\">\n    <div class=\"col-12 col-md-4\">\n<article class=\"basic \">\n    <div class=\"image\">\n      <a href=\"https:\/\/www.novotek.com\/at\/dienstleistungen\/hmi-scada-system-von-ge-im-haerte-einsatz-bei-ruebig_2\/\">\n                  <img loading=\"lazy\" decoding=\"async\" width=\"392\" height=\"285\" src=\"https:\/\/www.novotek.com\/at\/wp-content\/uploads\/sites\/13\/Titelbild-Ruebig.jpg.webp\" class=\"attachment-post-thumbnail size-post-thumbnail wp-post-image\" alt=\"\" \/>              <\/a>\n    <\/div>\n\n    <div>\n              <h4>HMI SCADA-System von GE im H\u00e4rte-Einsatz bei R\u00fcbig<\/h4>\n      \n              <p>Hart im Nehmen ist der Werkstoff Stahl \u2013 und doch so sensibel in seiner Legierung und Oberfl\u00e4chenstruktur \u2013besonders dann, wenn es um spektakul\u00e4re Eins\u00e4tze in widrigsten Umgebungen, wie in der Automobil-, Luftfahrt- und Windenergieindustrie oder auch im Werkzeugbau, geht.<\/p>\n      \n      <div>\n        <a href=\"https:\/\/www.novotek.com\/at\/dienstleistungen\/hmi-scada-system-von-ge-im-haerte-einsatz-bei-ruebig_2\/\">\n          Weiterlesen        <\/a>\n      <\/div>\n    <\/div>\n<\/article>\n<\/div><div class=\"col-12 col-md-4\">\n<article class=\"basic \">\n    <div class=\"image\">\n      <a href=\"https:\/\/www.novotek.com\/at\/dienstleistungen\/success-story-magna-graz\/\">\n                  <img loading=\"lazy\" decoding=\"async\" width=\"500\" height=\"375\" src=\"https:\/\/www.novotek.com\/at\/wp-content\/uploads\/sites\/13\/Titelbild-Magna-Graz-2.jpg.webp\" class=\"attachment-post-thumbnail size-post-thumbnail wp-post-image\" alt=\"\" srcset=\"https:\/\/www.novotek.com\/at\/wp-content\/uploads\/sites\/13\/Titelbild-Magna-Graz-2.jpg.webp 500w, https:\/\/www.novotek.com\/at\/wp-content\/uploads\/sites\/13\/Titelbild-Magna-Graz-2-300x225.jpg.webp 300w, https:\/\/www.novotek.com\/at\/wp-content\/uploads\/sites\/13\/Titelbild-Magna-Graz-2-86x65.jpg.webp 86w, https:\/\/www.novotek.com\/at\/wp-content\/uploads\/sites\/13\/Titelbild-Magna-Graz-2-306x230.jpg.webp 306w\" sizes=\"auto, (max-width: 500px) 100vw, 500px\" \/>              <\/a>\n    <\/div>\n\n    <div>\n              <h4>Success Story Magna Graz<\/h4>\n      \n              <p>15% Energieeinsparung: Proficy CSense KI-optimierte Hallenheizung.<\/p>\n      \n      <div>\n        <a href=\"https:\/\/www.novotek.com\/at\/dienstleistungen\/success-story-magna-graz\/\">\n          Weiterlesen        <\/a>\n      <\/div>\n    <\/div>\n<\/article>\n<\/div>  <\/div>\n\n  <\/div><\/div>\n\n\n<div class=\"container-md spacer  \">\n<div style=\"height:50px\" aria-hidden=\"true\" class=\"wp-block-spacer\"><\/div>\n<\/div>","protected":false},"excerpt":{"rendered":"<p>In unserem Portfolio finden Sie ein breites Spektrum an Produkten und L\u00f6sungen von Einzelmaschinen bis zu werks\u00fcbergreifenden Vernetzungen.<\/p>\n","protected":false},"author":15,"featured_media":22272,"parent":177,"menu_order":4,"comment_status":"closed","ping_status":"closed","template":"","meta":{"_acf_changed":false,"_relevanssi_hide_post":"","_relevanssi_pin_for_all":"","_relevanssi_pin_keywords":"","_relevanssi_unpin_keywords":"","_relevanssi_related_keywords":"","_relevanssi_related_include_ids":"","_relevanssi_related_exclude_ids":"","_relevanssi_related_no_append":"","_relevanssi_related_not_related":"","_relevanssi_related_posts":"3200,3220,3208,3195,3216,3216","_relevanssi_noindex_reason":"","footnotes":""},"class_list":["post-2942","page","type-page","status-publish","has-post-thumbnail","hentry"],"acf":[],"yoast_head":"<!-- This site is optimized with the Yoast SEO plugin v27.4 - https:\/\/yoast.com\/product\/yoast-seo-wordpress\/ -->\n<title>Automotive - Novotek Austria<\/title>\n<meta name=\"description\" content=\"In unserem Portfolio finden Sie ein breites Spektrum an Produkten und L\u00f6sungen von Einzelmaschinen bis zu werks\u00fcbergreifenden Vernetzungen.\" \/>\n<meta name=\"robots\" content=\"index, follow, max-snippet:-1, max-image-preview:large, max-video-preview:-1\" \/>\n<link rel=\"canonical\" href=\"https:\/\/www.novotek.com\/at\/industrie\/automotive\/\" \/>\n<meta property=\"og:locale\" content=\"de_DE\" \/>\n<meta property=\"og:type\" content=\"article\" \/>\n<meta property=\"og:title\" content=\"Automotive - Novotek Austria\" \/>\n<meta property=\"og:description\" content=\"In unserem Portfolio finden Sie ein breites Spektrum an Produkten und L\u00f6sungen von Einzelmaschinen bis zu werks\u00fcbergreifenden Vernetzungen.\" \/>\n<meta property=\"og:url\" content=\"https:\/\/www.novotek.com\/at\/industrie\/automotive\/\" \/>\n<meta property=\"og:site_name\" content=\"Novotek Austria\" \/>\n<meta property=\"article:modified_time\" content=\"2025-04-03T08:36:35+00:00\" \/>\n<meta property=\"og:image\" content=\"https:\/\/www.novotek.com\/at\/wp-content\/uploads\/sites\/13\/Automotive.jpg.webp\" \/>\n\t<meta property=\"og:image:width\" content=\"1920\" \/>\n\t<meta property=\"og:image:height\" content=\"1080\" \/>\n\t<meta property=\"og:image:type\" content=\"image\/jpeg\" \/>\n<meta name=\"twitter:card\" content=\"summary_large_image\" \/>\n<meta name=\"twitter:label1\" content=\"Gesch\u00e4tzte Lesezeit\" \/>\n\t<meta name=\"twitter:data1\" content=\"1\u00a0Minute\" \/>\n<script type=\"application\/ld+json\" class=\"yoast-schema-graph\">{\"@context\":\"https:\\\/\\\/schema.org\",\"@graph\":[{\"@type\":\"WebPage\",\"@id\":\"https:\\\/\\\/www.novotek.com\\\/at\\\/industrie\\\/automotive\\\/\",\"url\":\"https:\\\/\\\/www.novotek.com\\\/at\\\/industrie\\\/automotive\\\/\",\"name\":\"Automotive - Novotek Austria\",\"isPartOf\":{\"@id\":\"https:\\\/\\\/www.novotek.com\\\/at\\\/#website\"},\"primaryImageOfPage\":{\"@id\":\"https:\\\/\\\/www.novotek.com\\\/at\\\/industrie\\\/automotive\\\/#primaryimage\"},\"image\":{\"@id\":\"https:\\\/\\\/www.novotek.com\\\/at\\\/industrie\\\/automotive\\\/#primaryimage\"},\"thumbnailUrl\":\"https:\\\/\\\/www.novotek.com\\\/at\\\/wp-content\\\/uploads\\\/sites\\\/13\\\/Automotive.jpg.webp\",\"datePublished\":\"2022-02-04T13:45:16+00:00\",\"dateModified\":\"2025-04-03T08:36:35+00:00\",\"description\":\"In unserem Portfolio finden Sie ein breites Spektrum an Produkten und L\u00f6sungen von Einzelmaschinen bis zu werks\u00fcbergreifenden Vernetzungen.\",\"breadcrumb\":{\"@id\":\"https:\\\/\\\/www.novotek.com\\\/at\\\/industrie\\\/automotive\\\/#breadcrumb\"},\"inLanguage\":\"de-CH\",\"potentialAction\":[{\"@type\":\"ReadAction\",\"target\":[\"https:\\\/\\\/www.novotek.com\\\/at\\\/industrie\\\/automotive\\\/\"]}]},{\"@type\":\"ImageObject\",\"inLanguage\":\"de-CH\",\"@id\":\"https:\\\/\\\/www.novotek.com\\\/at\\\/industrie\\\/automotive\\\/#primaryimage\",\"url\":\"https:\\\/\\\/www.novotek.com\\\/at\\\/wp-content\\\/uploads\\\/sites\\\/13\\\/Automotive.jpg.webp\",\"contentUrl\":\"https:\\\/\\\/www.novotek.com\\\/at\\\/wp-content\\\/uploads\\\/sites\\\/13\\\/Automotive.jpg.webp\",\"width\":1920,\"height\":1080},{\"@type\":\"BreadcrumbList\",\"@id\":\"https:\\\/\\\/www.novotek.com\\\/at\\\/industrie\\\/automotive\\\/#breadcrumb\",\"itemListElement\":[{\"@type\":\"ListItem\",\"position\":1,\"name\":\"Home\",\"item\":\"https:\\\/\\\/www.novotek.com\\\/at\\\/\"},{\"@type\":\"ListItem\",\"position\":2,\"name\":\"Industrie\",\"item\":\"https:\\\/\\\/www.novotek.com\\\/at\\\/industrie\\\/\"},{\"@type\":\"ListItem\",\"position\":3,\"name\":\"Automotive\"}]},{\"@type\":\"WebSite\",\"@id\":\"https:\\\/\\\/www.novotek.com\\\/at\\\/#website\",\"url\":\"https:\\\/\\\/www.novotek.com\\\/at\\\/\",\"name\":\"Novotek Switzerland\",\"description\":\"Connect - Digitalize - Optimize\",\"potentialAction\":[{\"@type\":\"SearchAction\",\"target\":{\"@type\":\"EntryPoint\",\"urlTemplate\":\"https:\\\/\\\/www.novotek.com\\\/at\\\/?s={search_term_string}\"},\"query-input\":{\"@type\":\"PropertyValueSpecification\",\"valueRequired\":true,\"valueName\":\"search_term_string\"}}],\"inLanguage\":\"de-CH\"}]}<\/script>\n<!-- \/ Yoast SEO plugin. -->","yoast_head_json":{"title":"Automotive - Novotek Austria","description":"In unserem Portfolio finden Sie ein breites Spektrum an Produkten und L\u00f6sungen von Einzelmaschinen bis zu werks\u00fcbergreifenden Vernetzungen.","robots":{"index":"index","follow":"follow","max-snippet":"max-snippet:-1","max-image-preview":"max-image-preview:large","max-video-preview":"max-video-preview:-1"},"canonical":"https:\/\/www.novotek.com\/at\/industrie\/automotive\/","og_locale":"de_DE","og_type":"article","og_title":"Automotive - Novotek Austria","og_description":"In unserem Portfolio finden Sie ein breites Spektrum an Produkten und L\u00f6sungen von Einzelmaschinen bis zu werks\u00fcbergreifenden Vernetzungen.","og_url":"https:\/\/www.novotek.com\/at\/industrie\/automotive\/","og_site_name":"Novotek Austria","article_modified_time":"2025-04-03T08:36:35+00:00","og_image":[{"width":1920,"height":1080,"url":"https:\/\/www.novotek.com\/at\/wp-content\/uploads\/sites\/13\/Automotive.jpg.webp","type":"image\/jpeg"}],"twitter_card":"summary_large_image","twitter_misc":{"Gesch\u00e4tzte Lesezeit":"1\u00a0Minute"},"schema":{"@context":"https:\/\/schema.org","@graph":[{"@type":"WebPage","@id":"https:\/\/www.novotek.com\/at\/industrie\/automotive\/","url":"https:\/\/www.novotek.com\/at\/industrie\/automotive\/","name":"Automotive - Novotek Austria","isPartOf":{"@id":"https:\/\/www.novotek.com\/at\/#website"},"primaryImageOfPage":{"@id":"https:\/\/www.novotek.com\/at\/industrie\/automotive\/#primaryimage"},"image":{"@id":"https:\/\/www.novotek.com\/at\/industrie\/automotive\/#primaryimage"},"thumbnailUrl":"https:\/\/www.novotek.com\/at\/wp-content\/uploads\/sites\/13\/Automotive.jpg.webp","datePublished":"2022-02-04T13:45:16+00:00","dateModified":"2025-04-03T08:36:35+00:00","description":"In unserem Portfolio finden Sie ein breites Spektrum an Produkten und L\u00f6sungen von Einzelmaschinen bis zu werks\u00fcbergreifenden Vernetzungen.","breadcrumb":{"@id":"https:\/\/www.novotek.com\/at\/industrie\/automotive\/#breadcrumb"},"inLanguage":"de-CH","potentialAction":[{"@type":"ReadAction","target":["https:\/\/www.novotek.com\/at\/industrie\/automotive\/"]}]},{"@type":"ImageObject","inLanguage":"de-CH","@id":"https:\/\/www.novotek.com\/at\/industrie\/automotive\/#primaryimage","url":"https:\/\/www.novotek.com\/at\/wp-content\/uploads\/sites\/13\/Automotive.jpg.webp","contentUrl":"https:\/\/www.novotek.com\/at\/wp-content\/uploads\/sites\/13\/Automotive.jpg.webp","width":1920,"height":1080},{"@type":"BreadcrumbList","@id":"https:\/\/www.novotek.com\/at\/industrie\/automotive\/#breadcrumb","itemListElement":[{"@type":"ListItem","position":1,"name":"Home","item":"https:\/\/www.novotek.com\/at\/"},{"@type":"ListItem","position":2,"name":"Industrie","item":"https:\/\/www.novotek.com\/at\/industrie\/"},{"@type":"ListItem","position":3,"name":"Automotive"}]},{"@type":"WebSite","@id":"https:\/\/www.novotek.com\/at\/#website","url":"https:\/\/www.novotek.com\/at\/","name":"Novotek Switzerland","description":"Connect - Digitalize - Optimize","potentialAction":[{"@type":"SearchAction","target":{"@type":"EntryPoint","urlTemplate":"https:\/\/www.novotek.com\/at\/?s={search_term_string}"},"query-input":{"@type":"PropertyValueSpecification","valueRequired":true,"valueName":"search_term_string"}}],"inLanguage":"de-CH"}]}},"_links":{"self":[{"href":"https:\/\/www.novotek.com\/at\/wp-json\/wp\/v2\/pages\/2942","targetHints":{"allow":["GET"]}}],"collection":[{"href":"https:\/\/www.novotek.com\/at\/wp-json\/wp\/v2\/pages"}],"about":[{"href":"https:\/\/www.novotek.com\/at\/wp-json\/wp\/v2\/types\/page"}],"author":[{"embeddable":true,"href":"https:\/\/www.novotek.com\/at\/wp-json\/wp\/v2\/users\/15"}],"replies":[{"embeddable":true,"href":"https:\/\/www.novotek.com\/at\/wp-json\/wp\/v2\/comments?post=2942"}],"version-history":[{"count":56,"href":"https:\/\/www.novotek.com\/at\/wp-json\/wp\/v2\/pages\/2942\/revisions"}],"predecessor-version":[{"id":23987,"href":"https:\/\/www.novotek.com\/at\/wp-json\/wp\/v2\/pages\/2942\/revisions\/23987"}],"up":[{"embeddable":true,"href":"https:\/\/www.novotek.com\/at\/wp-json\/wp\/v2\/pages\/177"}],"wp:featuredmedia":[{"embeddable":true,"href":"https:\/\/www.novotek.com\/at\/wp-json\/wp\/v2\/media\/22272"}],"wp:attachment":[{"href":"https:\/\/www.novotek.com\/at\/wp-json\/wp\/v2\/media?parent=2942"}],"curies":[{"name":"wp","href":"https:\/\/api.w.org\/{rel}","templated":true}]}}