{"id":3129,"date":"2022-02-04T13:56:59","date_gmt":"2022-02-04T13:56:59","guid":{"rendered":"http:\/\/ch.novotek-multi.dev4.mildmedia-dev.eu\/industrie\/erdl-gas-und-chemikalien\/"},"modified":"2025-04-03T08:45:42","modified_gmt":"2025-04-03T08:45:42","slug":"chemie","status":"publish","type":"page","link":"https:\/\/www.novotek.com\/at\/industrie\/chemie\/","title":{"rendered":"Chemie &amp; Kunststoff"},"content":{"rendered":"  <div class=\"hero\">\n    <div class=\"carousel hero-slider small\" data-flickity data-flickity-options='{\"prevNextButtons\": false}'>\n              <div class=\"carousel-cell\">\n          <div class=\"container\">\n            <div class=\"hero-content\">\n                              <h1>Chemie &amp; Kunststoff<\/h1>\n<p>Skalierbare L\u00f6sungen f\u00fcr den Bereich Chemie &amp; Kunststoff bieten Ihnen ein nie da gewesenes Level an Transparenz und Vernetzung!<\/p>\n              \n                          <\/div>\n          <\/div>\n\n          <img decoding=\"async\" width=\"1024\" height=\"427\" src=\"https:\/\/www.novotek.com\/at\/wp-content\/uploads\/sites\/13\/Petrol_Chemicals_header_header1920x800-e1658496935901-1024x427.jpg.webp\" class=\"hero-bg\" alt=\"Hero Img\" fetchpriority=\"high\" srcset=\"https:\/\/www.novotek.com\/at\/wp-content\/uploads\/sites\/13\/Petrol_Chemicals_header_header1920x800-e1658496935901-1024x427.jpg.webp 1024w, https:\/\/www.novotek.com\/at\/wp-content\/uploads\/sites\/13\/Petrol_Chemicals_header_header1920x800-e1658496935901-300x125.jpg.webp 300w, https:\/\/www.novotek.com\/at\/wp-content\/uploads\/sites\/13\/Petrol_Chemicals_header_header1920x800-e1658496935901-768x320.jpg.webp 768w, https:\/\/www.novotek.com\/at\/wp-content\/uploads\/sites\/13\/Petrol_Chemicals_header_header1920x800-e1658496935901-1536x640.jpg.webp 1536w, https:\/\/www.novotek.com\/at\/wp-content\/uploads\/sites\/13\/Petrol_Chemicals_header_header1920x800-e1658496935901.jpg.webp 1920w\" sizes=\"(max-width: 1024px) 100vw, 1024px\" \/>                  <\/div>\n          <\/div>\n\n      <\/div>\n\n   \n\n\n<div class=\"container-md group  \">\n<div class=\"wp-block-group\"><div class=\"wp-block-group__inner-container is-layout-flow wp-block-group-is-layout-flow\"><div class=\"container-md paragraph  \">\n<p>Wenn Sie Ihre Anlagen und Maschinen effizient und nachhaltig optimieren m\u00f6chten, sind Sie bei uns goldrichtig! Skalierbare L\u00f6sungen f\u00fcr den Bereich Chemie &amp; Kunststoff bieten Ihnen ein nie da gewesenes Level an Transparenz und Vernetzung, um den Output zu steigern, zuverl\u00e4ssig Produkte in hoher Qualit\u00e4t zu liefern und Marktbegleitern einen Schritt voraus zu sein.<\/p>\n<\/div>\n\n<div class=\"container-md paragraph  \">\n<p>Spezielle L\u00f6sungen helfen Ihnen bei Energie- und Ressourcen- Optimierung!<\/p>\n<\/div>\n\n<div class=\"container-md paragraph  \">\n<p>Ein wichtiges Thema mit fortschreitender Digitalisierung ist auch die entsprechende Cyber Security Ihrer Produktionsanlagen. Auch hier ist Novotek Austria Ihr idealer Partner f\u00fcr <strong>sichere Digitalisierung.<\/strong><\/p>\n<\/div><\/div>\n<\/div><\/div>\n\n<div class=\"container-md spacer  \">\n<div style=\"height:50px\" aria-hidden=\"true\" class=\"wp-block-spacer\"><\/div>\n<\/div>\n\n<div class=\"posts-columns \">\n  <div class=\"container\">\n  <div class=\"row\">\n    <div class=\"col-12 col-md-4\">\n<article class=\"basic \">\n    <div class=\"image\">\n      <a href=\"https:\/\/www.novotek.com\/at\/dienstleistungen\/sabic-retrofit-fuer-die-digitale-zukunft\/\">\n                  <img loading=\"lazy\" decoding=\"async\" width=\"500\" height=\"333\" src=\"https:\/\/www.novotek.com\/at\/wp-content\/uploads\/sites\/13\/Titelbild-Sabic-1.jpg.webp\" class=\"attachment-post-thumbnail size-post-thumbnail wp-post-image\" alt=\"\" srcset=\"https:\/\/www.novotek.com\/at\/wp-content\/uploads\/sites\/13\/Titelbild-Sabic-1.jpg.webp 500w, https:\/\/www.novotek.com\/at\/wp-content\/uploads\/sites\/13\/Titelbild-Sabic-1-300x200.jpg.webp 300w, https:\/\/www.novotek.com\/at\/wp-content\/uploads\/sites\/13\/Titelbild-Sabic-1-86x57.jpg.webp 86w, https:\/\/www.novotek.com\/at\/wp-content\/uploads\/sites\/13\/Titelbild-Sabic-1-306x204.jpg.webp 306w\" sizes=\"auto, (max-width: 500px) 100vw, 500px\" \/>              <\/a>\n    <\/div>\n\n    <div>\n              <h4>Sabic &#8211; Retrofit f\u00fcr die digitale Zukunft<\/h4>\n      \n              <p>Das Wiener Neust\u00e4dter Werk der Sabic Innovative Plastics GmbH wurde 1976 als Cartoplast gegr\u00fcndet, 1984 durch GE Plastics erworben und 2007 von Sabic \u00fcbernommen. Am N\u00d6-Standort werden hochwertige Hohlkammerplatten aus Polycarbonat produziert.<\/p>\n      \n      <div>\n        <a href=\"https:\/\/www.novotek.com\/at\/dienstleistungen\/sabic-retrofit-fuer-die-digitale-zukunft\/\">\n          Weiterlesen        <\/a>\n      <\/div>\n    <\/div>\n<\/article>\n<\/div>  <\/div>\n\n  <\/div><\/div>\n","protected":false},"excerpt":{"rendered":"<p>Skalierbare L\u00f6sungen f\u00fcr den Bereich Chemie &amp; Kunststoff bieten Ihnen ein nie da gewesenes Level an Transparenz und Vernetzung!<\/p>\n","protected":false},"author":15,"featured_media":9049,"parent":177,"menu_order":5,"comment_status":"closed","ping_status":"closed","template":"","meta":{"_acf_changed":false,"_relevanssi_hide_post":"","_relevanssi_pin_for_all":"","_relevanssi_pin_keywords":"","_relevanssi_unpin_keywords":"","_relevanssi_related_keywords":"","_relevanssi_related_include_ids":"","_relevanssi_related_exclude_ids":"","_relevanssi_related_no_append":"","_relevanssi_related_not_related":"","_relevanssi_related_posts":"3200,3220,3208,3195,3216,3216","_relevanssi_noindex_reason":"","footnotes":""},"class_list":["post-3129","page","type-page","status-publish","has-post-thumbnail","hentry"],"acf":[],"yoast_head":"<!-- This site is optimized with the Yoast SEO plugin v27.4 - https:\/\/yoast.com\/product\/yoast-seo-wordpress\/ -->\n<title>Chemie &amp; Kunststoff - Novotek Austria<\/title>\n<meta name=\"description\" content=\"Skalierbare L\u00f6sungen f\u00fcr den Bereich Chemie &amp; Kunststoff bieten Ihnen ein nie da gewesenes Level an Transparenz und Vernetzung!\" \/>\n<meta name=\"robots\" content=\"index, follow, max-snippet:-1, max-image-preview:large, max-video-preview:-1\" \/>\n<link rel=\"canonical\" href=\"https:\/\/www.novotek.com\/at\/industrie\/chemie\/\" \/>\n<meta property=\"og:locale\" content=\"de_DE\" \/>\n<meta property=\"og:type\" content=\"article\" \/>\n<meta property=\"og:title\" content=\"Chemie &amp; Kunststoff - Novotek Austria\" \/>\n<meta property=\"og:description\" content=\"Skalierbare L\u00f6sungen f\u00fcr den Bereich Chemie &amp; Kunststoff bieten Ihnen ein nie da gewesenes Level an Transparenz und Vernetzung!\" \/>\n<meta property=\"og:url\" content=\"https:\/\/www.novotek.com\/at\/industrie\/chemie\/\" \/>\n<meta property=\"og:site_name\" content=\"Novotek Austria\" \/>\n<meta property=\"article:modified_time\" content=\"2025-04-03T08:45:42+00:00\" \/>\n<meta property=\"og:image\" content=\"https:\/\/www.novotek.com\/at\/wp-content\/uploads\/sites\/13\/Petrol_Chemicals_header_header1920x800-e1658496935901.jpg.webp\" \/>\n\t<meta property=\"og:image:width\" content=\"1920\" \/>\n\t<meta property=\"og:image:height\" content=\"800\" \/>\n\t<meta property=\"og:image:type\" content=\"image\/jpeg\" \/>\n<meta name=\"twitter:card\" content=\"summary_large_image\" \/>\n<meta name=\"twitter:label1\" content=\"Gesch\u00e4tzte Lesezeit\" \/>\n\t<meta name=\"twitter:data1\" content=\"1\u00a0Minute\" \/>\n<script type=\"application\/ld+json\" class=\"yoast-schema-graph\">{\"@context\":\"https:\\\/\\\/schema.org\",\"@graph\":[{\"@type\":\"WebPage\",\"@id\":\"https:\\\/\\\/www.novotek.com\\\/at\\\/industrie\\\/chemie\\\/\",\"url\":\"https:\\\/\\\/www.novotek.com\\\/at\\\/industrie\\\/chemie\\\/\",\"name\":\"Chemie &amp; Kunststoff - Novotek Austria\",\"isPartOf\":{\"@id\":\"https:\\\/\\\/www.novotek.com\\\/at\\\/#website\"},\"primaryImageOfPage\":{\"@id\":\"https:\\\/\\\/www.novotek.com\\\/at\\\/industrie\\\/chemie\\\/#primaryimage\"},\"image\":{\"@id\":\"https:\\\/\\\/www.novotek.com\\\/at\\\/industrie\\\/chemie\\\/#primaryimage\"},\"thumbnailUrl\":\"https:\\\/\\\/www.novotek.com\\\/at\\\/wp-content\\\/uploads\\\/sites\\\/13\\\/Petrol_Chemicals_header_header1920x800-e1658496935901.jpg.webp\",\"datePublished\":\"2022-02-04T13:56:59+00:00\",\"dateModified\":\"2025-04-03T08:45:42+00:00\",\"description\":\"Skalierbare L\u00f6sungen f\u00fcr den Bereich Chemie & Kunststoff bieten Ihnen ein nie da gewesenes Level an Transparenz und Vernetzung!\",\"breadcrumb\":{\"@id\":\"https:\\\/\\\/www.novotek.com\\\/at\\\/industrie\\\/chemie\\\/#breadcrumb\"},\"inLanguage\":\"de-CH\",\"potentialAction\":[{\"@type\":\"ReadAction\",\"target\":[\"https:\\\/\\\/www.novotek.com\\\/at\\\/industrie\\\/chemie\\\/\"]}]},{\"@type\":\"ImageObject\",\"inLanguage\":\"de-CH\",\"@id\":\"https:\\\/\\\/www.novotek.com\\\/at\\\/industrie\\\/chemie\\\/#primaryimage\",\"url\":\"https:\\\/\\\/www.novotek.com\\\/at\\\/wp-content\\\/uploads\\\/sites\\\/13\\\/Petrol_Chemicals_header_header1920x800-e1658496935901.jpg.webp\",\"contentUrl\":\"https:\\\/\\\/www.novotek.com\\\/at\\\/wp-content\\\/uploads\\\/sites\\\/13\\\/Petrol_Chemicals_header_header1920x800-e1658496935901.jpg.webp\",\"width\":1920,\"height\":800},{\"@type\":\"BreadcrumbList\",\"@id\":\"https:\\\/\\\/www.novotek.com\\\/at\\\/industrie\\\/chemie\\\/#breadcrumb\",\"itemListElement\":[{\"@type\":\"ListItem\",\"position\":1,\"name\":\"Home\",\"item\":\"https:\\\/\\\/www.novotek.com\\\/at\\\/\"},{\"@type\":\"ListItem\",\"position\":2,\"name\":\"Industrie\",\"item\":\"https:\\\/\\\/www.novotek.com\\\/at\\\/industrie\\\/\"},{\"@type\":\"ListItem\",\"position\":3,\"name\":\"Chemie &amp; Kunststoff\"}]},{\"@type\":\"WebSite\",\"@id\":\"https:\\\/\\\/www.novotek.com\\\/at\\\/#website\",\"url\":\"https:\\\/\\\/www.novotek.com\\\/at\\\/\",\"name\":\"Novotek Switzerland\",\"description\":\"Connect - Digitalize - Optimize\",\"potentialAction\":[{\"@type\":\"SearchAction\",\"target\":{\"@type\":\"EntryPoint\",\"urlTemplate\":\"https:\\\/\\\/www.novotek.com\\\/at\\\/?s={search_term_string}\"},\"query-input\":{\"@type\":\"PropertyValueSpecification\",\"valueRequired\":true,\"valueName\":\"search_term_string\"}}],\"inLanguage\":\"de-CH\"}]}<\/script>\n<!-- \/ Yoast SEO plugin. -->","yoast_head_json":{"title":"Chemie &amp; Kunststoff - Novotek Austria","description":"Skalierbare L\u00f6sungen f\u00fcr den Bereich Chemie & Kunststoff bieten Ihnen ein nie da gewesenes Level an Transparenz und Vernetzung!","robots":{"index":"index","follow":"follow","max-snippet":"max-snippet:-1","max-image-preview":"max-image-preview:large","max-video-preview":"max-video-preview:-1"},"canonical":"https:\/\/www.novotek.com\/at\/industrie\/chemie\/","og_locale":"de_DE","og_type":"article","og_title":"Chemie &amp; Kunststoff - Novotek Austria","og_description":"Skalierbare L\u00f6sungen f\u00fcr den Bereich Chemie & Kunststoff bieten Ihnen ein nie da gewesenes Level an Transparenz und Vernetzung!","og_url":"https:\/\/www.novotek.com\/at\/industrie\/chemie\/","og_site_name":"Novotek Austria","article_modified_time":"2025-04-03T08:45:42+00:00","og_image":[{"width":1920,"height":800,"url":"https:\/\/www.novotek.com\/at\/wp-content\/uploads\/sites\/13\/Petrol_Chemicals_header_header1920x800-e1658496935901.jpg.webp","type":"image\/jpeg"}],"twitter_card":"summary_large_image","twitter_misc":{"Gesch\u00e4tzte Lesezeit":"1\u00a0Minute"},"schema":{"@context":"https:\/\/schema.org","@graph":[{"@type":"WebPage","@id":"https:\/\/www.novotek.com\/at\/industrie\/chemie\/","url":"https:\/\/www.novotek.com\/at\/industrie\/chemie\/","name":"Chemie &amp; Kunststoff - Novotek Austria","isPartOf":{"@id":"https:\/\/www.novotek.com\/at\/#website"},"primaryImageOfPage":{"@id":"https:\/\/www.novotek.com\/at\/industrie\/chemie\/#primaryimage"},"image":{"@id":"https:\/\/www.novotek.com\/at\/industrie\/chemie\/#primaryimage"},"thumbnailUrl":"https:\/\/www.novotek.com\/at\/wp-content\/uploads\/sites\/13\/Petrol_Chemicals_header_header1920x800-e1658496935901.jpg.webp","datePublished":"2022-02-04T13:56:59+00:00","dateModified":"2025-04-03T08:45:42+00:00","description":"Skalierbare L\u00f6sungen f\u00fcr den Bereich Chemie & Kunststoff bieten Ihnen ein nie da gewesenes Level an Transparenz und Vernetzung!","breadcrumb":{"@id":"https:\/\/www.novotek.com\/at\/industrie\/chemie\/#breadcrumb"},"inLanguage":"de-CH","potentialAction":[{"@type":"ReadAction","target":["https:\/\/www.novotek.com\/at\/industrie\/chemie\/"]}]},{"@type":"ImageObject","inLanguage":"de-CH","@id":"https:\/\/www.novotek.com\/at\/industrie\/chemie\/#primaryimage","url":"https:\/\/www.novotek.com\/at\/wp-content\/uploads\/sites\/13\/Petrol_Chemicals_header_header1920x800-e1658496935901.jpg.webp","contentUrl":"https:\/\/www.novotek.com\/at\/wp-content\/uploads\/sites\/13\/Petrol_Chemicals_header_header1920x800-e1658496935901.jpg.webp","width":1920,"height":800},{"@type":"BreadcrumbList","@id":"https:\/\/www.novotek.com\/at\/industrie\/chemie\/#breadcrumb","itemListElement":[{"@type":"ListItem","position":1,"name":"Home","item":"https:\/\/www.novotek.com\/at\/"},{"@type":"ListItem","position":2,"name":"Industrie","item":"https:\/\/www.novotek.com\/at\/industrie\/"},{"@type":"ListItem","position":3,"name":"Chemie &amp; Kunststoff"}]},{"@type":"WebSite","@id":"https:\/\/www.novotek.com\/at\/#website","url":"https:\/\/www.novotek.com\/at\/","name":"Novotek Switzerland","description":"Connect - Digitalize - Optimize","potentialAction":[{"@type":"SearchAction","target":{"@type":"EntryPoint","urlTemplate":"https:\/\/www.novotek.com\/at\/?s={search_term_string}"},"query-input":{"@type":"PropertyValueSpecification","valueRequired":true,"valueName":"search_term_string"}}],"inLanguage":"de-CH"}]}},"_links":{"self":[{"href":"https:\/\/www.novotek.com\/at\/wp-json\/wp\/v2\/pages\/3129","targetHints":{"allow":["GET"]}}],"collection":[{"href":"https:\/\/www.novotek.com\/at\/wp-json\/wp\/v2\/pages"}],"about":[{"href":"https:\/\/www.novotek.com\/at\/wp-json\/wp\/v2\/types\/page"}],"author":[{"embeddable":true,"href":"https:\/\/www.novotek.com\/at\/wp-json\/wp\/v2\/users\/15"}],"replies":[{"embeddable":true,"href":"https:\/\/www.novotek.com\/at\/wp-json\/wp\/v2\/comments?post=3129"}],"version-history":[{"count":41,"href":"https:\/\/www.novotek.com\/at\/wp-json\/wp\/v2\/pages\/3129\/revisions"}],"predecessor-version":[{"id":22821,"href":"https:\/\/www.novotek.com\/at\/wp-json\/wp\/v2\/pages\/3129\/revisions\/22821"}],"up":[{"embeddable":true,"href":"https:\/\/www.novotek.com\/at\/wp-json\/wp\/v2\/pages\/177"}],"wp:featuredmedia":[{"embeddable":true,"href":"https:\/\/www.novotek.com\/at\/wp-json\/wp\/v2\/media\/9049"}],"wp:attachment":[{"href":"https:\/\/www.novotek.com\/at\/wp-json\/wp\/v2\/media?parent=3129"}],"curies":[{"name":"wp","href":"https:\/\/api.w.org\/{rel}","templated":true}]}}