{"id":3145,"date":"2022-02-04T13:57:27","date_gmt":"2022-02-04T13:57:27","guid":{"rendered":"http:\/\/ch.novotek-multi.dev4.mildmedia-dev.eu\/ber-uns\/"},"modified":"2025-06-25T08:26:19","modified_gmt":"2025-06-25T08:26:19","slug":"novotek-austria","status":"publish","type":"page","link":"https:\/\/www.novotek.com\/at\/novotek-austria\/","title":{"rendered":"Novotek Austria"},"content":{"rendered":"  <div class=\"hero\">\n    <div class=\"carousel hero-slider small\" data-flickity data-flickity-options='{\"prevNextButtons\": false}'>\n              <div class=\"carousel-cell\">\n          <div class=\"container\">\n            <div class=\"hero-content\">\n                              <h1>Novotek Austria GmbH<\/h1>\n<p>Unser Antrieb ist es, unseren Kunden dabei zu helfen, innovative Produkte und L\u00f6sungen einzusetzen, um ihre industriellen Prozesse zu verbinden, zu digitalisieren und zu optimieren.<\/p>\n              \n                          <\/div>\n          <\/div>\n\n          <img decoding=\"async\" width=\"1024\" height=\"427\" src=\"https:\/\/www.novotek.com\/at\/wp-content\/uploads\/sites\/13\/novotek-switzerland-1290x800-1-1024x427.jpg.webp\" class=\"hero-bg\" alt=\"Hero Img\" fetchpriority=\"high\" srcset=\"https:\/\/www.novotek.com\/at\/wp-content\/uploads\/sites\/13\/novotek-switzerland-1290x800-1-1024x427.jpg.webp 1024w, https:\/\/www.novotek.com\/at\/wp-content\/uploads\/sites\/13\/novotek-switzerland-1290x800-1-300x125.jpg.webp 300w, https:\/\/www.novotek.com\/at\/wp-content\/uploads\/sites\/13\/novotek-switzerland-1290x800-1-768x320.jpg.webp 768w, https:\/\/www.novotek.com\/at\/wp-content\/uploads\/sites\/13\/novotek-switzerland-1290x800-1-1536x640.jpg.webp 1536w, https:\/\/www.novotek.com\/at\/wp-content\/uploads\/sites\/13\/novotek-switzerland-1290x800-1.jpg.webp 1920w\" sizes=\"(max-width: 1024px) 100vw, 1024px\" \/>                  <\/div>\n          <\/div>\n\n      <\/div>\n\n   \n\n\n<div class=\"container media-text  alignwide\">\n<div class=\"wp-block-media-text alignwide has-media-on-the-right is-stacked-on-mobile is-vertically-aligned-top\" style=\"grid-template-columns:auto 41%\"><div class=\"wp-block-media-text__content\"><div class=\"container-md heading  \">\n<h2 class=\"wp-block-heading\">Novotek Austria: Unsere Geschichte &#8211; bew\u00e4hrte Kompetenz seit 1995<\/h2>\n<\/div>\n\n<div class=\"container-md paragraph  \">\n<p>Seit unserer Gr\u00fcndung im Jahr 1995 ist Novotek Austria ein verl\u00e4sslicher Partner f\u00fcr den \u00f6sterreichischen Markt im Bereich Automatisierung, Factory IT, Digitalisierung und Analytik. Unser Ziel ist es, f\u00fcr jede Anforderung die perfekte Mischung aus Hardware, Software und Know-how bereitzustellen. Mittlerweile sind wir auf 20 MitarbeiterInnen an drei Standorten gewachsen. Wir bieten L\u00f6sungen von standardisierten All-in-One-Paketen bis zu anspruchsvollen Industrie 4.0 Gesamtkonzepten.<\/p>\n<\/div><\/div><figure class=\"wp-block-media-text__media\"><img loading=\"lazy\" decoding=\"async\" width=\"798\" height=\"1024\" src=\"https:\/\/www.novotek.com\/at\/wp-content\/uploads\/sites\/13\/\/2025-map-europe-red-grey-798x1024.jpg\" alt=\"\" class=\"wp-image-22338 size-full\" srcset=\"https:\/\/www.novotek.com\/at\/wp-content\/uploads\/sites\/13\/2025-map-europe-red-grey-798x1024.jpg 798w, https:\/\/www.novotek.com\/at\/wp-content\/uploads\/sites\/13\/2025-map-europe-red-grey-234x300.jpg 234w, https:\/\/www.novotek.com\/at\/wp-content\/uploads\/sites\/13\/2025-map-europe-red-grey-768x986.jpg 768w, https:\/\/www.novotek.com\/at\/wp-content\/uploads\/sites\/13\/2025-map-europe-red-grey-1197x1536.jpg 1197w, https:\/\/www.novotek.com\/at\/wp-content\/uploads\/sites\/13\/2025-map-europe-red-grey-1596x2048.jpg 1596w, https:\/\/www.novotek.com\/at\/wp-content\/uploads\/sites\/13\/2025-map-europe-red-grey-67x86.jpg 67w, https:\/\/www.novotek.com\/at\/wp-content\/uploads\/sites\/13\/2025-map-europe-red-grey-279x358.jpg 279w, https:\/\/www.novotek.com\/at\/wp-content\/uploads\/sites\/13\/2025-map-europe-red-grey-577x740.jpg 577w, https:\/\/www.novotek.com\/at\/wp-content\/uploads\/sites\/13\/2025-map-europe-red-grey-1271x1632.jpg 1271w, https:\/\/www.novotek.com\/at\/wp-content\/uploads\/sites\/13\/2025-map-europe-red-grey.jpg 1809w\" sizes=\"auto, (max-width: 798px) 100vw, 798px\" \/><\/figure><\/div>\n<\/div>\n\n<div class=\"container-md spacer  \">\n<div style=\"height:50px\" aria-hidden=\"true\" class=\"wp-block-spacer\"><\/div>\n<\/div>\n\n<div class=\"container-md heading  \">\n<h2 class=\"wp-block-heading\">Die Novotek Gruppe<\/h2>\n<\/div>\n\n<div class=\"container-md paragraph  \">\n<p>Die Novotek Gruppe, mit Hauptsitz in Malm\u00f6, Schweden, ist seit \u00fcber 30 Jahren ein f\u00fchrender Anbieter in der Industrie- und Prozessautomatisierung. Mit mehr als 200 SpezialistInnen ist die Novotek Gruppe im Nord-Westen Europas vertreten. Darunter z\u00e4hlen L\u00e4nder wie Schweden, Norwegen, D\u00e4nemark, Finnland, Gro\u00dfbritannien, Irland, Belgien, die Niederlande, Schweiz, Deutschland, Frankreich und nun auch \u00d6sterreich. Diese umfassende Pr\u00e4senz und das Wissen der Gruppe er\u00f6ffnen Ihnen Zugang zu global bew\u00e4hrten L\u00f6sungen f\u00fcr die Digitalisierung und Optimierung industrieller Prozesse.<\/p>\n<\/div>\n\n<div class=\"container-md spacer  \">\n<div style=\"height:100px\" aria-hidden=\"true\" class=\"wp-block-spacer\"><\/div>\n<\/div>\n\n<div class=\"container-md heading  \">\n<h2 class=\"wp-block-heading\">Unser Portfolio<\/h2>\n<\/div>\n\n<div class=\"container-md paragraph  \">\n<p>Als Novotek Austria bieten wir Ihnen nun, neben den bekannten Produkten und L\u00f6sungen von <strong>EXOR, Emerson<\/strong> und <strong>GE Vernova<\/strong>, auch den Zugang zu innovativen L\u00f6sungen wie <strong>PTC Kepware<\/strong> und <strong>HighByte IntelligenceHub.<\/strong><\/p>\n<\/div>\n\n<div class=\"container-md paragraph  \">\n<p><a href=\"https:\/\/www.novotek.com\/at\/ot-it-cloud-konnektivitaet-dataops\/konnektivitaets-und-kommunikationsplattform\/\">PTC Kepware<\/a> ist f\u00fchrend in der Industrie-Konnektivit\u00e4t. Kepware erm\u00f6glicht eine reibungslose Verbindung Ihrer Maschinen und Systeme \u2013 unabh\u00e4ngig von Herstellern und Protokollen.<\/p>\n<\/div>\n\n<div class=\"container-md paragraph  \">\n<p><a href=\"https:\/\/www.novotek.com\/at\/ot-it-cloud-konnektivitaet-dataops\/highbyte-intelligence-hub-dataops-loesung\/\">HighByte IntelligenceHub<\/a> hingegen bringt mit einer IIoT-Datenplattform einen neuen Standard f\u00fcr die Datenaufbereitung und -integration. Ihre digitalen Systeme werden zuverl\u00e4ssig versorgt und so die Prozessoptimierung vereinfacht.<\/p>\n<\/div>\n\n<div class=\"container-md paragraph  \">\n<p>Dar\u00fcber hinaus legen wir gro\u00dfen Wert auf pers\u00f6nliche Beratung und individuelle Betreuung. Durch unsere langj\u00e4hrige Erfahrung und N\u00e4he zur \u00f6sterreichischen Industrie verstehen wir die Herausforderungen unserer Kunden und erarbeiten gemeinsam ma\u00dfgeschneiderte L\u00f6sungen \u2013 flexibel, praxisnah und zukunftsorientiert.<\/p>\n<\/div>\n\n<div class=\"container-md paragraph  \">\n<p>F\u00fcr Fragen und weitere Informationen stehen wir Ihnen jederzeit zur Verf\u00fcgung \u2013 sprechen Sie uns an!<\/p>\n<\/div>\n\n<div class=\"container-md spacer  \">\n<div style=\"height:50px\" aria-hidden=\"true\" class=\"wp-block-spacer\"><\/div>\n<\/div>\n\n  <div class=\"slider-column-parent\">\n    <div class=\"container\">\n      <div class=\"slider-column-title\">Novotek Austria GmbH<\/div>\n\n      <div class=\"slider-column\">\n        <div class=\"slider-cell carousel-cell large\"><div class=\"column-box\">\n  \n      <div class=\"title\">\n      Unsere Lieferanten    <\/div>\n  \n      <div class=\"text\">\n      <p>Sehen Sie, mit welchen Lieferanten wir zusammenarbeiten und welche Produkte wir vertreiben.<\/p>\n    <\/div>\n  \n      <a class=\"link\"  href=\"https:\/\/www.novotek.com\/at\/ueber-uns\/unsere-partner\/\" target=\"\">\n      mehr erfahren    <\/a>\n  \n  <\/div>\n\n<\/div><div class=\"slider-cell carousel-cell large\"><div class=\"column-box\">\n  \n      <div class=\"title\">\n      Kontaktieren Sie uns    <\/div>\n  \n      <div class=\"text\">\n      <p>Wir sind Spezialisten f\u00fcr industrielle L\u00f6sungen und stehen Ihnen zur Seite, wenn es um die Optimierung Ihrer Produktion geht.<\/p>\n    <\/div>\n  \n      <a class=\"link\"  href=\"https:\/\/www.novotek.com\/at\/kontakt\/\" target=\"\">\n      mehr erfahren    <\/a>\n  \n  <\/div>\n\n<\/div><div class=\"slider-cell carousel-cell large\"><div class=\"column-box\">\n  \n      <div class=\"title\">\n      Novotek Group\/IR    <\/div>\n  \n      <div class=\"text\">\n      <p>Dar\u00fcber hinaus legen wir gro\u00dfen Wert auf pers\u00f6nliche Beratung und individuelle Betreuung. Durch unsere langj\u00e4hrige Erfahrung und N\u00e4he zur \u00f6sterreichischen Industrie verstehen wir die Herausforderungen unserer Kunden und erarbeiten gemeinsam ma\u00dfgeschneiderte L\u00f6sungen \u2013 flexibel, praxisnah und zukunftsorientiert.Erfahren Sie mehr \u00fcber die Novotek Group &#8211; Werte, Unternehmenskonzept und Strategie.<\/p>\n    <\/div>\n  \n      <a class=\"link\"  href=\"https:\/\/www.novotek.com\/\" target=\"\">\n      mehr erfahren    <\/a>\n  \n  <\/div>\n\n<\/div>      <\/div>\n    <\/div>\n  <\/div>\n","protected":false},"excerpt":{"rendered":"<p>Unser Antrieb ist es, unseren Kunden dabei zu helfen, innovative Produkte und L\u00f6sungen einzusetzen, um ihre industriellen Prozesse zu verbinden, zu digitalisieren und zu optimieren.<\/p>\n","protected":false},"author":8,"featured_media":24106,"parent":0,"menu_order":6,"comment_status":"closed","ping_status":"closed","template":"","meta":{"_acf_changed":false,"_relevanssi_hide_post":"","_relevanssi_pin_for_all":"","_relevanssi_pin_keywords":"","_relevanssi_unpin_keywords":"","_relevanssi_related_keywords":"","_relevanssi_related_include_ids":"","_relevanssi_related_exclude_ids":"","_relevanssi_related_no_append":"","_relevanssi_related_not_related":"","_relevanssi_related_posts":"3195,3220,3208,3208,3200,3195","_relevanssi_noindex_reason":"","footnotes":""},"class_list":["post-3145","page","type-page","status-publish","has-post-thumbnail","hentry"],"acf":[],"yoast_head":"<!-- This site is optimized with the Yoast SEO plugin v27.4 - https:\/\/yoast.com\/product\/yoast-seo-wordpress\/ -->\n<title>\u00dcber Novotek Austria<\/title>\n<meta name=\"description\" content=\"Novotek Austria \u00b4s innovative Produkte und L\u00f6sungen helfen dabei, industrielle Prozesse zu verbinden, zu digitalisieren und zu optimieren.\" \/>\n<meta name=\"robots\" content=\"index, follow, max-snippet:-1, max-image-preview:large, max-video-preview:-1\" \/>\n<link rel=\"canonical\" href=\"https:\/\/www.novotek.com\/at\/novotek-austria\/\" \/>\n<meta property=\"og:locale\" content=\"de_DE\" \/>\n<meta property=\"og:type\" content=\"article\" \/>\n<meta property=\"og:title\" content=\"\u00dcber Novotek Austria\" \/>\n<meta property=\"og:description\" content=\"Novotek Austria \u00b4s innovative Produkte und L\u00f6sungen helfen dabei, industrielle Prozesse zu verbinden, zu digitalisieren und zu optimieren.\" \/>\n<meta property=\"og:url\" content=\"https:\/\/www.novotek.com\/at\/novotek-austria\/\" \/>\n<meta property=\"og:site_name\" content=\"Novotek Austria\" \/>\n<meta property=\"article:modified_time\" content=\"2025-06-25T08:26:19+00:00\" \/>\n<meta property=\"og:image\" content=\"https:\/\/www.novotek.com\/at\/wp-content\/uploads\/sites\/13\/Ueber-uns.jpg.webp\" \/>\n\t<meta property=\"og:image:width\" content=\"392\" \/>\n\t<meta property=\"og:image:height\" content=\"281\" \/>\n\t<meta property=\"og:image:type\" content=\"image\/jpeg\" \/>\n<meta name=\"twitter:card\" content=\"summary_large_image\" \/>\n<meta name=\"twitter:label1\" content=\"Gesch\u00e4tzte Lesezeit\" \/>\n\t<meta name=\"twitter:data1\" content=\"2\u00a0Minuten\" \/>\n<script type=\"application\/ld+json\" class=\"yoast-schema-graph\">{\"@context\":\"https:\\\/\\\/schema.org\",\"@graph\":[{\"@type\":\"WebPage\",\"@id\":\"https:\\\/\\\/www.novotek.com\\\/at\\\/novotek-austria\\\/\",\"url\":\"https:\\\/\\\/www.novotek.com\\\/at\\\/novotek-austria\\\/\",\"name\":\"\u00dcber Novotek Austria\",\"isPartOf\":{\"@id\":\"https:\\\/\\\/www.novotek.com\\\/at\\\/#website\"},\"primaryImageOfPage\":{\"@id\":\"https:\\\/\\\/www.novotek.com\\\/at\\\/novotek-austria\\\/#primaryimage\"},\"image\":{\"@id\":\"https:\\\/\\\/www.novotek.com\\\/at\\\/novotek-austria\\\/#primaryimage\"},\"thumbnailUrl\":\"https:\\\/\\\/www.novotek.com\\\/at\\\/wp-content\\\/uploads\\\/sites\\\/13\\\/Ueber-uns.jpg.webp\",\"datePublished\":\"2022-02-04T13:57:27+00:00\",\"dateModified\":\"2025-06-25T08:26:19+00:00\",\"description\":\"Novotek Austria \u00b4s innovative Produkte und L\u00f6sungen helfen dabei, industrielle Prozesse zu verbinden, zu digitalisieren und zu optimieren.\",\"breadcrumb\":{\"@id\":\"https:\\\/\\\/www.novotek.com\\\/at\\\/novotek-austria\\\/#breadcrumb\"},\"inLanguage\":\"de-CH\",\"potentialAction\":[{\"@type\":\"ReadAction\",\"target\":[\"https:\\\/\\\/www.novotek.com\\\/at\\\/novotek-austria\\\/\"]}]},{\"@type\":\"ImageObject\",\"inLanguage\":\"de-CH\",\"@id\":\"https:\\\/\\\/www.novotek.com\\\/at\\\/novotek-austria\\\/#primaryimage\",\"url\":\"https:\\\/\\\/www.novotek.com\\\/at\\\/wp-content\\\/uploads\\\/sites\\\/13\\\/Ueber-uns.jpg.webp\",\"contentUrl\":\"https:\\\/\\\/www.novotek.com\\\/at\\\/wp-content\\\/uploads\\\/sites\\\/13\\\/Ueber-uns.jpg.webp\",\"width\":392,\"height\":281},{\"@type\":\"BreadcrumbList\",\"@id\":\"https:\\\/\\\/www.novotek.com\\\/at\\\/novotek-austria\\\/#breadcrumb\",\"itemListElement\":[{\"@type\":\"ListItem\",\"position\":1,\"name\":\"Home\",\"item\":\"https:\\\/\\\/www.novotek.com\\\/at\\\/\"},{\"@type\":\"ListItem\",\"position\":2,\"name\":\"Novotek Austria\"}]},{\"@type\":\"WebSite\",\"@id\":\"https:\\\/\\\/www.novotek.com\\\/at\\\/#website\",\"url\":\"https:\\\/\\\/www.novotek.com\\\/at\\\/\",\"name\":\"Novotek Switzerland\",\"description\":\"Connect - Digitalize - Optimize\",\"potentialAction\":[{\"@type\":\"SearchAction\",\"target\":{\"@type\":\"EntryPoint\",\"urlTemplate\":\"https:\\\/\\\/www.novotek.com\\\/at\\\/?s={search_term_string}\"},\"query-input\":{\"@type\":\"PropertyValueSpecification\",\"valueRequired\":true,\"valueName\":\"search_term_string\"}}],\"inLanguage\":\"de-CH\"}]}<\/script>\n<!-- \/ Yoast SEO plugin. -->","yoast_head_json":{"title":"\u00dcber Novotek Austria","description":"Novotek Austria \u00b4s innovative Produkte und L\u00f6sungen helfen dabei, industrielle Prozesse zu verbinden, zu digitalisieren und zu optimieren.","robots":{"index":"index","follow":"follow","max-snippet":"max-snippet:-1","max-image-preview":"max-image-preview:large","max-video-preview":"max-video-preview:-1"},"canonical":"https:\/\/www.novotek.com\/at\/novotek-austria\/","og_locale":"de_DE","og_type":"article","og_title":"\u00dcber Novotek Austria","og_description":"Novotek Austria \u00b4s innovative Produkte und L\u00f6sungen helfen dabei, industrielle Prozesse zu verbinden, zu digitalisieren und zu optimieren.","og_url":"https:\/\/www.novotek.com\/at\/novotek-austria\/","og_site_name":"Novotek Austria","article_modified_time":"2025-06-25T08:26:19+00:00","og_image":[{"width":392,"height":281,"url":"https:\/\/www.novotek.com\/at\/wp-content\/uploads\/sites\/13\/Ueber-uns.jpg.webp","type":"image\/jpeg"}],"twitter_card":"summary_large_image","twitter_misc":{"Gesch\u00e4tzte Lesezeit":"2\u00a0Minuten"},"schema":{"@context":"https:\/\/schema.org","@graph":[{"@type":"WebPage","@id":"https:\/\/www.novotek.com\/at\/novotek-austria\/","url":"https:\/\/www.novotek.com\/at\/novotek-austria\/","name":"\u00dcber Novotek Austria","isPartOf":{"@id":"https:\/\/www.novotek.com\/at\/#website"},"primaryImageOfPage":{"@id":"https:\/\/www.novotek.com\/at\/novotek-austria\/#primaryimage"},"image":{"@id":"https:\/\/www.novotek.com\/at\/novotek-austria\/#primaryimage"},"thumbnailUrl":"https:\/\/www.novotek.com\/at\/wp-content\/uploads\/sites\/13\/Ueber-uns.jpg.webp","datePublished":"2022-02-04T13:57:27+00:00","dateModified":"2025-06-25T08:26:19+00:00","description":"Novotek Austria \u00b4s innovative Produkte und L\u00f6sungen helfen dabei, industrielle Prozesse zu verbinden, zu digitalisieren und zu optimieren.","breadcrumb":{"@id":"https:\/\/www.novotek.com\/at\/novotek-austria\/#breadcrumb"},"inLanguage":"de-CH","potentialAction":[{"@type":"ReadAction","target":["https:\/\/www.novotek.com\/at\/novotek-austria\/"]}]},{"@type":"ImageObject","inLanguage":"de-CH","@id":"https:\/\/www.novotek.com\/at\/novotek-austria\/#primaryimage","url":"https:\/\/www.novotek.com\/at\/wp-content\/uploads\/sites\/13\/Ueber-uns.jpg.webp","contentUrl":"https:\/\/www.novotek.com\/at\/wp-content\/uploads\/sites\/13\/Ueber-uns.jpg.webp","width":392,"height":281},{"@type":"BreadcrumbList","@id":"https:\/\/www.novotek.com\/at\/novotek-austria\/#breadcrumb","itemListElement":[{"@type":"ListItem","position":1,"name":"Home","item":"https:\/\/www.novotek.com\/at\/"},{"@type":"ListItem","position":2,"name":"Novotek Austria"}]},{"@type":"WebSite","@id":"https:\/\/www.novotek.com\/at\/#website","url":"https:\/\/www.novotek.com\/at\/","name":"Novotek Switzerland","description":"Connect - Digitalize - Optimize","potentialAction":[{"@type":"SearchAction","target":{"@type":"EntryPoint","urlTemplate":"https:\/\/www.novotek.com\/at\/?s={search_term_string}"},"query-input":{"@type":"PropertyValueSpecification","valueRequired":true,"valueName":"search_term_string"}}],"inLanguage":"de-CH"}]}},"_links":{"self":[{"href":"https:\/\/www.novotek.com\/at\/wp-json\/wp\/v2\/pages\/3145","targetHints":{"allow":["GET"]}}],"collection":[{"href":"https:\/\/www.novotek.com\/at\/wp-json\/wp\/v2\/pages"}],"about":[{"href":"https:\/\/www.novotek.com\/at\/wp-json\/wp\/v2\/types\/page"}],"author":[{"embeddable":true,"href":"https:\/\/www.novotek.com\/at\/wp-json\/wp\/v2\/users\/8"}],"replies":[{"embeddable":true,"href":"https:\/\/www.novotek.com\/at\/wp-json\/wp\/v2\/comments?post=3145"}],"version-history":[{"count":77,"href":"https:\/\/www.novotek.com\/at\/wp-json\/wp\/v2\/pages\/3145\/revisions"}],"predecessor-version":[{"id":25515,"href":"https:\/\/www.novotek.com\/at\/wp-json\/wp\/v2\/pages\/3145\/revisions\/25515"}],"wp:featuredmedia":[{"embeddable":true,"href":"https:\/\/www.novotek.com\/at\/wp-json\/wp\/v2\/media\/24106"}],"wp:attachment":[{"href":"https:\/\/www.novotek.com\/at\/wp-json\/wp\/v2\/media?parent=3145"}],"curies":[{"name":"wp","href":"https:\/\/api.w.org\/{rel}","templated":true}]}}