{"id":6669,"date":"2022-06-13T13:50:22","date_gmt":"2022-06-13T13:50:22","guid":{"rendered":"http:\/\/ch.novotek-multi.dev4.mildmedia-dev.eu\/?page_id=6669"},"modified":"2023-09-01T12:39:27","modified_gmt":"2023-09-01T12:39:27","slug":"support-anfrage","status":"publish","type":"page","link":"https:\/\/www.novotek.com\/at\/dienstleistungen\/technischer-support\/support-anfrage\/","title":{"rendered":"Support-Anfrage"},"content":{"rendered":"  <div class=\"hero\">\n    <div class=\"carousel hero-slider small\" data-flickity data-flickity-options='{\"prevNextButtons\": false}'>\n              <div class=\"carousel-cell\">\n          <div class=\"container\">\n            <div class=\"hero-content\">\n                              <h1><strong>Wie k\u00f6nnen wir Ihnen helfen?\u00a0<\/strong><\/h1>\n<p><strong>Unser Support-Team hilft Ihnen gerne weiter.<\/strong><\/p>\n              \n                          <\/div>\n          <\/div>\n\n          <img decoding=\"async\" width=\"1024\" height=\"427\" src=\"https:\/\/www.novotek.com\/at\/wp-content\/uploads\/sites\/13\/Novotek-Subscription-Image_1920x800px_NEW-1024x427.jpg.webp\" class=\"hero-bg\" alt=\"Hero Img\" fetchpriority=\"high\" srcset=\"https:\/\/www.novotek.com\/at\/wp-content\/uploads\/sites\/13\/Novotek-Subscription-Image_1920x800px_NEW-1024x427.jpg.webp 1024w, https:\/\/www.novotek.com\/at\/wp-content\/uploads\/sites\/13\/Novotek-Subscription-Image_1920x800px_NEW-300x125.jpg.webp 300w, https:\/\/www.novotek.com\/at\/wp-content\/uploads\/sites\/13\/Novotek-Subscription-Image_1920x800px_NEW-768x320.jpg.webp 768w, https:\/\/www.novotek.com\/at\/wp-content\/uploads\/sites\/13\/Novotek-Subscription-Image_1920x800px_NEW-1536x640.jpg.webp 1536w, https:\/\/www.novotek.com\/at\/wp-content\/uploads\/sites\/13\/Novotek-Subscription-Image_1920x800px_NEW.jpg.webp 1920w\" sizes=\"(max-width: 1024px) 100vw, 1024px\" \/>                  <\/div>\n          <\/div>\n\n      <\/div>\n\n   \n\n\n<div class=\"container-md paragraph  \">\n<p>Wir bieten technischen Support f\u00fcr alle unsere Produkte.&nbsp;Ob Beratung vor dem Kauf, Test oder nach der Inbetriebnahme, unsere Produktspezialisten helfen Ihnen gerne weiter.<\/p>\n<\/div>\n\n<div class=\"container-md paragraph  \">\n<p>Bitte f\u00fcllen Sie dazu das Formular so detailliert wie m\u00f6glich aus. Je mehr Angaben wir haben, desto effizienter k\u00f6nnen wir Ihnen helfen. <\/p>\n<\/div>\n\n<div class=\"container-md paragraph  \">\n<p><\/p>\n<\/div>\n\n<div class=\"container-md spacer  \">\n<div style=\"height:30px\" aria-hidden=\"true\" class=\"wp-block-spacer\"><\/div>\n<\/div>\n\n<div class=\"container-md hubspot-form-block  \">\n[hubspot portal=&#187;1877088&#8243; id=&#187;948928e7-882c-4b46-bd01-0fc6df77f306&#8243; type=&#187;form&#187;]\n<\/div>\n\n<div class=\"container-md spacer  \">\n<div style=\"height:100px\" aria-hidden=\"true\" class=\"wp-block-spacer\"><\/div>\n<\/div>","protected":false},"excerpt":{"rendered":"<p>Wir bieten technischen Support f\u00fcr alle unsere Produkte.&nbsp;Ob Beratung vor dem Kauf, Test oder nach der Inbetriebnahme, unsere Produktspezialisten helfen Ihnen gerne weiter. Bitte f\u00fcllen Sie dazu das Formular so detailliert wie m\u00f6glich aus. Je mehr Angaben wir haben, desto effizienter k\u00f6nnen wir Ihnen helfen.<\/p>\n","protected":false},"author":15,"featured_media":2836,"parent":8184,"menu_order":0,"comment_status":"closed","ping_status":"closed","template":"","meta":{"_acf_changed":false,"_relevanssi_hide_post":"","_relevanssi_pin_for_all":"","_relevanssi_pin_keywords":"","_relevanssi_unpin_keywords":"","_relevanssi_related_keywords":"","_relevanssi_related_include_ids":"","_relevanssi_related_exclude_ids":"","_relevanssi_related_no_append":"","_relevanssi_related_not_related":"","_relevanssi_related_posts":"3195,3220,3216,3200,3208","_relevanssi_noindex_reason":"","footnotes":""},"class_list":["post-6669","page","type-page","status-publish","has-post-thumbnail","hentry"],"acf":[],"yoast_head":"<!-- This site is optimized with the Yoast SEO plugin v27.5 - https:\/\/yoast.com\/product\/yoast-seo-wordpress\/ -->\n<title>Support-Anfrage - Novotek Austria<\/title>\n<meta name=\"description\" content=\"Wie k\u00f6nnen wir Ihnen helfen? Gerne unterst\u00fctzt Sie unser Support-Team bei Ihren technischen Herausforderungen oder Fragen.\" \/>\n<meta name=\"robots\" content=\"index, follow, max-snippet:-1, max-image-preview:large, max-video-preview:-1\" \/>\n<link rel=\"canonical\" href=\"https:\/\/www.novotek.com\/at\/dienstleistungen\/technischer-support\/support-anfrage\/\" \/>\n<meta property=\"og:locale\" content=\"de_DE\" \/>\n<meta property=\"og:type\" content=\"article\" \/>\n<meta property=\"og:title\" content=\"Support-Anfrage - Novotek Austria\" \/>\n<meta property=\"og:description\" content=\"Wie k\u00f6nnen wir Ihnen helfen? Gerne unterst\u00fctzt Sie unser Support-Team bei Ihren technischen Herausforderungen oder Fragen.\" \/>\n<meta property=\"og:url\" content=\"https:\/\/www.novotek.com\/at\/dienstleistungen\/technischer-support\/support-anfrage\/\" \/>\n<meta property=\"og:site_name\" content=\"Novotek Austria\" \/>\n<meta property=\"article:modified_time\" content=\"2023-09-01T12:39:27+00:00\" \/>\n<meta property=\"og:image\" content=\"https:\/\/www.novotek.com\/at\/wp-content\/uploads\/sites\/13\/2021\/Novotek_UK\/About_Novotek\/novotek-staff-at-meeting-header-duplex-cyan.jpg.webp\" \/>\n\t<meta property=\"og:image:width\" content=\"1920\" \/>\n\t<meta property=\"og:image:height\" content=\"800\" \/>\n\t<meta property=\"og:image:type\" content=\"image\/jpeg\" \/>\n<meta name=\"twitter:card\" content=\"summary_large_image\" \/>\n<meta name=\"twitter:label1\" content=\"Gesch\u00e4tzte Lesezeit\" \/>\n\t<meta name=\"twitter:data1\" content=\"1\u00a0Minute\" \/>\n<script type=\"application\/ld+json\" class=\"yoast-schema-graph\">{\"@context\":\"https:\\\/\\\/schema.org\",\"@graph\":[{\"@type\":\"WebPage\",\"@id\":\"https:\\\/\\\/www.novotek.com\\\/at\\\/dienstleistungen\\\/technischer-support\\\/support-anfrage\\\/\",\"url\":\"https:\\\/\\\/www.novotek.com\\\/at\\\/dienstleistungen\\\/technischer-support\\\/support-anfrage\\\/\",\"name\":\"Support-Anfrage - Novotek Austria\",\"isPartOf\":{\"@id\":\"https:\\\/\\\/www.novotek.com\\\/at\\\/#website\"},\"primaryImageOfPage\":{\"@id\":\"https:\\\/\\\/www.novotek.com\\\/at\\\/dienstleistungen\\\/technischer-support\\\/support-anfrage\\\/#primaryimage\"},\"image\":{\"@id\":\"https:\\\/\\\/www.novotek.com\\\/at\\\/dienstleistungen\\\/technischer-support\\\/support-anfrage\\\/#primaryimage\"},\"thumbnailUrl\":\"https:\\\/\\\/www.novotek.com\\\/at\\\/wp-content\\\/uploads\\\/sites\\\/13\\\/2021\\\/Novotek_UK\\\/About_Novotek\\\/novotek-staff-at-meeting-header-duplex-cyan.jpg.webp\",\"datePublished\":\"2022-06-13T13:50:22+00:00\",\"dateModified\":\"2023-09-01T12:39:27+00:00\",\"description\":\"Wie k\u00f6nnen wir Ihnen helfen? Gerne unterst\u00fctzt Sie unser Support-Team bei Ihren technischen Herausforderungen oder Fragen.\",\"breadcrumb\":{\"@id\":\"https:\\\/\\\/www.novotek.com\\\/at\\\/dienstleistungen\\\/technischer-support\\\/support-anfrage\\\/#breadcrumb\"},\"inLanguage\":\"de-CH\",\"potentialAction\":[{\"@type\":\"ReadAction\",\"target\":[\"https:\\\/\\\/www.novotek.com\\\/at\\\/dienstleistungen\\\/technischer-support\\\/support-anfrage\\\/\"]}]},{\"@type\":\"ImageObject\",\"inLanguage\":\"de-CH\",\"@id\":\"https:\\\/\\\/www.novotek.com\\\/at\\\/dienstleistungen\\\/technischer-support\\\/support-anfrage\\\/#primaryimage\",\"url\":\"https:\\\/\\\/www.novotek.com\\\/at\\\/wp-content\\\/uploads\\\/sites\\\/13\\\/2021\\\/Novotek_UK\\\/About_Novotek\\\/novotek-staff-at-meeting-header-duplex-cyan.jpg.webp\",\"contentUrl\":\"https:\\\/\\\/www.novotek.com\\\/at\\\/wp-content\\\/uploads\\\/sites\\\/13\\\/2021\\\/Novotek_UK\\\/About_Novotek\\\/novotek-staff-at-meeting-header-duplex-cyan.jpg.webp\",\"width\":1920,\"height\":800,\"caption\":\"&Uuml;ber uns\"},{\"@type\":\"BreadcrumbList\",\"@id\":\"https:\\\/\\\/www.novotek.com\\\/at\\\/dienstleistungen\\\/technischer-support\\\/support-anfrage\\\/#breadcrumb\",\"itemListElement\":[{\"@type\":\"ListItem\",\"position\":1,\"name\":\"Home\",\"item\":\"https:\\\/\\\/www.novotek.com\\\/at\\\/\"},{\"@type\":\"ListItem\",\"position\":2,\"name\":\"Dienstleistungen\",\"item\":\"https:\\\/\\\/www.novotek.com\\\/at\\\/dienstleistungen\\\/\"},{\"@type\":\"ListItem\",\"position\":3,\"name\":\"Technischer Support\",\"item\":\"https:\\\/\\\/www.novotek.com\\\/at\\\/dienstleistungen\\\/technischer-support\\\/\"},{\"@type\":\"ListItem\",\"position\":4,\"name\":\"Support-Anfrage\"}]},{\"@type\":\"WebSite\",\"@id\":\"https:\\\/\\\/www.novotek.com\\\/at\\\/#website\",\"url\":\"https:\\\/\\\/www.novotek.com\\\/at\\\/\",\"name\":\"Novotek Switzerland\",\"description\":\"Connect - Digitalize - Optimize\",\"potentialAction\":[{\"@type\":\"SearchAction\",\"target\":{\"@type\":\"EntryPoint\",\"urlTemplate\":\"https:\\\/\\\/www.novotek.com\\\/at\\\/?s={search_term_string}\"},\"query-input\":{\"@type\":\"PropertyValueSpecification\",\"valueRequired\":true,\"valueName\":\"search_term_string\"}}],\"inLanguage\":\"de-CH\"}]}<\/script>\n<!-- \/ Yoast SEO plugin. -->","yoast_head_json":{"title":"Support-Anfrage - Novotek Austria","description":"Wie k\u00f6nnen wir Ihnen helfen? Gerne unterst\u00fctzt Sie unser Support-Team bei Ihren technischen Herausforderungen oder Fragen.","robots":{"index":"index","follow":"follow","max-snippet":"max-snippet:-1","max-image-preview":"max-image-preview:large","max-video-preview":"max-video-preview:-1"},"canonical":"https:\/\/www.novotek.com\/at\/dienstleistungen\/technischer-support\/support-anfrage\/","og_locale":"de_DE","og_type":"article","og_title":"Support-Anfrage - Novotek Austria","og_description":"Wie k\u00f6nnen wir Ihnen helfen? Gerne unterst\u00fctzt Sie unser Support-Team bei Ihren technischen Herausforderungen oder Fragen.","og_url":"https:\/\/www.novotek.com\/at\/dienstleistungen\/technischer-support\/support-anfrage\/","og_site_name":"Novotek Austria","article_modified_time":"2023-09-01T12:39:27+00:00","og_image":[{"width":1920,"height":800,"url":"https:\/\/www.novotek.com\/at\/wp-content\/uploads\/sites\/13\/2021\/Novotek_UK\/About_Novotek\/novotek-staff-at-meeting-header-duplex-cyan.jpg.webp","type":"image\/jpeg"}],"twitter_card":"summary_large_image","twitter_misc":{"Gesch\u00e4tzte Lesezeit":"1\u00a0Minute"},"schema":{"@context":"https:\/\/schema.org","@graph":[{"@type":"WebPage","@id":"https:\/\/www.novotek.com\/at\/dienstleistungen\/technischer-support\/support-anfrage\/","url":"https:\/\/www.novotek.com\/at\/dienstleistungen\/technischer-support\/support-anfrage\/","name":"Support-Anfrage - Novotek Austria","isPartOf":{"@id":"https:\/\/www.novotek.com\/at\/#website"},"primaryImageOfPage":{"@id":"https:\/\/www.novotek.com\/at\/dienstleistungen\/technischer-support\/support-anfrage\/#primaryimage"},"image":{"@id":"https:\/\/www.novotek.com\/at\/dienstleistungen\/technischer-support\/support-anfrage\/#primaryimage"},"thumbnailUrl":"https:\/\/www.novotek.com\/at\/wp-content\/uploads\/sites\/13\/2021\/Novotek_UK\/About_Novotek\/novotek-staff-at-meeting-header-duplex-cyan.jpg.webp","datePublished":"2022-06-13T13:50:22+00:00","dateModified":"2023-09-01T12:39:27+00:00","description":"Wie k\u00f6nnen wir Ihnen helfen? Gerne unterst\u00fctzt Sie unser Support-Team bei Ihren technischen Herausforderungen oder Fragen.","breadcrumb":{"@id":"https:\/\/www.novotek.com\/at\/dienstleistungen\/technischer-support\/support-anfrage\/#breadcrumb"},"inLanguage":"de-CH","potentialAction":[{"@type":"ReadAction","target":["https:\/\/www.novotek.com\/at\/dienstleistungen\/technischer-support\/support-anfrage\/"]}]},{"@type":"ImageObject","inLanguage":"de-CH","@id":"https:\/\/www.novotek.com\/at\/dienstleistungen\/technischer-support\/support-anfrage\/#primaryimage","url":"https:\/\/www.novotek.com\/at\/wp-content\/uploads\/sites\/13\/2021\/Novotek_UK\/About_Novotek\/novotek-staff-at-meeting-header-duplex-cyan.jpg.webp","contentUrl":"https:\/\/www.novotek.com\/at\/wp-content\/uploads\/sites\/13\/2021\/Novotek_UK\/About_Novotek\/novotek-staff-at-meeting-header-duplex-cyan.jpg.webp","width":1920,"height":800,"caption":"&Uuml;ber uns"},{"@type":"BreadcrumbList","@id":"https:\/\/www.novotek.com\/at\/dienstleistungen\/technischer-support\/support-anfrage\/#breadcrumb","itemListElement":[{"@type":"ListItem","position":1,"name":"Home","item":"https:\/\/www.novotek.com\/at\/"},{"@type":"ListItem","position":2,"name":"Dienstleistungen","item":"https:\/\/www.novotek.com\/at\/dienstleistungen\/"},{"@type":"ListItem","position":3,"name":"Technischer Support","item":"https:\/\/www.novotek.com\/at\/dienstleistungen\/technischer-support\/"},{"@type":"ListItem","position":4,"name":"Support-Anfrage"}]},{"@type":"WebSite","@id":"https:\/\/www.novotek.com\/at\/#website","url":"https:\/\/www.novotek.com\/at\/","name":"Novotek Switzerland","description":"Connect - Digitalize - Optimize","potentialAction":[{"@type":"SearchAction","target":{"@type":"EntryPoint","urlTemplate":"https:\/\/www.novotek.com\/at\/?s={search_term_string}"},"query-input":{"@type":"PropertyValueSpecification","valueRequired":true,"valueName":"search_term_string"}}],"inLanguage":"de-CH"}]}},"_links":{"self":[{"href":"https:\/\/www.novotek.com\/at\/wp-json\/wp\/v2\/pages\/6669","targetHints":{"allow":["GET"]}}],"collection":[{"href":"https:\/\/www.novotek.com\/at\/wp-json\/wp\/v2\/pages"}],"about":[{"href":"https:\/\/www.novotek.com\/at\/wp-json\/wp\/v2\/types\/page"}],"author":[{"embeddable":true,"href":"https:\/\/www.novotek.com\/at\/wp-json\/wp\/v2\/users\/15"}],"replies":[{"embeddable":true,"href":"https:\/\/www.novotek.com\/at\/wp-json\/wp\/v2\/comments?post=6669"}],"version-history":[{"count":21,"href":"https:\/\/www.novotek.com\/at\/wp-json\/wp\/v2\/pages\/6669\/revisions"}],"predecessor-version":[{"id":17942,"href":"https:\/\/www.novotek.com\/at\/wp-json\/wp\/v2\/pages\/6669\/revisions\/17942"}],"up":[{"embeddable":true,"href":"https:\/\/www.novotek.com\/at\/wp-json\/wp\/v2\/pages\/8184"}],"wp:featuredmedia":[{"embeddable":true,"href":"https:\/\/www.novotek.com\/at\/wp-json\/wp\/v2\/media\/2836"}],"wp:attachment":[{"href":"https:\/\/www.novotek.com\/at\/wp-json\/wp\/v2\/media?parent=6669"}],"curies":[{"name":"wp","href":"https:\/\/api.w.org\/{rel}","templated":true}]}}