{"id":8180,"date":"2022-07-14T09:47:29","date_gmt":"2022-07-14T09:47:29","guid":{"rendered":"http:\/\/ch.novotek-multi.dev4.mildmedia-dev.eu\/?page_id=8180"},"modified":"2025-04-02T12:15:10","modified_gmt":"2025-04-02T12:15:10","slug":"dienstleistungen","status":"publish","type":"page","link":"https:\/\/www.novotek.com\/at\/dienstleistungen\/","title":{"rendered":"Dienstleistungen"},"content":{"rendered":"  <div class=\"hero\">\n    <div class=\"carousel hero-slider small\" data-flickity data-flickity-options='{\"prevNextButtons\": false}'>\n              <div class=\"carousel-cell\">\n          <div class=\"container\">\n            <div class=\"hero-content\">\n                              <h1><strong>Wir sind f\u00fcr Sie da<\/strong><\/h1>\n<p>F\u00fcr unseren Kunden und Partnern bieten wir sowohl Beratung, Service und Support wie auch Kurse und Schulungen zu unseren L\u00f6sungen und Produkten an.<\/p>\n              \n                          <\/div>\n          <\/div>\n\n          <img decoding=\"async\" width=\"1024\" height=\"427\" src=\"https:\/\/www.novotek.com\/at\/wp-content\/uploads\/sites\/13\/2021\/Novotek_UK\/We_offer\/Novotek_we_offer_1920x800-1024x427.jpg.webp\" class=\"hero-bg\" alt=\"Hero Img\" fetchpriority=\"high\" srcset=\"https:\/\/www.novotek.com\/at\/wp-content\/uploads\/sites\/13\/2021\/Novotek_UK\/We_offer\/Novotek_we_offer_1920x800-1024x427.jpg.webp 1024w, https:\/\/www.novotek.com\/at\/wp-content\/uploads\/sites\/13\/2021\/Novotek_UK\/We_offer\/Novotek_we_offer_1920x800-300x125.jpg.webp 300w, https:\/\/www.novotek.com\/at\/wp-content\/uploads\/sites\/13\/2021\/Novotek_UK\/We_offer\/Novotek_we_offer_1920x800-768x320.jpg.webp 768w, https:\/\/www.novotek.com\/at\/wp-content\/uploads\/sites\/13\/2021\/Novotek_UK\/We_offer\/Novotek_we_offer_1920x800-1536x640.jpg.webp 1536w, https:\/\/www.novotek.com\/at\/wp-content\/uploads\/sites\/13\/2021\/Novotek_UK\/We_offer\/Novotek_we_offer_1920x800.jpg.webp 1920w\" sizes=\"(max-width: 1024px) 100vw, 1024px\" \/>                  <\/div>\n          <\/div>\n\n      <\/div>\n\n   <div class=\"floating-breadcrumb\"><div class=\"container\"><span><span><a href=\"https:\/\/www.novotek.com\/at\/\" class=\"breadcrumb-frontpage\">Home<\/a><\/span><\/span><\/div><\/div>\n\n\n<div class=\"container-md spacer  \">\n<div style=\"height:27px\" aria-hidden=\"true\" class=\"wp-block-spacer\"><\/div>\n<\/div>\n\n<div class=\"posts-columns \">\n  <div class=\"container\">\n  <div class=\"row\">\n    <div class=\"col-12 col-md-4\">\n<article class=\"basic \">\n    <div class=\"image\">\n      <a href=\"https:\/\/www.novotek.com\/at\/dienstleistungen\/analyse\/\">\n                  <img loading=\"lazy\" decoding=\"async\" width=\"1505\" height=\"1000\" src=\"https:\/\/www.novotek.com\/at\/wp-content\/uploads\/sites\/13\/Analyse.jpg.webp\" class=\"attachment-post-thumbnail size-post-thumbnail wp-post-image\" alt=\"\" srcset=\"https:\/\/www.novotek.com\/at\/wp-content\/uploads\/sites\/13\/Analyse.jpg.webp 1505w, https:\/\/www.novotek.com\/at\/wp-content\/uploads\/sites\/13\/Analyse-300x199.jpg.webp 300w, https:\/\/www.novotek.com\/at\/wp-content\/uploads\/sites\/13\/Analyse-1024x680.jpg.webp 1024w, https:\/\/www.novotek.com\/at\/wp-content\/uploads\/sites\/13\/Analyse-768x510.jpg.webp 768w, https:\/\/www.novotek.com\/at\/wp-content\/uploads\/sites\/13\/Analyse-86x57.jpg.webp 86w, https:\/\/www.novotek.com\/at\/wp-content\/uploads\/sites\/13\/Analyse-306x203.jpg.webp 306w, https:\/\/www.novotek.com\/at\/wp-content\/uploads\/sites\/13\/Analyse-636x423.jpg.webp 636w\" sizes=\"auto, (max-width: 1505px) 100vw, 1505px\" \/>              <\/a>\n    <\/div>\n\n    <div>\n              <h4>Analyse<\/h4>\n      \n              <p>Zu Beginn steht f\u00fcr uns die Erstanalyse Ihrer Anforderungen und die Ausarbeitung der &#171;smartesten&#187; L\u00f6sung f\u00fcr Sie.<\/p>\n      \n      <div>\n        <a href=\"https:\/\/www.novotek.com\/at\/dienstleistungen\/analyse\/\">\n          Weiterlesen        <\/a>\n      <\/div>\n    <\/div>\n<\/article>\n<\/div><div class=\"col-12 col-md-4\">\n<article class=\"basic \">\n    <div class=\"image\">\n      <a href=\"https:\/\/www.novotek.com\/at\/dienstleistungen\/massgeschneiderte-beratung\/\">\n                  <img loading=\"lazy\" decoding=\"async\" width=\"2250\" height=\"1500\" src=\"https:\/\/www.novotek.com\/at\/wp-content\/uploads\/sites\/13\/Beratung.jpg.webp\" class=\"attachment-post-thumbnail size-post-thumbnail wp-post-image\" alt=\"\" srcset=\"https:\/\/www.novotek.com\/at\/wp-content\/uploads\/sites\/13\/Beratung.jpg.webp 2250w, https:\/\/www.novotek.com\/at\/wp-content\/uploads\/sites\/13\/Beratung-300x200.jpg.webp 300w, https:\/\/www.novotek.com\/at\/wp-content\/uploads\/sites\/13\/Beratung-1024x683.jpg.webp 1024w, https:\/\/www.novotek.com\/at\/wp-content\/uploads\/sites\/13\/Beratung-768x512.jpg.webp 768w, https:\/\/www.novotek.com\/at\/wp-content\/uploads\/sites\/13\/Beratung-1536x1024.jpg.webp 1536w, https:\/\/www.novotek.com\/at\/wp-content\/uploads\/sites\/13\/Beratung-2048x1365.jpg.webp 2048w, https:\/\/www.novotek.com\/at\/wp-content\/uploads\/sites\/13\/Beratung-86x57.jpg.webp 86w, https:\/\/www.novotek.com\/at\/wp-content\/uploads\/sites\/13\/Beratung-306x204.jpg.webp 306w, https:\/\/www.novotek.com\/at\/wp-content\/uploads\/sites\/13\/Beratung-636x424.jpg.webp 636w, https:\/\/www.novotek.com\/at\/wp-content\/uploads\/sites\/13\/Beratung-1632x1088.jpg.webp 1632w\" sizes=\"auto, (max-width: 2250px) 100vw, 2250px\" \/>              <\/a>\n    <\/div>\n\n    <div>\n              <h4>Beratung<\/h4>\n      \n              <p>Egal ob komplexe MES- und Digitalisierungsprojekte, Cyber Security, intuitive Maschinenbedienung: Wir beraten Sie gerne!<\/p>\n      \n      <div>\n        <a href=\"https:\/\/www.novotek.com\/at\/dienstleistungen\/massgeschneiderte-beratung\/\">\n          Weiterlesen        <\/a>\n      <\/div>\n    <\/div>\n<\/article>\n<\/div><div class=\"col-12 col-md-4\">\n<article class=\"basic \">\n    <div class=\"image\">\n      <a href=\"https:\/\/www.novotek.com\/at\/dienstleistungen\/software-entwicklung\/\">\n                  <img loading=\"lazy\" decoding=\"async\" width=\"1500\" height=\"1000\" src=\"https:\/\/www.novotek.com\/at\/wp-content\/uploads\/sites\/13\/Software-Entwicklung.jpg.webp\" class=\"attachment-post-thumbnail size-post-thumbnail wp-post-image\" alt=\"\" srcset=\"https:\/\/www.novotek.com\/at\/wp-content\/uploads\/sites\/13\/Software-Entwicklung.jpg.webp 1500w, https:\/\/www.novotek.com\/at\/wp-content\/uploads\/sites\/13\/Software-Entwicklung-300x200.jpg.webp 300w, https:\/\/www.novotek.com\/at\/wp-content\/uploads\/sites\/13\/Software-Entwicklung-1024x683.jpg.webp 1024w, https:\/\/www.novotek.com\/at\/wp-content\/uploads\/sites\/13\/Software-Entwicklung-768x512.jpg.webp 768w, https:\/\/www.novotek.com\/at\/wp-content\/uploads\/sites\/13\/Software-Entwicklung-86x57.jpg.webp 86w, https:\/\/www.novotek.com\/at\/wp-content\/uploads\/sites\/13\/Software-Entwicklung-306x204.jpg.webp 306w, https:\/\/www.novotek.com\/at\/wp-content\/uploads\/sites\/13\/Software-Entwicklung-636x424.jpg.webp 636w\" sizes=\"auto, (max-width: 1500px) 100vw, 1500px\" \/>              <\/a>\n    <\/div>\n\n    <div>\n              <h4>Software-Entwicklung<\/h4>\n      \n              <p>Die Entwicklung der Software stellt den Kern jeder Automatisierungs- und IT-L\u00f6sung dar. Unser Technikteam steht Ihnen dabei zur Seite.<\/p>\n      \n      <div>\n        <a href=\"https:\/\/www.novotek.com\/at\/dienstleistungen\/software-entwicklung\/\">\n          Weiterlesen        <\/a>\n      <\/div>\n    <\/div>\n<\/article>\n<\/div><div class=\"col-12 col-md-4\">\n<article class=\"basic \">\n    <div class=\"image\">\n      <a href=\"https:\/\/www.novotek.com\/at\/dienstleistungen\/data-science-analytik\/\">\n                  <img loading=\"lazy\" decoding=\"async\" width=\"1408\" height=\"1000\" src=\"https:\/\/www.novotek.com\/at\/wp-content\/uploads\/sites\/13\/Analyse-02.jpg.webp\" class=\"attachment-post-thumbnail size-post-thumbnail wp-post-image\" alt=\"\" srcset=\"https:\/\/www.novotek.com\/at\/wp-content\/uploads\/sites\/13\/Analyse-02.jpg.webp 1408w, https:\/\/www.novotek.com\/at\/wp-content\/uploads\/sites\/13\/Analyse-02-300x213.jpg.webp 300w, https:\/\/www.novotek.com\/at\/wp-content\/uploads\/sites\/13\/Analyse-02-1024x727.jpg.webp 1024w, https:\/\/www.novotek.com\/at\/wp-content\/uploads\/sites\/13\/Analyse-02-768x545.jpg.webp 768w, https:\/\/www.novotek.com\/at\/wp-content\/uploads\/sites\/13\/Analyse-02-86x61.jpg.webp 86w, https:\/\/www.novotek.com\/at\/wp-content\/uploads\/sites\/13\/Analyse-02-306x217.jpg.webp 306w, https:\/\/www.novotek.com\/at\/wp-content\/uploads\/sites\/13\/Analyse-02-636x452.jpg.webp 636w\" sizes=\"auto, (max-width: 1408px) 100vw, 1408px\" \/>              <\/a>\n    <\/div>\n\n    <div>\n              <h4>Data Science \/ Analytik<\/h4>\n      \n              <p>Daten sind das Gold des 21. Jahrhunderts! Mit unserer Erfahrung und dem Einsatz von ML und KI gewinnen Sie neue Erkenntnisse.<\/p>\n      \n      <div>\n        <a href=\"https:\/\/www.novotek.com\/at\/dienstleistungen\/data-science-analytik\/\">\n          Weiterlesen        <\/a>\n      <\/div>\n    <\/div>\n<\/article>\n<\/div><div class=\"col-12 col-md-4\">\n<article class=\"basic \">\n    <div class=\"image\">\n      <a href=\"https:\/\/www.novotek.com\/at\/dienstleistungen\/inbetriebnahme\/\">\n                  <img loading=\"lazy\" decoding=\"async\" width=\"1500\" height=\"649\" src=\"https:\/\/www.novotek.com\/at\/wp-content\/uploads\/sites\/13\/Inbetriebnahme.jpg.webp\" class=\"attachment-post-thumbnail size-post-thumbnail wp-post-image\" alt=\"\" srcset=\"https:\/\/www.novotek.com\/at\/wp-content\/uploads\/sites\/13\/Inbetriebnahme.jpg.webp 1500w, https:\/\/www.novotek.com\/at\/wp-content\/uploads\/sites\/13\/Inbetriebnahme-300x130.jpg.webp 300w, https:\/\/www.novotek.com\/at\/wp-content\/uploads\/sites\/13\/Inbetriebnahme-1024x443.jpg.webp 1024w, https:\/\/www.novotek.com\/at\/wp-content\/uploads\/sites\/13\/Inbetriebnahme-768x332.jpg.webp 768w, https:\/\/www.novotek.com\/at\/wp-content\/uploads\/sites\/13\/Inbetriebnahme-86x37.jpg.webp 86w, https:\/\/www.novotek.com\/at\/wp-content\/uploads\/sites\/13\/Inbetriebnahme-306x132.jpg.webp 306w, https:\/\/www.novotek.com\/at\/wp-content\/uploads\/sites\/13\/Inbetriebnahme-636x275.jpg.webp 636w\" sizes=\"auto, (max-width: 1500px) 100vw, 1500px\" \/>              <\/a>\n    <\/div>\n\n    <div>\n              <h4>Inbetriebnahme<\/h4>\n      \n              <p>Nach Fertigstellung unserer Projekte pr\u00fcfen und optimieren wir die Systeme unter Test- und Betriebsbedingungen.<\/p>\n      \n      <div>\n        <a href=\"https:\/\/www.novotek.com\/at\/dienstleistungen\/inbetriebnahme\/\">\n          Weiterlesen        <\/a>\n      <\/div>\n    <\/div>\n<\/article>\n<\/div><div class=\"col-12 col-md-4\">\n<article class=\"basic \">\n    <div class=\"image\">\n      <a href=\"https:\/\/www.novotek.com\/at\/dienstleistungen\/schulung\/\">\n                  <img loading=\"lazy\" decoding=\"async\" width=\"2250\" height=\"1500\" src=\"https:\/\/www.novotek.com\/at\/wp-content\/uploads\/sites\/13\/Schulung.jpg.webp\" class=\"attachment-post-thumbnail size-post-thumbnail wp-post-image\" alt=\"\" srcset=\"https:\/\/www.novotek.com\/at\/wp-content\/uploads\/sites\/13\/Schulung.jpg.webp 2250w, https:\/\/www.novotek.com\/at\/wp-content\/uploads\/sites\/13\/Schulung-300x200.jpg.webp 300w, https:\/\/www.novotek.com\/at\/wp-content\/uploads\/sites\/13\/Schulung-1024x683.jpg.webp 1024w, https:\/\/www.novotek.com\/at\/wp-content\/uploads\/sites\/13\/Schulung-768x512.jpg.webp 768w, https:\/\/www.novotek.com\/at\/wp-content\/uploads\/sites\/13\/Schulung-1536x1024.jpg.webp 1536w, https:\/\/www.novotek.com\/at\/wp-content\/uploads\/sites\/13\/Schulung-2048x1365.jpg.webp 2048w, https:\/\/www.novotek.com\/at\/wp-content\/uploads\/sites\/13\/Schulung-86x57.jpg.webp 86w, https:\/\/www.novotek.com\/at\/wp-content\/uploads\/sites\/13\/Schulung-306x204.jpg.webp 306w, https:\/\/www.novotek.com\/at\/wp-content\/uploads\/sites\/13\/Schulung-636x424.jpg.webp 636w, https:\/\/www.novotek.com\/at\/wp-content\/uploads\/sites\/13\/Schulung-1632x1088.jpg.webp 1632w\" sizes=\"auto, (max-width: 2250px) 100vw, 2250px\" \/>              <\/a>\n    <\/div>\n\n    <div>\n              <h4>Schulung<\/h4>\n      \n              <p>Damit Sie m\u00f6glichst effizient mit unseren Produkten und L\u00f6sungen arbeiten k\u00f6nnen, halten wir j\u00e4hrlich mehrere Produktschulungen ab.<\/p>\n      \n      <div>\n        <a href=\"https:\/\/www.novotek.com\/at\/dienstleistungen\/schulung\/\">\n          Weiterlesen        <\/a>\n      <\/div>\n    <\/div>\n<\/article>\n<\/div><div class=\"col-12 col-md-4\">\n<article class=\"basic \">\n    <div class=\"image\">\n      <a href=\"https:\/\/www.novotek.com\/at\/dienstleistungen\/retrofit\/\">\n                  <img loading=\"lazy\" decoding=\"async\" width=\"2137\" height=\"1000\" src=\"https:\/\/www.novotek.com\/at\/wp-content\/uploads\/sites\/13\/Retrofit.jpg.webp\" class=\"attachment-post-thumbnail size-post-thumbnail wp-post-image\" alt=\"\" srcset=\"https:\/\/www.novotek.com\/at\/wp-content\/uploads\/sites\/13\/Retrofit.jpg.webp 2137w, https:\/\/www.novotek.com\/at\/wp-content\/uploads\/sites\/13\/Retrofit-300x140.jpg.webp 300w, https:\/\/www.novotek.com\/at\/wp-content\/uploads\/sites\/13\/Retrofit-1024x479.jpg.webp 1024w, https:\/\/www.novotek.com\/at\/wp-content\/uploads\/sites\/13\/Retrofit-768x359.jpg.webp 768w, https:\/\/www.novotek.com\/at\/wp-content\/uploads\/sites\/13\/Retrofit-1536x719.jpg.webp 1536w, https:\/\/www.novotek.com\/at\/wp-content\/uploads\/sites\/13\/Retrofit-2048x958.jpg.webp 2048w, https:\/\/www.novotek.com\/at\/wp-content\/uploads\/sites\/13\/Retrofit-86x40.jpg.webp 86w, https:\/\/www.novotek.com\/at\/wp-content\/uploads\/sites\/13\/Retrofit-306x143.jpg.webp 306w, https:\/\/www.novotek.com\/at\/wp-content\/uploads\/sites\/13\/Retrofit-636x298.jpg.webp 636w, https:\/\/www.novotek.com\/at\/wp-content\/uploads\/sites\/13\/Retrofit-1632x764.jpg.webp 1632w\" sizes=\"auto, (max-width: 2137px) 100vw, 2137px\" \/>              <\/a>\n    <\/div>\n\n    <div>\n              <h4>Retrofit<\/h4>\n      \n              <p>Uns ist bewusst, dass Maschinen und Anlagen nur eine begrenzte Lebensdauer haben. Oft ist es aber nicht n\u00f6tig, eine gesamte Maschine zu tauschen.<\/p>\n      \n      <div>\n        <a href=\"https:\/\/www.novotek.com\/at\/dienstleistungen\/retrofit\/\">\n          Weiterlesen        <\/a>\n      <\/div>\n    <\/div>\n<\/article>\n<\/div><div class=\"col-12 col-md-4\">\n<article class=\"basic \">\n    <div class=\"image\">\n      <a href=\"https:\/\/www.novotek.com\/at\/dienstleistungen\/ruecknahme-entsorgung\/\">\n                  <img loading=\"lazy\" decoding=\"async\" width=\"2249\" height=\"1000\" src=\"https:\/\/www.novotek.com\/at\/wp-content\/uploads\/sites\/13\/Entsorgung.jpg.webp\" class=\"attachment-post-thumbnail size-post-thumbnail wp-post-image\" alt=\"\" srcset=\"https:\/\/www.novotek.com\/at\/wp-content\/uploads\/sites\/13\/Entsorgung.jpg.webp 2249w, https:\/\/www.novotek.com\/at\/wp-content\/uploads\/sites\/13\/Entsorgung-300x133.jpg.webp 300w, https:\/\/www.novotek.com\/at\/wp-content\/uploads\/sites\/13\/Entsorgung-1024x455.jpg.webp 1024w, https:\/\/www.novotek.com\/at\/wp-content\/uploads\/sites\/13\/Entsorgung-768x341.jpg.webp 768w, https:\/\/www.novotek.com\/at\/wp-content\/uploads\/sites\/13\/Entsorgung-1536x683.jpg.webp 1536w, https:\/\/www.novotek.com\/at\/wp-content\/uploads\/sites\/13\/Entsorgung-2048x911.jpg.webp 2048w, https:\/\/www.novotek.com\/at\/wp-content\/uploads\/sites\/13\/Entsorgung-86x38.jpg.webp 86w, https:\/\/www.novotek.com\/at\/wp-content\/uploads\/sites\/13\/Entsorgung-306x136.jpg.webp 306w, https:\/\/www.novotek.com\/at\/wp-content\/uploads\/sites\/13\/Entsorgung-636x283.jpg.webp 636w, https:\/\/www.novotek.com\/at\/wp-content\/uploads\/sites\/13\/Entsorgung-1632x726.jpg.webp 1632w\" sizes=\"auto, (max-width: 2249px) 100vw, 2249px\" \/>              <\/a>\n    <\/div>\n\n    <div>\n              <h4>R\u00fccknahme \/ Entsorgung<\/h4>\n      \n              <p>Im Sinne von Nachhaltigkeit und Best\u00e4ndigkeit setzen wir auf fachgerechte Entsorgung bzw. Wiederverwertung von Industrieelektronik.<\/p>\n      \n      <div>\n        <a href=\"https:\/\/www.novotek.com\/at\/dienstleistungen\/ruecknahme-entsorgung\/\">\n          Weiterlesen        <\/a>\n      <\/div>\n    <\/div>\n<\/article>\n<\/div><div class=\"col-12 col-md-4\">\n<article class=\"basic \">\n    <div class=\"image\">\n      <a href=\"https:\/\/www.novotek.com\/at\/dienstleistungen\/technischer-support\/\">\n                  <img loading=\"lazy\" decoding=\"async\" width=\"1920\" height=\"800\" src=\"https:\/\/www.novotek.com\/at\/wp-content\/uploads\/sites\/13\/2021\/Novotek_UK\/We_offer\/Technical_Support\/Novotek_technical_support_duotone_1920x800.jpg.webp\" class=\"attachment-post-thumbnail size-post-thumbnail wp-post-image\" alt=\"Technischer Support\" srcset=\"https:\/\/www.novotek.com\/at\/wp-content\/uploads\/sites\/13\/2021\/Novotek_UK\/We_offer\/Technical_Support\/Novotek_technical_support_duotone_1920x800.jpg.webp 1920w, https:\/\/www.novotek.com\/at\/wp-content\/uploads\/sites\/13\/2021\/Novotek_UK\/We_offer\/Technical_Support\/Novotek_technical_support_duotone_1920x800-300x125.jpg.webp 300w, https:\/\/www.novotek.com\/at\/wp-content\/uploads\/sites\/13\/2021\/Novotek_UK\/We_offer\/Technical_Support\/Novotek_technical_support_duotone_1920x800-1024x427.jpg.webp 1024w, https:\/\/www.novotek.com\/at\/wp-content\/uploads\/sites\/13\/2021\/Novotek_UK\/We_offer\/Technical_Support\/Novotek_technical_support_duotone_1920x800-768x320.jpg.webp 768w, https:\/\/www.novotek.com\/at\/wp-content\/uploads\/sites\/13\/2021\/Novotek_UK\/We_offer\/Technical_Support\/Novotek_technical_support_duotone_1920x800-1536x640.jpg.webp 1536w\" sizes=\"auto, (max-width: 1920px) 100vw, 1920px\" \/>              <\/a>\n    <\/div>\n\n    <div>\n              <h4>Technischer Support<\/h4>\n      \n              <p>Suchen Sie einen Partner, der Ihre Herausforderung versteht? Unsere erfahrenen Ingenieure stehen Ihnen bei Supportanfragen gerne zur Seite.<\/p>\n      \n      <div>\n        <a href=\"https:\/\/www.novotek.com\/at\/dienstleistungen\/technischer-support\/\">\n          Weiterlesen        <\/a>\n      <\/div>\n    <\/div>\n<\/article>\n<\/div>  <\/div>\n\n  <\/div><\/div>\n\n\n<div class=\"container-md spacer  \">\n<div style=\"height:30px\" aria-hidden=\"true\" class=\"wp-block-spacer\"><\/div>\n<\/div>\n\n<div class=\"cta-block\">\n  <div class=\"container\">\n          <h2>Wir erz\u00e4hlen Ihnen gerne mehr!<\/h2>\n    \n          <div><p>Profitieren Sie von unserem Fachwissen und holen Sie sich bei uns mehr Informationen<br \/>\n\u00fcber die digitale Transformation, die Automatisierung oder die industrielle IT.<\/p>\n<\/div>\n    \n          <a class=\"btn btn-primary\" href=\"https:\/\/www.novotek.com\/at\/kontakt\/\">Kontaktieren Sie uns<\/a>\n      <\/div>\n<\/div>\n\n\n<div class=\"container-md spacer  \">\n<div style=\"height:20px\" aria-hidden=\"true\" class=\"wp-block-spacer\"><\/div>\n<\/div>","protected":false},"excerpt":{"rendered":"<p>Wir bieten unseren Kunden und Partnern Service- und Support, sowie Kurse und Schulungen zu unseren L\u00f6sungen und Produkten an.<\/p>\n","protected":false},"author":15,"featured_media":0,"parent":0,"menu_order":20,"comment_status":"closed","ping_status":"closed","template":"","meta":{"_acf_changed":false,"_relevanssi_hide_post":"","_relevanssi_pin_for_all":"","_relevanssi_pin_keywords":"","_relevanssi_unpin_keywords":"","_relevanssi_related_keywords":"","_relevanssi_related_include_ids":"","_relevanssi_related_exclude_ids":"","_relevanssi_related_no_append":"","_relevanssi_related_not_related":"","_relevanssi_related_posts":"3195,3220,3208,3200,3216","_relevanssi_noindex_reason":"","footnotes":""},"class_list":["post-8180","page","type-page","status-publish","hentry"],"acf":[],"yoast_head":"<!-- This site is optimized with the Yoast SEO plugin v27.4 - https:\/\/yoast.com\/product\/yoast-seo-wordpress\/ -->\n<title>Dienstleistungen - Novotek Austria<\/title>\n<meta name=\"description\" content=\"F\u00fcr unseren Kunden und Partnern bieten wir Dienstleistungen (Service, Support, Kurse und Schulungen) zu unseren L\u00f6sungen und Produkten an.\" \/>\n<meta name=\"robots\" content=\"index, follow, max-snippet:-1, max-image-preview:large, max-video-preview:-1\" \/>\n<link rel=\"canonical\" href=\"https:\/\/www.novotek.com\/at\/dienstleistungen\/\" \/>\n<meta property=\"og:locale\" content=\"de_DE\" \/>\n<meta property=\"og:type\" content=\"article\" \/>\n<meta property=\"og:title\" content=\"Dienstleistungen - Novotek Austria\" \/>\n<meta property=\"og:description\" content=\"F\u00fcr unseren Kunden und Partnern bieten wir Dienstleistungen (Service, Support, Kurse und Schulungen) zu unseren L\u00f6sungen und Produkten an.\" \/>\n<meta property=\"og:url\" content=\"https:\/\/www.novotek.com\/at\/dienstleistungen\/\" \/>\n<meta property=\"og:site_name\" content=\"Novotek Austria\" \/>\n<meta property=\"article:modified_time\" content=\"2025-04-02T12:15:10+00:00\" \/>\n<meta name=\"twitter:card\" content=\"summary_large_image\" \/>\n<script type=\"application\/ld+json\" class=\"yoast-schema-graph\">{\"@context\":\"https:\\\/\\\/schema.org\",\"@graph\":[{\"@type\":\"WebPage\",\"@id\":\"https:\\\/\\\/www.novotek.com\\\/at\\\/dienstleistungen\\\/\",\"url\":\"https:\\\/\\\/www.novotek.com\\\/at\\\/dienstleistungen\\\/\",\"name\":\"Dienstleistungen - Novotek Austria\",\"isPartOf\":{\"@id\":\"https:\\\/\\\/www.novotek.com\\\/at\\\/#website\"},\"datePublished\":\"2022-07-14T09:47:29+00:00\",\"dateModified\":\"2025-04-02T12:15:10+00:00\",\"description\":\"F\u00fcr unseren Kunden und Partnern bieten wir Dienstleistungen (Service, Support, Kurse und Schulungen) zu unseren L\u00f6sungen und Produkten an.\",\"breadcrumb\":{\"@id\":\"https:\\\/\\\/www.novotek.com\\\/at\\\/dienstleistungen\\\/#breadcrumb\"},\"inLanguage\":\"de-CH\",\"potentialAction\":[{\"@type\":\"ReadAction\",\"target\":[\"https:\\\/\\\/www.novotek.com\\\/at\\\/dienstleistungen\\\/\"]}]},{\"@type\":\"BreadcrumbList\",\"@id\":\"https:\\\/\\\/www.novotek.com\\\/at\\\/dienstleistungen\\\/#breadcrumb\",\"itemListElement\":[{\"@type\":\"ListItem\",\"position\":1,\"name\":\"Home\",\"item\":\"https:\\\/\\\/www.novotek.com\\\/at\\\/\"},{\"@type\":\"ListItem\",\"position\":2,\"name\":\"Dienstleistungen\"}]},{\"@type\":\"WebSite\",\"@id\":\"https:\\\/\\\/www.novotek.com\\\/at\\\/#website\",\"url\":\"https:\\\/\\\/www.novotek.com\\\/at\\\/\",\"name\":\"Novotek Switzerland\",\"description\":\"Connect - Digitalize - Optimize\",\"potentialAction\":[{\"@type\":\"SearchAction\",\"target\":{\"@type\":\"EntryPoint\",\"urlTemplate\":\"https:\\\/\\\/www.novotek.com\\\/at\\\/?s={search_term_string}\"},\"query-input\":{\"@type\":\"PropertyValueSpecification\",\"valueRequired\":true,\"valueName\":\"search_term_string\"}}],\"inLanguage\":\"de-CH\"}]}<\/script>\n<!-- \/ Yoast SEO plugin. -->","yoast_head_json":{"title":"Dienstleistungen - Novotek Austria","description":"F\u00fcr unseren Kunden und Partnern bieten wir Dienstleistungen (Service, Support, Kurse und Schulungen) zu unseren L\u00f6sungen und Produkten an.","robots":{"index":"index","follow":"follow","max-snippet":"max-snippet:-1","max-image-preview":"max-image-preview:large","max-video-preview":"max-video-preview:-1"},"canonical":"https:\/\/www.novotek.com\/at\/dienstleistungen\/","og_locale":"de_DE","og_type":"article","og_title":"Dienstleistungen - Novotek Austria","og_description":"F\u00fcr unseren Kunden und Partnern bieten wir Dienstleistungen (Service, Support, Kurse und Schulungen) zu unseren L\u00f6sungen und Produkten an.","og_url":"https:\/\/www.novotek.com\/at\/dienstleistungen\/","og_site_name":"Novotek Austria","article_modified_time":"2025-04-02T12:15:10+00:00","twitter_card":"summary_large_image","schema":{"@context":"https:\/\/schema.org","@graph":[{"@type":"WebPage","@id":"https:\/\/www.novotek.com\/at\/dienstleistungen\/","url":"https:\/\/www.novotek.com\/at\/dienstleistungen\/","name":"Dienstleistungen - Novotek Austria","isPartOf":{"@id":"https:\/\/www.novotek.com\/at\/#website"},"datePublished":"2022-07-14T09:47:29+00:00","dateModified":"2025-04-02T12:15:10+00:00","description":"F\u00fcr unseren Kunden und Partnern bieten wir Dienstleistungen (Service, Support, Kurse und Schulungen) zu unseren L\u00f6sungen und Produkten an.","breadcrumb":{"@id":"https:\/\/www.novotek.com\/at\/dienstleistungen\/#breadcrumb"},"inLanguage":"de-CH","potentialAction":[{"@type":"ReadAction","target":["https:\/\/www.novotek.com\/at\/dienstleistungen\/"]}]},{"@type":"BreadcrumbList","@id":"https:\/\/www.novotek.com\/at\/dienstleistungen\/#breadcrumb","itemListElement":[{"@type":"ListItem","position":1,"name":"Home","item":"https:\/\/www.novotek.com\/at\/"},{"@type":"ListItem","position":2,"name":"Dienstleistungen"}]},{"@type":"WebSite","@id":"https:\/\/www.novotek.com\/at\/#website","url":"https:\/\/www.novotek.com\/at\/","name":"Novotek Switzerland","description":"Connect - Digitalize - Optimize","potentialAction":[{"@type":"SearchAction","target":{"@type":"EntryPoint","urlTemplate":"https:\/\/www.novotek.com\/at\/?s={search_term_string}"},"query-input":{"@type":"PropertyValueSpecification","valueRequired":true,"valueName":"search_term_string"}}],"inLanguage":"de-CH"}]}},"_links":{"self":[{"href":"https:\/\/www.novotek.com\/at\/wp-json\/wp\/v2\/pages\/8180","targetHints":{"allow":["GET"]}}],"collection":[{"href":"https:\/\/www.novotek.com\/at\/wp-json\/wp\/v2\/pages"}],"about":[{"href":"https:\/\/www.novotek.com\/at\/wp-json\/wp\/v2\/types\/page"}],"author":[{"embeddable":true,"href":"https:\/\/www.novotek.com\/at\/wp-json\/wp\/v2\/users\/15"}],"replies":[{"embeddable":true,"href":"https:\/\/www.novotek.com\/at\/wp-json\/wp\/v2\/comments?post=8180"}],"version-history":[{"count":12,"href":"https:\/\/www.novotek.com\/at\/wp-json\/wp\/v2\/pages\/8180\/revisions"}],"predecessor-version":[{"id":22198,"href":"https:\/\/www.novotek.com\/at\/wp-json\/wp\/v2\/pages\/8180\/revisions\/22198"}],"wp:attachment":[{"href":"https:\/\/www.novotek.com\/at\/wp-json\/wp\/v2\/media?parent=8180"}],"curies":[{"name":"wp","href":"https:\/\/api.w.org\/{rel}","templated":true}]}}