{"id":8182,"date":"2022-07-14T09:48:48","date_gmt":"2022-07-14T09:48:48","guid":{"rendered":"http:\/\/ch.novotek-multi.dev4.mildmedia-dev.eu\/?page_id=8182"},"modified":"2025-08-18T12:59:18","modified_gmt":"2025-08-18T12:59:18","slug":"massgeschneiderte-beratung","status":"publish","type":"page","link":"https:\/\/www.novotek.com\/at\/dienstleistungen\/massgeschneiderte-beratung\/","title":{"rendered":"Beratung"},"content":{"rendered":"  <div class=\"hero\">\n    <div class=\"carousel hero-slider small\" data-flickity data-flickity-options='{\"prevNextButtons\": false}'>\n              <div class=\"carousel-cell\">\n          <div class=\"container\">\n            <div class=\"hero-content\">\n                              <h1>Pers\u00f6nliche Beratung<\/h1>\n<p><strong>Egal ob komplexe MES- und Digitalisierungsprojekte, Cyber Security, intuitive Maschinenbedienung: Wir beraten Sie gerne!<\/strong><\/p>\n              \n                          <\/div>\n          <\/div>\n\n          <img decoding=\"async\" width=\"1024\" height=\"683\" src=\"https:\/\/www.novotek.com\/at\/wp-content\/uploads\/sites\/13\/Beratung-1024x683.jpg.webp\" class=\"hero-bg\" alt=\"Hero Img\" fetchpriority=\"high\" srcset=\"https:\/\/www.novotek.com\/at\/wp-content\/uploads\/sites\/13\/Beratung-1024x683.jpg.webp 1024w, https:\/\/www.novotek.com\/at\/wp-content\/uploads\/sites\/13\/Beratung-300x200.jpg.webp 300w, https:\/\/www.novotek.com\/at\/wp-content\/uploads\/sites\/13\/Beratung-768x512.jpg.webp 768w, https:\/\/www.novotek.com\/at\/wp-content\/uploads\/sites\/13\/Beratung-1536x1024.jpg.webp 1536w, https:\/\/www.novotek.com\/at\/wp-content\/uploads\/sites\/13\/Beratung-2048x1365.jpg.webp 2048w, https:\/\/www.novotek.com\/at\/wp-content\/uploads\/sites\/13\/Beratung-86x57.jpg.webp 86w, https:\/\/www.novotek.com\/at\/wp-content\/uploads\/sites\/13\/Beratung-306x204.jpg.webp 306w, https:\/\/www.novotek.com\/at\/wp-content\/uploads\/sites\/13\/Beratung-636x424.jpg.webp 636w, https:\/\/www.novotek.com\/at\/wp-content\/uploads\/sites\/13\/Beratung-1632x1088.jpg.webp 1632w\" sizes=\"(max-width: 1024px) 100vw, 1024px\" \/>                  <\/div>\n          <\/div>\n\n      <\/div>\n\n   \n\n\n<div class=\"container media-text  alignwide\">\n<div class=\"wp-block-media-text alignwide has-media-on-the-right is-stacked-on-mobile\" style=\"grid-template-columns:auto 47%\"><div class=\"wp-block-media-text__content\"><div class=\"container-md heading  \">\n<h2 class=\"wp-block-heading\" id=\"h-dank-unserem-fachwissen-die-optimale-losung-finden\"><strong>Die optimale L\u00f6sung<\/strong><\/h2>\n<\/div>\n\n<div class=\"container-md paragraph  \">\n<p>Egal, ob es sich um komplexe MES- und Digitalisierungsprojekte, Cyber Security, intuitive Maschinenbedienung zur Steigerung der User-Experience oder einfache Steuerungskonzepte handelt \u2013 wir stehen Ihnen mit unserer Beratung jederzeit gerne zur Seite! Unser Ziel ist es, f\u00fcr jede Herausforderung die passende, ma\u00dfgeschneiderte L\u00f6sung zu finden, die Ihre Prozesse nachhaltig optimiert und gleichzeitig einfach in der Anwendung bleibt.<\/p>\n<\/div>\n\n<div class=\"container-md paragraph  \">\n<p>Dabei verlassen wir uns nicht auf theoretische Modelle, sondern auf handfeste Fakten und unsere umfangreichen Erfahrungen aus einer Vielzahl erfolgreicher Projekte \u2013 und das bereits ab der allerersten Idee. So stellen wir sicher, dass die vorgeschlagene L\u00f6sung nicht nur technisch machbar, sondern auch wirtschaftlich sinnvoll und zukunftssicher ist.<\/p>\n<\/div><\/div><figure class=\"wp-block-media-text__media\"><img loading=\"lazy\" decoding=\"async\" width=\"600\" height=\"600\" src=\"https:\/\/www.novotek.com\/at\/wp-content\/uploads\/sites\/13\/Careers_Novotek_600x600.jpg\" alt=\"\" class=\"wp-image-7348 size-full\" srcset=\"https:\/\/www.novotek.com\/at\/wp-content\/uploads\/sites\/13\/Careers_Novotek_600x600.jpg 600w, https:\/\/www.novotek.com\/at\/wp-content\/uploads\/sites\/13\/Careers_Novotek_600x600-300x300.jpg 300w, https:\/\/www.novotek.com\/at\/wp-content\/uploads\/sites\/13\/Careers_Novotek_600x600-150x150.jpg 150w\" sizes=\"auto, (max-width: 600px) 100vw, 600px\" \/><\/figure><\/div>\n<\/div>\n\n<div class=\"container-md paragraph  \">\n<p>Unser Expertenteam begleitet Sie kompetent durch alle Projektphasen, von der Analyse \u00fcber die Planung bis hin zur Implementierung und dar\u00fcber hinaus. Wir legen gro\u00dfen Wert auf eine enge Zusammenarbeit, um Ihre individuellen Anforderungen genau zu verstehen und optimal umzusetzen.<\/p>\n<\/div>\n\n<div class=\"container-md paragraph  \">\n<p>Vertrauen Sie bei der Beratung auf uns \u2013 durch unsere langj\u00e4hrige Erfahrung wissen wir ganz genau, worauf es ankommt, und sorgen daf\u00fcr, dass Sie von Anfang an die bestm\u00f6gliche Unterst\u00fctzung erhalten. Mit uns als Partner k\u00f6nnen Sie sicher sein, dass Ihre Projekte erfolgreich realisiert werden und Sie einen echten Wettbewerbsvorteil erzielen.<\/p>\n<\/div>\n\n<div class=\"container-md spacer  \">\n<div style=\"height:25px\" aria-hidden=\"true\" class=\"wp-block-spacer\"><\/div>\n<\/div>\n\n<div class=\"container-md heading  \">\n<h2 class=\"wp-block-heading has-text-color has-link-color wp-elements-fbac076eec3b365cffcd0bcefb51aeea\" style=\"color:#ab192d\"><a href=\"https:\/\/www.novotek.com\/at\/loesungen-produkte\/\">Unser Angebot<\/a><\/h2>\n<\/div>\n\n<div class=\"container-md list  \">\n<ul class=\"wp-block-list\"><div class=\"container-md list-item  \">\n<li>Konzepterstellung f\u00fcr MES, Digitalisierung und Automation<\/li>\n<\/div>\n\n<div class=\"container-md list-item  \">\n<li>Intuitive Maschinen- und Anlagenbedienung<\/li>\n<\/div>\n\n<div class=\"container-md list-item  \">\n<li>Cyber Security in der Hard- und Softwareentwicklung, f\u00fcr produzierende Unternehmen bzw. Anlagenbetreiber und Maschinenbauer bzw. Systemintegratoren<\/li>\n<\/div>\n\n<div class=\"container-md list-item  \">\n<li>Audits<\/li>\n<\/div>\n\n<div class=\"container-md list-item  \">\n<li>Pflichtenhefterstellung<\/li>\n<\/div>\n\n<div class=\"container-md list-item  \">\n<li>Projektmanagement<\/li>\n<\/div>\n\n<div class=\"container-md list-item  \">\n<li>Risikoanalysen<\/li>\n<\/div><\/ul>\n<\/div>\n\n<div class=\"container-md spacer  \">\n<div style=\"height:30px\" aria-hidden=\"true\" class=\"wp-block-spacer\"><\/div>\n<\/div>\n\n<div class=\"cta-block\">\n  <div class=\"container\">\n          <h2><\/br>Lassen Sie uns mehr erz\u00e4hlen!<\/h2>\n    \n          <div><p>Profitieren Sie von unserem Expertenwissen und holen Sie sich bei uns die Informationen<br \/>\nzur digitalen Transformation, der Automatisierung oder der industriellen IT.<\/p>\n<\/div>\n    \n          <a class=\"btn btn-primary\" href=\"https:\/\/www.novotek.com\/at\/kontakt\/\">Kontaktieren Sie uns<\/a>\n      <\/div>\n<\/div>\n","protected":false},"excerpt":{"rendered":"<p>Egal ob komplexe MES- und Digitalisierungsprojekte, Cyber Security, intuitive Maschinenbedienung: Wir beraten Sie gerne!<\/p>\n","protected":false},"author":15,"featured_media":21937,"parent":8180,"menu_order":1,"comment_status":"closed","ping_status":"closed","template":"","meta":{"_acf_changed":false,"_relevanssi_hide_post":"","_relevanssi_pin_for_all":"","_relevanssi_pin_keywords":"","_relevanssi_unpin_keywords":"","_relevanssi_related_keywords":"","_relevanssi_related_include_ids":"","_relevanssi_related_exclude_ids":"","_relevanssi_related_no_append":"","_relevanssi_related_not_related":"","_relevanssi_related_posts":"3200,3220,3208,3195,3216,3216","_relevanssi_noindex_reason":"","footnotes":""},"class_list":["post-8182","page","type-page","status-publish","has-post-thumbnail","hentry"],"acf":[],"yoast_head":"<!-- This site is optimized with the Yoast SEO plugin v27.4 - https:\/\/yoast.com\/product\/yoast-seo-wordpress\/ -->\n<title>Pers\u00f6nliche Beratung und professionelles Engineering - Novotek<\/title>\n<meta name=\"description\" content=\"Ihr Erfolg ist unser Ziel. Bei der Gestaltung Ihrer Produktionsprozesse stehen Ihnen unsere Experten mit Beratung und Engineering zur Seite.\" \/>\n<meta name=\"robots\" content=\"index, follow, max-snippet:-1, max-image-preview:large, max-video-preview:-1\" \/>\n<link rel=\"canonical\" href=\"https:\/\/www.novotek.com\/at\/dienstleistungen\/massgeschneiderte-beratung\/\" \/>\n<meta property=\"og:locale\" content=\"de_DE\" \/>\n<meta property=\"og:type\" content=\"article\" \/>\n<meta property=\"og:title\" content=\"Pers\u00f6nliche Beratung und professionelles Engineering - Novotek\" \/>\n<meta property=\"og:description\" content=\"Ihr Erfolg ist unser Ziel. Bei der Gestaltung Ihrer Produktionsprozesse stehen Ihnen unsere Experten mit Beratung und Engineering zur Seite.\" \/>\n<meta property=\"og:url\" content=\"https:\/\/www.novotek.com\/at\/dienstleistungen\/massgeschneiderte-beratung\/\" \/>\n<meta property=\"og:site_name\" content=\"Novotek Austria\" \/>\n<meta property=\"article:modified_time\" content=\"2025-08-18T12:59:18+00:00\" \/>\n<meta property=\"og:image\" content=\"https:\/\/www.novotek.com\/at\/wp-content\/uploads\/sites\/13\/Beratung.jpg.webp\" \/>\n\t<meta property=\"og:image:width\" content=\"2250\" \/>\n\t<meta property=\"og:image:height\" content=\"1500\" \/>\n\t<meta property=\"og:image:type\" content=\"image\/jpeg\" \/>\n<meta name=\"twitter:card\" content=\"summary_large_image\" \/>\n<meta name=\"twitter:label1\" content=\"Gesch\u00e4tzte Lesezeit\" \/>\n\t<meta name=\"twitter:data1\" content=\"2\u00a0Minuten\" \/>\n<script type=\"application\/ld+json\" class=\"yoast-schema-graph\">{\"@context\":\"https:\\\/\\\/schema.org\",\"@graph\":[{\"@type\":\"WebPage\",\"@id\":\"https:\\\/\\\/www.novotek.com\\\/at\\\/dienstleistungen\\\/massgeschneiderte-beratung\\\/\",\"url\":\"https:\\\/\\\/www.novotek.com\\\/at\\\/dienstleistungen\\\/massgeschneiderte-beratung\\\/\",\"name\":\"Pers\u00f6nliche Beratung und professionelles Engineering - Novotek\",\"isPartOf\":{\"@id\":\"https:\\\/\\\/www.novotek.com\\\/at\\\/#website\"},\"primaryImageOfPage\":{\"@id\":\"https:\\\/\\\/www.novotek.com\\\/at\\\/dienstleistungen\\\/massgeschneiderte-beratung\\\/#primaryimage\"},\"image\":{\"@id\":\"https:\\\/\\\/www.novotek.com\\\/at\\\/dienstleistungen\\\/massgeschneiderte-beratung\\\/#primaryimage\"},\"thumbnailUrl\":\"https:\\\/\\\/www.novotek.com\\\/at\\\/wp-content\\\/uploads\\\/sites\\\/13\\\/Beratung.jpg.webp\",\"datePublished\":\"2022-07-14T09:48:48+00:00\",\"dateModified\":\"2025-08-18T12:59:18+00:00\",\"description\":\"Ihr Erfolg ist unser Ziel. Bei der Gestaltung Ihrer Produktionsprozesse stehen Ihnen unsere Experten mit Beratung und Engineering zur Seite.\",\"breadcrumb\":{\"@id\":\"https:\\\/\\\/www.novotek.com\\\/at\\\/dienstleistungen\\\/massgeschneiderte-beratung\\\/#breadcrumb\"},\"inLanguage\":\"de-CH\",\"potentialAction\":[{\"@type\":\"ReadAction\",\"target\":[\"https:\\\/\\\/www.novotek.com\\\/at\\\/dienstleistungen\\\/massgeschneiderte-beratung\\\/\"]}]},{\"@type\":\"ImageObject\",\"inLanguage\":\"de-CH\",\"@id\":\"https:\\\/\\\/www.novotek.com\\\/at\\\/dienstleistungen\\\/massgeschneiderte-beratung\\\/#primaryimage\",\"url\":\"https:\\\/\\\/www.novotek.com\\\/at\\\/wp-content\\\/uploads\\\/sites\\\/13\\\/Beratung.jpg.webp\",\"contentUrl\":\"https:\\\/\\\/www.novotek.com\\\/at\\\/wp-content\\\/uploads\\\/sites\\\/13\\\/Beratung.jpg.webp\",\"width\":2250,\"height\":1500},{\"@type\":\"BreadcrumbList\",\"@id\":\"https:\\\/\\\/www.novotek.com\\\/at\\\/dienstleistungen\\\/massgeschneiderte-beratung\\\/#breadcrumb\",\"itemListElement\":[{\"@type\":\"ListItem\",\"position\":1,\"name\":\"Home\",\"item\":\"https:\\\/\\\/www.novotek.com\\\/at\\\/\"},{\"@type\":\"ListItem\",\"position\":2,\"name\":\"Dienstleistungen\",\"item\":\"https:\\\/\\\/www.novotek.com\\\/at\\\/dienstleistungen\\\/\"},{\"@type\":\"ListItem\",\"position\":3,\"name\":\"Beratung\"}]},{\"@type\":\"WebSite\",\"@id\":\"https:\\\/\\\/www.novotek.com\\\/at\\\/#website\",\"url\":\"https:\\\/\\\/www.novotek.com\\\/at\\\/\",\"name\":\"Novotek Switzerland\",\"description\":\"Connect - Digitalize - Optimize\",\"potentialAction\":[{\"@type\":\"SearchAction\",\"target\":{\"@type\":\"EntryPoint\",\"urlTemplate\":\"https:\\\/\\\/www.novotek.com\\\/at\\\/?s={search_term_string}\"},\"query-input\":{\"@type\":\"PropertyValueSpecification\",\"valueRequired\":true,\"valueName\":\"search_term_string\"}}],\"inLanguage\":\"de-CH\"}]}<\/script>\n<!-- \/ Yoast SEO plugin. -->","yoast_head_json":{"title":"Pers\u00f6nliche Beratung und professionelles Engineering - Novotek","description":"Ihr Erfolg ist unser Ziel. Bei der Gestaltung Ihrer Produktionsprozesse stehen Ihnen unsere Experten mit Beratung und Engineering zur Seite.","robots":{"index":"index","follow":"follow","max-snippet":"max-snippet:-1","max-image-preview":"max-image-preview:large","max-video-preview":"max-video-preview:-1"},"canonical":"https:\/\/www.novotek.com\/at\/dienstleistungen\/massgeschneiderte-beratung\/","og_locale":"de_DE","og_type":"article","og_title":"Pers\u00f6nliche Beratung und professionelles Engineering - Novotek","og_description":"Ihr Erfolg ist unser Ziel. Bei der Gestaltung Ihrer Produktionsprozesse stehen Ihnen unsere Experten mit Beratung und Engineering zur Seite.","og_url":"https:\/\/www.novotek.com\/at\/dienstleistungen\/massgeschneiderte-beratung\/","og_site_name":"Novotek Austria","article_modified_time":"2025-08-18T12:59:18+00:00","og_image":[{"width":2250,"height":1500,"url":"https:\/\/www.novotek.com\/at\/wp-content\/uploads\/sites\/13\/Beratung.jpg.webp","type":"image\/jpeg"}],"twitter_card":"summary_large_image","twitter_misc":{"Gesch\u00e4tzte Lesezeit":"2\u00a0Minuten"},"schema":{"@context":"https:\/\/schema.org","@graph":[{"@type":"WebPage","@id":"https:\/\/www.novotek.com\/at\/dienstleistungen\/massgeschneiderte-beratung\/","url":"https:\/\/www.novotek.com\/at\/dienstleistungen\/massgeschneiderte-beratung\/","name":"Pers\u00f6nliche Beratung und professionelles Engineering - Novotek","isPartOf":{"@id":"https:\/\/www.novotek.com\/at\/#website"},"primaryImageOfPage":{"@id":"https:\/\/www.novotek.com\/at\/dienstleistungen\/massgeschneiderte-beratung\/#primaryimage"},"image":{"@id":"https:\/\/www.novotek.com\/at\/dienstleistungen\/massgeschneiderte-beratung\/#primaryimage"},"thumbnailUrl":"https:\/\/www.novotek.com\/at\/wp-content\/uploads\/sites\/13\/Beratung.jpg.webp","datePublished":"2022-07-14T09:48:48+00:00","dateModified":"2025-08-18T12:59:18+00:00","description":"Ihr Erfolg ist unser Ziel. Bei der Gestaltung Ihrer Produktionsprozesse stehen Ihnen unsere Experten mit Beratung und Engineering zur Seite.","breadcrumb":{"@id":"https:\/\/www.novotek.com\/at\/dienstleistungen\/massgeschneiderte-beratung\/#breadcrumb"},"inLanguage":"de-CH","potentialAction":[{"@type":"ReadAction","target":["https:\/\/www.novotek.com\/at\/dienstleistungen\/massgeschneiderte-beratung\/"]}]},{"@type":"ImageObject","inLanguage":"de-CH","@id":"https:\/\/www.novotek.com\/at\/dienstleistungen\/massgeschneiderte-beratung\/#primaryimage","url":"https:\/\/www.novotek.com\/at\/wp-content\/uploads\/sites\/13\/Beratung.jpg.webp","contentUrl":"https:\/\/www.novotek.com\/at\/wp-content\/uploads\/sites\/13\/Beratung.jpg.webp","width":2250,"height":1500},{"@type":"BreadcrumbList","@id":"https:\/\/www.novotek.com\/at\/dienstleistungen\/massgeschneiderte-beratung\/#breadcrumb","itemListElement":[{"@type":"ListItem","position":1,"name":"Home","item":"https:\/\/www.novotek.com\/at\/"},{"@type":"ListItem","position":2,"name":"Dienstleistungen","item":"https:\/\/www.novotek.com\/at\/dienstleistungen\/"},{"@type":"ListItem","position":3,"name":"Beratung"}]},{"@type":"WebSite","@id":"https:\/\/www.novotek.com\/at\/#website","url":"https:\/\/www.novotek.com\/at\/","name":"Novotek Switzerland","description":"Connect - Digitalize - Optimize","potentialAction":[{"@type":"SearchAction","target":{"@type":"EntryPoint","urlTemplate":"https:\/\/www.novotek.com\/at\/?s={search_term_string}"},"query-input":{"@type":"PropertyValueSpecification","valueRequired":true,"valueName":"search_term_string"}}],"inLanguage":"de-CH"}]}},"_links":{"self":[{"href":"https:\/\/www.novotek.com\/at\/wp-json\/wp\/v2\/pages\/8182","targetHints":{"allow":["GET"]}}],"collection":[{"href":"https:\/\/www.novotek.com\/at\/wp-json\/wp\/v2\/pages"}],"about":[{"href":"https:\/\/www.novotek.com\/at\/wp-json\/wp\/v2\/types\/page"}],"author":[{"embeddable":true,"href":"https:\/\/www.novotek.com\/at\/wp-json\/wp\/v2\/users\/15"}],"replies":[{"embeddable":true,"href":"https:\/\/www.novotek.com\/at\/wp-json\/wp\/v2\/comments?post=8182"}],"version-history":[{"count":31,"href":"https:\/\/www.novotek.com\/at\/wp-json\/wp\/v2\/pages\/8182\/revisions"}],"predecessor-version":[{"id":25854,"href":"https:\/\/www.novotek.com\/at\/wp-json\/wp\/v2\/pages\/8182\/revisions\/25854"}],"up":[{"embeddable":true,"href":"https:\/\/www.novotek.com\/at\/wp-json\/wp\/v2\/pages\/8180"}],"wp:featuredmedia":[{"embeddable":true,"href":"https:\/\/www.novotek.com\/at\/wp-json\/wp\/v2\/media\/21937"}],"wp:attachment":[{"href":"https:\/\/www.novotek.com\/at\/wp-json\/wp\/v2\/media?parent=8182"}],"curies":[{"name":"wp","href":"https:\/\/api.w.org\/{rel}","templated":true}]}}