{"id":8187,"date":"2022-07-14T09:53:15","date_gmt":"2022-07-14T09:53:15","guid":{"rendered":"http:\/\/ch.novotek-multi.dev4.mildmedia-dev.eu\/?page_id=8187"},"modified":"2025-12-17T13:34:28","modified_gmt":"2025-12-17T13:34:28","slug":"ot-it-cloud-konnektivitaet-dataops","status":"publish","type":"page","link":"https:\/\/www.novotek.com\/at\/ot-it-cloud-konnektivitaet-dataops\/","title":{"rendered":"Konnektivit\u00e4t"},"content":{"rendered":"  <div class=\"hero\">\n    <div class=\"carousel hero-slider small\" data-flickity data-flickity-options='{\"prevNextButtons\": false}'>\n              <div class=\"carousel-cell\">\n          <div class=\"container\">\n            <div class=\"hero-content\">\n                              <h1><strong>OT &#8211; IT &#8211; Cloud Konnektivit\u00e4t<\/strong><\/h1>\n<p id=\"bouwen-aan-het-industrial-internet-of-things\"><strong>Korrekte Daten sind die Grundlage jeder erfolgreichen Digitalisierung<\/strong><br \/>\nEgal, welche Maschinen und Systeme sie verbinden m\u00f6chten, wir haben die richtige L\u00f6sung f\u00fcr Sie! Mit \u00fcber 150 verschiedenen Industrie-Protokollen und Plugins f\u00fcr IT-Systeme wird der Datenaustausch zwischen Produktionsanlagen, Datenbanken, MES, ERP und Cloud Systemen verbl\u00fcffend einfach &#8211; und das ohne Programmierung!<\/p>\n              \n                          <\/div>\n          <\/div>\n\n          <img decoding=\"async\" width=\"1024\" height=\"427\" src=\"https:\/\/www.novotek.com\/at\/wp-content\/uploads\/sites\/13\/Novotek_Industrial_IoT_header_1920x800px_NEW-1024x427.jpg.webp\" class=\"hero-bg\" alt=\"Hero Img\" fetchpriority=\"high\" srcset=\"https:\/\/www.novotek.com\/at\/wp-content\/uploads\/sites\/13\/Novotek_Industrial_IoT_header_1920x800px_NEW-1024x427.jpg.webp 1024w, https:\/\/www.novotek.com\/at\/wp-content\/uploads\/sites\/13\/Novotek_Industrial_IoT_header_1920x800px_NEW-300x125.jpg.webp 300w, https:\/\/www.novotek.com\/at\/wp-content\/uploads\/sites\/13\/Novotek_Industrial_IoT_header_1920x800px_NEW-768x320.jpg.webp 768w, https:\/\/www.novotek.com\/at\/wp-content\/uploads\/sites\/13\/Novotek_Industrial_IoT_header_1920x800px_NEW-1536x640.jpg.webp 1536w, https:\/\/www.novotek.com\/at\/wp-content\/uploads\/sites\/13\/Novotek_Industrial_IoT_header_1920x800px_NEW.jpg.webp 1920w\" sizes=\"(max-width: 1024px) 100vw, 1024px\" \/>                  <\/div>\n          <\/div>\n\n      <\/div>\n\n   \n\n\n<div class=\"container-md paragraph  \">\n<p>Der verst\u00e4rkte Fokus auf Industrie 4.0 und die Digitalisierung wird die Datenmenge in der industriellen Produktion in den n\u00e4chsten Jahren drastisch erh\u00f6hen.&nbsp;Viele Unternehmen m\u00f6chten diese Daten in Analysetools lokal oder in der Cloud nutzen, um Prozesse und Produktionen zu analysieren und optimieren.&nbsp;<\/p>\n<\/div>\n\n<div class=\"container-md paragraph  \">\n<p>Eine der gr\u00f6ssten Herausforderungen heute ist, dass Daten von Maschinen und Anlagen inkonsistent sind und oft keine Struktur haben.&nbsp;Daten, die sich beispielsweise auf eine Maschine beziehen, enthalten in der Regel Variablen\/Signale von Steuerungssystemen, in den meisten F\u00e4llen jedoch keine \u201eMetadaten\u201c wie zum Beispiel Standort, Typ und Seriennummer.&nbsp;Zudem sind sie oft nicht normalisiert (zum Beispiel unterschiedliche Einheiten) und stehen nicht in sinnigem Kontext zueinander. Eine echte Herausforderung f\u00fcr die Auswertung und die Analyse!&nbsp;Daten m\u00fcssen \u00fcber Anlagen, Maschinen, Prozesse und Produkte hinweg einheitlich analysiert werden k\u00f6nnen, um den maximalen Nutzen zu erreichen.<\/p>\n<\/div>\n\n<div class=\"container-md image  \">\n<figure class=\"wp-block-image size-full\"><img loading=\"lazy\" decoding=\"async\" width=\"1024\" height=\"537\" src=\"https:\/\/www.novotek.com\/at\/wp-content\/uploads\/sites\/13\/Novotek_DataOps_grafik-1024x537-1.png\" alt=\"\" class=\"wp-image-10114\" srcset=\"https:\/\/www.novotek.com\/at\/wp-content\/uploads\/sites\/13\/Novotek_DataOps_grafik-1024x537-1.png 1024w, https:\/\/www.novotek.com\/at\/wp-content\/uploads\/sites\/13\/Novotek_DataOps_grafik-1024x537-1-300x157.png 300w, https:\/\/www.novotek.com\/at\/wp-content\/uploads\/sites\/13\/Novotek_DataOps_grafik-1024x537-1-768x403.png 768w\" sizes=\"auto, (max-width: 1024px) 100vw, 1024px\" \/><\/figure>\n<\/div>\n\n<div class=\"container-md heading  \">\n<h2 class=\"wp-block-heading\" id=\"h-industrial-dataops-bietet-die-optimale-grundlage\">Industrial DataOps bietet die optimale Grundlage<\/h2>\n<\/div>\n\n<div class=\"container-md paragraph  \">\n<p>Industrial DataOps heisst \u00fcbersetzt industrielle Datenverarbeitung und Datenaufbereitung. Das heisst konkret, Daten aus Maschinen und Anlagen leicht zug\u00e4nglich zu machen, zu normalisieren und zu strukturieren, um sie dann Data Scientisten, Analysten, Ingenieuren und IT-Mitarbeitern auf einheitliche und verst\u00e4ndliche Art und Weise zur Verf\u00fcgung zu stellen, damit sie effizient weiterverarbeitet werden k\u00f6nnen.<\/p>\n<\/div>\n\n<div class=\"container-md heading  \">\n<h3 class=\"wp-block-heading\" id=\"h-was-ist-der-vorteil-von-industriellen-dataops-losungen\">Was ist der Vorteil von industriellen DataOps L\u00f6sungen?<\/h3>\n<\/div>\n\n<div class=\"container-md paragraph  \">\n<p>Mit unseren industriellen DataOps L\u00f6sungen k\u00f6nnen Daten aus mehreren verschiedenen Quellen (SPS, OPC, MQTT, REST, SQL usw.) erfasst, kontextualisiert und strukturiert werden, bevor diese f\u00fcr die Weiterverarbeitung (z. B. f\u00fcr Analysezwecke) weitergeben werden.&nbsp;<\/p>\n<\/div>\n\n<div class=\"container media-text  align\">\n<div class=\"wp-block-media-text is-stacked-on-mobile\" style=\"grid-template-columns:35% auto\"><figure class=\"wp-block-media-text__media\"><img loading=\"lazy\" decoding=\"async\" width=\"800\" height=\"800\" src=\"https:\/\/www.novotek.com\/at\/wp-content\/uploads\/sites\/13\/kommunikations-mit-protokollen-des-Internet_of_things_800x800px.png\" alt=\"\" class=\"wp-image-8427 size-full\" srcset=\"https:\/\/www.novotek.com\/at\/wp-content\/uploads\/sites\/13\/kommunikations-mit-protokollen-des-Internet_of_things_800x800px.png 800w, https:\/\/www.novotek.com\/at\/wp-content\/uploads\/sites\/13\/kommunikations-mit-protokollen-des-Internet_of_things_800x800px-300x300.png 300w, https:\/\/www.novotek.com\/at\/wp-content\/uploads\/sites\/13\/kommunikations-mit-protokollen-des-Internet_of_things_800x800px-150x150.png 150w, https:\/\/www.novotek.com\/at\/wp-content\/uploads\/sites\/13\/kommunikations-mit-protokollen-des-Internet_of_things_800x800px-768x768.png 768w\" sizes=\"auto, (max-width: 800px) 100vw, 800px\" \/><\/figure><div class=\"wp-block-media-text__content\"><div class=\"container-md heading  \">\n<h3 class=\"wp-block-heading\" id=\"h-industrial-iot-ist-die-nahtlose-kommunikation-von-maschinen-und-sensoren-mit-it-und-cloud-applikationen\">Industrial IoT ist die nahtlose Kommunikation von Maschinen und Sensoren mit IT- und Cloud-Applikationen<\/h3>\n<\/div>\n\n<div class=\"container-md paragraph  \">\n<p>Anstelle der herk\u00f6mmlichen Eins-zu-eins-Integrationen ist eine DataOps-L\u00f6sung einfach skalierbar.&nbsp;Dadurch k\u00f6nnen Hunderte von Maschinen mit Tausenden von Datenpunkten \u00fcber eine Reihe von Standardmodellen (z. B. Motor, Pumpen usw.) verwaltet werden.&nbsp;Die Daten werden vor der Weiterleitung aufbereitet und strukturiert, um zu vermeiden, dass redundante Daten durch das System versendet werden.&nbsp;So erhalten Daten Scientisten, Prozess Analysten, Ingenieure und IT-Personal Daten, die keiner weiteren Verarbeitung und Modellierung (Codierung) bed\u00fcrfen.&nbsp;Einfach &#171;Ready to use&#187;!<\/p>\n<\/div><\/div><\/div>\n<\/div>\n\n<div class=\"container-md spacer  \">\n<div style=\"height:50px\" aria-hidden=\"true\" class=\"wp-block-spacer\"><\/div>\n<\/div>\n\n  <div class=\"hero\">\n    <div class=\"carousel hero-slider small\" data-flickity data-flickity-options='{\"prevNextButtons\": false}'>\n              <div class=\"carousel-cell\">\n          <div class=\"container\">\n            <div class=\"hero-content\">\n                              <h2>OPC &#8211; Der Standard der industriellen Kommunikation<\/h2>\n<p>OPC ist heute die am weitesten verbreitete Form der industriellen Kommunikation. Die nahtlose und einheitliche Kommunikation zwischen Maschinen, Anlagen und Systemen bildet die Grundlage f\u00fcr Industrie 4.0 und digitale Transformation.<\/p>\n              \n                              <a class=\"btn btn-primary\" href=\"https:\/\/www.novotek.com\/at\/insight\/der-industrielle-kommunikationsstandard\/\">\n                  Erfahren Sie mehr \u00fcber OPC                <\/a>\n                          <\/div>\n          <\/div>\n\n          <img decoding=\"async\" width=\"1024\" height=\"427\" src=\"https:\/\/www.novotek.com\/at\/wp-content\/uploads\/sites\/13\/OPC_Connectivity_1920x800-1024x427.jpg.webp\" class=\"hero-bg\" alt=\"Hero Img\" fetchpriority=\"high\" srcset=\"https:\/\/www.novotek.com\/at\/wp-content\/uploads\/sites\/13\/OPC_Connectivity_1920x800-1024x427.jpg.webp 1024w, https:\/\/www.novotek.com\/at\/wp-content\/uploads\/sites\/13\/OPC_Connectivity_1920x800-300x125.jpg.webp 300w, https:\/\/www.novotek.com\/at\/wp-content\/uploads\/sites\/13\/OPC_Connectivity_1920x800-768x320.jpg.webp 768w, https:\/\/www.novotek.com\/at\/wp-content\/uploads\/sites\/13\/OPC_Connectivity_1920x800-1536x640.jpg.webp 1536w, https:\/\/www.novotek.com\/at\/wp-content\/uploads\/sites\/13\/OPC_Connectivity_1920x800.jpg.webp 1920w\" sizes=\"(max-width: 1024px) 100vw, 1024px\" \/>                  <\/div>\n          <\/div>\n\n      <\/div>\n\n   \n\n\n<div class=\"container media-text  align\">\n<div class=\"wp-block-media-text has-media-on-the-right is-stacked-on-mobile\" style=\"grid-template-columns:auto 40%\"><div class=\"wp-block-media-text__content\"><div class=\"container-md heading  \">\n<h3 class=\"wp-block-heading\" id=\"h-nahtlose-integration-von-ot-und-it-systemen\">Nahtlose Integration von OT und IT Systemen<\/h3>\n<\/div>\n\n<div class=\"container-md paragraph  \">\n<p>Industrieanlagen und IT-Systeme kommunizieren auf unterschiedliche Weise.&nbsp;Darum muss sich eine DataOps-L\u00f6sung nahtlos in industrielle Ger\u00e4te und Datenquellen integrieren lassen und gleichzeitig einen Mehrwert f\u00fcr IT-Anwendungen bieten.&nbsp;DataOps vereinfacht die Kommunikation und Zusammenarbeit zwischen Data Scientisten, Analysten, Ingenieuren und IT- und OT-Personal.&nbsp;Ein kontinuierlicher und zuverl\u00e4ssiger Zugriff auf Daten des gesamten Unternehmens optimiert und sichert die Qualit\u00e4t der Analysearbeit.<\/p>\n<\/div><\/div><figure class=\"wp-block-media-text__media\"><img loading=\"lazy\" decoding=\"async\" width=\"1024\" height=\"662\" src=\"https:\/\/www.novotek.com\/at\/wp-content\/uploads\/sites\/13\/OT-Personen-Novotek-1024x662-1.jpg\" alt=\"\" class=\"wp-image-8431 size-full\" srcset=\"https:\/\/www.novotek.com\/at\/wp-content\/uploads\/sites\/13\/OT-Personen-Novotek-1024x662-1.jpg 1024w, https:\/\/www.novotek.com\/at\/wp-content\/uploads\/sites\/13\/OT-Personen-Novotek-1024x662-1-300x194.jpg 300w, https:\/\/www.novotek.com\/at\/wp-content\/uploads\/sites\/13\/OT-Personen-Novotek-1024x662-1-768x497.jpg 768w\" sizes=\"auto, (max-width: 1024px) 100vw, 1024px\" \/><\/figure><\/div>\n<\/div>\n\n<div class=\"container-md spacer  \">\n<div style=\"height:100px\" aria-hidden=\"true\" class=\"wp-block-spacer\"><\/div>\n<\/div>\n\n  <div class=\"slider-column-parent\">\n    <div class=\"container\">\n      <div class=\"slider-column-title\">Unsere DataOps L\u00f6sungen<\/div>\n\n      <div class=\"slider-column\">\n        <div class=\"slider-cell carousel-cell large\"><div class=\"column-box\">\n  \n      <div class=\"title\">\n      Intelligence Hub <br> von HighByte    <\/div>\n  \n      <div class=\"text\">\n      <p>Intelligence Hub ist eine industrielle DataOps-Softwarel\u00f6sung f\u00fcr die Modellierung, Bereitstellung und Verwaltung von Industriedaten.<\/p>\n    <\/div>\n  \n      <a class=\"link\"  href=\"https:\/\/www.novotek.com\/at\/ot-it-cloud-konnektivitaet-dataops\/highbyte-intelligence-hub-dataops-loesung\/\" target=\"\">\n      Intelligence Hub    <\/a>\n  \n  <\/div>\n\n<\/div><div class=\"slider-cell carousel-cell large\"><div class=\"column-box\">\n  \n      <div class=\"title\">\n      Kepware Server <br> von Kepware    <\/div>\n  \n      <div class=\"text\">\n      <p>Kepware Server ist die f\u00fchrende industrielle Konnektivit\u00e4tsplattform. Mit \u00fcber 160 SPS-Kommunikationsprotokollen ist sie die zentrale Quelle f\u00fcr Automationsdaten in einem Betrieb.<\/p>\n    <\/div>\n  \n      <a class=\"link\"  href=\"https:\/\/www.novotek.com\/at\/ot-it-cloud-konnektivitaet-dataops\/konnektivitaets-und-kommunikationsplattform\/\" target=\"\">\n      Kepware Server    <\/a>\n  \n  <\/div>\n\n<\/div><div class=\"slider-cell carousel-cell large\"><div class=\"column-box\">\n  \n      <div class=\"title\">\n      OPC Router <br> von inray    <\/div>\n  \n      <div class=\"text\">\n      <p>Der OPC Router ein modularer industrieller Messagebroker und sorgt in einem Betrieb f\u00fcr den automatisierten Datenaustausch zwischen und innerhalb von OT, IT und Cloud Systemen.<\/p>\n    <\/div>\n  \n      <a class=\"link\"  href=\"https:\/\/www.novotek.com\/at\/ot-it-cloud-konnektivitaet-dataops\/opc-router\/\" target=\"\">\n      OPC Router    <\/a>\n  \n  <\/div>\n\n<\/div>      <\/div>\n    <\/div>\n  <\/div>\n\n\n<div class=\"container-md spacer  \">\n<div style=\"height:10px\" aria-hidden=\"true\" class=\"wp-block-spacer\"><\/div>\n<\/div>\n\n<div class=\"container-md paragraph  \">\n<p><\/p>\n<\/div>","protected":false},"excerpt":{"rendered":"<p>Korrekte Daten und robuste Verbindungen sind die Grundlage jeder erfolgreichen Digitalisierung.<br \/>\nMit unseren Standardprodukten verbinden wir OT &#8211; IT und Cloud Systeme.<\/p>\n","protected":false},"author":14,"featured_media":0,"parent":0,"menu_order":2,"comment_status":"closed","ping_status":"closed","template":"","meta":{"_acf_changed":false,"_relevanssi_hide_post":"","_relevanssi_pin_for_all":"","_relevanssi_pin_keywords":"","_relevanssi_unpin_keywords":"","_relevanssi_related_keywords":"","_relevanssi_related_include_ids":"","_relevanssi_related_exclude_ids":"","_relevanssi_related_no_append":"","_relevanssi_related_not_related":"","_relevanssi_related_posts":"3200,3220,3195,3216,3208","_relevanssi_noindex_reason":"","footnotes":""},"class_list":["post-8187","page","type-page","status-publish","hentry"],"acf":[],"yoast_head":"<!-- This site is optimized with the Yoast SEO plugin v27.4 - https:\/\/yoast.com\/product\/yoast-seo-wordpress\/ -->\n<title>Konnektivit\u00e4t - Novotek Austria<\/title>\n<meta name=\"description\" content=\"Eine DataOps-L\u00f6sung ist die Grundlagen jeder erfolgreichen Digitalisierung! Sie hilft Daten besser zu verstehen und effizienter zu nutzen.\" \/>\n<meta name=\"robots\" content=\"index, follow, max-snippet:-1, max-image-preview:large, max-video-preview:-1\" \/>\n<link rel=\"canonical\" href=\"https:\/\/www.novotek.com\/at\/ot-it-cloud-konnektivitaet-dataops\/\" \/>\n<meta property=\"og:locale\" content=\"de_DE\" \/>\n<meta property=\"og:type\" content=\"article\" \/>\n<meta property=\"og:title\" content=\"Konnektivit\u00e4t - Novotek Austria\" \/>\n<meta property=\"og:description\" content=\"Eine DataOps-L\u00f6sung ist die Grundlagen jeder erfolgreichen Digitalisierung! Sie hilft Daten besser zu verstehen und effizienter zu nutzen.\" \/>\n<meta property=\"og:url\" content=\"https:\/\/www.novotek.com\/at\/ot-it-cloud-konnektivitaet-dataops\/\" \/>\n<meta property=\"og:site_name\" content=\"Novotek Austria\" \/>\n<meta property=\"article:modified_time\" content=\"2025-12-17T13:34:28+00:00\" \/>\n<meta property=\"og:image\" content=\"https:\/\/www.novotek.com\/at\/wp-content\/uploads\/sites\/13\/Novotek_DataOps_grafik-1024x537-1.png\" \/>\n<meta name=\"twitter:card\" content=\"summary_large_image\" \/>\n<meta name=\"twitter:label1\" content=\"Gesch\u00e4tzte Lesezeit\" \/>\n\t<meta name=\"twitter:data1\" content=\"3\u00a0Minuten\" \/>\n<script type=\"application\/ld+json\" class=\"yoast-schema-graph\">{\"@context\":\"https:\\\/\\\/schema.org\",\"@graph\":[{\"@type\":\"WebPage\",\"@id\":\"https:\\\/\\\/www.novotek.com\\\/at\\\/ot-it-cloud-konnektivitaet-dataops\\\/\",\"url\":\"https:\\\/\\\/www.novotek.com\\\/at\\\/ot-it-cloud-konnektivitaet-dataops\\\/\",\"name\":\"Konnektivit\u00e4t - Novotek Austria\",\"isPartOf\":{\"@id\":\"https:\\\/\\\/www.novotek.com\\\/at\\\/#website\"},\"primaryImageOfPage\":{\"@id\":\"https:\\\/\\\/www.novotek.com\\\/at\\\/ot-it-cloud-konnektivitaet-dataops\\\/#primaryimage\"},\"image\":{\"@id\":\"https:\\\/\\\/www.novotek.com\\\/at\\\/ot-it-cloud-konnektivitaet-dataops\\\/#primaryimage\"},\"thumbnailUrl\":\"https:\\\/\\\/www.novotek.com\\\/at\\\/wp-content\\\/uploads\\\/sites\\\/13\\\/Novotek_DataOps_grafik-1024x537-1.png\",\"datePublished\":\"2022-07-14T09:53:15+00:00\",\"dateModified\":\"2025-12-17T13:34:28+00:00\",\"description\":\"Eine DataOps-L\u00f6sung ist die Grundlagen jeder erfolgreichen Digitalisierung! Sie hilft Daten besser zu verstehen und effizienter zu nutzen.\",\"breadcrumb\":{\"@id\":\"https:\\\/\\\/www.novotek.com\\\/at\\\/ot-it-cloud-konnektivitaet-dataops\\\/#breadcrumb\"},\"inLanguage\":\"de-CH\",\"potentialAction\":[{\"@type\":\"ReadAction\",\"target\":[\"https:\\\/\\\/www.novotek.com\\\/at\\\/ot-it-cloud-konnektivitaet-dataops\\\/\"]}]},{\"@type\":\"ImageObject\",\"inLanguage\":\"de-CH\",\"@id\":\"https:\\\/\\\/www.novotek.com\\\/at\\\/ot-it-cloud-konnektivitaet-dataops\\\/#primaryimage\",\"url\":\"https:\\\/\\\/www.novotek.com\\\/at\\\/wp-content\\\/uploads\\\/sites\\\/13\\\/Novotek_DataOps_grafik-1024x537-1.png.webp\",\"contentUrl\":\"https:\\\/\\\/www.novotek.com\\\/at\\\/wp-content\\\/uploads\\\/sites\\\/13\\\/Novotek_DataOps_grafik-1024x537-1.png.webp\",\"width\":1024,\"height\":537},{\"@type\":\"BreadcrumbList\",\"@id\":\"https:\\\/\\\/www.novotek.com\\\/at\\\/ot-it-cloud-konnektivitaet-dataops\\\/#breadcrumb\",\"itemListElement\":[{\"@type\":\"ListItem\",\"position\":1,\"name\":\"Home\",\"item\":\"https:\\\/\\\/www.novotek.com\\\/at\\\/\"},{\"@type\":\"ListItem\",\"position\":2,\"name\":\"Konnektivit\u00e4t\"}]},{\"@type\":\"WebSite\",\"@id\":\"https:\\\/\\\/www.novotek.com\\\/at\\\/#website\",\"url\":\"https:\\\/\\\/www.novotek.com\\\/at\\\/\",\"name\":\"Novotek Switzerland\",\"description\":\"Connect - Digitalize - Optimize\",\"potentialAction\":[{\"@type\":\"SearchAction\",\"target\":{\"@type\":\"EntryPoint\",\"urlTemplate\":\"https:\\\/\\\/www.novotek.com\\\/at\\\/?s={search_term_string}\"},\"query-input\":{\"@type\":\"PropertyValueSpecification\",\"valueRequired\":true,\"valueName\":\"search_term_string\"}}],\"inLanguage\":\"de-CH\"}]}<\/script>\n<!-- \/ Yoast SEO plugin. -->","yoast_head_json":{"title":"Konnektivit\u00e4t - Novotek Austria","description":"Eine DataOps-L\u00f6sung ist die Grundlagen jeder erfolgreichen Digitalisierung! Sie hilft Daten besser zu verstehen und effizienter zu nutzen.","robots":{"index":"index","follow":"follow","max-snippet":"max-snippet:-1","max-image-preview":"max-image-preview:large","max-video-preview":"max-video-preview:-1"},"canonical":"https:\/\/www.novotek.com\/at\/ot-it-cloud-konnektivitaet-dataops\/","og_locale":"de_DE","og_type":"article","og_title":"Konnektivit\u00e4t - Novotek Austria","og_description":"Eine DataOps-L\u00f6sung ist die Grundlagen jeder erfolgreichen Digitalisierung! Sie hilft Daten besser zu verstehen und effizienter zu nutzen.","og_url":"https:\/\/www.novotek.com\/at\/ot-it-cloud-konnektivitaet-dataops\/","og_site_name":"Novotek Austria","article_modified_time":"2025-12-17T13:34:28+00:00","og_image":[{"url":"https:\/\/www.novotek.com\/at\/wp-content\/uploads\/sites\/13\/Novotek_DataOps_grafik-1024x537-1.png","type":"","width":"","height":""}],"twitter_card":"summary_large_image","twitter_misc":{"Gesch\u00e4tzte Lesezeit":"3\u00a0Minuten"},"schema":{"@context":"https:\/\/schema.org","@graph":[{"@type":"WebPage","@id":"https:\/\/www.novotek.com\/at\/ot-it-cloud-konnektivitaet-dataops\/","url":"https:\/\/www.novotek.com\/at\/ot-it-cloud-konnektivitaet-dataops\/","name":"Konnektivit\u00e4t - Novotek Austria","isPartOf":{"@id":"https:\/\/www.novotek.com\/at\/#website"},"primaryImageOfPage":{"@id":"https:\/\/www.novotek.com\/at\/ot-it-cloud-konnektivitaet-dataops\/#primaryimage"},"image":{"@id":"https:\/\/www.novotek.com\/at\/ot-it-cloud-konnektivitaet-dataops\/#primaryimage"},"thumbnailUrl":"https:\/\/www.novotek.com\/at\/wp-content\/uploads\/sites\/13\/Novotek_DataOps_grafik-1024x537-1.png","datePublished":"2022-07-14T09:53:15+00:00","dateModified":"2025-12-17T13:34:28+00:00","description":"Eine DataOps-L\u00f6sung ist die Grundlagen jeder erfolgreichen Digitalisierung! Sie hilft Daten besser zu verstehen und effizienter zu nutzen.","breadcrumb":{"@id":"https:\/\/www.novotek.com\/at\/ot-it-cloud-konnektivitaet-dataops\/#breadcrumb"},"inLanguage":"de-CH","potentialAction":[{"@type":"ReadAction","target":["https:\/\/www.novotek.com\/at\/ot-it-cloud-konnektivitaet-dataops\/"]}]},{"@type":"ImageObject","inLanguage":"de-CH","@id":"https:\/\/www.novotek.com\/at\/ot-it-cloud-konnektivitaet-dataops\/#primaryimage","url":"https:\/\/www.novotek.com\/at\/wp-content\/uploads\/sites\/13\/Novotek_DataOps_grafik-1024x537-1.png.webp","contentUrl":"https:\/\/www.novotek.com\/at\/wp-content\/uploads\/sites\/13\/Novotek_DataOps_grafik-1024x537-1.png.webp","width":1024,"height":537},{"@type":"BreadcrumbList","@id":"https:\/\/www.novotek.com\/at\/ot-it-cloud-konnektivitaet-dataops\/#breadcrumb","itemListElement":[{"@type":"ListItem","position":1,"name":"Home","item":"https:\/\/www.novotek.com\/at\/"},{"@type":"ListItem","position":2,"name":"Konnektivit\u00e4t"}]},{"@type":"WebSite","@id":"https:\/\/www.novotek.com\/at\/#website","url":"https:\/\/www.novotek.com\/at\/","name":"Novotek Switzerland","description":"Connect - Digitalize - Optimize","potentialAction":[{"@type":"SearchAction","target":{"@type":"EntryPoint","urlTemplate":"https:\/\/www.novotek.com\/at\/?s={search_term_string}"},"query-input":{"@type":"PropertyValueSpecification","valueRequired":true,"valueName":"search_term_string"}}],"inLanguage":"de-CH"}]}},"_links":{"self":[{"href":"https:\/\/www.novotek.com\/at\/wp-json\/wp\/v2\/pages\/8187","targetHints":{"allow":["GET"]}}],"collection":[{"href":"https:\/\/www.novotek.com\/at\/wp-json\/wp\/v2\/pages"}],"about":[{"href":"https:\/\/www.novotek.com\/at\/wp-json\/wp\/v2\/types\/page"}],"author":[{"embeddable":true,"href":"https:\/\/www.novotek.com\/at\/wp-json\/wp\/v2\/users\/14"}],"replies":[{"embeddable":true,"href":"https:\/\/www.novotek.com\/at\/wp-json\/wp\/v2\/comments?post=8187"}],"version-history":[{"count":113,"href":"https:\/\/www.novotek.com\/at\/wp-json\/wp\/v2\/pages\/8187\/revisions"}],"predecessor-version":[{"id":27319,"href":"https:\/\/www.novotek.com\/at\/wp-json\/wp\/v2\/pages\/8187\/revisions\/27319"}],"wp:attachment":[{"href":"https:\/\/www.novotek.com\/at\/wp-json\/wp\/v2\/media?parent=8187"}],"curies":[{"name":"wp","href":"https:\/\/api.w.org\/{rel}","templated":true}]}}