{"id":8254,"date":"2022-07-15T08:57:32","date_gmt":"2022-07-15T08:57:32","guid":{"rendered":"http:\/\/ch.novotek-multi.dev4.mildmedia-dev.eu\/?page_id=8254"},"modified":"2022-08-23T14:24:17","modified_gmt":"2022-08-23T14:24:17","slug":"steuerungen-io-rsti","status":"publish","type":"page","link":"https:\/\/www.novotek.com\/at\/hardware-industrieprozesse\/steuerungen-io-rsti\/","title":{"rendered":"I\/O &#8211; Systeme"},"content":{"rendered":"  <div class=\"hero\">\n    <div class=\"carousel hero-slider small\" data-flickity data-flickity-options='{\"prevNextButtons\": false}'>\n              <div class=\"carousel-cell\">\n          <div class=\"container\">\n            <div class=\"hero-content\">\n                              <h1>PACSystem I\/O &#8211; Systeme<\/h1>\n<p>Die kompakte L\u00f6sung f\u00fcr dezentrale I\/O Knotenpunkte. Einfach in der Konfiguration, modular in der Kommunikation und intuitiv zu Bedienen.<\/p>\n              \n                          <\/div>\n          <\/div>\n\n          <img decoding=\"async\" width=\"1024\" height=\"427\" src=\"https:\/\/www.novotek.com\/at\/wp-content\/uploads\/sites\/13\/2021\/Novotek_UK\/Solutions_and_Products\/VersaMax\/PLS_styresystemer_duotone_1980x800-1024x427.jpg.webp\" class=\"hero-bg\" alt=\"Hero Img\" fetchpriority=\"high\" srcset=\"https:\/\/www.novotek.com\/at\/wp-content\/uploads\/sites\/13\/2021\/Novotek_UK\/Solutions_and_Products\/VersaMax\/PLS_styresystemer_duotone_1980x800-1024x427.jpg.webp 1024w, https:\/\/www.novotek.com\/at\/wp-content\/uploads\/sites\/13\/2021\/Novotek_UK\/Solutions_and_Products\/VersaMax\/PLS_styresystemer_duotone_1980x800-300x125.jpg.webp 300w, https:\/\/www.novotek.com\/at\/wp-content\/uploads\/sites\/13\/2021\/Novotek_UK\/Solutions_and_Products\/VersaMax\/PLS_styresystemer_duotone_1980x800-768x320.jpg.webp 768w, https:\/\/www.novotek.com\/at\/wp-content\/uploads\/sites\/13\/2021\/Novotek_UK\/Solutions_and_Products\/VersaMax\/PLS_styresystemer_duotone_1980x800-1536x640.jpg.webp 1536w, https:\/\/www.novotek.com\/at\/wp-content\/uploads\/sites\/13\/2021\/Novotek_UK\/Solutions_and_Products\/VersaMax\/PLS_styresystemer_duotone_1980x800.jpg.webp 1920w\" sizes=\"(max-width: 1024px) 100vw, 1024px\" \/>                  <\/div>\n          <\/div>\n\n      <\/div>\n\n   \n\n\n<div class=\"container-md paragraph  \">\n<p>Die Ethernet-basierte I\/O Baureihe RSTi von Emerson bietet Hochgeschwindigkeits-Kommunikation f\u00fcr eine verbesserte Verarbeitung grosser Datenmengen dezentraler Ger\u00e4ten wie Sensoren, Frequenzumrichter oder abgesetzter Steuerungen. RSTi I\/O steht f\u00fcr Kontinuit\u00e4t, Konnektivit\u00e4t und Zusammenarbeit dezentraler aufgebauter Steuerungssysteme.<\/p>\n<\/div>\n\n<div class=\"container-md spacer  \">\n<div style=\"height:10px\" aria-hidden=\"true\" class=\"wp-block-spacer\"><\/div>\n<\/div>\n\n<div class=\"container-md heading  \">\n<h2 class=\"wp-block-heading\">Die smarte Architektur<\/h2>\n<\/div>\n\n<div class=\"container-md paragraph  \">\n<p>Vernetzte Maschinen erfordern heute innovative und leistungsstarke Steuerungssysteme. PACSystem RSTi-EP kombiniert modernste Technologie in einem modularen und kompakten Design. RSTi-EP bietet industrief\u00fchrende Konnektivit\u00e4t und Einsatzf\u00e4higkeit in Kombination mit hoher Performance \u2013 all das bei minimalem Platzbedarf.<\/p>\n<\/div>\n\n<div class=\"container-md spacer  \">\n<div style=\"height:30px\" aria-hidden=\"true\" class=\"wp-block-spacer\"><\/div>\n<\/div>\n\n<div class=\"container media-text  \">\n<div class=\"wp-block-media-text alignwide is-stacked-on-mobile\" style=\"grid-template-columns:30% auto\"><figure class=\"wp-block-media-text__media\"><img loading=\"lazy\" decoding=\"async\" width=\"538\" height=\"470\" src=\"https:\/\/www.novotek.com\/at\/wp-content\/uploads\/sites\/13\/RSTI-EP-Power-Module-Emerson.jpg\" alt=\"RSTI-EP Power Module Emerson\" class=\"wp-image-8910 size-full\" srcset=\"https:\/\/www.novotek.com\/at\/wp-content\/uploads\/sites\/13\/RSTI-EP-Power-Module-Emerson.jpg 538w, https:\/\/www.novotek.com\/at\/wp-content\/uploads\/sites\/13\/RSTI-EP-Power-Module-Emerson-300x262.jpg 300w\" sizes=\"auto, (max-width: 538px) 100vw, 538px\" \/><\/figure><div class=\"wp-block-media-text__content\"><div class=\"container-md heading  \">\n<h3 class=\"wp-block-heading\">PACSystems RSTi-EP I\/O<\/h3>\n<\/div>\n\n<div class=\"container-md paragraph  \">\n<p>Das RSTi-EP Remote-I\/O-System eignet sich speziell f\u00fcr industrielle Anwendung mit erh\u00f6hten Anforderungen an die Kommunikation. Es verf\u00fcgt es \u00fcber verbesserte Diagnosefunktionen, Plug-and-Play-Konnektivit\u00e4t, hohe Kanaldichte und einen erweiterten Betriebstemperaturbereich. Eigenschaften, welche im Maschinenbau unerl\u00e4sslich sind. Die erweiterte Diagnostik unterst\u00fctzt zudem die Fernwartung, insbesondere f\u00fcr Anwendungen bei denen die I\/O&#8217;s, Sensoren oder Aktoren schwer erreichbar sind. RSTi-EP I\/O l\u00e4sst sich problemlos erweitern und w\u00e4chst so mit Ihren Systemanforderungen mit. <\/p>\n<\/div>\n\n<div class=\"container-md heading  \">\n<h4 class=\"wp-block-heading\"><strong>Highlights<\/strong><\/h4>\n<\/div>\n\n<div class=\"container-md list  \">\n<ul class=\"wp-block-list\"><li>kompakte Bauweise<\/li><li>\u201cHot Swap\u201d Design \u2013 ausgefallene Module einfach austauschen<\/li><li>Integrierter Webserver f\u00fcr Inbetriebnahme, Diagnose und Firmwareupgrade<\/li><li>Netzwerk-Adapter: unterst\u00fctzt PROFINET RT, PROFIBUS, Modbus TCP und EtherCAT<\/li><li>100Mbps Ethernet<\/li><li>einfache Fehlerdiagnosen dank LEDs an den I\/O&#8217;s<\/li><li>\u201cPlug and Play\u201d Installation und einfache Wartung<\/li><li>erweiterter Temperaturbereich<\/li><\/ul>\n<\/div><\/div><\/div>\n<\/div>\n\n<div class=\"container-md spacer  \">\n<div style=\"height:30px\" aria-hidden=\"true\" class=\"wp-block-spacer\"><\/div>\n<\/div>\n\n<div class=\"container-md heading  \">\n<h3 class=\"wp-block-heading\">Rackbasierte I\/O&#8217;s von Emerson<\/h3>\n<\/div>\n\n<div class=\"container-md paragraph  \">\n<p>Die Rack basierte I\/O-Familie von Emerson umfasst zwei Produktreihen mit einer breiten Palette diskreter, analoger, gemischter oder spezieller E\/A-Module, einschliesslich Thermoelemente und RTD. Alle Module lassen sich ohne Werkzeug stecken und sind Hot-Plug f\u00e4hig. VersaMax eignet sich dabei eher f\u00fcr kleine Maschinen und leichte Prozessanwendungen, w\u00e4hrend die RX3i Reihe erweiterte Diagnosefunktionen und leistungsstarke I\/O-Funktionen mit mehreren Erweiterungsoptionen, einschliesslich erweitertem Energiemanagement, bietet.<\/p>\n<\/div>\n\n<div class=\"container-md paragraph  \">\n<p><a href=\"https:\/\/www.emerson.com\/en-us\/automation\/control-and-safety-systems\/programmable-automation-control-systems\/industrial-io\/chassis-based-io\" target=\"_blank\" rel=\"noreferrer noopener\"><strong>Finden Sie weitere Informationen zu den I\/O-Serien auf der Webseite von Emerson.<\/strong><\/a><\/p>\n<\/div>\n\n<div class=\"container media-text  \">\n<div class=\"wp-block-media-text alignwide is-stacked-on-mobile\" style=\"grid-template-columns:30% auto\"><figure class=\"wp-block-media-text__media\"><img loading=\"lazy\" decoding=\"async\" width=\"600\" height=\"600\" src=\"https:\/\/www.novotek.com\/at\/wp-content\/uploads\/sites\/13\/pacsystems-rx3i-cpe330-e1580394141801-300x196-1.jpg\" alt=\"\" class=\"wp-image-10212 size-full\" srcset=\"https:\/\/www.novotek.com\/at\/wp-content\/uploads\/sites\/13\/pacsystems-rx3i-cpe330-e1580394141801-300x196-1.jpg 600w, https:\/\/www.novotek.com\/at\/wp-content\/uploads\/sites\/13\/pacsystems-rx3i-cpe330-e1580394141801-300x196-1-300x300.jpg 300w, https:\/\/www.novotek.com\/at\/wp-content\/uploads\/sites\/13\/pacsystems-rx3i-cpe330-e1580394141801-300x196-1-150x150.jpg 150w\" sizes=\"auto, (max-width: 600px) 100vw, 600px\" \/><\/figure><div class=\"wp-block-media-text__content\"><div class=\"container-md heading  \">\n<h3 class=\"wp-block-heading\">RX3i I\/O\u2019s<\/h3>\n<\/div>\n\n<div class=\"container-md paragraph  \">\n<p>Die RX3i I\/O Serie wurde f\u00fcr gesch\u00e4ftskritische Diskrete- und Prozessanwendungen entwickelt. Die Rack basierten I\/O\u2019s bieten erweiterte Diagnosem\u00f6glichkeiten und eine optimale Flexibilit\u00e4t dank der breiten Palette an Standard- und erweiterten Modulen.<\/p>\n<\/div><\/div><\/div>\n<\/div>\n\n<div class=\"container media-text  \">\n<div class=\"wp-block-media-text alignwide is-stacked-on-mobile\" style=\"grid-template-columns:30% auto\"><figure class=\"wp-block-media-text__media\"><img loading=\"lazy\" decoding=\"async\" width=\"600\" height=\"307\" src=\"https:\/\/www.novotek.com\/at\/wp-content\/uploads\/sites\/13\/versamax-300x118-1-e1660916400352.jpg\" alt=\"\" class=\"wp-image-10216 size-full\" srcset=\"https:\/\/www.novotek.com\/at\/wp-content\/uploads\/sites\/13\/versamax-300x118-1-e1660916400352.jpg 600w, https:\/\/www.novotek.com\/at\/wp-content\/uploads\/sites\/13\/versamax-300x118-1-e1660916400352-300x154.jpg 300w\" sizes=\"auto, (max-width: 600px) 100vw, 600px\" \/><\/figure><div class=\"wp-block-media-text__content\"><div class=\"container-md heading  \">\n<h3 class=\"wp-block-heading\">Versamax I\/O\u2019s<\/h3>\n<\/div>\n\n<div class=\"container-md paragraph  \">\n<p>Versamax I\/O\u2019s sind modular aufgebaut und k\u00f6nnen nach Bed\u00fcrfnis zusammengebaut werden. Jedes Modul besteht aus dem Tr\u00e4ger (Carrier) und dem effektiven Logikmodul. Im Fehlerfall kann ein Logikmodul gewechselt werden, ohne dass der Kommunikationsbus unterbrochen wird.<\/p>\n<\/div><\/div><\/div>\n<\/div>\n\n<div class=\"container-md spacer  \">\n<div style=\"height:30px\" aria-hidden=\"true\" class=\"wp-block-spacer\"><\/div>\n<\/div>\n\n<div class=\"container-md spacer  \">\n<div style=\"height:10px\" aria-hidden=\"true\" class=\"wp-block-spacer\"><\/div>\n<\/div>\n\n<div class=\"container-md spacer  \">\n<div style=\"height:50px\" aria-hidden=\"true\" class=\"wp-block-spacer\"><\/div>\n<\/div>","protected":false},"excerpt":{"rendered":"<p>Die Ethernet-basierte I\/O Baureihe RSTi von Emerson bietet Hochgeschwindigkeits-Kommunikation f\u00fcr eine verbesserte Verarbeitung grosser Datenmengen dezentraler Ger\u00e4ten wie Sensoren, Frequenzumrichter oder abgesetzter Steuerungen. RSTi I\/O steht f\u00fcr Kontinuit\u00e4t, Konnektivit\u00e4t und Zusammenarbeit dezentraler aufgebauter Steuerungssysteme. Die smarte Architektur Vernetzte Maschinen erfordern heute innovative und leistungsstarke Steuerungssysteme. PACSystem RSTi-EP kombiniert modernste Technologie in einem modularen und kompakten [&hellip;]<\/p>\n","protected":false},"author":15,"featured_media":0,"parent":8270,"menu_order":2,"comment_status":"closed","ping_status":"closed","template":"","meta":{"_acf_changed":false,"_relevanssi_hide_post":"","_relevanssi_pin_for_all":"","_relevanssi_pin_keywords":"","_relevanssi_unpin_keywords":"","_relevanssi_related_keywords":"","_relevanssi_related_include_ids":"","_relevanssi_related_exclude_ids":"","_relevanssi_related_no_append":"","_relevanssi_related_not_related":"","_relevanssi_related_posts":"3220,3216,6182,6198,6214,3195","_relevanssi_noindex_reason":"","footnotes":""},"class_list":["post-8254","page","type-page","status-publish","hentry"],"acf":[],"yoast_head":"<!-- This site is optimized with the Yoast SEO plugin v27.3 - https:\/\/yoast.com\/product\/yoast-seo-wordpress\/ -->\n<title>I\/O - Systeme - Novotek Austria<\/title>\n<meta name=\"description\" content=\"Konfigurieren, verwalten und aktuallisieren Sie schnell und einfach die kompakten und modularen I\/O&#039;s von Emerson.\" \/>\n<meta name=\"robots\" content=\"index, follow, max-snippet:-1, max-image-preview:large, max-video-preview:-1\" \/>\n<link rel=\"canonical\" href=\"https:\/\/www.novotek.com\/at\/hardware-industrieprozesse\/steuerungen-io-rsti\/\" \/>\n<meta property=\"og:locale\" content=\"de_DE\" \/>\n<meta property=\"og:type\" content=\"article\" \/>\n<meta property=\"og:title\" content=\"I\/O - Systeme - Novotek Austria\" \/>\n<meta property=\"og:description\" content=\"Konfigurieren, verwalten und aktuallisieren Sie schnell und einfach die kompakten und modularen I\/O&#039;s von Emerson.\" \/>\n<meta property=\"og:url\" content=\"https:\/\/www.novotek.com\/at\/hardware-industrieprozesse\/steuerungen-io-rsti\/\" \/>\n<meta property=\"og:site_name\" content=\"Novotek Austria\" \/>\n<meta property=\"article:modified_time\" content=\"2022-08-23T14:24:17+00:00\" \/>\n<meta property=\"og:image\" content=\"https:\/\/www.novotek.com\/at\/wp-content\/uploads\/sites\/13\/RSTI-EP-Power-Module-Emerson.jpg\" \/>\n<meta name=\"twitter:card\" content=\"summary_large_image\" \/>\n<meta name=\"twitter:label1\" content=\"Gesch\u00e4tzte Lesezeit\" \/>\n\t<meta name=\"twitter:data1\" content=\"3\u00a0Minuten\" \/>\n<script type=\"application\/ld+json\" class=\"yoast-schema-graph\">{\"@context\":\"https:\\\/\\\/schema.org\",\"@graph\":[{\"@type\":\"WebPage\",\"@id\":\"https:\\\/\\\/www.novotek.com\\\/at\\\/hardware-industrieprozesse\\\/steuerungen-io-rsti\\\/\",\"url\":\"https:\\\/\\\/www.novotek.com\\\/at\\\/hardware-industrieprozesse\\\/steuerungen-io-rsti\\\/\",\"name\":\"I\\\/O - Systeme - Novotek Austria\",\"isPartOf\":{\"@id\":\"https:\\\/\\\/www.novotek.com\\\/at\\\/#website\"},\"primaryImageOfPage\":{\"@id\":\"https:\\\/\\\/www.novotek.com\\\/at\\\/hardware-industrieprozesse\\\/steuerungen-io-rsti\\\/#primaryimage\"},\"image\":{\"@id\":\"https:\\\/\\\/www.novotek.com\\\/at\\\/hardware-industrieprozesse\\\/steuerungen-io-rsti\\\/#primaryimage\"},\"thumbnailUrl\":\"https:\\\/\\\/www.novotek.com\\\/at\\\/wp-content\\\/uploads\\\/sites\\\/13\\\/RSTI-EP-Power-Module-Emerson.jpg\",\"datePublished\":\"2022-07-15T08:57:32+00:00\",\"dateModified\":\"2022-08-23T14:24:17+00:00\",\"description\":\"Konfigurieren, verwalten und aktuallisieren Sie schnell und einfach die kompakten und modularen I\\\/O's von Emerson.\",\"breadcrumb\":{\"@id\":\"https:\\\/\\\/www.novotek.com\\\/at\\\/hardware-industrieprozesse\\\/steuerungen-io-rsti\\\/#breadcrumb\"},\"inLanguage\":\"de-CH\",\"potentialAction\":[{\"@type\":\"ReadAction\",\"target\":[\"https:\\\/\\\/www.novotek.com\\\/at\\\/hardware-industrieprozesse\\\/steuerungen-io-rsti\\\/\"]}]},{\"@type\":\"ImageObject\",\"inLanguage\":\"de-CH\",\"@id\":\"https:\\\/\\\/www.novotek.com\\\/at\\\/hardware-industrieprozesse\\\/steuerungen-io-rsti\\\/#primaryimage\",\"url\":\"https:\\\/\\\/www.novotek.com\\\/at\\\/wp-content\\\/uploads\\\/sites\\\/13\\\/RSTI-EP-Power-Module-Emerson.jpg.webp\",\"contentUrl\":\"https:\\\/\\\/www.novotek.com\\\/at\\\/wp-content\\\/uploads\\\/sites\\\/13\\\/RSTI-EP-Power-Module-Emerson.jpg.webp\",\"width\":538,\"height\":470,\"caption\":\"RSTI-EP Power Module Emerson\"},{\"@type\":\"BreadcrumbList\",\"@id\":\"https:\\\/\\\/www.novotek.com\\\/at\\\/hardware-industrieprozesse\\\/steuerungen-io-rsti\\\/#breadcrumb\",\"itemListElement\":[{\"@type\":\"ListItem\",\"position\":1,\"name\":\"Home\",\"item\":\"https:\\\/\\\/www.novotek.com\\\/at\\\/\"},{\"@type\":\"ListItem\",\"position\":2,\"name\":\"Industriehardware\",\"item\":\"https:\\\/\\\/www.novotek.com\\\/at\\\/hardware-industrieprozesse\\\/\"},{\"@type\":\"ListItem\",\"position\":3,\"name\":\"I\\\/O &#8211; Systeme\"}]},{\"@type\":\"WebSite\",\"@id\":\"https:\\\/\\\/www.novotek.com\\\/at\\\/#website\",\"url\":\"https:\\\/\\\/www.novotek.com\\\/at\\\/\",\"name\":\"Novotek Switzerland\",\"description\":\"Connect - Digitalize - Optimize\",\"potentialAction\":[{\"@type\":\"SearchAction\",\"target\":{\"@type\":\"EntryPoint\",\"urlTemplate\":\"https:\\\/\\\/www.novotek.com\\\/at\\\/?s={search_term_string}\"},\"query-input\":{\"@type\":\"PropertyValueSpecification\",\"valueRequired\":true,\"valueName\":\"search_term_string\"}}],\"inLanguage\":\"de-CH\"}]}<\/script>\n<!-- \/ Yoast SEO plugin. -->","yoast_head_json":{"title":"I\/O - Systeme - Novotek Austria","description":"Konfigurieren, verwalten und aktuallisieren Sie schnell und einfach die kompakten und modularen I\/O's von Emerson.","robots":{"index":"index","follow":"follow","max-snippet":"max-snippet:-1","max-image-preview":"max-image-preview:large","max-video-preview":"max-video-preview:-1"},"canonical":"https:\/\/www.novotek.com\/at\/hardware-industrieprozesse\/steuerungen-io-rsti\/","og_locale":"de_DE","og_type":"article","og_title":"I\/O - Systeme - Novotek Austria","og_description":"Konfigurieren, verwalten und aktuallisieren Sie schnell und einfach die kompakten und modularen I\/O's von Emerson.","og_url":"https:\/\/www.novotek.com\/at\/hardware-industrieprozesse\/steuerungen-io-rsti\/","og_site_name":"Novotek Austria","article_modified_time":"2022-08-23T14:24:17+00:00","og_image":[{"url":"https:\/\/www.novotek.com\/at\/wp-content\/uploads\/sites\/13\/RSTI-EP-Power-Module-Emerson.jpg","type":"","width":"","height":""}],"twitter_card":"summary_large_image","twitter_misc":{"Gesch\u00e4tzte Lesezeit":"3\u00a0Minuten"},"schema":{"@context":"https:\/\/schema.org","@graph":[{"@type":"WebPage","@id":"https:\/\/www.novotek.com\/at\/hardware-industrieprozesse\/steuerungen-io-rsti\/","url":"https:\/\/www.novotek.com\/at\/hardware-industrieprozesse\/steuerungen-io-rsti\/","name":"I\/O - Systeme - Novotek Austria","isPartOf":{"@id":"https:\/\/www.novotek.com\/at\/#website"},"primaryImageOfPage":{"@id":"https:\/\/www.novotek.com\/at\/hardware-industrieprozesse\/steuerungen-io-rsti\/#primaryimage"},"image":{"@id":"https:\/\/www.novotek.com\/at\/hardware-industrieprozesse\/steuerungen-io-rsti\/#primaryimage"},"thumbnailUrl":"https:\/\/www.novotek.com\/at\/wp-content\/uploads\/sites\/13\/RSTI-EP-Power-Module-Emerson.jpg","datePublished":"2022-07-15T08:57:32+00:00","dateModified":"2022-08-23T14:24:17+00:00","description":"Konfigurieren, verwalten und aktuallisieren Sie schnell und einfach die kompakten und modularen I\/O's von Emerson.","breadcrumb":{"@id":"https:\/\/www.novotek.com\/at\/hardware-industrieprozesse\/steuerungen-io-rsti\/#breadcrumb"},"inLanguage":"de-CH","potentialAction":[{"@type":"ReadAction","target":["https:\/\/www.novotek.com\/at\/hardware-industrieprozesse\/steuerungen-io-rsti\/"]}]},{"@type":"ImageObject","inLanguage":"de-CH","@id":"https:\/\/www.novotek.com\/at\/hardware-industrieprozesse\/steuerungen-io-rsti\/#primaryimage","url":"https:\/\/www.novotek.com\/at\/wp-content\/uploads\/sites\/13\/RSTI-EP-Power-Module-Emerson.jpg.webp","contentUrl":"https:\/\/www.novotek.com\/at\/wp-content\/uploads\/sites\/13\/RSTI-EP-Power-Module-Emerson.jpg.webp","width":538,"height":470,"caption":"RSTI-EP Power Module Emerson"},{"@type":"BreadcrumbList","@id":"https:\/\/www.novotek.com\/at\/hardware-industrieprozesse\/steuerungen-io-rsti\/#breadcrumb","itemListElement":[{"@type":"ListItem","position":1,"name":"Home","item":"https:\/\/www.novotek.com\/at\/"},{"@type":"ListItem","position":2,"name":"Industriehardware","item":"https:\/\/www.novotek.com\/at\/hardware-industrieprozesse\/"},{"@type":"ListItem","position":3,"name":"I\/O &#8211; Systeme"}]},{"@type":"WebSite","@id":"https:\/\/www.novotek.com\/at\/#website","url":"https:\/\/www.novotek.com\/at\/","name":"Novotek Switzerland","description":"Connect - Digitalize - Optimize","potentialAction":[{"@type":"SearchAction","target":{"@type":"EntryPoint","urlTemplate":"https:\/\/www.novotek.com\/at\/?s={search_term_string}"},"query-input":{"@type":"PropertyValueSpecification","valueRequired":true,"valueName":"search_term_string"}}],"inLanguage":"de-CH"}]}},"_links":{"self":[{"href":"https:\/\/www.novotek.com\/at\/wp-json\/wp\/v2\/pages\/8254","targetHints":{"allow":["GET"]}}],"collection":[{"href":"https:\/\/www.novotek.com\/at\/wp-json\/wp\/v2\/pages"}],"about":[{"href":"https:\/\/www.novotek.com\/at\/wp-json\/wp\/v2\/types\/page"}],"author":[{"embeddable":true,"href":"https:\/\/www.novotek.com\/at\/wp-json\/wp\/v2\/users\/15"}],"replies":[{"embeddable":true,"href":"https:\/\/www.novotek.com\/at\/wp-json\/wp\/v2\/comments?post=8254"}],"version-history":[{"count":20,"href":"https:\/\/www.novotek.com\/at\/wp-json\/wp\/v2\/pages\/8254\/revisions"}],"predecessor-version":[{"id":10546,"href":"https:\/\/www.novotek.com\/at\/wp-json\/wp\/v2\/pages\/8254\/revisions\/10546"}],"up":[{"embeddable":true,"href":"https:\/\/www.novotek.com\/at\/wp-json\/wp\/v2\/pages\/8270"}],"wp:attachment":[{"href":"https:\/\/www.novotek.com\/at\/wp-json\/wp\/v2\/media?parent=8254"}],"curies":[{"name":"wp","href":"https:\/\/api.w.org\/{rel}","templated":true}]}}