{"id":8260,"date":"2022-07-15T09:07:51","date_gmt":"2022-07-15T09:07:51","guid":{"rendered":"http:\/\/ch.novotek-multi.dev4.mildmedia-dev.eu\/?page_id=8260"},"modified":"2022-08-23T13:35:44","modified_gmt":"2022-08-23T13:35:44","slug":"webpanel-displays","status":"publish","type":"page","link":"https:\/\/www.novotek.com\/at\/hardware-industrieprozesse\/webpanel-displays\/","title":{"rendered":"IPC, Webpanel &amp; Displays"},"content":{"rendered":"  <div class=\"hero\">\n    <div class=\"carousel hero-slider small\" data-flickity data-flickity-options='{\"prevNextButtons\": false}'>\n              <div class=\"carousel-cell\">\n          <div class=\"container\">\n            <div class=\"hero-content\">\n                              <h1>Industrial PC (IPC)<br \/>\n&amp; Display (HMI)<\/h1>\n<p>Robuste und leistungsstarke Industrie-PCs, Webpanels und Displays, entwickelt f\u00fcr die raue Produktionsumgebungen.<\/p>\n              \n                          <\/div>\n          <\/div>\n\n          <img decoding=\"async\" width=\"1024\" height=\"427\" src=\"https:\/\/www.novotek.com\/at\/wp-content\/uploads\/sites\/13\/2021\/Novotek_UK\/Solutions_and_Products\/Industrial_PC\/PC_duotone_1920x800-1024x427.jpg.webp\" class=\"hero-bg\" alt=\"Hero Img\" fetchpriority=\"high\" srcset=\"https:\/\/www.novotek.com\/at\/wp-content\/uploads\/sites\/13\/2021\/Novotek_UK\/Solutions_and_Products\/Industrial_PC\/PC_duotone_1920x800-1024x427.jpg.webp 1024w, https:\/\/www.novotek.com\/at\/wp-content\/uploads\/sites\/13\/2021\/Novotek_UK\/Solutions_and_Products\/Industrial_PC\/PC_duotone_1920x800-300x125.jpg.webp 300w, https:\/\/www.novotek.com\/at\/wp-content\/uploads\/sites\/13\/2021\/Novotek_UK\/Solutions_and_Products\/Industrial_PC\/PC_duotone_1920x800-768x320.jpg.webp 768w, https:\/\/www.novotek.com\/at\/wp-content\/uploads\/sites\/13\/2021\/Novotek_UK\/Solutions_and_Products\/Industrial_PC\/PC_duotone_1920x800-1536x640.jpg.webp 1536w, https:\/\/www.novotek.com\/at\/wp-content\/uploads\/sites\/13\/2021\/Novotek_UK\/Solutions_and_Products\/Industrial_PC\/PC_duotone_1920x800.jpg.webp 1920w\" sizes=\"(max-width: 1024px) 100vw, 1024px\" \/>                  <\/div>\n          <\/div>\n\n      <\/div>\n\n   <div class=\"floating-breadcrumb\"><div class=\"container\"><span><span><a href=\"https:\/\/www.novotek.com\/at\/\" class=\"breadcrumb-frontpage\">Home<\/a><\/span><\/span><\/div><\/div>\n\n\n<div class=\"container-md paragraph  \">\n<p>Die heutige Industrie ben\u00f6tigt Hochleistungstechnologien, die einerseits mit allen Arten von Produktionsumgebungen umgehen k\u00f6nnen, anderseits den leistungshungrigen Anwendungen gerecht werden. Diesen Spagat schaffen die robusten wie auch leistungsf\u00e4higen HMI und IPC Produkte von Emerson.&nbsp;Das RXi-Portfolio von Emerson ist f\u00fcr den effizienten Einsatz in den rauen Industrieumgebungen ausgelegt.&nbsp;Industrielle Monitore, Webdisplays und Industrielle PC&#8217;s helfen Ihnen, Prozesse und Maschinen jederzeit unter Kontrolle zu haben.&nbsp;<\/p>\n<\/div>\n\n<div class=\"container-md spacer  \">\n<div style=\"height:30px\" aria-hidden=\"true\" class=\"wp-block-spacer\"><\/div>\n<\/div>\n\n<div class=\"container-md embed  \">\n<figure class=\"wp-block-embed is-type-video is-provider-youtube wp-block-embed-youtube wp-embed-aspect-16-9 wp-has-aspect-ratio\"><div class=\"wp-block-embed__wrapper\">\n<iframe loading=\"lazy\" title=\"RXi Industrial Displays - Better Visualize Your Process\" width=\"1440\" height=\"810\" src=\"https:\/\/www.youtube.com\/embed\/fIw_xZo2g8g?feature=oembed\" frameborder=\"0\" allow=\"accelerometer; autoplay; clipboard-write; encrypted-media; gyroscope; picture-in-picture\" allowfullscreen><\/iframe>\n<\/div><\/figure>\n<\/div>\n\n<div class=\"container-md paragraph  \">\n<p><strong><a href=\"https:\/\/www.emerson.com\/no-no\/automation\/control-and-safety-systems\/industrial-computing\" target=\"_blank\" rel=\"noreferrer noopener\">Lesen Sie hier mehr \u00fcber Industrie-PCs auf der Website von Emerson.<\/a><\/strong><\/p>\n<\/div>\n\n<div class=\"container-md paragraph  \">\n<p>W\u00e4hlen Sie zwischen Industrie-PC, Industrie-Monitor, Panel-PC und industriellen Web-Panels \u2013 wir von Novotek helfen Ihnen dabei, das Produkt zu finden, welches zu Ihren Anforderungen passt.&nbsp;<\/p>\n<\/div>\n\n<div class=\"container media-text  \">\n<div class=\"wp-block-media-text alignwide has-media-on-the-right is-stacked-on-mobile\" style=\"grid-template-columns:auto 40%\"><figure class=\"wp-block-media-text__media\"><img loading=\"lazy\" decoding=\"async\" width=\"555\" height=\"555\" src=\"https:\/\/www.novotek.com\/at\/wp-content\/uploads\/sites\/13\/Emerson_RXi2BP_IPC.jpg\" alt=\"\" class=\"wp-image-8886 size-full\" srcset=\"https:\/\/www.novotek.com\/at\/wp-content\/uploads\/sites\/13\/Emerson_RXi2BP_IPC.jpg 555w, https:\/\/www.novotek.com\/at\/wp-content\/uploads\/sites\/13\/Emerson_RXi2BP_IPC-300x300.jpg 300w, https:\/\/www.novotek.com\/at\/wp-content\/uploads\/sites\/13\/Emerson_RXi2BP_IPC-150x150.jpg 150w\" sizes=\"auto, (max-width: 555px) 100vw, 555px\" \/><\/figure><div class=\"wp-block-media-text__content\"><div class=\"container-md heading  \">\n<h2 class=\"wp-block-heading\">Industrie-PC<\/h2>\n<\/div>\n\n<div class=\"container-md paragraph  \">\n<p>Ein Industrie-PC muss in der Lage sein, konstante Leistung zu erbringen, sei dies unter Volllast wie auch bei hohen Temperaturen.&nbsp;Die IPCs von Emerson vereinen hohe Verarbeitungsleistung mit industrieller Robustheit und sind speziell auf Langlebigkeit ausgelegt.&nbsp;Denn Dual- oder Quad-Core-Technologie, ein l\u00fcfterloses Design und stossfeste Komponenten verl\u00e4ngern den Lebenszyklus dieser Industrie-PCs.&nbsp;<\/p>\n<\/div>\n\n<div class=\"container-md paragraph  \">\n<p>Die Industrie-PCs von Emerson verf\u00fcgen \u00fcber Hochleistungs-Computing f\u00fcr Anwendungen, die grosse Datenmengen laden, verarbeiten und speichern m\u00fcssen. Wie z.B. komplexe HMI\/SCADA-Visualisierungen, datenhungrige Historian- oder mehrschichtige Analyseanwendungen.&nbsp;Hochgeschwindigkeits-Ethernet-Ports garantieren eine leistungsstarke Kommunikation, w\u00e4hrend neue USB 3.0-Ports f\u00fcr schnelle Daten\u00fcbertragung und verbesserte Sicherheit sorgen.&nbsp;<\/p>\n<\/div><\/div><\/div>\n<\/div>\n\n<div class=\"container media-text  \">\n<div class=\"wp-block-media-text alignwide is-stacked-on-mobile\" style=\"grid-template-columns:40% auto\"><figure class=\"wp-block-media-text__media\"><img loading=\"lazy\" decoding=\"async\" width=\"555\" height=\"555\" src=\"https:\/\/www.novotek.com\/at\/wp-content\/uploads\/sites\/13\/Emerson_industrial_monitor_hmi.jpg\" alt=\"\" class=\"wp-image-10509 size-full\" srcset=\"https:\/\/www.novotek.com\/at\/wp-content\/uploads\/sites\/13\/Emerson_industrial_monitor_hmi.jpg 555w, https:\/\/www.novotek.com\/at\/wp-content\/uploads\/sites\/13\/Emerson_industrial_monitor_hmi-300x300.jpg 300w, https:\/\/www.novotek.com\/at\/wp-content\/uploads\/sites\/13\/Emerson_industrial_monitor_hmi-150x150.jpg 150w\" sizes=\"auto, (max-width: 555px) 100vw, 555px\" \/><\/figure><div class=\"wp-block-media-text__content\"><div class=\"container-md heading  \">\n<h2 class=\"wp-block-heading\">RXi-Panel-PC<\/h2>\n<\/div>\n\n<div class=\"container-md paragraph  \">\n<p>Emerson RXi-Panel-PC sind modular aufgebaute Panel PC&#8217;s gemacht f\u00fcr den rauen Einsatz in der Industrie. Mit einer Displaygr\u00f6sse von 7&#8243; bis 24&#8243;, der Option f\u00fcr verbesserte Lesbarkeit bei direkter Sonneneinstrahlung und seiner ultra schlanken Bauweise macht den Panel PC zur ersten Wahl bei besonderen Anforderungen. Ein Touchscreen der neusten Generation unterst\u00fctzt die Bedienung mit Handschuhen und rundet mit seiner gestochen Scharfen Aufl\u00f6sung das Benutzererlebnis ab. <\/p>\n<\/div>\n\n<div class=\"container-md paragraph  \">\n<p>Der RXi-Panel-PC ist ausgestattet mit einem 1,0-GHz-Dual-Core-Prozessor oder einem 1,2-GHz-Quad-Core-Prozessor, 4 oder 8 GB DDR3-RAM und einem standardm\u00e4ssig installierten Betriebssystem Windows 10 IoT Enterprise. Damit erf\u00fcllt der Panel-PC alle Anforderungen g\u00e4ngiger Industriesoftware. Und dank dem modularen Aufbau kann der Rechner Teil, unabh\u00e4ngig vom Display, jederzeit ausgetauscht werden, je nach sich \u00e4ndernden Bed\u00fcrfnissen. <\/p>\n<\/div><\/div><\/div>\n<\/div>\n\n<div class=\"container media-text  \">\n<div class=\"wp-block-media-text alignwide has-media-on-the-right is-stacked-on-mobile\" style=\"grid-template-columns:auto 40%\"><figure class=\"wp-block-media-text__media\"><img loading=\"lazy\" decoding=\"async\" width=\"555\" height=\"555\" src=\"https:\/\/www.novotek.com\/at\/wp-content\/uploads\/sites\/13\/Emerson_industrial_monitor_hub.jpg\" alt=\"\" class=\"wp-image-10513 size-full\" srcset=\"https:\/\/www.novotek.com\/at\/wp-content\/uploads\/sites\/13\/Emerson_industrial_monitor_hub.jpg 555w, https:\/\/www.novotek.com\/at\/wp-content\/uploads\/sites\/13\/Emerson_industrial_monitor_hub-300x300.jpg 300w, https:\/\/www.novotek.com\/at\/wp-content\/uploads\/sites\/13\/Emerson_industrial_monitor_hub-150x150.jpg 150w\" sizes=\"auto, (max-width: 555px) 100vw, 555px\" \/><\/figure><div class=\"wp-block-media-text__content\"><div class=\"container-md heading  \">\n<h2 class=\"wp-block-heading\">Industrielle Web-Panels<\/h2>\n<\/div>\n\n<div class=\"container-md paragraph  \">\n<p>Die industriellen Web-Panels von Emerson bieten eine kostenoptimierte Alternative, HTML-basierte Seiten auf einem industrietauglichen Bedienstation anzuzeigen. Die &#171;Thin-Clients&#187; sind eine moderne und schlanke L\u00f6sung, animierte Bedienstationen mit anlagen\u00fcbergreifender Information anzureichern, ohne Installation teurer und ressourcenintensiver Software vor Ort. Grundvoraussetzung jeder Virtualisierungsstrategie. <\/p>\n<\/div>\n\n<div class=\"container-md paragraph  \">\n<p>Das RXi Web Panel Portfolio bietet 7\u2033 &#8211; 24\u2033 Zoll Industriebildschirme im Breitbildformat, welche als Option auch im Sonnenlicht gut ablesbar und somit im Innen- als auch im Aussenbereich geeignet sind.&nbsp;Der Bildschirm ist vor Staub, Feuchtigkeit und direktem Strahlwasser gesch\u00fctzt, was einen vielseitigen Einsatz f\u00fcr die raue Industrieumgebung zul\u00e4sst.&nbsp;Dadurch vereinen die RXi Web Panel Benutzerfreundlichkeit und industrielle Langlebigkeit auf einem sehr hohen Niveau.<\/p>\n<\/div><\/div><\/div>\n<\/div>\n\n<div class=\"container media-text  \">\n<div class=\"wp-block-media-text alignwide is-stacked-on-mobile\" style=\"grid-template-columns:40% auto\"><figure class=\"wp-block-media-text__media\"><img loading=\"lazy\" decoding=\"async\" width=\"555\" height=\"555\" src=\"https:\/\/www.novotek.com\/at\/wp-content\/uploads\/sites\/13\/Emerson_industrial_monitor-hmi.jpg\" alt=\"\" class=\"wp-image-10524 size-full\" srcset=\"https:\/\/www.novotek.com\/at\/wp-content\/uploads\/sites\/13\/Emerson_industrial_monitor-hmi.jpg 555w, https:\/\/www.novotek.com\/at\/wp-content\/uploads\/sites\/13\/Emerson_industrial_monitor-hmi-300x300.jpg 300w, https:\/\/www.novotek.com\/at\/wp-content\/uploads\/sites\/13\/Emerson_industrial_monitor-hmi-150x150.jpg 150w\" sizes=\"auto, (max-width: 555px) 100vw, 555px\" \/><\/figure><div class=\"wp-block-media-text__content\"><div class=\"container-md heading  \">\n<h2 class=\"wp-block-heading\">Industriebildschirm (HMI)<\/h2>\n<\/div>\n\n<div class=\"container-md paragraph  \">\n<p>Die Emerson RXi &#8211; Industriebildschirme sind klassische HMI Displays f\u00fcr die Anlagen- und Maschinensteuerung. Die robusten und modularen Touchscreens sind f\u00fcr den Einsatz in anspruchsvollen Industrieumgebungen ausgelegt. <\/p>\n<\/div>\n\n<div class=\"container-md paragraph  \">\n<p>Das RXi Industrial Display Portfolio bietet 7\u2033 &#8211; 24\u2033 Zoll Industriebildschirme im Breitbildformat.&nbsp;Eine spezielle Variante f\u00fcr Outdoor-Anwendungen bietet optimale Lesbarkeit auch in grellem Sonnenlicht. Optimiert f\u00fcr die visuelle Leistung, verbessern weitere Funktionen wie, MST Daisy Chaining f\u00fcr eine geschlaufte Verkabelung, das Handling und die Installation. Der Touchscreen erm\u00f6glicht eine ergonomische Bedienung und lehnt sich an die Benutzerfreundlichkeit der heutigen Smartphones.  <\/p>\n<\/div><\/div><\/div>\n<\/div>","protected":false},"excerpt":{"rendered":"<p>Die heutige Industrie ben\u00f6tigt Hochleistungstechnologien, die einerseits mit allen Arten von Produktionsumgebungen umgehen k\u00f6nnen, anderseits den leistungshungrigen Anwendungen gerecht werden. Diesen Spagat schaffen die robusten wie auch leistungsf\u00e4higen HMI und IPC Produkte von Emerson.&nbsp;Das RXi-Portfolio von Emerson ist f\u00fcr den effizienten Einsatz in den rauen Industrieumgebungen ausgelegt.&nbsp;Industrielle Monitore, Webdisplays und Industrielle PC&#8217;s helfen Ihnen, Prozesse [&hellip;]<\/p>\n","protected":false},"author":15,"featured_media":0,"parent":8270,"menu_order":1,"comment_status":"closed","ping_status":"closed","template":"","meta":{"_acf_changed":false,"_relevanssi_hide_post":"","_relevanssi_pin_for_all":"","_relevanssi_pin_keywords":"","_relevanssi_unpin_keywords":"","_relevanssi_related_keywords":"","_relevanssi_related_include_ids":"","_relevanssi_related_exclude_ids":"","_relevanssi_related_no_append":"","_relevanssi_related_not_related":"","_relevanssi_related_posts":"3200,3220,3208,3195,3216,4907","_relevanssi_noindex_reason":"","footnotes":""},"class_list":["post-8260","page","type-page","status-publish","hentry"],"acf":[],"yoast_head":"<!-- This site is optimized with the Yoast SEO plugin v27.3 - https:\/\/yoast.com\/product\/yoast-seo-wordpress\/ -->\n<title>IPC, Webpanel &amp; Displays - Novotek Austria<\/title>\n<meta name=\"description\" content=\"Bei uns erhalten Sie leistungsstarke Industrie-PCs und HMI Displays von Emerson, die speziell f\u00fcr Produktionsumgebungen entwickelt wurden.\" \/>\n<meta name=\"robots\" content=\"index, follow, max-snippet:-1, max-image-preview:large, max-video-preview:-1\" \/>\n<link rel=\"canonical\" href=\"https:\/\/www.novotek.com\/at\/hardware-industrieprozesse\/webpanel-displays\/\" \/>\n<meta property=\"og:locale\" content=\"de_DE\" \/>\n<meta property=\"og:type\" content=\"article\" \/>\n<meta property=\"og:title\" content=\"IPC, Webpanel &amp; Displays - Novotek Austria\" \/>\n<meta property=\"og:description\" content=\"Bei uns erhalten Sie leistungsstarke Industrie-PCs und HMI Displays von Emerson, die speziell f\u00fcr Produktionsumgebungen entwickelt wurden.\" \/>\n<meta property=\"og:url\" content=\"https:\/\/www.novotek.com\/at\/hardware-industrieprozesse\/webpanel-displays\/\" \/>\n<meta property=\"og:site_name\" content=\"Novotek Austria\" \/>\n<meta property=\"article:modified_time\" content=\"2022-08-23T13:35:44+00:00\" \/>\n<meta property=\"og:image\" content=\"https:\/\/www.novotek.com\/at\/wp-content\/uploads\/sites\/13\/Emerson_RXi2BP_IPC.jpg\" \/>\n<meta name=\"twitter:card\" content=\"summary_large_image\" \/>\n<meta name=\"twitter:label1\" content=\"Gesch\u00e4tzte Lesezeit\" \/>\n\t<meta name=\"twitter:data1\" content=\"3\u00a0Minuten\" \/>\n<script type=\"application\/ld+json\" class=\"yoast-schema-graph\">{\"@context\":\"https:\\\/\\\/schema.org\",\"@graph\":[{\"@type\":\"WebPage\",\"@id\":\"https:\\\/\\\/www.novotek.com\\\/at\\\/hardware-industrieprozesse\\\/webpanel-displays\\\/\",\"url\":\"https:\\\/\\\/www.novotek.com\\\/at\\\/hardware-industrieprozesse\\\/webpanel-displays\\\/\",\"name\":\"IPC, Webpanel &amp; Displays - Novotek Austria\",\"isPartOf\":{\"@id\":\"https:\\\/\\\/www.novotek.com\\\/at\\\/#website\"},\"primaryImageOfPage\":{\"@id\":\"https:\\\/\\\/www.novotek.com\\\/at\\\/hardware-industrieprozesse\\\/webpanel-displays\\\/#primaryimage\"},\"image\":{\"@id\":\"https:\\\/\\\/www.novotek.com\\\/at\\\/hardware-industrieprozesse\\\/webpanel-displays\\\/#primaryimage\"},\"thumbnailUrl\":\"https:\\\/\\\/www.novotek.com\\\/at\\\/wp-content\\\/uploads\\\/sites\\\/13\\\/Emerson_RXi2BP_IPC.jpg\",\"datePublished\":\"2022-07-15T09:07:51+00:00\",\"dateModified\":\"2022-08-23T13:35:44+00:00\",\"description\":\"Bei uns erhalten Sie leistungsstarke Industrie-PCs und HMI Displays von Emerson, die speziell f\u00fcr Produktionsumgebungen entwickelt wurden.\",\"breadcrumb\":{\"@id\":\"https:\\\/\\\/www.novotek.com\\\/at\\\/hardware-industrieprozesse\\\/webpanel-displays\\\/#breadcrumb\"},\"inLanguage\":\"de-CH\",\"potentialAction\":[{\"@type\":\"ReadAction\",\"target\":[\"https:\\\/\\\/www.novotek.com\\\/at\\\/hardware-industrieprozesse\\\/webpanel-displays\\\/\"]}]},{\"@type\":\"ImageObject\",\"inLanguage\":\"de-CH\",\"@id\":\"https:\\\/\\\/www.novotek.com\\\/at\\\/hardware-industrieprozesse\\\/webpanel-displays\\\/#primaryimage\",\"url\":\"https:\\\/\\\/www.novotek.com\\\/at\\\/wp-content\\\/uploads\\\/sites\\\/13\\\/Emerson_RXi2BP_IPC.jpg.webp\",\"contentUrl\":\"https:\\\/\\\/www.novotek.com\\\/at\\\/wp-content\\\/uploads\\\/sites\\\/13\\\/Emerson_RXi2BP_IPC.jpg.webp\",\"width\":555,\"height\":555},{\"@type\":\"BreadcrumbList\",\"@id\":\"https:\\\/\\\/www.novotek.com\\\/at\\\/hardware-industrieprozesse\\\/webpanel-displays\\\/#breadcrumb\",\"itemListElement\":[{\"@type\":\"ListItem\",\"position\":1,\"name\":\"Home\",\"item\":\"https:\\\/\\\/www.novotek.com\\\/at\\\/\"},{\"@type\":\"ListItem\",\"position\":2,\"name\":\"Industriehardware\",\"item\":\"https:\\\/\\\/www.novotek.com\\\/at\\\/hardware-industrieprozesse\\\/\"},{\"@type\":\"ListItem\",\"position\":3,\"name\":\"IPC, Webpanel &amp; Displays\"}]},{\"@type\":\"WebSite\",\"@id\":\"https:\\\/\\\/www.novotek.com\\\/at\\\/#website\",\"url\":\"https:\\\/\\\/www.novotek.com\\\/at\\\/\",\"name\":\"Novotek Switzerland\",\"description\":\"Connect - Digitalize - Optimize\",\"potentialAction\":[{\"@type\":\"SearchAction\",\"target\":{\"@type\":\"EntryPoint\",\"urlTemplate\":\"https:\\\/\\\/www.novotek.com\\\/at\\\/?s={search_term_string}\"},\"query-input\":{\"@type\":\"PropertyValueSpecification\",\"valueRequired\":true,\"valueName\":\"search_term_string\"}}],\"inLanguage\":\"de-CH\"}]}<\/script>\n<!-- \/ Yoast SEO plugin. -->","yoast_head_json":{"title":"IPC, Webpanel &amp; Displays - Novotek Austria","description":"Bei uns erhalten Sie leistungsstarke Industrie-PCs und HMI Displays von Emerson, die speziell f\u00fcr Produktionsumgebungen entwickelt wurden.","robots":{"index":"index","follow":"follow","max-snippet":"max-snippet:-1","max-image-preview":"max-image-preview:large","max-video-preview":"max-video-preview:-1"},"canonical":"https:\/\/www.novotek.com\/at\/hardware-industrieprozesse\/webpanel-displays\/","og_locale":"de_DE","og_type":"article","og_title":"IPC, Webpanel &amp; Displays - Novotek Austria","og_description":"Bei uns erhalten Sie leistungsstarke Industrie-PCs und HMI Displays von Emerson, die speziell f\u00fcr Produktionsumgebungen entwickelt wurden.","og_url":"https:\/\/www.novotek.com\/at\/hardware-industrieprozesse\/webpanel-displays\/","og_site_name":"Novotek Austria","article_modified_time":"2022-08-23T13:35:44+00:00","og_image":[{"url":"https:\/\/www.novotek.com\/at\/wp-content\/uploads\/sites\/13\/Emerson_RXi2BP_IPC.jpg","type":"","width":"","height":""}],"twitter_card":"summary_large_image","twitter_misc":{"Gesch\u00e4tzte Lesezeit":"3\u00a0Minuten"},"schema":{"@context":"https:\/\/schema.org","@graph":[{"@type":"WebPage","@id":"https:\/\/www.novotek.com\/at\/hardware-industrieprozesse\/webpanel-displays\/","url":"https:\/\/www.novotek.com\/at\/hardware-industrieprozesse\/webpanel-displays\/","name":"IPC, Webpanel &amp; Displays - Novotek Austria","isPartOf":{"@id":"https:\/\/www.novotek.com\/at\/#website"},"primaryImageOfPage":{"@id":"https:\/\/www.novotek.com\/at\/hardware-industrieprozesse\/webpanel-displays\/#primaryimage"},"image":{"@id":"https:\/\/www.novotek.com\/at\/hardware-industrieprozesse\/webpanel-displays\/#primaryimage"},"thumbnailUrl":"https:\/\/www.novotek.com\/at\/wp-content\/uploads\/sites\/13\/Emerson_RXi2BP_IPC.jpg","datePublished":"2022-07-15T09:07:51+00:00","dateModified":"2022-08-23T13:35:44+00:00","description":"Bei uns erhalten Sie leistungsstarke Industrie-PCs und HMI Displays von Emerson, die speziell f\u00fcr Produktionsumgebungen entwickelt wurden.","breadcrumb":{"@id":"https:\/\/www.novotek.com\/at\/hardware-industrieprozesse\/webpanel-displays\/#breadcrumb"},"inLanguage":"de-CH","potentialAction":[{"@type":"ReadAction","target":["https:\/\/www.novotek.com\/at\/hardware-industrieprozesse\/webpanel-displays\/"]}]},{"@type":"ImageObject","inLanguage":"de-CH","@id":"https:\/\/www.novotek.com\/at\/hardware-industrieprozesse\/webpanel-displays\/#primaryimage","url":"https:\/\/www.novotek.com\/at\/wp-content\/uploads\/sites\/13\/Emerson_RXi2BP_IPC.jpg.webp","contentUrl":"https:\/\/www.novotek.com\/at\/wp-content\/uploads\/sites\/13\/Emerson_RXi2BP_IPC.jpg.webp","width":555,"height":555},{"@type":"BreadcrumbList","@id":"https:\/\/www.novotek.com\/at\/hardware-industrieprozesse\/webpanel-displays\/#breadcrumb","itemListElement":[{"@type":"ListItem","position":1,"name":"Home","item":"https:\/\/www.novotek.com\/at\/"},{"@type":"ListItem","position":2,"name":"Industriehardware","item":"https:\/\/www.novotek.com\/at\/hardware-industrieprozesse\/"},{"@type":"ListItem","position":3,"name":"IPC, Webpanel &amp; Displays"}]},{"@type":"WebSite","@id":"https:\/\/www.novotek.com\/at\/#website","url":"https:\/\/www.novotek.com\/at\/","name":"Novotek Switzerland","description":"Connect - Digitalize - Optimize","potentialAction":[{"@type":"SearchAction","target":{"@type":"EntryPoint","urlTemplate":"https:\/\/www.novotek.com\/at\/?s={search_term_string}"},"query-input":{"@type":"PropertyValueSpecification","valueRequired":true,"valueName":"search_term_string"}}],"inLanguage":"de-CH"}]}},"_links":{"self":[{"href":"https:\/\/www.novotek.com\/at\/wp-json\/wp\/v2\/pages\/8260","targetHints":{"allow":["GET"]}}],"collection":[{"href":"https:\/\/www.novotek.com\/at\/wp-json\/wp\/v2\/pages"}],"about":[{"href":"https:\/\/www.novotek.com\/at\/wp-json\/wp\/v2\/types\/page"}],"author":[{"embeddable":true,"href":"https:\/\/www.novotek.com\/at\/wp-json\/wp\/v2\/users\/15"}],"replies":[{"embeddable":true,"href":"https:\/\/www.novotek.com\/at\/wp-json\/wp\/v2\/comments?post=8260"}],"version-history":[{"count":33,"href":"https:\/\/www.novotek.com\/at\/wp-json\/wp\/v2\/pages\/8260\/revisions"}],"predecessor-version":[{"id":10528,"href":"https:\/\/www.novotek.com\/at\/wp-json\/wp\/v2\/pages\/8260\/revisions\/10528"}],"up":[{"embeddable":true,"href":"https:\/\/www.novotek.com\/at\/wp-json\/wp\/v2\/pages\/8270"}],"wp:attachment":[{"href":"https:\/\/www.novotek.com\/at\/wp-json\/wp\/v2\/media?parent=8260"}],"curies":[{"name":"wp","href":"https:\/\/api.w.org\/{rel}","templated":true}]}}