{"id":8261,"date":"2022-07-15T09:07:52","date_gmt":"2022-07-15T09:07:52","guid":{"rendered":"http:\/\/ch.novotek-multi.dev4.mildmedia-dev.eu\/?page_id=8261"},"modified":"2024-01-22T09:26:25","modified_gmt":"2024-01-22T09:26:25","slug":"anlagen-prozessoptimierung","status":"publish","type":"page","link":"https:\/\/www.novotek.com\/at\/anlagen-prozessoptimierung\/","title":{"rendered":"Industrie Analytics"},"content":{"rendered":"  <div class=\"hero\">\n    <div class=\"carousel hero-slider small\" data-flickity data-flickity-options='{\"prevNextButtons\": false}'>\n              <div class=\"carousel-cell\">\n          <div class=\"container\">\n            <div class=\"hero-content\">\n                              <h1>Anlagen- &amp; Prozessoptimierung<\/h1>\n<p><strong>Zuverl\u00e4ssige Prognosen dank Datenanalyse<\/strong><br \/>\nDie richtigen Informationen zur richtigen Zeit erm\u00f6glichen Ihnen, wichtige Entscheidungen effizient und zielgerichtet zu treffen.<\/p>\n              \n                          <\/div>\n          <\/div>\n\n          <img decoding=\"async\" width=\"1024\" height=\"427\" src=\"https:\/\/www.novotek.com\/at\/wp-content\/uploads\/sites\/13\/2021\/Novotek_UK\/Solutions_and_Products\/Analytics\/Novotek_solutions_Analytics_header_1920x800px-1024x427.jpg.webp\" class=\"hero-bg\" alt=\"Hero Img\" fetchpriority=\"high\" srcset=\"https:\/\/www.novotek.com\/at\/wp-content\/uploads\/sites\/13\/2021\/Novotek_UK\/Solutions_and_Products\/Analytics\/Novotek_solutions_Analytics_header_1920x800px-1024x427.jpg.webp 1024w, https:\/\/www.novotek.com\/at\/wp-content\/uploads\/sites\/13\/2021\/Novotek_UK\/Solutions_and_Products\/Analytics\/Novotek_solutions_Analytics_header_1920x800px-300x125.jpg.webp 300w, https:\/\/www.novotek.com\/at\/wp-content\/uploads\/sites\/13\/2021\/Novotek_UK\/Solutions_and_Products\/Analytics\/Novotek_solutions_Analytics_header_1920x800px-768x320.jpg.webp 768w, https:\/\/www.novotek.com\/at\/wp-content\/uploads\/sites\/13\/2021\/Novotek_UK\/Solutions_and_Products\/Analytics\/Novotek_solutions_Analytics_header_1920x800px-1536x640.jpg.webp 1536w, https:\/\/www.novotek.com\/at\/wp-content\/uploads\/sites\/13\/2021\/Novotek_UK\/Solutions_and_Products\/Analytics\/Novotek_solutions_Analytics_header_1920x800px.jpg.webp 1920w\" sizes=\"(max-width: 1024px) 100vw, 1024px\" \/>                  <\/div>\n          <\/div>\n\n      <\/div>\n\n   <div class=\"floating-breadcrumb\"><div class=\"container\"><span><span><a href=\"https:\/\/www.novotek.com\/at\/\" class=\"breadcrumb-frontpage\">Home<\/a><\/span><\/span><\/div><\/div>\n\n\n<div class=\"container-md paragraph  \">\n<p>Es gibt wahrscheinlich viele Ereignisse in Ihren Produktionsprozessen, die Sie lieber vorhersehen w\u00fcrden, als sich mit den Auswirkungen nachtr\u00e4glich zu besch\u00e4ftigen. Mit Data Analytics, k\u00fcnstlicher Intelligenz (KI) und maschinellem Lernen (ML) lassen sich Abweichungen im Prozess, an Maschinen oder Anlagen schnell erkennen und rechtzeitig beheben.&nbsp;Data Analytics warnt Sie rechtzeitig vor Situationen welche zu Ausf\u00e4llen f\u00fchren k\u00f6nnen, wie z.B. erh\u00f6hte Vibrationen in einem Motor, abweichender Energie- und Ressourcenverbrauch oder steigender Lasten.&nbsp;Als Grundlage dienen historischen Prozessdaten \u00fcber welche mittels KI und ML Referenzwerte erstellt werden. Treten dabei Abweichungen auf, so werden die entsprechenden Stellen sofort benachrichtigt.&nbsp;Das Ergebnis sind reduzierte Ausfallzeiten sowie eine verbesserte Qualit\u00e4t \u00fcber den gesamten Prozess.<\/p>\n<\/div>\n\n<div class=\"container-md spacer  \">\n<div style=\"height:50px\" aria-hidden=\"true\" class=\"wp-block-spacer\"><\/div>\n<\/div>\n\n<div class=\"container media-text  align\">\n<div class=\"wp-block-media-text has-media-on-the-right is-stacked-on-mobile\" style=\"grid-template-columns:auto 40%\"><div class=\"wp-block-media-text__content\"><div class=\"container-md heading  \">\n<h2 class=\"wp-block-heading\" id=\"h-die-kraft-hinter-analytics-ist-maschinelles-lernen\">Die Kraft hinter Analytics ist maschinelles Lernen<\/h2>\n<\/div>\n\n<div class=\"container-md paragraph  \">\n<p>Analytics, KI und maschinelles Lernen stehen sinnbildlich f\u00fcr die automatisierte Datenanalyse.&nbsp;Sie signifizieren, dass mit minimalem menschlichem Einfluss, Muster und Anomalien fr\u00fchzeitig erkannt werden. Dies wiederum erm\u00f6glicht, Prozesse zu optimieren, Anpassungen zu simulieren und Ursachen rechtzeitig zu beheben, bevor diese zum Problem werden. <\/p>\n<\/div><\/div><figure class=\"wp-block-media-text__media\"><img loading=\"lazy\" decoding=\"async\" width=\"1024\" height=\"446\" src=\"https:\/\/www.novotek.com\/at\/wp-content\/uploads\/sites\/13\/Novotek_AI_Analytics_MachineLearning_1024x446.png\" alt=\"Grafik: Datenanalytik mit Hilfe von AI und Machine Learning\" class=\"wp-image-7211 size-full\" srcset=\"https:\/\/www.novotek.com\/at\/wp-content\/uploads\/sites\/13\/Novotek_AI_Analytics_MachineLearning_1024x446.png 1024w, https:\/\/www.novotek.com\/at\/wp-content\/uploads\/sites\/13\/Novotek_AI_Analytics_MachineLearning_1024x446-300x131.png 300w, https:\/\/www.novotek.com\/at\/wp-content\/uploads\/sites\/13\/Novotek_AI_Analytics_MachineLearning_1024x446-768x335.png 768w\" sizes=\"auto, (max-width: 1024px) 100vw, 1024px\" \/><\/figure><\/div>\n<\/div>\n\n<div class=\"container-md spacer  \">\n<div style=\"height:30px\" aria-hidden=\"true\" class=\"wp-block-spacer\"><\/div>\n<\/div>\n\n<div class=\"container-md heading  \">\n<h3 class=\"wp-block-heading\" id=\"h-was-ist-ein-digitaler-zwilling\">Was ist ein Digitaler Zwilling?<\/h3>\n<\/div>\n\n<div class=\"container-md paragraph  \">\n<p>Ein digitaler Zwilling ist eine performante M\u00f6glichkeit, aus allen verf\u00fcgbaren Daten zu einem Produkt, einem Prozess oder einer Anlage ein digitales Modell zu erstellen.&nbsp;Sind ausreichend Daten vorhanden, k\u00f6nnen moderne KI-Tools diese nach Arbeitsmuster und Resultate abgleichen und analysieren.&nbsp;<\/p>\n<\/div>\n\n<div class=\"container-md paragraph  \">\n<p>Der digitale Zwilling dient zudem als sicherer &#171;Sandkasten&#187; um Produktanpassungen oder Prozess\u00e4nderungen detailgetreu und ohne Unterbruch der Produktion zu simulieren. <\/p>\n<\/div>\n\n<div class=\"container-md spacer  \">\n<div style=\"height:30px\" aria-hidden=\"true\" class=\"wp-block-spacer\"><\/div>\n<\/div>\n\n<div class=\"container-md heading  \">\n<h3 class=\"wp-block-heading\" id=\"h-entdecken-sie-die-vielfalt-der-daten-analytik-tools\">Entdecken Sie die Vielfalt der Daten-Analytik-Tools<\/h3>\n<\/div>\n\n<div class=\"container-md paragraph  \">\n<p>Wir haben die wichtigsten Werkzeuge f\u00fcr Sie zusammengestellt.&nbsp;Dazu geh\u00f6ren Trendanalyse, die statistikbasierte Modellierung, die modellbasierte Modellierung und neueste KI-Technologien.&nbsp;Maschinelles Lernen kann vieles sein: von der Offline-Analyse und Trendermittlung bis hin zur vollst\u00e4ndigen Onlinemodellierung eines digitalen Zwillings.&nbsp;<\/p>\n<\/div>\n\n<div class=\"container-md paragraph  \">\n<p><strong><a href=\"https:\/\/www.ge.com\/digital\/applications\/proficy-csense\" target=\"_blank\" rel=\"noreferrer noopener\">Lesen Sie mehr \u00fcber Proficy CSense auf der Website von Ge Digital<\/a><\/strong>&nbsp;.<\/p>\n<\/div>\n\n<div class=\"container-md spacer  \">\n<div style=\"height:50px\" aria-hidden=\"true\" class=\"wp-block-spacer\"><\/div>\n<\/div>\n\n<div class=\"container-md heading  \">\n<h3 class=\"wp-block-heading\" id=\"h-wir-helfen-ihnen-bei-der-anlagen-prozessoptimierung\">Wir helfen Ihnen bei der Anlagen- &amp; Prozessoptimierung<\/h3>\n<\/div>\n\n<div class=\"container-md paragraph  \">\n<p>Sind bei Ihnen gewisse Probleme vorhanden, die unregelm\u00e4ssig auftreten und deren Hintergrund niemand kennt? Verbraucht eine Produktionsstrasse mehr Ressourcen als eine identische Zweite? Oder m\u00f6chten Sie mehr aus den vorhandenen Daten machen?<\/p>\n<\/div>\n\n<div class=\"container-md paragraph  \">\n<p>Novotek bietet alles, von klassischen Analysel\u00f6sungen bis hin zu cloudbasierten Technologien auf Basis von KI und maschinellem Lernen, einschliesslich&nbsp;<a href=\"https:\/\/www.novotek.no\/digitalisering\/analytics-ai-og-machine-learning\/proficy-csense\/\">Proficy CSense<\/a>.&nbsp;Unsere Experten helfen Ihnen, die L\u00f6sung zu finden, die zu Ihrem Unternehmen passt.&nbsp;<\/p>\n<\/div>\n\n<div class=\"container-md spacer  \">\n<div style=\"height:100px\" aria-hidden=\"true\" class=\"wp-block-spacer\"><\/div>\n<\/div>\n\n  <div class=\"slider-column-parent\">\n    <div class=\"container\">\n      <div class=\"slider-column-title\">Unsere Produkte f\u00fcr die Datenanalytik<\/div>\n\n      <div class=\"slider-column\">\n        <div class=\"slider-cell carousel-cell large\"><div class=\"column-box\">\n  \n      <div class=\"title\">\n      Proficy CSense<\/br>von GE Digital    <\/div>\n  \n      <div class=\"text\">\n      <p>Erkennen Sie dank intelligenten Analyse-Tools Schwachstellen in Ihren Produktionsprozessen und optimieren Sie die Anlagen- und Prozessleistung.<\/p>\n    <\/div>\n  \n      <a class=\"link\"  href=\"https:\/\/www.novotek.com\/at\/solutions-and-products\/analytics\/proficy-csense\/\" target=\"\">\n      Proficy CSense    <\/a>\n  \n  <\/div>\n\n<\/div><div class=\"slider-cell carousel-cell large\"><div class=\"column-box\">\n  \n      <div class=\"title\">\n      Proficy Operations Analytics<\/br>von GE Digital    <\/div>\n  \n      <div class=\"text\">\n      <p>Verwenden Sie KI und maschinelles Lernen, um die Produktion zu \u00fcberwachen und zu optimieren.<\/p>\n    <\/div>\n  \n      <a class=\"link\"  href=\"https:\/\/www.novotek.com\/at\/anlagen-prozessoptimierung\/proficy-operations-analytics\/\" target=\"\">\n      Proficy Operations Analytics    <\/a>\n  \n  <\/div>\n\n<\/div>      <\/div>\n    <\/div>\n  <\/div>\n\n\n<div class=\"container-md spacer  \">\n<div style=\"height:20px\" aria-hidden=\"true\" class=\"wp-block-spacer\"><\/div>\n<\/div>","protected":false},"excerpt":{"rendered":"<p>Analytics ist einer der wichtigsten Beschleuniger der Digitalisierung. Das Erkennen von Mustern und Trends in historischen  Daten, kombiniert mit den richtigen Algorithmen, erm\u00f6glicht Prognosen f\u00fcr die Verbesserung von Prozessen und die Optimierung von Industrieanlagen.<\/p>\n","protected":false},"author":15,"featured_media":0,"parent":0,"menu_order":8,"comment_status":"closed","ping_status":"closed","template":"","meta":{"_acf_changed":false,"_relevanssi_hide_post":"","_relevanssi_pin_for_all":"","_relevanssi_pin_keywords":"","_relevanssi_unpin_keywords":"","_relevanssi_related_keywords":"","_relevanssi_related_include_ids":"","_relevanssi_related_exclude_ids":"","_relevanssi_related_no_append":"","_relevanssi_related_not_related":"","_relevanssi_related_posts":"3208,3220,3200,4907,3216,3195","_relevanssi_noindex_reason":"","footnotes":""},"class_list":["post-8261","page","type-page","status-publish","hentry"],"acf":[],"yoast_head":"<!-- This site is optimized with the Yoast SEO plugin v27.3 - https:\/\/yoast.com\/product\/yoast-seo-wordpress\/ -->\n<title>Intelligente Datenanalyse f\u00fcr Anlagen- &amp; Prozessoptimierungen<\/title>\n<meta name=\"description\" content=\"Die richtigen Informationen aus Analysen und Berichten erm\u00f6glichen wichtige Entscheidungen effizient und zielgerichtet durchzuf\u00fchren.\" \/>\n<meta name=\"robots\" content=\"index, follow, max-snippet:-1, max-image-preview:large, max-video-preview:-1\" \/>\n<link rel=\"canonical\" href=\"https:\/\/www.novotek.com\/at\/anlagen-prozessoptimierung\/\" \/>\n<meta property=\"og:locale\" content=\"de_DE\" \/>\n<meta property=\"og:type\" content=\"article\" \/>\n<meta property=\"og:title\" content=\"Intelligente Datenanalyse f\u00fcr Anlagen- &amp; Prozessoptimierungen\" \/>\n<meta property=\"og:description\" content=\"Die richtigen Informationen aus Analysen und Berichten erm\u00f6glichen wichtige Entscheidungen effizient und zielgerichtet durchzuf\u00fchren.\" \/>\n<meta property=\"og:url\" content=\"https:\/\/www.novotek.com\/at\/anlagen-prozessoptimierung\/\" \/>\n<meta property=\"og:site_name\" content=\"Novotek Austria\" \/>\n<meta property=\"article:modified_time\" content=\"2024-01-22T09:26:25+00:00\" \/>\n<meta property=\"og:image\" content=\"https:\/\/www.novotek.com\/at\/wp-content\/uploads\/sites\/13\/Novotek_AI_Analytics_MachineLearning_1024x446.png\" \/>\n<meta name=\"twitter:card\" content=\"summary_large_image\" \/>\n<meta name=\"twitter:label1\" content=\"Gesch\u00e4tzte Lesezeit\" \/>\n\t<meta name=\"twitter:data1\" content=\"3\u00a0Minuten\" \/>\n<script type=\"application\/ld+json\" class=\"yoast-schema-graph\">{\"@context\":\"https:\\\/\\\/schema.org\",\"@graph\":[{\"@type\":\"WebPage\",\"@id\":\"https:\\\/\\\/www.novotek.com\\\/at\\\/anlagen-prozessoptimierung\\\/\",\"url\":\"https:\\\/\\\/www.novotek.com\\\/at\\\/anlagen-prozessoptimierung\\\/\",\"name\":\"Intelligente Datenanalyse f\u00fcr Anlagen- & Prozessoptimierungen\",\"isPartOf\":{\"@id\":\"https:\\\/\\\/www.novotek.com\\\/at\\\/#website\"},\"primaryImageOfPage\":{\"@id\":\"https:\\\/\\\/www.novotek.com\\\/at\\\/anlagen-prozessoptimierung\\\/#primaryimage\"},\"image\":{\"@id\":\"https:\\\/\\\/www.novotek.com\\\/at\\\/anlagen-prozessoptimierung\\\/#primaryimage\"},\"thumbnailUrl\":\"https:\\\/\\\/www.novotek.com\\\/at\\\/wp-content\\\/uploads\\\/sites\\\/13\\\/Novotek_AI_Analytics_MachineLearning_1024x446.png\",\"datePublished\":\"2022-07-15T09:07:52+00:00\",\"dateModified\":\"2024-01-22T09:26:25+00:00\",\"description\":\"Die richtigen Informationen aus Analysen und Berichten erm\u00f6glichen wichtige Entscheidungen effizient und zielgerichtet durchzuf\u00fchren.\",\"breadcrumb\":{\"@id\":\"https:\\\/\\\/www.novotek.com\\\/at\\\/anlagen-prozessoptimierung\\\/#breadcrumb\"},\"inLanguage\":\"de-CH\",\"potentialAction\":[{\"@type\":\"ReadAction\",\"target\":[\"https:\\\/\\\/www.novotek.com\\\/at\\\/anlagen-prozessoptimierung\\\/\"]}]},{\"@type\":\"ImageObject\",\"inLanguage\":\"de-CH\",\"@id\":\"https:\\\/\\\/www.novotek.com\\\/at\\\/anlagen-prozessoptimierung\\\/#primaryimage\",\"url\":\"https:\\\/\\\/www.novotek.com\\\/at\\\/wp-content\\\/uploads\\\/sites\\\/13\\\/Novotek_AI_Analytics_MachineLearning_1024x446.png.webp\",\"contentUrl\":\"https:\\\/\\\/www.novotek.com\\\/at\\\/wp-content\\\/uploads\\\/sites\\\/13\\\/Novotek_AI_Analytics_MachineLearning_1024x446.png.webp\",\"width\":1024,\"height\":446},{\"@type\":\"BreadcrumbList\",\"@id\":\"https:\\\/\\\/www.novotek.com\\\/at\\\/anlagen-prozessoptimierung\\\/#breadcrumb\",\"itemListElement\":[{\"@type\":\"ListItem\",\"position\":1,\"name\":\"Home\",\"item\":\"https:\\\/\\\/www.novotek.com\\\/at\\\/\"},{\"@type\":\"ListItem\",\"position\":2,\"name\":\"Industrie Analytics\"}]},{\"@type\":\"WebSite\",\"@id\":\"https:\\\/\\\/www.novotek.com\\\/at\\\/#website\",\"url\":\"https:\\\/\\\/www.novotek.com\\\/at\\\/\",\"name\":\"Novotek Switzerland\",\"description\":\"Connect - Digitalize - Optimize\",\"potentialAction\":[{\"@type\":\"SearchAction\",\"target\":{\"@type\":\"EntryPoint\",\"urlTemplate\":\"https:\\\/\\\/www.novotek.com\\\/at\\\/?s={search_term_string}\"},\"query-input\":{\"@type\":\"PropertyValueSpecification\",\"valueRequired\":true,\"valueName\":\"search_term_string\"}}],\"inLanguage\":\"de-CH\"}]}<\/script>\n<!-- \/ Yoast SEO plugin. -->","yoast_head_json":{"title":"Intelligente Datenanalyse f\u00fcr Anlagen- & Prozessoptimierungen","description":"Die richtigen Informationen aus Analysen und Berichten erm\u00f6glichen wichtige Entscheidungen effizient und zielgerichtet durchzuf\u00fchren.","robots":{"index":"index","follow":"follow","max-snippet":"max-snippet:-1","max-image-preview":"max-image-preview:large","max-video-preview":"max-video-preview:-1"},"canonical":"https:\/\/www.novotek.com\/at\/anlagen-prozessoptimierung\/","og_locale":"de_DE","og_type":"article","og_title":"Intelligente Datenanalyse f\u00fcr Anlagen- & Prozessoptimierungen","og_description":"Die richtigen Informationen aus Analysen und Berichten erm\u00f6glichen wichtige Entscheidungen effizient und zielgerichtet durchzuf\u00fchren.","og_url":"https:\/\/www.novotek.com\/at\/anlagen-prozessoptimierung\/","og_site_name":"Novotek Austria","article_modified_time":"2024-01-22T09:26:25+00:00","og_image":[{"url":"https:\/\/www.novotek.com\/at\/wp-content\/uploads\/sites\/13\/Novotek_AI_Analytics_MachineLearning_1024x446.png","type":"","width":"","height":""}],"twitter_card":"summary_large_image","twitter_misc":{"Gesch\u00e4tzte Lesezeit":"3\u00a0Minuten"},"schema":{"@context":"https:\/\/schema.org","@graph":[{"@type":"WebPage","@id":"https:\/\/www.novotek.com\/at\/anlagen-prozessoptimierung\/","url":"https:\/\/www.novotek.com\/at\/anlagen-prozessoptimierung\/","name":"Intelligente Datenanalyse f\u00fcr Anlagen- & Prozessoptimierungen","isPartOf":{"@id":"https:\/\/www.novotek.com\/at\/#website"},"primaryImageOfPage":{"@id":"https:\/\/www.novotek.com\/at\/anlagen-prozessoptimierung\/#primaryimage"},"image":{"@id":"https:\/\/www.novotek.com\/at\/anlagen-prozessoptimierung\/#primaryimage"},"thumbnailUrl":"https:\/\/www.novotek.com\/at\/wp-content\/uploads\/sites\/13\/Novotek_AI_Analytics_MachineLearning_1024x446.png","datePublished":"2022-07-15T09:07:52+00:00","dateModified":"2024-01-22T09:26:25+00:00","description":"Die richtigen Informationen aus Analysen und Berichten erm\u00f6glichen wichtige Entscheidungen effizient und zielgerichtet durchzuf\u00fchren.","breadcrumb":{"@id":"https:\/\/www.novotek.com\/at\/anlagen-prozessoptimierung\/#breadcrumb"},"inLanguage":"de-CH","potentialAction":[{"@type":"ReadAction","target":["https:\/\/www.novotek.com\/at\/anlagen-prozessoptimierung\/"]}]},{"@type":"ImageObject","inLanguage":"de-CH","@id":"https:\/\/www.novotek.com\/at\/anlagen-prozessoptimierung\/#primaryimage","url":"https:\/\/www.novotek.com\/at\/wp-content\/uploads\/sites\/13\/Novotek_AI_Analytics_MachineLearning_1024x446.png.webp","contentUrl":"https:\/\/www.novotek.com\/at\/wp-content\/uploads\/sites\/13\/Novotek_AI_Analytics_MachineLearning_1024x446.png.webp","width":1024,"height":446},{"@type":"BreadcrumbList","@id":"https:\/\/www.novotek.com\/at\/anlagen-prozessoptimierung\/#breadcrumb","itemListElement":[{"@type":"ListItem","position":1,"name":"Home","item":"https:\/\/www.novotek.com\/at\/"},{"@type":"ListItem","position":2,"name":"Industrie Analytics"}]},{"@type":"WebSite","@id":"https:\/\/www.novotek.com\/at\/#website","url":"https:\/\/www.novotek.com\/at\/","name":"Novotek Switzerland","description":"Connect - Digitalize - Optimize","potentialAction":[{"@type":"SearchAction","target":{"@type":"EntryPoint","urlTemplate":"https:\/\/www.novotek.com\/at\/?s={search_term_string}"},"query-input":{"@type":"PropertyValueSpecification","valueRequired":true,"valueName":"search_term_string"}}],"inLanguage":"de-CH"}]}},"_links":{"self":[{"href":"https:\/\/www.novotek.com\/at\/wp-json\/wp\/v2\/pages\/8261","targetHints":{"allow":["GET"]}}],"collection":[{"href":"https:\/\/www.novotek.com\/at\/wp-json\/wp\/v2\/pages"}],"about":[{"href":"https:\/\/www.novotek.com\/at\/wp-json\/wp\/v2\/types\/page"}],"author":[{"embeddable":true,"href":"https:\/\/www.novotek.com\/at\/wp-json\/wp\/v2\/users\/15"}],"replies":[{"embeddable":true,"href":"https:\/\/www.novotek.com\/at\/wp-json\/wp\/v2\/comments?post=8261"}],"version-history":[{"count":65,"href":"https:\/\/www.novotek.com\/at\/wp-json\/wp\/v2\/pages\/8261\/revisions"}],"predecessor-version":[{"id":19704,"href":"https:\/\/www.novotek.com\/at\/wp-json\/wp\/v2\/pages\/8261\/revisions\/19704"}],"wp:attachment":[{"href":"https:\/\/www.novotek.com\/at\/wp-json\/wp\/v2\/media?parent=8261"}],"curies":[{"name":"wp","href":"https:\/\/api.w.org\/{rel}","templated":true}]}}