{"id":8263,"date":"2022-07-15T09:07:53","date_gmt":"2022-07-15T09:07:53","guid":{"rendered":"http:\/\/ch.novotek-multi.dev4.mildmedia-dev.eu\/?page_id=8263"},"modified":"2024-06-20T08:06:04","modified_gmt":"2024-06-20T08:06:04","slug":"proficy-operations-analytics","status":"publish","type":"page","link":"https:\/\/www.novotek.com\/at\/anlagen-prozessoptimierung\/proficy-operations-analytics\/","title":{"rendered":"Proficy Operations Analytics"},"content":{"rendered":"  <div class=\"hero\">\n    <div class=\"carousel hero-slider small\" data-flickity data-flickity-options='{\"prevNextButtons\": false}'>\n              <div class=\"carousel-cell\">\n          <div class=\"container\">\n            <div class=\"hero-content\">\n                              <h1>Proficy Operations Analytics<\/h1>\n<p id=\"ontdek-verborgen-efficienties-van-uw-machines-op-basis-van-digital-twins\">Erforschen Sie das versteckte Potenzial Ihrer Anlagen, Prozessstrecken und Infrastruktur mit der Hilfe eines digitalen Zwillings.<\/p>\n              \n                          <\/div>\n          <\/div>\n\n          <img decoding=\"async\" width=\"1024\" height=\"427\" src=\"https:\/\/www.novotek.com\/at\/wp-content\/uploads\/sites\/13\/Proficy-Operations-Analytics-header1920x800px-1024x427.jpg.webp\" class=\"hero-bg\" alt=\"Hero Img\" fetchpriority=\"high\" srcset=\"https:\/\/www.novotek.com\/at\/wp-content\/uploads\/sites\/13\/Proficy-Operations-Analytics-header1920x800px-1024x427.jpg.webp 1024w, https:\/\/www.novotek.com\/at\/wp-content\/uploads\/sites\/13\/Proficy-Operations-Analytics-header1920x800px-300x125.jpg.webp 300w, https:\/\/www.novotek.com\/at\/wp-content\/uploads\/sites\/13\/Proficy-Operations-Analytics-header1920x800px-768x320.jpg.webp 768w, https:\/\/www.novotek.com\/at\/wp-content\/uploads\/sites\/13\/Proficy-Operations-Analytics-header1920x800px-1536x640.jpg.webp 1536w, https:\/\/www.novotek.com\/at\/wp-content\/uploads\/sites\/13\/Proficy-Operations-Analytics-header1920x800px.jpg.webp 1920w\" sizes=\"(max-width: 1024px) 100vw, 1024px\" \/>                  <\/div>\n          <\/div>\n\n      <\/div>\n\n   \n\n\n<div class=\"container-md paragraph  \">\n<p>Stellen Sie sich vor, Sie k\u00f6nnten Vorwarnungen und automatische Diagnosen zu Qualit\u00e4t und Produktion sowie m\u00f6glichen Ausfallzeiten und Ursachen schwankender Anlagenzuverl\u00e4ssigkeit erhalten? <\/p>\n<\/div>\n\n<div class=\"container-md paragraph  \">\n<p>Proficy Operations&nbsp;<a href=\"https:\/\/www.novotek.nl\/oplossingen-en-producten\/analytics\/\">Analytics<\/a>&nbsp;macht dies m\u00f6glich.&nbsp;Out-of-the-box Predictive Apps machen es einfach, einen digitalen Zwilling Ihrer Prozess-Anlagen zu erstellen wie auch deren Verhalten basierend auf historischen Daten vorherzusagen.&nbsp;Und daf\u00fcr ben\u00f6tigen Sie nicht einmal Programmierkenntnisse!<\/p>\n<\/div>\n\n<div class=\"container-md image  \">\n<figure class=\"wp-block-image size-full\"><img loading=\"lazy\" decoding=\"async\" width=\"1024\" height=\"505\" src=\"https:\/\/www.novotek.com\/at\/wp-content\/uploads\/sites\/13\/proficy-operationsanalytics.jpg\" alt=\"proficy-operations-analytics\" class=\"wp-image-10472\" srcset=\"https:\/\/www.novotek.com\/at\/wp-content\/uploads\/sites\/13\/proficy-operationsanalytics.jpg 1024w, https:\/\/www.novotek.com\/at\/wp-content\/uploads\/sites\/13\/proficy-operationsanalytics-300x148.jpg 300w, https:\/\/www.novotek.com\/at\/wp-content\/uploads\/sites\/13\/proficy-operationsanalytics-768x379.jpg 768w\" sizes=\"auto, (max-width: 1024px) 100vw, 1024px\" \/><\/figure>\n<\/div>\n\n<div class=\"container-md spacer  \">\n<div style=\"height:30px\" aria-hidden=\"true\" class=\"wp-block-spacer\"><\/div>\n<\/div>\n\n<div class=\"container-md heading  \">\n<h2 class=\"wp-block-heading\" id=\"h-weg-mit-der-kristallkugel-her-mit-konkreten-vorhersagen\">Weg mit der Kristallkugel, <br>her mit konkreten Vorhersagen<\/h2>\n<\/div>\n\n<div class=\"container-md paragraph  \">\n<p>Proficy Operations Analytics ist eine SaaS-basierte Predictive-Analytics-Plattform f\u00fcr industrielle Anwendungen. Zur Bedienung ben\u00f6tigen Sie weder fundierte Kenntnisse im Bereich Data Analytics noch brauchen Sie einen Data Scientist. Dennoch erreichen Sie eine noch nie erreichte Einblicktiefe in die eigene Produktion, basierend auf Daten vernetzter Anlagen und Sensoren (IIoT).<\/p>\n<\/div>\n\n<div class=\"container-md paragraph  \">\n<p>Die benutzerdefinierten Dashboards dieser Cloud-Analytics-L\u00f6sung unterst\u00fctzen Betriebs-, Technik- und F\u00fchrungsteams in ihrer Entscheidungsfindung. Die so gewonnenen Informationen werden besser verstanden und entsprechend zugeordnet, um proaktive Massnahmen auf Unternehmensebene zu operationalisieren.<\/p>\n<\/div>\n\n<div class=\"container-md spacer  \">\n<div style=\"height:30px\" aria-hidden=\"true\" class=\"wp-block-spacer\"><\/div>\n<\/div>\n\n<div class=\"container media-text  alignwide\">\n<div class=\"wp-block-media-text alignwide is-stacked-on-mobile\" style=\"grid-template-columns:40% auto\"><figure class=\"wp-block-media-text__media\"><img loading=\"lazy\" decoding=\"async\" width=\"600\" height=\"522\" src=\"https:\/\/www.novotek.com\/at\/wp-content\/uploads\/sites\/13\/Proficy-Operatoins-Analytics-Predictive-Maintenance-1792x1280-1.jpg\" alt=\"Proficy-Operatoins-Analytics-Predictive-Maintenance\" class=\"wp-image-10456 size-full\" srcset=\"https:\/\/www.novotek.com\/at\/wp-content\/uploads\/sites\/13\/Proficy-Operatoins-Analytics-Predictive-Maintenance-1792x1280-1.jpg 600w, https:\/\/www.novotek.com\/at\/wp-content\/uploads\/sites\/13\/Proficy-Operatoins-Analytics-Predictive-Maintenance-1792x1280-1-300x261.jpg 300w\" sizes=\"auto, (max-width: 600px) 100vw, 600px\" \/><\/figure><div class=\"wp-block-media-text__content\"><div class=\"container-md heading  \">\n<h3 class=\"wp-block-heading\" id=\"h-eine-digitale-kopie-ihrer-anlagen-in-wenigen-minuten-erstellt\">Eine digitale Kopie Ihrer Anlagen in wenigen Minuten erstellt<\/h3>\n<\/div>\n\n<div class=\"container-md paragraph  \">\n<p>Proficy Operations Analytics verf\u00fcgt \u00fcber eine umfangreiche Bibliothek aus Vorlagen, um schnell einen sogenannten digitalen Zwilling f\u00fcr Ihren Prozess oder Ihre Maschinen zu erstellen.&nbsp;Alles, was Sie tun m\u00fcssen, ist, die richtigen Signale (Daten) mit den richtigen Ein- und Ausg\u00e4ngen zu verkn\u00fcpfen. Den Rest erledigt das System.&nbsp;Die Plattform erlernt automatisch (ML), basierend auf historischen Daten, das Verhalten der Maschinen zu verstehen und kann Vorhersagen treffen, die rechtzeitige Diagnosen zulassen.<\/p>\n<\/div><\/div><\/div>\n<\/div>\n\n<div class=\"container-md spacer  \">\n<div style=\"height:30px\" aria-hidden=\"true\" class=\"wp-block-spacer\"><\/div>\n<\/div>\n\n<div class=\"container-md heading  \">\n<h3 class=\"wp-block-heading\" id=\"h-was-konnen-sie-mit-proficy-operations-analytics-machen\">Was k\u00f6nnen Sie mit Proficy Operations Analytics machen?<\/h3>\n<\/div>\n\n<div class=\"container-md list  \">\n<ul class=\"wp-block-list\"><div class=\"container-md list-item  \">\n<li>Laden Sie historische Daten zur Analyse automatisch in die Cloud.<\/li>\n<\/div>\n\n<div class=\"container-md list-item  \">\n<li>Erstellen Sie einen digitalen Zwilling auf Basis von Standardvorlagen.<\/li>\n<\/div>\n\n<div class=\"container-md list-item  \">\n<li>Erhalten Sie automatische Ereignisvorhersagen in Bezug auf Qualit\u00e4t, Verf\u00fcgbarkeit und Energieverbrauch.<\/li>\n<\/div>\n\n<div class=\"container-md list-item  \">\n<li>Umfangreiche Dashboard- und Visualisierungsoptionen.<\/li>\n<\/div>\n\n<div class=\"container-md list-item  \">\n<li>Erstellte Modelle k\u00f6nnen kopiert und unternehmensweit eingesetzt werden.<\/li>\n<\/div><\/ul>\n<\/div>\n\n<div class=\"container-md spacer  \">\n<div style=\"height:10px\" aria-hidden=\"true\" class=\"wp-block-spacer\"><\/div>\n<\/div>\n\n<div class=\"container-md spacer  \">\n<div style=\"height:30px\" aria-hidden=\"true\" class=\"wp-block-spacer\"><\/div>\n<\/div>\n\n<div class=\"container media-text  alignwide\">\n<div class=\"wp-block-media-text alignwide has-media-on-the-right is-stacked-on-mobile\" style=\"grid-template-columns:auto 40%\"><div class=\"wp-block-media-text__content\"><div class=\"container-md heading  \">\n<h3 class=\"wp-block-heading\" id=\"h-steigern-sie-kontinuierlich-ihre-betriebsleistung\">Steigern Sie kontinuierlich Ihre Betriebsleistung<\/h3>\n<\/div>\n\n<div class=\"container-md paragraph  \">\n<p>Innerhalb weniger Minuten nach der Verbindung mit Quellen von Betriebs- und Wartungsdaten erhalten Anwender Einblicke in Verbesserungsm\u00f6glichkeiten der Betriebsleistung.<\/p>\n<\/div><\/div><figure class=\"wp-block-media-text__media\"><img loading=\"lazy\" decoding=\"async\" width=\"600\" height=\"413\" src=\"https:\/\/www.novotek.com\/at\/wp-content\/uploads\/sites\/13\/Proficy-Operations-Analytics-improve-performance-1792x1280-1.jpg\" alt=\"\" class=\"wp-image-10916 size-full\" srcset=\"https:\/\/www.novotek.com\/at\/wp-content\/uploads\/sites\/13\/Proficy-Operations-Analytics-improve-performance-1792x1280-1.jpg 600w, https:\/\/www.novotek.com\/at\/wp-content\/uploads\/sites\/13\/Proficy-Operations-Analytics-improve-performance-1792x1280-1-300x207.jpg 300w\" sizes=\"auto, (max-width: 600px) 100vw, 600px\" \/><\/figure><\/div>\n<\/div>\n\n<div class=\"container-md spacer  \">\n<div style=\"height:40px\" aria-hidden=\"true\" class=\"wp-block-spacer\"><\/div>\n<\/div>","protected":false},"excerpt":{"rendered":"<p>Stellen Sie sich vor, Sie k\u00f6nnten Vorwarnungen und automatische Diagnosen zu Qualit\u00e4t und Produktion sowie m\u00f6glichen Ausfallzeiten und Ursachen schwankender Anlagenzuverl\u00e4ssigkeit erhalten? Proficy Operations&nbsp;Analytics&nbsp;macht dies m\u00f6glich.&nbsp;Out-of-the-box Predictive Apps machen es einfach, einen digitalen Zwilling Ihrer Prozess-Anlagen zu erstellen wie auch deren Verhalten basierend auf historischen Daten vorherzusagen.&nbsp;Und daf\u00fcr ben\u00f6tigen Sie nicht einmal Programmierkenntnisse! Weg mit [&hellip;]<\/p>\n","protected":false},"author":15,"featured_media":0,"parent":8261,"menu_order":2,"comment_status":"closed","ping_status":"closed","template":"","meta":{"_acf_changed":false,"_relevanssi_hide_post":"","_relevanssi_pin_for_all":"","_relevanssi_pin_keywords":"","_relevanssi_unpin_keywords":"","_relevanssi_related_keywords":"","_relevanssi_related_include_ids":"","_relevanssi_related_exclude_ids":"","_relevanssi_related_no_append":"","_relevanssi_related_not_related":"","_relevanssi_related_posts":"3208,3200,6214,6233,6198,6182","_relevanssi_noindex_reason":"","footnotes":""},"class_list":["post-8263","page","type-page","status-publish","hentry"],"acf":[],"yoast_head":"<!-- This site is optimized with the Yoast SEO plugin v27.3 - https:\/\/yoast.com\/product\/yoast-seo-wordpress\/ -->\n<title>Proficy Operations Analytics - Novotek Austria<\/title>\n<meta name=\"description\" content=\"Nutzen Sie das volle Potenzial Ihrer Anlagen dank Proficy Operations Analytics und eines digitalen Prozess-Zwilling.\" \/>\n<meta name=\"robots\" content=\"index, follow, max-snippet:-1, max-image-preview:large, max-video-preview:-1\" \/>\n<link rel=\"canonical\" href=\"https:\/\/www.novotek.com\/at\/anlagen-prozessoptimierung\/proficy-operations-analytics\/\" \/>\n<meta property=\"og:locale\" content=\"de_DE\" \/>\n<meta property=\"og:type\" content=\"article\" \/>\n<meta property=\"og:title\" content=\"Proficy Operations Analytics - Novotek Austria\" \/>\n<meta property=\"og:description\" content=\"Nutzen Sie das volle Potenzial Ihrer Anlagen dank Proficy Operations Analytics und eines digitalen Prozess-Zwilling.\" \/>\n<meta property=\"og:url\" content=\"https:\/\/www.novotek.com\/at\/anlagen-prozessoptimierung\/proficy-operations-analytics\/\" \/>\n<meta property=\"og:site_name\" content=\"Novotek Austria\" \/>\n<meta property=\"article:modified_time\" content=\"2024-06-20T08:06:04+00:00\" \/>\n<meta property=\"og:image\" content=\"https:\/\/www.novotek.com\/at\/wp-content\/uploads\/sites\/13\/proficy-operationsanalytics.jpg\" \/>\n<meta name=\"twitter:card\" content=\"summary_large_image\" \/>\n<meta name=\"twitter:label1\" content=\"Gesch\u00e4tzte Lesezeit\" \/>\n\t<meta name=\"twitter:data1\" content=\"3\u00a0Minuten\" \/>\n<script type=\"application\/ld+json\" class=\"yoast-schema-graph\">{\"@context\":\"https:\\\/\\\/schema.org\",\"@graph\":[{\"@type\":\"WebPage\",\"@id\":\"https:\\\/\\\/www.novotek.com\\\/at\\\/anlagen-prozessoptimierung\\\/proficy-operations-analytics\\\/\",\"url\":\"https:\\\/\\\/www.novotek.com\\\/at\\\/anlagen-prozessoptimierung\\\/proficy-operations-analytics\\\/\",\"name\":\"Proficy Operations Analytics - Novotek Austria\",\"isPartOf\":{\"@id\":\"https:\\\/\\\/www.novotek.com\\\/at\\\/#website\"},\"primaryImageOfPage\":{\"@id\":\"https:\\\/\\\/www.novotek.com\\\/at\\\/anlagen-prozessoptimierung\\\/proficy-operations-analytics\\\/#primaryimage\"},\"image\":{\"@id\":\"https:\\\/\\\/www.novotek.com\\\/at\\\/anlagen-prozessoptimierung\\\/proficy-operations-analytics\\\/#primaryimage\"},\"thumbnailUrl\":\"https:\\\/\\\/www.novotek.com\\\/at\\\/wp-content\\\/uploads\\\/sites\\\/13\\\/proficy-operationsanalytics.jpg\",\"datePublished\":\"2022-07-15T09:07:53+00:00\",\"dateModified\":\"2024-06-20T08:06:04+00:00\",\"description\":\"Nutzen Sie das volle Potenzial Ihrer Anlagen dank Proficy Operations Analytics und eines digitalen Prozess-Zwilling.\",\"breadcrumb\":{\"@id\":\"https:\\\/\\\/www.novotek.com\\\/at\\\/anlagen-prozessoptimierung\\\/proficy-operations-analytics\\\/#breadcrumb\"},\"inLanguage\":\"de-CH\",\"potentialAction\":[{\"@type\":\"ReadAction\",\"target\":[\"https:\\\/\\\/www.novotek.com\\\/at\\\/anlagen-prozessoptimierung\\\/proficy-operations-analytics\\\/\"]}]},{\"@type\":\"ImageObject\",\"inLanguage\":\"de-CH\",\"@id\":\"https:\\\/\\\/www.novotek.com\\\/at\\\/anlagen-prozessoptimierung\\\/proficy-operations-analytics\\\/#primaryimage\",\"url\":\"https:\\\/\\\/www.novotek.com\\\/at\\\/wp-content\\\/uploads\\\/sites\\\/13\\\/proficy-operationsanalytics.jpg.webp\",\"contentUrl\":\"https:\\\/\\\/www.novotek.com\\\/at\\\/wp-content\\\/uploads\\\/sites\\\/13\\\/proficy-operationsanalytics.jpg.webp\",\"width\":1024,\"height\":505,\"caption\":\"proficy-operations-analytics\"},{\"@type\":\"BreadcrumbList\",\"@id\":\"https:\\\/\\\/www.novotek.com\\\/at\\\/anlagen-prozessoptimierung\\\/proficy-operations-analytics\\\/#breadcrumb\",\"itemListElement\":[{\"@type\":\"ListItem\",\"position\":1,\"name\":\"Home\",\"item\":\"https:\\\/\\\/www.novotek.com\\\/at\\\/\"},{\"@type\":\"ListItem\",\"position\":2,\"name\":\"Industrie Analytics\",\"item\":\"https:\\\/\\\/www.novotek.com\\\/at\\\/anlagen-prozessoptimierung\\\/\"},{\"@type\":\"ListItem\",\"position\":3,\"name\":\"Proficy Operations Analytics\"}]},{\"@type\":\"WebSite\",\"@id\":\"https:\\\/\\\/www.novotek.com\\\/at\\\/#website\",\"url\":\"https:\\\/\\\/www.novotek.com\\\/at\\\/\",\"name\":\"Novotek Switzerland\",\"description\":\"Connect - Digitalize - Optimize\",\"potentialAction\":[{\"@type\":\"SearchAction\",\"target\":{\"@type\":\"EntryPoint\",\"urlTemplate\":\"https:\\\/\\\/www.novotek.com\\\/at\\\/?s={search_term_string}\"},\"query-input\":{\"@type\":\"PropertyValueSpecification\",\"valueRequired\":true,\"valueName\":\"search_term_string\"}}],\"inLanguage\":\"de-CH\"}]}<\/script>\n<!-- \/ Yoast SEO plugin. -->","yoast_head_json":{"title":"Proficy Operations Analytics - Novotek Austria","description":"Nutzen Sie das volle Potenzial Ihrer Anlagen dank Proficy Operations Analytics und eines digitalen Prozess-Zwilling.","robots":{"index":"index","follow":"follow","max-snippet":"max-snippet:-1","max-image-preview":"max-image-preview:large","max-video-preview":"max-video-preview:-1"},"canonical":"https:\/\/www.novotek.com\/at\/anlagen-prozessoptimierung\/proficy-operations-analytics\/","og_locale":"de_DE","og_type":"article","og_title":"Proficy Operations Analytics - Novotek Austria","og_description":"Nutzen Sie das volle Potenzial Ihrer Anlagen dank Proficy Operations Analytics und eines digitalen Prozess-Zwilling.","og_url":"https:\/\/www.novotek.com\/at\/anlagen-prozessoptimierung\/proficy-operations-analytics\/","og_site_name":"Novotek Austria","article_modified_time":"2024-06-20T08:06:04+00:00","og_image":[{"url":"https:\/\/www.novotek.com\/at\/wp-content\/uploads\/sites\/13\/proficy-operationsanalytics.jpg","type":"","width":"","height":""}],"twitter_card":"summary_large_image","twitter_misc":{"Gesch\u00e4tzte Lesezeit":"3\u00a0Minuten"},"schema":{"@context":"https:\/\/schema.org","@graph":[{"@type":"WebPage","@id":"https:\/\/www.novotek.com\/at\/anlagen-prozessoptimierung\/proficy-operations-analytics\/","url":"https:\/\/www.novotek.com\/at\/anlagen-prozessoptimierung\/proficy-operations-analytics\/","name":"Proficy Operations Analytics - Novotek Austria","isPartOf":{"@id":"https:\/\/www.novotek.com\/at\/#website"},"primaryImageOfPage":{"@id":"https:\/\/www.novotek.com\/at\/anlagen-prozessoptimierung\/proficy-operations-analytics\/#primaryimage"},"image":{"@id":"https:\/\/www.novotek.com\/at\/anlagen-prozessoptimierung\/proficy-operations-analytics\/#primaryimage"},"thumbnailUrl":"https:\/\/www.novotek.com\/at\/wp-content\/uploads\/sites\/13\/proficy-operationsanalytics.jpg","datePublished":"2022-07-15T09:07:53+00:00","dateModified":"2024-06-20T08:06:04+00:00","description":"Nutzen Sie das volle Potenzial Ihrer Anlagen dank Proficy Operations Analytics und eines digitalen Prozess-Zwilling.","breadcrumb":{"@id":"https:\/\/www.novotek.com\/at\/anlagen-prozessoptimierung\/proficy-operations-analytics\/#breadcrumb"},"inLanguage":"de-CH","potentialAction":[{"@type":"ReadAction","target":["https:\/\/www.novotek.com\/at\/anlagen-prozessoptimierung\/proficy-operations-analytics\/"]}]},{"@type":"ImageObject","inLanguage":"de-CH","@id":"https:\/\/www.novotek.com\/at\/anlagen-prozessoptimierung\/proficy-operations-analytics\/#primaryimage","url":"https:\/\/www.novotek.com\/at\/wp-content\/uploads\/sites\/13\/proficy-operationsanalytics.jpg.webp","contentUrl":"https:\/\/www.novotek.com\/at\/wp-content\/uploads\/sites\/13\/proficy-operationsanalytics.jpg.webp","width":1024,"height":505,"caption":"proficy-operations-analytics"},{"@type":"BreadcrumbList","@id":"https:\/\/www.novotek.com\/at\/anlagen-prozessoptimierung\/proficy-operations-analytics\/#breadcrumb","itemListElement":[{"@type":"ListItem","position":1,"name":"Home","item":"https:\/\/www.novotek.com\/at\/"},{"@type":"ListItem","position":2,"name":"Industrie Analytics","item":"https:\/\/www.novotek.com\/at\/anlagen-prozessoptimierung\/"},{"@type":"ListItem","position":3,"name":"Proficy Operations Analytics"}]},{"@type":"WebSite","@id":"https:\/\/www.novotek.com\/at\/#website","url":"https:\/\/www.novotek.com\/at\/","name":"Novotek Switzerland","description":"Connect - Digitalize - Optimize","potentialAction":[{"@type":"SearchAction","target":{"@type":"EntryPoint","urlTemplate":"https:\/\/www.novotek.com\/at\/?s={search_term_string}"},"query-input":{"@type":"PropertyValueSpecification","valueRequired":true,"valueName":"search_term_string"}}],"inLanguage":"de-CH"}]}},"_links":{"self":[{"href":"https:\/\/www.novotek.com\/at\/wp-json\/wp\/v2\/pages\/8263","targetHints":{"allow":["GET"]}}],"collection":[{"href":"https:\/\/www.novotek.com\/at\/wp-json\/wp\/v2\/pages"}],"about":[{"href":"https:\/\/www.novotek.com\/at\/wp-json\/wp\/v2\/types\/page"}],"author":[{"embeddable":true,"href":"https:\/\/www.novotek.com\/at\/wp-json\/wp\/v2\/users\/15"}],"replies":[{"embeddable":true,"href":"https:\/\/www.novotek.com\/at\/wp-json\/wp\/v2\/comments?post=8263"}],"version-history":[{"count":32,"href":"https:\/\/www.novotek.com\/at\/wp-json\/wp\/v2\/pages\/8263\/revisions"}],"predecessor-version":[{"id":20979,"href":"https:\/\/www.novotek.com\/at\/wp-json\/wp\/v2\/pages\/8263\/revisions\/20979"}],"up":[{"embeddable":true,"href":"https:\/\/www.novotek.com\/at\/wp-json\/wp\/v2\/pages\/8261"}],"wp:attachment":[{"href":"https:\/\/www.novotek.com\/at\/wp-json\/wp\/v2\/media?parent=8263"}],"curies":[{"name":"wp","href":"https:\/\/api.w.org\/{rel}","templated":true}]}}