{"id":8268,"date":"2022-07-15T09:12:28","date_gmt":"2022-07-15T09:12:28","guid":{"rendered":"http:\/\/ch.novotek-multi.dev4.mildmedia-dev.eu\/?page_id=8268"},"modified":"2022-12-05T13:46:40","modified_gmt":"2022-12-05T13:46:40","slug":"dream-report-proficy","status":"publish","type":"page","link":"https:\/\/www.novotek.com\/at\/produktionsreporting__trashed\/dream-report-proficy\/","title":{"rendered":"Dream Report for Proficy"},"content":{"rendered":"  <div class=\"hero\">\n    <div class=\"carousel hero-slider small\" data-flickity data-flickity-options='{\"prevNextButtons\": false}'>\n              <div class=\"carousel-cell\">\n          <div class=\"container\">\n            <div class=\"hero-content\">\n                              <h1>Dream Report for Proficy<\/h1>\n<p>Aussagekr\u00e4ftige Berichte und Dashboards verbessern die Leistungen Ihrer Anlagen und helfen Ihnen, operative Ziele zu erreichen.<\/p>\n              \n                          <\/div>\n          <\/div>\n\n          <img decoding=\"async\" width=\"1024\" height=\"427\" src=\"https:\/\/www.novotek.com\/at\/wp-content\/uploads\/sites\/13\/2021\/Novotek_UK\/Solutions_and_Products\/QuckPanel+\/Novotek_QuickPanel_duotone_1920x800-1024x427.jpg.webp\" class=\"hero-bg\" alt=\"Hero Img\" fetchpriority=\"high\" srcset=\"https:\/\/www.novotek.com\/at\/wp-content\/uploads\/sites\/13\/2021\/Novotek_UK\/Solutions_and_Products\/QuckPanel+\/Novotek_QuickPanel_duotone_1920x800-1024x427.jpg.webp 1024w, https:\/\/www.novotek.com\/at\/wp-content\/uploads\/sites\/13\/2021\/Novotek_UK\/Solutions_and_Products\/QuckPanel+\/Novotek_QuickPanel_duotone_1920x800-300x125.jpg.webp 300w, https:\/\/www.novotek.com\/at\/wp-content\/uploads\/sites\/13\/2021\/Novotek_UK\/Solutions_and_Products\/QuckPanel+\/Novotek_QuickPanel_duotone_1920x800-768x320.jpg.webp 768w, https:\/\/www.novotek.com\/at\/wp-content\/uploads\/sites\/13\/2021\/Novotek_UK\/Solutions_and_Products\/QuckPanel+\/Novotek_QuickPanel_duotone_1920x800-1536x640.jpg.webp 1536w, https:\/\/www.novotek.com\/at\/wp-content\/uploads\/sites\/13\/2021\/Novotek_UK\/Solutions_and_Products\/QuckPanel+\/Novotek_QuickPanel_duotone_1920x800.jpg.webp 1920w\" sizes=\"(max-width: 1024px) 100vw, 1024px\" \/>                  <\/div>\n          <\/div>\n\n      <\/div>\n\n   <div class=\"floating-breadcrumb\"><div class=\"container\"><span><span><a href=\"https:\/\/www.novotek.com\/at\/\" class=\"breadcrumb-frontpage\">Home<\/a><\/span><\/span><\/div><\/div>\n\n\n<div class=\"container-md paragraph  \">\n<p>Die leistungsstarke Berichterstellungssoftware greift auf offene und propriet\u00e4re Archive und Datenbanken zu, um professionelle Berichte nach Zeitplan, bei Ereignissen oder manuell zu erstellen und die Berichte danach zu ver\u00f6ffentlichen.&nbsp;Die L\u00f6sung bietet ein Berichts- und Dashboard-Management \u00fcber ein Webportal, so dass Sie schnell auf generierte Berichte zugreifen, neue Berichte erstellen und webbasierte, interaktive und dynamische Dashboards erstellen k\u00f6nnen.<\/p>\n<\/div>\n\n<div class=\"container-md spacer  \">\n<div style=\"height:50px\" aria-hidden=\"true\" class=\"wp-block-spacer\"><\/div>\n<\/div>\n\n<div class=\"container media-text  \">\n<div class=\"wp-block-media-text alignwide is-stacked-on-mobile\" style=\"grid-template-columns:40% auto\"><figure class=\"wp-block-media-text__media\"><img loading=\"lazy\" decoding=\"async\" width=\"600\" height=\"351\" src=\"https:\/\/www.novotek.com\/at\/wp-content\/uploads\/sites\/13\/dream-report-HMI-SCADA-GE-1-1792x1280-1.png\" alt=\"Dream Report\" class=\"wp-image-8619 size-full\" srcset=\"https:\/\/www.novotek.com\/at\/wp-content\/uploads\/sites\/13\/dream-report-HMI-SCADA-GE-1-1792x1280-1.png 600w, https:\/\/www.novotek.com\/at\/wp-content\/uploads\/sites\/13\/dream-report-HMI-SCADA-GE-1-1792x1280-1-300x176.png 300w\" sizes=\"auto, (max-width: 600px) 100vw, 600px\" \/><\/figure><div class=\"wp-block-media-text__content\"><div class=\"container-md heading  \">\n<h2 class=\"wp-block-heading\" id=\"h-betriebsintelligenz-in-echtzeit\">Betriebsintelligenz in Echtzeit<\/h2>\n<\/div>\n\n<div class=\"container-md list  \">\n<ul class=\"wp-block-list\"><div class=\"container-md list-item  \">\n<li>Verbessern Sie Leistung, Effizienz und Wartungsberichte.<\/li>\n<\/div>\n\n<div class=\"container-md list-item  \">\n<li>Generieren Sie Berichte nach Zeitplan, nach Ereignis oder manuell.<\/li>\n<\/div>\n\n<div class=\"container-md list-item  \">\n<li>Erstellen Sie umfangreichere Berichte einfach und kosteng\u00fcnstig; ohne Programmier- oder IT-Kenntnisse.<\/li>\n<\/div>\n\n<div class=\"container-md list-item  \">\n<li>Gewinnen Sie wertvolle Einblicke mit Drilldown-Berichtsfunktionen und Datenanalysen.<\/li>\n<\/div>\n\n<div class=\"container-md list-item  \">\n<li>Erm\u00f6glichen Sie schnellere Compliance-Berichte mit flexibler Berichterstellung und -verteilung.<\/li>\n<\/div><\/ul>\n<\/div><\/div><\/div>\n<\/div>\n\n<div class=\"container-md heading  \">\n<h3 class=\"wp-block-heading\" id=\"h-merkmale\">Merkmale<\/h3>\n<\/div>\n\n<div class=\"container-md list  \">\n<ul class=\"wp-block-list\"><div class=\"container-md list-item  \">\n<li>Benutzerdefinierte Berichtsobjekte, die sie in Berichten und Webberichten verwenden k\u00f6nnen.<\/li>\n<\/div>\n\n<div class=\"container-md list-item  \">\n<li>Der integrierter OPC DA-Server erm\u00f6glicht den Zugriff auf alle Dream Report-Statistiken,<span class=\"has-inline-color has-vivid-green-cyan-color\"> <\/span>MQTT- und JSON-Treiber f\u00fcr IOT-Konnektivit\u00e4t<\/li>\n<\/div>\n\n<div class=\"container-md list-item  \">\n<li>XML-Ausgabeberichtsformat zum Generieren von Berichten.<\/li>\n<\/div>\n\n<div class=\"container-md list-item  \">\n<li>Kostenrechner zur Definition von Arbeits- oder Abrechnungskostenpl\u00e4nen.<\/li>\n<\/div>\n\n<div class=\"container-md list-item  \">\n<li>Elektronische Signatur im Webportal.<\/li>\n<\/div>\n\n<div class=\"container-md list-item  \">\n<li>F\u00fcr industrielle Anwendungen entwickelter Echtzeit-Berichtsgenerator.<\/li>\n<\/div>\n\n<div class=\"container-md list-item  \">\n<li>Konfigurierbare, mehrsprachige Benutzeroberfl\u00e4che f\u00fcr Enduser.<\/li>\n<\/div>\n\n<div class=\"container-md list-item  \">\n<li>Direkte Verbindung zu weiteren Applikationen von GE Digital: <a href=\"https:\/\/www.novotek.com\/at\/hmi-scada\/proficy-ifix\/\"><strong>iFIX<\/strong><\/a>, <a href=\"https:\/\/www.novotek.com\/at\/hmi-scada\/proficy-cimplicity\/\"><strong>CIMPLICITY<\/strong><\/a>, <a href=\"https:\/\/www.novotek.com\/at\/smart-factory-mes\/proficy-historian\/\"><strong>Proficy Historian<\/strong><\/a> oder SmartSignal Classic.<\/li>\n<\/div>\n\n<div class=\"container-md list-item  \">\n<li>Webportal f\u00fcr die Anzeige und Interaktion von Berichten.<\/li>\n<\/div>\n\n<div class=\"container-md list-item  \">\n<li>verschl\u00fcsselte und gesch\u00fctzte Secure-by-Design-Technologie.<\/li>\n<\/div>\n\n<div class=\"container-md list-item  \">\n<li>Einfacher Datenexport zu Microsoft Excel.<\/li>\n<\/div>\n\n<div class=\"container-md list-item  \">\n<li>Unterst\u00fctzt \u00fcberlegene Industriestandards: OPC DA, OPC AE, OPC HDA, ODBC, OLE-DB, Modbus, SNMP, BACnet und mehr<\/li>\n<\/div><\/ul>\n<\/div>\n\n<div class=\"container-md spacer  \">\n<div style=\"height:50px\" aria-hidden=\"true\" class=\"wp-block-spacer\"><\/div>\n<\/div>\n\n<div class=\"container-md image  \">\n<figure class=\"wp-block-image size-full\"><img loading=\"lazy\" decoding=\"async\" width=\"600\" height=\"522\" src=\"https:\/\/www.novotek.com\/at\/wp-content\/uploads\/sites\/13\/software-requirements-dream-report-screenshot.png\" alt=\"Detail Dream Report\" class=\"wp-image-8633\" srcset=\"https:\/\/www.novotek.com\/at\/wp-content\/uploads\/sites\/13\/software-requirements-dream-report-screenshot.png 600w, https:\/\/www.novotek.com\/at\/wp-content\/uploads\/sites\/13\/software-requirements-dream-report-screenshot-300x261.png 300w\" sizes=\"auto, (max-width: 600px) 100vw, 600px\" \/><\/figure>\n<\/div>\n\n<div class=\"container-md paragraph  \">\n<p>Proficy Dream Report wird von GE Digital bereitgestellt, einem weltweit f\u00fchrenden Anbieter von Systeml\u00f6sungen f\u00fcr die industrielle Automatisierung und Digitalisierung.<\/p>\n<\/div>\n\n<div class=\"container-md paragraph  \">\n<p><strong><a href=\"https:\/\/www.ge.com\/digital\/applications\/hmi-scada\/dream-report\" target=\"_blank\" rel=\"noreferrer noopener\">Lesen Sie hier mehr auf der Website von GE Digital.<\/a><a href=\"https:\/\/www.ge.com\/digital\/applications\/hmi-scada\/operations-hub\" target=\"_blank\" rel=\"noreferrer noopener\"><\/a><\/strong><\/p>\n<\/div>\n\n<div class=\"container-md paragraph  \">\n<p>Wir helfen Ihnen, den richtigen Weg zur Implementierung der L\u00f6sung in Ihrem Unternehmen zu finden.&nbsp;<\/p>\n<\/div>\n\n<div class=\"container-md spacer  \">\n<div style=\"height:50px\" aria-hidden=\"true\" class=\"wp-block-spacer\"><\/div>\n<\/div>","protected":false},"excerpt":{"rendered":"<p>Die leistungsstarke Berichterstellungssoftware greift auf offene und propriet\u00e4re Archive und Datenbanken zu, um professionelle Berichte nach Zeitplan, bei Ereignissen oder manuell zu erstellen und die Berichte danach zu ver\u00f6ffentlichen.&nbsp;Die L\u00f6sung bietet ein Berichts- und Dashboard-Management \u00fcber ein Webportal, so dass Sie schnell auf generierte Berichte zugreifen, neue Berichte erstellen und webbasierte, interaktive und dynamische Dashboards [&hellip;]<\/p>\n","protected":false},"author":35,"featured_media":0,"parent":8239,"menu_order":2,"comment_status":"closed","ping_status":"closed","template":"","meta":{"_acf_changed":false,"_relevanssi_hide_post":"","_relevanssi_pin_for_all":"","_relevanssi_pin_keywords":"","_relevanssi_unpin_keywords":"","_relevanssi_related_keywords":"","_relevanssi_related_include_ids":"","_relevanssi_related_exclude_ids":"","_relevanssi_related_no_append":"","_relevanssi_related_not_related":"","_relevanssi_related_posts":"3195,3200,6233,3216,6198,3220","_relevanssi_noindex_reason":"","footnotes":""},"class_list":["post-8268","page","type-page","status-publish","hentry"],"acf":[],"yoast_head":"<!-- This site is optimized with the Yoast SEO plugin v27.4 - https:\/\/yoast.com\/product\/yoast-seo-wordpress\/ -->\n<title>Dream Report for Proficy - Novotek Switzerland<\/title>\n<meta name=\"description\" content=\"Aussagekr\u00e4ftige Berichte und Dashboards verbessern die Leistungen Ihrer Anlagen und helfen Ihnen, operative Ziele zu erreichen.\" \/>\n<meta name=\"robots\" content=\"index, follow, max-snippet:-1, max-image-preview:large, max-video-preview:-1\" \/>\n<link rel=\"canonical\" href=\"https:\/\/www.novotek.com\/at\/produktionsreporting__trashed\/dream-report-proficy\/\" \/>\n<meta property=\"og:locale\" content=\"de_DE\" \/>\n<meta property=\"og:type\" content=\"article\" \/>\n<meta property=\"og:title\" content=\"Dream Report for Proficy - Novotek Switzerland\" \/>\n<meta property=\"og:description\" content=\"Aussagekr\u00e4ftige Berichte und Dashboards verbessern die Leistungen Ihrer Anlagen und helfen Ihnen, operative Ziele zu erreichen.\" \/>\n<meta property=\"og:url\" content=\"https:\/\/www.novotek.com\/at\/produktionsreporting__trashed\/dream-report-proficy\/\" \/>\n<meta property=\"og:site_name\" content=\"Novotek Austria\" \/>\n<meta property=\"article:modified_time\" content=\"2022-12-05T13:46:40+00:00\" \/>\n<meta property=\"og:image\" content=\"https:\/\/www.novotek.com\/at\/wp-content\/uploads\/sites\/13\/dream-report-HMI-SCADA-GE-1-1792x1280-1.png\" \/>\n<meta name=\"twitter:card\" content=\"summary_large_image\" \/>\n<meta name=\"twitter:label1\" content=\"Gesch\u00e4tzte Lesezeit\" \/>\n\t<meta name=\"twitter:data1\" content=\"2\u00a0Minuten\" \/>\n<script type=\"application\/ld+json\" class=\"yoast-schema-graph\">{\"@context\":\"https:\\\/\\\/schema.org\",\"@graph\":[{\"@type\":\"WebPage\",\"@id\":\"https:\\\/\\\/www.novotek.com\\\/at\\\/produktionsreporting__trashed\\\/dream-report-proficy\\\/\",\"url\":\"https:\\\/\\\/www.novotek.com\\\/at\\\/produktionsreporting__trashed\\\/dream-report-proficy\\\/\",\"name\":\"Dream Report for Proficy - Novotek Switzerland\",\"isPartOf\":{\"@id\":\"https:\\\/\\\/www.novotek.com\\\/at\\\/#website\"},\"primaryImageOfPage\":{\"@id\":\"https:\\\/\\\/www.novotek.com\\\/at\\\/produktionsreporting__trashed\\\/dream-report-proficy\\\/#primaryimage\"},\"image\":{\"@id\":\"https:\\\/\\\/www.novotek.com\\\/at\\\/produktionsreporting__trashed\\\/dream-report-proficy\\\/#primaryimage\"},\"thumbnailUrl\":\"https:\\\/\\\/www.novotek.com\\\/at\\\/wp-content\\\/uploads\\\/sites\\\/13\\\/dream-report-HMI-SCADA-GE-1-1792x1280-1.png\",\"datePublished\":\"2022-07-15T09:12:28+00:00\",\"dateModified\":\"2022-12-05T13:46:40+00:00\",\"description\":\"Aussagekr\u00e4ftige Berichte und Dashboards verbessern die Leistungen Ihrer Anlagen und helfen Ihnen, operative Ziele zu erreichen.\",\"breadcrumb\":{\"@id\":\"https:\\\/\\\/www.novotek.com\\\/at\\\/produktionsreporting__trashed\\\/dream-report-proficy\\\/#breadcrumb\"},\"inLanguage\":\"de-CH\",\"potentialAction\":[{\"@type\":\"ReadAction\",\"target\":[\"https:\\\/\\\/www.novotek.com\\\/at\\\/produktionsreporting__trashed\\\/dream-report-proficy\\\/\"]}]},{\"@type\":\"ImageObject\",\"inLanguage\":\"de-CH\",\"@id\":\"https:\\\/\\\/www.novotek.com\\\/at\\\/produktionsreporting__trashed\\\/dream-report-proficy\\\/#primaryimage\",\"url\":\"https:\\\/\\\/www.novotek.com\\\/at\\\/wp-content\\\/uploads\\\/sites\\\/13\\\/dream-report-HMI-SCADA-GE-1-1792x1280-1.png.webp\",\"contentUrl\":\"https:\\\/\\\/www.novotek.com\\\/at\\\/wp-content\\\/uploads\\\/sites\\\/13\\\/dream-report-HMI-SCADA-GE-1-1792x1280-1.png.webp\",\"width\":600,\"height\":351,\"caption\":\"Dream Report\"},{\"@type\":\"BreadcrumbList\",\"@id\":\"https:\\\/\\\/www.novotek.com\\\/at\\\/produktionsreporting__trashed\\\/dream-report-proficy\\\/#breadcrumb\",\"itemListElement\":[{\"@type\":\"ListItem\",\"position\":1,\"name\":\"Home\",\"item\":\"https:\\\/\\\/www.novotek.com\\\/at\\\/\"},{\"@type\":\"ListItem\",\"position\":2,\"name\":\"Dashboard Reporting\",\"item\":\"https:\\\/\\\/www.novotek.com\\\/at\\\/?page_id=8239\"},{\"@type\":\"ListItem\",\"position\":3,\"name\":\"Dream Report for Proficy\"}]},{\"@type\":\"WebSite\",\"@id\":\"https:\\\/\\\/www.novotek.com\\\/at\\\/#website\",\"url\":\"https:\\\/\\\/www.novotek.com\\\/at\\\/\",\"name\":\"Novotek Switzerland\",\"description\":\"Connect - Digitalize - Optimize\",\"potentialAction\":[{\"@type\":\"SearchAction\",\"target\":{\"@type\":\"EntryPoint\",\"urlTemplate\":\"https:\\\/\\\/www.novotek.com\\\/at\\\/?s={search_term_string}\"},\"query-input\":{\"@type\":\"PropertyValueSpecification\",\"valueRequired\":true,\"valueName\":\"search_term_string\"}}],\"inLanguage\":\"de-CH\"}]}<\/script>\n<!-- \/ Yoast SEO plugin. -->","yoast_head_json":{"title":"Dream Report for Proficy - Novotek Switzerland","description":"Aussagekr\u00e4ftige Berichte und Dashboards verbessern die Leistungen Ihrer Anlagen und helfen Ihnen, operative Ziele zu erreichen.","robots":{"index":"index","follow":"follow","max-snippet":"max-snippet:-1","max-image-preview":"max-image-preview:large","max-video-preview":"max-video-preview:-1"},"canonical":"https:\/\/www.novotek.com\/at\/produktionsreporting__trashed\/dream-report-proficy\/","og_locale":"de_DE","og_type":"article","og_title":"Dream Report for Proficy - Novotek Switzerland","og_description":"Aussagekr\u00e4ftige Berichte und Dashboards verbessern die Leistungen Ihrer Anlagen und helfen Ihnen, operative Ziele zu erreichen.","og_url":"https:\/\/www.novotek.com\/at\/produktionsreporting__trashed\/dream-report-proficy\/","og_site_name":"Novotek Austria","article_modified_time":"2022-12-05T13:46:40+00:00","og_image":[{"url":"https:\/\/www.novotek.com\/at\/wp-content\/uploads\/sites\/13\/dream-report-HMI-SCADA-GE-1-1792x1280-1.png","type":"","width":"","height":""}],"twitter_card":"summary_large_image","twitter_misc":{"Gesch\u00e4tzte Lesezeit":"2\u00a0Minuten"},"schema":{"@context":"https:\/\/schema.org","@graph":[{"@type":"WebPage","@id":"https:\/\/www.novotek.com\/at\/produktionsreporting__trashed\/dream-report-proficy\/","url":"https:\/\/www.novotek.com\/at\/produktionsreporting__trashed\/dream-report-proficy\/","name":"Dream Report for Proficy - Novotek Switzerland","isPartOf":{"@id":"https:\/\/www.novotek.com\/at\/#website"},"primaryImageOfPage":{"@id":"https:\/\/www.novotek.com\/at\/produktionsreporting__trashed\/dream-report-proficy\/#primaryimage"},"image":{"@id":"https:\/\/www.novotek.com\/at\/produktionsreporting__trashed\/dream-report-proficy\/#primaryimage"},"thumbnailUrl":"https:\/\/www.novotek.com\/at\/wp-content\/uploads\/sites\/13\/dream-report-HMI-SCADA-GE-1-1792x1280-1.png","datePublished":"2022-07-15T09:12:28+00:00","dateModified":"2022-12-05T13:46:40+00:00","description":"Aussagekr\u00e4ftige Berichte und Dashboards verbessern die Leistungen Ihrer Anlagen und helfen Ihnen, operative Ziele zu erreichen.","breadcrumb":{"@id":"https:\/\/www.novotek.com\/at\/produktionsreporting__trashed\/dream-report-proficy\/#breadcrumb"},"inLanguage":"de-CH","potentialAction":[{"@type":"ReadAction","target":["https:\/\/www.novotek.com\/at\/produktionsreporting__trashed\/dream-report-proficy\/"]}]},{"@type":"ImageObject","inLanguage":"de-CH","@id":"https:\/\/www.novotek.com\/at\/produktionsreporting__trashed\/dream-report-proficy\/#primaryimage","url":"https:\/\/www.novotek.com\/at\/wp-content\/uploads\/sites\/13\/dream-report-HMI-SCADA-GE-1-1792x1280-1.png.webp","contentUrl":"https:\/\/www.novotek.com\/at\/wp-content\/uploads\/sites\/13\/dream-report-HMI-SCADA-GE-1-1792x1280-1.png.webp","width":600,"height":351,"caption":"Dream Report"},{"@type":"BreadcrumbList","@id":"https:\/\/www.novotek.com\/at\/produktionsreporting__trashed\/dream-report-proficy\/#breadcrumb","itemListElement":[{"@type":"ListItem","position":1,"name":"Home","item":"https:\/\/www.novotek.com\/at\/"},{"@type":"ListItem","position":2,"name":"Dashboard Reporting","item":"https:\/\/www.novotek.com\/at\/?page_id=8239"},{"@type":"ListItem","position":3,"name":"Dream Report for Proficy"}]},{"@type":"WebSite","@id":"https:\/\/www.novotek.com\/at\/#website","url":"https:\/\/www.novotek.com\/at\/","name":"Novotek Switzerland","description":"Connect - Digitalize - Optimize","potentialAction":[{"@type":"SearchAction","target":{"@type":"EntryPoint","urlTemplate":"https:\/\/www.novotek.com\/at\/?s={search_term_string}"},"query-input":{"@type":"PropertyValueSpecification","valueRequired":true,"valueName":"search_term_string"}}],"inLanguage":"de-CH"}]}},"_links":{"self":[{"href":"https:\/\/www.novotek.com\/at\/wp-json\/wp\/v2\/pages\/8268","targetHints":{"allow":["GET"]}}],"collection":[{"href":"https:\/\/www.novotek.com\/at\/wp-json\/wp\/v2\/pages"}],"about":[{"href":"https:\/\/www.novotek.com\/at\/wp-json\/wp\/v2\/types\/page"}],"author":[{"embeddable":true,"href":"https:\/\/www.novotek.com\/at\/wp-json\/wp\/v2\/users\/35"}],"replies":[{"embeddable":true,"href":"https:\/\/www.novotek.com\/at\/wp-json\/wp\/v2\/comments?post=8268"}],"version-history":[{"count":14,"href":"https:\/\/www.novotek.com\/at\/wp-json\/wp\/v2\/pages\/8268\/revisions"}],"predecessor-version":[{"id":13168,"href":"https:\/\/www.novotek.com\/at\/wp-json\/wp\/v2\/pages\/8268\/revisions\/13168"}],"up":[{"embeddable":true,"href":"https:\/\/www.novotek.com\/at\/wp-json\/wp\/v2\/pages\/8239"}],"wp:attachment":[{"href":"https:\/\/www.novotek.com\/at\/wp-json\/wp\/v2\/media?parent=8268"}],"curies":[{"name":"wp","href":"https:\/\/api.w.org\/{rel}","templated":true}]}}