{"id":8269,"date":"2022-07-15T09:12:29","date_gmt":"2022-07-15T09:12:29","guid":{"rendered":"http:\/\/ch.novotek-multi.dev4.mildmedia-dev.eu\/?page_id=8269"},"modified":"2026-02-09T12:55:51","modified_gmt":"2026-02-09T12:55:51","slug":"hmi-scada","status":"publish","type":"page","link":"https:\/\/www.novotek.com\/at\/hmi-scada\/","title":{"rendered":"HMI \/ SCADA"},"content":{"rendered":"  <div class=\"hero\">\n    <div class=\"carousel hero-slider small\" data-flickity data-flickity-options='{\"prevNextButtons\": false}'>\n              <div class=\"carousel-cell\">\n          <div class=\"container\">\n            <div class=\"hero-content\">\n                              <h1>Alles unter Kontrolle mit intuitivem HMI\/SCADA<\/h1>\n<p>Ein modernes HMI\/SCADA System verschafft Ihnen einen schnellen \u00dcberblick und die Kontrolle \u00fcber Ihre Maschine, Anlage oder Produktion.<\/p>\n              \n                          <\/div>\n          <\/div>\n\n          <img decoding=\"async\" width=\"1024\" height=\"427\" src=\"https:\/\/www.novotek.com\/at\/wp-content\/uploads\/sites\/13\/HMISCADA_GEDigital_1920x800_-1024x427.jpg.webp\" class=\"hero-bg\" alt=\"Hero Img\" fetchpriority=\"high\" srcset=\"https:\/\/www.novotek.com\/at\/wp-content\/uploads\/sites\/13\/HMISCADA_GEDigital_1920x800_-1024x427.jpg.webp 1024w, https:\/\/www.novotek.com\/at\/wp-content\/uploads\/sites\/13\/HMISCADA_GEDigital_1920x800_-300x125.jpg.webp 300w, https:\/\/www.novotek.com\/at\/wp-content\/uploads\/sites\/13\/HMISCADA_GEDigital_1920x800_-768x320.jpg.webp 768w, https:\/\/www.novotek.com\/at\/wp-content\/uploads\/sites\/13\/HMISCADA_GEDigital_1920x800_-1536x640.jpg.webp 1536w, https:\/\/www.novotek.com\/at\/wp-content\/uploads\/sites\/13\/HMISCADA_GEDigital_1920x800_.jpg.webp 1920w\" sizes=\"(max-width: 1024px) 100vw, 1024px\" \/>                  <\/div>\n          <\/div>\n\n      <\/div>\n\n   \n\n\n<div class=\"container-md paragraph  \">\n<p><\/p>\n<\/div>\n\n<div class=\"container-md paragraph  \">\n<p>\u00dcberwachen, steuern und visualisieren Sie Ihre Produktionsabl\u00e4ufe mit modernsten Visualisierungssystemen \u2013 Web- oder Vektorbarsiert. Mit einem kurzen Blick wissen die Bediener, was wichtig ist und welches die richtigen Ma\u00dfnahmen sind, um die Anlagen wirtschaftlich und effizient zu betreiben.<\/p>\n<\/div>\n\n<div class=\"container media-text  alignwide\">\n<div class=\"wp-block-media-text alignwide has-media-on-the-right is-stacked-on-mobile\" style=\"grid-template-columns:auto 35%\"><div class=\"wp-block-media-text__content\"><div class=\"container-md heading  \">\n<h2 class=\"wp-block-heading\" id=\"h-was-ist-ein-hmi\">Was ist ein HMI?<\/h2>\n<\/div>\n\n<div class=\"container-md paragraph  \">\n<p>HMI steht f\u00fcr &#171;<strong>H<\/strong>uman <strong>M<\/strong>achine <strong>I<\/strong>nterface&#187; und bezeichnet die Benutzerschnittstelle zwischen Mensch und Maschine.&nbsp;In der Praxis ist dies in der Regel ein PC-Monitor mit Maus, ein Touchpanel oder ein Tablet, welche die Informationen f\u00fcr den Anwender grafisch darstellen.<\/p>\n<\/div>\n\n<div class=\"container-md paragraph  \">\n<p>Mensch Maschinen Interfaces (HMI) ist ein \u00dcberbegriff f\u00fcr eine grafische Bedieneroberfl\u00e4che. Diese erm\u00f6glicht nicht nur die Darstellung, sondern bietet die M\u00f6glichkeit, Befehle wie Sollwerte oder ein\/aus Kommandos in die Anlage zu senden.<\/p>\n<\/div>\n\n<div class=\"container-md paragraph  \">\n<p><\/p>\n<\/div><\/div><figure class=\"wp-block-media-text__media\"><img loading=\"lazy\" decoding=\"async\" width=\"300\" height=\"300\" src=\"https:\/\/www.novotek.com\/at\/wp-content\/uploads\/sites\/13\/HMI-SCADA_vor_dem_operator_Novotek-300x300-1.jpg\" alt=\"\" class=\"wp-image-8526 size-full\" srcset=\"https:\/\/www.novotek.com\/at\/wp-content\/uploads\/sites\/13\/HMI-SCADA_vor_dem_operator_Novotek-300x300-1.jpg 300w, https:\/\/www.novotek.com\/at\/wp-content\/uploads\/sites\/13\/HMI-SCADA_vor_dem_operator_Novotek-300x300-1-150x150.jpg 150w\" sizes=\"auto, (max-width: 300px) 100vw, 300px\" \/><\/figure><\/div>\n<\/div>\n\n<div class=\"container-md heading  \">\n<h2 class=\"wp-block-heading\" id=\"h-was-ist-ein-scada\">Was ist ein SCADA?<\/h2>\n<\/div>\n\n<div class=\"container-md paragraph  \">\n<p>SCADA steht f\u00fcr &#171;<strong>S<\/strong>upervisory <strong>C<\/strong>ontrol <strong>A<\/strong>nd <strong>D<\/strong>ata <strong>A<\/strong>cquisition&#187;. Es ist ein Automatisierungssystem zur Visualisierung, Steuerung und Verwaltung von Produktionsanlagen und Prozessen. Da SCADAs immer eine grafische Bedienoberfl\u00e4che enthalten, bezeichnen Anwender sie in der Regel als HMI\/SCADA.<\/p>\n<\/div>\n\n<div class=\"container-md paragraph  \">\n<p>HMI \/ SCADA&#8217;s sind heute in automatisierten Anlagen nicht mehr wegzudenken. Sie \u00fcberwachen den Prozess, zeichnen relevante Daten und Ereignisse auf und generieren Alarme, welche vom Bediener quittiert werden m\u00fcssen. Weitere Funktionen von SCADAs sind Benutzerverwaltung, Rezept-Management, Trending (Kurvendiagramme) oder auch spezielle Funktionalit\u00e4ten, welche in der Regel im Skripting-Modul des SCADA Servers ausprogrammiert werden k\u00f6nnen.<\/p>\n<\/div>\n\n<div class=\"container-md paragraph  \">\n<p>Mit einem SCADA-System erhalten Sie den n\u00f6tigen \u00dcberblick, um Entscheidungen zu treffen, die die Produktion optimieren. Ein effizientes System kann f\u00fcr erhebliche Zeit- und Kosteneinsparungen sorgen, unter anderem durch die Reduzierung des Energieverbrauchs und die sofortige Erkennung von Fehlern an Maschinen und Anlagen.<\/p>\n<\/div>\n\n<div class=\"container-md spacer  \">\n<div style=\"height:12px\" aria-hidden=\"true\" class=\"wp-block-spacer\"><\/div>\n<\/div>\n\n<div class=\"container-md heading  \">\n<h2 class=\"wp-block-heading\" id=\"h-einsatz-in-allen-industrien\">Einsatz in allen Industrien<\/h2>\n<\/div>\n\n<div class=\"container-md paragraph  \">\n<p>Heutzutage sind SCADA-Systeme in den meisten Anlagen und Produktionen zu finden.&nbsp;Sei werden in allen Branchen eingesetzt, darunter:<\/p>\n<\/div>\n\n<div class=\"container-md list  \">\n<ul class=\"wp-block-list\"><div class=\"container-md list-item  \">\n<li>Geb\u00e4udeautomation<\/li>\n<\/div>\n\n<div class=\"container-md list-item  \">\n<li>Infrastruktur<\/li>\n<\/div>\n\n<div class=\"container-md list-item  \">\n<li>Chemie<\/li>\n<\/div>\n\n<div class=\"container-md list-item  \">\n<li>Energieerzeugung &amp; -verteilung<\/li>\n<\/div>\n\n<div class=\"container-md list-item  \">\n<li>Pharma &amp; Biotech <\/li>\n<\/div>\n\n<div class=\"container-md list-item  \">\n<li>Lebensmittel und Getr\u00e4nke<\/li>\n<\/div>\n\n<div class=\"container-md list-item  \">\n<li>Papier und Zellstoff<\/li>\n<\/div>\n\n<div class=\"container-md list-item  \">\n<li>Prozess- und St\u00fcckfertigung<\/li>\n<\/div>\n\n<div class=\"container-md list-item  \">\n<li>Wasser und Abwasser<\/li>\n<\/div><\/ul>\n<\/div>\n\n<div class=\"container-md paragraph  \">\n<p>Ein SCADA-System wird an die branchenspezifischen Anforderungen sowie an die individuellen Bed\u00fcrfnisse von Unternehmen angepasst und variiert von einfachen Standalone L\u00f6sungen bis hin zu grossen komplexen Systemen mit mehreren redundanten Serverpaaren und unz\u00e4hligen Clients.&nbsp;<\/p>\n<\/div>\n\n<div class=\"container-md paragraph  \">\n<p>T\u00e4glich \u00fcberwachen und steuern die L\u00f6sungen von Novotek Tausende von Anlagen. Unsere SCADA-Systeme sind &#171;Commercial-Of-The-Shelf&#187; (COTS) Produkte von&nbsp;<strong><a href=\"https:\/\/www.ge.com\/digital\/applications\/hmi-scada\" target=\"_blank\" rel=\"noreferrer noopener\">GE <\/a><\/strong>Vernova, welche ohne Programmierung auf Ihre Anforderungen angepasst werden k\u00f6nnen.&nbsp;<\/p>\n<\/div>\n\n<div class=\"container-md spacer  \">\n<div style=\"height:24px\" aria-hidden=\"true\" class=\"wp-block-spacer\"><\/div>\n<\/div>\n\n<div class=\"container-md columns  alignwide\">\n<div class=\"wp-block-columns alignwide is-layout-flex wp-container-core-columns-is-layout-9d6595d7 wp-block-columns-is-layout-flex\"><div class=\"container-md column  \">\n<div class=\"wp-block-column is-layout-flow wp-block-column-is-layout-flow\"><div class=\"container-md image  \">\n<figure class=\"wp-block-image size-full\"><img loading=\"lazy\" decoding=\"async\" width=\"700\" height=\"439\" src=\"https:\/\/www.novotek.com\/at\/wp-content\/uploads\/sites\/13\/GE-Vernova_Proficy_iFIX_Novotek.jpg\" alt=\"\" class=\"wp-image-27286\" srcset=\"https:\/\/www.novotek.com\/at\/wp-content\/uploads\/sites\/13\/GE-Vernova_Proficy_iFIX_Novotek.jpg 700w, https:\/\/www.novotek.com\/at\/wp-content\/uploads\/sites\/13\/GE-Vernova_Proficy_iFIX_Novotek-300x188.jpg 300w, https:\/\/www.novotek.com\/at\/wp-content\/uploads\/sites\/13\/GE-Vernova_Proficy_iFIX_Novotek-86x54.jpg 86w, https:\/\/www.novotek.com\/at\/wp-content\/uploads\/sites\/13\/GE-Vernova_Proficy_iFIX_Novotek-306x192.jpg 306w, https:\/\/www.novotek.com\/at\/wp-content\/uploads\/sites\/13\/GE-Vernova_Proficy_iFIX_Novotek-636x399.jpg 636w\" sizes=\"auto, (max-width: 700px) 100vw, 700px\" \/><\/figure>\n<\/div><\/div>\n<\/div>\n\n<div class=\"container-md column  \">\n<div class=\"wp-block-column is-layout-flow wp-block-column-is-layout-flow\"><div class=\"container-md heading  \">\n<h2 class=\"wp-block-heading\">Proficy iFIX<\/h2>\n<\/div>\n\n<div class=\"container-md paragraph  \">\n<p>Proficy HMI\/SCADA iFIX ist ein industrielles Steuerungssystem von GE Vernova. Es ist in allen Industriesektoren weltweit bei mehr als 100\u2019000 Kunden im Einsatz. Das System wird konstant weiterentwickelt und ist die modernste HMI\/SCADA L\u00f6sung auf dem Markt.<\/p>\n<\/div>\n\n<div class=\"container-md spacer  \">\n<div style=\"height:25px\" aria-hidden=\"true\" class=\"wp-block-spacer\"><\/div>\n<\/div>\n\n<div class=\"container-md buttons  \">\n<div class=\"wp-block-buttons is-layout-flex wp-block-buttons-is-layout-flex\"><div class=\"container-md button  \">\n<div class=\"wp-block-button\"><a class=\"wp-block-button__link has-background wp-element-button\" href=\"https:\/\/www.novotek.com\/at\/proficy-ifix\/\" style=\"background-color:#e70029\" target=\"_blank\" rel=\"noreferrer noopener\">Proficy iFIX<\/a><\/div>\n<\/div><\/div>\n<\/div><\/div>\n<\/div><\/div>\n<\/div>\n\n<div class=\"container-md spacer  \">\n<div style=\"height:20px\" aria-hidden=\"true\" class=\"wp-block-spacer\"><\/div>\n<\/div>\n\n<div class=\"container-md columns  alignwide\">\n<div class=\"wp-block-columns alignwide is-layout-flex wp-container-core-columns-is-layout-9d6595d7 wp-block-columns-is-layout-flex\"><div class=\"container-md column  \">\n<div class=\"wp-block-column is-layout-flow wp-block-column-is-layout-flow\"><div class=\"container-md heading  \">\n<h2 class=\"wp-block-heading\">Proficy HMI\/SCADA CIMPLICITY<\/h2>\n<\/div>\n\n<div class=\"container-md paragraph  \">\n<p>Proficy HMI\/SCADA CIMPLICITY von GE Vernova ist eine leistungsstarke Client-\/Server-basierte\u00a0<strong><a href=\"https:\/\/www.novotek.com\/at\/hmi-scada\/\">SCADA-L\u00f6sung<\/a><\/strong>, die sich ideal f\u00fcr Produktionsumgebungen mit St\u00fcckgutfertigung eignet.\u00a0Basierend auf jahrzehntelanger Forschung und Entwicklung von GE Vernova ist Proficy HMI\/SCADA CIMPLICITY eine der \u00e4ltesten und meistverwendeten Automatisierungsl\u00f6sungen auf dem Markt.\u00a0Die L\u00f6sung eignet sich besonders f\u00fcr Branchen wie der Automobilindustrie, Luftfahrt, Maschinenbau, Elektronik und CNC.\u00a0<\/p>\n<\/div>\n\n<div class=\"container-md spacer  \">\n<div style=\"height:25px\" aria-hidden=\"true\" class=\"wp-block-spacer\"><\/div>\n<\/div>\n\n<div class=\"container-md buttons  \">\n<div class=\"wp-block-buttons is-layout-flex wp-block-buttons-is-layout-flex\"><div class=\"container-md button  \">\n<div class=\"wp-block-button\"><a class=\"wp-block-button__link has-background wp-element-button\" href=\"https:\/\/www.novotek.com\/at\/hmi-scada\/proficy-cimplicity\/\" style=\"background-color:#e70029\" target=\"_blank\" rel=\"noreferrer noopener\">Proficy HMI\/SCADA CIMPLICITY<\/a><\/div>\n<\/div><\/div>\n<\/div><\/div>\n<\/div>\n\n<div class=\"container-md column  \">\n<div class=\"wp-block-column is-layout-flow wp-block-column-is-layout-flow\"><div class=\"container-md image  \">\n<figure class=\"wp-block-image size-full\"><img loading=\"lazy\" decoding=\"async\" width=\"600\" height=\"429\" src=\"https:\/\/www.novotek.com\/at\/wp-content\/uploads\/sites\/13\/GEVernova_Cimplicity_operatorview.png\" alt=\"\" class=\"wp-image-26544\" srcset=\"https:\/\/www.novotek.com\/at\/wp-content\/uploads\/sites\/13\/GEVernova_Cimplicity_operatorview.png 600w, https:\/\/www.novotek.com\/at\/wp-content\/uploads\/sites\/13\/GEVernova_Cimplicity_operatorview-300x215.png 300w, https:\/\/www.novotek.com\/at\/wp-content\/uploads\/sites\/13\/GEVernova_Cimplicity_operatorview-86x61.png 86w, https:\/\/www.novotek.com\/at\/wp-content\/uploads\/sites\/13\/GEVernova_Cimplicity_operatorview-306x219.png 306w\" sizes=\"auto, (max-width: 600px) 100vw, 600px\" \/><\/figure>\n<\/div><\/div>\n<\/div><\/div>\n<\/div>\n\n<div class=\"container-md spacer  \">\n<div style=\"height:20px\" aria-hidden=\"true\" class=\"wp-block-spacer\"><\/div>\n<\/div>\n\n<div class=\"container-md spacer  \">\n<div style=\"height:24px\" aria-hidden=\"true\" class=\"wp-block-spacer\"><\/div>\n<\/div>\n\n<div class=\"container-md columns  alignwide\">\n<div class=\"wp-block-columns alignwide is-layout-flex wp-container-core-columns-is-layout-9d6595d7 wp-block-columns-is-layout-flex\"><div class=\"container-md column  \">\n<div class=\"wp-block-column is-layout-flow wp-block-column-is-layout-flow\"><div class=\"container-md image  \">\n<figure class=\"wp-block-image size-full\"><img loading=\"lazy\" decoding=\"async\" width=\"1024\" height=\"553\" src=\"https:\/\/www.novotek.com\/at\/wp-content\/uploads\/sites\/13\/OperationsHub-1024x553-1.png\" alt=\"\" class=\"wp-image-18931\" srcset=\"https:\/\/www.novotek.com\/at\/wp-content\/uploads\/sites\/13\/OperationsHub-1024x553-1.png 1024w, https:\/\/www.novotek.com\/at\/wp-content\/uploads\/sites\/13\/OperationsHub-1024x553-1-300x162.png 300w, https:\/\/www.novotek.com\/at\/wp-content\/uploads\/sites\/13\/OperationsHub-1024x553-1-768x415.png 768w\" sizes=\"auto, (max-width: 1024px) 100vw, 1024px\" \/><\/figure>\n<\/div><\/div>\n<\/div>\n\n<div class=\"container-md column  \">\n<div class=\"wp-block-column is-layout-flow wp-block-column-is-layout-flow\"><div class=\"container-md heading  \">\n<h2 class=\"wp-block-heading\">Proficy Operations Hub<\/h2>\n<\/div>\n\n<div class=\"container-md paragraph  \">\n<p>Operations Hub ist ein leistungsstarkes Dashboard-Tool, das die Visualisierung, Trendanalyse und Auswertung von Prozess- und Produktionsdaten erm\u00f6glicht. Die Software bietet eine zentralisierte Umgebung, in der Sie individuelle Dashboards nach Ihren Anforderungen erstellen k\u00f6nnen \u2013 ganz ohne Code.<\/p>\n<\/div>\n\n<div class=\"container-md spacer  \">\n<div style=\"height:25px\" aria-hidden=\"true\" class=\"wp-block-spacer\"><\/div>\n<\/div>\n\n<div class=\"container-md buttons  \">\n<div class=\"wp-block-buttons is-layout-flex wp-block-buttons-is-layout-flex\"><div class=\"container-md button  \">\n<div class=\"wp-block-button\"><a class=\"wp-block-button__link has-background wp-element-button\" href=\"https:\/\/www.novotek.com\/at\/proficy-operations-hub\/\" style=\"background-color:#e70029\" target=\"_blank\" rel=\"noreferrer noopener\">Proficy Operations Hub<\/a><\/div>\n<\/div><\/div>\n<\/div><\/div>\n<\/div><\/div>\n<\/div>\n\n<div class=\"container-md spacer  \">\n<div style=\"height:20px\" aria-hidden=\"true\" class=\"wp-block-spacer\"><\/div>\n<\/div>\n\n<div class=\"container-md columns  alignwide\">\n<div class=\"wp-block-columns alignwide is-layout-flex wp-container-core-columns-is-layout-9d6595d7 wp-block-columns-is-layout-flex\"><div class=\"container-md column  \">\n<div class=\"wp-block-column is-layout-flow wp-block-column-is-layout-flow\"><div class=\"container-md heading  \">\n<h2 class=\"wp-block-heading\">JMobile Visualisierungssoftware<\/h2>\n<\/div>\n\n<div class=\"container-md paragraph  \">\n<p>JMobile erm\u00f6glicht die Kommunikation mit allen Steuerungen, E\/As, Sensoren und Motion-Ger\u00e4ten \u00fcber die wichtigsten Protokolle wie PROFINET, EtherCAT, POWERLINK, EtherNet\/IP, Modbus und vielen anderen. \u00dcber den hochrobusten OPC UA Standard (auch TSN) k\u00f6nnen die Daten nahtlos mit anderen Netzwerken oder h\u00f6heren Automatisierungsebenen geteilt werden.<\/p>\n<\/div>\n\n<div class=\"container-md spacer  \">\n<div style=\"height:25px\" aria-hidden=\"true\" class=\"wp-block-spacer\"><\/div>\n<\/div>\n\n<div class=\"container-md buttons  \">\n<div class=\"wp-block-buttons is-layout-flex wp-block-buttons-is-layout-flex\"><div class=\"container-md button  \">\n<div class=\"wp-block-button\"><a class=\"wp-block-button__link has-background wp-element-button\" href=\"https:\/\/www.novotek.com\/at\/jmobile\/\" style=\"background-color:#e70029\" target=\"_blank\" rel=\"noreferrer noopener\">JMobile<\/a><\/div>\n<\/div><\/div>\n<\/div><\/div>\n<\/div>\n\n<div class=\"container-md column  \">\n<div class=\"wp-block-column is-layout-flow wp-block-column-is-layout-flow\"><div class=\"container-md image  \">\n<figure class=\"wp-block-image size-full\"><img loading=\"lazy\" decoding=\"async\" width=\"700\" height=\"298\" src=\"https:\/\/www.novotek.com\/at\/wp-content\/uploads\/sites\/13\/JMobile-Highlights.png\" alt=\"\" class=\"wp-image-22629\" srcset=\"https:\/\/www.novotek.com\/at\/wp-content\/uploads\/sites\/13\/JMobile-Highlights.png 700w, https:\/\/www.novotek.com\/at\/wp-content\/uploads\/sites\/13\/JMobile-Highlights-300x128.png 300w, https:\/\/www.novotek.com\/at\/wp-content\/uploads\/sites\/13\/JMobile-Highlights-86x37.png 86w, https:\/\/www.novotek.com\/at\/wp-content\/uploads\/sites\/13\/JMobile-Highlights-306x130.png 306w, https:\/\/www.novotek.com\/at\/wp-content\/uploads\/sites\/13\/JMobile-Highlights-636x271.png 636w\" sizes=\"auto, (max-width: 700px) 100vw, 700px\" \/><\/figure>\n<\/div><\/div>\n<\/div><\/div>\n<\/div>\n\n<div class=\"container-md spacer  \">\n<div style=\"height:20px\" aria-hidden=\"true\" class=\"wp-block-spacer\"><\/div>\n<\/div>","protected":false},"excerpt":{"rendered":"<p>Alles unter Kontrolle!<br \/>\nEin HMI\/SCADA System verschafft Ihnen den \u00dcberblick und die Kontrolle \u00fcber die gesamten Produktionsanlagen und Prozesse.<\/p>\n","protected":false},"author":14,"featured_media":0,"parent":0,"menu_order":4,"comment_status":"closed","ping_status":"closed","template":"","meta":{"_acf_changed":false,"_relevanssi_hide_post":"","_relevanssi_pin_for_all":"","_relevanssi_pin_keywords":"","_relevanssi_unpin_keywords":"","_relevanssi_related_keywords":"","_relevanssi_related_include_ids":"","_relevanssi_related_exclude_ids":"","_relevanssi_related_no_append":"","_relevanssi_related_not_related":"","_relevanssi_related_posts":"3220,3216,3200,3208,3195","_relevanssi_noindex_reason":"","footnotes":""},"class_list":["post-8269","page","type-page","status-publish","hentry"],"acf":[],"yoast_head":"<!-- This site is optimized with the Yoast SEO plugin v27.4 - https:\/\/yoast.com\/product\/yoast-seo-wordpress\/ -->\n<title>HMI \/ SCADA - L\u00f6sungen f\u00fcr alle Branchen<\/title>\n<meta name=\"description\" content=\"Behalten Sie den \u00dcberblick \u00fcber Ihre Anlagen \u2013 lokal oder in der Cloud \u2013 mit den skalierbaren HMI\/SCADA Visualisierungs-L\u00f6sungen von Novotek!\" \/>\n<meta name=\"robots\" content=\"index, follow, max-snippet:-1, max-image-preview:large, max-video-preview:-1\" \/>\n<link rel=\"canonical\" href=\"https:\/\/www.novotek.com\/at\/hmi-scada\/\" \/>\n<meta property=\"og:locale\" content=\"de_DE\" \/>\n<meta property=\"og:type\" content=\"article\" \/>\n<meta property=\"og:title\" content=\"HMI \/ SCADA - L\u00f6sungen f\u00fcr alle Branchen\" \/>\n<meta property=\"og:description\" content=\"Behalten Sie den \u00dcberblick \u00fcber Ihre Anlagen \u2013 lokal oder in der Cloud \u2013 mit den skalierbaren HMI\/SCADA Visualisierungs-L\u00f6sungen von Novotek!\" \/>\n<meta property=\"og:url\" content=\"https:\/\/www.novotek.com\/at\/hmi-scada\/\" \/>\n<meta property=\"og:site_name\" content=\"Novotek Austria\" \/>\n<meta property=\"article:modified_time\" content=\"2026-02-09T12:55:51+00:00\" \/>\n<meta property=\"og:image\" content=\"https:\/\/www.novotek.com\/at\/wp-content\/uploads\/sites\/13\/HMI-SCADA_vor_dem_operator_Novotek-300x300-1.jpg\" \/>\n<meta name=\"twitter:card\" content=\"summary_large_image\" \/>\n<meta name=\"twitter:label1\" content=\"Gesch\u00e4tzte Lesezeit\" \/>\n\t<meta name=\"twitter:data1\" content=\"5\u00a0Minuten\" \/>\n<script type=\"application\/ld+json\" class=\"yoast-schema-graph\">{\"@context\":\"https:\\\/\\\/schema.org\",\"@graph\":[{\"@type\":\"WebPage\",\"@id\":\"https:\\\/\\\/www.novotek.com\\\/at\\\/hmi-scada\\\/\",\"url\":\"https:\\\/\\\/www.novotek.com\\\/at\\\/hmi-scada\\\/\",\"name\":\"HMI \\\/ SCADA - L\u00f6sungen f\u00fcr alle Branchen\",\"isPartOf\":{\"@id\":\"https:\\\/\\\/www.novotek.com\\\/at\\\/#website\"},\"primaryImageOfPage\":{\"@id\":\"https:\\\/\\\/www.novotek.com\\\/at\\\/hmi-scada\\\/#primaryimage\"},\"image\":{\"@id\":\"https:\\\/\\\/www.novotek.com\\\/at\\\/hmi-scada\\\/#primaryimage\"},\"thumbnailUrl\":\"https:\\\/\\\/www.novotek.com\\\/at\\\/wp-content\\\/uploads\\\/sites\\\/13\\\/HMI-SCADA_vor_dem_operator_Novotek-300x300-1.jpg\",\"datePublished\":\"2022-07-15T09:12:29+00:00\",\"dateModified\":\"2026-02-09T12:55:51+00:00\",\"description\":\"Behalten Sie den \u00dcberblick \u00fcber Ihre Anlagen \u2013 lokal oder in der Cloud \u2013 mit den skalierbaren HMI\\\/SCADA Visualisierungs-L\u00f6sungen von Novotek!\",\"breadcrumb\":{\"@id\":\"https:\\\/\\\/www.novotek.com\\\/at\\\/hmi-scada\\\/#breadcrumb\"},\"inLanguage\":\"de-CH\",\"potentialAction\":[{\"@type\":\"ReadAction\",\"target\":[\"https:\\\/\\\/www.novotek.com\\\/at\\\/hmi-scada\\\/\"]}]},{\"@type\":\"ImageObject\",\"inLanguage\":\"de-CH\",\"@id\":\"https:\\\/\\\/www.novotek.com\\\/at\\\/hmi-scada\\\/#primaryimage\",\"url\":\"https:\\\/\\\/www.novotek.com\\\/at\\\/wp-content\\\/uploads\\\/sites\\\/13\\\/HMI-SCADA_vor_dem_operator_Novotek-300x300-1.jpg.webp\",\"contentUrl\":\"https:\\\/\\\/www.novotek.com\\\/at\\\/wp-content\\\/uploads\\\/sites\\\/13\\\/HMI-SCADA_vor_dem_operator_Novotek-300x300-1.jpg.webp\",\"width\":300,\"height\":300},{\"@type\":\"BreadcrumbList\",\"@id\":\"https:\\\/\\\/www.novotek.com\\\/at\\\/hmi-scada\\\/#breadcrumb\",\"itemListElement\":[{\"@type\":\"ListItem\",\"position\":1,\"name\":\"Home\",\"item\":\"https:\\\/\\\/www.novotek.com\\\/at\\\/\"},{\"@type\":\"ListItem\",\"position\":2,\"name\":\"HMI \\\/ SCADA\"}]},{\"@type\":\"WebSite\",\"@id\":\"https:\\\/\\\/www.novotek.com\\\/at\\\/#website\",\"url\":\"https:\\\/\\\/www.novotek.com\\\/at\\\/\",\"name\":\"Novotek Switzerland\",\"description\":\"Connect - Digitalize - Optimize\",\"potentialAction\":[{\"@type\":\"SearchAction\",\"target\":{\"@type\":\"EntryPoint\",\"urlTemplate\":\"https:\\\/\\\/www.novotek.com\\\/at\\\/?s={search_term_string}\"},\"query-input\":{\"@type\":\"PropertyValueSpecification\",\"valueRequired\":true,\"valueName\":\"search_term_string\"}}],\"inLanguage\":\"de-CH\"}]}<\/script>\n<!-- \/ Yoast SEO plugin. -->","yoast_head_json":{"title":"HMI \/ SCADA - L\u00f6sungen f\u00fcr alle Branchen","description":"Behalten Sie den \u00dcberblick \u00fcber Ihre Anlagen \u2013 lokal oder in der Cloud \u2013 mit den skalierbaren HMI\/SCADA Visualisierungs-L\u00f6sungen von Novotek!","robots":{"index":"index","follow":"follow","max-snippet":"max-snippet:-1","max-image-preview":"max-image-preview:large","max-video-preview":"max-video-preview:-1"},"canonical":"https:\/\/www.novotek.com\/at\/hmi-scada\/","og_locale":"de_DE","og_type":"article","og_title":"HMI \/ SCADA - L\u00f6sungen f\u00fcr alle Branchen","og_description":"Behalten Sie den \u00dcberblick \u00fcber Ihre Anlagen \u2013 lokal oder in der Cloud \u2013 mit den skalierbaren HMI\/SCADA Visualisierungs-L\u00f6sungen von Novotek!","og_url":"https:\/\/www.novotek.com\/at\/hmi-scada\/","og_site_name":"Novotek Austria","article_modified_time":"2026-02-09T12:55:51+00:00","og_image":[{"url":"https:\/\/www.novotek.com\/at\/wp-content\/uploads\/sites\/13\/HMI-SCADA_vor_dem_operator_Novotek-300x300-1.jpg","type":"","width":"","height":""}],"twitter_card":"summary_large_image","twitter_misc":{"Gesch\u00e4tzte Lesezeit":"5\u00a0Minuten"},"schema":{"@context":"https:\/\/schema.org","@graph":[{"@type":"WebPage","@id":"https:\/\/www.novotek.com\/at\/hmi-scada\/","url":"https:\/\/www.novotek.com\/at\/hmi-scada\/","name":"HMI \/ SCADA - L\u00f6sungen f\u00fcr alle Branchen","isPartOf":{"@id":"https:\/\/www.novotek.com\/at\/#website"},"primaryImageOfPage":{"@id":"https:\/\/www.novotek.com\/at\/hmi-scada\/#primaryimage"},"image":{"@id":"https:\/\/www.novotek.com\/at\/hmi-scada\/#primaryimage"},"thumbnailUrl":"https:\/\/www.novotek.com\/at\/wp-content\/uploads\/sites\/13\/HMI-SCADA_vor_dem_operator_Novotek-300x300-1.jpg","datePublished":"2022-07-15T09:12:29+00:00","dateModified":"2026-02-09T12:55:51+00:00","description":"Behalten Sie den \u00dcberblick \u00fcber Ihre Anlagen \u2013 lokal oder in der Cloud \u2013 mit den skalierbaren HMI\/SCADA Visualisierungs-L\u00f6sungen von Novotek!","breadcrumb":{"@id":"https:\/\/www.novotek.com\/at\/hmi-scada\/#breadcrumb"},"inLanguage":"de-CH","potentialAction":[{"@type":"ReadAction","target":["https:\/\/www.novotek.com\/at\/hmi-scada\/"]}]},{"@type":"ImageObject","inLanguage":"de-CH","@id":"https:\/\/www.novotek.com\/at\/hmi-scada\/#primaryimage","url":"https:\/\/www.novotek.com\/at\/wp-content\/uploads\/sites\/13\/HMI-SCADA_vor_dem_operator_Novotek-300x300-1.jpg.webp","contentUrl":"https:\/\/www.novotek.com\/at\/wp-content\/uploads\/sites\/13\/HMI-SCADA_vor_dem_operator_Novotek-300x300-1.jpg.webp","width":300,"height":300},{"@type":"BreadcrumbList","@id":"https:\/\/www.novotek.com\/at\/hmi-scada\/#breadcrumb","itemListElement":[{"@type":"ListItem","position":1,"name":"Home","item":"https:\/\/www.novotek.com\/at\/"},{"@type":"ListItem","position":2,"name":"HMI \/ SCADA"}]},{"@type":"WebSite","@id":"https:\/\/www.novotek.com\/at\/#website","url":"https:\/\/www.novotek.com\/at\/","name":"Novotek Switzerland","description":"Connect - Digitalize - Optimize","potentialAction":[{"@type":"SearchAction","target":{"@type":"EntryPoint","urlTemplate":"https:\/\/www.novotek.com\/at\/?s={search_term_string}"},"query-input":{"@type":"PropertyValueSpecification","valueRequired":true,"valueName":"search_term_string"}}],"inLanguage":"de-CH"}]}},"_links":{"self":[{"href":"https:\/\/www.novotek.com\/at\/wp-json\/wp\/v2\/pages\/8269","targetHints":{"allow":["GET"]}}],"collection":[{"href":"https:\/\/www.novotek.com\/at\/wp-json\/wp\/v2\/pages"}],"about":[{"href":"https:\/\/www.novotek.com\/at\/wp-json\/wp\/v2\/types\/page"}],"author":[{"embeddable":true,"href":"https:\/\/www.novotek.com\/at\/wp-json\/wp\/v2\/users\/14"}],"replies":[{"embeddable":true,"href":"https:\/\/www.novotek.com\/at\/wp-json\/wp\/v2\/comments?post=8269"}],"version-history":[{"count":81,"href":"https:\/\/www.novotek.com\/at\/wp-json\/wp\/v2\/pages\/8269\/revisions"}],"predecessor-version":[{"id":27891,"href":"https:\/\/www.novotek.com\/at\/wp-json\/wp\/v2\/pages\/8269\/revisions\/27891"}],"wp:attachment":[{"href":"https:\/\/www.novotek.com\/at\/wp-json\/wp\/v2\/media?parent=8269"}],"curies":[{"name":"wp","href":"https:\/\/api.w.org\/{rel}","templated":true}]}}