{"id":8270,"date":"2022-07-15T09:12:30","date_gmt":"2022-07-15T09:12:30","guid":{"rendered":"http:\/\/ch.novotek-multi.dev4.mildmedia-dev.eu\/?page_id=8270"},"modified":"2024-01-22T08:59:53","modified_gmt":"2024-01-22T08:59:53","slug":"hardware-industrieprozesse","status":"publish","type":"page","link":"https:\/\/www.novotek.com\/at\/hardware-industrieprozesse\/","title":{"rendered":"Industriehardware"},"content":{"rendered":"  <div class=\"hero\">\n    <div class=\"carousel hero-slider small\" data-flickity data-flickity-options='{\"prevNextButtons\": false}'>\n              <div class=\"carousel-cell\">\n          <div class=\"container\">\n            <div class=\"hero-content\">\n                              <h1>Hardware f\u00fcr Industrieprozesse<\/h1>\n<p><strong>Robuste Automationsl\u00f6sungen\u00a0<\/strong><br \/>\nEgal wo Sie in Ihrem Digitalisierungsprozess stehen, die Wahl der geeigneten Hardware ist dabei immer von zentraler Bedeutung. Sie muss sich einerseits perfekt in die bestehende Infrastruktur einf\u00fcgen lassen, andererseits muss sie in der Lage sein, mit den k\u00fcnftigen Aktivit\u00e4ten der Firma mitzuwachsen.<\/p>\n              \n                          <\/div>\n          <\/div>\n\n          <img decoding=\"async\" width=\"1024\" height=\"427\" src=\"https:\/\/www.novotek.com\/at\/wp-content\/uploads\/sites\/13\/Novotek_industriehardware_duotone_1920x800-1-1024x427.jpg.webp\" class=\"hero-bg\" alt=\"Hero Img\" fetchpriority=\"high\" srcset=\"https:\/\/www.novotek.com\/at\/wp-content\/uploads\/sites\/13\/Novotek_industriehardware_duotone_1920x800-1-1024x427.jpg.webp 1024w, https:\/\/www.novotek.com\/at\/wp-content\/uploads\/sites\/13\/Novotek_industriehardware_duotone_1920x800-1-300x125.jpg.webp 300w, https:\/\/www.novotek.com\/at\/wp-content\/uploads\/sites\/13\/Novotek_industriehardware_duotone_1920x800-1-768x320.jpg.webp 768w, https:\/\/www.novotek.com\/at\/wp-content\/uploads\/sites\/13\/Novotek_industriehardware_duotone_1920x800-1.jpg.webp 1440w\" sizes=\"(max-width: 1024px) 100vw, 1024px\" \/>                  <\/div>\n          <\/div>\n\n      <\/div>\n\n   \n\n\n<div class=\"container-md paragraph  \">\n<p>Heutige Industrieanlagen fordern von ihren Maschinen und Komponenten eine hohe Zuverl\u00e4ssigkeit und eine durchgehende Datenkommunikation.&nbsp;Die fortschrittliche Automatisierungsl\u00f6sung muss in der Lage sein, maximale Verf\u00fcgbarkeit und Performance zu gew\u00e4hrleisten sowie Ausf\u00e4lle g\u00e4nzlich zu vermeiden &#8211; auch in rauer Industrieumgebungen. Bei der modernen Automatisierung ist es zudem wichtig, ein Steuerungssystem zu w\u00e4hlen, das nahtlos in die vorhandene Infrastruktur passt und sich entsprechend den aktuellen und zuk\u00fcnftigen Anforderungen skaliert l\u00e4sst.&nbsp;<\/p>\n<\/div>\n\n<div class=\"container-md spacer  \">\n<div style=\"height:30px\" aria-hidden=\"true\" class=\"wp-block-spacer\"><\/div>\n<\/div>\n\n<div class=\"container media-text  alignwide\">\n<div class=\"wp-block-media-text alignwide is-stacked-on-mobile\" style=\"grid-template-columns:40% auto\"><figure class=\"wp-block-media-text__media\"><img loading=\"lazy\" decoding=\"async\" width=\"728\" height=\"504\" src=\"https:\/\/www.novotek.com\/at\/wp-content\/uploads\/sites\/13\/Emerson-RX3I-uebersicht-e1661236515159.jpg\" alt=\"Emerson-RX3I-\u00dcbersicht\" class=\"wp-image-10432 size-full\" srcset=\"https:\/\/www.novotek.com\/at\/wp-content\/uploads\/sites\/13\/Emerson-RX3I-uebersicht-e1661236515159.jpg 728w, https:\/\/www.novotek.com\/at\/wp-content\/uploads\/sites\/13\/Emerson-RX3I-uebersicht-e1661236515159-300x208.jpg 300w\" sizes=\"auto, (max-width: 728px) 100vw, 728px\" \/><\/figure><div class=\"wp-block-media-text__content\"><div class=\"container-md heading  \">\n<h2 class=\"wp-block-heading\" id=\"h-leistungsstarke-skalierbare-und-robuste-steuerungssysteme\">Leistungsstarke, skalierbare und robuste Steuerungssysteme<\/h2>\n<\/div>\n\n<div class=\"container-md paragraph  \">\n<p>Als autorisierter Distributor von <a href=\"https:\/\/www.emerson.com\/no-no\/automation\/control-and-safety-systems\/programmable-automation-control-systems\" target=\"_blank\" rel=\"noreferrer noopener\"><strong>Emerson Automation Solutions<\/strong><\/a>&nbsp;bieten wir eine grosse Auswahl an Steuerungen, Panels und Industrie PC\u2019s an. Dank der modularen und offenen Architektur k\u00f6nnen Sie die Systeme nach Ihren W\u00fcnschen konfigurieren. Emerson erm\u00f6glicht Ihnen sowohl eine einfache Systemintegration, leistungsf\u00e4hige Upgrades wie auch un\u00fcbertroffene Erweiterungsm\u00f6glichkeiten. Optimieren Sie Ihre Produktion, verbessern Sie die Konnektivit\u00e4t und steigern sie Ihre Produktivit\u00e4t.<\/p>\n<\/div><\/div><\/div>\n<\/div>\n\n<div class=\"container-md spacer  \">\n<div style=\"height:50px\" aria-hidden=\"true\" class=\"wp-block-spacer\"><\/div>\n<\/div>\n\n<div class=\"container media-text  alignwide\">\n<div class=\"wp-block-media-text alignwide has-media-on-the-right is-stacked-on-mobile\" style=\"grid-template-columns:auto 40%\"><div class=\"wp-block-media-text__content\"><div class=\"container-md heading  \">\n<h2 class=\"wp-block-heading\" id=\"h-pac-machine-edition-die-umfangliche-programmierplattform\">PAC Machine Edition, <br>die umf\u00e4ngliche Programmierplattform<\/h2>\n<\/div>\n\n<div class=\"container-md paragraph  \">\n<p>PAC Machine Edition ist die einheitliche Programmier- und Konfigurations-umgebung f\u00fcr alle Steuerungs- und Visualisierungssysteme (HMI) von Emerson. Eine einzelne Umgebung garantiert maximale Durchg\u00e4ngigkeit und Kompatibilit\u00e4t der Daten und dessen Adressierung im System. Funktionen wie &#171;Drag &amp; Drop&#187;, ActiveX, dynamische Hilfe-Funktion und Standard Diagnose Tools machen die Programmierung zum Kinderspiel. PAC Machine Edition steht f\u00fcr reduzierten Programmieraufwand, optimierten Wiedererkennungswert und maximierte Datenintegrit\u00e4t.  <\/p>\n<\/div><\/div><figure class=\"wp-block-media-text__media\"><img loading=\"lazy\" decoding=\"async\" width=\"1024\" height=\"683\" src=\"https:\/\/www.novotek.com\/at\/wp-content\/uploads\/sites\/13\/MachineEdition_mockup2_1200x800-1024x683-1.png\" alt=\"PAC MachineEdition\" class=\"wp-image-10447 size-full\" srcset=\"https:\/\/www.novotek.com\/at\/wp-content\/uploads\/sites\/13\/MachineEdition_mockup2_1200x800-1024x683-1.png 1024w, https:\/\/www.novotek.com\/at\/wp-content\/uploads\/sites\/13\/MachineEdition_mockup2_1200x800-1024x683-1-300x200.png 300w, https:\/\/www.novotek.com\/at\/wp-content\/uploads\/sites\/13\/MachineEdition_mockup2_1200x800-1024x683-1-768x512.png 768w\" sizes=\"auto, (max-width: 1024px) 100vw, 1024px\" \/><\/figure><\/div>\n<\/div>\n\n<div class=\"container-md spacer  \">\n<div style=\"height:50px\" aria-hidden=\"true\" class=\"wp-block-spacer\"><\/div>\n<\/div>\n\n<div class=\"container-md heading  \">\n<h2 class=\"wp-block-heading\" id=\"h-von-der-produktionshalle-bis-in-den-kontrollraum\">Von der Produktionshalle bis in den Kontrollraum<\/h2>\n<\/div>\n\n<div class=\"container-md paragraph  \">\n<p>Wir unterst\u00fctzten Sie mit einer umfassenden Palette an industriellen L\u00f6sungen f\u00fcr einen garantiert hohen Automatisierungsgrad. Dank unserer langj\u00e4hrigen Erfahrung und der weltweiten Unterst\u00fctzung durch Emerson finden wir die L\u00f6sung, die zu Ihrem Unternehmen passt.&nbsp;<\/p>\n<\/div>\n\n<div class=\"container-md spacer  \">\n<div style=\"height:50px\" aria-hidden=\"true\" class=\"wp-block-spacer\"><\/div>\n<\/div>\n\n  <div class=\"slider-column-parent\">\n    <div class=\"container\">\n      <div class=\"slider-column-title\">Unser Hardware-Angebot f\u00fcr die Steuerung von Industrieprozessen<\/div>\n\n      <div class=\"slider-column\">\n        <div class=\"slider-cell carousel-cell large\"><div class=\"column-box\">\n  \n      <div class=\"title\">\n      IPCs, Webpanels &amp; Displays    <\/div>\n  \n      <div class=\"text\">\n      <p>Wir liefern leistungsstarke Industriecomputer von Emerson, speziell entwickelt f\u00fcr Produktionsumgebungen.<\/p>\n    <\/div>\n  \n      <a class=\"link\"  href=\"https:\/\/www.novotek.com\/at\/hardware-industrieprozesse\/webpanel-displays\/\" target=\"\">\n      IPCs, Webpanels &amp;amp; Displays    <\/a>\n  \n  <\/div>\n\n<\/div><div class=\"slider-cell carousel-cell large\"><div class=\"column-box\">\n  \n      <div class=\"title\">\n      PACSystems \/ SPS    <\/div>\n  \n      <div class=\"text\">\n      <p>Ein vollst\u00e4ndiges Steuerungssystem, das die Automatisierungs- und Steuerungsanforderungen Ihres Unternehmens erf\u00fcllt.<\/p>\n    <\/div>\n  \n      <a class=\"link\"  href=\"https:\/\/www.novotek.com\/at\/hardware-industrieprozesse\/pacsystems-sps\/\" target=\"\">\n      PACSystems \/ SPS    <\/a>\n  \n  <\/div>\n\n<\/div><div class=\"slider-cell carousel-cell large\"><div class=\"column-box\">\n  \n      <div class=\"title\">\n      I\/O-Systeme    <\/div>\n  \n      <div class=\"text\">\n      <p>Als kompakte und verteilte L\u00f6sung ist RSTi einfach zu konfigurieren, zu verwalten und zu aktualisieren.<\/p>\n    <\/div>\n  \n      <a class=\"link\"  href=\"https:\/\/www.novotek.com\/at\/hardware-industrieprozesse\/steuerungen-io-rsti\/\" target=\"\">\n      I\/O-Systeme    <\/a>\n  \n  <\/div>\n\n<\/div>      <\/div>\n    <\/div>\n  <\/div>\n\n\n<div class=\"container-md spacer  \">\n<div style=\"height:20px\" aria-hidden=\"true\" class=\"wp-block-spacer\"><\/div>\n<\/div>","protected":false},"excerpt":{"rendered":"<p>Egal wo Sie in Ihrem Digitalisierungsprozess stehen, die Wahl der geeigneten Hardware ist dabei immer von zentraler Bedeutung. Sie muss sich einerseits perfekt in die bestehende Infrastruktur einf\u00fcgen lassen, andererseits muss sie in der Lage sein, mit den k\u00fcnftigen Aktivit\u00e4ten der Firma mitzuwachsen.<\/p>\n","protected":false},"author":15,"featured_media":0,"parent":0,"menu_order":9,"comment_status":"closed","ping_status":"closed","template":"","meta":{"_acf_changed":false,"_relevanssi_hide_post":"","_relevanssi_pin_for_all":"","_relevanssi_pin_keywords":"","_relevanssi_unpin_keywords":"","_relevanssi_related_keywords":"","_relevanssi_related_include_ids":"","_relevanssi_related_exclude_ids":"","_relevanssi_related_no_append":"","_relevanssi_related_not_related":"","_relevanssi_related_posts":"3200,3220,3208,3195,3216,3216","_relevanssi_noindex_reason":"","footnotes":""},"class_list":["post-8270","page","type-page","status-publish","hentry"],"acf":[],"yoast_head":"<!-- This site is optimized with the Yoast SEO plugin v27.3 - https:\/\/yoast.com\/product\/yoast-seo-wordpress\/ -->\n<title>Industriehardware - Novotek Switzerland<\/title>\n<meta name=\"description\" content=\"Egal wo Sie in Ihrem Digitalisierungsprozess stehen, die Wahl der geeigneten Hardware ist dabei immer von zentraler Bedeutung.\" \/>\n<meta name=\"robots\" content=\"index, follow, max-snippet:-1, max-image-preview:large, max-video-preview:-1\" \/>\n<link rel=\"canonical\" href=\"https:\/\/www.novotek.com\/at\/hardware-industrieprozesse\/\" \/>\n<meta property=\"og:locale\" content=\"de_DE\" \/>\n<meta property=\"og:type\" content=\"article\" \/>\n<meta property=\"og:title\" content=\"Industriehardware - Novotek Switzerland\" \/>\n<meta property=\"og:description\" content=\"Egal wo Sie in Ihrem Digitalisierungsprozess stehen, die Wahl der geeigneten Hardware ist dabei immer von zentraler Bedeutung.\" \/>\n<meta property=\"og:url\" content=\"https:\/\/www.novotek.com\/at\/hardware-industrieprozesse\/\" \/>\n<meta property=\"og:site_name\" content=\"Novotek Austria\" \/>\n<meta property=\"article:modified_time\" content=\"2024-01-22T08:59:53+00:00\" \/>\n<meta property=\"og:image\" content=\"https:\/\/www.novotek.com\/at\/wp-content\/uploads\/sites\/13\/Emerson-RX3I-uebersicht-e1661236515159.jpg\" \/>\n<meta name=\"twitter:card\" content=\"summary_large_image\" \/>\n<meta name=\"twitter:label1\" content=\"Gesch\u00e4tzte Lesezeit\" \/>\n\t<meta name=\"twitter:data1\" content=\"2\u00a0Minuten\" \/>\n<script type=\"application\/ld+json\" class=\"yoast-schema-graph\">{\"@context\":\"https:\\\/\\\/schema.org\",\"@graph\":[{\"@type\":\"WebPage\",\"@id\":\"https:\\\/\\\/www.novotek.com\\\/at\\\/hardware-industrieprozesse\\\/\",\"url\":\"https:\\\/\\\/www.novotek.com\\\/at\\\/hardware-industrieprozesse\\\/\",\"name\":\"Industriehardware - Novotek Switzerland\",\"isPartOf\":{\"@id\":\"https:\\\/\\\/www.novotek.com\\\/at\\\/#website\"},\"primaryImageOfPage\":{\"@id\":\"https:\\\/\\\/www.novotek.com\\\/at\\\/hardware-industrieprozesse\\\/#primaryimage\"},\"image\":{\"@id\":\"https:\\\/\\\/www.novotek.com\\\/at\\\/hardware-industrieprozesse\\\/#primaryimage\"},\"thumbnailUrl\":\"https:\\\/\\\/www.novotek.com\\\/at\\\/wp-content\\\/uploads\\\/sites\\\/13\\\/Emerson-RX3I-uebersicht-e1661236515159.jpg\",\"datePublished\":\"2022-07-15T09:12:30+00:00\",\"dateModified\":\"2024-01-22T08:59:53+00:00\",\"description\":\"Egal wo Sie in Ihrem Digitalisierungsprozess stehen, die Wahl der geeigneten Hardware ist dabei immer von zentraler Bedeutung.\",\"breadcrumb\":{\"@id\":\"https:\\\/\\\/www.novotek.com\\\/at\\\/hardware-industrieprozesse\\\/#breadcrumb\"},\"inLanguage\":\"de-CH\",\"potentialAction\":[{\"@type\":\"ReadAction\",\"target\":[\"https:\\\/\\\/www.novotek.com\\\/at\\\/hardware-industrieprozesse\\\/\"]}]},{\"@type\":\"ImageObject\",\"inLanguage\":\"de-CH\",\"@id\":\"https:\\\/\\\/www.novotek.com\\\/at\\\/hardware-industrieprozesse\\\/#primaryimage\",\"url\":\"https:\\\/\\\/www.novotek.com\\\/at\\\/wp-content\\\/uploads\\\/sites\\\/13\\\/Emerson-RX3I-uebersicht-e1661236515159.jpg.webp\",\"contentUrl\":\"https:\\\/\\\/www.novotek.com\\\/at\\\/wp-content\\\/uploads\\\/sites\\\/13\\\/Emerson-RX3I-uebersicht-e1661236515159.jpg.webp\",\"width\":728,\"height\":504,\"caption\":\"Emerson-RX3I-\u00dcbersicht\"},{\"@type\":\"BreadcrumbList\",\"@id\":\"https:\\\/\\\/www.novotek.com\\\/at\\\/hardware-industrieprozesse\\\/#breadcrumb\",\"itemListElement\":[{\"@type\":\"ListItem\",\"position\":1,\"name\":\"Home\",\"item\":\"https:\\\/\\\/www.novotek.com\\\/at\\\/\"},{\"@type\":\"ListItem\",\"position\":2,\"name\":\"Industriehardware\"}]},{\"@type\":\"WebSite\",\"@id\":\"https:\\\/\\\/www.novotek.com\\\/at\\\/#website\",\"url\":\"https:\\\/\\\/www.novotek.com\\\/at\\\/\",\"name\":\"Novotek Switzerland\",\"description\":\"Connect - Digitalize - Optimize\",\"potentialAction\":[{\"@type\":\"SearchAction\",\"target\":{\"@type\":\"EntryPoint\",\"urlTemplate\":\"https:\\\/\\\/www.novotek.com\\\/at\\\/?s={search_term_string}\"},\"query-input\":{\"@type\":\"PropertyValueSpecification\",\"valueRequired\":true,\"valueName\":\"search_term_string\"}}],\"inLanguage\":\"de-CH\"}]}<\/script>\n<!-- \/ Yoast SEO plugin. -->","yoast_head_json":{"title":"Industriehardware - Novotek Switzerland","description":"Egal wo Sie in Ihrem Digitalisierungsprozess stehen, die Wahl der geeigneten Hardware ist dabei immer von zentraler Bedeutung.","robots":{"index":"index","follow":"follow","max-snippet":"max-snippet:-1","max-image-preview":"max-image-preview:large","max-video-preview":"max-video-preview:-1"},"canonical":"https:\/\/www.novotek.com\/at\/hardware-industrieprozesse\/","og_locale":"de_DE","og_type":"article","og_title":"Industriehardware - Novotek Switzerland","og_description":"Egal wo Sie in Ihrem Digitalisierungsprozess stehen, die Wahl der geeigneten Hardware ist dabei immer von zentraler Bedeutung.","og_url":"https:\/\/www.novotek.com\/at\/hardware-industrieprozesse\/","og_site_name":"Novotek Austria","article_modified_time":"2024-01-22T08:59:53+00:00","og_image":[{"url":"https:\/\/www.novotek.com\/at\/wp-content\/uploads\/sites\/13\/Emerson-RX3I-uebersicht-e1661236515159.jpg","type":"","width":"","height":""}],"twitter_card":"summary_large_image","twitter_misc":{"Gesch\u00e4tzte Lesezeit":"2\u00a0Minuten"},"schema":{"@context":"https:\/\/schema.org","@graph":[{"@type":"WebPage","@id":"https:\/\/www.novotek.com\/at\/hardware-industrieprozesse\/","url":"https:\/\/www.novotek.com\/at\/hardware-industrieprozesse\/","name":"Industriehardware - Novotek Switzerland","isPartOf":{"@id":"https:\/\/www.novotek.com\/at\/#website"},"primaryImageOfPage":{"@id":"https:\/\/www.novotek.com\/at\/hardware-industrieprozesse\/#primaryimage"},"image":{"@id":"https:\/\/www.novotek.com\/at\/hardware-industrieprozesse\/#primaryimage"},"thumbnailUrl":"https:\/\/www.novotek.com\/at\/wp-content\/uploads\/sites\/13\/Emerson-RX3I-uebersicht-e1661236515159.jpg","datePublished":"2022-07-15T09:12:30+00:00","dateModified":"2024-01-22T08:59:53+00:00","description":"Egal wo Sie in Ihrem Digitalisierungsprozess stehen, die Wahl der geeigneten Hardware ist dabei immer von zentraler Bedeutung.","breadcrumb":{"@id":"https:\/\/www.novotek.com\/at\/hardware-industrieprozesse\/#breadcrumb"},"inLanguage":"de-CH","potentialAction":[{"@type":"ReadAction","target":["https:\/\/www.novotek.com\/at\/hardware-industrieprozesse\/"]}]},{"@type":"ImageObject","inLanguage":"de-CH","@id":"https:\/\/www.novotek.com\/at\/hardware-industrieprozesse\/#primaryimage","url":"https:\/\/www.novotek.com\/at\/wp-content\/uploads\/sites\/13\/Emerson-RX3I-uebersicht-e1661236515159.jpg.webp","contentUrl":"https:\/\/www.novotek.com\/at\/wp-content\/uploads\/sites\/13\/Emerson-RX3I-uebersicht-e1661236515159.jpg.webp","width":728,"height":504,"caption":"Emerson-RX3I-\u00dcbersicht"},{"@type":"BreadcrumbList","@id":"https:\/\/www.novotek.com\/at\/hardware-industrieprozesse\/#breadcrumb","itemListElement":[{"@type":"ListItem","position":1,"name":"Home","item":"https:\/\/www.novotek.com\/at\/"},{"@type":"ListItem","position":2,"name":"Industriehardware"}]},{"@type":"WebSite","@id":"https:\/\/www.novotek.com\/at\/#website","url":"https:\/\/www.novotek.com\/at\/","name":"Novotek Switzerland","description":"Connect - Digitalize - Optimize","potentialAction":[{"@type":"SearchAction","target":{"@type":"EntryPoint","urlTemplate":"https:\/\/www.novotek.com\/at\/?s={search_term_string}"},"query-input":{"@type":"PropertyValueSpecification","valueRequired":true,"valueName":"search_term_string"}}],"inLanguage":"de-CH"}]}},"_links":{"self":[{"href":"https:\/\/www.novotek.com\/at\/wp-json\/wp\/v2\/pages\/8270","targetHints":{"allow":["GET"]}}],"collection":[{"href":"https:\/\/www.novotek.com\/at\/wp-json\/wp\/v2\/pages"}],"about":[{"href":"https:\/\/www.novotek.com\/at\/wp-json\/wp\/v2\/types\/page"}],"author":[{"embeddable":true,"href":"https:\/\/www.novotek.com\/at\/wp-json\/wp\/v2\/users\/15"}],"replies":[{"embeddable":true,"href":"https:\/\/www.novotek.com\/at\/wp-json\/wp\/v2\/comments?post=8270"}],"version-history":[{"count":68,"href":"https:\/\/www.novotek.com\/at\/wp-json\/wp\/v2\/pages\/8270\/revisions"}],"predecessor-version":[{"id":19665,"href":"https:\/\/www.novotek.com\/at\/wp-json\/wp\/v2\/pages\/8270\/revisions\/19665"}],"wp:attachment":[{"href":"https:\/\/www.novotek.com\/at\/wp-json\/wp\/v2\/media?parent=8270"}],"curies":[{"name":"wp","href":"https:\/\/api.w.org\/{rel}","templated":true}]}}