{"id":8277,"date":"2022-07-15T09:18:17","date_gmt":"2022-07-15T09:18:17","guid":{"rendered":"http:\/\/ch.novotek-multi.dev4.mildmedia-dev.eu\/?page_id=8277"},"modified":"2025-08-18T13:00:40","modified_gmt":"2025-08-18T13:00:40","slug":"schulung","status":"publish","type":"page","link":"https:\/\/www.novotek.com\/at\/dienstleistungen\/schulung\/","title":{"rendered":"Schulung"},"content":{"rendered":"  <div class=\"hero\">\n    <div class=\"carousel hero-slider small\" data-flickity data-flickity-options='{\"prevNextButtons\": false}'>\n              <div class=\"carousel-cell\">\n          <div class=\"container\">\n            <div class=\"hero-content\">\n                              <h2 class=\"&quot;wp-block-heading\">Schulung<\/h2>\n<p><strong>Damit Sie m\u00f6glichst effizient mit unseren Produkten und L\u00f6sungen arbeiten k\u00f6nnen, halten wir j\u00e4hrlich mehrere Produktschulungen ab.<\/strong><\/p>\n              \n                          <\/div>\n          <\/div>\n\n          <img decoding=\"async\" width=\"1024\" height=\"683\" src=\"https:\/\/www.novotek.com\/at\/wp-content\/uploads\/sites\/13\/Schulung-1024x683.jpg.webp\" class=\"hero-bg\" alt=\"Hero Img\" fetchpriority=\"high\" srcset=\"https:\/\/www.novotek.com\/at\/wp-content\/uploads\/sites\/13\/Schulung-1024x683.jpg.webp 1024w, https:\/\/www.novotek.com\/at\/wp-content\/uploads\/sites\/13\/Schulung-300x200.jpg.webp 300w, https:\/\/www.novotek.com\/at\/wp-content\/uploads\/sites\/13\/Schulung-768x512.jpg.webp 768w, https:\/\/www.novotek.com\/at\/wp-content\/uploads\/sites\/13\/Schulung-1536x1024.jpg.webp 1536w, https:\/\/www.novotek.com\/at\/wp-content\/uploads\/sites\/13\/Schulung-2048x1365.jpg.webp 2048w, https:\/\/www.novotek.com\/at\/wp-content\/uploads\/sites\/13\/Schulung-86x57.jpg.webp 86w, https:\/\/www.novotek.com\/at\/wp-content\/uploads\/sites\/13\/Schulung-306x204.jpg.webp 306w, https:\/\/www.novotek.com\/at\/wp-content\/uploads\/sites\/13\/Schulung-636x424.jpg.webp 636w, https:\/\/www.novotek.com\/at\/wp-content\/uploads\/sites\/13\/Schulung-1632x1088.jpg.webp 1632w\" sizes=\"(max-width: 1024px) 100vw, 1024px\" \/>                  <\/div>\n          <\/div>\n\n      <\/div>\n\n   \n\n\n<div class=\"container-md group  alignwide\">\n<div class=\"wp-block-group alignwide\"><div class=\"wp-block-group__inner-container is-layout-flow wp-block-group-is-layout-flow\"><div class=\"container-md columns  \">\n<div class=\"wp-block-columns are-vertically-aligned-center is-layout-flex wp-container-core-columns-is-layout-9d6595d7 wp-block-columns-is-layout-flex\"><div class=\"container-md column  \">\n<div class=\"wp-block-column is-vertically-aligned-center is-layout-flow wp-block-column-is-layout-flow\" style=\"flex-basis:800px\"><div class=\"container media-text  alignwide\">\n<div class=\"wp-block-media-text alignwide has-media-on-the-right is-stacked-on-mobile is-vertically-aligned-center\" style=\"grid-template-columns:auto 46%\"><div class=\"wp-block-media-text__content\"><div class=\"container-md heading  \">\n<h2 class=\"wp-block-heading\">Nutzen Sie das volle Potenzial Ihrer Produkte<\/h2>\n<\/div>\n\n<div class=\"container-md paragraph  \">\n<p>Damit Sie m\u00f6glichst effizient mit unseren Produkten und L\u00f6sungen arbeiten k\u00f6nnen, halten wir j\u00e4hrlich mehrere (Produkt)- Schulungen ab \u2013 individuell auf den Wissensstand der Teilnehmer zugeschnitten. Sie sind sehr herzlich dazu eingeladen!<\/p>\n<\/div><\/div><figure class=\"wp-block-media-text__media\"><img loading=\"lazy\" decoding=\"async\" width=\"600\" height=\"450\" src=\"https:\/\/www.novotek.com\/at\/wp-content\/uploads\/sites\/13\/schulungsraum_600x600-e1658732007102.jpg\" alt=\"\" class=\"wp-image-7942 size-full\" srcset=\"https:\/\/www.novotek.com\/at\/wp-content\/uploads\/sites\/13\/schulungsraum_600x600-e1658732007102.jpg 600w, https:\/\/www.novotek.com\/at\/wp-content\/uploads\/sites\/13\/schulungsraum_600x600-e1658732007102-300x225.jpg 300w\" sizes=\"auto, (max-width: 600px) 100vw, 600px\" \/><\/figure><\/div>\n<\/div><\/div>\n<\/div><\/div>\n<\/div>\n\n<div class=\"container-md paragraph  alignleft\">\n<p class=\"has-text-align-left\">Sie haben in der Vergangenheit schlechte Erfahrungen mit Projekten von Dienstleistern gemacht? Anschlie\u00dfende \u00c4nderungen oder Erweiterungen waren umst\u00e4ndlich, zeitintensiv und kostspielig? Wir sehen uns nicht nur als reinen Dienstleister, sondern vielmehr als Ihr langfristiger Partner. Deshalb setzen wir auf praxisnahe Schulungen, die individuell auf die von uns entwickelten Programme abgestimmt sind. Nach Projektabschluss werden Sie und Ihre Kollegen gezielt geschult, sodass Sie in der Lage sind, die L\u00f6sungen eigenst\u00e4ndig zu betreuen und bei Bedarf selbstst\u00e4ndig zu erweitern. Damit schaffen wir Transparenz, f\u00f6rdern Unabh\u00e4ngigkeit und schlie\u00dfen teure Folgeprobleme von Anfang an aus.<\/p>\n<\/div>\n\n<div class=\"container-md paragraph  \">\n<p>So gewinnen Sie nicht nur ein leistungsf\u00e4higes System, sondern auch das n\u00f6tige Know-how, um es effizient und zukunftssicher weiterzuentwickeln. Unser Ziel ist es, Sie stark und unabh\u00e4ngig zu machen \u2013 mit durchdachter Technik und fundierten Schulungen aus erster Hand.<\/p>\n<\/div>\n\n<div class=\"container-md spacer  \">\n<div style=\"height:50px\" aria-hidden=\"true\" class=\"wp-block-spacer\"><\/div>\n<\/div><\/div>\n<\/div><\/div>\n\n<div class=\"container-md heading  \">\n<h2 class=\"wp-block-heading has-text-color has-link-color wp-elements-d5cc48844508801d56e3d537d42d5e1e\" style=\"color:#ab192d\"><a href=\"https:\/\/www.novotek.com\/at\/loesungen-produkte\/\">Unser Angebot<\/a> (Schulungen)<\/h2>\n<\/div>\n\n<div class=\"container-md list  \">\n<ul class=\"wp-block-list\"><div class=\"container-md list-item  \">\n<li>Individuell abgestimmte Produkt- und Themenschulungen<\/li>\n<\/div>\n\n<div class=\"container-md list-item  \">\n<li>J\u00e4hrliche Schulungsprogramme<\/li>\n<\/div>\n\n<div class=\"container-md list-item  \">\n<li>Training on the Job<\/li>\n<\/div>\n\n<div class=\"container-md list-item  \">\n<li>Weiterbildungsangebote zu aktuellen Technologien und Trends<\/li>\n<\/div><\/ul>\n<\/div>\n\n<div class=\"container-md spacer  \">\n<div style=\"height:30px\" aria-hidden=\"true\" class=\"wp-block-spacer\"><\/div>\n<\/div>\n\n<div class=\"cta-block\">\n  <div class=\"container\">\n          <h2><\/br>Lassen Sie uns mehr erz\u00e4hlen!<\/h2>\n    \n          <div><p>Profitieren Sie von unserem Expertenwissen und holen Sie sich bei uns die Informationen<br \/>\nzur digitalen Transformation, der Automatisierung oder der industriellen IT.<\/p>\n<\/div>\n    \n          <a class=\"btn btn-primary\" href=\"https:\/\/www.novotek.com\/at\/kontakt\/\">Kontaktieren Sie uns<\/a>\n      <\/div>\n<\/div>\n","protected":false},"excerpt":{"rendered":"<p>Damit Sie m\u00f6glichst effizient mit unseren Produkten und L\u00f6sungen arbeiten k\u00f6nnen, halten wir j\u00e4hrlich mehrere Produktschulungen ab.<\/p>\n","protected":false},"author":15,"featured_media":21951,"parent":8180,"menu_order":3,"comment_status":"closed","ping_status":"closed","template":"","meta":{"_acf_changed":false,"_relevanssi_hide_post":"","_relevanssi_pin_for_all":"","_relevanssi_pin_keywords":"","_relevanssi_unpin_keywords":"","_relevanssi_related_keywords":"","_relevanssi_related_include_ids":"","_relevanssi_related_exclude_ids":"","_relevanssi_related_no_append":"","_relevanssi_related_not_related":"","_relevanssi_related_posts":"3195,3216,3200,3220,3208","_relevanssi_noindex_reason":"","footnotes":""},"class_list":["post-8277","page","type-page","status-publish","has-post-thumbnail","hentry"],"acf":[],"yoast_head":"<!-- This site is optimized with the Yoast SEO plugin v27.4 - https:\/\/yoast.com\/product\/yoast-seo-wordpress\/ -->\n<title>Schulungen - Holen Sie das Beste aus Ihren Produkten<\/title>\n<meta name=\"description\" content=\"Lernen Sie Ihre Produkte besser kennen und optimieren Sie damit deren Nutzen in Ihre Produktion. Bei uns finden Sie die passenden Schulungen.\" \/>\n<meta name=\"robots\" content=\"index, follow, max-snippet:-1, max-image-preview:large, max-video-preview:-1\" \/>\n<link rel=\"canonical\" href=\"https:\/\/www.novotek.com\/at\/dienstleistungen\/schulung\/\" \/>\n<meta property=\"og:locale\" content=\"de_DE\" \/>\n<meta property=\"og:type\" content=\"article\" \/>\n<meta property=\"og:title\" content=\"Schulungen - Holen Sie das Beste aus Ihren Produkten\" \/>\n<meta property=\"og:description\" content=\"Lernen Sie Ihre Produkte besser kennen und optimieren Sie damit deren Nutzen in Ihre Produktion. Bei uns finden Sie die passenden Schulungen.\" \/>\n<meta property=\"og:url\" content=\"https:\/\/www.novotek.com\/at\/dienstleistungen\/schulung\/\" \/>\n<meta property=\"og:site_name\" content=\"Novotek Austria\" \/>\n<meta property=\"article:modified_time\" content=\"2025-08-18T13:00:40+00:00\" \/>\n<meta property=\"og:image\" content=\"https:\/\/www.novotek.com\/at\/wp-content\/uploads\/sites\/13\/Schulung.jpg.webp\" \/>\n\t<meta property=\"og:image:width\" content=\"2250\" \/>\n\t<meta property=\"og:image:height\" content=\"1500\" \/>\n\t<meta property=\"og:image:type\" content=\"image\/jpeg\" \/>\n<meta name=\"twitter:card\" content=\"summary_large_image\" \/>\n<meta name=\"twitter:label1\" content=\"Gesch\u00e4tzte Lesezeit\" \/>\n\t<meta name=\"twitter:data1\" content=\"2\u00a0Minuten\" \/>\n<script type=\"application\/ld+json\" class=\"yoast-schema-graph\">{\"@context\":\"https:\\\/\\\/schema.org\",\"@graph\":[{\"@type\":\"WebPage\",\"@id\":\"https:\\\/\\\/www.novotek.com\\\/at\\\/dienstleistungen\\\/schulung\\\/\",\"url\":\"https:\\\/\\\/www.novotek.com\\\/at\\\/dienstleistungen\\\/schulung\\\/\",\"name\":\"Schulungen - Holen Sie das Beste aus Ihren Produkten\",\"isPartOf\":{\"@id\":\"https:\\\/\\\/www.novotek.com\\\/at\\\/#website\"},\"primaryImageOfPage\":{\"@id\":\"https:\\\/\\\/www.novotek.com\\\/at\\\/dienstleistungen\\\/schulung\\\/#primaryimage\"},\"image\":{\"@id\":\"https:\\\/\\\/www.novotek.com\\\/at\\\/dienstleistungen\\\/schulung\\\/#primaryimage\"},\"thumbnailUrl\":\"https:\\\/\\\/www.novotek.com\\\/at\\\/wp-content\\\/uploads\\\/sites\\\/13\\\/Schulung.jpg.webp\",\"datePublished\":\"2022-07-15T09:18:17+00:00\",\"dateModified\":\"2025-08-18T13:00:40+00:00\",\"description\":\"Lernen Sie Ihre Produkte besser kennen und optimieren Sie damit deren Nutzen in Ihre Produktion. Bei uns finden Sie die passenden Schulungen.\",\"breadcrumb\":{\"@id\":\"https:\\\/\\\/www.novotek.com\\\/at\\\/dienstleistungen\\\/schulung\\\/#breadcrumb\"},\"inLanguage\":\"de-CH\",\"potentialAction\":[{\"@type\":\"ReadAction\",\"target\":[\"https:\\\/\\\/www.novotek.com\\\/at\\\/dienstleistungen\\\/schulung\\\/\"]}]},{\"@type\":\"ImageObject\",\"inLanguage\":\"de-CH\",\"@id\":\"https:\\\/\\\/www.novotek.com\\\/at\\\/dienstleistungen\\\/schulung\\\/#primaryimage\",\"url\":\"https:\\\/\\\/www.novotek.com\\\/at\\\/wp-content\\\/uploads\\\/sites\\\/13\\\/Schulung.jpg.webp\",\"contentUrl\":\"https:\\\/\\\/www.novotek.com\\\/at\\\/wp-content\\\/uploads\\\/sites\\\/13\\\/Schulung.jpg.webp\",\"width\":2250,\"height\":1500},{\"@type\":\"BreadcrumbList\",\"@id\":\"https:\\\/\\\/www.novotek.com\\\/at\\\/dienstleistungen\\\/schulung\\\/#breadcrumb\",\"itemListElement\":[{\"@type\":\"ListItem\",\"position\":1,\"name\":\"Home\",\"item\":\"https:\\\/\\\/www.novotek.com\\\/at\\\/\"},{\"@type\":\"ListItem\",\"position\":2,\"name\":\"Dienstleistungen\",\"item\":\"https:\\\/\\\/www.novotek.com\\\/at\\\/dienstleistungen\\\/\"},{\"@type\":\"ListItem\",\"position\":3,\"name\":\"Schulung\"}]},{\"@type\":\"WebSite\",\"@id\":\"https:\\\/\\\/www.novotek.com\\\/at\\\/#website\",\"url\":\"https:\\\/\\\/www.novotek.com\\\/at\\\/\",\"name\":\"Novotek Switzerland\",\"description\":\"Connect - Digitalize - Optimize\",\"potentialAction\":[{\"@type\":\"SearchAction\",\"target\":{\"@type\":\"EntryPoint\",\"urlTemplate\":\"https:\\\/\\\/www.novotek.com\\\/at\\\/?s={search_term_string}\"},\"query-input\":{\"@type\":\"PropertyValueSpecification\",\"valueRequired\":true,\"valueName\":\"search_term_string\"}}],\"inLanguage\":\"de-CH\"}]}<\/script>\n<!-- \/ Yoast SEO plugin. -->","yoast_head_json":{"title":"Schulungen - Holen Sie das Beste aus Ihren Produkten","description":"Lernen Sie Ihre Produkte besser kennen und optimieren Sie damit deren Nutzen in Ihre Produktion. Bei uns finden Sie die passenden Schulungen.","robots":{"index":"index","follow":"follow","max-snippet":"max-snippet:-1","max-image-preview":"max-image-preview:large","max-video-preview":"max-video-preview:-1"},"canonical":"https:\/\/www.novotek.com\/at\/dienstleistungen\/schulung\/","og_locale":"de_DE","og_type":"article","og_title":"Schulungen - Holen Sie das Beste aus Ihren Produkten","og_description":"Lernen Sie Ihre Produkte besser kennen und optimieren Sie damit deren Nutzen in Ihre Produktion. Bei uns finden Sie die passenden Schulungen.","og_url":"https:\/\/www.novotek.com\/at\/dienstleistungen\/schulung\/","og_site_name":"Novotek Austria","article_modified_time":"2025-08-18T13:00:40+00:00","og_image":[{"width":2250,"height":1500,"url":"https:\/\/www.novotek.com\/at\/wp-content\/uploads\/sites\/13\/Schulung.jpg.webp","type":"image\/jpeg"}],"twitter_card":"summary_large_image","twitter_misc":{"Gesch\u00e4tzte Lesezeit":"2\u00a0Minuten"},"schema":{"@context":"https:\/\/schema.org","@graph":[{"@type":"WebPage","@id":"https:\/\/www.novotek.com\/at\/dienstleistungen\/schulung\/","url":"https:\/\/www.novotek.com\/at\/dienstleistungen\/schulung\/","name":"Schulungen - Holen Sie das Beste aus Ihren Produkten","isPartOf":{"@id":"https:\/\/www.novotek.com\/at\/#website"},"primaryImageOfPage":{"@id":"https:\/\/www.novotek.com\/at\/dienstleistungen\/schulung\/#primaryimage"},"image":{"@id":"https:\/\/www.novotek.com\/at\/dienstleistungen\/schulung\/#primaryimage"},"thumbnailUrl":"https:\/\/www.novotek.com\/at\/wp-content\/uploads\/sites\/13\/Schulung.jpg.webp","datePublished":"2022-07-15T09:18:17+00:00","dateModified":"2025-08-18T13:00:40+00:00","description":"Lernen Sie Ihre Produkte besser kennen und optimieren Sie damit deren Nutzen in Ihre Produktion. Bei uns finden Sie die passenden Schulungen.","breadcrumb":{"@id":"https:\/\/www.novotek.com\/at\/dienstleistungen\/schulung\/#breadcrumb"},"inLanguage":"de-CH","potentialAction":[{"@type":"ReadAction","target":["https:\/\/www.novotek.com\/at\/dienstleistungen\/schulung\/"]}]},{"@type":"ImageObject","inLanguage":"de-CH","@id":"https:\/\/www.novotek.com\/at\/dienstleistungen\/schulung\/#primaryimage","url":"https:\/\/www.novotek.com\/at\/wp-content\/uploads\/sites\/13\/Schulung.jpg.webp","contentUrl":"https:\/\/www.novotek.com\/at\/wp-content\/uploads\/sites\/13\/Schulung.jpg.webp","width":2250,"height":1500},{"@type":"BreadcrumbList","@id":"https:\/\/www.novotek.com\/at\/dienstleistungen\/schulung\/#breadcrumb","itemListElement":[{"@type":"ListItem","position":1,"name":"Home","item":"https:\/\/www.novotek.com\/at\/"},{"@type":"ListItem","position":2,"name":"Dienstleistungen","item":"https:\/\/www.novotek.com\/at\/dienstleistungen\/"},{"@type":"ListItem","position":3,"name":"Schulung"}]},{"@type":"WebSite","@id":"https:\/\/www.novotek.com\/at\/#website","url":"https:\/\/www.novotek.com\/at\/","name":"Novotek Switzerland","description":"Connect - Digitalize - Optimize","potentialAction":[{"@type":"SearchAction","target":{"@type":"EntryPoint","urlTemplate":"https:\/\/www.novotek.com\/at\/?s={search_term_string}"},"query-input":{"@type":"PropertyValueSpecification","valueRequired":true,"valueName":"search_term_string"}}],"inLanguage":"de-CH"}]}},"_links":{"self":[{"href":"https:\/\/www.novotek.com\/at\/wp-json\/wp\/v2\/pages\/8277","targetHints":{"allow":["GET"]}}],"collection":[{"href":"https:\/\/www.novotek.com\/at\/wp-json\/wp\/v2\/pages"}],"about":[{"href":"https:\/\/www.novotek.com\/at\/wp-json\/wp\/v2\/types\/page"}],"author":[{"embeddable":true,"href":"https:\/\/www.novotek.com\/at\/wp-json\/wp\/v2\/users\/15"}],"replies":[{"embeddable":true,"href":"https:\/\/www.novotek.com\/at\/wp-json\/wp\/v2\/comments?post=8277"}],"version-history":[{"count":54,"href":"https:\/\/www.novotek.com\/at\/wp-json\/wp\/v2\/pages\/8277\/revisions"}],"predecessor-version":[{"id":25859,"href":"https:\/\/www.novotek.com\/at\/wp-json\/wp\/v2\/pages\/8277\/revisions\/25859"}],"up":[{"embeddable":true,"href":"https:\/\/www.novotek.com\/at\/wp-json\/wp\/v2\/pages\/8180"}],"wp:featuredmedia":[{"embeddable":true,"href":"https:\/\/www.novotek.com\/at\/wp-json\/wp\/v2\/media\/21951"}],"wp:attachment":[{"href":"https:\/\/www.novotek.com\/at\/wp-json\/wp\/v2\/media?parent=8277"}],"curies":[{"name":"wp","href":"https:\/\/api.w.org\/{rel}","templated":true}]}}