{"id":8283,"date":"2022-07-15T09:20:54","date_gmt":"2022-07-15T09:20:54","guid":{"rendered":"http:\/\/ch.novotek-multi.dev4.mildmedia-dev.eu\/?page_id=8283"},"modified":"2023-12-07T10:00:20","modified_gmt":"2023-12-07T10:00:20","slug":"proficy-batch-execution","status":"publish","type":"page","link":"https:\/\/www.novotek.com\/at\/hmi-scada\/proficy-batch-execution\/","title":{"rendered":"Proficy Batch Execution"},"content":{"rendered":"  <div class=\"hero\">\n    <div class=\"carousel hero-slider small\" data-flickity data-flickity-options='{\"prevNextButtons\": false}'>\n              <div class=\"carousel-cell\">\n          <div class=\"container\">\n            <div class=\"hero-content\">\n                              <h1>Proficy Batch Execution<\/h1>\n<p>Die komplette Automatisierungsl\u00f6sung, die speziell f\u00fcr die Chargenproduktion entwickelt wurde.<\/p>\n              \n                          <\/div>\n          <\/div>\n\n          <img decoding=\"async\" width=\"1024\" height=\"320\" src=\"https:\/\/www.novotek.com\/at\/wp-content\/uploads\/sites\/13\/Novotek_batchexecution-1024x320.jpg.webp\" class=\"hero-bg\" alt=\"Hero Img\" fetchpriority=\"high\" srcset=\"https:\/\/www.novotek.com\/at\/wp-content\/uploads\/sites\/13\/Novotek_batchexecution-1024x320.jpg.webp 1024w, https:\/\/www.novotek.com\/at\/wp-content\/uploads\/sites\/13\/Novotek_batchexecution-300x94.jpg.webp 300w, https:\/\/www.novotek.com\/at\/wp-content\/uploads\/sites\/13\/Novotek_batchexecution-768x240.jpg.webp 768w, https:\/\/www.novotek.com\/at\/wp-content\/uploads\/sites\/13\/Novotek_batchexecution-1536x480.jpg.webp 1536w, https:\/\/www.novotek.com\/at\/wp-content\/uploads\/sites\/13\/Novotek_batchexecution.jpg.webp 1920w\" sizes=\"(max-width: 1024px) 100vw, 1024px\" \/>                  <\/div>\n          <\/div>\n\n      <\/div>\n\n   \n\n\n<div class=\"container-md paragraph  \">\n<p>Sicherheit, Flexibilit\u00e4t und Benutzerfreundlichkeit sind entscheidende Funktionen, die Fertigungsunternehmen in ihren Batch-Management-Anwendungen ben\u00f6tigen.&nbsp;Proficy Batch Execution von GE Digital ist ein leistungsstarkes und&nbsp;<strong><a href=\"https:\/\/www.novotek.com\/at\/hmi-scada\/\">funktionsreiches SCADA-System<\/a><\/strong>&nbsp;f\u00fcr die Batch-Automatisierung.&nbsp;Die L\u00f6sung ist sowohl flexibel wie auch benutzerfreundlich und bietet Betreibern die M\u00f6glichkeit einer effizienten Verteilung der Daten \u2012 unabh\u00e4ngig von Ger\u00e4ten und Maschinen.<\/p>\n<\/div>\n\n<div class=\"container-md paragraph  \">\n<p>Proficy Batch Execution ist eine vollst\u00e4ndige Batch-L\u00f6sung f\u00fcr die Lebensmittel-, Konsumg\u00fcter-, Biowissenschafts- und chemische Industrie. Zu ihren Funktionen geh\u00f6ren die Datenerfassung, eine robuste Chargenverwaltung, \u00fcbersichtliche Prozessvisualisierungen und leistungsstarke Steuerungsfunktionen f\u00fcr die Verwaltung.&nbsp;<\/p>\n<\/div>\n\n<div class=\"container-md spacer  \">\n<div style=\"height:10px\" aria-hidden=\"true\" class=\"wp-block-spacer\"><\/div>\n<\/div>\n\n<div class=\"container-md heading  \">\n<h2 class=\"wp-block-heading\" id=\"h-sichere-batch-produktion-mit-proficy-batch-execution\">Sichere Batch-Produktion mit Proficy Batch Execution<\/h2>\n<\/div>\n\n<div class=\"container-md paragraph  \">\n<p>Erstellen Sie einfache und leistungsstarke Rezepte, ohne den SPS-Code zu ver\u00e4ndern. So entwickeln, planen und setzen Sie verschiedene Rezepte mit Ablaufvariationen um.&nbsp;Die Softwarel\u00f6sung bietet Ihnen Zugang zu einer effizienten Chargenentwicklungsplattform, auf der Sie Ger\u00e4te und Maschinen einfach modellieren k\u00f6nnen: F\u00fcgen Sie Ger\u00e4tepfade, Ger\u00e4tepriorit\u00e4t und -status hinzu und steuern Sie wiederverwendbare Komponenten aus Rezepten.&nbsp;<\/p>\n<\/div>\n\n<div class=\"container-md paragraph  \">\n<p>Sie erreichen damit eine verbesserte Produktqualit\u00e4t, weniger Ausf\u00e4lle, reduzierte Kosten, schnellere Produktion, weniger menschliche Fehler und einen konsistenteren Betrieb.&nbsp;Die L\u00f6sung ist speziell an beh\u00f6rdliche Anforderungen angepasst und unterst\u00fctzt 21 CRF Part 11.<\/p>\n<\/div>\n\n<div class=\"container media-text  alignwide\">\n<div class=\"wp-block-media-text alignwide is-stacked-on-mobile\" style=\"grid-template-columns:40% auto\"><figure class=\"wp-block-media-text__media\"><img decoding=\"async\" src=\"https:\/\/www.novotek.com\/at\/wp-content\/uploads\/sites\/13\/GEdigital_batchexecution_operatorview.jpg\" alt=\"Proficy Batch Execution\" class=\"wp-image-8593 size-full\" \/><\/figure><div class=\"wp-block-media-text__content\"><div class=\"container-md heading  \">\n<h3 class=\"wp-block-heading\" id=\"h-ein-intuitiver-einblick-in-die-produktion\">Ein intuitiver Einblick in die Produktion<\/h3>\n<\/div>\n\n<div class=\"container-md paragraph  \">\n<p>Die Chargenvisualisierung kann in den HMI \/ SCADA-Monitor integriert werden.&nbsp;Die Anwenderschnittstelle stellt Ihnen die Anzeige f\u00fcr Prozeduren in einem sequenziellen Funktionsdiagramm (SFD), einer Tabelle oder einem Ereignisprotokoll zur Verf\u00fcgung.&nbsp;Arbeitsanweisungen geben dem Anwender eine schrittweise Batch-Ausf\u00fchrung.&nbsp;Dar\u00fcber hinaus erm\u00f6glicht Ihnen der Campaign Manager eine automatische Stapelplanung.<\/p>\n<\/div><\/div><\/div>\n<\/div>\n\n<div class=\"container media-text  alignwide\">\n<div class=\"wp-block-media-text alignwide has-media-on-the-right is-stacked-on-mobile\" style=\"grid-template-columns:auto 40%\"><div class=\"wp-block-media-text__content\"><div class=\"container-md heading  \">\n<h3 class=\"wp-block-heading\" id=\"h-einfache-integration-und-zugriff\">Einfache Integration und Zugriff<\/h3>\n<\/div>\n\n<div class=\"container-md paragraph  \">\n<p>Verbinden Sie sich nahtlos mit Ihrem bestehenden HMI-\/SCADA- oder MES-\/ERP-System f\u00fcr eine noch leistungsf\u00e4higere Datenerfassung und Verwaltung.&nbsp;Mit der grafischen Benutzeroberfl\u00e4che und Navigation ist die L\u00f6sung einfach zu bedienen.&nbsp;Der Zugriff ist sowohl von PC wie auch Smartphone oder Tablet m\u00f6glich.&nbsp;<\/p>\n<\/div><\/div><figure class=\"wp-block-media-text__media\"><img decoding=\"async\" src=\"https:\/\/www.novotek.com\/at\/wp-content\/uploads\/sites\/13\/Gedigital_batchexecution_opensolution.png\" alt=\"Sichere Batch-Produktion mit Proficy Batch Execution\" class=\"wp-image-8597 size-full\" \/><\/figure><\/div>\n<\/div>\n\n<div class=\"container-md heading  \">\n<h2 class=\"wp-block-heading\" id=\"h-visualisierung-mit-rest-apis\">Visualisierung mit REST-APIs<\/h2>\n<\/div>\n\n<div class=\"container-md paragraph  \">\n<p>Proficy Batch Execution kann in REST-APIs integriert werden. Mit der modernen Benutzeroberfl\u00e4che&nbsp;haben Sie Rezeptverwaltungen, Stapelausf\u00fchrungen und elektronische Arbeitsanweisungen immer im Blick und verbessern damit die Reaktionszeiten der Anwender.&nbsp;<\/p>\n<\/div>\n\n<div class=\"container-md spacer  \">\n<div style=\"height:25px\" aria-hidden=\"true\" class=\"wp-block-spacer\"><\/div>\n<\/div>\n\n<div class=\"container-md embed  \">\n<figure class=\"wp-block-embed is-type-video is-provider-youtube wp-block-embed-youtube wp-embed-aspect-16-9 wp-has-aspect-ratio\"><div class=\"wp-block-embed__wrapper\">\n<iframe loading=\"lazy\" title=\"Proficy Operations Hub:  Modern Batch Execution\" width=\"1440\" height=\"810\" src=\"https:\/\/www.youtube.com\/embed\/GcY3ibUuDlc?feature=oembed\" frameborder=\"0\" allow=\"accelerometer; autoplay; clipboard-write; encrypted-media; gyroscope; picture-in-picture; web-share\" allowfullscreen><\/iframe>\n<\/div><\/figure>\n<\/div>\n\n<div class=\"container-md spacer  \">\n<div style=\"height:11px\" aria-hidden=\"true\" class=\"wp-block-spacer\"><\/div>\n<\/div>\n\n<div class=\"container-md heading  \">\n<h3 class=\"wp-block-heading\" id=\"h-merkmale\">Merkmale<\/h3>\n<\/div>\n\n<div class=\"container-md list  \">\n<ul class=\"wp-block-list\"><div class=\"container-md list-item  \">\n<li>Entwickeln, planen und f\u00fchren Sie verschiedene Rezepte aus, ohne \u00c4nderung des SPS-Codes.<\/li>\n<\/div>\n\n<div class=\"container-md list-item  \">\n<li>Modellieren und verwalten Sie Ausr\u00fcstungen: F\u00fcgen Sie Ausr\u00fcstungspfade, Ausr\u00fcstungspriorit\u00e4t und -status hinzu und erstellen und verwalten Sie wiederverwendbare Rezepte.&nbsp;<\/li>\n<\/div>\n\n<div class=\"container-md list-item  \">\n<li>Basierend auf dem S88-Modell.<\/li>\n<\/div>\n\n<div class=\"container-md list-item  \">\n<li>Angepasst an beh\u00f6rdliche Auflagen.&nbsp;Unterst\u00fctzt 21 CFR Part 11.&nbsp;<\/li>\n<\/div>\n\n<div class=\"container-md list-item  \">\n<li>Nahtlose Integration mit HMI\/SCADA, MES\/ERP und SPS.&nbsp;<\/li>\n<\/div>\n\n<div class=\"container-md list-item  \">\n<li>Flexible Kundenoptionen.&nbsp;<\/li>\n<\/div>\n\n<div class=\"container-md list-item  \">\n<li>Kann mit REST-APIs verbunden werden.&nbsp;<\/li>\n<\/div>\n\n<div class=\"container-md list-item  \">\n<li>Visualisierung mit Proficy Operations Hub.<\/li>\n<\/div>\n\n<div class=\"container-md list-item  \">\n<li>Grafische Benutzeroberfl\u00e4che und Navigation.&nbsp;<\/li>\n<\/div>\n\n<div class=\"container-md list-item  \">\n<li>Zugriff von PC, Smartphone oder Tablet.<\/li>\n<\/div><\/ul>\n<\/div>\n\n<div class=\"container-md spacer  \">\n<div style=\"height:30px\" aria-hidden=\"true\" class=\"wp-block-spacer\"><\/div>\n<\/div>\n\n<div class=\"container-md heading  \">\n<h2 class=\"wp-block-heading\" id=\"h-eine-chargenspezifische-hmi-scada-losung-aus-der-proficy-familie\">Eine chargenspezifische HMI\/SCADA-L\u00f6sung aus der Proficy-Familie<\/h2>\n<\/div>\n\n<div class=\"container-md paragraph  \">\n<p>Proficy Batch Execution wurde speziell f\u00fcr Unternehmen entwickelt, die chargenweise Lebensmittel und andere Konsumg\u00fcter produzieren.<\/p>\n<\/div>\n\n<div class=\"container-md paragraph  \">\n<p>Die L\u00f6sung wird von GE Digital bereitgestellt, einem weltweit f\u00fchrenden Anbieter von Systeml\u00f6sungen f\u00fcr die industrielle Automatisierung und Digitalisierung.<\/p>\n<\/div>\n\n<div class=\"container-md paragraph  \">\n<p><strong><a href=\"https:\/\/www.ge.com\/digital\/applications\/hmi-scada\/batch-execution\" target=\"_blank\" rel=\"noreferrer noopener\">Lesen Sie mehr \u00fcber Proficy Batch Execution.<\/a><\/strong><\/p>\n<\/div>\n\n<div class=\"container-md paragraph  \">\n<p>Novotek ist seit \u00fcber 35 Jahren Anbieter von HMI\/SCADA-L\u00f6sungen.&nbsp;Unsere Experten helfen Ihnen, den optimalen Weg zur Implementierung von Proficy Batch Execution in Ihrem Unternehmen zu finden.<\/p>\n<\/div>\n\n<div class=\"container-md spacer  \">\n<div style=\"height:100px\" aria-hidden=\"true\" class=\"wp-block-spacer\"><\/div>\n<\/div>","protected":false},"excerpt":{"rendered":"<p>Proficy Batch Execution ist eine komplette Automatisierungsl\u00f6sung, die speziell f\u00fcr die Chargenproduktion entwickelt wurde.<\/p>\n","protected":false},"author":35,"featured_media":0,"parent":8269,"menu_order":4,"comment_status":"closed","ping_status":"closed","template":"","meta":{"_acf_changed":false,"_relevanssi_hide_post":"","_relevanssi_pin_for_all":"","_relevanssi_pin_keywords":"","_relevanssi_unpin_keywords":"","_relevanssi_related_keywords":"","_relevanssi_related_include_ids":"","_relevanssi_related_exclude_ids":"","_relevanssi_related_no_append":"","_relevanssi_related_not_related":"","_relevanssi_related_posts":"6233,6182,3195,6198,6214,3216","_relevanssi_noindex_reason":"","footnotes":""},"class_list":["post-8283","page","type-page","status-publish","hentry"],"acf":[],"yoast_head":"<!-- This site is optimized with the Yoast SEO plugin v27.3 - https:\/\/yoast.com\/product\/yoast-seo-wordpress\/ -->\n<title>Proficy Batch Execution - Novotek Austria<\/title>\n<meta name=\"description\" content=\"Proficy Batch Execution ist eine komplette Automatisierungsl\u00f6sung, die speziell f\u00fcr die Chargenproduktion entwickelt wurde.\" \/>\n<meta name=\"robots\" content=\"index, follow, max-snippet:-1, max-image-preview:large, max-video-preview:-1\" \/>\n<link rel=\"canonical\" href=\"https:\/\/www.novotek.com\/at\/hmi-scada\/proficy-batch-execution\/\" \/>\n<meta property=\"og:locale\" content=\"de_DE\" \/>\n<meta property=\"og:type\" content=\"article\" \/>\n<meta property=\"og:title\" content=\"Proficy Batch Execution - Novotek Austria\" \/>\n<meta property=\"og:description\" content=\"Proficy Batch Execution ist eine komplette Automatisierungsl\u00f6sung, die speziell f\u00fcr die Chargenproduktion entwickelt wurde.\" \/>\n<meta property=\"og:url\" content=\"https:\/\/www.novotek.com\/at\/hmi-scada\/proficy-batch-execution\/\" \/>\n<meta property=\"og:site_name\" content=\"Novotek Austria\" \/>\n<meta property=\"article:modified_time\" content=\"2023-12-07T10:00:20+00:00\" \/>\n<meta property=\"og:image\" content=\"https:\/\/www.novotek.com\/at\/wp-content\/uploads\/sites\/13\/GEdigital_batchexecution_operatorview.jpg\" \/>\n<meta name=\"twitter:card\" content=\"summary_large_image\" \/>\n<meta name=\"twitter:label1\" content=\"Gesch\u00e4tzte Lesezeit\" \/>\n\t<meta name=\"twitter:data1\" content=\"3\u00a0Minuten\" \/>\n<script type=\"application\/ld+json\" class=\"yoast-schema-graph\">{\"@context\":\"https:\\\/\\\/schema.org\",\"@graph\":[{\"@type\":\"WebPage\",\"@id\":\"https:\\\/\\\/www.novotek.com\\\/at\\\/hmi-scada\\\/proficy-batch-execution\\\/\",\"url\":\"https:\\\/\\\/www.novotek.com\\\/at\\\/hmi-scada\\\/proficy-batch-execution\\\/\",\"name\":\"Proficy Batch Execution - Novotek Austria\",\"isPartOf\":{\"@id\":\"https:\\\/\\\/www.novotek.com\\\/at\\\/#website\"},\"primaryImageOfPage\":{\"@id\":\"https:\\\/\\\/www.novotek.com\\\/at\\\/hmi-scada\\\/proficy-batch-execution\\\/#primaryimage\"},\"image\":{\"@id\":\"https:\\\/\\\/www.novotek.com\\\/at\\\/hmi-scada\\\/proficy-batch-execution\\\/#primaryimage\"},\"thumbnailUrl\":\"https:\\\/\\\/www.novotek.com\\\/at\\\/wp-content\\\/uploads\\\/sites\\\/13\\\/GEdigital_batchexecution_operatorview.jpg\",\"datePublished\":\"2022-07-15T09:20:54+00:00\",\"dateModified\":\"2023-12-07T10:00:20+00:00\",\"description\":\"Proficy Batch Execution ist eine komplette Automatisierungsl\u00f6sung, die speziell f\u00fcr die Chargenproduktion entwickelt wurde.\",\"breadcrumb\":{\"@id\":\"https:\\\/\\\/www.novotek.com\\\/at\\\/hmi-scada\\\/proficy-batch-execution\\\/#breadcrumb\"},\"inLanguage\":\"de-CH\",\"potentialAction\":[{\"@type\":\"ReadAction\",\"target\":[\"https:\\\/\\\/www.novotek.com\\\/at\\\/hmi-scada\\\/proficy-batch-execution\\\/\"]}]},{\"@type\":\"ImageObject\",\"inLanguage\":\"de-CH\",\"@id\":\"https:\\\/\\\/www.novotek.com\\\/at\\\/hmi-scada\\\/proficy-batch-execution\\\/#primaryimage\",\"url\":\"\",\"contentUrl\":\"\"},{\"@type\":\"BreadcrumbList\",\"@id\":\"https:\\\/\\\/www.novotek.com\\\/at\\\/hmi-scada\\\/proficy-batch-execution\\\/#breadcrumb\",\"itemListElement\":[{\"@type\":\"ListItem\",\"position\":1,\"name\":\"Home\",\"item\":\"https:\\\/\\\/www.novotek.com\\\/at\\\/\"},{\"@type\":\"ListItem\",\"position\":2,\"name\":\"HMI \\\/ SCADA\",\"item\":\"https:\\\/\\\/www.novotek.com\\\/at\\\/hmi-scada\\\/\"},{\"@type\":\"ListItem\",\"position\":3,\"name\":\"Proficy Batch Execution\"}]},{\"@type\":\"WebSite\",\"@id\":\"https:\\\/\\\/www.novotek.com\\\/at\\\/#website\",\"url\":\"https:\\\/\\\/www.novotek.com\\\/at\\\/\",\"name\":\"Novotek Switzerland\",\"description\":\"Connect - Digitalize - Optimize\",\"potentialAction\":[{\"@type\":\"SearchAction\",\"target\":{\"@type\":\"EntryPoint\",\"urlTemplate\":\"https:\\\/\\\/www.novotek.com\\\/at\\\/?s={search_term_string}\"},\"query-input\":{\"@type\":\"PropertyValueSpecification\",\"valueRequired\":true,\"valueName\":\"search_term_string\"}}],\"inLanguage\":\"de-CH\"}]}<\/script>\n<!-- \/ Yoast SEO plugin. -->","yoast_head_json":{"title":"Proficy Batch Execution - Novotek Austria","description":"Proficy Batch Execution ist eine komplette Automatisierungsl\u00f6sung, die speziell f\u00fcr die Chargenproduktion entwickelt wurde.","robots":{"index":"index","follow":"follow","max-snippet":"max-snippet:-1","max-image-preview":"max-image-preview:large","max-video-preview":"max-video-preview:-1"},"canonical":"https:\/\/www.novotek.com\/at\/hmi-scada\/proficy-batch-execution\/","og_locale":"de_DE","og_type":"article","og_title":"Proficy Batch Execution - Novotek Austria","og_description":"Proficy Batch Execution ist eine komplette Automatisierungsl\u00f6sung, die speziell f\u00fcr die Chargenproduktion entwickelt wurde.","og_url":"https:\/\/www.novotek.com\/at\/hmi-scada\/proficy-batch-execution\/","og_site_name":"Novotek Austria","article_modified_time":"2023-12-07T10:00:20+00:00","og_image":[{"url":"https:\/\/www.novotek.com\/at\/wp-content\/uploads\/sites\/13\/GEdigital_batchexecution_operatorview.jpg","type":"","width":"","height":""}],"twitter_card":"summary_large_image","twitter_misc":{"Gesch\u00e4tzte Lesezeit":"3\u00a0Minuten"},"schema":{"@context":"https:\/\/schema.org","@graph":[{"@type":"WebPage","@id":"https:\/\/www.novotek.com\/at\/hmi-scada\/proficy-batch-execution\/","url":"https:\/\/www.novotek.com\/at\/hmi-scada\/proficy-batch-execution\/","name":"Proficy Batch Execution - Novotek Austria","isPartOf":{"@id":"https:\/\/www.novotek.com\/at\/#website"},"primaryImageOfPage":{"@id":"https:\/\/www.novotek.com\/at\/hmi-scada\/proficy-batch-execution\/#primaryimage"},"image":{"@id":"https:\/\/www.novotek.com\/at\/hmi-scada\/proficy-batch-execution\/#primaryimage"},"thumbnailUrl":"https:\/\/www.novotek.com\/at\/wp-content\/uploads\/sites\/13\/GEdigital_batchexecution_operatorview.jpg","datePublished":"2022-07-15T09:20:54+00:00","dateModified":"2023-12-07T10:00:20+00:00","description":"Proficy Batch Execution ist eine komplette Automatisierungsl\u00f6sung, die speziell f\u00fcr die Chargenproduktion entwickelt wurde.","breadcrumb":{"@id":"https:\/\/www.novotek.com\/at\/hmi-scada\/proficy-batch-execution\/#breadcrumb"},"inLanguage":"de-CH","potentialAction":[{"@type":"ReadAction","target":["https:\/\/www.novotek.com\/at\/hmi-scada\/proficy-batch-execution\/"]}]},{"@type":"ImageObject","inLanguage":"de-CH","@id":"https:\/\/www.novotek.com\/at\/hmi-scada\/proficy-batch-execution\/#primaryimage","url":"","contentUrl":""},{"@type":"BreadcrumbList","@id":"https:\/\/www.novotek.com\/at\/hmi-scada\/proficy-batch-execution\/#breadcrumb","itemListElement":[{"@type":"ListItem","position":1,"name":"Home","item":"https:\/\/www.novotek.com\/at\/"},{"@type":"ListItem","position":2,"name":"HMI \/ SCADA","item":"https:\/\/www.novotek.com\/at\/hmi-scada\/"},{"@type":"ListItem","position":3,"name":"Proficy Batch Execution"}]},{"@type":"WebSite","@id":"https:\/\/www.novotek.com\/at\/#website","url":"https:\/\/www.novotek.com\/at\/","name":"Novotek Switzerland","description":"Connect - Digitalize - Optimize","potentialAction":[{"@type":"SearchAction","target":{"@type":"EntryPoint","urlTemplate":"https:\/\/www.novotek.com\/at\/?s={search_term_string}"},"query-input":{"@type":"PropertyValueSpecification","valueRequired":true,"valueName":"search_term_string"}}],"inLanguage":"de-CH"}]}},"_links":{"self":[{"href":"https:\/\/www.novotek.com\/at\/wp-json\/wp\/v2\/pages\/8283","targetHints":{"allow":["GET"]}}],"collection":[{"href":"https:\/\/www.novotek.com\/at\/wp-json\/wp\/v2\/pages"}],"about":[{"href":"https:\/\/www.novotek.com\/at\/wp-json\/wp\/v2\/types\/page"}],"author":[{"embeddable":true,"href":"https:\/\/www.novotek.com\/at\/wp-json\/wp\/v2\/users\/35"}],"replies":[{"embeddable":true,"href":"https:\/\/www.novotek.com\/at\/wp-json\/wp\/v2\/comments?post=8283"}],"version-history":[{"count":16,"href":"https:\/\/www.novotek.com\/at\/wp-json\/wp\/v2\/pages\/8283\/revisions"}],"predecessor-version":[{"id":19180,"href":"https:\/\/www.novotek.com\/at\/wp-json\/wp\/v2\/pages\/8283\/revisions\/19180"}],"up":[{"embeddable":true,"href":"https:\/\/www.novotek.com\/at\/wp-json\/wp\/v2\/pages\/8269"}],"wp:attachment":[{"href":"https:\/\/www.novotek.com\/at\/wp-json\/wp\/v2\/media?parent=8283"}],"curies":[{"name":"wp","href":"https:\/\/api.w.org\/{rel}","templated":true}]}}