{"id":15941,"date":"2025-02-17T16:44:52","date_gmt":"2025-02-17T15:44:52","guid":{"rendered":"https:\/\/www.novotek.com\/be\/soutien-en-dehors-des-heures-de-bureau\/"},"modified":"2025-02-17T16:46:45","modified_gmt":"2025-02-17T15:46:45","slug":"soutien-en-dehors-des-heures-de-bureau","status":"publish","type":"page","link":"https:\/\/www.novotek.com\/be\/fr\/soutien-en-dehors-des-heures-de-bureau\/","title":{"rendered":"Soutien en dehors des heures de bureau"},"content":{"rendered":"<div class=\"container-md heading  \">\n<h2 class=\"wp-block-heading\">Soutien en dehors des heures de bureau<\/h2>\n<\/div><div class=\"container-md paragraph  \">\n<p>En l&rsquo;absence d&rsquo;une assistance locale de Novotek &#8211; en dehors des heures de bureau, les week-ends et les jours f\u00e9ri\u00e9s &#8211; vous pouvez demander une assistance produit directement sur ces sites avec un contrat de maintenance valide du fournisseur respectif :<\/p>\n<\/div><div class=\"container-md paragraph  \">\n<p><strong>GE Vernova<\/strong><\/p>\n<\/div><div class=\"container-md paragraph  \">\n<p>Aller \u00e0 <a href=\"https:\/\/digitalsupport.ge.com\/s\/login\/?language=en_US&amp;ec=302&amp;startURL=%2Fs%2Farticle%2FSupported-Versions-Bulk-End-of-Support-Notification-for-Manufacturing-Product-Suite\">ttps:\/\/digitalsupport.ge.com\/s\/?language=en_US<\/a><\/p>\n<\/div><div class=\"container-md paragraph  \">\n<p><strong>AMDT<\/strong><\/p>\n<\/div><div class=\"container-md paragraph  \">\n<p><a href=\"https:\/\/eur03.safelinks.protection.outlook.com\/?url=https%3A%2F%2Fauvesy-mdt.atlassian.net%2Fservicedesk%2Fcustomer%2Fportal%2F20%2Fuser%2Flogin%3Fdestination%3Dportal%252F20&amp;data=05%7C02%7CKees.Lambregts%40novotek.com%7C68fd8ca406254f7fcdf308dd1eb4c23c%7C8d201d2f3e654bf2a14e10ae1fb575e4%7C0%7C0%7C638700483905442628%7CUnknown%7CTWFpbGZsb3d8eyJFbXB0eU1hcGkiOnRydWUsIlYiOiIwLjAuMDAwMCIsIlAiOiJXaW4zMiIsIkFOIjoiTWFpbCIsIldUIjoyfQ%3D%3D%7C0%7C%7C%7C&amp;sdata=pCKHfB7Jk8Bax9doOJKfy3d%2FENNV3lTJHFJFESvfiXM%3D&amp;reserved=0\">Aller \u00e0 https:\/\/auvesy-mdt.atlassian.net\/servicedesk\/customer\/portal\/20\/user\/login?destination=portal%2F20<\/a><\/p>\n<\/div><div class=\"container-md paragraph  \">\n<p><strong>PTC<\/strong><\/p>\n<\/div><div class=\"container-md paragraph  \">\n<p><a href=\"https:\/\/eur03.safelinks.protection.outlook.com\/?url=https%3A%2F%2Fsupport.ptc.com%2F&amp;data=05%7C02%7CKees.Lambregts%40novotek.com%7C68fd8ca406254f7fcdf308dd1eb4c23c%7C8d201d2f3e654bf2a14e10ae1fb575e4%7C0%7C0%7C638700483905490160%7CUnknown%7CTWFpbGZsb3d8eyJFbXB0eU1hcGkiOnRydWUsIlYiOiIwLjAuMDAwMCIsIlAiOiJXaW4zMiIsIkFOIjoiTWFpbCIsIldUIjoyfQ%3D%3D%7C0%7C%7C%7C&amp;sdata=GLMIDHkcRk01RbY1pA0vpCVxvU0QLKYQz2hRI7pDnX8%3D&amp;reserved=0\">Aller \u00e0 https:\/\/support.ptc.com<\/a><\/p>\n<\/div><div class=\"container-md paragraph  \">\n<p><strong>ROB-EX<\/strong><\/p>\n<\/div><div class=\"container-md paragraph  \">\n<p><a href=\"mailto:support@rob-ex.com\">Envoyer \u00e0 support@rob-ex.com<\/a><\/p>\n<\/div><div class=\"container-md paragraph  \">\n<p><strong>HIGHBYTE<\/strong><\/p>\n<\/div><div class=\"container-md paragraph  \">\n<p>Aller \u00e0 <a href=\"https:\/\/eur03.safelinks.protection.outlook.com\/?url=https%3A%2F%2Fguide.highbyte.com%2F&amp;data=05%7C02%7CKees.Lambregts%40novotek.com%7C68fd8ca406254f7fcdf308dd1eb4c23c%7C8d201d2f3e654bf2a14e10ae1fb575e4%7C0%7C0%7C638700483905529461%7CUnknown%7CTWFpbGZsb3d8eyJFbXB0eU1hcGkiOnRydWUsIlYiOiIwLjAuMDAwMCIsIlAiOiJXaW4zMiIsIkFOIjoiTWFpbCIsIldUIjoyfQ%3D%3D%7C0%7C%7C%7C&amp;sdata=0rUukRVAbIa84JR30JrLtFNo0Kx8Cf%2F2JoRQQ%2FLhNEQ%3D&amp;reserved=0\">https:\/\/guide.highbyte.com\/<\/a><\/p>\n<\/div><div class=\"container-md paragraph  \">\n<p><strong>EMERSON<\/strong><\/p>\n<\/div><div class=\"container-md paragraph  \">\n<p>Aller \u00e0 <a href=\"https:\/\/eur03.safelinks.protection.outlook.com\/?url=https%3A%2F%2Fwww.emerson.com%2Fnl-nl%2Fsupport&amp;data=05%7C02%7CKees.Lambregts%40novotek.com%7C68fd8ca406254f7fcdf308dd1eb4c23c%7C8d201d2f3e654bf2a14e10ae1fb575e4%7C0%7C0%7C638700483905564198%7CUnknown%7CTWFpbGZsb3d8eyJFbXB0eU1hcGkiOnRydWUsIlYiOiIwLjAuMDAwMCIsIlAiOiJXaW4zMiIsIkFOIjoiTWFpbCIsIldUIjoyfQ%3D%3D%7C0%7C%7C%7C&amp;sdata=5l2UYIFE%2F7ouHIfLO%2F%2Fs2xC1ON6VbaPKAtVWPnHRqGE%3D&amp;reserved=0\">https:\/\/www.emerson.com\/nl-nl\/support<\/a><\/p>\n<\/div><div class=\"container-md paragraph  \">\n<p><strong>INRAY<\/strong><\/p>\n<\/div><div class=\"container-md paragraph  \">\n<p><a href=\"mailto:support@inray.de\">Envoyer \u00e0 support@inray.de<\/a><\/p>\n<\/div><div class=\"container-md paragraph  \">\n<p><strong>SKKYNET<\/strong><\/p>\n<\/div><div class=\"container-md paragraph  \">\n<p><a href=\"https:\/\/eur03.safelinks.protection.outlook.com\/?url=https%3A%2F%2Fcogentdatahub.com%2Flibrary%2Ftechnical-resources%2F&amp;data=05%7C02%7CKees.Lambregts%40novotek.com%7C68fd8ca406254f7fcdf308dd1eb4c23c%7C8d201d2f3e654bf2a14e10ae1fb575e4%7C0%7C0%7C638700483905598460%7CUnknown%7CTWFpbGZsb3d8eyJFbXB0eU1hcGkiOnRydWUsIlYiOiIwLjAuMDAwMCIsIlAiOiJXaW4zMiIsIkFOIjoiTWFpbCIsIldUIjoyfQ%3D%3D%7C0%7C%7C%7C&amp;sdata=L9eEkpzDFL5O9qfZjrEBN8rnXGaRZHZUIjMC8h6DsEI%3D&amp;reserved=0\">Envoyer \u00e0 https:\/\/cogentdatahub.com\/library\/technical-resources\/<\/a><\/p>\n<\/div><div class=\"container-md paragraph  \">\n<p><strong>WIN-911<\/strong><\/p>\n<\/div><div class=\"container-md paragraph  \">\n<p>Aller \u00e0 <a href=\"https:\/\/eur03.safelinks.protection.outlook.com\/?url=https%3A%2F%2Fsupportdesk.win911.com%2Fs%2F&amp;data=05%7C02%7CKees.Lambregts%40novotek.com%7C68fd8ca406254f7fcdf308dd1eb4c23c%7C8d201d2f3e654bf2a14e10ae1fb575e4%7C0%7C0%7C638700483905629808%7CUnknown%7CTWFpbGZsb3d8eyJFbXB0eU1hcGkiOnRydWUsIlYiOiIwLjAuMDAwMCIsIlAiOiJXaW4zMiIsIkFOIjoiTWFpbCIsIldUIjoyfQ%3D%3D%7C0%7C%7C%7C&amp;sdata=dZkIdunOrmJRJvzAo8TA5LpytSYoRRQeNHKfJ8GoLXM%3D&amp;reserved=0\">https:\/\/supportdesk.win911.com\/s\/<\/a><\/p>\n<\/div><div class=\"container-md paragraph  \">\n<p>Dans la plupart des cas, Novotek est inform\u00e9 par le fournisseur qu&rsquo;un cas d&rsquo;assistance a \u00e9t\u00e9 cr\u00e9\u00e9 par l&rsquo;un de nos clients et peut intervenir pendant les heures d&rsquo;ouverture si n\u00e9cessaire.<\/p>\n<\/div><div class=\"container-md image  \">\n<figure class=\"wp-block-image size-full\"><img loading=\"lazy\" decoding=\"async\" width=\"1024\" height=\"427\" src=\"https:\/\/www.novotek.com\/be\/wp-content\/uploads\/sites\/9\/Contact\/Bedankt_1920x800-1024x427-1.jpg\" alt=\"\" class=\"wp-image-14817\" srcset=\"https:\/\/www.novotek.com\/be\/wp-content\/uploads\/sites\/9\/Contact\/Bedankt_1920x800-1024x427-1.jpg 1024w, https:\/\/www.novotek.com\/be\/wp-content\/uploads\/sites\/9\/Contact\/Bedankt_1920x800-1024x427-1-300x125.jpg 300w, https:\/\/www.novotek.com\/be\/wp-content\/uploads\/sites\/9\/Contact\/Bedankt_1920x800-1024x427-1-768x320.jpg 768w\" sizes=\"auto, (max-width: 1024px) 100vw, 1024px\" \/><\/figure>\n<\/div>","protected":false},"excerpt":{"rendered":"<p>Soutien en dehors des heures de bureau En l&rsquo;absence d&rsquo;une assistance locale de Novotek &#8211; en dehors des heures de bureau, les week-ends et les jours f\u00e9ri\u00e9s &#8211; vous pouvez demander une assistance produit directement sur ces sites avec un contrat de maintenance valide du fournisseur respectif : GE Vernova Aller \u00e0 ttps:\/\/digitalsupport.ge.com\/s\/?language=en_US AMDT Aller [&hellip;]<\/p>\n","protected":false},"author":13,"featured_media":0,"parent":0,"menu_order":0,"comment_status":"closed","ping_status":"closed","template":"","meta":{"_acf_changed":false,"_relevanssi_hide_post":"","_relevanssi_pin_for_all":"","_relevanssi_pin_keywords":"","_relevanssi_unpin_keywords":"","_relevanssi_related_keywords":"","_relevanssi_related_include_ids":"","_relevanssi_related_exclude_ids":"","_relevanssi_related_no_append":"","_relevanssi_related_not_related":"","_relevanssi_related_posts":"6327,6323,6337","_relevanssi_noindex_reason":"","footnotes":""},"class_list":["post-15941","page","type-page","status-publish","hentry"],"acf":[],"yoast_head":"<!-- This site is optimized with the Yoast SEO plugin v27.4 - https:\/\/yoast.com\/product\/yoast-seo-wordpress\/ -->\n<title>Soutien en dehors des heures de bureau - Novotek Belgium<\/title>\n<meta name=\"robots\" content=\"index, follow, max-snippet:-1, max-image-preview:large, max-video-preview:-1\" \/>\n<link rel=\"canonical\" href=\"https:\/\/www.novotek.com\/be\/fr\/soutien-en-dehors-des-heures-de-bureau\/\" \/>\n<meta property=\"og:locale\" content=\"fr_FR\" \/>\n<meta property=\"og:type\" content=\"article\" \/>\n<meta property=\"og:title\" content=\"Soutien en dehors des heures de bureau - Novotek Belgium\" \/>\n<meta property=\"og:description\" content=\"Soutien en dehors des heures de bureau En l&rsquo;absence d&rsquo;une assistance locale de Novotek &#8211; en dehors des heures de bureau, les week-ends et les jours f\u00e9ri\u00e9s &#8211; vous pouvez demander une assistance produit directement sur ces sites avec un contrat de maintenance valide du fournisseur respectif : GE Vernova Aller \u00e0 ttps:\/\/digitalsupport.ge.com\/s\/?language=en_US AMDT Aller [&hellip;]\" \/>\n<meta property=\"og:url\" content=\"https:\/\/www.novotek.com\/be\/fr\/soutien-en-dehors-des-heures-de-bureau\/\" \/>\n<meta property=\"og:site_name\" content=\"Novotek Belgium\" \/>\n<meta property=\"article:modified_time\" content=\"2025-02-17T15:46:45+00:00\" \/>\n<meta property=\"og:image\" content=\"https:\/\/www.novotek.com\/be\/wp-content\/uploads\/sites\/9\/Contact\/Bedankt_1920x800-1024x427-1.jpg.webp\" \/>\n\t<meta property=\"og:image:width\" content=\"1024\" \/>\n\t<meta property=\"og:image:height\" content=\"427\" \/>\n\t<meta property=\"og:image:type\" content=\"image\/jpeg\" \/>\n<meta name=\"twitter:card\" content=\"summary_large_image\" \/>\n<meta name=\"twitter:label1\" content=\"Dur\u00e9e de lecture est.\" \/>\n\t<meta name=\"twitter:data1\" content=\"1 minute\" \/>\n<script type=\"application\/ld+json\" class=\"yoast-schema-graph\">{\"@context\":\"https:\\\/\\\/schema.org\",\"@graph\":[{\"@type\":\"WebPage\",\"@id\":\"https:\\\/\\\/www.novotek.com\\\/be\\\/fr\\\/soutien-en-dehors-des-heures-de-bureau\\\/\",\"url\":\"https:\\\/\\\/www.novotek.com\\\/be\\\/fr\\\/soutien-en-dehors-des-heures-de-bureau\\\/\",\"name\":\"Soutien en dehors des heures de bureau - Novotek Belgium\",\"isPartOf\":{\"@id\":\"https:\\\/\\\/www.novotek.com\\\/be\\\/#website\"},\"primaryImageOfPage\":{\"@id\":\"https:\\\/\\\/www.novotek.com\\\/be\\\/fr\\\/soutien-en-dehors-des-heures-de-bureau\\\/#primaryimage\"},\"image\":{\"@id\":\"https:\\\/\\\/www.novotek.com\\\/be\\\/fr\\\/soutien-en-dehors-des-heures-de-bureau\\\/#primaryimage\"},\"thumbnailUrl\":\"https:\\\/\\\/www.novotek.com\\\/be\\\/wp-content\\\/uploads\\\/sites\\\/9\\\/Contact\\\/Bedankt_1920x800-1024x427-1.jpg\",\"datePublished\":\"2025-02-17T15:44:52+00:00\",\"dateModified\":\"2025-02-17T15:46:45+00:00\",\"breadcrumb\":{\"@id\":\"https:\\\/\\\/www.novotek.com\\\/be\\\/fr\\\/soutien-en-dehors-des-heures-de-bureau\\\/#breadcrumb\"},\"inLanguage\":\"fr-BE\",\"potentialAction\":[{\"@type\":\"ReadAction\",\"target\":[\"https:\\\/\\\/www.novotek.com\\\/be\\\/fr\\\/soutien-en-dehors-des-heures-de-bureau\\\/\"]}]},{\"@type\":\"ImageObject\",\"inLanguage\":\"fr-BE\",\"@id\":\"https:\\\/\\\/www.novotek.com\\\/be\\\/fr\\\/soutien-en-dehors-des-heures-de-bureau\\\/#primaryimage\",\"url\":\"https:\\\/\\\/www.novotek.com\\\/be\\\/wp-content\\\/uploads\\\/sites\\\/9\\\/Contact\\\/Bedankt_1920x800-1024x427-1.jpg\",\"contentUrl\":\"https:\\\/\\\/www.novotek.com\\\/be\\\/wp-content\\\/uploads\\\/sites\\\/9\\\/Contact\\\/Bedankt_1920x800-1024x427-1.jpg\"},{\"@type\":\"BreadcrumbList\",\"@id\":\"https:\\\/\\\/www.novotek.com\\\/be\\\/fr\\\/soutien-en-dehors-des-heures-de-bureau\\\/#breadcrumb\",\"itemListElement\":[{\"@type\":\"ListItem\",\"position\":1,\"name\":\"Home\",\"item\":\"https:\\\/\\\/www.novotek.com\\\/be\\\/fr\\\/\"},{\"@type\":\"ListItem\",\"position\":2,\"name\":\"Soutien en dehors des heures de bureau\"}]},{\"@type\":\"WebSite\",\"@id\":\"https:\\\/\\\/www.novotek.com\\\/be\\\/#website\",\"url\":\"https:\\\/\\\/www.novotek.com\\\/be\\\/\",\"name\":\"Novotek Belgium\",\"description\":\"Connecter, Mod\u00e9liser, Archiver, Visualiser, Optimiser\",\"potentialAction\":[{\"@type\":\"SearchAction\",\"target\":{\"@type\":\"EntryPoint\",\"urlTemplate\":\"https:\\\/\\\/www.novotek.com\\\/be\\\/?s={search_term_string}\"},\"query-input\":{\"@type\":\"PropertyValueSpecification\",\"valueRequired\":true,\"valueName\":\"search_term_string\"}}],\"inLanguage\":\"fr-BE\"}]}<\/script>\n<!-- \/ Yoast SEO plugin. -->","yoast_head_json":{"title":"Soutien en dehors des heures de bureau - Novotek Belgium","robots":{"index":"index","follow":"follow","max-snippet":"max-snippet:-1","max-image-preview":"max-image-preview:large","max-video-preview":"max-video-preview:-1"},"canonical":"https:\/\/www.novotek.com\/be\/fr\/soutien-en-dehors-des-heures-de-bureau\/","og_locale":"fr_FR","og_type":"article","og_title":"Soutien en dehors des heures de bureau - Novotek Belgium","og_description":"Soutien en dehors des heures de bureau En l&rsquo;absence d&rsquo;une assistance locale de Novotek &#8211; en dehors des heures de bureau, les week-ends et les jours f\u00e9ri\u00e9s &#8211; vous pouvez demander une assistance produit directement sur ces sites avec un contrat de maintenance valide du fournisseur respectif : GE Vernova Aller \u00e0 ttps:\/\/digitalsupport.ge.com\/s\/?language=en_US AMDT Aller [&hellip;]","og_url":"https:\/\/www.novotek.com\/be\/fr\/soutien-en-dehors-des-heures-de-bureau\/","og_site_name":"Novotek Belgium","article_modified_time":"2025-02-17T15:46:45+00:00","og_image":[{"width":1024,"height":427,"url":"https:\/\/www.novotek.com\/be\/wp-content\/uploads\/sites\/9\/Contact\/Bedankt_1920x800-1024x427-1.jpg.webp","type":"image\/jpeg"}],"twitter_card":"summary_large_image","twitter_misc":{"Dur\u00e9e de lecture est.":"1 minute"},"schema":{"@context":"https:\/\/schema.org","@graph":[{"@type":"WebPage","@id":"https:\/\/www.novotek.com\/be\/fr\/soutien-en-dehors-des-heures-de-bureau\/","url":"https:\/\/www.novotek.com\/be\/fr\/soutien-en-dehors-des-heures-de-bureau\/","name":"Soutien en dehors des heures de bureau - Novotek Belgium","isPartOf":{"@id":"https:\/\/www.novotek.com\/be\/#website"},"primaryImageOfPage":{"@id":"https:\/\/www.novotek.com\/be\/fr\/soutien-en-dehors-des-heures-de-bureau\/#primaryimage"},"image":{"@id":"https:\/\/www.novotek.com\/be\/fr\/soutien-en-dehors-des-heures-de-bureau\/#primaryimage"},"thumbnailUrl":"https:\/\/www.novotek.com\/be\/wp-content\/uploads\/sites\/9\/Contact\/Bedankt_1920x800-1024x427-1.jpg","datePublished":"2025-02-17T15:44:52+00:00","dateModified":"2025-02-17T15:46:45+00:00","breadcrumb":{"@id":"https:\/\/www.novotek.com\/be\/fr\/soutien-en-dehors-des-heures-de-bureau\/#breadcrumb"},"inLanguage":"fr-BE","potentialAction":[{"@type":"ReadAction","target":["https:\/\/www.novotek.com\/be\/fr\/soutien-en-dehors-des-heures-de-bureau\/"]}]},{"@type":"ImageObject","inLanguage":"fr-BE","@id":"https:\/\/www.novotek.com\/be\/fr\/soutien-en-dehors-des-heures-de-bureau\/#primaryimage","url":"https:\/\/www.novotek.com\/be\/wp-content\/uploads\/sites\/9\/Contact\/Bedankt_1920x800-1024x427-1.jpg","contentUrl":"https:\/\/www.novotek.com\/be\/wp-content\/uploads\/sites\/9\/Contact\/Bedankt_1920x800-1024x427-1.jpg"},{"@type":"BreadcrumbList","@id":"https:\/\/www.novotek.com\/be\/fr\/soutien-en-dehors-des-heures-de-bureau\/#breadcrumb","itemListElement":[{"@type":"ListItem","position":1,"name":"Home","item":"https:\/\/www.novotek.com\/be\/fr\/"},{"@type":"ListItem","position":2,"name":"Soutien en dehors des heures de bureau"}]},{"@type":"WebSite","@id":"https:\/\/www.novotek.com\/be\/#website","url":"https:\/\/www.novotek.com\/be\/","name":"Novotek Belgium","description":"Connecter, Mod\u00e9liser, Archiver, Visualiser, Optimiser","potentialAction":[{"@type":"SearchAction","target":{"@type":"EntryPoint","urlTemplate":"https:\/\/www.novotek.com\/be\/?s={search_term_string}"},"query-input":{"@type":"PropertyValueSpecification","valueRequired":true,"valueName":"search_term_string"}}],"inLanguage":"fr-BE"}]}},"_links":{"self":[{"href":"https:\/\/www.novotek.com\/be\/fr\/wp-json\/wp\/v2\/pages\/15941","targetHints":{"allow":["GET"]}}],"collection":[{"href":"https:\/\/www.novotek.com\/be\/fr\/wp-json\/wp\/v2\/pages"}],"about":[{"href":"https:\/\/www.novotek.com\/be\/fr\/wp-json\/wp\/v2\/types\/page"}],"author":[{"embeddable":true,"href":"https:\/\/www.novotek.com\/be\/fr\/wp-json\/wp\/v2\/users\/13"}],"replies":[{"embeddable":true,"href":"https:\/\/www.novotek.com\/be\/fr\/wp-json\/wp\/v2\/comments?post=15941"}],"version-history":[{"count":3,"href":"https:\/\/www.novotek.com\/be\/fr\/wp-json\/wp\/v2\/pages\/15941\/revisions"}],"predecessor-version":[{"id":15944,"href":"https:\/\/www.novotek.com\/be\/fr\/wp-json\/wp\/v2\/pages\/15941\/revisions\/15944"}],"wp:attachment":[{"href":"https:\/\/www.novotek.com\/be\/fr\/wp-json\/wp\/v2\/media?parent=15941"}],"curies":[{"name":"wp","href":"https:\/\/api.w.org\/{rel}","templated":true}]}}