{"id":17038,"date":"2025-04-03T14:29:41","date_gmt":"2025-04-03T13:29:41","guid":{"rendered":"https:\/\/www.novotek.com\/be\/merci-pour-votre-message\/"},"modified":"2025-04-03T14:48:50","modified_gmt":"2025-04-03T13:48:50","slug":"merci-pour-votre-message","status":"publish","type":"page","link":"https:\/\/www.novotek.com\/be\/fr\/merci-pour-votre-message\/","title":{"rendered":"Merci pour votre message"},"content":{"rendered":"<div class=\"container-md heading  \">\n<h2 class=\"wp-block-heading\">Nous vous remercions de votre int\u00e9r\u00eat.<\/h2>\n<\/div>\n\n<div class=\"container-md paragraph  \">\n<p>Votre message a bien \u00e9t\u00e9 re\u00e7u et nous vous contacterons dans les plus brefs d\u00e9lais.<\/p>\n<\/div>\n\n<div class=\"container-md image  \">\n<figure class=\"wp-block-image size-full\"><img loading=\"lazy\" decoding=\"async\" width=\"1024\" height=\"427\" src=\"https:\/\/www.novotek.com\/be\/wp-content\/uploads\/sites\/9\/Contact\/Bedankt_1920x800-1024x427-1.jpg\" alt=\"\" class=\"wp-image-14817\" srcset=\"https:\/\/www.novotek.com\/be\/wp-content\/uploads\/sites\/9\/Contact\/Bedankt_1920x800-1024x427-1.jpg 1024w, https:\/\/www.novotek.com\/be\/wp-content\/uploads\/sites\/9\/Contact\/Bedankt_1920x800-1024x427-1-300x125.jpg 300w, https:\/\/www.novotek.com\/be\/wp-content\/uploads\/sites\/9\/Contact\/Bedankt_1920x800-1024x427-1-768x320.jpg 768w\" sizes=\"auto, (max-width: 1024px) 100vw, 1024px\" \/><\/figure>\n<\/div>\n\n<div class=\"container-md heading  \">\n<h4 class=\"wp-block-heading\"><\/h4>\n<\/div>\n\n<div class=\"container-md columns  \">\n<div class=\"wp-block-columns is-layout-flex wp-container-core-columns-is-layout-9d6595d7 wp-block-columns-is-layout-flex\"><div class=\"container-md column  \">\n<div class=\"wp-block-column is-layout-flow wp-block-column-is-layout-flow\"><div class=\"container-md heading  \">\n<h4 class=\"wp-block-heading\">Novotek Netherlands<\/h4>\n<\/div>\n\n<div class=\"container-md paragraph  \">\n<p>Paardeweide 2<br>4824 EH Breda<br>Pays-Bas<\/p>\n<\/div>\n\n<div class=\"container-md paragraph  \">\n<p>info.benelux@novotek.com<\/p>\n<\/div>\n\n<div class=\"container-md paragraph  \">\n<p><a href=\"tel:+31-076-5871010\">Phone: +31-076-587 10 10<\/a><\/p>\n<\/div><\/div>\n<\/div>\n\n<div class=\"container-md column  \">\n<div class=\"wp-block-column is-layout-flow wp-block-column-is-layout-flow\"><div class=\"container-md heading  \">\n<h4 class=\"wp-block-heading\">Novotek Belgium<\/h4>\n<\/div>\n\n<div class=\"container-md paragraph  \">\n<p>Mechelsesteenweg 277<br>1800 Vilvoorde<br>Belgique<\/p>\n<\/div>\n\n<div class=\"container-md paragraph  \">\n<p>info.benelux@novotek.com<\/p>\n<\/div>\n\n<div class=\"container-md paragraph  \">\n<p><a href=\"tel:+32-0-2-254 85 50\">Phone: +32-0-2-254 85 50<\/a><\/p>\n<\/div><\/div>\n<\/div><\/div>\n<\/div>\n\n<div class=\"slider-column-parent smaller-images\">\n  <div class=\"container\">\n    <div class=\"slider-column-title\">Insights<\/div>\n\n    <div class=\"slider-column\">\n      <div class=\"slider-cell carousel-cell large\">\n<article class=\"box large\">\n  <a href=\"https:\/\/www.novotek.com\/be\/fr\/insight\/opc-ua-explique\/\">\n    <div class=\"image\">\n              <img loading=\"lazy\" decoding=\"async\" width=\"392\" height=\"300\" src=\"https:\/\/www.novotek.com\/be\/wp-content\/uploads\/sites\/9\/INSIGHT\/OPC_OPCUA_uitgelegd_Novotek_Benelux_392x300_BW.jpg\" class=\"attachment-large size-large\" alt=\"OPC UA en OPC Uitgelegd\" srcset=\"https:\/\/www.novotek.com\/be\/wp-content\/uploads\/sites\/9\/INSIGHT\/OPC_OPCUA_uitgelegd_Novotek_Benelux_392x300_BW.jpg 392w, https:\/\/www.novotek.com\/be\/wp-content\/uploads\/sites\/9\/INSIGHT\/OPC_OPCUA_uitgelegd_Novotek_Benelux_392x300_BW-300x230.jpg 300w\" sizes=\"auto, (max-width: 392px) 100vw, 392px\" \/>          <\/div>\n\n    <div>\n      \n              <h4>OPC UA expliqu\u00e9<\/h4>\n      \n          <\/div>\n  <\/a>\n<\/article>\n<\/div><div class=\"slider-cell carousel-cell large\">\n<article class=\"box large\">\n  <a href=\"https:\/\/www.novotek.com\/be\/fr\/insight\/7-avantages-de-loee-dans-lindustrie-alimentaire\/\">\n    <div class=\"image\">\n              <img loading=\"lazy\" decoding=\"async\" width=\"523\" height=\"400\" src=\"https:\/\/www.novotek.com\/be\/wp-content\/uploads\/sites\/9\/OEE-meten-in-de-voedingsmiddelenindustrie-392x300-1.jpg.webp\" class=\"attachment-large size-large\" alt=\"\" srcset=\"https:\/\/www.novotek.com\/be\/wp-content\/uploads\/sites\/9\/OEE-meten-in-de-voedingsmiddelenindustrie-392x300-1.jpg.webp 523w, https:\/\/www.novotek.com\/be\/wp-content\/uploads\/sites\/9\/OEE-meten-in-de-voedingsmiddelenindustrie-392x300-1-300x229.jpg.webp 300w, https:\/\/www.novotek.com\/be\/wp-content\/uploads\/sites\/9\/OEE-meten-in-de-voedingsmiddelenindustrie-392x300-1-86x66.jpg.webp 86w, https:\/\/www.novotek.com\/be\/wp-content\/uploads\/sites\/9\/OEE-meten-in-de-voedingsmiddelenindustrie-392x300-1-306x234.jpg.webp 306w\" sizes=\"auto, (max-width: 523px) 100vw, 523px\" \/>          <\/div>\n\n    <div>\n      \n              <h4>7 avantages de l&rsquo;OEE dans l&rsquo;industrie alimentaire.<\/h4>\n      \n          <\/div>\n  <\/a>\n<\/article>\n<\/div>    <\/div>\n  <\/div>\n<\/div>\n\n","protected":false},"excerpt":{"rendered":"<p>Nous vous remercions de votre int\u00e9r\u00eat. Votre message a bien \u00e9t\u00e9 re\u00e7u et nous vous contacterons dans les plus brefs d\u00e9lais. Novotek Netherlands Paardeweide 24824 EH BredaPays-Bas info.benelux@novotek.com Phone: +31-076-587 10 10 Novotek Belgium Mechelsesteenweg 2771800 VilvoordeBelgique info.benelux@novotek.com Phone: +32-0-2-254 85 50<\/p>\n","protected":false},"author":5,"featured_media":0,"parent":0,"menu_order":0,"comment_status":"closed","ping_status":"closed","template":"","meta":{"_acf_changed":false,"_relevanssi_hide_post":"","_relevanssi_pin_for_all":"","_relevanssi_pin_keywords":"","_relevanssi_unpin_keywords":"","_relevanssi_related_keywords":"","_relevanssi_related_include_ids":"","_relevanssi_related_exclude_ids":"","_relevanssi_related_no_append":"","_relevanssi_related_not_related":"","_relevanssi_related_posts":"16676,16601,16629","_relevanssi_noindex_reason":"","footnotes":""},"class_list":["post-17038","page","type-page","status-publish","hentry"],"acf":[],"yoast_head":"<!-- This site is optimized with the Yoast SEO plugin v27.5 - https:\/\/yoast.com\/product\/yoast-seo-wordpress\/ -->\n<title>Merci pour votre message - Novotek Belgium<\/title>\n<meta name=\"robots\" content=\"index, follow, max-snippet:-1, max-image-preview:large, max-video-preview:-1\" \/>\n<link rel=\"canonical\" href=\"https:\/\/www.novotek.com\/be\/fr\/merci-pour-votre-message\/\" \/>\n<meta property=\"og:locale\" content=\"fr_FR\" \/>\n<meta property=\"og:type\" content=\"article\" \/>\n<meta property=\"og:title\" content=\"Merci pour votre message - Novotek Belgium\" \/>\n<meta property=\"og:description\" content=\"Nous vous remercions de votre int\u00e9r\u00eat. Votre message a bien \u00e9t\u00e9 re\u00e7u et nous vous contacterons dans les plus brefs d\u00e9lais. Novotek Netherlands Paardeweide 24824 EH BredaPays-Bas info.benelux@novotek.com Phone: +31-076-587 10 10 Novotek Belgium Mechelsesteenweg 2771800 VilvoordeBelgique info.benelux@novotek.com Phone: +32-0-2-254 85 50\" \/>\n<meta property=\"og:url\" content=\"https:\/\/www.novotek.com\/be\/fr\/merci-pour-votre-message\/\" \/>\n<meta property=\"og:site_name\" content=\"Novotek Belgium\" \/>\n<meta property=\"article:modified_time\" content=\"2025-04-03T13:48:50+00:00\" \/>\n<meta property=\"og:image\" content=\"https:\/\/www.novotek.com\/be\/wp-content\/uploads\/sites\/9\/Contact\/Bedankt_1920x800-1024x427-1.jpg.webp\" \/>\n\t<meta property=\"og:image:width\" content=\"1024\" \/>\n\t<meta property=\"og:image:height\" content=\"427\" \/>\n\t<meta property=\"og:image:type\" content=\"image\/jpeg\" \/>\n<meta name=\"twitter:card\" content=\"summary_large_image\" \/>\n<meta name=\"twitter:label1\" content=\"Dur\u00e9e de lecture est.\" \/>\n\t<meta name=\"twitter:data1\" content=\"1 minute\" \/>\n<script type=\"application\/ld+json\" class=\"yoast-schema-graph\">{\"@context\":\"https:\\\/\\\/schema.org\",\"@graph\":[{\"@type\":\"WebPage\",\"@id\":\"https:\\\/\\\/www.novotek.com\\\/be\\\/fr\\\/merci-pour-votre-message\\\/\",\"url\":\"https:\\\/\\\/www.novotek.com\\\/be\\\/fr\\\/merci-pour-votre-message\\\/\",\"name\":\"Merci pour votre message - Novotek Belgium\",\"isPartOf\":{\"@id\":\"https:\\\/\\\/www.novotek.com\\\/be\\\/#website\"},\"primaryImageOfPage\":{\"@id\":\"https:\\\/\\\/www.novotek.com\\\/be\\\/fr\\\/merci-pour-votre-message\\\/#primaryimage\"},\"image\":{\"@id\":\"https:\\\/\\\/www.novotek.com\\\/be\\\/fr\\\/merci-pour-votre-message\\\/#primaryimage\"},\"thumbnailUrl\":\"https:\\\/\\\/www.novotek.com\\\/be\\\/wp-content\\\/uploads\\\/sites\\\/9\\\/Contact\\\/Bedankt_1920x800-1024x427-1.jpg\",\"datePublished\":\"2025-04-03T13:29:41+00:00\",\"dateModified\":\"2025-04-03T13:48:50+00:00\",\"breadcrumb\":{\"@id\":\"https:\\\/\\\/www.novotek.com\\\/be\\\/fr\\\/merci-pour-votre-message\\\/#breadcrumb\"},\"inLanguage\":\"fr-BE\",\"potentialAction\":[{\"@type\":\"ReadAction\",\"target\":[\"https:\\\/\\\/www.novotek.com\\\/be\\\/fr\\\/merci-pour-votre-message\\\/\"]}]},{\"@type\":\"ImageObject\",\"inLanguage\":\"fr-BE\",\"@id\":\"https:\\\/\\\/www.novotek.com\\\/be\\\/fr\\\/merci-pour-votre-message\\\/#primaryimage\",\"url\":\"https:\\\/\\\/www.novotek.com\\\/be\\\/wp-content\\\/uploads\\\/sites\\\/9\\\/Contact\\\/Bedankt_1920x800-1024x427-1.jpg\",\"contentUrl\":\"https:\\\/\\\/www.novotek.com\\\/be\\\/wp-content\\\/uploads\\\/sites\\\/9\\\/Contact\\\/Bedankt_1920x800-1024x427-1.jpg\"},{\"@type\":\"BreadcrumbList\",\"@id\":\"https:\\\/\\\/www.novotek.com\\\/be\\\/fr\\\/merci-pour-votre-message\\\/#breadcrumb\",\"itemListElement\":[{\"@type\":\"ListItem\",\"position\":1,\"name\":\"Home\",\"item\":\"https:\\\/\\\/www.novotek.com\\\/be\\\/fr\\\/\"},{\"@type\":\"ListItem\",\"position\":2,\"name\":\"Merci pour votre message\"}]},{\"@type\":\"WebSite\",\"@id\":\"https:\\\/\\\/www.novotek.com\\\/be\\\/#website\",\"url\":\"https:\\\/\\\/www.novotek.com\\\/be\\\/\",\"name\":\"Novotek Belgium\",\"description\":\"Connecter, Mod\u00e9liser, Archiver, Visualiser, Optimiser\",\"potentialAction\":[{\"@type\":\"SearchAction\",\"target\":{\"@type\":\"EntryPoint\",\"urlTemplate\":\"https:\\\/\\\/www.novotek.com\\\/be\\\/?s={search_term_string}\"},\"query-input\":{\"@type\":\"PropertyValueSpecification\",\"valueRequired\":true,\"valueName\":\"search_term_string\"}}],\"inLanguage\":\"fr-BE\"}]}<\/script>\n<!-- \/ Yoast SEO plugin. -->","yoast_head_json":{"title":"Merci pour votre message - Novotek Belgium","robots":{"index":"index","follow":"follow","max-snippet":"max-snippet:-1","max-image-preview":"max-image-preview:large","max-video-preview":"max-video-preview:-1"},"canonical":"https:\/\/www.novotek.com\/be\/fr\/merci-pour-votre-message\/","og_locale":"fr_FR","og_type":"article","og_title":"Merci pour votre message - Novotek Belgium","og_description":"Nous vous remercions de votre int\u00e9r\u00eat. Votre message a bien \u00e9t\u00e9 re\u00e7u et nous vous contacterons dans les plus brefs d\u00e9lais. Novotek Netherlands Paardeweide 24824 EH BredaPays-Bas info.benelux@novotek.com Phone: +31-076-587 10 10 Novotek Belgium Mechelsesteenweg 2771800 VilvoordeBelgique info.benelux@novotek.com Phone: +32-0-2-254 85 50","og_url":"https:\/\/www.novotek.com\/be\/fr\/merci-pour-votre-message\/","og_site_name":"Novotek Belgium","article_modified_time":"2025-04-03T13:48:50+00:00","og_image":[{"width":1024,"height":427,"url":"https:\/\/www.novotek.com\/be\/wp-content\/uploads\/sites\/9\/Contact\/Bedankt_1920x800-1024x427-1.jpg.webp","type":"image\/jpeg"}],"twitter_card":"summary_large_image","twitter_misc":{"Dur\u00e9e de lecture est.":"1 minute"},"schema":{"@context":"https:\/\/schema.org","@graph":[{"@type":"WebPage","@id":"https:\/\/www.novotek.com\/be\/fr\/merci-pour-votre-message\/","url":"https:\/\/www.novotek.com\/be\/fr\/merci-pour-votre-message\/","name":"Merci pour votre message - Novotek Belgium","isPartOf":{"@id":"https:\/\/www.novotek.com\/be\/#website"},"primaryImageOfPage":{"@id":"https:\/\/www.novotek.com\/be\/fr\/merci-pour-votre-message\/#primaryimage"},"image":{"@id":"https:\/\/www.novotek.com\/be\/fr\/merci-pour-votre-message\/#primaryimage"},"thumbnailUrl":"https:\/\/www.novotek.com\/be\/wp-content\/uploads\/sites\/9\/Contact\/Bedankt_1920x800-1024x427-1.jpg","datePublished":"2025-04-03T13:29:41+00:00","dateModified":"2025-04-03T13:48:50+00:00","breadcrumb":{"@id":"https:\/\/www.novotek.com\/be\/fr\/merci-pour-votre-message\/#breadcrumb"},"inLanguage":"fr-BE","potentialAction":[{"@type":"ReadAction","target":["https:\/\/www.novotek.com\/be\/fr\/merci-pour-votre-message\/"]}]},{"@type":"ImageObject","inLanguage":"fr-BE","@id":"https:\/\/www.novotek.com\/be\/fr\/merci-pour-votre-message\/#primaryimage","url":"https:\/\/www.novotek.com\/be\/wp-content\/uploads\/sites\/9\/Contact\/Bedankt_1920x800-1024x427-1.jpg","contentUrl":"https:\/\/www.novotek.com\/be\/wp-content\/uploads\/sites\/9\/Contact\/Bedankt_1920x800-1024x427-1.jpg"},{"@type":"BreadcrumbList","@id":"https:\/\/www.novotek.com\/be\/fr\/merci-pour-votre-message\/#breadcrumb","itemListElement":[{"@type":"ListItem","position":1,"name":"Home","item":"https:\/\/www.novotek.com\/be\/fr\/"},{"@type":"ListItem","position":2,"name":"Merci pour votre message"}]},{"@type":"WebSite","@id":"https:\/\/www.novotek.com\/be\/#website","url":"https:\/\/www.novotek.com\/be\/","name":"Novotek Belgium","description":"Connecter, Mod\u00e9liser, Archiver, Visualiser, Optimiser","potentialAction":[{"@type":"SearchAction","target":{"@type":"EntryPoint","urlTemplate":"https:\/\/www.novotek.com\/be\/?s={search_term_string}"},"query-input":{"@type":"PropertyValueSpecification","valueRequired":true,"valueName":"search_term_string"}}],"inLanguage":"fr-BE"}]}},"_links":{"self":[{"href":"https:\/\/www.novotek.com\/be\/fr\/wp-json\/wp\/v2\/pages\/17038","targetHints":{"allow":["GET"]}}],"collection":[{"href":"https:\/\/www.novotek.com\/be\/fr\/wp-json\/wp\/v2\/pages"}],"about":[{"href":"https:\/\/www.novotek.com\/be\/fr\/wp-json\/wp\/v2\/types\/page"}],"author":[{"embeddable":true,"href":"https:\/\/www.novotek.com\/be\/fr\/wp-json\/wp\/v2\/users\/5"}],"replies":[{"embeddable":true,"href":"https:\/\/www.novotek.com\/be\/fr\/wp-json\/wp\/v2\/comments?post=17038"}],"version-history":[{"count":8,"href":"https:\/\/www.novotek.com\/be\/fr\/wp-json\/wp\/v2\/pages\/17038\/revisions"}],"predecessor-version":[{"id":17050,"href":"https:\/\/www.novotek.com\/be\/fr\/wp-json\/wp\/v2\/pages\/17038\/revisions\/17050"}],"wp:attachment":[{"href":"https:\/\/www.novotek.com\/be\/fr\/wp-json\/wp\/v2\/media?parent=17038"}],"curies":[{"name":"wp","href":"https:\/\/api.w.org\/{rel}","templated":true}]}}